{"id":5180,"date":"2024-05-21T06:14:16","date_gmt":"2024-05-21T03:14:16","guid":{"rendered":"https:\/\/jak.fi\/waehlen-sie-den-besten-energy-grabber-auf-dem-markt-jak-energy-grabber\/"},"modified":"2025-06-11T15:32:14","modified_gmt":"2025-06-11T12:32:14","slug":"waehlen-sie-den-besten-energy-grabber-auf-dem-markt-jak-energy-grabber","status":"publish","type":"page","link":"https:\/\/jak.fi\/de\/","title":{"rendered":"JAK F\u00e4llgreifer &#8211; W\u00e4hlen Sie den besten F\u00e4llgreifer auf dem Markt"},"content":{"rendered":"\n<h2 class=\"wp-block-heading has-text-align-center\">Warum JAK F\u00e4llgreifer w\u00e4hlen?<\/h2>\n\n\n\n<p class=\"has-text-align-center has-blue-color has-text-color has-link-color has-medium-font-size wp-elements-baef70b9e7645c9fec88bed592a53036\">JAK F\u00e4llgreifer bietet qualitativ hochwertige und langlebige Energiegreifer f\u00fcr Bagger, Lader, Radlader, Traktoren und Forstmaschinen. Diese F\u00e4llgreifer sind als effizientes Werkzeug f\u00fcr F\u00e4ll-, R\u00e4um- und andere Holzarbeiten konzipiert. In unserem Sortiment finden Sie verschiedene Gr\u00f6\u00dfen und Modelle, die f\u00fcr unterschiedliche Maschinengr\u00f6\u00dfen und Aufgaben geeignet sind. Au\u00dferdem bieten wir ein komplettes Sortiment an Zubeh\u00f6r und ma\u00dfgeschneiderten Speziall\u00f6sungen, die das Holzf\u00e4llen reibungsloser und produktiver machen. Lesen Sie mehr und finden Sie den richtigen F\u00e4llgreifer f\u00fcr Ihren Bedarf!<\/p>\n\n\n\n<div style=\"height:100px\" aria-hidden=\"true\" class=\"wp-block-spacer\"><\/div>\n\n\n\n<div class=\"wp-block-columns is-layout-flex wp-container-core-columns-is-layout-9d6595d7 wp-block-columns-is-layout-flex\">\n<div class=\"wp-block-column is-layout-flow wp-block-column-is-layout-flow\">\n<div class=\"wp-block-columns is-layout-flex wp-container-core-columns-is-layout-9d6595d7 wp-block-columns-is-layout-flex\">\n<div class=\"wp-block-column is-layout-flow wp-block-column-is-layout-flow\"><div class=\"wp-block-image\">\n<figure class=\"aligncenter size-full\"><img loading=\"lazy\" decoding=\"async\" width=\"72\" height=\"72\" src=\"https:\/\/jak.fi\/wp-content\/uploads\/2024\/06\/luokkansa-nopein.png\" alt=\"Tachometer-Symbol zur Anzeige der Geschwindigkeit des F\u00e4llgreifers\" class=\"wp-image-858\"\/><\/figure>\n<\/div>\n\n\n<p class=\"has-text-align-center has-blue-color has-text-color has-link-color wp-elements-946e2c77606746bec97c821e8c894563\"><strong>Immer der Schnellste in seiner Klasse.  <br><\/strong>eBoost\u00ae erh\u00f6ht die Geschwindigkeit des F\u00e4llgreifers um bis zu 100 %.<\/p>\n<\/div>\n\n\n\n<div class=\"wp-block-column is-layout-flow wp-block-column-is-layout-flow\"><div class=\"wp-block-image\">\n<figure class=\"aligncenter size-full\"><img loading=\"lazy\" decoding=\"async\" width=\"70\" height=\"65\" src=\"https:\/\/jak.fi\/wp-content\/uploads\/2024\/06\/paras-takuu.png\" alt=\"Ein F\u00e4llgreifer-Garantie-Symbol mit einem Papier und einem Stift.\" class=\"wp-image-860\"\/><\/figure>\n<\/div>\n\n\n<p class=\"has-text-align-center has-blue-color has-text-color has-link-color wp-elements-3b4784d6a1a2106bbde0998f8e065fb0\"><strong>Die beste Garantie.  <br><\/strong>Getestet unter realen Bedingungen<\/p>\n<\/div>\n<\/div>\n<\/div>\n\n\n\n<div class=\"wp-block-column is-layout-flow wp-block-column-is-layout-flow\">\n<div class=\"wp-block-columns is-layout-flex wp-container-core-columns-is-layout-9d6595d7 wp-block-columns-is-layout-flex\">\n<div class=\"wp-block-column is-layout-flow wp-block-column-is-layout-flow\"><div class=\"wp-block-image\">\n<figure class=\"aligncenter size-full\"><img loading=\"lazy\" decoding=\"async\" width=\"66\" height=\"68\" src=\"https:\/\/jak.fi\/wp-content\/uploads\/2024\/06\/tehty-kestamaan.png\" alt=\"Zertifikat Dokument HIMB Symbol\" class=\"wp-image-864\"\/><\/figure>\n<\/div>\n\n\n<p class=\"has-text-align-center has-blue-color has-text-color has-link-color wp-elements-dfdd8ac42b4020834ed8bd13c828dec2\"><strong>F\u00fcr die Ewigkeit gemacht.  <br><\/strong>Alle unsere Energiegreifer sind HIMB-zertifiziert.<\/p>\n<\/div>\n\n\n\n<div class=\"wp-block-column is-layout-flow wp-block-column-is-layout-flow\"><div class=\"wp-block-image\">\n<figure class=\"aligncenter size-full\"><img loading=\"lazy\" decoding=\"async\" width=\"43\" height=\"75\" src=\"https:\/\/jak.fi\/wp-content\/uploads\/2024\/06\/suomalainen.png\" alt=\"Ein Landkartensymbol von Finnland, um zu zeigen, dass unsere F\u00e4llgreifer in Finnland hergestellt und entwickelt werden.\" class=\"wp-image-862\"\/><\/figure>\n<\/div>\n\n\n<p class=\"has-text-align-center has-blue-color has-text-color has-link-color wp-elements-7ed11162aa550ba8496e042cfe0a78af\"><strong>Finnisch.  <br><\/strong>Entworfen und hergestellt in Finnland<\/p>\n<\/div>\n<\/div>\n<\/div>\n<\/div>\n\n\n\n<div class=\"wp-block-buttons is-content-justification-center is-layout-flex wp-container-core-buttons-is-layout-16018d1d wp-block-buttons-is-layout-flex\">\n<div class=\"wp-block-button is-style-fill\"><a class=\"wp-block-button__link has-white-color has-text-color has-link-color wp-element-button\" href=\"https:\/\/jak.fi\/de\/fallgreifer\/\">Mehr lesen<\/a><\/div>\n<\/div>\n","protected":false},"excerpt":{"rendered":"<p>Warum JAK F\u00e4llgreifer w\u00e4hlen? JAK F\u00e4llgreifer bietet qualitativ hochwertige und langlebige Energiegreifer f\u00fcr Bagger, Lader, Radlader, Traktoren und Forstmaschinen. Diese F\u00e4llgreifer sind als effizientes Werkzeug f\u00fcr F\u00e4ll-, R\u00e4um- und andere Holzarbeiten konzipiert. In unserem Sortiment finden Sie verschiedene Gr\u00f6\u00dfen und Modelle, die f\u00fcr unterschiedliche Maschinengr\u00f6\u00dfen und Aufgaben geeignet sind. Au\u00dferdem bieten wir ein komplettes Sortiment [&hellip;]<\/p>\n","protected":false},"author":1,"featured_media":17146,"parent":0,"menu_order":194,"comment_status":"closed","ping_status":"open","template":"","meta":{"_acf_changed":false,"footnotes":""},"class_list":["post-5180","page","type-page","status-publish","has-post-thumbnail","hentry"],"acf":[],"yoast_head":"<!-- This site is optimized with the Yoast SEO plugin v27.2 - https:\/\/yoast.com\/product\/yoast-seo-wordpress\/ -->\n<title>JAK F\u00e4llgreifer - W\u00e4hlen Sie den besten F\u00e4llgreifer auf dem Markt &#8211; JAK-Metalli Oy<\/title>\n<meta name=\"description\" content=\"JAK F\u00e4llgreifer \u2013 ein leistungsstarker und langlebiger F\u00e4llgreifer f\u00fcr Bagger, Lader und Teleskoplader. Hergestellt in Finnland.\" \/>\n<meta name=\"robots\" content=\"index, follow, max-snippet:-1, max-image-preview:large, max-video-preview:-1\" \/>\n<link rel=\"canonical\" href=\"https:\/\/jak.fi\/de\/\" \/>\n<meta property=\"og:locale\" content=\"de_DE\" \/>\n<meta property=\"og:type\" content=\"article\" \/>\n<meta property=\"og:title\" content=\"JAK F\u00e4llgreifer - W\u00e4hlen Sie den besten F\u00e4llgreifer auf dem Markt &#8211; JAK-Metalli Oy\" \/>\n<meta property=\"og:description\" content=\"JAK F\u00e4llgreifer \u2013 ein leistungsstarker und langlebiger F\u00e4llgreifer f\u00fcr Bagger, Lader und Teleskoplader. Hergestellt in Finnland.\" \/>\n<meta property=\"og:url\" content=\"https:\/\/jak.fi\/de\/\" \/>\n<meta property=\"og:site_name\" content=\"JAK-Metalli Oy\" \/>\n<meta property=\"article:publisher\" content=\"https:\/\/www.facebook.com\/jaktreeshears\" \/>\n<meta property=\"article:modified_time\" content=\"2025-06-11T12:32:14+00:00\" \/>\n<meta property=\"og:image\" content=\"https:\/\/jak.fi\/wp-content\/uploads\/2024\/06\/jak-ylakuva-2.jpg\" \/>\n\t<meta property=\"og:image:width\" content=\"2000\" \/>\n\t<meta property=\"og:image:height\" content=\"900\" \/>\n\t<meta property=\"og:image:type\" content=\"image\/jpeg\" \/>\n<meta name=\"twitter:card\" content=\"summary_large_image\" \/>\n<meta name=\"twitter:label1\" content=\"Gesch\u00e4tzte Lesezeit\" \/>\n\t<meta name=\"twitter:data1\" content=\"2\u00a0Minute\" \/>\n<script type=\"application\/ld+json\" class=\"yoast-schema-graph\">{\"@context\":\"https:\/\/schema.org\",\"@graph\":[{\"@type\":\"WebPage\",\"@id\":\"https:\/\/jak.fi\/de\/\",\"url\":\"https:\/\/jak.fi\/de\/\",\"name\":\"JAK F\u00e4llgreifer - W\u00e4hlen Sie den besten F\u00e4llgreifer auf dem Markt &#8211; JAK-Metalli Oy\",\"isPartOf\":{\"@id\":\"https:\/\/jak.fi\/de\/#website\"},\"primaryImageOfPage\":{\"@id\":\"https:\/\/jak.fi\/de\/#primaryimage\"},\"image\":{\"@id\":\"https:\/\/jak.fi\/de\/#primaryimage\"},\"thumbnailUrl\":\"https:\/\/jak.fi\/wp-content\/uploads\/2026\/03\/jak-ylakuva-test-2.webp\",\"datePublished\":\"2024-05-21T03:14:16+00:00\",\"dateModified\":\"2025-06-11T12:32:14+00:00\",\"description\":\"JAK F\u00e4llgreifer \u2013 ein leistungsstarker und langlebiger F\u00e4llgreifer f\u00fcr Bagger, Lader und Teleskoplader. Hergestellt in Finnland.\",\"breadcrumb\":{\"@id\":\"https:\/\/jak.fi\/de\/#breadcrumb\"},\"inLanguage\":\"de\",\"potentialAction\":[{\"@type\":\"ReadAction\",\"target\":[\"https:\/\/jak.fi\/de\/\"]}]},{\"@type\":\"ImageObject\",\"inLanguage\":\"de\",\"@id\":\"https:\/\/jak.fi\/de\/#primaryimage\",\"url\":\"https:\/\/jak.fi\/wp-content\/uploads\/2026\/03\/jak-ylakuva-test-2.webp\",\"contentUrl\":\"https:\/\/jak.fi\/wp-content\/uploads\/2026\/03\/jak-ylakuva-test-2.webp\",\"width\":2000,\"height\":900},{\"@type\":\"BreadcrumbList\",\"@id\":\"https:\/\/jak.fi\/de\/#breadcrumb\",\"itemListElement\":[{\"@type\":\"ListItem\",\"position\":1,\"name\":\"Etusivu\",\"item\":\"https:\/\/jak.fi\/de\/\"},{\"@type\":\"ListItem\",\"position\":2,\"name\":\"JAK F\u00e4llgreifer &#8211; W\u00e4hlen Sie den besten F\u00e4llgreifer auf dem Markt\"}]},{\"@type\":\"WebSite\",\"@id\":\"https:\/\/jak.fi\/de\/#website\",\"url\":\"https:\/\/jak.fi\/de\/\",\"name\":\"JAK-Metalli Oy\",\"description\":\"\",\"publisher\":{\"@id\":\"https:\/\/jak.fi\/de\/#organization\"},\"alternateName\":\"JAK Tree shears\",\"potentialAction\":[{\"@type\":\"SearchAction\",\"target\":{\"@type\":\"EntryPoint\",\"urlTemplate\":\"https:\/\/jak.fi\/de\/?s={search_term_string}\"},\"query-input\":{\"@type\":\"PropertyValueSpecification\",\"valueRequired\":true,\"valueName\":\"search_term_string\"}}],\"inLanguage\":\"de\"},{\"@type\":\"Organization\",\"@id\":\"https:\/\/jak.fi\/de\/#organization\",\"name\":\"JAK-Metalli Oy\",\"alternateName\":\"JAK Tree shears\",\"url\":\"https:\/\/jak.fi\/de\/\",\"logo\":{\"@type\":\"ImageObject\",\"inLanguage\":\"de\",\"@id\":\"https:\/\/jak.fi\/de\/#\/schema\/logo\/image\/\",\"url\":\"https:\/\/jak.fi\/wp-content\/uploads\/2024\/09\/JAK-logo-696x696-1.jpg\",\"contentUrl\":\"https:\/\/jak.fi\/wp-content\/uploads\/2024\/09\/JAK-logo-696x696-1.jpg\",\"width\":696,\"height\":696,\"caption\":\"JAK-Metalli Oy\"},\"image\":{\"@id\":\"https:\/\/jak.fi\/de\/#\/schema\/logo\/image\/\"},\"sameAs\":[\"https:\/\/www.facebook.com\/jaktreeshears\",\"https:\/\/www.instagram.com\/jaktreeshears\/\",\"https:\/\/www.youtube.com\/channel\/UCAwvaVhBBkPie8MeAGbdY1w\"]}]}<\/script>\n<!-- \/ Yoast SEO plugin. -->","yoast_head_json":{"title":"JAK F\u00e4llgreifer - W\u00e4hlen Sie den besten F\u00e4llgreifer auf dem Markt &#8211; JAK-Metalli Oy","description":"JAK F\u00e4llgreifer \u2013 ein leistungsstarker und langlebiger F\u00e4llgreifer f\u00fcr Bagger, Lader und Teleskoplader. Hergestellt in Finnland.","robots":{"index":"index","follow":"follow","max-snippet":"max-snippet:-1","max-image-preview":"max-image-preview:large","max-video-preview":"max-video-preview:-1"},"canonical":"https:\/\/jak.fi\/de\/","og_locale":"de_DE","og_type":"article","og_title":"JAK F\u00e4llgreifer - W\u00e4hlen Sie den besten F\u00e4llgreifer auf dem Markt &#8211; JAK-Metalli Oy","og_description":"JAK F\u00e4llgreifer \u2013 ein leistungsstarker und langlebiger F\u00e4llgreifer f\u00fcr Bagger, Lader und Teleskoplader. Hergestellt in Finnland.","og_url":"https:\/\/jak.fi\/de\/","og_site_name":"JAK-Metalli Oy","article_publisher":"https:\/\/www.facebook.com\/jaktreeshears","article_modified_time":"2025-06-11T12:32:14+00:00","og_image":[{"width":2000,"height":900,"url":"https:\/\/jak.fi\/wp-content\/uploads\/2024\/06\/jak-ylakuva-2.jpg","type":"image\/jpeg"}],"twitter_card":"summary_large_image","twitter_misc":{"Gesch\u00e4tzte Lesezeit":"2\u00a0Minute"},"schema":{"@context":"https:\/\/schema.org","@graph":[{"@type":"WebPage","@id":"https:\/\/jak.fi\/de\/","url":"https:\/\/jak.fi\/de\/","name":"JAK F\u00e4llgreifer - W\u00e4hlen Sie den besten F\u00e4llgreifer auf dem Markt &#8211; JAK-Metalli Oy","isPartOf":{"@id":"https:\/\/jak.fi\/de\/#website"},"primaryImageOfPage":{"@id":"https:\/\/jak.fi\/de\/#primaryimage"},"image":{"@id":"https:\/\/jak.fi\/de\/#primaryimage"},"thumbnailUrl":"https:\/\/jak.fi\/wp-content\/uploads\/2026\/03\/jak-ylakuva-test-2.webp","datePublished":"2024-05-21T03:14:16+00:00","dateModified":"2025-06-11T12:32:14+00:00","description":"JAK F\u00e4llgreifer \u2013 ein leistungsstarker und langlebiger F\u00e4llgreifer f\u00fcr Bagger, Lader und Teleskoplader. Hergestellt in Finnland.","breadcrumb":{"@id":"https:\/\/jak.fi\/de\/#breadcrumb"},"inLanguage":"de","potentialAction":[{"@type":"ReadAction","target":["https:\/\/jak.fi\/de\/"]}]},{"@type":"ImageObject","inLanguage":"de","@id":"https:\/\/jak.fi\/de\/#primaryimage","url":"https:\/\/jak.fi\/wp-content\/uploads\/2026\/03\/jak-ylakuva-test-2.webp","contentUrl":"https:\/\/jak.fi\/wp-content\/uploads\/2026\/03\/jak-ylakuva-test-2.webp","width":2000,"height":900},{"@type":"BreadcrumbList","@id":"https:\/\/jak.fi\/de\/#breadcrumb","itemListElement":[{"@type":"ListItem","position":1,"name":"Etusivu","item":"https:\/\/jak.fi\/de\/"},{"@type":"ListItem","position":2,"name":"JAK F\u00e4llgreifer &#8211; W\u00e4hlen Sie den besten F\u00e4llgreifer auf dem Markt"}]},{"@type":"WebSite","@id":"https:\/\/jak.fi\/de\/#website","url":"https:\/\/jak.fi\/de\/","name":"JAK-Metalli Oy","description":"","publisher":{"@id":"https:\/\/jak.fi\/de\/#organization"},"alternateName":"JAK Tree shears","potentialAction":[{"@type":"SearchAction","target":{"@type":"EntryPoint","urlTemplate":"https:\/\/jak.fi\/de\/?s={search_term_string}"},"query-input":{"@type":"PropertyValueSpecification","valueRequired":true,"valueName":"search_term_string"}}],"inLanguage":"de"},{"@type":"Organization","@id":"https:\/\/jak.fi\/de\/#organization","name":"JAK-Metalli Oy","alternateName":"JAK Tree shears","url":"https:\/\/jak.fi\/de\/","logo":{"@type":"ImageObject","inLanguage":"de","@id":"https:\/\/jak.fi\/de\/#\/schema\/logo\/image\/","url":"https:\/\/jak.fi\/wp-content\/uploads\/2024\/09\/JAK-logo-696x696-1.jpg","contentUrl":"https:\/\/jak.fi\/wp-content\/uploads\/2024\/09\/JAK-logo-696x696-1.jpg","width":696,"height":696,"caption":"JAK-Metalli Oy"},"image":{"@id":"https:\/\/jak.fi\/de\/#\/schema\/logo\/image\/"},"sameAs":["https:\/\/www.facebook.com\/jaktreeshears","https:\/\/www.instagram.com\/jaktreeshears\/","https:\/\/www.youtube.com\/channel\/UCAwvaVhBBkPie8MeAGbdY1w"]}]}},"_links":{"self":[{"href":"https:\/\/jak.fi\/de\/wp-json\/wp\/v2\/pages\/5180","targetHints":{"allow":["GET"]}}],"collection":[{"href":"https:\/\/jak.fi\/de\/wp-json\/wp\/v2\/pages"}],"about":[{"href":"https:\/\/jak.fi\/de\/wp-json\/wp\/v2\/types\/page"}],"author":[{"embeddable":true,"href":"https:\/\/jak.fi\/de\/wp-json\/wp\/v2\/users\/1"}],"replies":[{"embeddable":true,"href":"https:\/\/jak.fi\/de\/wp-json\/wp\/v2\/comments?post=5180"}],"version-history":[{"count":22,"href":"https:\/\/jak.fi\/de\/wp-json\/wp\/v2\/pages\/5180\/revisions"}],"predecessor-version":[{"id":10267,"href":"https:\/\/jak.fi\/de\/wp-json\/wp\/v2\/pages\/5180\/revisions\/10267"}],"wp:featuredmedia":[{"embeddable":true,"href":"https:\/\/jak.fi\/de\/wp-json\/wp\/v2\/media\/17146"}],"wp:attachment":[{"href":"https:\/\/jak.fi\/de\/wp-json\/wp\/v2\/media?parent=5180"}],"curies":[{"name":"wp","href":"https:\/\/api.w.org\/{rel}","templated":true}]}}