{"id":5199,"date":"2024-05-21T15:31:08","date_gmt":"2024-05-21T12:31:08","guid":{"rendered":"https:\/\/jak.fi\/faq\/"},"modified":"2025-04-17T13:48:22","modified_gmt":"2025-04-17T10:48:22","slug":"faq","status":"publish","type":"page","link":"https:\/\/jak.fi\/de\/faq\/","title":{"rendered":"FAQ"},"content":{"rendered":"\n<h2 class=\"wp-block-heading has-text-align-center\">Antworten auf die am h\u00e4ufigsten gestellten Fragen<\/h2>\n\n<div style=\"height:100px\" aria-hidden=\"true\" class=\"wp-block-spacer\"><\/div>\n\n<p class=\"has-red-color has-text-color has-link-color wp-elements-e8b53964ff96021dd8feb100d494a090\"><strong>Funktioniert der F\u00e4llgreifer durch den Rotator?<\/strong><\/p>\n\n<p>Funktioniert. Durch die Ausstattung des F\u00e4llgreifers mit dem eBoost-Hydrauliksystem und dem LP-Zylinder arbeitet der F\u00e4llgreifer schnell und kraftvoll. <\/p>\n\n<p><\/p>\n\n<p class=\"has-red-color has-text-color has-link-color wp-elements-d389fe5fc902faddd574fce1d1775153\"><strong>Was ben\u00f6tigt der Sammelgreifer, um mit der Basismaschine zu funktionieren?<\/strong><\/p>\n\n<p>Ein doppelt wirkendes Hydrauliksystem ist ausreichend. Abh\u00e4ngig von der Leistungsf\u00e4higkeit der Grundmaschine wird immer die beste Option f\u00fcr die Implementierung der Kupplung in Betracht gezogen. <\/p>\n\n<p><\/p>\n\n<p class=\"has-red-color has-text-color has-link-color wp-elements-d052952cd9cbd3b0d01daf09f47018de\"><strong>Wie viel Holz kann im Sammelgreifer aufgenommen werden?<\/strong><\/p>\n\n<p>Der Durchmesser des Schneidmessers. Zum Beispiel kann im Sammelgreifer JAK-300 Holz mit einem Durchmesser von bis zu 300 mm vom Wurzelende gemessen aufgenommen werden. <\/p>\n\n<p><\/p>\n\n<p class=\"has-red-color has-text-color has-link-color wp-elements-062b67c2a027072eb379d044560fe35c\"><strong>Wie viel \u00d6ldruck\/Liter braucht der F\u00e4llgreifer?<\/strong><\/p>\n\n<p>Bitte pr\u00fcfen Sie die technischen Informationen auf der Produktseite f\u00fcr den jeweiligen F\u00e4llgreifer.<\/p>\n\n<p><\/p>\n\n<p class=\"has-red-color has-text-color has-link-color wp-elements-54692bbf90e991afe163abec84abf27b\"><strong>Gibt es eine Schnittfunktion bei dem F\u00e4llgreifer?<\/strong><\/p>\n\n<p>Nein.<\/p>\n\n<p><\/p>\n\n<p class=\"has-red-color has-text-color has-link-color wp-elements-228c47953ad1634ff1658b3c05185465\"><strong>Gibt es eine Giljotine in anderen Gr\u00f6\u00dfenklassen als 350?<\/strong><\/p>\n\n<p>Nein.<\/p>\n\n<p><\/p>\n\n<p class=\"has-red-color has-text-color has-link-color wp-elements-adc0b471e9b7cef1550323de0c7c2178\"><strong>Ist ein Sammelgreifer f\u00fcr die K-Serie F\u00e4llgreifer erh\u00e4ltlich?<\/strong><\/p>\n\n<p>Nein.<\/p>\n\n<p><\/p>\n\n<p class=\"has-red-color has-text-color has-link-color wp-elements-fafc6e66e46873e5c7656a913c4cd1f2\"><strong>Ist ein Sammelgreifer f\u00fcr den JAK-200B F\u00e4llgreifer erh\u00e4ltlich?<\/strong><\/p>\n\n<p>Ja.<\/p>\n\n<p><\/p>\n\n<p class=\"has-red-color has-text-color has-link-color wp-elements-732194ded96bd8df92d7ce10a125b1c6\"><strong>Was ist beim JAK F\u00e4llgreifer besser als bei anderen F\u00e4llgreifern?<\/strong><\/p>\n\n<p>Unter anderem die Garantie, die Vorteile des eBoost-Hydrauliksystems, die Herstellung aller F\u00e4llgreifer von Anfang bis Ende in eigenen Werken und das HIMB-Zertifikat.<\/p>\n\n<p><\/p>\n\n<p class=\"has-red-color has-text-color has-link-color wp-elements-e1218d1d40c134e83413bed0b4f88ff8\"><strong>Kann sich Schnee\/Schmutz im Inneren des F\u00e4llgreifers ansammeln?<\/strong><\/p>\n\n<p>Durch die offene Bauweise sammeln sich Schnee und Schmutz nicht im Inneren des F\u00e4llgreifers an.<\/p>\n\n<p><\/p>\n\n<p class=\"has-red-color has-text-color has-link-color wp-elements-232088caf1e66ab4e0f3e841b7f992a2\"><strong>Wird die Garantie im Bedarfsfall greifen?<\/strong><\/p>\n\n<p>Ja, nat\u00fcrlich! Alle Garantieanspr\u00fcche werden schnell bearbeitet und auf Sch\u00e4den, die unter die Garantie fallen, wird reagiert. <\/p>\n","protected":false},"excerpt":{"rendered":"<p>Antworten auf die am h\u00e4ufigsten gestellten Fragen Funktioniert der F\u00e4llgreifer durch den Rotator? Funktioniert. Durch die Ausstattung des F\u00e4llgreifers mit dem eBoost-Hydrauliksystem und dem LP-Zylinder arbeitet der F\u00e4llgreifer schnell und kraftvoll. Was ben\u00f6tigt der Sammelgreifer, um mit der Basismaschine zu funktionieren? Ein doppelt wirkendes Hydrauliksystem ist ausreichend. Abh\u00e4ngig von der Leistungsf\u00e4higkeit der Grundmaschine wird immer [&hellip;]<\/p>\n","protected":false},"author":1,"featured_media":0,"parent":0,"menu_order":158,"comment_status":"closed","ping_status":"closed","template":"page-narrow.php","meta":{"_acf_changed":false,"footnotes":""},"class_list":["post-5199","page","type-page","status-publish","hentry"],"acf":[],"yoast_head":"<!-- This site is optimized with the Yoast SEO plugin v27.2 - https:\/\/yoast.com\/product\/yoast-seo-wordpress\/ -->\n<title>FAQ &#8211; JAK-Metalli Oy<\/title>\n<meta name=\"description\" content=\"Antworten auf h\u00e4ufig gestellte Fragen zu F\u00e4llgreifern, Installation und Verwendung. Finden Sie L\u00f6sungen ganz einfach an einem Ort.\" \/>\n<meta name=\"robots\" content=\"index, follow, max-snippet:-1, max-image-preview:large, max-video-preview:-1\" \/>\n<link rel=\"canonical\" href=\"https:\/\/jak.fi\/de\/faq\/\" \/>\n<meta property=\"og:locale\" content=\"de_DE\" \/>\n<meta property=\"og:type\" content=\"article\" \/>\n<meta property=\"og:title\" content=\"FAQ &#8211; JAK-Metalli Oy\" \/>\n<meta property=\"og:description\" content=\"Antworten auf h\u00e4ufig gestellte Fragen zu F\u00e4llgreifern, Installation und Verwendung. Finden Sie L\u00f6sungen ganz einfach an einem Ort.\" \/>\n<meta property=\"og:url\" content=\"https:\/\/jak.fi\/de\/faq\/\" \/>\n<meta property=\"og:site_name\" content=\"JAK-Metalli Oy\" \/>\n<meta property=\"article:publisher\" content=\"https:\/\/www.facebook.com\/jaktreeshears\" \/>\n<meta property=\"article:modified_time\" content=\"2025-04-17T10:48:22+00:00\" \/>\n<meta property=\"og:image\" content=\"https:\/\/jak.fi\/wp-content\/uploads\/2024\/05\/jak-ylakuva-1-2000x600px-1.jpg\" \/>\n\t<meta property=\"og:image:width\" content=\"2000\" \/>\n\t<meta property=\"og:image:height\" content=\"600\" \/>\n\t<meta property=\"og:image:type\" content=\"image\/jpeg\" \/>\n<meta name=\"twitter:card\" content=\"summary_large_image\" \/>\n<meta name=\"twitter:label1\" content=\"Gesch\u00e4tzte Lesezeit\" \/>\n\t<meta name=\"twitter:data1\" content=\"1\u00a0Minute\" \/>\n<script type=\"application\/ld+json\" class=\"yoast-schema-graph\">{\"@context\":\"https:\/\/schema.org\",\"@graph\":[{\"@type\":\"WebPage\",\"@id\":\"https:\/\/jak.fi\/de\/faq\/\",\"url\":\"https:\/\/jak.fi\/de\/faq\/\",\"name\":\"FAQ &#8211; JAK-Metalli Oy\",\"isPartOf\":{\"@id\":\"https:\/\/jak.fi\/de\/#website\"},\"datePublished\":\"2024-05-21T12:31:08+00:00\",\"dateModified\":\"2025-04-17T10:48:22+00:00\",\"description\":\"Antworten auf h\u00e4ufig gestellte Fragen zu F\u00e4llgreifern, Installation und Verwendung. Finden Sie L\u00f6sungen ganz einfach an einem Ort.\",\"breadcrumb\":{\"@id\":\"https:\/\/jak.fi\/de\/faq\/#breadcrumb\"},\"inLanguage\":\"de\",\"potentialAction\":[{\"@type\":\"ReadAction\",\"target\":[\"https:\/\/jak.fi\/de\/faq\/\"]}]},{\"@type\":\"BreadcrumbList\",\"@id\":\"https:\/\/jak.fi\/de\/faq\/#breadcrumb\",\"itemListElement\":[{\"@type\":\"ListItem\",\"position\":1,\"name\":\"Etusivu\",\"item\":\"https:\/\/jak.fi\/de\/\"},{\"@type\":\"ListItem\",\"position\":2,\"name\":\"FAQ\"}]},{\"@type\":\"WebSite\",\"@id\":\"https:\/\/jak.fi\/de\/#website\",\"url\":\"https:\/\/jak.fi\/de\/\",\"name\":\"JAK-Metalli Oy\",\"description\":\"\",\"publisher\":{\"@id\":\"https:\/\/jak.fi\/de\/#organization\"},\"alternateName\":\"JAK Tree shears\",\"potentialAction\":[{\"@type\":\"SearchAction\",\"target\":{\"@type\":\"EntryPoint\",\"urlTemplate\":\"https:\/\/jak.fi\/de\/?s={search_term_string}\"},\"query-input\":{\"@type\":\"PropertyValueSpecification\",\"valueRequired\":true,\"valueName\":\"search_term_string\"}}],\"inLanguage\":\"de\"},{\"@type\":\"Organization\",\"@id\":\"https:\/\/jak.fi\/de\/#organization\",\"name\":\"JAK-Metalli Oy\",\"alternateName\":\"JAK Tree shears\",\"url\":\"https:\/\/jak.fi\/de\/\",\"logo\":{\"@type\":\"ImageObject\",\"inLanguage\":\"de\",\"@id\":\"https:\/\/jak.fi\/de\/#\/schema\/logo\/image\/\",\"url\":\"https:\/\/jak.fi\/wp-content\/uploads\/2024\/09\/JAK-logo-696x696-1.jpg\",\"contentUrl\":\"https:\/\/jak.fi\/wp-content\/uploads\/2024\/09\/JAK-logo-696x696-1.jpg\",\"width\":696,\"height\":696,\"caption\":\"JAK-Metalli Oy\"},\"image\":{\"@id\":\"https:\/\/jak.fi\/de\/#\/schema\/logo\/image\/\"},\"sameAs\":[\"https:\/\/www.facebook.com\/jaktreeshears\",\"https:\/\/www.instagram.com\/jaktreeshears\/\",\"https:\/\/www.youtube.com\/channel\/UCAwvaVhBBkPie8MeAGbdY1w\"]}]}<\/script>\n<!-- \/ Yoast SEO plugin. -->","yoast_head_json":{"title":"FAQ &#8211; JAK-Metalli Oy","description":"Antworten auf h\u00e4ufig gestellte Fragen zu F\u00e4llgreifern, Installation und Verwendung. Finden Sie L\u00f6sungen ganz einfach an einem Ort.","robots":{"index":"index","follow":"follow","max-snippet":"max-snippet:-1","max-image-preview":"max-image-preview:large","max-video-preview":"max-video-preview:-1"},"canonical":"https:\/\/jak.fi\/de\/faq\/","og_locale":"de_DE","og_type":"article","og_title":"FAQ &#8211; JAK-Metalli Oy","og_description":"Antworten auf h\u00e4ufig gestellte Fragen zu F\u00e4llgreifern, Installation und Verwendung. Finden Sie L\u00f6sungen ganz einfach an einem Ort.","og_url":"https:\/\/jak.fi\/de\/faq\/","og_site_name":"JAK-Metalli Oy","article_publisher":"https:\/\/www.facebook.com\/jaktreeshears","article_modified_time":"2025-04-17T10:48:22+00:00","og_image":[{"width":2000,"height":600,"url":"https:\/\/jak.fi\/wp-content\/uploads\/2024\/05\/jak-ylakuva-1-2000x600px-1.jpg","type":"image\/jpeg"}],"twitter_card":"summary_large_image","twitter_misc":{"Gesch\u00e4tzte Lesezeit":"1\u00a0Minute"},"schema":{"@context":"https:\/\/schema.org","@graph":[{"@type":"WebPage","@id":"https:\/\/jak.fi\/de\/faq\/","url":"https:\/\/jak.fi\/de\/faq\/","name":"FAQ &#8211; JAK-Metalli Oy","isPartOf":{"@id":"https:\/\/jak.fi\/de\/#website"},"datePublished":"2024-05-21T12:31:08+00:00","dateModified":"2025-04-17T10:48:22+00:00","description":"Antworten auf h\u00e4ufig gestellte Fragen zu F\u00e4llgreifern, Installation und Verwendung. Finden Sie L\u00f6sungen ganz einfach an einem Ort.","breadcrumb":{"@id":"https:\/\/jak.fi\/de\/faq\/#breadcrumb"},"inLanguage":"de","potentialAction":[{"@type":"ReadAction","target":["https:\/\/jak.fi\/de\/faq\/"]}]},{"@type":"BreadcrumbList","@id":"https:\/\/jak.fi\/de\/faq\/#breadcrumb","itemListElement":[{"@type":"ListItem","position":1,"name":"Etusivu","item":"https:\/\/jak.fi\/de\/"},{"@type":"ListItem","position":2,"name":"FAQ"}]},{"@type":"WebSite","@id":"https:\/\/jak.fi\/de\/#website","url":"https:\/\/jak.fi\/de\/","name":"JAK-Metalli Oy","description":"","publisher":{"@id":"https:\/\/jak.fi\/de\/#organization"},"alternateName":"JAK Tree shears","potentialAction":[{"@type":"SearchAction","target":{"@type":"EntryPoint","urlTemplate":"https:\/\/jak.fi\/de\/?s={search_term_string}"},"query-input":{"@type":"PropertyValueSpecification","valueRequired":true,"valueName":"search_term_string"}}],"inLanguage":"de"},{"@type":"Organization","@id":"https:\/\/jak.fi\/de\/#organization","name":"JAK-Metalli Oy","alternateName":"JAK Tree shears","url":"https:\/\/jak.fi\/de\/","logo":{"@type":"ImageObject","inLanguage":"de","@id":"https:\/\/jak.fi\/de\/#\/schema\/logo\/image\/","url":"https:\/\/jak.fi\/wp-content\/uploads\/2024\/09\/JAK-logo-696x696-1.jpg","contentUrl":"https:\/\/jak.fi\/wp-content\/uploads\/2024\/09\/JAK-logo-696x696-1.jpg","width":696,"height":696,"caption":"JAK-Metalli Oy"},"image":{"@id":"https:\/\/jak.fi\/de\/#\/schema\/logo\/image\/"},"sameAs":["https:\/\/www.facebook.com\/jaktreeshears","https:\/\/www.instagram.com\/jaktreeshears\/","https:\/\/www.youtube.com\/channel\/UCAwvaVhBBkPie8MeAGbdY1w"]}]}},"_links":{"self":[{"href":"https:\/\/jak.fi\/de\/wp-json\/wp\/v2\/pages\/5199","targetHints":{"allow":["GET"]}}],"collection":[{"href":"https:\/\/jak.fi\/de\/wp-json\/wp\/v2\/pages"}],"about":[{"href":"https:\/\/jak.fi\/de\/wp-json\/wp\/v2\/types\/page"}],"author":[{"embeddable":true,"href":"https:\/\/jak.fi\/de\/wp-json\/wp\/v2\/users\/1"}],"replies":[{"embeddable":true,"href":"https:\/\/jak.fi\/de\/wp-json\/wp\/v2\/comments?post=5199"}],"version-history":[{"count":8,"href":"https:\/\/jak.fi\/de\/wp-json\/wp\/v2\/pages\/5199\/revisions"}],"predecessor-version":[{"id":7039,"href":"https:\/\/jak.fi\/de\/wp-json\/wp\/v2\/pages\/5199\/revisions\/7039"}],"wp:attachment":[{"href":"https:\/\/jak.fi\/de\/wp-json\/wp\/v2\/media?parent=5199"}],"curies":[{"name":"wp","href":"https:\/\/api.w.org\/{rel}","templated":true}]}}