{"id":5222,"date":"2024-05-28T09:31:14","date_gmt":"2024-05-28T06:31:14","guid":{"rendered":"https:\/\/jak.fi\/unternehmen\/jak-als-unternehmen\/"},"modified":"2025-04-01T09:56:57","modified_gmt":"2025-04-01T06:56:57","slug":"jak-als-unternehmen","status":"publish","type":"page","link":"https:\/\/jak.fi\/de\/unternehmen\/jak-als-unternehmen\/","title":{"rendered":"JAK Als Unternehmen"},"content":{"rendered":"\n<h2 class=\"wp-block-heading has-text-align-center\">Die urspr\u00fcnglichen JAK F\u00e4llgreifer seit 2012<\/h2>\n\n<div style=\"height:35px\" aria-hidden=\"true\" class=\"wp-block-spacer\"><\/div>\n\n<div class=\"wp-block-columns is-layout-flex wp-container-core-columns-is-layout-9d6595d7 wp-block-columns-is-layout-flex\">\n<div class=\"wp-block-column is-layout-flow wp-block-column-is-layout-flow\">\n<p>JAK-Metalli Oy ist ein Exportunternehmen der Metallindustrie und einer der ersten Entwickler und Hersteller von F\u00e4llgreifern auf dem Markt. Die Finnen sind bekannt f\u00fcr ihr ausgezeichnetes Fachwissen in der Forst- und Holzindustrie \u2013 wir sind in dieser Hinsicht keine Ausnahme. Unsere F\u00e4llgreifer haben sich zu ihrer heutigen Form entwickelt, dank zielgerichteter Planungs- und Entwicklungsarbeit sowie einer langen Zusammenarbeit mit Fachleuten der Branche.  <\/p>\n<\/div>\n\n\n\n<div class=\"wp-block-column is-layout-flow wp-block-column-is-layout-flow\">\n<ul class=\"wp-block-list\">\n<li>Gegr\u00fcndet im Jahr 2012<\/li>\n\n\n\n<li>Spezialisiert auf die Herstellung von Zubeh\u00f6r f\u00fcr Bagger und Forstmaschinen<\/li>\n\n\n\n<li>Globales Vertriebsnetz<\/li>\n\n\n\n<li>Produktion in zwei Fabriken<\/li>\n\n\n\n<li>B\u00fcro in M\u00e4ntt\u00e4-Vilppula<\/li>\n\n\n\n<li>JAK Energy Handle wird in mehr als 30 L\u00e4nder verkauft<\/li>\n<\/ul>\n<\/div>\n<\/div>\n\n<p>Unsere Produkte genie\u00dfen seit vielen Jahren das Vertrauen von Fachleuten auf der ganzen Welt. Wir haben internationale Vertriebspartner auf fast allen Kontinenten und unser Netzwerk w\u00e4chst weiter. Unser Unternehmen hat sich der Internationalisierung verschrieben, was sich stark in unserer Produktions- und Entwicklungsarbeit widerspiegelt, da die Anforderungen an die Eigenschaften des Energiegreifers in den verschiedenen Teilen der Welt unterschiedlich sind.  <\/p>\n\n<div style=\"height:30px\" aria-hidden=\"true\" class=\"wp-block-spacer\"><\/div>\n\n<div class=\"wp-block-columns is-layout-flex wp-container-core-columns-is-layout-9d6595d7 wp-block-columns-is-layout-flex\">\n<div class=\"wp-block-column is-layout-flow wp-block-column-is-layout-flow\">\n<h2 class=\"wp-block-heading\">Mission<\/h2>\n\n\n\n<p>Wir sind gemeinsam mit unseren Kunden erfolgreich<\/p>\n<\/div>\n\n\n\n<div class=\"wp-block-column is-layout-flow wp-block-column-is-layout-flow\">\n<h2 class=\"wp-block-heading\">Werte<\/h2>\n\n\n\n<ul class=\"wp-block-list\">\n<li>Wir k\u00fcmmern uns um unsere Kunden und uns gegenseitig<\/li>\n\n\n\n<li>Wir behandeln jeden mit Respekt<\/li>\n\n\n\n<li>Wir tun jeden Tag unser Bestes<\/li>\n\n\n\n<li>Wir halten unsere Versprechen und \u00fcbernehmen unsere Verantwortung<\/li>\n\n\n\n<li>Wir entwickeln unsere Aktivit\u00e4ten auf umwelt- und kundenorientierte Weise<\/li>\n\n\n\n<li>Wir wagen es, neugierig und gespannt auf das Neue zu sein<\/li>\n<\/ul>\n<\/div>\n\n\n\n<div class=\"wp-block-column is-layout-flow wp-block-column-is-layout-flow\">\n<h2 class=\"wp-block-heading\">Visio<\/h2>\n\n\n\n<p>Wir sind der international beste, begehrteste und vertrauensw\u00fcrdigste Partner im Bereich der Herstellung von F\u00e4llgreifern.<\/p>\n<\/div>\n<\/div>\n\n<div class=\"wp-block-columns are-vertically-aligned-top is-layout-flex wp-container-core-columns-is-layout-9d6595d7 wp-block-columns-is-layout-flex\">\n<div class=\"wp-block-column is-vertically-aligned-top is-layout-flow wp-block-column-is-layout-flow\">\n<figure class=\"wp-block-image size-large\"><img loading=\"lazy\" decoding=\"async\" width=\"1200\" height=\"802\" src=\"https:\/\/jak.fi\/wp-content\/uploads\/2024\/06\/jak-metalli-oy-production-23-scaled-1-1200x802.jpg\" alt=\"\" class=\"wp-image-635\" srcset=\"https:\/\/jak.fi\/wp-content\/uploads\/2024\/06\/jak-metalli-oy-production-23-scaled-1-1200x802.jpg 1200w, https:\/\/jak.fi\/wp-content\/uploads\/2024\/06\/jak-metalli-oy-production-23-scaled-1-700x468.jpg 700w, https:\/\/jak.fi\/wp-content\/uploads\/2024\/06\/jak-metalli-oy-production-23-scaled-1-768x513.jpg 768w, https:\/\/jak.fi\/wp-content\/uploads\/2024\/06\/jak-metalli-oy-production-23-scaled-1-1536x1026.jpg 1536w, https:\/\/jak.fi\/wp-content\/uploads\/2024\/06\/jak-metalli-oy-production-23-scaled-1-2048x1368.jpg 2048w, https:\/\/jak.fi\/wp-content\/uploads\/2024\/06\/jak-metalli-oy-production-23-scaled-1-800x534.jpg 800w\" sizes=\"auto, (max-width: 1200px) 100vw, 1200px\" \/><\/figure>\n<\/div>\n\n\n\n<div class=\"wp-block-column is-vertically-aligned-top is-layout-flow wp-block-column-is-layout-flow\">\n<h2 class=\"wp-block-heading\">Hardox\u00ae In My Body Partnerschaft<\/h2>\n\n\n\n<p>JAK-Metalli Oy ist seit Beginn seiner T\u00e4tigkeit Partner von SSAB im Hardox\u00ae In My Body-Programm, und in allen unseren F\u00e4llgreifern ist das HARDOX\u00ae-Zeichen angebracht, um auf den Einsatz des echten Hardox\u00ae-Verschlei\u00dfstahls im Produkt hinzuweisen. Im beigef\u00fcgten Video wird die Herstellung der JAK-F\u00e4llgreifer und die Zusammenarbeit mit HARDOX\u00ae erkl\u00e4rt. <\/p>\n<\/div>\n<\/div>\n\n<figure class=\"wp-block-embed is-type-video is-provider-youtube wp-block-embed-youtube wp-embed-aspect-16-9 wp-has-aspect-ratio\"><div class=\"wp-block-embed__wrapper\">\n<iframe loading=\"lazy\" title=\"Hardox\u00ae wear plate in JAK Tree Sheers for durability and productivity\" width=\"500\" height=\"281\" src=\"https:\/\/www.youtube.com\/embed\/w6100b1gxM4?feature=oembed\" frameborder=\"0\" allow=\"accelerometer; autoplay; clipboard-write; encrypted-media; gyroscope; picture-in-picture; web-share\" referrerpolicy=\"strict-origin-when-cross-origin\" allowfullscreen><\/iframe>\n<\/div><\/figure>\n\n<h2 class=\"wp-block-heading\">Die hochwertigen Produktionsanlagen von JAK-Metalli Oy<\/h2>\n\n<div class=\"wp-block-columns is-layout-flex wp-container-core-columns-is-layout-9d6595d7 wp-block-columns-is-layout-flex\">\n<div class=\"wp-block-column is-layout-flow wp-block-column-is-layout-flow\">\n<p>Es ist uns wichtig, in allen Phasen des Produktionsprozesses pr\u00e4sent zu sein. So k\u00f6nnen wir sicherstellen, dass unsere Qualit\u00e4tskriterien erf\u00fcllt werden, und wissen, dass wir stets hochwertige Produkte \u00fcber unsere H\u00e4ndler an Endverbraucher weltweit liefern. Aus diesen Gr\u00fcnden stellen wir die JAK F\u00e4llgreifer vollst\u00e4ndig in unserem Werk in M\u00e4ntt\u00e4-Vilppula her.  <\/p>\n\n\n\n<p>Das Herzst\u00fcck unseres Unternehmens sind unsere Produktionsanlagen, die einen erstklassigen Rahmen f\u00fcr die Herstellung und Qualit\u00e4tskontrolle bieten. Wir verf\u00fcgen \u00fcber Produktions- und Lagereinrichtungen an zwei Standorten. <\/p>\n\n\n\n<p>In den letzten Jahren haben wir unsere R\u00e4umlichkeiten erweitert und Reformen durchgef\u00fchrt, um die Produktionsprozesse zu rationalisieren und die Lieferzeiten zu verbessern.<\/p>\n<\/div>\n\n\n\n<div class=\"wp-block-column is-layout-flow wp-block-column-is-layout-flow\">\n<p class=\"has-red-color has-text-color has-link-color wp-elements-9b039c1bf21c1b24e6b7915e481bff6e\"><strong>In der Produktion verwenden wir:<\/strong><\/p>\n\n\n\n<ul class=\"wp-block-list\">\n<li>5-Achsen-CNC-Drehmaschine<\/li>\n\n\n\n<li>Drei CNC-Drehmaschinen, automatisches Automatendrehen<\/li>\n\n\n\n<li>Drei horizontale CNC-Bearbeitungszentren<\/li>\n\n\n\n<li>Zwei vertikale CNC-Bearbeitungszentren<\/li>\n\n\n\n<li>Zwei CNC-S\u00e4gen<\/li>\n\n\n\n<li>9-achsiges Schwei\u00dfrobotersystem<\/li>\n<\/ul>\n<\/div>\n<\/div>\n\n<h2 class=\"wp-block-heading\">Produktionskette und Produktdesign<\/h2>\n\n<div class=\"wp-block-columns is-layout-flex wp-container-core-columns-is-layout-9d6595d7 wp-block-columns-is-layout-flex\">\n<div class=\"wp-block-column is-layout-flow wp-block-column-is-layout-flow\">\n<p>Unsere F\u00e4llgreifer haben ihre heutige Form aufgrund langfristiger Forschung und Erfahrungen erreicht. Wir wissen, dass die Anforderungen an unsere Produkte unter Fachleuten sehr hoch gesetzt sind. Aus diesem Grund wurden unsere F\u00e4llgreifer stets in enger Zusammenarbeit mit Fachleuten der Branche entwickelt, was die kontinuierliche Pr\u00fcfung der Produktqualit\u00e4t und -leistung unter realen Bedingungen erm\u00f6glicht hat.  <\/p>\n<\/div>\n\n\n\n<div class=\"wp-block-column is-layout-flow wp-block-column-is-layout-flow\">\n<ul class=\"wp-block-list\">\n<li>Unsere Produktion erfolgt vollst\u00e4ndig im Haus<\/li>\n\n\n\n<li>Kontinuierliche \u00dcberwachung w\u00e4hrend des gesamten Herstellungsprozesses<\/li>\n\n\n\n<li>F\u00e4higkeit, schnell auf Ver\u00e4nderungen der Marktnachfrage zu reagieren<\/li>\n\n\n\n<li>Flexible Anpassung an die spezifischen Bed\u00fcrfnisse der Kunden<\/li>\n<\/ul>\n<\/div>\n<\/div>\n\n<p>Bei der Konstruktion werden analytisches Denken, produktionstechnische und wirtschaftliche Anforderungen sowie die Kenntnis der realen Betriebsbedingungen kombiniert, um unseren Produkten ihre endg\u00fcltige Form zu geben. Die SolidWorks-Software und eine leistungsstarke IT-Ausr\u00fcstung sorgen f\u00fcr eine schnelle und reibungslose Konstruktionsarbeit in allen Phasen des Konstruktionsprozesses. <\/p>\n\n<p>Die Entwicklung von Prototypen, die Modellierung neuer Teile und Funktionen, die Dokumentation und Analyse der Produktions- und Betriebseigenschaften bilden einen kontinuierlichen Produktentwicklungsprozess. Die Entwurfsarbeit ber\u00fccksichtigt die Effizienz der Herstellung, den Einsatz von Rohstoffen und die gew\u00fcnschten Qualit\u00e4tsmerkmale unserer Produkte, insbesondere aus Sicht des Endverbrauchers. <\/p>\n\n<div style=\"height:30px\" aria-hidden=\"true\" class=\"wp-block-spacer\"><\/div>\n\n<figure class=\"wp-block-image size-large\"><img loading=\"lazy\" decoding=\"async\" width=\"1200\" height=\"633\" src=\"https:\/\/jak.fi\/wp-content\/uploads\/2024\/06\/jak-metalli-oy-engineering-1-1200x633.jpg\" alt=\"\" class=\"wp-image-630\" srcset=\"https:\/\/jak.fi\/wp-content\/uploads\/2024\/06\/jak-metalli-oy-engineering-1-1200x633.jpg 1200w, https:\/\/jak.fi\/wp-content\/uploads\/2024\/06\/jak-metalli-oy-engineering-1-700x369.jpg 700w, https:\/\/jak.fi\/wp-content\/uploads\/2024\/06\/jak-metalli-oy-engineering-1-768x405.jpg 768w, https:\/\/jak.fi\/wp-content\/uploads\/2024\/06\/jak-metalli-oy-engineering-1-1536x810.jpg 1536w, https:\/\/jak.fi\/wp-content\/uploads\/2024\/06\/jak-metalli-oy-engineering-1-2048x1080.jpg 2048w, https:\/\/jak.fi\/wp-content\/uploads\/2024\/06\/jak-metalli-oy-engineering-1-800x422.jpg 800w\" sizes=\"auto, (max-width: 1200px) 100vw, 1200px\" \/><\/figure>\n\n<h2 class=\"wp-block-heading\">Zusammenarbeit zwischen Produktion und Nutzern<\/h2>\n\n<p>Die Anwendungen und M\u00e4rkte f\u00fcr unsere Produkte sind je nach Bestimmungsland sehr unterschiedlich. Wir wollen unseren Kunden zuh\u00f6ren und bereit sein, unsere Produkte weiterzuentwickeln. Unser Design basiert auf einem Dialog mit unseren Kunden. Unser Ziel ist es, gemeinsam mit unseren Kunden Produkte und L\u00f6sungen f\u00fcr die Bed\u00fcrfnisse der verschiedenen Ziell\u00e4nder zu entwickeln.   <\/p>\n\n<p>Unsere Designabteilung arbeitet eng mit den Produkttests und der Produktion zusammen, um die Produktleistung sicherzustellen. Wir analysieren praktische Informationen und Produkterfahrungen von Endverbrauchern aus aller Welt. Diese Daten dienen unseren Designern als Werkzeug, um bestehende Produkte zu verbessern und v\u00f6llig neue L\u00f6sungen zu entwickeln.  <\/p>\n\n<div style=\"height:30px\" aria-hidden=\"true\" class=\"wp-block-spacer\"><\/div>\n\n<figure class=\"wp-block-image size-large\"><img loading=\"lazy\" decoding=\"async\" width=\"1200\" height=\"675\" src=\"https:\/\/jak.fi\/wp-content\/uploads\/2024\/06\/JAK-welding-worker-tree-shear-1200x675.jpg\" alt=\"\" class=\"wp-image-632\" srcset=\"https:\/\/jak.fi\/wp-content\/uploads\/2024\/06\/JAK-welding-worker-tree-shear-1200x675.jpg 1200w, https:\/\/jak.fi\/wp-content\/uploads\/2024\/06\/JAK-welding-worker-tree-shear-700x394.jpg 700w, https:\/\/jak.fi\/wp-content\/uploads\/2024\/06\/JAK-welding-worker-tree-shear-768x432.jpg 768w, https:\/\/jak.fi\/wp-content\/uploads\/2024\/06\/JAK-welding-worker-tree-shear-1536x864.jpg 1536w, https:\/\/jak.fi\/wp-content\/uploads\/2024\/06\/JAK-welding-worker-tree-shear-800x450.jpg 800w, https:\/\/jak.fi\/wp-content\/uploads\/2024\/06\/JAK-welding-worker-tree-shear.jpg 1920w\" sizes=\"auto, (max-width: 1200px) 100vw, 1200px\" \/><\/figure>\n","protected":false},"excerpt":{"rendered":"<p>Die urspr\u00fcnglichen JAK F\u00e4llgreifer seit 2012 JAK-Metalli Oy ist ein Exportunternehmen der Metallindustrie und einer der ersten Entwickler und Hersteller von F\u00e4llgreifern auf dem Markt. Die Finnen sind bekannt f\u00fcr ihr ausgezeichnetes Fachwissen in der Forst- und Holzindustrie \u2013 wir sind in dieser Hinsicht keine Ausnahme. Unsere F\u00e4llgreifer haben sich zu ihrer heutigen Form entwickelt, [&hellip;]<\/p>\n","protected":false},"author":1,"featured_media":5227,"parent":5191,"menu_order":97,"comment_status":"closed","ping_status":"closed","template":"","meta":{"_acf_changed":false,"footnotes":""},"class_list":["post-5222","page","type-page","status-publish","has-post-thumbnail","hentry"],"acf":[],"yoast_head":"<!-- This site is optimized with the Yoast SEO plugin v27.2 - https:\/\/yoast.com\/product\/yoast-seo-wordpress\/ -->\n<title>JAK Als Unternehmen &#8211; JAK-Metalli Oy<\/title>\n<meta name=\"description\" content=\"JAK-Metalli Oy ist ein Exportunternehmen der Metallindustrie und einer der ersten Entwickler und Hersteller von F\u00e4llgreifern auf dem Markt\" \/>\n<meta name=\"robots\" content=\"index, follow, max-snippet:-1, max-image-preview:large, max-video-preview:-1\" \/>\n<link rel=\"canonical\" href=\"https:\/\/jak.fi\/de\/unternehmen\/jak-als-unternehmen\/\" \/>\n<meta property=\"og:locale\" content=\"de_DE\" \/>\n<meta property=\"og:type\" content=\"article\" \/>\n<meta property=\"og:title\" content=\"JAK Als Unternehmen &#8211; JAK-Metalli Oy\" \/>\n<meta property=\"og:description\" content=\"JAK-Metalli Oy ist ein Exportunternehmen der Metallindustrie und einer der ersten Entwickler und Hersteller von F\u00e4llgreifern auf dem Markt\" \/>\n<meta property=\"og:url\" content=\"https:\/\/jak.fi\/de\/unternehmen\/jak-als-unternehmen\/\" \/>\n<meta property=\"og:site_name\" content=\"JAK-Metalli Oy\" \/>\n<meta property=\"article:publisher\" content=\"https:\/\/www.facebook.com\/jaktreeshears\" \/>\n<meta property=\"article:modified_time\" content=\"2025-04-01T06:56:57+00:00\" \/>\n<meta property=\"og:image\" content=\"https:\/\/jak.fi\/wp-content\/uploads\/2024\/06\/JAK_header_worker.jpg\" \/>\n\t<meta property=\"og:image:width\" content=\"2240\" \/>\n\t<meta property=\"og:image:height\" content=\"700\" \/>\n\t<meta property=\"og:image:type\" content=\"image\/jpeg\" \/>\n<meta name=\"twitter:card\" content=\"summary_large_image\" \/>\n<meta name=\"twitter:label1\" content=\"Gesch\u00e4tzte Lesezeit\" \/>\n\t<meta name=\"twitter:data1\" content=\"4\u00a0Minute\" \/>\n<script type=\"application\/ld+json\" class=\"yoast-schema-graph\">{\"@context\":\"https:\/\/schema.org\",\"@graph\":[{\"@type\":\"WebPage\",\"@id\":\"https:\/\/jak.fi\/de\/unternehmen\/jak-als-unternehmen\/\",\"url\":\"https:\/\/jak.fi\/de\/unternehmen\/jak-als-unternehmen\/\",\"name\":\"JAK Als Unternehmen &#8211; JAK-Metalli Oy\",\"isPartOf\":{\"@id\":\"https:\/\/jak.fi\/de\/#website\"},\"primaryImageOfPage\":{\"@id\":\"https:\/\/jak.fi\/de\/unternehmen\/jak-als-unternehmen\/#primaryimage\"},\"image\":{\"@id\":\"https:\/\/jak.fi\/de\/unternehmen\/jak-als-unternehmen\/#primaryimage\"},\"thumbnailUrl\":\"https:\/\/jak.fi\/wp-content\/uploads\/2024\/06\/JAK_header_worker.jpg\",\"datePublished\":\"2024-05-28T06:31:14+00:00\",\"dateModified\":\"2025-04-01T06:56:57+00:00\",\"description\":\"JAK-Metalli Oy ist ein Exportunternehmen der Metallindustrie und einer der ersten Entwickler und Hersteller von F\u00e4llgreifern auf dem Markt\",\"breadcrumb\":{\"@id\":\"https:\/\/jak.fi\/de\/unternehmen\/jak-als-unternehmen\/#breadcrumb\"},\"inLanguage\":\"de\",\"potentialAction\":[{\"@type\":\"ReadAction\",\"target\":[\"https:\/\/jak.fi\/de\/unternehmen\/jak-als-unternehmen\/\"]}]},{\"@type\":\"ImageObject\",\"inLanguage\":\"de\",\"@id\":\"https:\/\/jak.fi\/de\/unternehmen\/jak-als-unternehmen\/#primaryimage\",\"url\":\"https:\/\/jak.fi\/wp-content\/uploads\/2024\/06\/JAK_header_worker.jpg\",\"contentUrl\":\"https:\/\/jak.fi\/wp-content\/uploads\/2024\/06\/JAK_header_worker.jpg\",\"width\":2240,\"height\":700,\"caption\":\"Hitsaaja ty\u00f6skentelee energiakouran p\"},{\"@type\":\"BreadcrumbList\",\"@id\":\"https:\/\/jak.fi\/de\/unternehmen\/jak-als-unternehmen\/#breadcrumb\",\"itemListElement\":[{\"@type\":\"ListItem\",\"position\":1,\"name\":\"Etusivu\",\"item\":\"https:\/\/jak.fi\/de\/\"},{\"@type\":\"ListItem\",\"position\":2,\"name\":\"Unternehmen\",\"item\":\"https:\/\/jak.fi\/de\/unternehmen\/\"},{\"@type\":\"ListItem\",\"position\":3,\"name\":\"JAK Als Unternehmen\"}]},{\"@type\":\"WebSite\",\"@id\":\"https:\/\/jak.fi\/de\/#website\",\"url\":\"https:\/\/jak.fi\/de\/\",\"name\":\"JAK-Metalli Oy\",\"description\":\"\",\"publisher\":{\"@id\":\"https:\/\/jak.fi\/de\/#organization\"},\"alternateName\":\"JAK Tree shears\",\"potentialAction\":[{\"@type\":\"SearchAction\",\"target\":{\"@type\":\"EntryPoint\",\"urlTemplate\":\"https:\/\/jak.fi\/de\/?s={search_term_string}\"},\"query-input\":{\"@type\":\"PropertyValueSpecification\",\"valueRequired\":true,\"valueName\":\"search_term_string\"}}],\"inLanguage\":\"de\"},{\"@type\":\"Organization\",\"@id\":\"https:\/\/jak.fi\/de\/#organization\",\"name\":\"JAK-Metalli Oy\",\"alternateName\":\"JAK Tree shears\",\"url\":\"https:\/\/jak.fi\/de\/\",\"logo\":{\"@type\":\"ImageObject\",\"inLanguage\":\"de\",\"@id\":\"https:\/\/jak.fi\/de\/#\/schema\/logo\/image\/\",\"url\":\"https:\/\/jak.fi\/wp-content\/uploads\/2024\/09\/JAK-logo-696x696-1.jpg\",\"contentUrl\":\"https:\/\/jak.fi\/wp-content\/uploads\/2024\/09\/JAK-logo-696x696-1.jpg\",\"width\":696,\"height\":696,\"caption\":\"JAK-Metalli Oy\"},\"image\":{\"@id\":\"https:\/\/jak.fi\/de\/#\/schema\/logo\/image\/\"},\"sameAs\":[\"https:\/\/www.facebook.com\/jaktreeshears\",\"https:\/\/www.instagram.com\/jaktreeshears\/\",\"https:\/\/www.youtube.com\/channel\/UCAwvaVhBBkPie8MeAGbdY1w\"]}]}<\/script>\n<!-- \/ Yoast SEO plugin. -->","yoast_head_json":{"title":"JAK Als Unternehmen &#8211; JAK-Metalli Oy","description":"JAK-Metalli Oy ist ein Exportunternehmen der Metallindustrie und einer der ersten Entwickler und Hersteller von F\u00e4llgreifern auf dem Markt","robots":{"index":"index","follow":"follow","max-snippet":"max-snippet:-1","max-image-preview":"max-image-preview:large","max-video-preview":"max-video-preview:-1"},"canonical":"https:\/\/jak.fi\/de\/unternehmen\/jak-als-unternehmen\/","og_locale":"de_DE","og_type":"article","og_title":"JAK Als Unternehmen &#8211; JAK-Metalli Oy","og_description":"JAK-Metalli Oy ist ein Exportunternehmen der Metallindustrie und einer der ersten Entwickler und Hersteller von F\u00e4llgreifern auf dem Markt","og_url":"https:\/\/jak.fi\/de\/unternehmen\/jak-als-unternehmen\/","og_site_name":"JAK-Metalli Oy","article_publisher":"https:\/\/www.facebook.com\/jaktreeshears","article_modified_time":"2025-04-01T06:56:57+00:00","og_image":[{"width":2240,"height":700,"url":"https:\/\/jak.fi\/wp-content\/uploads\/2024\/06\/JAK_header_worker.jpg","type":"image\/jpeg"}],"twitter_card":"summary_large_image","twitter_misc":{"Gesch\u00e4tzte Lesezeit":"4\u00a0Minute"},"schema":{"@context":"https:\/\/schema.org","@graph":[{"@type":"WebPage","@id":"https:\/\/jak.fi\/de\/unternehmen\/jak-als-unternehmen\/","url":"https:\/\/jak.fi\/de\/unternehmen\/jak-als-unternehmen\/","name":"JAK Als Unternehmen &#8211; JAK-Metalli Oy","isPartOf":{"@id":"https:\/\/jak.fi\/de\/#website"},"primaryImageOfPage":{"@id":"https:\/\/jak.fi\/de\/unternehmen\/jak-als-unternehmen\/#primaryimage"},"image":{"@id":"https:\/\/jak.fi\/de\/unternehmen\/jak-als-unternehmen\/#primaryimage"},"thumbnailUrl":"https:\/\/jak.fi\/wp-content\/uploads\/2024\/06\/JAK_header_worker.jpg","datePublished":"2024-05-28T06:31:14+00:00","dateModified":"2025-04-01T06:56:57+00:00","description":"JAK-Metalli Oy ist ein Exportunternehmen der Metallindustrie und einer der ersten Entwickler und Hersteller von F\u00e4llgreifern auf dem Markt","breadcrumb":{"@id":"https:\/\/jak.fi\/de\/unternehmen\/jak-als-unternehmen\/#breadcrumb"},"inLanguage":"de","potentialAction":[{"@type":"ReadAction","target":["https:\/\/jak.fi\/de\/unternehmen\/jak-als-unternehmen\/"]}]},{"@type":"ImageObject","inLanguage":"de","@id":"https:\/\/jak.fi\/de\/unternehmen\/jak-als-unternehmen\/#primaryimage","url":"https:\/\/jak.fi\/wp-content\/uploads\/2024\/06\/JAK_header_worker.jpg","contentUrl":"https:\/\/jak.fi\/wp-content\/uploads\/2024\/06\/JAK_header_worker.jpg","width":2240,"height":700,"caption":"Hitsaaja ty\u00f6skentelee energiakouran p"},{"@type":"BreadcrumbList","@id":"https:\/\/jak.fi\/de\/unternehmen\/jak-als-unternehmen\/#breadcrumb","itemListElement":[{"@type":"ListItem","position":1,"name":"Etusivu","item":"https:\/\/jak.fi\/de\/"},{"@type":"ListItem","position":2,"name":"Unternehmen","item":"https:\/\/jak.fi\/de\/unternehmen\/"},{"@type":"ListItem","position":3,"name":"JAK Als Unternehmen"}]},{"@type":"WebSite","@id":"https:\/\/jak.fi\/de\/#website","url":"https:\/\/jak.fi\/de\/","name":"JAK-Metalli Oy","description":"","publisher":{"@id":"https:\/\/jak.fi\/de\/#organization"},"alternateName":"JAK Tree shears","potentialAction":[{"@type":"SearchAction","target":{"@type":"EntryPoint","urlTemplate":"https:\/\/jak.fi\/de\/?s={search_term_string}"},"query-input":{"@type":"PropertyValueSpecification","valueRequired":true,"valueName":"search_term_string"}}],"inLanguage":"de"},{"@type":"Organization","@id":"https:\/\/jak.fi\/de\/#organization","name":"JAK-Metalli Oy","alternateName":"JAK Tree shears","url":"https:\/\/jak.fi\/de\/","logo":{"@type":"ImageObject","inLanguage":"de","@id":"https:\/\/jak.fi\/de\/#\/schema\/logo\/image\/","url":"https:\/\/jak.fi\/wp-content\/uploads\/2024\/09\/JAK-logo-696x696-1.jpg","contentUrl":"https:\/\/jak.fi\/wp-content\/uploads\/2024\/09\/JAK-logo-696x696-1.jpg","width":696,"height":696,"caption":"JAK-Metalli Oy"},"image":{"@id":"https:\/\/jak.fi\/de\/#\/schema\/logo\/image\/"},"sameAs":["https:\/\/www.facebook.com\/jaktreeshears","https:\/\/www.instagram.com\/jaktreeshears\/","https:\/\/www.youtube.com\/channel\/UCAwvaVhBBkPie8MeAGbdY1w"]}]}},"_links":{"self":[{"href":"https:\/\/jak.fi\/de\/wp-json\/wp\/v2\/pages\/5222","targetHints":{"allow":["GET"]}}],"collection":[{"href":"https:\/\/jak.fi\/de\/wp-json\/wp\/v2\/pages"}],"about":[{"href":"https:\/\/jak.fi\/de\/wp-json\/wp\/v2\/types\/page"}],"author":[{"embeddable":true,"href":"https:\/\/jak.fi\/de\/wp-json\/wp\/v2\/users\/1"}],"replies":[{"embeddable":true,"href":"https:\/\/jak.fi\/de\/wp-json\/wp\/v2\/comments?post=5222"}],"version-history":[{"count":4,"href":"https:\/\/jak.fi\/de\/wp-json\/wp\/v2\/pages\/5222\/revisions"}],"predecessor-version":[{"id":6366,"href":"https:\/\/jak.fi\/de\/wp-json\/wp\/v2\/pages\/5222\/revisions\/6366"}],"up":[{"embeddable":true,"href":"https:\/\/jak.fi\/de\/wp-json\/wp\/v2\/pages\/5191"}],"wp:featuredmedia":[{"embeddable":true,"href":"https:\/\/jak.fi\/de\/wp-json\/wp\/v2\/media\/5227"}],"wp:attachment":[{"href":"https:\/\/jak.fi\/de\/wp-json\/wp\/v2\/media?parent=5222"}],"curies":[{"name":"wp","href":"https:\/\/api.w.org\/{rel}","templated":true}]}}