{"id":5228,"date":"2024-05-21T15:31:48","date_gmt":"2024-05-21T12:31:48","guid":{"rendered":"https:\/\/jak.fi\/unternehmen\/informationen-zur-rechnungsstellung\/"},"modified":"2025-04-17T13:48:23","modified_gmt":"2025-04-17T10:48:23","slug":"informationen-zur-rechnungsstellung","status":"publish","type":"page","link":"https:\/\/jak.fi\/de\/unternehmen\/informationen-zur-rechnungsstellung\/","title":{"rendered":"Informationen zur Rechnungsstellung"},"content":{"rendered":"\n<div style=\"height:50px\" aria-hidden=\"true\" class=\"wp-block-spacer\"><\/div>\n\n<h2 class=\"wp-block-heading has-text-align-left\">Unsere Rechnungsadresse<\/h2>\n\n<p class=\"has-red-color has-text-color has-link-color wp-elements-d164e541742924a99278a30426728e11\">Ein guter Partner,<\/p>\n\n<p>haben wir auf die elektronische Bearbeitung von Eingangsrechnungen und die elektronische Rechnungsstellung umgestellt, um unsere Abl\u00e4ufe effizienter zu gestalten. Unser E-Invoice-Betreiber ist Maventa. Unsere E-Invoicing-Daten sind:  <\/p>\n\n<h3 class=\"wp-block-heading\">Informationen \u00fcber unser Unternehmen:<\/h3>\n\n<figure class=\"wp-block-table\"><table><tbody><tr><td><strong>Name<\/strong><\/td><td><strong>Business ID<\/strong><\/td><td><strong>Webadresse<\/strong><\/td><\/tr><tr><td>  JAK-Metalli Oy<\/td><td>2467108-7<\/td><td>003724671087<\/td><\/tr><\/tbody><\/table><\/figure>\n\n<h3 class=\"wp-block-heading\">Makler-Informationen<\/h3>\n\n<figure class=\"wp-block-table\"><table><tbody><tr><td><strong>Broker-Optionen<\/strong><\/td><td><strong>Makler-ID<\/strong><\/td><\/tr><tr><td>Wenn Ihr E-Invoice-Vermittler ein Betreiber ist, z. B. Itella, Basware usw., lautet die Vermittler-ID  <\/td><td>003721291126<\/td><\/tr><tr><td>Wenn Ihr E-Invoice-Broker eine Bank ist, z. B. Nordea, Osuuspankki usw., lautet die Broker-ID  <\/td><td>DABAFIHH<\/td><\/tr><\/tbody><\/table><\/figure>\n\n<p><strong>Achtung!  <\/strong>Bitte achten Sie auf den Carrier Code, damit Ihre Rechnungen ohne Probleme ankommen.<\/p>\n\n<p>Wir k\u00f6nnen Ihren e-Rechnungen auch eine Bilddatei der Rechnung und andere Anh\u00e4nge im PDF-Format beif\u00fcgen.<\/p>\n\n<p>Wenn Sie keine Online-Rechnungen versenden k\u00f6nnen, reichen Sie Ihre Einkaufsrechnungen bitte direkt auf Papier oder per E-Mail an den Scanservice ein und befolgen Sie dabei die unten stehenden Anweisungen.<\/p>\n\n<h2 class=\"wp-block-heading\">Rechnungsadresse und Anweisungen f\u00fcr Papierrechnungen<\/h2>\n\n<div class=\"wp-block-columns is-layout-flex wp-container-core-columns-is-layout-9d6595d7 wp-block-columns-is-layout-flex\">\n<div class=\"wp-block-column is-layout-flow wp-block-column-is-layout-flow\">\n<p>Hinweis! Die Seriennummer unter dem Firmennamen ist der Firmenname des zu fakturierenden Unternehmens ohne Bindestrich. <\/p>\n<\/div>\n\n\n\n<div class=\"wp-block-column is-layout-flow wp-block-column-is-layout-flow\">\n<p><br\/><br\/><br\/>JAK-METALLI OY 24671087 PL 100 80020 Sammler Scan<\/p>\n<\/div>\n<\/div>\n\n<p><strong>Wichtige \u00dcberlegungen zum Versand von Papierrechnungen an den Scanservice:<\/strong><\/p>\n\n<ul class=\"wp-block-list\">\n<li>Es ist sehr wichtig, dass sich nur die Rechnung und ihre Anh\u00e4nge im Umschlag befinden. Sollte anderes Material als die Rechnung in dem Umschlag eintreffen, werden wir es dem Empf\u00e4nger per E-Mail oder per Post zukommen lassen und dem Empf\u00e4nger gem\u00e4\u00df der aktuellen Preisliste in Rechnung stellen. <\/li>\n\n\n\n<li>Legen Sie keine Zahlungserinnerungen oder Inkassobriefe in den Scanservice, da dies keine Rechnungen sind. Wir stellen dem Empf\u00e4nger die Lieferung gem\u00e4\u00df der aktuellen Preisliste in Rechnung. <\/li>\n\n\n\n<li>Die Angabe der Seriennummer muss auch auf der Papierrechnung im Adressfeld der Rechnungsadresse unterhalb der Firma erscheinen, nicht nur auf dem Umschlag. Die Hinzuf\u00fcgung der Seriennummer stellen wir dem Empf\u00e4nger gem\u00e4\u00df der aktuellen Preisliste in Rechnung <\/li>\n\n\n\n<li>Bei PDF-Rechnungen muss die Seriennummer nicht im Adressfeld angegeben werden, da das Empf\u00e4ngerunternehmen durch die E-Mail-Adresse identifiziert wird.<\/li>\n\n\n\n<li>Mehrseitige Rechnungen d\u00fcrfen nicht auf mehrere Umschl\u00e4ge aufgeteilt werden<\/li>\n\n\n\n<li>Die Rechnungen werden auf einem hochwertigen Drucker gedruckt<\/li>\n\n\n\n<li>Die Seiten der Rechnung d\u00fcrfen in keiner Weise miteinander verbunden sein (Hefter usw.).<\/li>\n\n\n\n<li>Die Rechnung muss einen Gesamtbetrag aufweisen<\/li>\n<\/ul>\n\n<h2 class=\"wp-block-heading\">Rechnungsempf\u00e4nger und Anweisungen per E-Mail<\/h2>\n\n<p>Die Adresse des Empf\u00e4ngers der E-Mail lautet wie unten angegeben. Die Rechnung wird anhand der Seriennummer an das richtige Konto weitergeleitet. <br\/><a href=\"mailto:invoice-24671087@kollektor.fi\">invoice-24671087@kollektor.fi<\/a><\/p>\n\n<p><strong>Wichtige \u00dcberlegungen zum Senden von E-Mail-Rechnungen an den Scanservice:<\/strong><\/p>\n\n<ul class=\"wp-block-list\">\n<li>Rechnungen werden als E-Mail-Anhang im PDF-Format versendet<\/li>\n\n\n\n<li>Eine Rechnung pro Datei, die alle Seiten und sonstigen Anh\u00e4nge der Rechnung enth\u00e4lt<\/li>\n\n\n\n<li>Eine E-Mail kann maximal 10Mb gro\u00df sein.<\/li>\n\n\n\n<li>PDF-Dateien m\u00fcssen echte PDF-Dokumente der Version 1.3 oder h\u00f6her sein.<\/li>\n\n\n\n<li>PDF-Dateien d\u00fcrfen nicht gesperrt oder passwortgesch\u00fctzt sein<\/li>\n\n\n\n<li>Die maximale Gr\u00f6\u00dfe des Dokuments betr\u00e4gt 210x297mm, d.h. A4<\/li>\n\n\n\n<li>Der Dateiname darf nicht mehr als die \u00fcblichen Zeichen enthalten, a-z, A-Z, 0-9<\/li>\n<\/ul>\n\n<h2 class=\"wp-block-heading\">Informationen, falls erforderlich:<\/h2>\n\n<p>Tiina Salin<br\/>+358400804658<br\/><a href=\"mailto:tiina.salin@jak.fi\">tiina.salin@jak.fi<\/a><\/p>\n","protected":false},"excerpt":{"rendered":"<p>Unsere Rechnungsadresse Ein guter Partner, haben wir auf die elektronische Bearbeitung von Eingangsrechnungen und die elektronische Rechnungsstellung umgestellt, um unsere Abl\u00e4ufe effizienter zu gestalten. Unser E-Invoice-Betreiber ist Maventa. Unsere E-Invoicing-Daten sind: Informationen \u00fcber unser Unternehmen: Name Business ID Webadresse JAK-Metalli Oy 2467108-7 003724671087 Makler-Informationen Broker-Optionen Makler-ID Wenn Ihr E-Invoice-Vermittler ein Betreiber ist, z. B. Itella, [&hellip;]<\/p>\n","protected":false},"author":1,"featured_media":0,"parent":5191,"menu_order":142,"comment_status":"closed","ping_status":"closed","template":"page-narrow.php","meta":{"_acf_changed":false,"footnotes":""},"class_list":["post-5228","page","type-page","status-publish","hentry"],"acf":[],"yoast_head":"<!-- This site is optimized with the Yoast SEO plugin v27.2 - https:\/\/yoast.com\/product\/yoast-seo-wordpress\/ -->\n<title>Informationen zur Rechnungsstellung &#8211; JAK-Metalli Oy<\/title>\n<meta name=\"description\" content=\"Aktuelle Informationen zur Rechnungsstellung f\u00fcr JAK-Produkte und Anleitungen zur elektronischen Rechnungsstellung und zum elektronischen Rechnungsversand - erfahren Sie mehr.\" \/>\n<meta name=\"robots\" content=\"index, follow, max-snippet:-1, max-image-preview:large, max-video-preview:-1\" \/>\n<link rel=\"canonical\" href=\"https:\/\/jak.fi\/de\/unternehmen\/informationen-zur-rechnungsstellung\/\" \/>\n<meta property=\"og:locale\" content=\"de_DE\" \/>\n<meta property=\"og:type\" content=\"article\" \/>\n<meta property=\"og:title\" content=\"Informationen zur Rechnungsstellung &#8211; JAK-Metalli Oy\" \/>\n<meta property=\"og:description\" content=\"Aktuelle Informationen zur Rechnungsstellung f\u00fcr JAK-Produkte und Anleitungen zur elektronischen Rechnungsstellung und zum elektronischen Rechnungsversand - erfahren Sie mehr.\" \/>\n<meta property=\"og:url\" content=\"https:\/\/jak.fi\/de\/unternehmen\/informationen-zur-rechnungsstellung\/\" \/>\n<meta property=\"og:site_name\" content=\"JAK-Metalli Oy\" \/>\n<meta property=\"article:publisher\" content=\"https:\/\/www.facebook.com\/jaktreeshears\" \/>\n<meta property=\"article:modified_time\" content=\"2025-04-17T10:48:23+00:00\" \/>\n<meta property=\"og:image\" content=\"https:\/\/jak.fi\/wp-content\/uploads\/2024\/05\/jak-ylakuva-1-2000x600px-1.jpg\" \/>\n\t<meta property=\"og:image:width\" content=\"2000\" \/>\n\t<meta property=\"og:image:height\" content=\"600\" \/>\n\t<meta property=\"og:image:type\" content=\"image\/jpeg\" \/>\n<meta name=\"twitter:card\" content=\"summary_large_image\" \/>\n<meta name=\"twitter:label1\" content=\"Gesch\u00e4tzte Lesezeit\" \/>\n\t<meta name=\"twitter:data1\" content=\"2\u00a0Minute\" \/>\n<script type=\"application\/ld+json\" class=\"yoast-schema-graph\">{\"@context\":\"https:\/\/schema.org\",\"@graph\":[{\"@type\":\"WebPage\",\"@id\":\"https:\/\/jak.fi\/de\/unternehmen\/informationen-zur-rechnungsstellung\/\",\"url\":\"https:\/\/jak.fi\/de\/unternehmen\/informationen-zur-rechnungsstellung\/\",\"name\":\"Informationen zur Rechnungsstellung &#8211; JAK-Metalli Oy\",\"isPartOf\":{\"@id\":\"https:\/\/jak.fi\/de\/#website\"},\"datePublished\":\"2024-05-21T12:31:48+00:00\",\"dateModified\":\"2025-04-17T10:48:23+00:00\",\"description\":\"Aktuelle Informationen zur Rechnungsstellung f\u00fcr JAK-Produkte und Anleitungen zur elektronischen Rechnungsstellung und zum elektronischen Rechnungsversand - erfahren Sie mehr.\",\"breadcrumb\":{\"@id\":\"https:\/\/jak.fi\/de\/unternehmen\/informationen-zur-rechnungsstellung\/#breadcrumb\"},\"inLanguage\":\"de\",\"potentialAction\":[{\"@type\":\"ReadAction\",\"target\":[\"https:\/\/jak.fi\/de\/unternehmen\/informationen-zur-rechnungsstellung\/\"]}]},{\"@type\":\"BreadcrumbList\",\"@id\":\"https:\/\/jak.fi\/de\/unternehmen\/informationen-zur-rechnungsstellung\/#breadcrumb\",\"itemListElement\":[{\"@type\":\"ListItem\",\"position\":1,\"name\":\"Etusivu\",\"item\":\"https:\/\/jak.fi\/de\/\"},{\"@type\":\"ListItem\",\"position\":2,\"name\":\"Unternehmen\",\"item\":\"https:\/\/jak.fi\/de\/unternehmen\/\"},{\"@type\":\"ListItem\",\"position\":3,\"name\":\"Informationen zur Rechnungsstellung\"}]},{\"@type\":\"WebSite\",\"@id\":\"https:\/\/jak.fi\/de\/#website\",\"url\":\"https:\/\/jak.fi\/de\/\",\"name\":\"JAK-Metalli Oy\",\"description\":\"\",\"publisher\":{\"@id\":\"https:\/\/jak.fi\/de\/#organization\"},\"alternateName\":\"JAK Tree shears\",\"potentialAction\":[{\"@type\":\"SearchAction\",\"target\":{\"@type\":\"EntryPoint\",\"urlTemplate\":\"https:\/\/jak.fi\/de\/?s={search_term_string}\"},\"query-input\":{\"@type\":\"PropertyValueSpecification\",\"valueRequired\":true,\"valueName\":\"search_term_string\"}}],\"inLanguage\":\"de\"},{\"@type\":\"Organization\",\"@id\":\"https:\/\/jak.fi\/de\/#organization\",\"name\":\"JAK-Metalli Oy\",\"alternateName\":\"JAK Tree shears\",\"url\":\"https:\/\/jak.fi\/de\/\",\"logo\":{\"@type\":\"ImageObject\",\"inLanguage\":\"de\",\"@id\":\"https:\/\/jak.fi\/de\/#\/schema\/logo\/image\/\",\"url\":\"https:\/\/jak.fi\/wp-content\/uploads\/2024\/09\/JAK-logo-696x696-1.jpg\",\"contentUrl\":\"https:\/\/jak.fi\/wp-content\/uploads\/2024\/09\/JAK-logo-696x696-1.jpg\",\"width\":696,\"height\":696,\"caption\":\"JAK-Metalli Oy\"},\"image\":{\"@id\":\"https:\/\/jak.fi\/de\/#\/schema\/logo\/image\/\"},\"sameAs\":[\"https:\/\/www.facebook.com\/jaktreeshears\",\"https:\/\/www.instagram.com\/jaktreeshears\/\",\"https:\/\/www.youtube.com\/channel\/UCAwvaVhBBkPie8MeAGbdY1w\"]}]}<\/script>\n<!-- \/ Yoast SEO plugin. -->","yoast_head_json":{"title":"Informationen zur Rechnungsstellung &#8211; JAK-Metalli Oy","description":"Aktuelle Informationen zur Rechnungsstellung f\u00fcr JAK-Produkte und Anleitungen zur elektronischen Rechnungsstellung und zum elektronischen Rechnungsversand - erfahren Sie mehr.","robots":{"index":"index","follow":"follow","max-snippet":"max-snippet:-1","max-image-preview":"max-image-preview:large","max-video-preview":"max-video-preview:-1"},"canonical":"https:\/\/jak.fi\/de\/unternehmen\/informationen-zur-rechnungsstellung\/","og_locale":"de_DE","og_type":"article","og_title":"Informationen zur Rechnungsstellung &#8211; JAK-Metalli Oy","og_description":"Aktuelle Informationen zur Rechnungsstellung f\u00fcr JAK-Produkte und Anleitungen zur elektronischen Rechnungsstellung und zum elektronischen Rechnungsversand - erfahren Sie mehr.","og_url":"https:\/\/jak.fi\/de\/unternehmen\/informationen-zur-rechnungsstellung\/","og_site_name":"JAK-Metalli Oy","article_publisher":"https:\/\/www.facebook.com\/jaktreeshears","article_modified_time":"2025-04-17T10:48:23+00:00","og_image":[{"width":2000,"height":600,"url":"https:\/\/jak.fi\/wp-content\/uploads\/2024\/05\/jak-ylakuva-1-2000x600px-1.jpg","type":"image\/jpeg"}],"twitter_card":"summary_large_image","twitter_misc":{"Gesch\u00e4tzte Lesezeit":"2\u00a0Minute"},"schema":{"@context":"https:\/\/schema.org","@graph":[{"@type":"WebPage","@id":"https:\/\/jak.fi\/de\/unternehmen\/informationen-zur-rechnungsstellung\/","url":"https:\/\/jak.fi\/de\/unternehmen\/informationen-zur-rechnungsstellung\/","name":"Informationen zur Rechnungsstellung &#8211; JAK-Metalli Oy","isPartOf":{"@id":"https:\/\/jak.fi\/de\/#website"},"datePublished":"2024-05-21T12:31:48+00:00","dateModified":"2025-04-17T10:48:23+00:00","description":"Aktuelle Informationen zur Rechnungsstellung f\u00fcr JAK-Produkte und Anleitungen zur elektronischen Rechnungsstellung und zum elektronischen Rechnungsversand - erfahren Sie mehr.","breadcrumb":{"@id":"https:\/\/jak.fi\/de\/unternehmen\/informationen-zur-rechnungsstellung\/#breadcrumb"},"inLanguage":"de","potentialAction":[{"@type":"ReadAction","target":["https:\/\/jak.fi\/de\/unternehmen\/informationen-zur-rechnungsstellung\/"]}]},{"@type":"BreadcrumbList","@id":"https:\/\/jak.fi\/de\/unternehmen\/informationen-zur-rechnungsstellung\/#breadcrumb","itemListElement":[{"@type":"ListItem","position":1,"name":"Etusivu","item":"https:\/\/jak.fi\/de\/"},{"@type":"ListItem","position":2,"name":"Unternehmen","item":"https:\/\/jak.fi\/de\/unternehmen\/"},{"@type":"ListItem","position":3,"name":"Informationen zur Rechnungsstellung"}]},{"@type":"WebSite","@id":"https:\/\/jak.fi\/de\/#website","url":"https:\/\/jak.fi\/de\/","name":"JAK-Metalli Oy","description":"","publisher":{"@id":"https:\/\/jak.fi\/de\/#organization"},"alternateName":"JAK Tree shears","potentialAction":[{"@type":"SearchAction","target":{"@type":"EntryPoint","urlTemplate":"https:\/\/jak.fi\/de\/?s={search_term_string}"},"query-input":{"@type":"PropertyValueSpecification","valueRequired":true,"valueName":"search_term_string"}}],"inLanguage":"de"},{"@type":"Organization","@id":"https:\/\/jak.fi\/de\/#organization","name":"JAK-Metalli Oy","alternateName":"JAK Tree shears","url":"https:\/\/jak.fi\/de\/","logo":{"@type":"ImageObject","inLanguage":"de","@id":"https:\/\/jak.fi\/de\/#\/schema\/logo\/image\/","url":"https:\/\/jak.fi\/wp-content\/uploads\/2024\/09\/JAK-logo-696x696-1.jpg","contentUrl":"https:\/\/jak.fi\/wp-content\/uploads\/2024\/09\/JAK-logo-696x696-1.jpg","width":696,"height":696,"caption":"JAK-Metalli Oy"},"image":{"@id":"https:\/\/jak.fi\/de\/#\/schema\/logo\/image\/"},"sameAs":["https:\/\/www.facebook.com\/jaktreeshears","https:\/\/www.instagram.com\/jaktreeshears\/","https:\/\/www.youtube.com\/channel\/UCAwvaVhBBkPie8MeAGbdY1w"]}]}},"_links":{"self":[{"href":"https:\/\/jak.fi\/de\/wp-json\/wp\/v2\/pages\/5228","targetHints":{"allow":["GET"]}}],"collection":[{"href":"https:\/\/jak.fi\/de\/wp-json\/wp\/v2\/pages"}],"about":[{"href":"https:\/\/jak.fi\/de\/wp-json\/wp\/v2\/types\/page"}],"author":[{"embeddable":true,"href":"https:\/\/jak.fi\/de\/wp-json\/wp\/v2\/users\/1"}],"replies":[{"embeddable":true,"href":"https:\/\/jak.fi\/de\/wp-json\/wp\/v2\/comments?post=5228"}],"version-history":[{"count":3,"href":"https:\/\/jak.fi\/de\/wp-json\/wp\/v2\/pages\/5228\/revisions"}],"predecessor-version":[{"id":7505,"href":"https:\/\/jak.fi\/de\/wp-json\/wp\/v2\/pages\/5228\/revisions\/7505"}],"up":[{"embeddable":true,"href":"https:\/\/jak.fi\/de\/wp-json\/wp\/v2\/pages\/5191"}],"wp:attachment":[{"href":"https:\/\/jak.fi\/de\/wp-json\/wp\/v2\/media?parent=5228"}],"curies":[{"name":"wp","href":"https:\/\/api.w.org\/{rel}","templated":true}]}}