{"id":5233,"date":"2024-05-28T09:32:03","date_gmt":"2024-05-28T06:32:03","guid":{"rendered":"https:\/\/jak.fi\/unternehmen\/jak-als-arbeitgeber\/"},"modified":"2025-08-18T09:24:31","modified_gmt":"2025-08-18T06:24:31","slug":"jak-als-arbeitgeber","status":"publish","type":"page","link":"https:\/\/jak.fi\/de\/unternehmen\/jak-als-arbeitgeber\/","title":{"rendered":"JAK als Arbeitgeber"},"content":{"rendered":"\n<div style=\"height:30px\" aria-hidden=\"true\" class=\"wp-block-spacer\"><\/div>\n\n\n\n<p class=\"has-text-align-center has-red-color has-text-color has-link-color has-medium-font-size wp-elements-80c6a4084365c32af6bc4fcce82d1abb\">Unsere Vision ist es, der international beste, begehrteste und vertrauensw\u00fcrdigste Partner im Bereich der Herstellung von F\u00e4llgreifern zu sein. Daher m\u00f6chten wir in Kompetenz und den Willen investieren, uns zum besten Unternehmen der Branche zu entwickeln.<\/p>\n\n\n\n<h2 class=\"wp-block-heading has-text-align-center\">JAK-Metalli Oy als Arbeitgeber<\/h2>\n\n\n\n<div class=\"wp-block-columns is-layout-flex wp-container-core-columns-is-layout-9d6595d7 wp-block-columns-is-layout-flex\">\n<div class=\"wp-block-column is-layout-flow wp-block-column-is-layout-flow\">\n<p>JAK-Metalli Oy ist ein wachstumsorientiertes KMU mit einer starken Vision f\u00fcr die Internationalisierung. Als Arbeitgeber bieten wir derzeit etwa 20 Personen einen Arbeitsplatz. Dar\u00fcber hinaus ist eine gro\u00dfe Anzahl von Mitarbeitern in den Bereichen Vertrieb, Marketing und Logistik eng mit unserem Betrieb verbunden.  <\/p>\n\n\n\n<p>Unsere Fabrik in M\u00e4ntt\u00e4 ist die Basis unserer Aktivit\u00e4ten und bietet einen hochwertigen Rahmen f\u00fcr die Produktion und das Wohlbefinden unserer Mitarbeiter. Das Grundprinzip ist, dass jedes unserer Produkte von Anfang bis Ende im eigenen Haus hergestellt wird, wodurch wir die Qualit\u00e4t der Produktion in jeder Phase kontrollieren k\u00f6nnen. Dies erm\u00f6glicht es unseren Mitarbeitern auch, die greifbaren Ergebnisse ihrer Arbeit zu sehen.  <\/p>\n<\/div>\n\n\n\n<div class=\"wp-block-column is-layout-flow wp-block-column-is-layout-flow\">\n<p>Unsere Fabrik kombiniert moderne Automatisierung mit finnischer Handwerkskunst. Dies ist einer der Eckpfeiler unserer T\u00e4tigkeit, denn wir wollten nie mit niedrigeren Preisen und geringerer Qualit\u00e4t auf dem Markt konkurrieren. Finnische Arbeit wird auf der ganzen Welt gesch\u00e4tzt und wir m\u00f6chten, dass sich dies in unseren Produkten widerspiegelt. Deshalb sind wir besonders stolz auf unsere qualifizierten Mitarbeiter, denen die Qualit\u00e4t unserer Produkte zu verdanken ist. Unsere engagierten Mitarbeiter leisten auch einen echten Beitrag zum Unternehmen und der Geist der Zusammenarbeit ist sp\u00fcrbar. Au\u00dferdem haben wir ein sehr famili\u00e4res und humorvolles Arbeitsumfeld, in dem es Spa\u00df macht, zur Arbeit zu kommen.     <\/p>\n<\/div>\n<\/div>\n\n\n\n<figure class=\"wp-block-image size-full\"><img loading=\"lazy\" decoding=\"async\" width=\"1920\" height=\"1280\" src=\"https:\/\/jak.fi\/wp-content\/uploads\/2024\/06\/henkilosto-kuvitus-3.jpg\" alt=\"\" class=\"wp-image-942\" srcset=\"https:\/\/jak.fi\/wp-content\/uploads\/2024\/06\/henkilosto-kuvitus-3.jpg 1920w, https:\/\/jak.fi\/wp-content\/uploads\/2024\/06\/henkilosto-kuvitus-3-700x467.jpg 700w, https:\/\/jak.fi\/wp-content\/uploads\/2024\/06\/henkilosto-kuvitus-3-1200x800.jpg 1200w, https:\/\/jak.fi\/wp-content\/uploads\/2024\/06\/henkilosto-kuvitus-3-768x512.jpg 768w, https:\/\/jak.fi\/wp-content\/uploads\/2024\/06\/henkilosto-kuvitus-3-1536x1024.jpg 1536w, https:\/\/jak.fi\/wp-content\/uploads\/2024\/06\/henkilosto-kuvitus-3-800x533.jpg 800w\" sizes=\"auto, (max-width: 1920px) 100vw, 1920px\" \/><\/figure>\n\n\n\n<div class=\"wp-block-media-text is-stacked-on-mobile is-image-fill-element\"><figure class=\"wp-block-media-text__media\"><img loading=\"lazy\" decoding=\"async\" width=\"1200\" height=\"800\" src=\"https:\/\/jak.fi\/wp-content\/uploads\/2024\/06\/henkilosto-kuvitus-4-1200x800.jpg\" alt=\"\" class=\"wp-image-937 size-full\" style=\"object-position:39% 29%\" srcset=\"https:\/\/jak.fi\/wp-content\/uploads\/2024\/06\/henkilosto-kuvitus-4-1200x800.jpg 1200w, https:\/\/jak.fi\/wp-content\/uploads\/2024\/06\/henkilosto-kuvitus-4-700x467.jpg 700w, https:\/\/jak.fi\/wp-content\/uploads\/2024\/06\/henkilosto-kuvitus-4-768x512.jpg 768w, https:\/\/jak.fi\/wp-content\/uploads\/2024\/06\/henkilosto-kuvitus-4-1536x1024.jpg 1536w, https:\/\/jak.fi\/wp-content\/uploads\/2024\/06\/henkilosto-kuvitus-4-800x533.jpg 800w, https:\/\/jak.fi\/wp-content\/uploads\/2024\/06\/henkilosto-kuvitus-4.jpg 1920w\" sizes=\"auto, (max-width: 1200px) 100vw, 1200px\" \/><\/figure><div class=\"wp-block-media-text__content\">\n<p><\/p>\n\n\n\n<h3 class=\"wp-block-heading\">FAQ<\/h3>\n\n\n\n<p><strong>An welchen F\u00e4higkeiten sind Sie besonders interessiert?<\/strong><br>Fachleute aus dem Bereich der Metallverarbeitung.<\/p>\n\n\n\n<p><strong>Voinko j\u00e4tt\u00e4\u00e4 avoimen hakemuksen?<\/strong><br>Tietenkin! L\u00e4het\u00e4 avoin hakemus alla olevalla lomakkeella tai l\u00e4het\u00e4 s\u00e4hk\u00f6postia osoitteeseen <a href=\"mailto:rekry@jak.fi\">rekry@jak.fi<\/a><\/p>\n\n\n\n<p><strong>Stellen Sie Sommerarbeiter ein?<\/strong><br>Unsere Fabrik ist im Juli geschlossen, so dass wir keinen Bedarf an Sommerarbeitern haben.<\/p>\n\n\n\n<p><strong>Bieten Sie M\u00f6glichkeiten f\u00fcr ein Praktikum oder eine Abschlussarbeit an?<\/strong><br>Ja! Nehmen Sie Kontakt mit uns auf und lassen Sie uns mehr dar\u00fcber sprechen. <\/p>\n<\/div><\/div>\n\n\n\n<h2 class=\"wp-block-heading\">Kontaktieren Sie uns!<\/h2>\n\n\n\n<div class=\"wpcf7 no-js\" id=\"wpcf7-f5279-o1\" lang=\"de-DE\" dir=\"ltr\" data-wpcf7-id=\"5279\">\n<div class=\"screen-reader-response\"><p role=\"status\" aria-live=\"polite\" aria-atomic=\"true\"><\/p> <ul><\/ul><\/div>\n<form action=\"\/de\/wp-json\/wp\/v2\/pages\/5233#wpcf7-f5279-o1\" method=\"post\" class=\"wpcf7-form init\" aria-label=\"Kontaktformular\" novalidate=\"novalidate\" data-status=\"init\">\n<fieldset class=\"hidden-fields-container\"><input type=\"hidden\" name=\"_wpcf7\" value=\"5279\" \/><input type=\"hidden\" name=\"_wpcf7_version\" value=\"6.1.5\" \/><input type=\"hidden\" name=\"_wpcf7_locale\" value=\"de_DE\" \/><input type=\"hidden\" name=\"_wpcf7_unit_tag\" value=\"wpcf7-f5279-o1\" \/><input type=\"hidden\" name=\"_wpcf7_container_post\" value=\"0\" \/><input type=\"hidden\" name=\"_wpcf7_posted_data_hash\" value=\"\" \/><input type=\"hidden\" name=\"_wpcf7_recaptcha_response\" value=\"\" \/>\n<\/fieldset>\n<div class=\"row\">\n\t<div class=\"col-6 col-md-12 col-lg-6\">\n\t\t<div class=\"form-group\">\n\t\t\t<p><label class=\"control-label\">Vorname<\/label><br \/>\n<span class=\"wpcf7-form-control-wrap\" data-name=\"etunimi\"><input size=\"40\" maxlength=\"400\" class=\"wpcf7-form-control wpcf7-text wpcf7-validates-as-required form-control\" aria-required=\"true\" aria-invalid=\"false\" value=\"\" type=\"text\" name=\"etunimi\" \/><\/span>\n\t\t\t<\/p>\n\t\t<\/div>\n\t<\/div>\n\t<div class=\"col-6 col-md-12 col-lg-6\">\n\t\t<div class=\"form-group\">\n\t\t\t<p><label class=\"control-label\">Nachname<\/label><br \/>\n<span class=\"wpcf7-form-control-wrap\" data-name=\"sukunimi\"><input size=\"40\" maxlength=\"400\" class=\"wpcf7-form-control wpcf7-text wpcf7-validates-as-required form-control\" aria-required=\"true\" aria-invalid=\"false\" value=\"\" type=\"text\" name=\"sukunimi\" \/><\/span>\n\t\t\t<\/p>\n\t\t<\/div>\n\t<\/div>\n<\/div>\n<div class=\"form-group\">\n\t<p><label class=\"control-label\">E-Mail<\/label><br \/>\n<span class=\"wpcf7-form-control-wrap\" data-name=\"sahkoposti\"><input size=\"40\" maxlength=\"400\" class=\"wpcf7-form-control wpcf7-email wpcf7-validates-as-required wpcf7-text wpcf7-validates-as-email form-control\" autocomplete=\"email\" aria-required=\"true\" aria-invalid=\"false\" value=\"\" type=\"email\" name=\"sahkoposti\" \/><\/span>\n\t<\/p>\n<\/div>\n<div class=\"form-group\">\n\t<p><label class=\"control-label\">Ihre Nachricht<\/label><br \/>\n<span class=\"wpcf7-form-control-wrap\" data-name=\"viestisi\"><textarea cols=\"40\" rows=\"3\" maxlength=\"2000\" class=\"wpcf7-form-control wpcf7-textarea wpcf7-validates-as-required form-control\" aria-required=\"true\" aria-invalid=\"false\" name=\"viestisi\"><\/textarea><\/span>\n\t<\/p>\n<\/div>\n<p><span id=\"wpcf7-69d9851f516f9-wrapper\" class=\"wpcf7-form-control-wrap email-65-wrap\" style=\"display:none !important; visibility:hidden !important;\"><input type=\"hidden\" name=\"email-65-time-start\" value=\"1775863071\"><input type=\"hidden\" name=\"email-65-time-check\" value=\"10\"><label for=\"wpcf7-69d9851f516f9-field\" class=\"hp-message\">Bitte lasse dieses Feld leer.<\/label><input id=\"wpcf7-69d9851f516f9-field\"  class=\"wpcf7-form-control wpcf7-text\" type=\"text\" name=\"email-65\" value=\"\" size=\"40\" tabindex=\"-1\" autocomplete=\"new-password\" \/><\/span><br \/>\n<span class=\"wpcf7-form-control-wrap recaptcha\" data-name=\"recaptcha\"><span data-sitekey=\"6LeH2ykqAAAAABeGFDaq9eWSEJ__65SpcwjgWBPL\" class=\"wpcf7-form-control wpcf7-recaptcha g-recaptcha\"><\/span>\r\n<noscript>\r\n\t<div class=\"grecaptcha-noscript\">\r\n\t\t<iframe loading=\"lazy\" src=\"https:\/\/www.google.com\/recaptcha\/api\/fallback?k=6LeH2ykqAAAAABeGFDaq9eWSEJ__65SpcwjgWBPL\" frameborder=\"0\" scrolling=\"no\" width=\"310\" height=\"430\">\r\n\t\t<\/iframe>\r\n\t\t<textarea name=\"g-recaptcha-response\" rows=\"3\" cols=\"40\" placeholder=\"reCaptcha Response Here\">\r\n\t\t<\/textarea>\r\n\t<\/div>\r\n<\/noscript>\r\n<\/span><br \/>\n<input class=\"wpcf7-form-control wpcf7-submit has-spinner btn\" type=\"submit\" value=\"Senden an\" \/>\n<\/p><div class=\"wpcf7-response-output\" aria-hidden=\"true\"><\/div>\n<\/form>\n<\/div>\n\n","protected":false},"excerpt":{"rendered":"<p>Unsere Vision ist es, der international beste, begehrteste und vertrauensw\u00fcrdigste Partner im Bereich der Herstellung von F\u00e4llgreifern zu sein. Daher m\u00f6chten wir in Kompetenz und den Willen investieren, uns zum besten Unternehmen der Branche zu entwickeln. JAK-Metalli Oy als Arbeitgeber JAK-Metalli Oy ist ein wachstumsorientiertes KMU mit einer starken Vision f\u00fcr die Internationalisierung. Als Arbeitgeber [&hellip;]<\/p>\n","protected":false},"author":1,"featured_media":5239,"parent":5191,"menu_order":89,"comment_status":"closed","ping_status":"closed","template":"","meta":{"_acf_changed":false,"footnotes":""},"class_list":["post-5233","page","type-page","status-publish","has-post-thumbnail","hentry"],"acf":[],"yoast_head":"<!-- This site is optimized with the Yoast SEO plugin v27.2 - https:\/\/yoast.com\/product\/yoast-seo-wordpress\/ -->\n<title>JAK als Arbeitgeber &#8211; JAK-Metalli Oy<\/title>\n<meta name=\"description\" content=\"Unsere Vision ist es, der international beste, begehrteste und vertrauensw\u00fcrdigste Partner im Bereich der Herstellung von F\u00e4llgreifern zu sein.\" \/>\n<meta name=\"robots\" content=\"index, follow, max-snippet:-1, max-image-preview:large, max-video-preview:-1\" \/>\n<link rel=\"canonical\" href=\"https:\/\/jak.fi\/de\/unternehmen\/jak-als-arbeitgeber\/\" \/>\n<meta property=\"og:locale\" content=\"de_DE\" \/>\n<meta property=\"og:type\" content=\"article\" \/>\n<meta property=\"og:title\" content=\"JAK als Arbeitgeber &#8211; JAK-Metalli Oy\" \/>\n<meta property=\"og:description\" content=\"Unsere Vision ist es, der international beste, begehrteste und vertrauensw\u00fcrdigste Partner im Bereich der Herstellung von F\u00e4llgreifern zu sein.\" \/>\n<meta property=\"og:url\" content=\"https:\/\/jak.fi\/de\/unternehmen\/jak-als-arbeitgeber\/\" \/>\n<meta property=\"og:site_name\" content=\"JAK-Metalli Oy\" \/>\n<meta property=\"article:publisher\" content=\"https:\/\/www.facebook.com\/jaktreeshears\" \/>\n<meta property=\"article:modified_time\" content=\"2025-08-18T06:24:31+00:00\" \/>\n<meta property=\"og:image\" content=\"https:\/\/jak.fi\/wp-content\/uploads\/2024\/06\/JAK_header_employer.jpg\" \/>\n\t<meta property=\"og:image:width\" content=\"2240\" \/>\n\t<meta property=\"og:image:height\" content=\"700\" \/>\n\t<meta property=\"og:image:type\" content=\"image\/jpeg\" \/>\n<meta name=\"twitter:card\" content=\"summary_large_image\" \/>\n<meta name=\"twitter:label1\" content=\"Gesch\u00e4tzte Lesezeit\" \/>\n\t<meta name=\"twitter:data1\" content=\"1\u00a0Minute\" \/>\n<script type=\"application\/ld+json\" class=\"yoast-schema-graph\">{\"@context\":\"https:\/\/schema.org\",\"@graph\":[{\"@type\":\"WebPage\",\"@id\":\"https:\/\/jak.fi\/de\/unternehmen\/jak-als-arbeitgeber\/\",\"url\":\"https:\/\/jak.fi\/de\/unternehmen\/jak-als-arbeitgeber\/\",\"name\":\"JAK als Arbeitgeber &#8211; JAK-Metalli Oy\",\"isPartOf\":{\"@id\":\"https:\/\/jak.fi\/de\/#website\"},\"primaryImageOfPage\":{\"@id\":\"https:\/\/jak.fi\/de\/unternehmen\/jak-als-arbeitgeber\/#primaryimage\"},\"image\":{\"@id\":\"https:\/\/jak.fi\/de\/unternehmen\/jak-als-arbeitgeber\/#primaryimage\"},\"thumbnailUrl\":\"https:\/\/jak.fi\/wp-content\/uploads\/2024\/06\/JAK_header_employer.jpg\",\"datePublished\":\"2024-05-28T06:32:03+00:00\",\"dateModified\":\"2025-08-18T06:24:31+00:00\",\"description\":\"Unsere Vision ist es, der international beste, begehrteste und vertrauensw\u00fcrdigste Partner im Bereich der Herstellung von F\u00e4llgreifern zu sein.\",\"breadcrumb\":{\"@id\":\"https:\/\/jak.fi\/de\/unternehmen\/jak-als-arbeitgeber\/#breadcrumb\"},\"inLanguage\":\"de\",\"potentialAction\":[{\"@type\":\"ReadAction\",\"target\":[\"https:\/\/jak.fi\/de\/unternehmen\/jak-als-arbeitgeber\/\"]}]},{\"@type\":\"ImageObject\",\"inLanguage\":\"de\",\"@id\":\"https:\/\/jak.fi\/de\/unternehmen\/jak-als-arbeitgeber\/#primaryimage\",\"url\":\"https:\/\/jak.fi\/wp-content\/uploads\/2024\/06\/JAK_header_employer.jpg\",\"contentUrl\":\"https:\/\/jak.fi\/wp-content\/uploads\/2024\/06\/JAK_header_employer.jpg\",\"width\":2240,\"height\":700,\"caption\":\"JAK-tehtaalla iloinen ty\u00f6mies juttelemassa kollegansa kanssa, ty\u00f6skentely\u00e4 hyv\u00e4ss\u00e4 hengess\u00e4.\"},{\"@type\":\"BreadcrumbList\",\"@id\":\"https:\/\/jak.fi\/de\/unternehmen\/jak-als-arbeitgeber\/#breadcrumb\",\"itemListElement\":[{\"@type\":\"ListItem\",\"position\":1,\"name\":\"Etusivu\",\"item\":\"https:\/\/jak.fi\/de\/\"},{\"@type\":\"ListItem\",\"position\":2,\"name\":\"Unternehmen\",\"item\":\"https:\/\/jak.fi\/de\/unternehmen\/\"},{\"@type\":\"ListItem\",\"position\":3,\"name\":\"JAK als Arbeitgeber\"}]},{\"@type\":\"WebSite\",\"@id\":\"https:\/\/jak.fi\/de\/#website\",\"url\":\"https:\/\/jak.fi\/de\/\",\"name\":\"JAK-Metalli Oy\",\"description\":\"\",\"publisher\":{\"@id\":\"https:\/\/jak.fi\/de\/#organization\"},\"alternateName\":\"JAK Tree shears\",\"potentialAction\":[{\"@type\":\"SearchAction\",\"target\":{\"@type\":\"EntryPoint\",\"urlTemplate\":\"https:\/\/jak.fi\/de\/?s={search_term_string}\"},\"query-input\":{\"@type\":\"PropertyValueSpecification\",\"valueRequired\":true,\"valueName\":\"search_term_string\"}}],\"inLanguage\":\"de\"},{\"@type\":\"Organization\",\"@id\":\"https:\/\/jak.fi\/de\/#organization\",\"name\":\"JAK-Metalli Oy\",\"alternateName\":\"JAK Tree shears\",\"url\":\"https:\/\/jak.fi\/de\/\",\"logo\":{\"@type\":\"ImageObject\",\"inLanguage\":\"de\",\"@id\":\"https:\/\/jak.fi\/de\/#\/schema\/logo\/image\/\",\"url\":\"https:\/\/jak.fi\/wp-content\/uploads\/2024\/09\/JAK-logo-696x696-1.jpg\",\"contentUrl\":\"https:\/\/jak.fi\/wp-content\/uploads\/2024\/09\/JAK-logo-696x696-1.jpg\",\"width\":696,\"height\":696,\"caption\":\"JAK-Metalli Oy\"},\"image\":{\"@id\":\"https:\/\/jak.fi\/de\/#\/schema\/logo\/image\/\"},\"sameAs\":[\"https:\/\/www.facebook.com\/jaktreeshears\",\"https:\/\/www.instagram.com\/jaktreeshears\/\",\"https:\/\/www.youtube.com\/channel\/UCAwvaVhBBkPie8MeAGbdY1w\"]}]}<\/script>\n<!-- \/ Yoast SEO plugin. -->","yoast_head_json":{"title":"JAK als Arbeitgeber &#8211; JAK-Metalli Oy","description":"Unsere Vision ist es, der international beste, begehrteste und vertrauensw\u00fcrdigste Partner im Bereich der Herstellung von F\u00e4llgreifern zu sein.","robots":{"index":"index","follow":"follow","max-snippet":"max-snippet:-1","max-image-preview":"max-image-preview:large","max-video-preview":"max-video-preview:-1"},"canonical":"https:\/\/jak.fi\/de\/unternehmen\/jak-als-arbeitgeber\/","og_locale":"de_DE","og_type":"article","og_title":"JAK als Arbeitgeber &#8211; JAK-Metalli Oy","og_description":"Unsere Vision ist es, der international beste, begehrteste und vertrauensw\u00fcrdigste Partner im Bereich der Herstellung von F\u00e4llgreifern zu sein.","og_url":"https:\/\/jak.fi\/de\/unternehmen\/jak-als-arbeitgeber\/","og_site_name":"JAK-Metalli Oy","article_publisher":"https:\/\/www.facebook.com\/jaktreeshears","article_modified_time":"2025-08-18T06:24:31+00:00","og_image":[{"width":2240,"height":700,"url":"https:\/\/jak.fi\/wp-content\/uploads\/2024\/06\/JAK_header_employer.jpg","type":"image\/jpeg"}],"twitter_card":"summary_large_image","twitter_misc":{"Gesch\u00e4tzte Lesezeit":"1\u00a0Minute"},"schema":{"@context":"https:\/\/schema.org","@graph":[{"@type":"WebPage","@id":"https:\/\/jak.fi\/de\/unternehmen\/jak-als-arbeitgeber\/","url":"https:\/\/jak.fi\/de\/unternehmen\/jak-als-arbeitgeber\/","name":"JAK als Arbeitgeber &#8211; JAK-Metalli Oy","isPartOf":{"@id":"https:\/\/jak.fi\/de\/#website"},"primaryImageOfPage":{"@id":"https:\/\/jak.fi\/de\/unternehmen\/jak-als-arbeitgeber\/#primaryimage"},"image":{"@id":"https:\/\/jak.fi\/de\/unternehmen\/jak-als-arbeitgeber\/#primaryimage"},"thumbnailUrl":"https:\/\/jak.fi\/wp-content\/uploads\/2024\/06\/JAK_header_employer.jpg","datePublished":"2024-05-28T06:32:03+00:00","dateModified":"2025-08-18T06:24:31+00:00","description":"Unsere Vision ist es, der international beste, begehrteste und vertrauensw\u00fcrdigste Partner im Bereich der Herstellung von F\u00e4llgreifern zu sein.","breadcrumb":{"@id":"https:\/\/jak.fi\/de\/unternehmen\/jak-als-arbeitgeber\/#breadcrumb"},"inLanguage":"de","potentialAction":[{"@type":"ReadAction","target":["https:\/\/jak.fi\/de\/unternehmen\/jak-als-arbeitgeber\/"]}]},{"@type":"ImageObject","inLanguage":"de","@id":"https:\/\/jak.fi\/de\/unternehmen\/jak-als-arbeitgeber\/#primaryimage","url":"https:\/\/jak.fi\/wp-content\/uploads\/2024\/06\/JAK_header_employer.jpg","contentUrl":"https:\/\/jak.fi\/wp-content\/uploads\/2024\/06\/JAK_header_employer.jpg","width":2240,"height":700,"caption":"JAK-tehtaalla iloinen ty\u00f6mies juttelemassa kollegansa kanssa, ty\u00f6skentely\u00e4 hyv\u00e4ss\u00e4 hengess\u00e4."},{"@type":"BreadcrumbList","@id":"https:\/\/jak.fi\/de\/unternehmen\/jak-als-arbeitgeber\/#breadcrumb","itemListElement":[{"@type":"ListItem","position":1,"name":"Etusivu","item":"https:\/\/jak.fi\/de\/"},{"@type":"ListItem","position":2,"name":"Unternehmen","item":"https:\/\/jak.fi\/de\/unternehmen\/"},{"@type":"ListItem","position":3,"name":"JAK als Arbeitgeber"}]},{"@type":"WebSite","@id":"https:\/\/jak.fi\/de\/#website","url":"https:\/\/jak.fi\/de\/","name":"JAK-Metalli Oy","description":"","publisher":{"@id":"https:\/\/jak.fi\/de\/#organization"},"alternateName":"JAK Tree shears","potentialAction":[{"@type":"SearchAction","target":{"@type":"EntryPoint","urlTemplate":"https:\/\/jak.fi\/de\/?s={search_term_string}"},"query-input":{"@type":"PropertyValueSpecification","valueRequired":true,"valueName":"search_term_string"}}],"inLanguage":"de"},{"@type":"Organization","@id":"https:\/\/jak.fi\/de\/#organization","name":"JAK-Metalli Oy","alternateName":"JAK Tree shears","url":"https:\/\/jak.fi\/de\/","logo":{"@type":"ImageObject","inLanguage":"de","@id":"https:\/\/jak.fi\/de\/#\/schema\/logo\/image\/","url":"https:\/\/jak.fi\/wp-content\/uploads\/2024\/09\/JAK-logo-696x696-1.jpg","contentUrl":"https:\/\/jak.fi\/wp-content\/uploads\/2024\/09\/JAK-logo-696x696-1.jpg","width":696,"height":696,"caption":"JAK-Metalli Oy"},"image":{"@id":"https:\/\/jak.fi\/de\/#\/schema\/logo\/image\/"},"sameAs":["https:\/\/www.facebook.com\/jaktreeshears","https:\/\/www.instagram.com\/jaktreeshears\/","https:\/\/www.youtube.com\/channel\/UCAwvaVhBBkPie8MeAGbdY1w"]}]}},"_links":{"self":[{"href":"https:\/\/jak.fi\/de\/wp-json\/wp\/v2\/pages\/5233","targetHints":{"allow":["GET"]}}],"collection":[{"href":"https:\/\/jak.fi\/de\/wp-json\/wp\/v2\/pages"}],"about":[{"href":"https:\/\/jak.fi\/de\/wp-json\/wp\/v2\/types\/page"}],"author":[{"embeddable":true,"href":"https:\/\/jak.fi\/de\/wp-json\/wp\/v2\/users\/1"}],"replies":[{"embeddable":true,"href":"https:\/\/jak.fi\/de\/wp-json\/wp\/v2\/comments?post=5233"}],"version-history":[{"count":5,"href":"https:\/\/jak.fi\/de\/wp-json\/wp\/v2\/pages\/5233\/revisions"}],"predecessor-version":[{"id":11677,"href":"https:\/\/jak.fi\/de\/wp-json\/wp\/v2\/pages\/5233\/revisions\/11677"}],"up":[{"embeddable":true,"href":"https:\/\/jak.fi\/de\/wp-json\/wp\/v2\/pages\/5191"}],"wp:featuredmedia":[{"embeddable":true,"href":"https:\/\/jak.fi\/de\/wp-json\/wp\/v2\/media\/5239"}],"wp:attachment":[{"href":"https:\/\/jak.fi\/de\/wp-json\/wp\/v2\/media?parent=5233"}],"curies":[{"name":"wp","href":"https:\/\/api.w.org\/{rel}","templated":true}]}}