{"id":5259,"date":"2024-05-29T09:58:10","date_gmt":"2024-05-29T06:58:10","guid":{"rendered":"https:\/\/jak.fi\/energiegreifer-fuer-traktoren-und-forstmaschinen\/"},"modified":"2025-04-17T13:48:10","modified_gmt":"2025-04-17T10:48:10","slug":"energiegreifer-fuer-traktoren-und-forstmaschinen","status":"publish","type":"page","link":"https:\/\/jak.fi\/de\/energiegreifer-fuer-traktoren-und-forstmaschinen\/","title":{"rendered":"F\u00e4llgreifer f\u00fcr Traktor und Forstmaschine"},"content":{"rendered":"\n<h2 class=\"wp-block-heading has-text-align-center\">JAK F\u00e4llgreifer f\u00fcr Traktor, Forstmaschine oder Kran<\/h2>\n\n<p class=\"has-text-align-center has-blue-color has-text-color has-link-color has-medium-font-size wp-elements-f98f4bc18ec51e37dcc60d0c6d9dbec0\">JAK-Metalli Das Sortiment von Oy umfasst F\u00e4llgreifer f\u00fcr Traktor-Holzerntemaschinen und Forstmaschinen. F\u00e4llgreifer sind leicht und langlebig und daher f\u00fcr eine Vielzahl von Anwendungen geeignet.   <\/p>\n\n<p class=\"has-text-align-center has-blue-color has-text-color has-link-color has-medium-font-size wp-elements-a82aa3249188d6d9ed52bc325e0bbd04\">Unsere F\u00e4llgreifer f\u00fcr Energieholz sind f\u00fcr den schweren professionellen Einsatz konzipiert. Mit unseren F\u00e4llgreifern f\u00fcr Traktoren und Forstmaschinen k\u00f6nnen Sie m\u00fchelos Feldr\u00e4nder und Stra\u00dfenr\u00e4nder r\u00e4umen und Energieholz schneiden, auch auf gro\u00dfen Fl\u00e4chen. Jeder JAK F\u00e4llgreifer wird mit einer 24-monatigen Werksgarantie geliefert.  <\/p>\n\n<hr class=\"wp-block-separator has-text-color has-red-color has-alpha-channel-opacity has-red-background-color has-background is-style-wide\"\/>\n\n<h2 class=\"wp-block-heading has-text-align-center\">W\u00e4hlen Sie den richtigen F\u00e4llgreifer f\u00fcr Ihre <br\/>Maschinengr\u00f6\u00dfe<\/h2>\n<div class=\"woocommerce columns-4 \"><div class=\"col-12 col-md-6 col-lg-3 product\"  >\n\t<figure>\n\t\t<img loading=\"lazy\" decoding=\"async\" width=\"800\" height=\"540\" src=\"https:\/\/jak.fi\/wp-content\/uploads\/2025\/04\/JAK-250K-Pro-Tree-Shear-Web-10-800x540.png\" class=\"attachment-woocommerce_thumbnail size-woocommerce_thumbnail\" alt=\"JAK-250K Pro F\u00e4llgreifer f\u00fcr Traktor oder Forstmaschine\" \/>\t\t\n\t\t<figcaption>\n\t\n\t\t\t<h3 class=\"\u201dwoocommerce-loop-product__title\u201d\">JAK-200K PRO F\u00e4llgreifer<\/h3>\n\t\t\t\n\t\t\n\t\t\t\n\t\t\t<p class=\"has-blue-color\">F\u00fcr Traktoren und Holzkr\u00e4ne<\/p>\n\t\t\t\t\t\n\t\t\t<\/a>\t\t\t\t\t\n\t\t\t<a href=\"https:\/\/jak.fi\/de\/produkte\/fallgreifer-fur-traktoren-und-forstmaschinen\/jak-200k-pro-faellgreifer\/\">Erkunden Sie das Produkt <i class=\"fa-solid fa-chevron-right\" aria-hidden=\"true\"><\/i><\/a>\n\t\t<\/figcaption>\t\t\t\t\t\t\t\n\t<\/figure>\n<\/div>\n<div class=\"col-12 col-md-6 col-lg-3 product\"  >\n\t<figure>\n\t\t<img loading=\"lazy\" decoding=\"async\" width=\"800\" height=\"540\" src=\"https:\/\/jak.fi\/wp-content\/uploads\/2025\/04\/JAK-250K-Pro-Tree-Shear-Web-10-800x540.png\" class=\"attachment-woocommerce_thumbnail size-woocommerce_thumbnail\" alt=\"JAK-250K Pro F\u00e4llgreifer f\u00fcr Traktor oder Forstmaschine\" \/>\t\t\n\t\t<figcaption>\n\t\n\t\t\t<h3 class=\"\u201dwoocommerce-loop-product__title\u201d\">JAK-250K PRO F\u00e4llgreifer<\/h3>\n\t\t\t\n\t\t\n\t\t\t\n\t\t\t<p class=\"has-blue-color\">F\u00fcr Forstmaschinen und gro\u00dfe Traktoren<\/p>\n\t\t\t\t\t\n\t\t\t<\/a>\t\t\t\t\t\n\t\t\t<a href=\"https:\/\/jak.fi\/de\/produkte\/fallgreifer-fur-traktoren-und-forstmaschinen\/jak-250k-pro-faellgreifer\/\">Erkunden Sie das Produkt <i class=\"fa-solid fa-chevron-right\" aria-hidden=\"true\"><\/i><\/a>\n\t\t<\/figcaption>\t\t\t\t\t\t\t\n\t<\/figure>\n<\/div>\n<div class=\"col-12 col-md-6 col-lg-3 product\"  >\n\t<figure>\n\t\t<img loading=\"lazy\" decoding=\"async\" width=\"800\" height=\"540\" src=\"https:\/\/jak.fi\/wp-content\/uploads\/2025\/04\/JAK-250K-Pro-Tree-Shear-Web-10-800x540.png\" class=\"attachment-woocommerce_thumbnail size-woocommerce_thumbnail\" alt=\"JAK-250K Pro F\u00e4llgreifer f\u00fcr Traktor oder Forstmaschine\" \/>\t\t\n\t\t<figcaption>\n\t\n\t\t\t<h3 class=\"\u201dwoocommerce-loop-product__title\u201d\">JAK-300K PRO F\u00e4llgreifer<\/h3>\n\t\t\t\n\t\t\n\t\t\t\n\t\t\t<p class=\"has-blue-color\">forstmaschine<\/p>\n\t\t\t\t\t\n\t\t\t<\/a>\t\t\t\t\t\n\t\t\t<a href=\"https:\/\/jak.fi\/de\/produkte\/fallgreifer-fur-traktoren-und-forstmaschinen\/jak-300k-pro-faellgreifer\/\">Erkunden Sie das Produkt <i class=\"fa-solid fa-chevron-right\" aria-hidden=\"true\"><\/i><\/a>\n\t\t<\/figcaption>\t\t\t\t\t\t\t\n\t<\/figure>\n<\/div>\n<div class=\"col-12 col-md-6 col-lg-3 product\"  >\n\t<figure>\n\t\t<img loading=\"lazy\" decoding=\"async\" width=\"800\" height=\"540\" src=\"https:\/\/jak.fi\/wp-content\/uploads\/2024\/05\/jak-200k-4-1-800x540.png\" class=\"attachment-woocommerce_thumbnail size-woocommerce_thumbnail\" alt=\"JAK-200K F\u00e4llgreifer GEN4\" \/>\t\t\n\t\t<figcaption>\n\t\n\t\t\t<h3 class=\"\u201dwoocommerce-loop-product__title\u201d\">JAK-200K F\u00e4llgreifer GEN4<\/h3>\n\t\t\t\n\t\t\n\t\t\t\n\t\t\t<p class=\"has-blue-color\">F\u00fcr kleine Traktoren und Holzlader<\/p>\n\t\t\t\t\t\n\t\t\t<\/a>\t\t\t\t\t\n\t\t\t<a href=\"https:\/\/jak.fi\/de\/produkte\/fallgreifer-fur-traktoren-und-forstmaschinen\/jak-200k-faellgreifer\/\">Erkunden Sie das Produkt <i class=\"fa-solid fa-chevron-right\" aria-hidden=\"true\"><\/i><\/a>\n\t\t<\/figcaption>\t\t\t\t\t\t\t\n\t<\/figure>\n<\/div>\n<div class=\"col-12 col-md-6 col-lg-3 product\"  >\n\t<figure>\n\t\t<img loading=\"lazy\" decoding=\"async\" width=\"800\" height=\"540\" src=\"https:\/\/jak.fi\/wp-content\/uploads\/2024\/06\/jak-250k-4-1-800x540.png\" class=\"attachment-woocommerce_thumbnail size-woocommerce_thumbnail\" alt=\"JAK-250K GEN4 F\u00e4llgreifer f\u00fcr Forstmaschinen und Traktoren, effizient und langlebig, schneidet 250 mm dicke B\u00e4ume.\" \/>\t\t\n\t\t<figcaption>\n\t\n\t\t\t<h3 class=\"\u201dwoocommerce-loop-product__title\u201d\">JAK-250K F\u00e4llgreifer GEN4<\/h3>\n\t\t\t\n\t\t\n\t\t\t\n\t\t\t<p class=\"has-blue-color\">F\u00fcr Forstmaschinen und gro\u00dfe Traktoren<\/p>\n\t\t\t\t\t\n\t\t\t<\/a>\t\t\t\t\t\n\t\t\t<a href=\"https:\/\/jak.fi\/de\/produkte\/fallgreifer-fur-traktoren-und-forstmaschinen\/jak-250k-gen4-faellgreifer\/\">Erkunden Sie das Produkt <i class=\"fa-solid fa-chevron-right\" aria-hidden=\"true\"><\/i><\/a>\n\t\t<\/figcaption>\t\t\t\t\t\t\t\n\t<\/figure>\n<\/div>\n<\/div>\n\n<div style=\"height:100px\" aria-hidden=\"true\" class=\"wp-block-spacer\"><\/div>\n\n<figure class=\"wp-block-gallery has-nested-images columns-default is-cropped wp-block-gallery-1 is-layout-flex wp-block-gallery-is-layout-flex\">\n<figure class=\"wp-block-image size-large\"><img loading=\"lazy\" decoding=\"async\" width=\"1200\" height=\"841\" data-id=\"478\" src=\"https:\/\/jak.fi\/wp-content\/uploads\/2024\/05\/jak-200k-on-tractor-timber-loader-21-scaled-1-1200x841.jpg\" alt=\"Der JAK-250K F&#xE4;llgreifer, der auf dem Holzlader eines Traktors montiert ist, sorgt f&#xFC;r effizientes F&#xE4;llen von B&#xE4;umen in der Forstwirtschaft.\" class=\"wp-image-478\" srcset=\"https:\/\/jak.fi\/wp-content\/uploads\/2024\/05\/jak-200k-on-tractor-timber-loader-21-scaled-1-1200x841.jpg 1200w, https:\/\/jak.fi\/wp-content\/uploads\/2024\/05\/jak-200k-on-tractor-timber-loader-21-scaled-1-700x490.jpg 700w, https:\/\/jak.fi\/wp-content\/uploads\/2024\/05\/jak-200k-on-tractor-timber-loader-21-scaled-1-768x538.jpg 768w, https:\/\/jak.fi\/wp-content\/uploads\/2024\/05\/jak-200k-on-tractor-timber-loader-21-scaled-1-1536x1076.jpg 1536w, https:\/\/jak.fi\/wp-content\/uploads\/2024\/05\/jak-200k-on-tractor-timber-loader-21-scaled-1-800x560.jpg 800w, https:\/\/jak.fi\/wp-content\/uploads\/2024\/05\/jak-200k-on-tractor-timber-loader-21-scaled-1.jpg 1920w\" sizes=\"auto, (max-width: 1200px) 100vw, 1200px\" \/><\/figure>\n\n\n\n<figure class=\"wp-block-image size-large\"><img loading=\"lazy\" decoding=\"async\" width=\"1200\" height=\"829\" data-id=\"508\" src=\"https:\/\/jak.fi\/wp-content\/uploads\/2024\/05\/jak-200k-on-tractor-timber-loader-24-scaled-1-1200x829.jpg\" alt=\"Der JAK-250K F&#xE4;llgreifer, der auf dem Holzlader eines Traktors montiert ist, sorgt f&#xFC;r effizientes F&#xE4;llen von B&#xE4;umen in der Forstwirtschaft.\" class=\"wp-image-508\" srcset=\"https:\/\/jak.fi\/wp-content\/uploads\/2024\/05\/jak-200k-on-tractor-timber-loader-24-scaled-1-1200x829.jpg 1200w, https:\/\/jak.fi\/wp-content\/uploads\/2024\/05\/jak-200k-on-tractor-timber-loader-24-scaled-1-700x484.jpg 700w, https:\/\/jak.fi\/wp-content\/uploads\/2024\/05\/jak-200k-on-tractor-timber-loader-24-scaled-1-768x531.jpg 768w, https:\/\/jak.fi\/wp-content\/uploads\/2024\/05\/jak-200k-on-tractor-timber-loader-24-scaled-1-1536x1062.jpg 1536w, https:\/\/jak.fi\/wp-content\/uploads\/2024\/05\/jak-200k-on-tractor-timber-loader-24-scaled-1-800x553.jpg 800w, https:\/\/jak.fi\/wp-content\/uploads\/2024\/05\/jak-200k-on-tractor-timber-loader-24-scaled-1.jpg 1920w\" sizes=\"auto, (max-width: 1200px) 100vw, 1200px\" \/><\/figure>\n\n\n\n<figure class=\"wp-block-image size-large\"><img loading=\"lazy\" decoding=\"async\" width=\"1200\" height=\"756\" data-id=\"7121\" src=\"https:\/\/jak.fi\/wp-content\/uploads\/2025\/03\/jak-200k-on-tractor-timber-loader-14-scaled-1-1200x756.jpg\" alt=\"\" class=\"wp-image-7121\" srcset=\"https:\/\/jak.fi\/wp-content\/uploads\/2025\/03\/jak-200k-on-tractor-timber-loader-14-scaled-1-1200x756.jpg 1200w, https:\/\/jak.fi\/wp-content\/uploads\/2025\/03\/jak-200k-on-tractor-timber-loader-14-scaled-1-700x441.jpg 700w, https:\/\/jak.fi\/wp-content\/uploads\/2025\/03\/jak-200k-on-tractor-timber-loader-14-scaled-1-768x484.jpg 768w, https:\/\/jak.fi\/wp-content\/uploads\/2025\/03\/jak-200k-on-tractor-timber-loader-14-scaled-1-1536x968.jpg 1536w, https:\/\/jak.fi\/wp-content\/uploads\/2025\/03\/jak-200k-on-tractor-timber-loader-14-scaled-1-2048x1290.jpg 2048w, https:\/\/jak.fi\/wp-content\/uploads\/2025\/03\/jak-200k-on-tractor-timber-loader-14-scaled-1-800x504.jpg 800w\" sizes=\"auto, (max-width: 1200px) 100vw, 1200px\" \/><\/figure>\n<\/figure>\n\n<h2 class=\"wp-block-heading\">JAK F\u00e4llgreifer f\u00fcr Traktoren und Forstmaschinen &#8211; effizientere und sicherere Ernte<\/h2>\n\n<p>Der JAK F\u00e4llgreifer f\u00fcr Traktoren und Forstmaschinen sorgt f\u00fcr eine noch nie dagewesene Effizienz und Leichtigkeit beim Roden von B\u00e4umen und Gestr\u00fcpp. Der Energy Grapple wurde f\u00fcr den harten Einsatz entwickelt und bietet eine breite Palette von Funktionen f\u00fcr die Baumpflege. Egal, ob Sie Stra\u00dfenr\u00e4nder, Stromleitungen, Bahngleise, Feldr\u00e4nder, Grundst\u00fccke oder Wald- und Landschaftsgebiete roden, der Energy Grapple macht die Rodungsarbeiten sicher und effizient.  <\/p>\n\n<p>Unser F\u00e4llgreifer ist ein leistungsstarkes, schnelles und \u00e4u\u00dferst langlebiges Werkzeug, auf dessen Zuverl\u00e4ssigkeit zahlreiche Fachleute aus der Branche weltweit vertrauen. Mit dem F\u00e4llgreifer kann ein Baum m\u00fchelos und pr\u00e4zise an der gew\u00fcnschten Stelle geschnitten werden, anschlie\u00dfend kann der Baum an den gew\u00fcnschten Ort gehoben werden, um weiterverarbeitet zu werden. Dank des Designs des F\u00e4llgreifers gelingt die Baumbearbeitung und das Schneiden auch hervorragend am Boden.  <\/p>\n\n<p>Die Baumr\u00e4umung mit dem F\u00e4llgreifer ist am effektivsten, wenn unerw\u00fcnschte B\u00e4ume, die nicht f\u00fcr andere Zwecke geeignet sind, ausged\u00fcnnt werden sollen, um sie beispielsweise f\u00fcr die Bed\u00fcrfnisse von Energieanlagen zu verkaufen. Der F\u00e4llgreifer ist auch ein hervorragendes Werkzeug, um problematische B\u00e4ume aus schwierigen Bereichen wie der N\u00e4he von Geb\u00e4uden oder Parks zu entfernen. Er wird auch verwendet, um Sch\u00e4den zu beseitigen, die durch verschiedene St\u00fcrme oder Br\u00e4nde verursacht wurden.  <\/p>\n","protected":false},"excerpt":{"rendered":"<p>JAK F\u00e4llgreifer f\u00fcr Traktor, Forstmaschine oder Kran JAK-Metalli Das Sortiment von Oy umfasst F\u00e4llgreifer f\u00fcr Traktor-Holzerntemaschinen und Forstmaschinen. F\u00e4llgreifer sind leicht und langlebig und daher f\u00fcr eine Vielzahl von Anwendungen geeignet. Unsere F\u00e4llgreifer f\u00fcr Energieholz sind f\u00fcr den schweren professionellen Einsatz konzipiert. Mit unseren F\u00e4llgreifern f\u00fcr Traktoren und Forstmaschinen k\u00f6nnen Sie m\u00fchelos Feldr\u00e4nder und Stra\u00dfenr\u00e4nder [&hellip;]<\/p>\n","protected":false},"author":1,"featured_media":5262,"parent":0,"menu_order":65,"comment_status":"closed","ping_status":"closed","template":"","meta":{"_acf_changed":false,"footnotes":""},"class_list":["post-5259","page","type-page","status-publish","has-post-thumbnail","hentry"],"acf":[],"yoast_head":"<!-- This site is optimized with the Yoast SEO plugin v27.3 - https:\/\/yoast.com\/product\/yoast-seo-wordpress\/ -->\n<title>F\u00e4llgreifer f\u00fcr Traktor und Forstmaschine &#8211; JAK-Metalli Oy<\/title>\n<meta name=\"description\" content=\"F\u00e4llgreifer f\u00fcr Traktoren, Forstmaschinen und Kr\u00e4ne - JAK Energiegreifer bieten Effizienz und Langlebigkeit f\u00fcr anspruchsvolle Aufgaben.\" \/>\n<meta name=\"robots\" content=\"index, follow, max-snippet:-1, max-image-preview:large, max-video-preview:-1\" \/>\n<link rel=\"canonical\" href=\"https:\/\/jak.fi\/de\/energiegreifer-fuer-traktoren-und-forstmaschinen\/\" \/>\n<meta property=\"og:locale\" content=\"de_DE\" \/>\n<meta property=\"og:type\" content=\"article\" \/>\n<meta property=\"og:title\" content=\"F\u00e4llgreifer f\u00fcr Traktor und Forstmaschine &#8211; JAK-Metalli Oy\" \/>\n<meta property=\"og:description\" content=\"F\u00e4llgreifer f\u00fcr Traktoren, Forstmaschinen und Kr\u00e4ne - JAK Energiegreifer bieten Effizienz und Langlebigkeit f\u00fcr anspruchsvolle Aufgaben.\" \/>\n<meta property=\"og:url\" content=\"https:\/\/jak.fi\/de\/energiegreifer-fuer-traktoren-und-forstmaschinen\/\" \/>\n<meta property=\"og:site_name\" content=\"JAK-Metalli Oy\" \/>\n<meta property=\"article:publisher\" content=\"https:\/\/www.facebook.com\/jaktreeshears\" \/>\n<meta property=\"article:modified_time\" content=\"2025-04-17T10:48:10+00:00\" \/>\n<meta property=\"og:image\" content=\"https:\/\/jak.fi\/wp-content\/uploads\/2024\/06\/jak_ylakuva_traktorit.jpg\" \/>\n\t<meta property=\"og:image:width\" content=\"2240\" \/>\n\t<meta property=\"og:image:height\" content=\"700\" \/>\n\t<meta property=\"og:image:type\" content=\"image\/jpeg\" \/>\n<meta name=\"twitter:card\" content=\"summary_large_image\" \/>\n<meta name=\"twitter:label1\" content=\"Gesch\u00e4tzte Lesezeit\" \/>\n\t<meta name=\"twitter:data1\" content=\"2\u00a0Minute\" \/>\n<script type=\"application\/ld+json\" class=\"yoast-schema-graph\">{\"@context\":\"https:\\\/\\\/schema.org\",\"@graph\":[{\"@type\":\"WebPage\",\"@id\":\"https:\\\/\\\/jak.fi\\\/de\\\/energiegreifer-fuer-traktoren-und-forstmaschinen\\\/\",\"url\":\"https:\\\/\\\/jak.fi\\\/de\\\/energiegreifer-fuer-traktoren-und-forstmaschinen\\\/\",\"name\":\"F\u00e4llgreifer f\u00fcr Traktor und Forstmaschine &#8211; JAK-Metalli Oy\",\"isPartOf\":{\"@id\":\"https:\\\/\\\/jak.fi\\\/de\\\/#website\"},\"primaryImageOfPage\":{\"@id\":\"https:\\\/\\\/jak.fi\\\/de\\\/energiegreifer-fuer-traktoren-und-forstmaschinen\\\/#primaryimage\"},\"image\":{\"@id\":\"https:\\\/\\\/jak.fi\\\/de\\\/energiegreifer-fuer-traktoren-und-forstmaschinen\\\/#primaryimage\"},\"thumbnailUrl\":\"https:\\\/\\\/jak.fi\\\/wp-content\\\/uploads\\\/2024\\\/06\\\/jak_ylakuva_traktorit.jpg\",\"datePublished\":\"2024-05-29T06:58:10+00:00\",\"dateModified\":\"2025-04-17T10:48:10+00:00\",\"description\":\"F\u00e4llgreifer f\u00fcr Traktoren, Forstmaschinen und Kr\u00e4ne - JAK Energiegreifer bieten Effizienz und Langlebigkeit f\u00fcr anspruchsvolle Aufgaben.\",\"breadcrumb\":{\"@id\":\"https:\\\/\\\/jak.fi\\\/de\\\/energiegreifer-fuer-traktoren-und-forstmaschinen\\\/#breadcrumb\"},\"inLanguage\":\"de\",\"potentialAction\":[{\"@type\":\"ReadAction\",\"target\":[\"https:\\\/\\\/jak.fi\\\/de\\\/energiegreifer-fuer-traktoren-und-forstmaschinen\\\/\"]}]},{\"@type\":\"ImageObject\",\"inLanguage\":\"de\",\"@id\":\"https:\\\/\\\/jak.fi\\\/de\\\/energiegreifer-fuer-traktoren-und-forstmaschinen\\\/#primaryimage\",\"url\":\"https:\\\/\\\/jak.fi\\\/wp-content\\\/uploads\\\/2024\\\/06\\\/jak_ylakuva_traktorit.jpg\",\"contentUrl\":\"https:\\\/\\\/jak.fi\\\/wp-content\\\/uploads\\\/2024\\\/06\\\/jak_ylakuva_traktorit.jpg\",\"width\":2240,\"height\":700,\"caption\":\"Der JAK F\u00e4llgreifer, der am Holzlader des Traktors befestigt ist, ist bereit, B\u00e4ume zu bearbeiten und zu f\u00e4llen.\"},{\"@type\":\"BreadcrumbList\",\"@id\":\"https:\\\/\\\/jak.fi\\\/de\\\/energiegreifer-fuer-traktoren-und-forstmaschinen\\\/#breadcrumb\",\"itemListElement\":[{\"@type\":\"ListItem\",\"position\":1,\"name\":\"Etusivu\",\"item\":\"https:\\\/\\\/jak.fi\\\/de\\\/\"},{\"@type\":\"ListItem\",\"position\":2,\"name\":\"F\u00e4llgreifer f\u00fcr Traktor und Forstmaschine\"}]},{\"@type\":\"WebSite\",\"@id\":\"https:\\\/\\\/jak.fi\\\/de\\\/#website\",\"url\":\"https:\\\/\\\/jak.fi\\\/de\\\/\",\"name\":\"JAK-Metalli Oy\",\"description\":\"\",\"publisher\":{\"@id\":\"https:\\\/\\\/jak.fi\\\/de\\\/#organization\"},\"alternateName\":\"JAK Tree shears\",\"potentialAction\":[{\"@type\":\"SearchAction\",\"target\":{\"@type\":\"EntryPoint\",\"urlTemplate\":\"https:\\\/\\\/jak.fi\\\/de\\\/?s={search_term_string}\"},\"query-input\":{\"@type\":\"PropertyValueSpecification\",\"valueRequired\":true,\"valueName\":\"search_term_string\"}}],\"inLanguage\":\"de\"},{\"@type\":\"Organization\",\"@id\":\"https:\\\/\\\/jak.fi\\\/de\\\/#organization\",\"name\":\"JAK-Metalli Oy\",\"alternateName\":\"JAK Tree shears\",\"url\":\"https:\\\/\\\/jak.fi\\\/de\\\/\",\"logo\":{\"@type\":\"ImageObject\",\"inLanguage\":\"de\",\"@id\":\"https:\\\/\\\/jak.fi\\\/de\\\/#\\\/schema\\\/logo\\\/image\\\/\",\"url\":\"https:\\\/\\\/jak.fi\\\/wp-content\\\/uploads\\\/2024\\\/09\\\/JAK-logo-696x696-1.jpg\",\"contentUrl\":\"https:\\\/\\\/jak.fi\\\/wp-content\\\/uploads\\\/2024\\\/09\\\/JAK-logo-696x696-1.jpg\",\"width\":696,\"height\":696,\"caption\":\"JAK-Metalli Oy\"},\"image\":{\"@id\":\"https:\\\/\\\/jak.fi\\\/de\\\/#\\\/schema\\\/logo\\\/image\\\/\"},\"sameAs\":[\"https:\\\/\\\/www.facebook.com\\\/jaktreeshears\",\"https:\\\/\\\/www.instagram.com\\\/jaktreeshears\\\/\",\"https:\\\/\\\/www.youtube.com\\\/channel\\\/UCAwvaVhBBkPie8MeAGbdY1w\"]}]}<\/script>\n<!-- \/ Yoast SEO plugin. -->","yoast_head_json":{"title":"F\u00e4llgreifer f\u00fcr Traktor und Forstmaschine &#8211; JAK-Metalli Oy","description":"F\u00e4llgreifer f\u00fcr Traktoren, Forstmaschinen und Kr\u00e4ne - JAK Energiegreifer bieten Effizienz und Langlebigkeit f\u00fcr anspruchsvolle Aufgaben.","robots":{"index":"index","follow":"follow","max-snippet":"max-snippet:-1","max-image-preview":"max-image-preview:large","max-video-preview":"max-video-preview:-1"},"canonical":"https:\/\/jak.fi\/de\/energiegreifer-fuer-traktoren-und-forstmaschinen\/","og_locale":"de_DE","og_type":"article","og_title":"F\u00e4llgreifer f\u00fcr Traktor und Forstmaschine &#8211; JAK-Metalli Oy","og_description":"F\u00e4llgreifer f\u00fcr Traktoren, Forstmaschinen und Kr\u00e4ne - JAK Energiegreifer bieten Effizienz und Langlebigkeit f\u00fcr anspruchsvolle Aufgaben.","og_url":"https:\/\/jak.fi\/de\/energiegreifer-fuer-traktoren-und-forstmaschinen\/","og_site_name":"JAK-Metalli Oy","article_publisher":"https:\/\/www.facebook.com\/jaktreeshears","article_modified_time":"2025-04-17T10:48:10+00:00","og_image":[{"width":2240,"height":700,"url":"https:\/\/jak.fi\/wp-content\/uploads\/2024\/06\/jak_ylakuva_traktorit.jpg","type":"image\/jpeg"}],"twitter_card":"summary_large_image","twitter_misc":{"Gesch\u00e4tzte Lesezeit":"2\u00a0Minute"},"schema":{"@context":"https:\/\/schema.org","@graph":[{"@type":"WebPage","@id":"https:\/\/jak.fi\/de\/energiegreifer-fuer-traktoren-und-forstmaschinen\/","url":"https:\/\/jak.fi\/de\/energiegreifer-fuer-traktoren-und-forstmaschinen\/","name":"F\u00e4llgreifer f\u00fcr Traktor und Forstmaschine &#8211; JAK-Metalli Oy","isPartOf":{"@id":"https:\/\/jak.fi\/de\/#website"},"primaryImageOfPage":{"@id":"https:\/\/jak.fi\/de\/energiegreifer-fuer-traktoren-und-forstmaschinen\/#primaryimage"},"image":{"@id":"https:\/\/jak.fi\/de\/energiegreifer-fuer-traktoren-und-forstmaschinen\/#primaryimage"},"thumbnailUrl":"https:\/\/jak.fi\/wp-content\/uploads\/2024\/06\/jak_ylakuva_traktorit.jpg","datePublished":"2024-05-29T06:58:10+00:00","dateModified":"2025-04-17T10:48:10+00:00","description":"F\u00e4llgreifer f\u00fcr Traktoren, Forstmaschinen und Kr\u00e4ne - JAK Energiegreifer bieten Effizienz und Langlebigkeit f\u00fcr anspruchsvolle Aufgaben.","breadcrumb":{"@id":"https:\/\/jak.fi\/de\/energiegreifer-fuer-traktoren-und-forstmaschinen\/#breadcrumb"},"inLanguage":"de","potentialAction":[{"@type":"ReadAction","target":["https:\/\/jak.fi\/de\/energiegreifer-fuer-traktoren-und-forstmaschinen\/"]}]},{"@type":"ImageObject","inLanguage":"de","@id":"https:\/\/jak.fi\/de\/energiegreifer-fuer-traktoren-und-forstmaschinen\/#primaryimage","url":"https:\/\/jak.fi\/wp-content\/uploads\/2024\/06\/jak_ylakuva_traktorit.jpg","contentUrl":"https:\/\/jak.fi\/wp-content\/uploads\/2024\/06\/jak_ylakuva_traktorit.jpg","width":2240,"height":700,"caption":"Der JAK F\u00e4llgreifer, der am Holzlader des Traktors befestigt ist, ist bereit, B\u00e4ume zu bearbeiten und zu f\u00e4llen."},{"@type":"BreadcrumbList","@id":"https:\/\/jak.fi\/de\/energiegreifer-fuer-traktoren-und-forstmaschinen\/#breadcrumb","itemListElement":[{"@type":"ListItem","position":1,"name":"Etusivu","item":"https:\/\/jak.fi\/de\/"},{"@type":"ListItem","position":2,"name":"F\u00e4llgreifer f\u00fcr Traktor und Forstmaschine"}]},{"@type":"WebSite","@id":"https:\/\/jak.fi\/de\/#website","url":"https:\/\/jak.fi\/de\/","name":"JAK-Metalli Oy","description":"","publisher":{"@id":"https:\/\/jak.fi\/de\/#organization"},"alternateName":"JAK Tree shears","potentialAction":[{"@type":"SearchAction","target":{"@type":"EntryPoint","urlTemplate":"https:\/\/jak.fi\/de\/?s={search_term_string}"},"query-input":{"@type":"PropertyValueSpecification","valueRequired":true,"valueName":"search_term_string"}}],"inLanguage":"de"},{"@type":"Organization","@id":"https:\/\/jak.fi\/de\/#organization","name":"JAK-Metalli Oy","alternateName":"JAK Tree shears","url":"https:\/\/jak.fi\/de\/","logo":{"@type":"ImageObject","inLanguage":"de","@id":"https:\/\/jak.fi\/de\/#\/schema\/logo\/image\/","url":"https:\/\/jak.fi\/wp-content\/uploads\/2024\/09\/JAK-logo-696x696-1.jpg","contentUrl":"https:\/\/jak.fi\/wp-content\/uploads\/2024\/09\/JAK-logo-696x696-1.jpg","width":696,"height":696,"caption":"JAK-Metalli Oy"},"image":{"@id":"https:\/\/jak.fi\/de\/#\/schema\/logo\/image\/"},"sameAs":["https:\/\/www.facebook.com\/jaktreeshears","https:\/\/www.instagram.com\/jaktreeshears\/","https:\/\/www.youtube.com\/channel\/UCAwvaVhBBkPie8MeAGbdY1w"]}]}},"_links":{"self":[{"href":"https:\/\/jak.fi\/de\/wp-json\/wp\/v2\/pages\/5259","targetHints":{"allow":["GET"]}}],"collection":[{"href":"https:\/\/jak.fi\/de\/wp-json\/wp\/v2\/pages"}],"about":[{"href":"https:\/\/jak.fi\/de\/wp-json\/wp\/v2\/types\/page"}],"author":[{"embeddable":true,"href":"https:\/\/jak.fi\/de\/wp-json\/wp\/v2\/users\/1"}],"replies":[{"embeddable":true,"href":"https:\/\/jak.fi\/de\/wp-json\/wp\/v2\/comments?post=5259"}],"version-history":[{"count":7,"href":"https:\/\/jak.fi\/de\/wp-json\/wp\/v2\/pages\/5259\/revisions"}],"predecessor-version":[{"id":8066,"href":"https:\/\/jak.fi\/de\/wp-json\/wp\/v2\/pages\/5259\/revisions\/8066"}],"wp:featuredmedia":[{"embeddable":true,"href":"https:\/\/jak.fi\/de\/wp-json\/wp\/v2\/media\/5262"}],"wp:attachment":[{"href":"https:\/\/jak.fi\/de\/wp-json\/wp\/v2\/media?parent=5259"}],"curies":[{"name":"wp","href":"https:\/\/api.w.org\/{rel}","templated":true}]}}