{"id":5266,"date":"2024-05-29T10:01:47","date_gmt":"2024-05-29T07:01:47","guid":{"rendered":"https:\/\/jak.fi\/energiegreifer-fuer-lader-und-greifer\/"},"modified":"2025-04-01T09:57:37","modified_gmt":"2025-04-01T06:57:37","slug":"energiegreifer-fuer-lader-und-greifer","status":"publish","type":"page","link":"https:\/\/jak.fi\/de\/energiegreifer-fuer-lader-und-greifer\/","title":{"rendered":"F\u00e4llgreifer f\u00fcr Radlader und Teleskoplader"},"content":{"rendered":"\n<h2 class=\"wp-block-heading has-text-align-center\">JAK F\u00e4llgreifer f\u00fcr unterschiedlich gro\u00dfe Radlader und Teleskoplader<\/h2>\n\n<p class=\"has-text-align-center\">Der JAK F\u00e4llgreifer ist das perfekte Zubeh\u00f6r f\u00fcr Radlader und Teleskoplader. Die F\u00e4llgreifer der R-Serie, ausgestattet mit einer Heckplatte f\u00fcr Radlader und Teleskoplader, sind f\u00fcr den harten professionellen Einsatz konzipiert und haben eine volle zwei Jahre Garantie. <\/p>\n\n<p class=\"has-text-align-center\">Unsere F\u00e4llgreifer f\u00fcr Radlader und Teleskoplader k\u00f6nnen werksseitig mit allen g\u00e4ngigen Befestigungen f\u00fcr Radlader und Teleskoplader ausgestattet werden.<\/p>\n\n<hr class=\"wp-block-separator has-text-color has-red-color has-alpha-channel-opacity has-red-background-color has-background is-style-wide\"\/>\n\n<h2 class=\"wp-block-heading has-text-align-center\">W\u00e4hlen Sie den richtigen F\u00e4llgreifer f\u00fcr Ihre <br\/>Maschinengr\u00f6\u00dfe<\/h2>\n<div class=\"woocommerce columns-4 \"><div class=\"col-12 col-md-6 col-lg-3 product\"  >\n\t<figure>\n\t\t<img loading=\"lazy\" decoding=\"async\" width=\"800\" height=\"540\" src=\"https:\/\/jak.fi\/wp-content\/uploads\/2024\/06\/jak-200r-tree-shear-for-wheel-loaders-and-telehandlers-front-right-view-1-800x540.png\" class=\"attachment-woocommerce_thumbnail size-woocommerce_thumbnail\" alt=\"JAK-200R F\u00e4llgreifer GEN4 f\u00fcr einen radlader und Teleskoplader\" \/>\t\t\n\t\t<figcaption>\n\t\n\t\t\t<h3 class=\"\u201dwoocommerce-loop-product__title\u201d\">JAK-200R F\u00e4llgreifer GEN4 f\u00fcr einen radlader und Teleskoplader<\/h3>\n\t\t\t\n\t\t\n\t\t\t\n\t\t\t<p class=\"has-blue-color\">Radlader 1,3\u20132,5 Tonnen (2866-5511 lbs)<br \/>\nTeleskoplader mit einer Hubkapazit\u00e4t von 450 kg (992 lbs)<\/p>\n\t\t\t\t\t\n\t\t\t<\/a>\t\t\t\t\t\n\t\t\t<a href=\"https:\/\/jak.fi\/de\/produkte\/fallgreifer-fur-radlader-teleskoplader\/jak-200r-gen4-faellgreifer-fuer-radlader-und-teleskoplader\/\">Erkunden Sie das Produkt <i class=\"fa-solid fa-chevron-right\" aria-hidden=\"true\"><\/i><\/a>\n\t\t<\/figcaption>\t\t\t\t\t\t\t\n\t<\/figure>\n<\/div>\n<div class=\"col-12 col-md-6 col-lg-3 product\"  >\n\t<figure>\n\t\t<img loading=\"lazy\" decoding=\"async\" width=\"800\" height=\"540\" src=\"https:\/\/jak.fi\/wp-content\/uploads\/2024\/06\/jak-250r-tree-shear-for-wheel-loaders-and-telehandlers-front-right-view-1-800x540.png\" class=\"attachment-woocommerce_thumbnail size-woocommerce_thumbnail\" alt=\"JAK-250R F\u00e4llgreifer GEN4 f\u00fcr einen radlader und Teleskoplader\" \/>\t\t\n\t\t<figcaption>\n\t\n\t\t\t<h3 class=\"\u201dwoocommerce-loop-product__title\u201d\">JAK-250R F\u00e4llgreifer GEN4 f\u00fcr einen radlader und Teleskoplader<\/h3>\n\t\t\t\n\t\t\n\t\t\t\n\t\t\t<p class=\"has-blue-color\">Radlader 3\u20136 Tonnen (6613-13227 lbs)<br \/>\nTeleskoplader mit einer Hubkapazit\u00e4t von 900 kg (1984 lbs)<\/p>\n\t\t\t\t\t\n\t\t\t<\/a>\t\t\t\t\t\n\t\t\t<a href=\"https:\/\/jak.fi\/de\/produkte\/fallgreifer-fur-radlader-teleskoplader\/jak-250r-gen4-faellgreifer-fuer-radlader-und-teleskoplader\/\">Erkunden Sie das Produkt <i class=\"fa-solid fa-chevron-right\" aria-hidden=\"true\"><\/i><\/a>\n\t\t<\/figcaption>\t\t\t\t\t\t\t\n\t<\/figure>\n<\/div>\n<div class=\"col-12 col-md-6 col-lg-3 product\"  >\n\t<figure>\n\t\t<img loading=\"lazy\" decoding=\"async\" width=\"800\" height=\"540\" src=\"https:\/\/jak.fi\/wp-content\/uploads\/2024\/05\/jak-300r-tree-shear-for-wheel-loader-and-telehandler-front-right-view-1-800x540.png\" class=\"attachment-woocommerce_thumbnail size-woocommerce_thumbnail\" alt=\"JAK-300R F\u00e4llgreifer f\u00fcr einen GEN4 radlader und Teleskoplader\" \/>\t\t\n\t\t<figcaption>\n\t\n\t\t\t<h3 class=\"\u201dwoocommerce-loop-product__title\u201d\">JAK-300R F\u00e4llgreifer f\u00fcr einen GEN4 radlader und Teleskoplader<\/h3>\n\t\t\t\n\t\t\n\t\t\t\n\t\t\t<p class=\"has-blue-color\">Lader 6\u201321 t<br \/>\nTeleskoplader mit einer Tragf\u00e4higkeit von 1300 kg<\/p>\n\t\t\t\t\t\n\t\t\t<\/a>\t\t\t\t\t\n\t\t\t<a href=\"https:\/\/jak.fi\/de\/produkte\/fallgreifer-fur-radlader-teleskoplader\/jak-300r-gen4-faellgreifer-fuer-radlader-und-teleskoplader\/\">Erkunden Sie das Produkt <i class=\"fa-solid fa-chevron-right\" aria-hidden=\"true\"><\/i><\/a>\n\t\t<\/figcaption>\t\t\t\t\t\t\t\n\t<\/figure>\n<\/div>\n<\/div>\n\n<figure class=\"wp-block-gallery has-nested-images columns-default is-cropped wp-block-gallery-1 is-layout-flex wp-block-gallery-is-layout-flex\">\n<figure class=\"wp-block-image size-large\"><img loading=\"lazy\" decoding=\"async\" width=\"1200\" height=\"823\" data-id=\"476\" src=\"https:\/\/jak.fi\/wp-content\/uploads\/2024\/05\/jak-200r-with-rotator-in-avant-loader-3-scaled-1-1200x823.jpg\" alt=\"Der JAK-200R F&#xE4;llgreifer, der an einem Radlader von Avant befestigt ist, f&#xFC;r effizientes F&#xE4;llen von B&#xE4;umen bei Forstarbeiten.\" class=\"wp-image-476\" srcset=\"https:\/\/jak.fi\/wp-content\/uploads\/2024\/05\/jak-200r-with-rotator-in-avant-loader-3-scaled-1-1200x823.jpg 1200w, https:\/\/jak.fi\/wp-content\/uploads\/2024\/05\/jak-200r-with-rotator-in-avant-loader-3-scaled-1-700x480.jpg 700w, https:\/\/jak.fi\/wp-content\/uploads\/2024\/05\/jak-200r-with-rotator-in-avant-loader-3-scaled-1-768x526.jpg 768w, https:\/\/jak.fi\/wp-content\/uploads\/2024\/05\/jak-200r-with-rotator-in-avant-loader-3-scaled-1-1536x1053.jpg 1536w, https:\/\/jak.fi\/wp-content\/uploads\/2024\/05\/jak-200r-with-rotator-in-avant-loader-3-scaled-1-800x548.jpg 800w, https:\/\/jak.fi\/wp-content\/uploads\/2024\/05\/jak-200r-with-rotator-in-avant-loader-3-scaled-1.jpg 1920w\" sizes=\"auto, (max-width: 1200px) 100vw, 1200px\" \/><\/figure>\n\n\n\n<figure class=\"wp-block-image size-large\"><img loading=\"lazy\" decoding=\"async\" width=\"1200\" height=\"854\" data-id=\"505\" src=\"https:\/\/jak.fi\/wp-content\/uploads\/2024\/05\/jak-200r-with-rotator-in-avant-loader-22-scaled-1-1200x854.jpg\" alt=\"Der JAK-200R F&#xE4;llgreifer, der an einem Radlader von Avant befestigt ist, f&#xFC;r effizientes F&#xE4;llen von B&#xE4;umen bei Forstarbeiten.\" class=\"wp-image-505\" srcset=\"https:\/\/jak.fi\/wp-content\/uploads\/2024\/05\/jak-200r-with-rotator-in-avant-loader-22-scaled-1-1200x854.jpg 1200w, https:\/\/jak.fi\/wp-content\/uploads\/2024\/05\/jak-200r-with-rotator-in-avant-loader-22-scaled-1-700x498.jpg 700w, https:\/\/jak.fi\/wp-content\/uploads\/2024\/05\/jak-200r-with-rotator-in-avant-loader-22-scaled-1-768x547.jpg 768w, https:\/\/jak.fi\/wp-content\/uploads\/2024\/05\/jak-200r-with-rotator-in-avant-loader-22-scaled-1-1536x1094.jpg 1536w, https:\/\/jak.fi\/wp-content\/uploads\/2024\/05\/jak-200r-with-rotator-in-avant-loader-22-scaled-1-800x570.jpg 800w, https:\/\/jak.fi\/wp-content\/uploads\/2024\/05\/jak-200r-with-rotator-in-avant-loader-22-scaled-1.jpg 1920w\" sizes=\"auto, (max-width: 1200px) 100vw, 1200px\" \/><\/figure>\n\n\n\n<figure class=\"wp-block-image size-large\"><img loading=\"lazy\" decoding=\"async\" width=\"1200\" height=\"838\" data-id=\"7085\" src=\"https:\/\/jak.fi\/wp-content\/uploads\/2025\/03\/jak-250r-with-rotator-in-telehandler-55-scaled-1-1200x838.jpg\" alt=\"Der f&#xFC;r Radlader und Teleskoplader konzipierte F&#xE4;llgreifer JAK-250R bietet effiziente Baumf&#xE4;llung und Asthandhabung sowie eine zuverl&#xE4;ssige Leistung.\" class=\"wp-image-7085\" srcset=\"https:\/\/jak.fi\/wp-content\/uploads\/2025\/03\/jak-250r-with-rotator-in-telehandler-55-scaled-1-1200x838.jpg 1200w, https:\/\/jak.fi\/wp-content\/uploads\/2025\/03\/jak-250r-with-rotator-in-telehandler-55-scaled-1-700x489.jpg 700w, https:\/\/jak.fi\/wp-content\/uploads\/2025\/03\/jak-250r-with-rotator-in-telehandler-55-scaled-1-768x536.jpg 768w, https:\/\/jak.fi\/wp-content\/uploads\/2025\/03\/jak-250r-with-rotator-in-telehandler-55-scaled-1-1536x1073.jpg 1536w, https:\/\/jak.fi\/wp-content\/uploads\/2025\/03\/jak-250r-with-rotator-in-telehandler-55-scaled-1-2048x1430.jpg 2048w, https:\/\/jak.fi\/wp-content\/uploads\/2025\/03\/jak-250r-with-rotator-in-telehandler-55-scaled-1-800x559.jpg 800w\" sizes=\"auto, (max-width: 1200px) 100vw, 1200px\" \/><\/figure>\n<\/figure>\n\n<h2 class=\"wp-block-heading has-text-align-center\">Effiziente, nachhaltige und vielseitige L\u00f6sungen f\u00fcr die Baumrodung<\/h2>\n\n<p>Der F\u00e4llgreifer von JAK sorgt f\u00fcr eine noch nie dagewesene Effizienz und Leichtigkeit bei der Beseitigung von B\u00e4umen und Str\u00e4uchern. Der f\u00fcr den harten Einsatz konzipierte Greifer bietet eine breite Palette von Funktionen f\u00fcr die Baumpflege. Ob bei der R\u00e4umung von Stra\u00dfenr\u00e4ndern, Stromleitungen, Bahnlinien, Feldr\u00e4ndern, Grundst\u00fccken oder Wald- und Landschaftsgebieten, unsere Produkte machen die Arbeit sicher und effizient.  <\/p>\n\n<p>Unsere Produkte sind leistungsstarke, schnelle und extrem langlebige Werkzeuge, denen Profis auf der ganzen Welt vertrauen. Sie erm\u00f6glichen es Ihnen, B\u00e4ume einfach und pr\u00e4zise an der gew\u00fcnschten Stelle zu f\u00e4llen und den Baum dann zur weiteren Bearbeitung an den gew\u00fcnschten Ort zu heben. Das Design erm\u00f6glicht auch eine hervorragende Handhabung und das Schneiden am Boden.  <\/p>\n\n<p>F\u00e4llgreifer sind besonders effektiv bei der Durchforstung von B\u00e4umen, die f\u00fcr andere Zwecke nicht geeignet sind, aber z.B. f\u00fcr die Energieerzeugung verkauft werden. Sie ist auch ein hervorragendes Instrument zur Beseitigung von Problemb\u00e4umen an schwierigen Standorten, wie in der N\u00e4he von Geb\u00e4uden oder in Parks. Sie wird auch zur Beseitigung von Sturm- und Brandsch\u00e4den eingesetzt.  <\/p>\n\n<div style=\"height:100px\" aria-hidden=\"true\" class=\"wp-block-spacer\"><\/div>\n\n<figure class=\"wp-block-image size-large\"><img loading=\"lazy\" decoding=\"async\" width=\"1200\" height=\"800\" src=\"https:\/\/jak.fi\/wp-content\/uploads\/2024\/05\/jak-250r-with-rotator-in-telehandler-25-scaled-1-1200x800.jpg\" alt=\"Der am Teleskoplader befestigte F&#xE4;llgreifer JAK-250R ist bereit f&#xFC;r die effiziente Holzbearbeitung und -aufarbeitung.\" class=\"wp-image-493\" srcset=\"https:\/\/jak.fi\/wp-content\/uploads\/2024\/05\/jak-250r-with-rotator-in-telehandler-25-scaled-1-1200x800.jpg 1200w, https:\/\/jak.fi\/wp-content\/uploads\/2024\/05\/jak-250r-with-rotator-in-telehandler-25-scaled-1-700x467.jpg 700w, https:\/\/jak.fi\/wp-content\/uploads\/2024\/05\/jak-250r-with-rotator-in-telehandler-25-scaled-1-768x512.jpg 768w, https:\/\/jak.fi\/wp-content\/uploads\/2024\/05\/jak-250r-with-rotator-in-telehandler-25-scaled-1-1536x1024.jpg 1536w, https:\/\/jak.fi\/wp-content\/uploads\/2024\/05\/jak-250r-with-rotator-in-telehandler-25-scaled-1-800x533.jpg 800w, https:\/\/jak.fi\/wp-content\/uploads\/2024\/05\/jak-250r-with-rotator-in-telehandler-25-scaled-1.jpg 1920w\" sizes=\"auto, (max-width: 1200px) 100vw, 1200px\" \/><\/figure>\n","protected":false},"excerpt":{"rendered":"<p>JAK F\u00e4llgreifer f\u00fcr unterschiedlich gro\u00dfe Radlader und Teleskoplader Der JAK F\u00e4llgreifer ist das perfekte Zubeh\u00f6r f\u00fcr Radlader und Teleskoplader. Die F\u00e4llgreifer der R-Serie, ausgestattet mit einer Heckplatte f\u00fcr Radlader und Teleskoplader, sind f\u00fcr den harten professionellen Einsatz konzipiert und haben eine volle zwei Jahre Garantie. Unsere F\u00e4llgreifer f\u00fcr Radlader und Teleskoplader k\u00f6nnen werksseitig mit allen [&hellip;]<\/p>\n","protected":false},"author":1,"featured_media":5270,"parent":0,"menu_order":56,"comment_status":"closed","ping_status":"closed","template":"","meta":{"_acf_changed":false,"footnotes":""},"class_list":["post-5266","page","type-page","status-publish","has-post-thumbnail","hentry"],"acf":[],"yoast_head":"<!-- This site is optimized with the Yoast SEO plugin v27.2 - https:\/\/yoast.com\/product\/yoast-seo-wordpress\/ -->\n<title>F\u00e4llgreifer f\u00fcr Radlader und Teleskoplader &#8211; JAK-Metalli Oy<\/title>\n<meta name=\"description\" content=\"Die R-Serie F\u00e4llgreifer, ausgestattet mit einer Heckplatte f\u00fcr Radlader und Teleskoplader, sind f\u00fcr den harten professionellen Einsatz konzipiert.\" \/>\n<meta name=\"robots\" content=\"index, follow, max-snippet:-1, max-image-preview:large, max-video-preview:-1\" \/>\n<link rel=\"canonical\" href=\"https:\/\/jak.fi\/de\/energiegreifer-fuer-lader-und-greifer\/\" \/>\n<meta property=\"og:locale\" content=\"de_DE\" \/>\n<meta property=\"og:type\" content=\"article\" \/>\n<meta property=\"og:title\" content=\"F\u00e4llgreifer f\u00fcr Radlader und Teleskoplader &#8211; JAK-Metalli Oy\" \/>\n<meta property=\"og:description\" content=\"Die R-Serie F\u00e4llgreifer, ausgestattet mit einer Heckplatte f\u00fcr Radlader und Teleskoplader, sind f\u00fcr den harten professionellen Einsatz konzipiert.\" \/>\n<meta property=\"og:url\" content=\"https:\/\/jak.fi\/de\/energiegreifer-fuer-lader-und-greifer\/\" \/>\n<meta property=\"og:site_name\" content=\"JAK-Metalli Oy\" \/>\n<meta property=\"article:publisher\" content=\"https:\/\/www.facebook.com\/jaktreeshears\" \/>\n<meta property=\"article:modified_time\" content=\"2025-04-01T06:57:37+00:00\" \/>\n<meta property=\"og:image\" content=\"https:\/\/jak.fi\/wp-content\/uploads\/2024\/06\/jak_ylakuva_kurottaja.jpg\" \/>\n\t<meta property=\"og:image:width\" content=\"2240\" \/>\n\t<meta property=\"og:image:height\" content=\"700\" \/>\n\t<meta property=\"og:image:type\" content=\"image\/jpeg\" \/>\n<meta name=\"twitter:card\" content=\"summary_large_image\" \/>\n<meta name=\"twitter:label1\" content=\"Gesch\u00e4tzte Lesezeit\" \/>\n\t<meta name=\"twitter:data1\" content=\"1\u00a0Minute\" \/>\n<script type=\"application\/ld+json\" class=\"yoast-schema-graph\">{\"@context\":\"https:\/\/schema.org\",\"@graph\":[{\"@type\":\"WebPage\",\"@id\":\"https:\/\/jak.fi\/de\/energiegreifer-fuer-lader-und-greifer\/\",\"url\":\"https:\/\/jak.fi\/de\/energiegreifer-fuer-lader-und-greifer\/\",\"name\":\"F\u00e4llgreifer f\u00fcr Radlader und Teleskoplader &#8211; JAK-Metalli Oy\",\"isPartOf\":{\"@id\":\"https:\/\/jak.fi\/de\/#website\"},\"primaryImageOfPage\":{\"@id\":\"https:\/\/jak.fi\/de\/energiegreifer-fuer-lader-und-greifer\/#primaryimage\"},\"image\":{\"@id\":\"https:\/\/jak.fi\/de\/energiegreifer-fuer-lader-und-greifer\/#primaryimage\"},\"thumbnailUrl\":\"https:\/\/jak.fi\/wp-content\/uploads\/2024\/06\/jak_ylakuva_kurottaja.jpg\",\"datePublished\":\"2024-05-29T07:01:47+00:00\",\"dateModified\":\"2025-04-01T06:57:37+00:00\",\"description\":\"Die R-Serie F\u00e4llgreifer, ausgestattet mit einer Heckplatte f\u00fcr Radlader und Teleskoplader, sind f\u00fcr den harten professionellen Einsatz konzipiert.\",\"breadcrumb\":{\"@id\":\"https:\/\/jak.fi\/de\/energiegreifer-fuer-lader-und-greifer\/#breadcrumb\"},\"inLanguage\":\"de\",\"potentialAction\":[{\"@type\":\"ReadAction\",\"target\":[\"https:\/\/jak.fi\/de\/energiegreifer-fuer-lader-und-greifer\/\"]}]},{\"@type\":\"ImageObject\",\"inLanguage\":\"de\",\"@id\":\"https:\/\/jak.fi\/de\/energiegreifer-fuer-lader-und-greifer\/#primaryimage\",\"url\":\"https:\/\/jak.fi\/wp-content\/uploads\/2024\/06\/jak_ylakuva_kurottaja.jpg\",\"contentUrl\":\"https:\/\/jak.fi\/wp-content\/uploads\/2024\/06\/jak_ylakuva_kurottaja.jpg\",\"width\":2240,\"height\":700,\"caption\":\"JAK-300R F\u00e4llgreifer an einem Teleskoplader, der sich an einem gro\u00dfen Baumstamm festh\u00e4lt.\"},{\"@type\":\"BreadcrumbList\",\"@id\":\"https:\/\/jak.fi\/de\/energiegreifer-fuer-lader-und-greifer\/#breadcrumb\",\"itemListElement\":[{\"@type\":\"ListItem\",\"position\":1,\"name\":\"Etusivu\",\"item\":\"https:\/\/jak.fi\/de\/\"},{\"@type\":\"ListItem\",\"position\":2,\"name\":\"F\u00e4llgreifer f\u00fcr Radlader und Teleskoplader\"}]},{\"@type\":\"WebSite\",\"@id\":\"https:\/\/jak.fi\/de\/#website\",\"url\":\"https:\/\/jak.fi\/de\/\",\"name\":\"JAK-Metalli Oy\",\"description\":\"\",\"publisher\":{\"@id\":\"https:\/\/jak.fi\/de\/#organization\"},\"alternateName\":\"JAK Tree shears\",\"potentialAction\":[{\"@type\":\"SearchAction\",\"target\":{\"@type\":\"EntryPoint\",\"urlTemplate\":\"https:\/\/jak.fi\/de\/?s={search_term_string}\"},\"query-input\":{\"@type\":\"PropertyValueSpecification\",\"valueRequired\":true,\"valueName\":\"search_term_string\"}}],\"inLanguage\":\"de\"},{\"@type\":\"Organization\",\"@id\":\"https:\/\/jak.fi\/de\/#organization\",\"name\":\"JAK-Metalli Oy\",\"alternateName\":\"JAK Tree shears\",\"url\":\"https:\/\/jak.fi\/de\/\",\"logo\":{\"@type\":\"ImageObject\",\"inLanguage\":\"de\",\"@id\":\"https:\/\/jak.fi\/de\/#\/schema\/logo\/image\/\",\"url\":\"https:\/\/jak.fi\/wp-content\/uploads\/2024\/09\/JAK-logo-696x696-1.jpg\",\"contentUrl\":\"https:\/\/jak.fi\/wp-content\/uploads\/2024\/09\/JAK-logo-696x696-1.jpg\",\"width\":696,\"height\":696,\"caption\":\"JAK-Metalli Oy\"},\"image\":{\"@id\":\"https:\/\/jak.fi\/de\/#\/schema\/logo\/image\/\"},\"sameAs\":[\"https:\/\/www.facebook.com\/jaktreeshears\",\"https:\/\/www.instagram.com\/jaktreeshears\/\",\"https:\/\/www.youtube.com\/channel\/UCAwvaVhBBkPie8MeAGbdY1w\"]}]}<\/script>\n<!-- \/ Yoast SEO plugin. -->","yoast_head_json":{"title":"F\u00e4llgreifer f\u00fcr Radlader und Teleskoplader &#8211; JAK-Metalli Oy","description":"Die R-Serie F\u00e4llgreifer, ausgestattet mit einer Heckplatte f\u00fcr Radlader und Teleskoplader, sind f\u00fcr den harten professionellen Einsatz konzipiert.","robots":{"index":"index","follow":"follow","max-snippet":"max-snippet:-1","max-image-preview":"max-image-preview:large","max-video-preview":"max-video-preview:-1"},"canonical":"https:\/\/jak.fi\/de\/energiegreifer-fuer-lader-und-greifer\/","og_locale":"de_DE","og_type":"article","og_title":"F\u00e4llgreifer f\u00fcr Radlader und Teleskoplader &#8211; JAK-Metalli Oy","og_description":"Die R-Serie F\u00e4llgreifer, ausgestattet mit einer Heckplatte f\u00fcr Radlader und Teleskoplader, sind f\u00fcr den harten professionellen Einsatz konzipiert.","og_url":"https:\/\/jak.fi\/de\/energiegreifer-fuer-lader-und-greifer\/","og_site_name":"JAK-Metalli Oy","article_publisher":"https:\/\/www.facebook.com\/jaktreeshears","article_modified_time":"2025-04-01T06:57:37+00:00","og_image":[{"width":2240,"height":700,"url":"https:\/\/jak.fi\/wp-content\/uploads\/2024\/06\/jak_ylakuva_kurottaja.jpg","type":"image\/jpeg"}],"twitter_card":"summary_large_image","twitter_misc":{"Gesch\u00e4tzte Lesezeit":"1\u00a0Minute"},"schema":{"@context":"https:\/\/schema.org","@graph":[{"@type":"WebPage","@id":"https:\/\/jak.fi\/de\/energiegreifer-fuer-lader-und-greifer\/","url":"https:\/\/jak.fi\/de\/energiegreifer-fuer-lader-und-greifer\/","name":"F\u00e4llgreifer f\u00fcr Radlader und Teleskoplader &#8211; JAK-Metalli Oy","isPartOf":{"@id":"https:\/\/jak.fi\/de\/#website"},"primaryImageOfPage":{"@id":"https:\/\/jak.fi\/de\/energiegreifer-fuer-lader-und-greifer\/#primaryimage"},"image":{"@id":"https:\/\/jak.fi\/de\/energiegreifer-fuer-lader-und-greifer\/#primaryimage"},"thumbnailUrl":"https:\/\/jak.fi\/wp-content\/uploads\/2024\/06\/jak_ylakuva_kurottaja.jpg","datePublished":"2024-05-29T07:01:47+00:00","dateModified":"2025-04-01T06:57:37+00:00","description":"Die R-Serie F\u00e4llgreifer, ausgestattet mit einer Heckplatte f\u00fcr Radlader und Teleskoplader, sind f\u00fcr den harten professionellen Einsatz konzipiert.","breadcrumb":{"@id":"https:\/\/jak.fi\/de\/energiegreifer-fuer-lader-und-greifer\/#breadcrumb"},"inLanguage":"de","potentialAction":[{"@type":"ReadAction","target":["https:\/\/jak.fi\/de\/energiegreifer-fuer-lader-und-greifer\/"]}]},{"@type":"ImageObject","inLanguage":"de","@id":"https:\/\/jak.fi\/de\/energiegreifer-fuer-lader-und-greifer\/#primaryimage","url":"https:\/\/jak.fi\/wp-content\/uploads\/2024\/06\/jak_ylakuva_kurottaja.jpg","contentUrl":"https:\/\/jak.fi\/wp-content\/uploads\/2024\/06\/jak_ylakuva_kurottaja.jpg","width":2240,"height":700,"caption":"JAK-300R F\u00e4llgreifer an einem Teleskoplader, der sich an einem gro\u00dfen Baumstamm festh\u00e4lt."},{"@type":"BreadcrumbList","@id":"https:\/\/jak.fi\/de\/energiegreifer-fuer-lader-und-greifer\/#breadcrumb","itemListElement":[{"@type":"ListItem","position":1,"name":"Etusivu","item":"https:\/\/jak.fi\/de\/"},{"@type":"ListItem","position":2,"name":"F\u00e4llgreifer f\u00fcr Radlader und Teleskoplader"}]},{"@type":"WebSite","@id":"https:\/\/jak.fi\/de\/#website","url":"https:\/\/jak.fi\/de\/","name":"JAK-Metalli Oy","description":"","publisher":{"@id":"https:\/\/jak.fi\/de\/#organization"},"alternateName":"JAK Tree shears","potentialAction":[{"@type":"SearchAction","target":{"@type":"EntryPoint","urlTemplate":"https:\/\/jak.fi\/de\/?s={search_term_string}"},"query-input":{"@type":"PropertyValueSpecification","valueRequired":true,"valueName":"search_term_string"}}],"inLanguage":"de"},{"@type":"Organization","@id":"https:\/\/jak.fi\/de\/#organization","name":"JAK-Metalli Oy","alternateName":"JAK Tree shears","url":"https:\/\/jak.fi\/de\/","logo":{"@type":"ImageObject","inLanguage":"de","@id":"https:\/\/jak.fi\/de\/#\/schema\/logo\/image\/","url":"https:\/\/jak.fi\/wp-content\/uploads\/2024\/09\/JAK-logo-696x696-1.jpg","contentUrl":"https:\/\/jak.fi\/wp-content\/uploads\/2024\/09\/JAK-logo-696x696-1.jpg","width":696,"height":696,"caption":"JAK-Metalli Oy"},"image":{"@id":"https:\/\/jak.fi\/de\/#\/schema\/logo\/image\/"},"sameAs":["https:\/\/www.facebook.com\/jaktreeshears","https:\/\/www.instagram.com\/jaktreeshears\/","https:\/\/www.youtube.com\/channel\/UCAwvaVhBBkPie8MeAGbdY1w"]}]}},"_links":{"self":[{"href":"https:\/\/jak.fi\/de\/wp-json\/wp\/v2\/pages\/5266","targetHints":{"allow":["GET"]}}],"collection":[{"href":"https:\/\/jak.fi\/de\/wp-json\/wp\/v2\/pages"}],"about":[{"href":"https:\/\/jak.fi\/de\/wp-json\/wp\/v2\/types\/page"}],"author":[{"embeddable":true,"href":"https:\/\/jak.fi\/de\/wp-json\/wp\/v2\/users\/1"}],"replies":[{"embeddable":true,"href":"https:\/\/jak.fi\/de\/wp-json\/wp\/v2\/comments?post=5266"}],"version-history":[{"count":10,"href":"https:\/\/jak.fi\/de\/wp-json\/wp\/v2\/pages\/5266\/revisions"}],"predecessor-version":[{"id":7117,"href":"https:\/\/jak.fi\/de\/wp-json\/wp\/v2\/pages\/5266\/revisions\/7117"}],"wp:featuredmedia":[{"embeddable":true,"href":"https:\/\/jak.fi\/de\/wp-json\/wp\/v2\/media\/5270"}],"wp:attachment":[{"href":"https:\/\/jak.fi\/de\/wp-json\/wp\/v2\/media?parent=5266"}],"curies":[{"name":"wp","href":"https:\/\/api.w.org\/{rel}","templated":true}]}}