{"id":10470,"date":"2025-06-12T10:12:43","date_gmt":"2025-06-12T07:12:43","guid":{"rendered":"https:\/\/jak.fi\/products\/unkategorisiert\/jak-200k-pro-faellgreifer\/"},"modified":"2025-09-02T13:09:29","modified_gmt":"2025-09-02T10:09:29","slug":"jak-200k-pro-faellgreifer","status":"publish","type":"product","link":"https:\/\/jak.fi\/de\/produkte\/fallgreifer-fur-traktoren-und-forstmaschinen\/jak-200k-pro-faellgreifer\/","title":{"rendered":"JAK-200K PRO F\u00e4llgreifer"},"content":{"rendered":"<h2><strong>JAK-200K Pro F\u00e4llgreifer &#8211; F\u00fcr den professionellen Einsatz auf Traktoren und Holzkr\u00e4nen<\/strong><\/h2>\n<p>Der JAK-200K Pro ist ein leistungsstarker F\u00e4llgreifer, der speziell f\u00fcr Traktoren und Baumstammhebeger\u00e4te entwickelt wurde und f\u00fcr die anspruchsvollsten Durchforstungs- und Rodungsarbeiten bereit ist. Der JAK-200K Pro ist aus hochwertigem <strong>verschlei\u00dffestem Hardox\u00ae-Stahl<\/strong>gefertigt und bietet Langlebigkeit und Pr\u00e4zision f\u00fcr Situationen, in denen Leistung und Zuverl\u00e4ssigkeit gefragt sind.<\/p>\n<h4><strong>Massensammler und Funksteuerung &#8211; maximale Produktivit\u00e4t<\/strong><\/h4>\n<p>Integriert<a href=\"https:\/\/jak.fi\/de\/produkte\/zubehor-fur-fallgreifer\/sammelgreifer-gen2-b-r-serie\/\" target=\"_blank\" rel=\"noopener\"> <strong>Massensammler<\/strong><\/a> und <a href=\"https:\/\/jak.fi\/de\/produkte\/zubehor-fur-fallgreifer\/funksteuerung\/\" target=\"_blank\" rel=\"noopener\"><strong>Funksteuerung<\/strong><\/a> sorgen f\u00fcr eine reibungslosere Handhabung des Holzes. Sie k\u00f6nnen mehr Holz zerkleinern, bevor Sie den Auswurfschacht leeren. Au\u00dferdem k\u00f6nnen Sie die Spitze des Baumes kontrolliert und sicher in aufrechter Position f\u00e4llen, da der F\u00e4llgreifer elektrisch und nicht druckgesteuert ist.<\/p>\n<h4><strong>Effizientes und sicheres Arbeiten &#8211; bis zu 200 mm B\u00e4ume<\/strong><\/h4>\n<p>Ausgestattet mit zwei Zylindern und einer elektrisch gesteuerten Hydraulik, erm\u00f6glicht der JAK-200K Pro einen kontrollierten und sicheren Holzeinschlag. Dank der gro\u00dfen \u00d6ffnung von 600 mm k\u00f6nnen Sie mehr B\u00e4ume auf einmal f\u00e4llen &#8211; das bringt Effizienz und Produktivit\u00e4t auf ein neues Niveau.<\/p>\n<h4><strong>Einfach zu installieren<\/strong><\/h4>\n<p>Der JAK-200K Pro wird <strong>von einem einzigen dualen Hydrauliksystem<\/strong> angetrieben und kann direkt anstelle eines herk\u00f6mmlichen Holzgreifers installiert werden &#8211; ohne zus\u00e4tzliche Modifikationen.<\/p>\n<h4>Effizienter arbeiten mit Zubeh\u00f6r<\/h4>\n<ul>\n<li><strong>Drei-Finger-Arbeitsbacke<\/strong> &#8211; ein festerer Griff auf dem zu schneidenden Holz.<\/li>\n<\/ul>\n<p>&nbsp;<\/p>\n","protected":false},"excerpt":{"rendered":"<ul>\n<li>Integrierter Massensammler und Funksteuerung<\/li>\n<li>Hergestellt aus verschlei\u00dffestem Hardox\u00ae-Stahl<\/li>\n<li>Hochwertige und langlebige Konstruktion<\/li>\n<li>CE-gepr\u00fcft<\/li>\n<li>Hergestellt in Finnland<\/li>\n<li>Abnehmbare Klinge<\/li>\n<\/ul>\n","protected":false},"featured_media":8206,"template":"","meta":{"_acf_changed":false},"product_brand":[],"product_cat":[596],"product_tag":[],"class_list":{"0":"post-10470","1":"product","2":"type-product","3":"status-publish","4":"has-post-thumbnail","6":"product_cat-fallgreifer-fur-traktoren-und-forstmaschinen","8":"first","9":"instock","10":"shipping-taxable","11":"product-type-simple"},"acf":[],"yoast_head":"<!-- This site is optimized with the Yoast SEO plugin v27.2 - https:\/\/yoast.com\/product\/yoast-seo-wordpress\/ -->\n<title>JAK-200K PRO F\u00e4llgreifer &#8211; JAK-Metalli Oy<\/title>\n<meta name=\"description\" content=\"JAK-200K Pro F\u00e4llgreifer f\u00fcr Traktoren und Holzh\u00e4cksler - Massensammler, Funksteuerung und einfache Installation ohne \u00c4nderungen.\" \/>\n<meta name=\"robots\" content=\"index, follow, max-snippet:-1, max-image-preview:large, max-video-preview:-1\" \/>\n<link rel=\"canonical\" href=\"https:\/\/jak.fi\/de\/produkte\/fallgreifer-fur-traktoren-und-forstmaschinen\/jak-200k-pro-faellgreifer\/\" \/>\n<meta property=\"og:locale\" content=\"de_DE\" \/>\n<meta property=\"og:type\" content=\"article\" \/>\n<meta property=\"og:title\" content=\"JAK-200K PRO F\u00e4llgreifer &#8211; JAK-Metalli Oy\" \/>\n<meta property=\"og:description\" content=\"JAK-200K Pro F\u00e4llgreifer f\u00fcr Traktoren und Holzh\u00e4cksler - Massensammler, Funksteuerung und einfache Installation ohne \u00c4nderungen.\" \/>\n<meta property=\"og:url\" content=\"https:\/\/jak.fi\/de\/produkte\/fallgreifer-fur-traktoren-und-forstmaschinen\/jak-200k-pro-faellgreifer\/\" \/>\n<meta property=\"og:site_name\" content=\"JAK-Metalli Oy\" \/>\n<meta property=\"article:publisher\" content=\"https:\/\/www.facebook.com\/jaktreeshears\" \/>\n<meta property=\"article:modified_time\" content=\"2025-09-02T10:09:29+00:00\" \/>\n<meta property=\"og:image\" content=\"https:\/\/jak.fi\/wp-content\/uploads\/2025\/04\/JAK-250K-Pro-Tree-Shear-Web-10.png\" \/>\n\t<meta property=\"og:image:width\" content=\"1000\" \/>\n\t<meta property=\"og:image:height\" content=\"667\" \/>\n\t<meta property=\"og:image:type\" content=\"image\/png\" \/>\n<meta name=\"twitter:card\" content=\"summary_large_image\" \/>\n<meta name=\"twitter:label1\" content=\"Gesch\u00e4tzte Lesezeit\" \/>\n\t<meta name=\"twitter:data1\" content=\"2\u00a0Minute\" \/>\n<script type=\"application\/ld+json\" class=\"yoast-schema-graph\">{\"@context\":\"https:\/\/schema.org\",\"@graph\":[{\"@type\":\"WebPage\",\"@id\":\"https:\/\/jak.fi\/de\/produkte\/fallgreifer-fur-traktoren-und-forstmaschinen\/jak-200k-pro-faellgreifer\/\",\"url\":\"https:\/\/jak.fi\/de\/produkte\/fallgreifer-fur-traktoren-und-forstmaschinen\/jak-200k-pro-faellgreifer\/\",\"name\":\"JAK-200K PRO F\u00e4llgreifer &#8211; JAK-Metalli Oy\",\"isPartOf\":{\"@id\":\"https:\/\/jak.fi\/de\/#website\"},\"primaryImageOfPage\":{\"@id\":\"https:\/\/jak.fi\/de\/produkte\/fallgreifer-fur-traktoren-und-forstmaschinen\/jak-200k-pro-faellgreifer\/#primaryimage\"},\"image\":{\"@id\":\"https:\/\/jak.fi\/de\/produkte\/fallgreifer-fur-traktoren-und-forstmaschinen\/jak-200k-pro-faellgreifer\/#primaryimage\"},\"thumbnailUrl\":\"https:\/\/jak.fi\/wp-content\/uploads\/2025\/04\/JAK-250K-Pro-Tree-Shear-Web-10.png\",\"datePublished\":\"2025-06-12T07:12:43+00:00\",\"dateModified\":\"2025-09-02T10:09:29+00:00\",\"description\":\"JAK-200K Pro F\u00e4llgreifer f\u00fcr Traktoren und Holzh\u00e4cksler - Massensammler, Funksteuerung und einfache Installation ohne \u00c4nderungen.\",\"breadcrumb\":{\"@id\":\"https:\/\/jak.fi\/de\/produkte\/fallgreifer-fur-traktoren-und-forstmaschinen\/jak-200k-pro-faellgreifer\/#breadcrumb\"},\"inLanguage\":\"de\",\"potentialAction\":[{\"@type\":\"ReadAction\",\"target\":[\"https:\/\/jak.fi\/de\/produkte\/fallgreifer-fur-traktoren-und-forstmaschinen\/jak-200k-pro-faellgreifer\/\"]}]},{\"@type\":\"ImageObject\",\"inLanguage\":\"de\",\"@id\":\"https:\/\/jak.fi\/de\/produkte\/fallgreifer-fur-traktoren-und-forstmaschinen\/jak-200k-pro-faellgreifer\/#primaryimage\",\"url\":\"https:\/\/jak.fi\/wp-content\/uploads\/2025\/04\/JAK-250K-Pro-Tree-Shear-Web-10.png\",\"contentUrl\":\"https:\/\/jak.fi\/wp-content\/uploads\/2025\/04\/JAK-250K-Pro-Tree-Shear-Web-10.png\",\"width\":1000,\"height\":667,\"caption\":\"JAK-250K Pro F\u00e4llgreifer f\u00fcr Traktor oder Forstmaschine\"},{\"@type\":\"BreadcrumbList\",\"@id\":\"https:\/\/jak.fi\/de\/produkte\/fallgreifer-fur-traktoren-und-forstmaschinen\/jak-200k-pro-faellgreifer\/#breadcrumb\",\"itemListElement\":[{\"@type\":\"ListItem\",\"position\":1,\"name\":\"Etusivu\",\"item\":\"https:\/\/jak.fi\/de\/\"},{\"@type\":\"ListItem\",\"position\":2,\"name\":\"Produkte\",\"item\":\"https:\/\/jak.fi\/de\/produkte\/\"},{\"@type\":\"ListItem\",\"position\":3,\"name\":\"JAK-200K PRO F\u00e4llgreifer\"}]},{\"@type\":\"WebSite\",\"@id\":\"https:\/\/jak.fi\/de\/#website\",\"url\":\"https:\/\/jak.fi\/de\/\",\"name\":\"JAK-Metalli Oy\",\"description\":\"\",\"publisher\":{\"@id\":\"https:\/\/jak.fi\/de\/#organization\"},\"alternateName\":\"JAK Tree shears\",\"potentialAction\":[{\"@type\":\"SearchAction\",\"target\":{\"@type\":\"EntryPoint\",\"urlTemplate\":\"https:\/\/jak.fi\/de\/?s={search_term_string}\"},\"query-input\":{\"@type\":\"PropertyValueSpecification\",\"valueRequired\":true,\"valueName\":\"search_term_string\"}}],\"inLanguage\":\"de\"},{\"@type\":\"Organization\",\"@id\":\"https:\/\/jak.fi\/de\/#organization\",\"name\":\"JAK-Metalli Oy\",\"alternateName\":\"JAK Tree shears\",\"url\":\"https:\/\/jak.fi\/de\/\",\"logo\":{\"@type\":\"ImageObject\",\"inLanguage\":\"de\",\"@id\":\"https:\/\/jak.fi\/de\/#\/schema\/logo\/image\/\",\"url\":\"https:\/\/jak.fi\/wp-content\/uploads\/2024\/09\/JAK-logo-696x696-1.jpg\",\"contentUrl\":\"https:\/\/jak.fi\/wp-content\/uploads\/2024\/09\/JAK-logo-696x696-1.jpg\",\"width\":696,\"height\":696,\"caption\":\"JAK-Metalli Oy\"},\"image\":{\"@id\":\"https:\/\/jak.fi\/de\/#\/schema\/logo\/image\/\"},\"sameAs\":[\"https:\/\/www.facebook.com\/jaktreeshears\",\"https:\/\/www.instagram.com\/jaktreeshears\/\",\"https:\/\/www.youtube.com\/channel\/UCAwvaVhBBkPie8MeAGbdY1w\"]}]}<\/script>\n<!-- \/ Yoast SEO plugin. -->","yoast_head_json":{"title":"JAK-200K PRO F\u00e4llgreifer &#8211; JAK-Metalli Oy","description":"JAK-200K Pro F\u00e4llgreifer f\u00fcr Traktoren und Holzh\u00e4cksler - Massensammler, Funksteuerung und einfache Installation ohne \u00c4nderungen.","robots":{"index":"index","follow":"follow","max-snippet":"max-snippet:-1","max-image-preview":"max-image-preview:large","max-video-preview":"max-video-preview:-1"},"canonical":"https:\/\/jak.fi\/de\/produkte\/fallgreifer-fur-traktoren-und-forstmaschinen\/jak-200k-pro-faellgreifer\/","og_locale":"de_DE","og_type":"article","og_title":"JAK-200K PRO F\u00e4llgreifer &#8211; JAK-Metalli Oy","og_description":"JAK-200K Pro F\u00e4llgreifer f\u00fcr Traktoren und Holzh\u00e4cksler - Massensammler, Funksteuerung und einfache Installation ohne \u00c4nderungen.","og_url":"https:\/\/jak.fi\/de\/produkte\/fallgreifer-fur-traktoren-und-forstmaschinen\/jak-200k-pro-faellgreifer\/","og_site_name":"JAK-Metalli Oy","article_publisher":"https:\/\/www.facebook.com\/jaktreeshears","article_modified_time":"2025-09-02T10:09:29+00:00","og_image":[{"width":1000,"height":667,"url":"https:\/\/jak.fi\/wp-content\/uploads\/2025\/04\/JAK-250K-Pro-Tree-Shear-Web-10.png","type":"image\/png"}],"twitter_card":"summary_large_image","twitter_misc":{"Gesch\u00e4tzte Lesezeit":"2\u00a0Minute"},"schema":{"@context":"https:\/\/schema.org","@graph":[{"@type":"WebPage","@id":"https:\/\/jak.fi\/de\/produkte\/fallgreifer-fur-traktoren-und-forstmaschinen\/jak-200k-pro-faellgreifer\/","url":"https:\/\/jak.fi\/de\/produkte\/fallgreifer-fur-traktoren-und-forstmaschinen\/jak-200k-pro-faellgreifer\/","name":"JAK-200K PRO F\u00e4llgreifer &#8211; JAK-Metalli Oy","isPartOf":{"@id":"https:\/\/jak.fi\/de\/#website"},"primaryImageOfPage":{"@id":"https:\/\/jak.fi\/de\/produkte\/fallgreifer-fur-traktoren-und-forstmaschinen\/jak-200k-pro-faellgreifer\/#primaryimage"},"image":{"@id":"https:\/\/jak.fi\/de\/produkte\/fallgreifer-fur-traktoren-und-forstmaschinen\/jak-200k-pro-faellgreifer\/#primaryimage"},"thumbnailUrl":"https:\/\/jak.fi\/wp-content\/uploads\/2025\/04\/JAK-250K-Pro-Tree-Shear-Web-10.png","datePublished":"2025-06-12T07:12:43+00:00","dateModified":"2025-09-02T10:09:29+00:00","description":"JAK-200K Pro F\u00e4llgreifer f\u00fcr Traktoren und Holzh\u00e4cksler - Massensammler, Funksteuerung und einfache Installation ohne \u00c4nderungen.","breadcrumb":{"@id":"https:\/\/jak.fi\/de\/produkte\/fallgreifer-fur-traktoren-und-forstmaschinen\/jak-200k-pro-faellgreifer\/#breadcrumb"},"inLanguage":"de","potentialAction":[{"@type":"ReadAction","target":["https:\/\/jak.fi\/de\/produkte\/fallgreifer-fur-traktoren-und-forstmaschinen\/jak-200k-pro-faellgreifer\/"]}]},{"@type":"ImageObject","inLanguage":"de","@id":"https:\/\/jak.fi\/de\/produkte\/fallgreifer-fur-traktoren-und-forstmaschinen\/jak-200k-pro-faellgreifer\/#primaryimage","url":"https:\/\/jak.fi\/wp-content\/uploads\/2025\/04\/JAK-250K-Pro-Tree-Shear-Web-10.png","contentUrl":"https:\/\/jak.fi\/wp-content\/uploads\/2025\/04\/JAK-250K-Pro-Tree-Shear-Web-10.png","width":1000,"height":667,"caption":"JAK-250K Pro F\u00e4llgreifer f\u00fcr Traktor oder Forstmaschine"},{"@type":"BreadcrumbList","@id":"https:\/\/jak.fi\/de\/produkte\/fallgreifer-fur-traktoren-und-forstmaschinen\/jak-200k-pro-faellgreifer\/#breadcrumb","itemListElement":[{"@type":"ListItem","position":1,"name":"Etusivu","item":"https:\/\/jak.fi\/de\/"},{"@type":"ListItem","position":2,"name":"Produkte","item":"https:\/\/jak.fi\/de\/produkte\/"},{"@type":"ListItem","position":3,"name":"JAK-200K PRO F\u00e4llgreifer"}]},{"@type":"WebSite","@id":"https:\/\/jak.fi\/de\/#website","url":"https:\/\/jak.fi\/de\/","name":"JAK-Metalli Oy","description":"","publisher":{"@id":"https:\/\/jak.fi\/de\/#organization"},"alternateName":"JAK Tree shears","potentialAction":[{"@type":"SearchAction","target":{"@type":"EntryPoint","urlTemplate":"https:\/\/jak.fi\/de\/?s={search_term_string}"},"query-input":{"@type":"PropertyValueSpecification","valueRequired":true,"valueName":"search_term_string"}}],"inLanguage":"de"},{"@type":"Organization","@id":"https:\/\/jak.fi\/de\/#organization","name":"JAK-Metalli Oy","alternateName":"JAK Tree shears","url":"https:\/\/jak.fi\/de\/","logo":{"@type":"ImageObject","inLanguage":"de","@id":"https:\/\/jak.fi\/de\/#\/schema\/logo\/image\/","url":"https:\/\/jak.fi\/wp-content\/uploads\/2024\/09\/JAK-logo-696x696-1.jpg","contentUrl":"https:\/\/jak.fi\/wp-content\/uploads\/2024\/09\/JAK-logo-696x696-1.jpg","width":696,"height":696,"caption":"JAK-Metalli Oy"},"image":{"@id":"https:\/\/jak.fi\/de\/#\/schema\/logo\/image\/"},"sameAs":["https:\/\/www.facebook.com\/jaktreeshears","https:\/\/www.instagram.com\/jaktreeshears\/","https:\/\/www.youtube.com\/channel\/UCAwvaVhBBkPie8MeAGbdY1w"]}]}},"_links":{"self":[{"href":"https:\/\/jak.fi\/de\/wp-json\/wp\/v2\/product\/10470","targetHints":{"allow":["GET"]}}],"collection":[{"href":"https:\/\/jak.fi\/de\/wp-json\/wp\/v2\/product"}],"about":[{"href":"https:\/\/jak.fi\/de\/wp-json\/wp\/v2\/types\/product"}],"wp:featuredmedia":[{"embeddable":true,"href":"https:\/\/jak.fi\/de\/wp-json\/wp\/v2\/media\/8206"}],"wp:attachment":[{"href":"https:\/\/jak.fi\/de\/wp-json\/wp\/v2\/media?parent=10470"}],"wp:term":[{"taxonomy":"product_brand","embeddable":true,"href":"https:\/\/jak.fi\/de\/wp-json\/wp\/v2\/product_brand?post=10470"},{"taxonomy":"product_cat","embeddable":true,"href":"https:\/\/jak.fi\/de\/wp-json\/wp\/v2\/product_cat?post=10470"},{"taxonomy":"product_tag","embeddable":true,"href":"https:\/\/jak.fi\/de\/wp-json\/wp\/v2\/product_tag?post=10470"}],"curies":[{"name":"wp","href":"https:\/\/api.w.org\/{rel}","templated":true}]}}