{"id":16065,"date":"2025-10-10T09:04:45","date_gmt":"2025-10-10T06:04:45","guid":{"rendered":"https:\/\/jak.fi\/products\/unkategorisiert\/splitmate-brennholzprozessor\/"},"modified":"2025-11-26T11:22:10","modified_gmt":"2025-11-26T08:22:10","slug":"splitmate-brennholzprozessor","status":"publish","type":"product","link":"https:\/\/jak.fi\/de\/produkte\/brennholzprozessor\/splitmate-brennholzprozessor\/","title":{"rendered":"SplitMate Brennholzprozessor"},"content":{"rendered":"<h1 class=\"mt-4\">Splitmate Brennholzprozessor<\/h1>\n<p>Der Exator SplitMate ist ein hydraulisch betriebener, auf dem Boden montierter Brennholzprozessor, der das Laden, Schneiden und Spalten in einem einzigen Ger\u00e4t erledigt &#8211; direkt von der Kabine aus. Er ist kompakt und leicht zu transportieren. Er verarbeitet die B\u00e4ume dort, wo sie stehen, und legt die fertigen Klappen direkt am gew\u00fcnschten Ort ab. Sie kann ohne Strom betrieben werden, mit einem einzigen hydraulischen Doppelfunktionssystem.<\/p>\n<h2>Einfacher Bewerbungsprozess<\/h2>\n<ol>\n<li><strong>Laden der St\u00e4mme:<\/strong> Ein St\u00e4mmeheber wird verwendet, um die St\u00e4mme vom Stapel zu heben. Ein bis drei St\u00e4mme auf einmal k\u00f6nnen auf den Brennholzprozessor gehoben werden, um auf den Zuf\u00fchrtisch gelegt zu werden.<\/li>\n<li><strong>Aufgabetisch:<\/strong> hydraulisch beweglicher Tisch mit einer Spaltkraft von 10 Tonnen.<\/li>\n<li><strong>Blockieren und Messen des Holzes:<\/strong> Der Stamm wird gegen den Blockstopper gef\u00fchrt, der auf die gew\u00fcnschte Brennholzgr\u00f6\u00dfe eingestellt ist. Wenn das Greifbein abgesenkt wird, kann der Zuf\u00fchrtisch zur\u00fcckgezogen werden.<\/li>\n<li><strong>Schneiden:<\/strong> Der Stamm wird auf die angegebene L\u00e4nge ges\u00e4gt (maximaler Schnittdurchmesser 400 mm). W\u00e4hrend des S\u00e4gens werden die St\u00e4mme von einem Greifb\u00fcgel festgehalten. F\u00fcr lange St\u00e4mme gibt es eine verstellbare St\u00fctze.<\/li>\n<li><strong>Spaltung:<\/strong> Der gef\u00e4llte Baum f\u00e4llt in den Spaltkanal und wird bei der n\u00e4chsten Zuf\u00fchrungsbewegung hydraulisch gespalten. Das Spaltrad ist in 2, 4 oder 6 Teile austauschbar.<\/li>\n<\/ol>\n<p>&nbsp;<\/p>\n<div class=\"wp-block-columns product-columns is-layout-flex wp-container-core-columns-is-layout-9d6595d7 wp-block-columns-is-layout-flex\">\n<div class=\"wp-block-column is-layout-flow wp-block-column-is-layout-flow\">\n<div class=\"wp-block-columns is-not-stacked-on-mobile is-layout-flex wp-container-core-columns-is-layout-9d6595d7 wp-block-columns-is-layout-flex\">\n<div class=\"wp-block-column is-layout-flow wp-block-column-is-layout-flow\">\n<h2 class=\"wp-block-heading mt-0 has-medium-font-size\">Kompakter Arbeitsablauf mit einem einzigen Benutzer<\/h2>\n<p>Der Exator SplitMate Brennholzprozessor vereint drei Arbeitsg\u00e4nge in einer Maschine: Beladen, Schneiden und Spalten werden von einem Bediener direkt aus der Kabine erledigt.<\/p>\n<\/div>\n<\/div>\n<\/div>\n<div class=\"wp-block-column is-layout-flow wp-block-column-is-layout-flow\">\n<div class=\"wp-block-columns is-not-stacked-on-mobile is-layout-flex wp-container-core-columns-is-layout-9d6595d7 wp-block-columns-is-layout-flex\">\n<div class=\"wp-block-column is-layout-flow wp-block-column-is-layout-flow\">\n<h2 class=\"wp-block-heading mt-0 has-medium-font-size\">Einfache Bereitstellung<\/h2>\n<p>Sie ist schnell an- und abgekoppelt &#8211; keine komplizierten Einstellungen, innerhalb von Minuten sind Sie einsatzbereit. Der Exator Brennholzprozessor arbeitet mit einem einzigen, doppelt wirkenden Hydrauliksystem, ohne Strom.<\/p>\n<\/div>\n<\/div>\n<\/div>\n<\/div>\n<div class=\"wp-block-columns product-columns is-layout-flex wp-container-core-columns-is-layout-9d6595d7 wp-block-columns-is-layout-flex\">\n<div class=\"wp-block-column is-layout-flow wp-block-column-is-layout-flow\">\n<div class=\"wp-block-columns is-not-stacked-on-mobile is-layout-flex wp-container-core-columns-is-layout-9d6595d7 wp-block-columns-is-layout-flex\">\n<div class=\"wp-block-column is-layout-flow wp-block-column-is-layout-flow\">\n<h2 class=\"wp-block-heading mt-0 has-medium-font-size\">Arbeiten Sie dort, wo die B\u00e4ume stehen<\/h2>\n<p>Nehmen Sie den Brennholzprozessor mit in den Wald und machen Sie Brennholz vor Ort &#8211; kein schweres Holzschleppen mehr.<\/p>\n<\/div>\n<\/div>\n<\/div>\n<div class=\"wp-block-column is-layout-flow wp-block-column-is-layout-flow\">\n<div class=\"wp-block-columns is-not-stacked-on-mobile is-layout-flex wp-container-core-columns-is-layout-9d6595d7 wp-block-columns-is-layout-flex\">\n<div class=\"wp-block-column is-layout-flow wp-block-column-is-layout-flow\">\n<h2 class=\"wp-block-heading mt-0 has-medium-font-size\">Effizientes und m\u00fcheloses Laden<\/h2>\n<p>Verarbeiten Sie die B\u00e4ume direkt im Fahrzeug und vermeiden Sie unn\u00f6tige Handgriffe. Das spart sowohl Zeit als auch M\u00fche.<\/p>\n<\/div>\n<\/div>\n<\/div>\n<\/div>\n<h3>Weitere Informationen finden Sie unter <a href=\"https:\/\/exator.fi\/exator-splitmate-klapikone\/\" target=\"_blank\" rel=\"noopener\">exator.fi<\/a><\/h3>\n","protected":false},"excerpt":{"rendered":"<div class=\"wp-block-columns product-columns is-layout-flex wp-container-core-columns-is-layout-9d6595d7 wp-block-columns-is-layout-flex\">\n<div class=\"wp-block-column is-layout-flow wp-block-column-is-layout-flow\">\n<div class=\"wp-block-columns is-not-stacked-on-mobile is-layout-flex wp-container-core-columns-is-layout-9d6595d7 wp-block-columns-is-layout-flex\">\n<div class=\"wp-block-column is-layout-flow wp-block-column-is-layout-flow\">\n<ul>\n<li class=\"wp-block-heading mt-0 has-medium-font-size\">Kompakter Arbeitsablauf mit einem einzigen Benutzer<\/li>\n<li>Der Betrieb ist ohne Strom m\u00f6glich, mit einem einzigen doppelt wirkenden Hydrauliksystem.<\/li>\n<li class=\"wp-block-heading mt-0 has-medium-font-size\">Einfache Bereitstellung<\/li>\n<li class=\"wp-block-heading mt-0 has-medium-font-size\">Arbeiten Sie dort, wo die B\u00e4ume stehen<\/li>\n<\/ul>\n<\/div>\n<\/div>\n<\/div>\n<\/div>\n<div class=\"wp-block-columns product-columns is-layout-flex wp-container-core-columns-is-layout-9d6595d7 wp-block-columns-is-layout-flex\">\n<div class=\"wp-block-column is-layout-flow wp-block-column-is-layout-flow\">\n<div class=\"wp-block-columns is-not-stacked-on-mobile is-layout-flex wp-container-core-columns-is-layout-9d6595d7 wp-block-columns-is-layout-flex\"><\/div>\n<\/div>\n<\/div>\n","protected":false},"featured_media":15119,"template":"","meta":{"_acf_changed":false},"product_brand":[],"product_cat":[656],"product_tag":[],"class_list":{"0":"post-16065","1":"product","2":"type-product","3":"status-publish","4":"has-post-thumbnail","6":"product_cat-brennholzprozessor","8":"first","9":"instock","10":"shipping-taxable","11":"product-type-simple"},"acf":[],"yoast_head":"<!-- This site is optimized with the Yoast SEO plugin v27.3 - https:\/\/yoast.com\/product\/yoast-seo-wordpress\/ -->\n<title>SplitMate Brennholzprozessor &#8211; JAK-Metalli Oy<\/title>\n<meta name=\"description\" content=\"SplitMate ist ein hydraulisch betriebener Brennholzprozessor, der das Laden, Schneiden und Spalten in einem einzigen Ger\u00e4t erledigt.\" \/>\n<meta name=\"robots\" content=\"index, follow, max-snippet:-1, max-image-preview:large, max-video-preview:-1\" \/>\n<link rel=\"canonical\" href=\"https:\/\/jak.fi\/de\/produkte\/brennholzprozessor\/splitmate-brennholzprozessor\/\" \/>\n<meta property=\"og:locale\" content=\"de_DE\" \/>\n<meta property=\"og:type\" content=\"article\" \/>\n<meta property=\"og:title\" content=\"SplitMate Brennholzprozessor &#8211; JAK-Metalli Oy\" \/>\n<meta property=\"og:description\" content=\"SplitMate ist ein hydraulisch betriebener Brennholzprozessor, der das Laden, Schneiden und Spalten in einem einzigen Ger\u00e4t erledigt.\" \/>\n<meta property=\"og:url\" content=\"https:\/\/jak.fi\/de\/produkte\/brennholzprozessor\/splitmate-brennholzprozessor\/\" \/>\n<meta property=\"og:site_name\" content=\"JAK-Metalli Oy\" \/>\n<meta property=\"article:publisher\" content=\"https:\/\/www.facebook.com\/jaktreeshears\" \/>\n<meta property=\"article:modified_time\" content=\"2025-11-26T08:22:10+00:00\" \/>\n<meta property=\"og:image\" content=\"https:\/\/jak.fi\/wp-content\/uploads\/2025\/10\/SplitMate-klapikone-14.jpg\" \/>\n\t<meta property=\"og:image:width\" content=\"1000\" \/>\n\t<meta property=\"og:image:height\" content=\"667\" \/>\n\t<meta property=\"og:image:type\" content=\"image\/jpeg\" \/>\n<meta name=\"twitter:card\" content=\"summary_large_image\" \/>\n<meta name=\"twitter:label1\" content=\"Gesch\u00e4tzte Lesezeit\" \/>\n\t<meta name=\"twitter:data1\" content=\"3\u00a0Minute\" \/>\n<script type=\"application\/ld+json\" class=\"yoast-schema-graph\">{\"@context\":\"https:\\\/\\\/schema.org\",\"@graph\":[{\"@type\":\"WebPage\",\"@id\":\"https:\\\/\\\/jak.fi\\\/de\\\/produkte\\\/brennholzprozessor\\\/splitmate-brennholzprozessor\\\/\",\"url\":\"https:\\\/\\\/jak.fi\\\/de\\\/produkte\\\/brennholzprozessor\\\/splitmate-brennholzprozessor\\\/\",\"name\":\"SplitMate Brennholzprozessor &#8211; JAK-Metalli Oy\",\"isPartOf\":{\"@id\":\"https:\\\/\\\/jak.fi\\\/de\\\/#website\"},\"primaryImageOfPage\":{\"@id\":\"https:\\\/\\\/jak.fi\\\/de\\\/produkte\\\/brennholzprozessor\\\/splitmate-brennholzprozessor\\\/#primaryimage\"},\"image\":{\"@id\":\"https:\\\/\\\/jak.fi\\\/de\\\/produkte\\\/brennholzprozessor\\\/splitmate-brennholzprozessor\\\/#primaryimage\"},\"thumbnailUrl\":\"https:\\\/\\\/jak.fi\\\/wp-content\\\/uploads\\\/2025\\\/10\\\/SplitMate-klapikone-14.jpg\",\"datePublished\":\"2025-10-10T06:04:45+00:00\",\"dateModified\":\"2025-11-26T08:22:10+00:00\",\"description\":\"SplitMate ist ein hydraulisch betriebener Brennholzprozessor, der das Laden, Schneiden und Spalten in einem einzigen Ger\u00e4t erledigt.\",\"breadcrumb\":{\"@id\":\"https:\\\/\\\/jak.fi\\\/de\\\/produkte\\\/brennholzprozessor\\\/splitmate-brennholzprozessor\\\/#breadcrumb\"},\"inLanguage\":\"de\",\"potentialAction\":[{\"@type\":\"ReadAction\",\"target\":[\"https:\\\/\\\/jak.fi\\\/de\\\/produkte\\\/brennholzprozessor\\\/splitmate-brennholzprozessor\\\/\"]}]},{\"@type\":\"ImageObject\",\"inLanguage\":\"de\",\"@id\":\"https:\\\/\\\/jak.fi\\\/de\\\/produkte\\\/brennholzprozessor\\\/splitmate-brennholzprozessor\\\/#primaryimage\",\"url\":\"https:\\\/\\\/jak.fi\\\/wp-content\\\/uploads\\\/2025\\\/10\\\/SplitMate-klapikone-14.jpg\",\"contentUrl\":\"https:\\\/\\\/jak.fi\\\/wp-content\\\/uploads\\\/2025\\\/10\\\/SplitMate-klapikone-14.jpg\",\"width\":1000,\"height\":667},{\"@type\":\"BreadcrumbList\",\"@id\":\"https:\\\/\\\/jak.fi\\\/de\\\/produkte\\\/brennholzprozessor\\\/splitmate-brennholzprozessor\\\/#breadcrumb\",\"itemListElement\":[{\"@type\":\"ListItem\",\"position\":1,\"name\":\"Etusivu\",\"item\":\"https:\\\/\\\/jak.fi\\\/de\\\/\"},{\"@type\":\"ListItem\",\"position\":2,\"name\":\"Produkte\",\"item\":\"https:\\\/\\\/jak.fi\\\/de\\\/produkte\\\/\"},{\"@type\":\"ListItem\",\"position\":3,\"name\":\"SplitMate Brennholzprozessor\"}]},{\"@type\":\"WebSite\",\"@id\":\"https:\\\/\\\/jak.fi\\\/de\\\/#website\",\"url\":\"https:\\\/\\\/jak.fi\\\/de\\\/\",\"name\":\"JAK-Metalli Oy\",\"description\":\"\",\"publisher\":{\"@id\":\"https:\\\/\\\/jak.fi\\\/de\\\/#organization\"},\"alternateName\":\"JAK Tree shears\",\"potentialAction\":[{\"@type\":\"SearchAction\",\"target\":{\"@type\":\"EntryPoint\",\"urlTemplate\":\"https:\\\/\\\/jak.fi\\\/de\\\/?s={search_term_string}\"},\"query-input\":{\"@type\":\"PropertyValueSpecification\",\"valueRequired\":true,\"valueName\":\"search_term_string\"}}],\"inLanguage\":\"de\"},{\"@type\":\"Organization\",\"@id\":\"https:\\\/\\\/jak.fi\\\/de\\\/#organization\",\"name\":\"JAK-Metalli Oy\",\"alternateName\":\"JAK Tree shears\",\"url\":\"https:\\\/\\\/jak.fi\\\/de\\\/\",\"logo\":{\"@type\":\"ImageObject\",\"inLanguage\":\"de\",\"@id\":\"https:\\\/\\\/jak.fi\\\/de\\\/#\\\/schema\\\/logo\\\/image\\\/\",\"url\":\"https:\\\/\\\/jak.fi\\\/wp-content\\\/uploads\\\/2024\\\/09\\\/JAK-logo-696x696-1.jpg\",\"contentUrl\":\"https:\\\/\\\/jak.fi\\\/wp-content\\\/uploads\\\/2024\\\/09\\\/JAK-logo-696x696-1.jpg\",\"width\":696,\"height\":696,\"caption\":\"JAK-Metalli Oy\"},\"image\":{\"@id\":\"https:\\\/\\\/jak.fi\\\/de\\\/#\\\/schema\\\/logo\\\/image\\\/\"},\"sameAs\":[\"https:\\\/\\\/www.facebook.com\\\/jaktreeshears\",\"https:\\\/\\\/www.instagram.com\\\/jaktreeshears\\\/\",\"https:\\\/\\\/www.youtube.com\\\/channel\\\/UCAwvaVhBBkPie8MeAGbdY1w\"]}]}<\/script>\n<!-- \/ Yoast SEO plugin. -->","yoast_head_json":{"title":"SplitMate Brennholzprozessor &#8211; JAK-Metalli Oy","description":"SplitMate ist ein hydraulisch betriebener Brennholzprozessor, der das Laden, Schneiden und Spalten in einem einzigen Ger\u00e4t erledigt.","robots":{"index":"index","follow":"follow","max-snippet":"max-snippet:-1","max-image-preview":"max-image-preview:large","max-video-preview":"max-video-preview:-1"},"canonical":"https:\/\/jak.fi\/de\/produkte\/brennholzprozessor\/splitmate-brennholzprozessor\/","og_locale":"de_DE","og_type":"article","og_title":"SplitMate Brennholzprozessor &#8211; JAK-Metalli Oy","og_description":"SplitMate ist ein hydraulisch betriebener Brennholzprozessor, der das Laden, Schneiden und Spalten in einem einzigen Ger\u00e4t erledigt.","og_url":"https:\/\/jak.fi\/de\/produkte\/brennholzprozessor\/splitmate-brennholzprozessor\/","og_site_name":"JAK-Metalli Oy","article_publisher":"https:\/\/www.facebook.com\/jaktreeshears","article_modified_time":"2025-11-26T08:22:10+00:00","og_image":[{"width":1000,"height":667,"url":"https:\/\/jak.fi\/wp-content\/uploads\/2025\/10\/SplitMate-klapikone-14.jpg","type":"image\/jpeg"}],"twitter_card":"summary_large_image","twitter_misc":{"Gesch\u00e4tzte Lesezeit":"3\u00a0Minute"},"schema":{"@context":"https:\/\/schema.org","@graph":[{"@type":"WebPage","@id":"https:\/\/jak.fi\/de\/produkte\/brennholzprozessor\/splitmate-brennholzprozessor\/","url":"https:\/\/jak.fi\/de\/produkte\/brennholzprozessor\/splitmate-brennholzprozessor\/","name":"SplitMate Brennholzprozessor &#8211; JAK-Metalli Oy","isPartOf":{"@id":"https:\/\/jak.fi\/de\/#website"},"primaryImageOfPage":{"@id":"https:\/\/jak.fi\/de\/produkte\/brennholzprozessor\/splitmate-brennholzprozessor\/#primaryimage"},"image":{"@id":"https:\/\/jak.fi\/de\/produkte\/brennholzprozessor\/splitmate-brennholzprozessor\/#primaryimage"},"thumbnailUrl":"https:\/\/jak.fi\/wp-content\/uploads\/2025\/10\/SplitMate-klapikone-14.jpg","datePublished":"2025-10-10T06:04:45+00:00","dateModified":"2025-11-26T08:22:10+00:00","description":"SplitMate ist ein hydraulisch betriebener Brennholzprozessor, der das Laden, Schneiden und Spalten in einem einzigen Ger\u00e4t erledigt.","breadcrumb":{"@id":"https:\/\/jak.fi\/de\/produkte\/brennholzprozessor\/splitmate-brennholzprozessor\/#breadcrumb"},"inLanguage":"de","potentialAction":[{"@type":"ReadAction","target":["https:\/\/jak.fi\/de\/produkte\/brennholzprozessor\/splitmate-brennholzprozessor\/"]}]},{"@type":"ImageObject","inLanguage":"de","@id":"https:\/\/jak.fi\/de\/produkte\/brennholzprozessor\/splitmate-brennholzprozessor\/#primaryimage","url":"https:\/\/jak.fi\/wp-content\/uploads\/2025\/10\/SplitMate-klapikone-14.jpg","contentUrl":"https:\/\/jak.fi\/wp-content\/uploads\/2025\/10\/SplitMate-klapikone-14.jpg","width":1000,"height":667},{"@type":"BreadcrumbList","@id":"https:\/\/jak.fi\/de\/produkte\/brennholzprozessor\/splitmate-brennholzprozessor\/#breadcrumb","itemListElement":[{"@type":"ListItem","position":1,"name":"Etusivu","item":"https:\/\/jak.fi\/de\/"},{"@type":"ListItem","position":2,"name":"Produkte","item":"https:\/\/jak.fi\/de\/produkte\/"},{"@type":"ListItem","position":3,"name":"SplitMate Brennholzprozessor"}]},{"@type":"WebSite","@id":"https:\/\/jak.fi\/de\/#website","url":"https:\/\/jak.fi\/de\/","name":"JAK-Metalli Oy","description":"","publisher":{"@id":"https:\/\/jak.fi\/de\/#organization"},"alternateName":"JAK Tree shears","potentialAction":[{"@type":"SearchAction","target":{"@type":"EntryPoint","urlTemplate":"https:\/\/jak.fi\/de\/?s={search_term_string}"},"query-input":{"@type":"PropertyValueSpecification","valueRequired":true,"valueName":"search_term_string"}}],"inLanguage":"de"},{"@type":"Organization","@id":"https:\/\/jak.fi\/de\/#organization","name":"JAK-Metalli Oy","alternateName":"JAK Tree shears","url":"https:\/\/jak.fi\/de\/","logo":{"@type":"ImageObject","inLanguage":"de","@id":"https:\/\/jak.fi\/de\/#\/schema\/logo\/image\/","url":"https:\/\/jak.fi\/wp-content\/uploads\/2024\/09\/JAK-logo-696x696-1.jpg","contentUrl":"https:\/\/jak.fi\/wp-content\/uploads\/2024\/09\/JAK-logo-696x696-1.jpg","width":696,"height":696,"caption":"JAK-Metalli Oy"},"image":{"@id":"https:\/\/jak.fi\/de\/#\/schema\/logo\/image\/"},"sameAs":["https:\/\/www.facebook.com\/jaktreeshears","https:\/\/www.instagram.com\/jaktreeshears\/","https:\/\/www.youtube.com\/channel\/UCAwvaVhBBkPie8MeAGbdY1w"]}]}},"_links":{"self":[{"href":"https:\/\/jak.fi\/de\/wp-json\/wp\/v2\/product\/16065","targetHints":{"allow":["GET"]}}],"collection":[{"href":"https:\/\/jak.fi\/de\/wp-json\/wp\/v2\/product"}],"about":[{"href":"https:\/\/jak.fi\/de\/wp-json\/wp\/v2\/types\/product"}],"wp:featuredmedia":[{"embeddable":true,"href":"https:\/\/jak.fi\/de\/wp-json\/wp\/v2\/media\/15119"}],"wp:attachment":[{"href":"https:\/\/jak.fi\/de\/wp-json\/wp\/v2\/media?parent=16065"}],"wp:term":[{"taxonomy":"product_brand","embeddable":true,"href":"https:\/\/jak.fi\/de\/wp-json\/wp\/v2\/product_brand?post=16065"},{"taxonomy":"product_cat","embeddable":true,"href":"https:\/\/jak.fi\/de\/wp-json\/wp\/v2\/product_cat?post=16065"},{"taxonomy":"product_tag","embeddable":true,"href":"https:\/\/jak.fi\/de\/wp-json\/wp\/v2\/product_tag?post=16065"}],"curies":[{"name":"wp","href":"https:\/\/api.w.org\/{rel}","templated":true}]}}