{"id":5250,"date":"2024-05-28T10:12:49","date_gmt":"2024-05-28T07:12:49","guid":{"rendered":"https:\/\/jak.fi\/products\/unkategorisiert\/eboost-hydrauliksystem\/"},"modified":"2026-02-11T09:51:12","modified_gmt":"2026-02-11T06:51:12","slug":"eboost-hydrauliksystem","status":"publish","type":"product","link":"https:\/\/jak.fi\/de\/produkte\/zubehor-fur-fallgreifer\/eboost-hydrauliksystem\/","title":{"rendered":"eBoost Hydrauliksystem"},"content":{"rendered":"<h2><strong>F\u00fcr die F\u00e4llgreifer der B- und R-Serie von JAK \u2013 Sehen Sie im Rechner, welche Vorteile eBoost bietet.<\/strong><\/h2>\n<p>Das eBoost\u00ae-Hydrauliksystem erh\u00f6ht die Geschwindigkeit des F\u00e4llgreifers um bis zu 100%, ohne die Leistung zu verringern. eBoost\u00ae erm\u00f6glicht auch den Einsatz des F\u00e4llgreifers auf Fahrgestellmaschinen mit niedrigerem Druck und geringerem \u00d6lfluss. eBoost\u00ae-Hydrauliksystem erm\u00f6glicht den Einsatz des F\u00e4llgreifers durch das K\u00fcbelband ohne Geschwindigkeits- und Leistungsverlust. Dieses patentierte und einzigartige Hydrauliksystem unterscheidet sich in Funktion, Verf\u00fcgbarkeit und Zuverl\u00e4ssigkeit v\u00f6llig von den bisher bekannten Methoden.<\/p>\n<p><strong>eBoost\u00ae Hydrauliksystem:<\/strong><\/p>\n<ul>\n<li>Schneller\n<ul>\n<li>Beschleunigen Sie die Produktleistung um bis zu 100%.<\/li>\n<\/ul>\n<\/li>\n<li>St\u00e4rker\n<ul>\n<li>Gr\u00f6\u00dfere Zylinder k\u00f6nnen verwendet werden, ohne die Geschwindigkeit zu verlangsamen<\/li>\n<li>Verwendung \u00fcber ein Becherwerk oder in Niederdruckmaschinen ohne Leistungsminderung.<\/li>\n<\/ul>\n<\/li>\n<li>Wirtschaftlicher\n<ul>\n<li>Verbraucht weniger Kraftstoff<\/li>\n<\/ul>\n<\/li>\n<li>Sicherer\n<ul>\n<li>Die B\u00e4ume bleiben besser unter Kontrolle, wenn die Bewegungen schneller sind.<\/li>\n<\/ul>\n<\/li>\n<li>Nachhaltiger\n<ul>\n<li>Sch\u00fctzt das Hydrauliksystem und beseitigt Druckst\u00f6\u00dfe<\/li>\n<\/ul>\n<\/li>\n<\/ul>\n<div class=\"wp-block-button\"><a class=\"wp-block-button__link has-text-align-center wp-element-button\" href=\"https:\/\/eboost.fi\/\" target=\"_blank\" rel=\"noopener\">Mehr lesen<\/a><\/div>\n","protected":false},"excerpt":{"rendered":"<p>F\u00fcr die F\u00e4llgreifer der B- und R-Serie von JAK \u2013 Sehen Sie im Rechner, welche Vorteile eBoost bietet. Das eBoost\u00ae-Hydrauliksystem erh\u00f6ht die Geschwindigkeit des F\u00e4llgreifers um bis zu 100%, ohne die Leistung zu verringern. eBoost\u00ae erm\u00f6glicht auch den Einsatz des F\u00e4llgreifers auf Fahrgestellmaschinen mit niedrigerem Druck und geringerem \u00d6lfluss. eBoost\u00ae-Hydrauliksystem erm\u00f6glicht den Einsatz des F\u00e4llgreifers [&hellip;]<\/p>\n","protected":false},"featured_media":7656,"template":"","meta":{"_acf_changed":false},"product_brand":[],"product_cat":[590],"product_tag":[],"class_list":{"0":"post-5250","1":"product","2":"type-product","3":"status-publish","4":"has-post-thumbnail","6":"product_cat-zubehor-fur-fallgreifer","8":"first","9":"instock","10":"shipping-taxable","11":"product-type-simple"},"acf":[],"yoast_head":"<!-- This site is optimized with the Yoast SEO plugin v27.3 - https:\/\/yoast.com\/product\/yoast-seo-wordpress\/ -->\n<title>eBoost Hydrauliksystem &#8211; JAK-Metalli Oy<\/title>\n<meta name=\"description\" content=\"Das eBoost-Hydrauliksystem erh\u00f6ht die Geschwindigkeit des Energiegreifers um bis zu 100%, ohne die Leistung zu verringern. Schneller, kraftvoller und wirtschaftlicher.\" \/>\n<meta name=\"robots\" content=\"index, follow, max-snippet:-1, max-image-preview:large, max-video-preview:-1\" \/>\n<link rel=\"canonical\" href=\"https:\/\/jak.fi\/de\/produkte\/zubehor-fur-fallgreifer\/eboost-hydrauliksystem\/\" \/>\n<meta property=\"og:locale\" content=\"de_DE\" \/>\n<meta property=\"og:type\" content=\"article\" \/>\n<meta property=\"og:title\" content=\"eBoost Hydrauliksystem &#8211; JAK-Metalli Oy\" \/>\n<meta property=\"og:description\" content=\"Das eBoost-Hydrauliksystem erh\u00f6ht die Geschwindigkeit des Energiegreifers um bis zu 100%, ohne die Leistung zu verringern. Schneller, kraftvoller und wirtschaftlicher.\" \/>\n<meta property=\"og:url\" content=\"https:\/\/jak.fi\/de\/produkte\/zubehor-fur-fallgreifer\/eboost-hydrauliksystem\/\" \/>\n<meta property=\"og:site_name\" content=\"JAK-Metalli Oy\" \/>\n<meta property=\"article:publisher\" content=\"https:\/\/www.facebook.com\/jaktreeshears\" \/>\n<meta property=\"article:modified_time\" content=\"2026-02-11T06:51:12+00:00\" \/>\n<meta property=\"og:image\" content=\"https:\/\/jak.fi\/wp-content\/uploads\/2024\/05\/eboost-hydraulic-system-blue-web-01.png\" \/>\n\t<meta property=\"og:image:width\" content=\"1000\" \/>\n\t<meta property=\"og:image:height\" content=\"667\" \/>\n\t<meta property=\"og:image:type\" content=\"image\/png\" \/>\n<meta name=\"twitter:card\" content=\"summary_large_image\" \/>\n<meta name=\"twitter:label1\" content=\"Gesch\u00e4tzte Lesezeit\" \/>\n\t<meta name=\"twitter:data1\" content=\"2\u00a0Minute\" \/>\n<script type=\"application\/ld+json\" class=\"yoast-schema-graph\">{\"@context\":\"https:\\\/\\\/schema.org\",\"@graph\":[{\"@type\":\"WebPage\",\"@id\":\"https:\\\/\\\/jak.fi\\\/de\\\/produkte\\\/zubehor-fur-fallgreifer\\\/eboost-hydrauliksystem\\\/\",\"url\":\"https:\\\/\\\/jak.fi\\\/de\\\/produkte\\\/zubehor-fur-fallgreifer\\\/eboost-hydrauliksystem\\\/\",\"name\":\"eBoost Hydrauliksystem &#8211; JAK-Metalli Oy\",\"isPartOf\":{\"@id\":\"https:\\\/\\\/jak.fi\\\/de\\\/#website\"},\"primaryImageOfPage\":{\"@id\":\"https:\\\/\\\/jak.fi\\\/de\\\/produkte\\\/zubehor-fur-fallgreifer\\\/eboost-hydrauliksystem\\\/#primaryimage\"},\"image\":{\"@id\":\"https:\\\/\\\/jak.fi\\\/de\\\/produkte\\\/zubehor-fur-fallgreifer\\\/eboost-hydrauliksystem\\\/#primaryimage\"},\"thumbnailUrl\":\"https:\\\/\\\/jak.fi\\\/wp-content\\\/uploads\\\/2024\\\/05\\\/eboost-hydraulic-system-blue-web-01.png\",\"datePublished\":\"2024-05-28T07:12:49+00:00\",\"dateModified\":\"2026-02-11T06:51:12+00:00\",\"description\":\"Das eBoost-Hydrauliksystem erh\u00f6ht die Geschwindigkeit des Energiegreifers um bis zu 100%, ohne die Leistung zu verringern. Schneller, kraftvoller und wirtschaftlicher.\",\"breadcrumb\":{\"@id\":\"https:\\\/\\\/jak.fi\\\/de\\\/produkte\\\/zubehor-fur-fallgreifer\\\/eboost-hydrauliksystem\\\/#breadcrumb\"},\"inLanguage\":\"de\",\"potentialAction\":[{\"@type\":\"ReadAction\",\"target\":[\"https:\\\/\\\/jak.fi\\\/de\\\/produkte\\\/zubehor-fur-fallgreifer\\\/eboost-hydrauliksystem\\\/\"]}]},{\"@type\":\"ImageObject\",\"inLanguage\":\"de\",\"@id\":\"https:\\\/\\\/jak.fi\\\/de\\\/produkte\\\/zubehor-fur-fallgreifer\\\/eboost-hydrauliksystem\\\/#primaryimage\",\"url\":\"https:\\\/\\\/jak.fi\\\/wp-content\\\/uploads\\\/2024\\\/05\\\/eboost-hydraulic-system-blue-web-01.png\",\"contentUrl\":\"https:\\\/\\\/jak.fi\\\/wp-content\\\/uploads\\\/2024\\\/05\\\/eboost-hydraulic-system-blue-web-01.png\",\"width\":1000,\"height\":667,\"caption\":\"eBoost-Hydrauliksystem - ein leistungsstarkes und energieeffizientes Zubeh\u00f6r zur Verbesserung der Leistung von Baggern und Energieholzbaggern\"},{\"@type\":\"BreadcrumbList\",\"@id\":\"https:\\\/\\\/jak.fi\\\/de\\\/produkte\\\/zubehor-fur-fallgreifer\\\/eboost-hydrauliksystem\\\/#breadcrumb\",\"itemListElement\":[{\"@type\":\"ListItem\",\"position\":1,\"name\":\"Etusivu\",\"item\":\"https:\\\/\\\/jak.fi\\\/de\\\/\"},{\"@type\":\"ListItem\",\"position\":2,\"name\":\"Produkte\",\"item\":\"https:\\\/\\\/jak.fi\\\/de\\\/produkte\\\/\"},{\"@type\":\"ListItem\",\"position\":3,\"name\":\"eBoost Hydrauliksystem\"}]},{\"@type\":\"WebSite\",\"@id\":\"https:\\\/\\\/jak.fi\\\/de\\\/#website\",\"url\":\"https:\\\/\\\/jak.fi\\\/de\\\/\",\"name\":\"JAK-Metalli Oy\",\"description\":\"\",\"publisher\":{\"@id\":\"https:\\\/\\\/jak.fi\\\/de\\\/#organization\"},\"alternateName\":\"JAK Tree shears\",\"potentialAction\":[{\"@type\":\"SearchAction\",\"target\":{\"@type\":\"EntryPoint\",\"urlTemplate\":\"https:\\\/\\\/jak.fi\\\/de\\\/?s={search_term_string}\"},\"query-input\":{\"@type\":\"PropertyValueSpecification\",\"valueRequired\":true,\"valueName\":\"search_term_string\"}}],\"inLanguage\":\"de\"},{\"@type\":\"Organization\",\"@id\":\"https:\\\/\\\/jak.fi\\\/de\\\/#organization\",\"name\":\"JAK-Metalli Oy\",\"alternateName\":\"JAK Tree shears\",\"url\":\"https:\\\/\\\/jak.fi\\\/de\\\/\",\"logo\":{\"@type\":\"ImageObject\",\"inLanguage\":\"de\",\"@id\":\"https:\\\/\\\/jak.fi\\\/de\\\/#\\\/schema\\\/logo\\\/image\\\/\",\"url\":\"https:\\\/\\\/jak.fi\\\/wp-content\\\/uploads\\\/2024\\\/09\\\/JAK-logo-696x696-1.jpg\",\"contentUrl\":\"https:\\\/\\\/jak.fi\\\/wp-content\\\/uploads\\\/2024\\\/09\\\/JAK-logo-696x696-1.jpg\",\"width\":696,\"height\":696,\"caption\":\"JAK-Metalli Oy\"},\"image\":{\"@id\":\"https:\\\/\\\/jak.fi\\\/de\\\/#\\\/schema\\\/logo\\\/image\\\/\"},\"sameAs\":[\"https:\\\/\\\/www.facebook.com\\\/jaktreeshears\",\"https:\\\/\\\/www.instagram.com\\\/jaktreeshears\\\/\",\"https:\\\/\\\/www.youtube.com\\\/channel\\\/UCAwvaVhBBkPie8MeAGbdY1w\"]}]}<\/script>\n<!-- \/ Yoast SEO plugin. -->","yoast_head_json":{"title":"eBoost Hydrauliksystem &#8211; JAK-Metalli Oy","description":"Das eBoost-Hydrauliksystem erh\u00f6ht die Geschwindigkeit des Energiegreifers um bis zu 100%, ohne die Leistung zu verringern. Schneller, kraftvoller und wirtschaftlicher.","robots":{"index":"index","follow":"follow","max-snippet":"max-snippet:-1","max-image-preview":"max-image-preview:large","max-video-preview":"max-video-preview:-1"},"canonical":"https:\/\/jak.fi\/de\/produkte\/zubehor-fur-fallgreifer\/eboost-hydrauliksystem\/","og_locale":"de_DE","og_type":"article","og_title":"eBoost Hydrauliksystem &#8211; JAK-Metalli Oy","og_description":"Das eBoost-Hydrauliksystem erh\u00f6ht die Geschwindigkeit des Energiegreifers um bis zu 100%, ohne die Leistung zu verringern. Schneller, kraftvoller und wirtschaftlicher.","og_url":"https:\/\/jak.fi\/de\/produkte\/zubehor-fur-fallgreifer\/eboost-hydrauliksystem\/","og_site_name":"JAK-Metalli Oy","article_publisher":"https:\/\/www.facebook.com\/jaktreeshears","article_modified_time":"2026-02-11T06:51:12+00:00","og_image":[{"width":1000,"height":667,"url":"https:\/\/jak.fi\/wp-content\/uploads\/2024\/05\/eboost-hydraulic-system-blue-web-01.png","type":"image\/png"}],"twitter_card":"summary_large_image","twitter_misc":{"Gesch\u00e4tzte Lesezeit":"2\u00a0Minute"},"schema":{"@context":"https:\/\/schema.org","@graph":[{"@type":"WebPage","@id":"https:\/\/jak.fi\/de\/produkte\/zubehor-fur-fallgreifer\/eboost-hydrauliksystem\/","url":"https:\/\/jak.fi\/de\/produkte\/zubehor-fur-fallgreifer\/eboost-hydrauliksystem\/","name":"eBoost Hydrauliksystem &#8211; JAK-Metalli Oy","isPartOf":{"@id":"https:\/\/jak.fi\/de\/#website"},"primaryImageOfPage":{"@id":"https:\/\/jak.fi\/de\/produkte\/zubehor-fur-fallgreifer\/eboost-hydrauliksystem\/#primaryimage"},"image":{"@id":"https:\/\/jak.fi\/de\/produkte\/zubehor-fur-fallgreifer\/eboost-hydrauliksystem\/#primaryimage"},"thumbnailUrl":"https:\/\/jak.fi\/wp-content\/uploads\/2024\/05\/eboost-hydraulic-system-blue-web-01.png","datePublished":"2024-05-28T07:12:49+00:00","dateModified":"2026-02-11T06:51:12+00:00","description":"Das eBoost-Hydrauliksystem erh\u00f6ht die Geschwindigkeit des Energiegreifers um bis zu 100%, ohne die Leistung zu verringern. Schneller, kraftvoller und wirtschaftlicher.","breadcrumb":{"@id":"https:\/\/jak.fi\/de\/produkte\/zubehor-fur-fallgreifer\/eboost-hydrauliksystem\/#breadcrumb"},"inLanguage":"de","potentialAction":[{"@type":"ReadAction","target":["https:\/\/jak.fi\/de\/produkte\/zubehor-fur-fallgreifer\/eboost-hydrauliksystem\/"]}]},{"@type":"ImageObject","inLanguage":"de","@id":"https:\/\/jak.fi\/de\/produkte\/zubehor-fur-fallgreifer\/eboost-hydrauliksystem\/#primaryimage","url":"https:\/\/jak.fi\/wp-content\/uploads\/2024\/05\/eboost-hydraulic-system-blue-web-01.png","contentUrl":"https:\/\/jak.fi\/wp-content\/uploads\/2024\/05\/eboost-hydraulic-system-blue-web-01.png","width":1000,"height":667,"caption":"eBoost-Hydrauliksystem - ein leistungsstarkes und energieeffizientes Zubeh\u00f6r zur Verbesserung der Leistung von Baggern und Energieholzbaggern"},{"@type":"BreadcrumbList","@id":"https:\/\/jak.fi\/de\/produkte\/zubehor-fur-fallgreifer\/eboost-hydrauliksystem\/#breadcrumb","itemListElement":[{"@type":"ListItem","position":1,"name":"Etusivu","item":"https:\/\/jak.fi\/de\/"},{"@type":"ListItem","position":2,"name":"Produkte","item":"https:\/\/jak.fi\/de\/produkte\/"},{"@type":"ListItem","position":3,"name":"eBoost Hydrauliksystem"}]},{"@type":"WebSite","@id":"https:\/\/jak.fi\/de\/#website","url":"https:\/\/jak.fi\/de\/","name":"JAK-Metalli Oy","description":"","publisher":{"@id":"https:\/\/jak.fi\/de\/#organization"},"alternateName":"JAK Tree shears","potentialAction":[{"@type":"SearchAction","target":{"@type":"EntryPoint","urlTemplate":"https:\/\/jak.fi\/de\/?s={search_term_string}"},"query-input":{"@type":"PropertyValueSpecification","valueRequired":true,"valueName":"search_term_string"}}],"inLanguage":"de"},{"@type":"Organization","@id":"https:\/\/jak.fi\/de\/#organization","name":"JAK-Metalli Oy","alternateName":"JAK Tree shears","url":"https:\/\/jak.fi\/de\/","logo":{"@type":"ImageObject","inLanguage":"de","@id":"https:\/\/jak.fi\/de\/#\/schema\/logo\/image\/","url":"https:\/\/jak.fi\/wp-content\/uploads\/2024\/09\/JAK-logo-696x696-1.jpg","contentUrl":"https:\/\/jak.fi\/wp-content\/uploads\/2024\/09\/JAK-logo-696x696-1.jpg","width":696,"height":696,"caption":"JAK-Metalli Oy"},"image":{"@id":"https:\/\/jak.fi\/de\/#\/schema\/logo\/image\/"},"sameAs":["https:\/\/www.facebook.com\/jaktreeshears","https:\/\/www.instagram.com\/jaktreeshears\/","https:\/\/www.youtube.com\/channel\/UCAwvaVhBBkPie8MeAGbdY1w"]}]}},"_links":{"self":[{"href":"https:\/\/jak.fi\/de\/wp-json\/wp\/v2\/product\/5250","targetHints":{"allow":["GET"]}}],"collection":[{"href":"https:\/\/jak.fi\/de\/wp-json\/wp\/v2\/product"}],"about":[{"href":"https:\/\/jak.fi\/de\/wp-json\/wp\/v2\/types\/product"}],"wp:featuredmedia":[{"embeddable":true,"href":"https:\/\/jak.fi\/de\/wp-json\/wp\/v2\/media\/7656"}],"wp:attachment":[{"href":"https:\/\/jak.fi\/de\/wp-json\/wp\/v2\/media?parent=5250"}],"wp:term":[{"taxonomy":"product_brand","embeddable":true,"href":"https:\/\/jak.fi\/de\/wp-json\/wp\/v2\/product_brand?post=5250"},{"taxonomy":"product_cat","embeddable":true,"href":"https:\/\/jak.fi\/de\/wp-json\/wp\/v2\/product_cat?post=5250"},{"taxonomy":"product_tag","embeddable":true,"href":"https:\/\/jak.fi\/de\/wp-json\/wp\/v2\/product_tag?post=5250"}],"curies":[{"name":"wp","href":"https:\/\/api.w.org\/{rel}","templated":true}]}}