{"id":5361,"date":"2024-05-28T10:08:07","date_gmt":"2024-05-28T07:08:07","guid":{"rendered":"https:\/\/jak.fi\/products\/unkategorisiert\/avantgarde\/"},"modified":"2025-05-27T10:18:42","modified_gmt":"2025-05-27T07:18:42","slug":"avant-heckplatte","status":"publish","type":"product","link":"https:\/\/jak.fi\/de\/produkte\/zubehor-fur-fallgreifer\/avant-heckplatte\/","title":{"rendered":"Avant hinterer Teil"},"content":{"rendered":"<h3 class=\"\" data-start=\"70\" data-end=\"133\">Avant hinterer Teil &#8211; Vielseitigkeit f\u00fcr JAK F\u00e4llgreifer<\/h3>\n<p class=\"\" data-start=\"135\" data-end=\"509\">Der Avant Hinterteil ist mit den JAK Energiegreifern der R-Serie kompatibel und erm\u00f6glicht die einfache Befestigung des Greifers an Avant-Ladern. Damit ist er ein hervorragendes Zubeh\u00f6r f\u00fcr den effektiven Einsatz des JAK F\u00e4llgreifers an Avant-Ladern. Er ist in zwei verschiedenen Gr\u00f6\u00dfen erh\u00e4ltlich, die zu unterschiedlichen Fahrgestellgr\u00f6\u00dfen passen.  <\/p>\n<p class=\"\" data-start=\"511\" data-end=\"863\">Die F\u00e4llgreifer und hinteren Teile von JAK wurden mit Blick auf Benutzerfreundlichkeit und Flexibilit\u00e4t entwickelt. Bei Bedarf kann das Avant-Hinterteil gegen ein anderes kompatibles Hinterteil ausgetauscht werden, so dass derselbe F\u00e4llgreifer zum Beispiel auch an einem Bagger verwendet werden kann. Dies erm\u00f6glicht einen vielseitigen und kosteneffizienten Einsatz mit einer Vielzahl von Maschinen.  <\/p>\n<p class=\"\" data-start=\"865\" data-end=\"1003\">Egal, ob Sie einen Radlader oder einen Bagger verwenden, das austauschbare hintere Teil bietet Flexibilit\u00e4t und mehr Einsatzm\u00f6glichkeiten f\u00fcr die F\u00e4llgreifer der JAK R-Serie.<\/p>\n","protected":false},"excerpt":{"rendered":"<p>Avant hinterer Teil &#8211; Vielseitigkeit f\u00fcr JAK F\u00e4llgreifer Der Avant Hinterteil ist mit den JAK Energiegreifern der R-Serie kompatibel und erm\u00f6glicht die einfache Befestigung des Greifers an Avant-Ladern. Damit ist er ein hervorragendes Zubeh\u00f6r f\u00fcr den effektiven Einsatz des JAK F\u00e4llgreifers an Avant-Ladern. Er ist in zwei verschiedenen Gr\u00f6\u00dfen erh\u00e4ltlich, die zu unterschiedlichen Fahrgestellgr\u00f6\u00dfen passen. [&hellip;]<\/p>\n","protected":false},"featured_media":5363,"template":"","meta":{"_acf_changed":false},"product_brand":[],"product_cat":[590],"product_tag":[],"class_list":{"0":"post-5361","1":"product","2":"type-product","3":"status-publish","4":"has-post-thumbnail","6":"product_cat-zubehor-fur-fallgreifer","8":"first","9":"instock","10":"shipping-taxable","11":"product-type-simple"},"acf":[],"yoast_head":"<!-- This site is optimized with the Yoast SEO plugin v27.2 - https:\/\/yoast.com\/product\/yoast-seo-wordpress\/ -->\n<title>Avant hinterer Teil &#8211; JAK-Metalli Oy<\/title>\n<meta name=\"description\" content=\"Das hintere Teil des Avant ist mit den F\u00e4llgreifern der JAK R-Serie kompatibel und erm\u00f6glicht die einfache Befestigung des Greifers an Avant-Ladern.\" \/>\n<meta name=\"robots\" content=\"index, follow, max-snippet:-1, max-image-preview:large, max-video-preview:-1\" \/>\n<link rel=\"canonical\" href=\"https:\/\/jak.fi\/de\/produkte\/zubehor-fur-fallgreifer\/avant-heckplatte\/\" \/>\n<meta property=\"og:locale\" content=\"de_DE\" \/>\n<meta property=\"og:type\" content=\"article\" \/>\n<meta property=\"og:title\" content=\"Avant hinterer Teil &#8211; JAK-Metalli Oy\" \/>\n<meta property=\"og:description\" content=\"Das hintere Teil des Avant ist mit den F\u00e4llgreifern der JAK R-Serie kompatibel und erm\u00f6glicht die einfache Befestigung des Greifers an Avant-Ladern.\" \/>\n<meta property=\"og:url\" content=\"https:\/\/jak.fi\/de\/produkte\/zubehor-fur-fallgreifer\/avant-heckplatte\/\" \/>\n<meta property=\"og:site_name\" content=\"JAK-Metalli Oy\" \/>\n<meta property=\"article:publisher\" content=\"https:\/\/www.facebook.com\/jaktreeshears\" \/>\n<meta property=\"article:modified_time\" content=\"2025-05-27T07:18:42+00:00\" \/>\n<meta property=\"og:image\" content=\"https:\/\/jak.fi\/wp-content\/uploads\/2024\/05\/tree-shear-avant-adapter.png\" \/>\n\t<meta property=\"og:image:width\" content=\"1000\" \/>\n\t<meta property=\"og:image:height\" content=\"666\" \/>\n\t<meta property=\"og:image:type\" content=\"image\/png\" \/>\n<meta name=\"twitter:card\" content=\"summary_large_image\" \/>\n<meta name=\"twitter:label1\" content=\"Gesch\u00e4tzte Lesezeit\" \/>\n\t<meta name=\"twitter:data1\" content=\"1\u00a0Minute\" \/>\n<script type=\"application\/ld+json\" class=\"yoast-schema-graph\">{\"@context\":\"https:\/\/schema.org\",\"@graph\":[{\"@type\":\"WebPage\",\"@id\":\"https:\/\/jak.fi\/de\/produkte\/zubehor-fur-fallgreifer\/avant-heckplatte\/\",\"url\":\"https:\/\/jak.fi\/de\/produkte\/zubehor-fur-fallgreifer\/avant-heckplatte\/\",\"name\":\"Avant hinterer Teil &#8211; JAK-Metalli Oy\",\"isPartOf\":{\"@id\":\"https:\/\/jak.fi\/de\/#website\"},\"primaryImageOfPage\":{\"@id\":\"https:\/\/jak.fi\/de\/produkte\/zubehor-fur-fallgreifer\/avant-heckplatte\/#primaryimage\"},\"image\":{\"@id\":\"https:\/\/jak.fi\/de\/produkte\/zubehor-fur-fallgreifer\/avant-heckplatte\/#primaryimage\"},\"thumbnailUrl\":\"https:\/\/jak.fi\/wp-content\/uploads\/2024\/05\/tree-shear-avant-adapter.png\",\"datePublished\":\"2024-05-28T07:08:07+00:00\",\"dateModified\":\"2025-05-27T07:18:42+00:00\",\"description\":\"Das hintere Teil des Avant ist mit den F\u00e4llgreifern der JAK R-Serie kompatibel und erm\u00f6glicht die einfache Befestigung des Greifers an Avant-Ladern.\",\"breadcrumb\":{\"@id\":\"https:\/\/jak.fi\/de\/produkte\/zubehor-fur-fallgreifer\/avant-heckplatte\/#breadcrumb\"},\"inLanguage\":\"de\",\"potentialAction\":[{\"@type\":\"ReadAction\",\"target\":[\"https:\/\/jak.fi\/de\/produkte\/zubehor-fur-fallgreifer\/avant-heckplatte\/\"]}]},{\"@type\":\"ImageObject\",\"inLanguage\":\"de\",\"@id\":\"https:\/\/jak.fi\/de\/produkte\/zubehor-fur-fallgreifer\/avant-heckplatte\/#primaryimage\",\"url\":\"https:\/\/jak.fi\/wp-content\/uploads\/2024\/05\/tree-shear-avant-adapter.png\",\"contentUrl\":\"https:\/\/jak.fi\/wp-content\/uploads\/2024\/05\/tree-shear-avant-adapter.png\",\"width\":1000,\"height\":666,\"caption\":\"Avant hinterer Teil f\u00fcr F\u00e4llgreifer\"},{\"@type\":\"BreadcrumbList\",\"@id\":\"https:\/\/jak.fi\/de\/produkte\/zubehor-fur-fallgreifer\/avant-heckplatte\/#breadcrumb\",\"itemListElement\":[{\"@type\":\"ListItem\",\"position\":1,\"name\":\"Etusivu\",\"item\":\"https:\/\/jak.fi\/de\/\"},{\"@type\":\"ListItem\",\"position\":2,\"name\":\"Produkte\",\"item\":\"https:\/\/jak.fi\/de\/produkte\/\"},{\"@type\":\"ListItem\",\"position\":3,\"name\":\"Avant hinterer Teil\"}]},{\"@type\":\"WebSite\",\"@id\":\"https:\/\/jak.fi\/de\/#website\",\"url\":\"https:\/\/jak.fi\/de\/\",\"name\":\"JAK-Metalli Oy\",\"description\":\"\",\"publisher\":{\"@id\":\"https:\/\/jak.fi\/de\/#organization\"},\"alternateName\":\"JAK Tree shears\",\"potentialAction\":[{\"@type\":\"SearchAction\",\"target\":{\"@type\":\"EntryPoint\",\"urlTemplate\":\"https:\/\/jak.fi\/de\/?s={search_term_string}\"},\"query-input\":{\"@type\":\"PropertyValueSpecification\",\"valueRequired\":true,\"valueName\":\"search_term_string\"}}],\"inLanguage\":\"de\"},{\"@type\":\"Organization\",\"@id\":\"https:\/\/jak.fi\/de\/#organization\",\"name\":\"JAK-Metalli Oy\",\"alternateName\":\"JAK Tree shears\",\"url\":\"https:\/\/jak.fi\/de\/\",\"logo\":{\"@type\":\"ImageObject\",\"inLanguage\":\"de\",\"@id\":\"https:\/\/jak.fi\/de\/#\/schema\/logo\/image\/\",\"url\":\"https:\/\/jak.fi\/wp-content\/uploads\/2024\/09\/JAK-logo-696x696-1.jpg\",\"contentUrl\":\"https:\/\/jak.fi\/wp-content\/uploads\/2024\/09\/JAK-logo-696x696-1.jpg\",\"width\":696,\"height\":696,\"caption\":\"JAK-Metalli Oy\"},\"image\":{\"@id\":\"https:\/\/jak.fi\/de\/#\/schema\/logo\/image\/\"},\"sameAs\":[\"https:\/\/www.facebook.com\/jaktreeshears\",\"https:\/\/www.instagram.com\/jaktreeshears\/\",\"https:\/\/www.youtube.com\/channel\/UCAwvaVhBBkPie8MeAGbdY1w\"]}]}<\/script>\n<!-- \/ Yoast SEO plugin. -->","yoast_head_json":{"title":"Avant hinterer Teil &#8211; JAK-Metalli Oy","description":"Das hintere Teil des Avant ist mit den F\u00e4llgreifern der JAK R-Serie kompatibel und erm\u00f6glicht die einfache Befestigung des Greifers an Avant-Ladern.","robots":{"index":"index","follow":"follow","max-snippet":"max-snippet:-1","max-image-preview":"max-image-preview:large","max-video-preview":"max-video-preview:-1"},"canonical":"https:\/\/jak.fi\/de\/produkte\/zubehor-fur-fallgreifer\/avant-heckplatte\/","og_locale":"de_DE","og_type":"article","og_title":"Avant hinterer Teil &#8211; JAK-Metalli Oy","og_description":"Das hintere Teil des Avant ist mit den F\u00e4llgreifern der JAK R-Serie kompatibel und erm\u00f6glicht die einfache Befestigung des Greifers an Avant-Ladern.","og_url":"https:\/\/jak.fi\/de\/produkte\/zubehor-fur-fallgreifer\/avant-heckplatte\/","og_site_name":"JAK-Metalli Oy","article_publisher":"https:\/\/www.facebook.com\/jaktreeshears","article_modified_time":"2025-05-27T07:18:42+00:00","og_image":[{"width":1000,"height":666,"url":"https:\/\/jak.fi\/wp-content\/uploads\/2024\/05\/tree-shear-avant-adapter.png","type":"image\/png"}],"twitter_card":"summary_large_image","twitter_misc":{"Gesch\u00e4tzte Lesezeit":"1\u00a0Minute"},"schema":{"@context":"https:\/\/schema.org","@graph":[{"@type":"WebPage","@id":"https:\/\/jak.fi\/de\/produkte\/zubehor-fur-fallgreifer\/avant-heckplatte\/","url":"https:\/\/jak.fi\/de\/produkte\/zubehor-fur-fallgreifer\/avant-heckplatte\/","name":"Avant hinterer Teil &#8211; JAK-Metalli Oy","isPartOf":{"@id":"https:\/\/jak.fi\/de\/#website"},"primaryImageOfPage":{"@id":"https:\/\/jak.fi\/de\/produkte\/zubehor-fur-fallgreifer\/avant-heckplatte\/#primaryimage"},"image":{"@id":"https:\/\/jak.fi\/de\/produkte\/zubehor-fur-fallgreifer\/avant-heckplatte\/#primaryimage"},"thumbnailUrl":"https:\/\/jak.fi\/wp-content\/uploads\/2024\/05\/tree-shear-avant-adapter.png","datePublished":"2024-05-28T07:08:07+00:00","dateModified":"2025-05-27T07:18:42+00:00","description":"Das hintere Teil des Avant ist mit den F\u00e4llgreifern der JAK R-Serie kompatibel und erm\u00f6glicht die einfache Befestigung des Greifers an Avant-Ladern.","breadcrumb":{"@id":"https:\/\/jak.fi\/de\/produkte\/zubehor-fur-fallgreifer\/avant-heckplatte\/#breadcrumb"},"inLanguage":"de","potentialAction":[{"@type":"ReadAction","target":["https:\/\/jak.fi\/de\/produkte\/zubehor-fur-fallgreifer\/avant-heckplatte\/"]}]},{"@type":"ImageObject","inLanguage":"de","@id":"https:\/\/jak.fi\/de\/produkte\/zubehor-fur-fallgreifer\/avant-heckplatte\/#primaryimage","url":"https:\/\/jak.fi\/wp-content\/uploads\/2024\/05\/tree-shear-avant-adapter.png","contentUrl":"https:\/\/jak.fi\/wp-content\/uploads\/2024\/05\/tree-shear-avant-adapter.png","width":1000,"height":666,"caption":"Avant hinterer Teil f\u00fcr F\u00e4llgreifer"},{"@type":"BreadcrumbList","@id":"https:\/\/jak.fi\/de\/produkte\/zubehor-fur-fallgreifer\/avant-heckplatte\/#breadcrumb","itemListElement":[{"@type":"ListItem","position":1,"name":"Etusivu","item":"https:\/\/jak.fi\/de\/"},{"@type":"ListItem","position":2,"name":"Produkte","item":"https:\/\/jak.fi\/de\/produkte\/"},{"@type":"ListItem","position":3,"name":"Avant hinterer Teil"}]},{"@type":"WebSite","@id":"https:\/\/jak.fi\/de\/#website","url":"https:\/\/jak.fi\/de\/","name":"JAK-Metalli Oy","description":"","publisher":{"@id":"https:\/\/jak.fi\/de\/#organization"},"alternateName":"JAK Tree shears","potentialAction":[{"@type":"SearchAction","target":{"@type":"EntryPoint","urlTemplate":"https:\/\/jak.fi\/de\/?s={search_term_string}"},"query-input":{"@type":"PropertyValueSpecification","valueRequired":true,"valueName":"search_term_string"}}],"inLanguage":"de"},{"@type":"Organization","@id":"https:\/\/jak.fi\/de\/#organization","name":"JAK-Metalli Oy","alternateName":"JAK Tree shears","url":"https:\/\/jak.fi\/de\/","logo":{"@type":"ImageObject","inLanguage":"de","@id":"https:\/\/jak.fi\/de\/#\/schema\/logo\/image\/","url":"https:\/\/jak.fi\/wp-content\/uploads\/2024\/09\/JAK-logo-696x696-1.jpg","contentUrl":"https:\/\/jak.fi\/wp-content\/uploads\/2024\/09\/JAK-logo-696x696-1.jpg","width":696,"height":696,"caption":"JAK-Metalli Oy"},"image":{"@id":"https:\/\/jak.fi\/de\/#\/schema\/logo\/image\/"},"sameAs":["https:\/\/www.facebook.com\/jaktreeshears","https:\/\/www.instagram.com\/jaktreeshears\/","https:\/\/www.youtube.com\/channel\/UCAwvaVhBBkPie8MeAGbdY1w"]}]}},"_links":{"self":[{"href":"https:\/\/jak.fi\/de\/wp-json\/wp\/v2\/product\/5361","targetHints":{"allow":["GET"]}}],"collection":[{"href":"https:\/\/jak.fi\/de\/wp-json\/wp\/v2\/product"}],"about":[{"href":"https:\/\/jak.fi\/de\/wp-json\/wp\/v2\/types\/product"}],"wp:featuredmedia":[{"embeddable":true,"href":"https:\/\/jak.fi\/de\/wp-json\/wp\/v2\/media\/5363"}],"wp:attachment":[{"href":"https:\/\/jak.fi\/de\/wp-json\/wp\/v2\/media?parent=5361"}],"wp:term":[{"taxonomy":"product_brand","embeddable":true,"href":"https:\/\/jak.fi\/de\/wp-json\/wp\/v2\/product_brand?post=5361"},{"taxonomy":"product_cat","embeddable":true,"href":"https:\/\/jak.fi\/de\/wp-json\/wp\/v2\/product_cat?post=5361"},{"taxonomy":"product_tag","embeddable":true,"href":"https:\/\/jak.fi\/de\/wp-json\/wp\/v2\/product_tag?post=5361"}],"curies":[{"name":"wp","href":"https:\/\/api.w.org\/{rel}","templated":true}]}}