{"id":5362,"date":"2024-06-03T08:55:42","date_gmt":"2024-06-03T05:55:42","guid":{"rendered":"https:\/\/jak.fi\/products\/unkategorisiert\/jak-250k-gen4-energieerfassungsgeraet\/"},"modified":"2025-09-02T15:39:53","modified_gmt":"2025-09-02T12:39:53","slug":"jak-250k-gen4-faellgreifer","status":"publish","type":"product","link":"https:\/\/jak.fi\/de\/produkte\/fallgreifer-fur-traktoren-und-forstmaschinen\/jak-250k-gen4-faellgreifer\/","title":{"rendered":"JAK-250K F\u00e4llgreifer GEN4"},"content":{"rendered":"<h2>JAK-250K F\u00e4llgreifer f\u00fcr Forstmaschinen und Traktoren &#8211; bis zu 250 mm Baumst\u00e4mme<\/h2>\n<p>Der JAK-250K GEN4 ist ein leistungsstarker, professioneller Zweizylinder-F\u00e4llgreifer, der f\u00fcr den Einsatz an einer Vielzahl von Forstmaschinen und gro\u00dfen Traktoren konzipiert wurde. Der JAK-250K GEN4 wurde f\u00fcr den harten Einsatz entwickelt und schneidet effizient Baumst\u00e4mme bis zu 250 mm Dicke, so dass verschiedene Durchforstungs- und Rodungsarbeiten pr\u00e4zise und effizient durchgef\u00fchrt werden k\u00f6nnen.<\/p>\n<p>Die robusten Greifarme und das hohe Profil des F\u00e4llgreifers gew\u00e4hrleisten einen festen und zuverl\u00e4ssigen Halt am Baum, sodass die Handhabung sicher und m\u00fchelos ist. Mit einer gro\u00dfz\u00fcgigen \u00d6ffnungsweite von 690 mm kann der JAK-250K auch mehrere B\u00e4ume gleichzeitig problemlos schneiden.<\/p>\n<p>Der JAK-200K GEN4 bezieht seine Energie aus einem doppeltwirkenden Hydrauliksystem und kann direkt anstelle eines herk\u00f6mmlichen Holzgreifers montiert werden. Die Schneidklinge kann bei Bedarf entfernt werden, sodass der Greifer auch als herk\u00f6mmlicher Holzgreifer verwendet werden kann.<\/p>\n<p>Wir verwenden hochfesten, verschlei\u00dffesten Hardox\u00ae-Stahl. Die Z\u00e4higkeit und die Verwendung hochwertiger Materialien tragen ebenfalls zu einer Struktur und Zuverl\u00e4ssigkeit bei, die auch den h\u00e4rtesten Situationen und Bedingungen standh\u00e4lt.<\/p>\n","protected":false},"excerpt":{"rendered":"<ul>\n<li>Hergestellt aus Hardox \u00ae verschlei\u00dffestem Stahl<\/li>\n<li>Hochwertige und langlebige Konstruktion<\/li>\n<li>Kein Strom erforderlich<\/li>\n<li>CE-gepr\u00fcft<\/li>\n<li>Hergestellt in Finnland<\/li>\n<li>Abnehmbare Klinge<\/li>\n<\/ul>\n","protected":false},"featured_media":5364,"template":"","meta":{"_acf_changed":false},"product_brand":[],"product_cat":[596],"product_tag":[],"class_list":{"0":"post-5362","1":"product","2":"type-product","3":"status-publish","4":"has-post-thumbnail","6":"product_cat-fallgreifer-fur-traktoren-und-forstmaschinen","8":"first","9":"instock","10":"shipping-taxable","11":"product-type-simple"},"acf":[],"yoast_head":"<!-- This site is optimized with the Yoast SEO plugin v27.3 - https:\/\/yoast.com\/product\/yoast-seo-wordpress\/ -->\n<title>JAK-250K F\u00e4llgreifer GEN4 &#8211; JAK-Metalli Oy<\/title>\n<meta name=\"description\" content=\"Der JAK-250K GEN4 ist ein Zweizylinder-F\u00e4llgreifer f\u00fcr den Einsatz auf Holzladern und kleinen Traktoren.\" \/>\n<meta name=\"robots\" content=\"index, follow, max-snippet:-1, max-image-preview:large, max-video-preview:-1\" \/>\n<link rel=\"canonical\" href=\"https:\/\/jak.fi\/de\/produkte\/fallgreifer-fur-traktoren-und-forstmaschinen\/jak-250k-gen4-faellgreifer\/\" \/>\n<meta property=\"og:locale\" content=\"de_DE\" \/>\n<meta property=\"og:type\" content=\"article\" \/>\n<meta property=\"og:title\" content=\"JAK-250K F\u00e4llgreifer GEN4 &#8211; JAK-Metalli Oy\" \/>\n<meta property=\"og:description\" content=\"Der JAK-250K GEN4 ist ein Zweizylinder-F\u00e4llgreifer f\u00fcr den Einsatz auf Holzladern und kleinen Traktoren.\" \/>\n<meta property=\"og:url\" content=\"https:\/\/jak.fi\/de\/produkte\/fallgreifer-fur-traktoren-und-forstmaschinen\/jak-250k-gen4-faellgreifer\/\" \/>\n<meta property=\"og:site_name\" content=\"JAK-Metalli Oy\" \/>\n<meta property=\"article:publisher\" content=\"https:\/\/www.facebook.com\/jaktreeshears\" \/>\n<meta property=\"article:modified_time\" content=\"2025-09-02T12:39:53+00:00\" \/>\n<meta property=\"og:image\" content=\"https:\/\/jak.fi\/wp-content\/uploads\/2024\/06\/jak-250k-4-1.png\" \/>\n\t<meta property=\"og:image:width\" content=\"1000\" \/>\n\t<meta property=\"og:image:height\" content=\"666\" \/>\n\t<meta property=\"og:image:type\" content=\"image\/png\" \/>\n<meta name=\"twitter:card\" content=\"summary_large_image\" \/>\n<meta name=\"twitter:label1\" content=\"Gesch\u00e4tzte Lesezeit\" \/>\n\t<meta name=\"twitter:data1\" content=\"2\u00a0Minute\" \/>\n<script type=\"application\/ld+json\" class=\"yoast-schema-graph\">{\"@context\":\"https:\\\/\\\/schema.org\",\"@graph\":[{\"@type\":\"WebPage\",\"@id\":\"https:\\\/\\\/jak.fi\\\/de\\\/produkte\\\/fallgreifer-fur-traktoren-und-forstmaschinen\\\/jak-250k-gen4-faellgreifer\\\/\",\"url\":\"https:\\\/\\\/jak.fi\\\/de\\\/produkte\\\/fallgreifer-fur-traktoren-und-forstmaschinen\\\/jak-250k-gen4-faellgreifer\\\/\",\"name\":\"JAK-250K F\u00e4llgreifer GEN4 &#8211; JAK-Metalli Oy\",\"isPartOf\":{\"@id\":\"https:\\\/\\\/jak.fi\\\/de\\\/#website\"},\"primaryImageOfPage\":{\"@id\":\"https:\\\/\\\/jak.fi\\\/de\\\/produkte\\\/fallgreifer-fur-traktoren-und-forstmaschinen\\\/jak-250k-gen4-faellgreifer\\\/#primaryimage\"},\"image\":{\"@id\":\"https:\\\/\\\/jak.fi\\\/de\\\/produkte\\\/fallgreifer-fur-traktoren-und-forstmaschinen\\\/jak-250k-gen4-faellgreifer\\\/#primaryimage\"},\"thumbnailUrl\":\"https:\\\/\\\/jak.fi\\\/wp-content\\\/uploads\\\/2024\\\/06\\\/jak-250k-4-1.png\",\"datePublished\":\"2024-06-03T05:55:42+00:00\",\"dateModified\":\"2025-09-02T12:39:53+00:00\",\"description\":\"Der JAK-250K GEN4 ist ein Zweizylinder-F\u00e4llgreifer f\u00fcr den Einsatz auf Holzladern und kleinen Traktoren.\",\"breadcrumb\":{\"@id\":\"https:\\\/\\\/jak.fi\\\/de\\\/produkte\\\/fallgreifer-fur-traktoren-und-forstmaschinen\\\/jak-250k-gen4-faellgreifer\\\/#breadcrumb\"},\"inLanguage\":\"de\",\"potentialAction\":[{\"@type\":\"ReadAction\",\"target\":[\"https:\\\/\\\/jak.fi\\\/de\\\/produkte\\\/fallgreifer-fur-traktoren-und-forstmaschinen\\\/jak-250k-gen4-faellgreifer\\\/\"]}]},{\"@type\":\"ImageObject\",\"inLanguage\":\"de\",\"@id\":\"https:\\\/\\\/jak.fi\\\/de\\\/produkte\\\/fallgreifer-fur-traktoren-und-forstmaschinen\\\/jak-250k-gen4-faellgreifer\\\/#primaryimage\",\"url\":\"https:\\\/\\\/jak.fi\\\/wp-content\\\/uploads\\\/2024\\\/06\\\/jak-250k-4-1.png\",\"contentUrl\":\"https:\\\/\\\/jak.fi\\\/wp-content\\\/uploads\\\/2024\\\/06\\\/jak-250k-4-1.png\",\"width\":1000,\"height\":666,\"caption\":\"JAK-250K GEN4 F\u00e4llgreifer f\u00fcr Forstmaschinen und Traktoren, effizient und langlebig, schneidet 250 mm dicke B\u00e4ume.\"},{\"@type\":\"BreadcrumbList\",\"@id\":\"https:\\\/\\\/jak.fi\\\/de\\\/produkte\\\/fallgreifer-fur-traktoren-und-forstmaschinen\\\/jak-250k-gen4-faellgreifer\\\/#breadcrumb\",\"itemListElement\":[{\"@type\":\"ListItem\",\"position\":1,\"name\":\"Etusivu\",\"item\":\"https:\\\/\\\/jak.fi\\\/de\\\/\"},{\"@type\":\"ListItem\",\"position\":2,\"name\":\"Produkte\",\"item\":\"https:\\\/\\\/jak.fi\\\/de\\\/produkte\\\/\"},{\"@type\":\"ListItem\",\"position\":3,\"name\":\"JAK-250K F\u00e4llgreifer GEN4\"}]},{\"@type\":\"WebSite\",\"@id\":\"https:\\\/\\\/jak.fi\\\/de\\\/#website\",\"url\":\"https:\\\/\\\/jak.fi\\\/de\\\/\",\"name\":\"JAK-Metalli Oy\",\"description\":\"\",\"publisher\":{\"@id\":\"https:\\\/\\\/jak.fi\\\/de\\\/#organization\"},\"alternateName\":\"JAK Tree shears\",\"potentialAction\":[{\"@type\":\"SearchAction\",\"target\":{\"@type\":\"EntryPoint\",\"urlTemplate\":\"https:\\\/\\\/jak.fi\\\/de\\\/?s={search_term_string}\"},\"query-input\":{\"@type\":\"PropertyValueSpecification\",\"valueRequired\":true,\"valueName\":\"search_term_string\"}}],\"inLanguage\":\"de\"},{\"@type\":\"Organization\",\"@id\":\"https:\\\/\\\/jak.fi\\\/de\\\/#organization\",\"name\":\"JAK-Metalli Oy\",\"alternateName\":\"JAK Tree shears\",\"url\":\"https:\\\/\\\/jak.fi\\\/de\\\/\",\"logo\":{\"@type\":\"ImageObject\",\"inLanguage\":\"de\",\"@id\":\"https:\\\/\\\/jak.fi\\\/de\\\/#\\\/schema\\\/logo\\\/image\\\/\",\"url\":\"https:\\\/\\\/jak.fi\\\/wp-content\\\/uploads\\\/2024\\\/09\\\/JAK-logo-696x696-1.jpg\",\"contentUrl\":\"https:\\\/\\\/jak.fi\\\/wp-content\\\/uploads\\\/2024\\\/09\\\/JAK-logo-696x696-1.jpg\",\"width\":696,\"height\":696,\"caption\":\"JAK-Metalli Oy\"},\"image\":{\"@id\":\"https:\\\/\\\/jak.fi\\\/de\\\/#\\\/schema\\\/logo\\\/image\\\/\"},\"sameAs\":[\"https:\\\/\\\/www.facebook.com\\\/jaktreeshears\",\"https:\\\/\\\/www.instagram.com\\\/jaktreeshears\\\/\",\"https:\\\/\\\/www.youtube.com\\\/channel\\\/UCAwvaVhBBkPie8MeAGbdY1w\"]}]}<\/script>\n<!-- \/ Yoast SEO plugin. -->","yoast_head_json":{"title":"JAK-250K F\u00e4llgreifer GEN4 &#8211; JAK-Metalli Oy","description":"Der JAK-250K GEN4 ist ein Zweizylinder-F\u00e4llgreifer f\u00fcr den Einsatz auf Holzladern und kleinen Traktoren.","robots":{"index":"index","follow":"follow","max-snippet":"max-snippet:-1","max-image-preview":"max-image-preview:large","max-video-preview":"max-video-preview:-1"},"canonical":"https:\/\/jak.fi\/de\/produkte\/fallgreifer-fur-traktoren-und-forstmaschinen\/jak-250k-gen4-faellgreifer\/","og_locale":"de_DE","og_type":"article","og_title":"JAK-250K F\u00e4llgreifer GEN4 &#8211; JAK-Metalli Oy","og_description":"Der JAK-250K GEN4 ist ein Zweizylinder-F\u00e4llgreifer f\u00fcr den Einsatz auf Holzladern und kleinen Traktoren.","og_url":"https:\/\/jak.fi\/de\/produkte\/fallgreifer-fur-traktoren-und-forstmaschinen\/jak-250k-gen4-faellgreifer\/","og_site_name":"JAK-Metalli Oy","article_publisher":"https:\/\/www.facebook.com\/jaktreeshears","article_modified_time":"2025-09-02T12:39:53+00:00","og_image":[{"width":1000,"height":666,"url":"https:\/\/jak.fi\/wp-content\/uploads\/2024\/06\/jak-250k-4-1.png","type":"image\/png"}],"twitter_card":"summary_large_image","twitter_misc":{"Gesch\u00e4tzte Lesezeit":"2\u00a0Minute"},"schema":{"@context":"https:\/\/schema.org","@graph":[{"@type":"WebPage","@id":"https:\/\/jak.fi\/de\/produkte\/fallgreifer-fur-traktoren-und-forstmaschinen\/jak-250k-gen4-faellgreifer\/","url":"https:\/\/jak.fi\/de\/produkte\/fallgreifer-fur-traktoren-und-forstmaschinen\/jak-250k-gen4-faellgreifer\/","name":"JAK-250K F\u00e4llgreifer GEN4 &#8211; JAK-Metalli Oy","isPartOf":{"@id":"https:\/\/jak.fi\/de\/#website"},"primaryImageOfPage":{"@id":"https:\/\/jak.fi\/de\/produkte\/fallgreifer-fur-traktoren-und-forstmaschinen\/jak-250k-gen4-faellgreifer\/#primaryimage"},"image":{"@id":"https:\/\/jak.fi\/de\/produkte\/fallgreifer-fur-traktoren-und-forstmaschinen\/jak-250k-gen4-faellgreifer\/#primaryimage"},"thumbnailUrl":"https:\/\/jak.fi\/wp-content\/uploads\/2024\/06\/jak-250k-4-1.png","datePublished":"2024-06-03T05:55:42+00:00","dateModified":"2025-09-02T12:39:53+00:00","description":"Der JAK-250K GEN4 ist ein Zweizylinder-F\u00e4llgreifer f\u00fcr den Einsatz auf Holzladern und kleinen Traktoren.","breadcrumb":{"@id":"https:\/\/jak.fi\/de\/produkte\/fallgreifer-fur-traktoren-und-forstmaschinen\/jak-250k-gen4-faellgreifer\/#breadcrumb"},"inLanguage":"de","potentialAction":[{"@type":"ReadAction","target":["https:\/\/jak.fi\/de\/produkte\/fallgreifer-fur-traktoren-und-forstmaschinen\/jak-250k-gen4-faellgreifer\/"]}]},{"@type":"ImageObject","inLanguage":"de","@id":"https:\/\/jak.fi\/de\/produkte\/fallgreifer-fur-traktoren-und-forstmaschinen\/jak-250k-gen4-faellgreifer\/#primaryimage","url":"https:\/\/jak.fi\/wp-content\/uploads\/2024\/06\/jak-250k-4-1.png","contentUrl":"https:\/\/jak.fi\/wp-content\/uploads\/2024\/06\/jak-250k-4-1.png","width":1000,"height":666,"caption":"JAK-250K GEN4 F\u00e4llgreifer f\u00fcr Forstmaschinen und Traktoren, effizient und langlebig, schneidet 250 mm dicke B\u00e4ume."},{"@type":"BreadcrumbList","@id":"https:\/\/jak.fi\/de\/produkte\/fallgreifer-fur-traktoren-und-forstmaschinen\/jak-250k-gen4-faellgreifer\/#breadcrumb","itemListElement":[{"@type":"ListItem","position":1,"name":"Etusivu","item":"https:\/\/jak.fi\/de\/"},{"@type":"ListItem","position":2,"name":"Produkte","item":"https:\/\/jak.fi\/de\/produkte\/"},{"@type":"ListItem","position":3,"name":"JAK-250K F\u00e4llgreifer GEN4"}]},{"@type":"WebSite","@id":"https:\/\/jak.fi\/de\/#website","url":"https:\/\/jak.fi\/de\/","name":"JAK-Metalli Oy","description":"","publisher":{"@id":"https:\/\/jak.fi\/de\/#organization"},"alternateName":"JAK Tree shears","potentialAction":[{"@type":"SearchAction","target":{"@type":"EntryPoint","urlTemplate":"https:\/\/jak.fi\/de\/?s={search_term_string}"},"query-input":{"@type":"PropertyValueSpecification","valueRequired":true,"valueName":"search_term_string"}}],"inLanguage":"de"},{"@type":"Organization","@id":"https:\/\/jak.fi\/de\/#organization","name":"JAK-Metalli Oy","alternateName":"JAK Tree shears","url":"https:\/\/jak.fi\/de\/","logo":{"@type":"ImageObject","inLanguage":"de","@id":"https:\/\/jak.fi\/de\/#\/schema\/logo\/image\/","url":"https:\/\/jak.fi\/wp-content\/uploads\/2024\/09\/JAK-logo-696x696-1.jpg","contentUrl":"https:\/\/jak.fi\/wp-content\/uploads\/2024\/09\/JAK-logo-696x696-1.jpg","width":696,"height":696,"caption":"JAK-Metalli Oy"},"image":{"@id":"https:\/\/jak.fi\/de\/#\/schema\/logo\/image\/"},"sameAs":["https:\/\/www.facebook.com\/jaktreeshears","https:\/\/www.instagram.com\/jaktreeshears\/","https:\/\/www.youtube.com\/channel\/UCAwvaVhBBkPie8MeAGbdY1w"]}]}},"_links":{"self":[{"href":"https:\/\/jak.fi\/de\/wp-json\/wp\/v2\/product\/5362","targetHints":{"allow":["GET"]}}],"collection":[{"href":"https:\/\/jak.fi\/de\/wp-json\/wp\/v2\/product"}],"about":[{"href":"https:\/\/jak.fi\/de\/wp-json\/wp\/v2\/types\/product"}],"wp:featuredmedia":[{"embeddable":true,"href":"https:\/\/jak.fi\/de\/wp-json\/wp\/v2\/media\/5364"}],"wp:attachment":[{"href":"https:\/\/jak.fi\/de\/wp-json\/wp\/v2\/media?parent=5362"}],"wp:term":[{"taxonomy":"product_brand","embeddable":true,"href":"https:\/\/jak.fi\/de\/wp-json\/wp\/v2\/product_brand?post=5362"},{"taxonomy":"product_cat","embeddable":true,"href":"https:\/\/jak.fi\/de\/wp-json\/wp\/v2\/product_cat?post=5362"},{"taxonomy":"product_tag","embeddable":true,"href":"https:\/\/jak.fi\/de\/wp-json\/wp\/v2\/product_tag?post=5362"}],"curies":[{"name":"wp","href":"https:\/\/api.w.org\/{rel}","templated":true}]}}