{"id":5376,"date":"2024-05-28T10:08:25","date_gmt":"2024-05-28T07:08:25","guid":{"rendered":"https:\/\/jak.fi\/products\/unkategorisiert\/lader-und-greifer-hinten\/"},"modified":"2025-04-11T15:50:33","modified_gmt":"2025-04-11T12:50:33","slug":"radlader-und-teleskoplader-heckplatte","status":"publish","type":"product","link":"https:\/\/jak.fi\/de\/produkte\/zubehor-fur-fallgreifer\/radlader-und-teleskoplader-heckplatte\/","title":{"rendered":"Teleskoplader und Teleskopstapler hinten"},"content":{"rendered":"<p>Das Heckst\u00fcck f\u00fcr Lader und Teleskoplader ist ein Zubeh\u00f6rteil f\u00fcr die JAK-Energiegreifer der R-Serie, mit dem der Energiegreifer an verschiedenen Radladern und Teleskopladern angebracht werden kann. Das Teleskoplader-Heckst\u00fcck ist in drei verschiedenen Gr\u00f6\u00dfen erh\u00e4ltlich, je nach Gr\u00f6\u00dfe und Einsatzzweck der Fahrgestellmaschine. <\/p>\n<p>Die Funktionsweise des F\u00e4llgreifers und der Heckplatte ist so gestaltet, dass der Austausch der Heckplatte auf einen anderen Maschinentyp bei Bedarf mit geringem Aufwand auch selbst durchgef\u00fchrt werden kann. Durch den Austausch der Heckplatte k\u00f6nnen die R-Serie F\u00e4llgreifer auch beispielsweise in Baggern eingesetzt werden. <\/p>\n","protected":false},"excerpt":{"rendered":"<p>Das Heckst\u00fcck f\u00fcr Lader und Teleskoplader ist ein Zubeh\u00f6rteil f\u00fcr die JAK-Energiegreifer der R-Serie, mit dem der Energiegreifer an verschiedenen Radladern und Teleskopladern angebracht werden kann. Das Teleskoplader-Heckst\u00fcck ist in drei verschiedenen Gr\u00f6\u00dfen erh\u00e4ltlich, je nach Gr\u00f6\u00dfe und Einsatzzweck der Fahrgestellmaschine. Die Funktionsweise des F\u00e4llgreifers und der Heckplatte ist so gestaltet, dass der Austausch der [&hellip;]<\/p>\n","protected":false},"featured_media":5378,"template":"","meta":{"_acf_changed":false},"product_brand":[],"product_cat":[590],"product_tag":[],"class_list":{"0":"post-5376","1":"product","2":"type-product","3":"status-publish","4":"has-post-thumbnail","6":"product_cat-zubehor-fur-fallgreifer","8":"first","9":"instock","10":"shipping-taxable","11":"product-type-simple"},"acf":[],"yoast_head":"<!-- This site is optimized with the Yoast SEO plugin v27.3 - https:\/\/yoast.com\/product\/yoast-seo-wordpress\/ -->\n<title>Teleskoplader und Teleskopstapler hinten &#8211; JAK-Metalli Oy<\/title>\n<meta name=\"description\" content=\"Die Bedienung des F\u00e4llgreifers und des Hecks ist so konzipiert, dass Sie das Heck bei Bedarf selbst gegen einen anderen Maschinentyp austauschen k\u00f6nnen.\" \/>\n<meta name=\"robots\" content=\"index, follow, max-snippet:-1, max-image-preview:large, max-video-preview:-1\" \/>\n<link rel=\"canonical\" href=\"https:\/\/jak.fi\/de\/produkte\/zubehor-fur-fallgreifer\/radlader-und-teleskoplader-heckplatte\/\" \/>\n<meta property=\"og:locale\" content=\"de_DE\" \/>\n<meta property=\"og:type\" content=\"article\" \/>\n<meta property=\"og:title\" content=\"Teleskoplader und Teleskopstapler hinten &#8211; JAK-Metalli Oy\" \/>\n<meta property=\"og:description\" content=\"Die Bedienung des F\u00e4llgreifers und des Hecks ist so konzipiert, dass Sie das Heck bei Bedarf selbst gegen einen anderen Maschinentyp austauschen k\u00f6nnen.\" \/>\n<meta property=\"og:url\" content=\"https:\/\/jak.fi\/de\/produkte\/zubehor-fur-fallgreifer\/radlader-und-teleskoplader-heckplatte\/\" \/>\n<meta property=\"og:site_name\" content=\"JAK-Metalli Oy\" \/>\n<meta property=\"article:publisher\" content=\"https:\/\/www.facebook.com\/jaktreeshears\" \/>\n<meta property=\"article:modified_time\" content=\"2025-04-11T12:50:33+00:00\" \/>\n<meta property=\"og:image\" content=\"https:\/\/jak.fi\/wp-content\/uploads\/2024\/05\/tree-shear-multimount-adapter.png\" \/>\n\t<meta property=\"og:image:width\" content=\"1000\" \/>\n\t<meta property=\"og:image:height\" content=\"666\" \/>\n\t<meta property=\"og:image:type\" content=\"image\/png\" \/>\n<meta name=\"twitter:card\" content=\"summary_large_image\" \/>\n<meta name=\"twitter:label1\" content=\"Gesch\u00e4tzte Lesezeit\" \/>\n\t<meta name=\"twitter:data1\" content=\"1\u00a0Minute\" \/>\n<script type=\"application\/ld+json\" class=\"yoast-schema-graph\">{\"@context\":\"https:\\\/\\\/schema.org\",\"@graph\":[{\"@type\":\"WebPage\",\"@id\":\"https:\\\/\\\/jak.fi\\\/de\\\/produkte\\\/zubehor-fur-fallgreifer\\\/radlader-und-teleskoplader-heckplatte\\\/\",\"url\":\"https:\\\/\\\/jak.fi\\\/de\\\/produkte\\\/zubehor-fur-fallgreifer\\\/radlader-und-teleskoplader-heckplatte\\\/\",\"name\":\"Teleskoplader und Teleskopstapler hinten &#8211; JAK-Metalli Oy\",\"isPartOf\":{\"@id\":\"https:\\\/\\\/jak.fi\\\/de\\\/#website\"},\"primaryImageOfPage\":{\"@id\":\"https:\\\/\\\/jak.fi\\\/de\\\/produkte\\\/zubehor-fur-fallgreifer\\\/radlader-und-teleskoplader-heckplatte\\\/#primaryimage\"},\"image\":{\"@id\":\"https:\\\/\\\/jak.fi\\\/de\\\/produkte\\\/zubehor-fur-fallgreifer\\\/radlader-und-teleskoplader-heckplatte\\\/#primaryimage\"},\"thumbnailUrl\":\"https:\\\/\\\/jak.fi\\\/wp-content\\\/uploads\\\/2024\\\/05\\\/tree-shear-multimount-adapter.png\",\"datePublished\":\"2024-05-28T07:08:25+00:00\",\"dateModified\":\"2025-04-11T12:50:33+00:00\",\"description\":\"Die Bedienung des F\u00e4llgreifers und des Hecks ist so konzipiert, dass Sie das Heck bei Bedarf selbst gegen einen anderen Maschinentyp austauschen k\u00f6nnen.\",\"breadcrumb\":{\"@id\":\"https:\\\/\\\/jak.fi\\\/de\\\/produkte\\\/zubehor-fur-fallgreifer\\\/radlader-und-teleskoplader-heckplatte\\\/#breadcrumb\"},\"inLanguage\":\"de\",\"potentialAction\":[{\"@type\":\"ReadAction\",\"target\":[\"https:\\\/\\\/jak.fi\\\/de\\\/produkte\\\/zubehor-fur-fallgreifer\\\/radlader-und-teleskoplader-heckplatte\\\/\"]}]},{\"@type\":\"ImageObject\",\"inLanguage\":\"de\",\"@id\":\"https:\\\/\\\/jak.fi\\\/de\\\/produkte\\\/zubehor-fur-fallgreifer\\\/radlader-und-teleskoplader-heckplatte\\\/#primaryimage\",\"url\":\"https:\\\/\\\/jak.fi\\\/wp-content\\\/uploads\\\/2024\\\/05\\\/tree-shear-multimount-adapter.png\",\"contentUrl\":\"https:\\\/\\\/jak.fi\\\/wp-content\\\/uploads\\\/2024\\\/05\\\/tree-shear-multimount-adapter.png\",\"width\":1000,\"height\":666,\"caption\":\"F\u00e4llgreifer-Heckteil f\u00fcr einen radlader\"},{\"@type\":\"BreadcrumbList\",\"@id\":\"https:\\\/\\\/jak.fi\\\/de\\\/produkte\\\/zubehor-fur-fallgreifer\\\/radlader-und-teleskoplader-heckplatte\\\/#breadcrumb\",\"itemListElement\":[{\"@type\":\"ListItem\",\"position\":1,\"name\":\"Etusivu\",\"item\":\"https:\\\/\\\/jak.fi\\\/de\\\/\"},{\"@type\":\"ListItem\",\"position\":2,\"name\":\"Produkte\",\"item\":\"https:\\\/\\\/jak.fi\\\/de\\\/produkte\\\/\"},{\"@type\":\"ListItem\",\"position\":3,\"name\":\"Teleskoplader und Teleskopstapler hinten\"}]},{\"@type\":\"WebSite\",\"@id\":\"https:\\\/\\\/jak.fi\\\/de\\\/#website\",\"url\":\"https:\\\/\\\/jak.fi\\\/de\\\/\",\"name\":\"JAK-Metalli Oy\",\"description\":\"\",\"publisher\":{\"@id\":\"https:\\\/\\\/jak.fi\\\/de\\\/#organization\"},\"alternateName\":\"JAK Tree shears\",\"potentialAction\":[{\"@type\":\"SearchAction\",\"target\":{\"@type\":\"EntryPoint\",\"urlTemplate\":\"https:\\\/\\\/jak.fi\\\/de\\\/?s={search_term_string}\"},\"query-input\":{\"@type\":\"PropertyValueSpecification\",\"valueRequired\":true,\"valueName\":\"search_term_string\"}}],\"inLanguage\":\"de\"},{\"@type\":\"Organization\",\"@id\":\"https:\\\/\\\/jak.fi\\\/de\\\/#organization\",\"name\":\"JAK-Metalli Oy\",\"alternateName\":\"JAK Tree shears\",\"url\":\"https:\\\/\\\/jak.fi\\\/de\\\/\",\"logo\":{\"@type\":\"ImageObject\",\"inLanguage\":\"de\",\"@id\":\"https:\\\/\\\/jak.fi\\\/de\\\/#\\\/schema\\\/logo\\\/image\\\/\",\"url\":\"https:\\\/\\\/jak.fi\\\/wp-content\\\/uploads\\\/2024\\\/09\\\/JAK-logo-696x696-1.jpg\",\"contentUrl\":\"https:\\\/\\\/jak.fi\\\/wp-content\\\/uploads\\\/2024\\\/09\\\/JAK-logo-696x696-1.jpg\",\"width\":696,\"height\":696,\"caption\":\"JAK-Metalli Oy\"},\"image\":{\"@id\":\"https:\\\/\\\/jak.fi\\\/de\\\/#\\\/schema\\\/logo\\\/image\\\/\"},\"sameAs\":[\"https:\\\/\\\/www.facebook.com\\\/jaktreeshears\",\"https:\\\/\\\/www.instagram.com\\\/jaktreeshears\\\/\",\"https:\\\/\\\/www.youtube.com\\\/channel\\\/UCAwvaVhBBkPie8MeAGbdY1w\"]}]}<\/script>\n<!-- \/ Yoast SEO plugin. -->","yoast_head_json":{"title":"Teleskoplader und Teleskopstapler hinten &#8211; JAK-Metalli Oy","description":"Die Bedienung des F\u00e4llgreifers und des Hecks ist so konzipiert, dass Sie das Heck bei Bedarf selbst gegen einen anderen Maschinentyp austauschen k\u00f6nnen.","robots":{"index":"index","follow":"follow","max-snippet":"max-snippet:-1","max-image-preview":"max-image-preview:large","max-video-preview":"max-video-preview:-1"},"canonical":"https:\/\/jak.fi\/de\/produkte\/zubehor-fur-fallgreifer\/radlader-und-teleskoplader-heckplatte\/","og_locale":"de_DE","og_type":"article","og_title":"Teleskoplader und Teleskopstapler hinten &#8211; JAK-Metalli Oy","og_description":"Die Bedienung des F\u00e4llgreifers und des Hecks ist so konzipiert, dass Sie das Heck bei Bedarf selbst gegen einen anderen Maschinentyp austauschen k\u00f6nnen.","og_url":"https:\/\/jak.fi\/de\/produkte\/zubehor-fur-fallgreifer\/radlader-und-teleskoplader-heckplatte\/","og_site_name":"JAK-Metalli Oy","article_publisher":"https:\/\/www.facebook.com\/jaktreeshears","article_modified_time":"2025-04-11T12:50:33+00:00","og_image":[{"width":1000,"height":666,"url":"https:\/\/jak.fi\/wp-content\/uploads\/2024\/05\/tree-shear-multimount-adapter.png","type":"image\/png"}],"twitter_card":"summary_large_image","twitter_misc":{"Gesch\u00e4tzte Lesezeit":"1\u00a0Minute"},"schema":{"@context":"https:\/\/schema.org","@graph":[{"@type":"WebPage","@id":"https:\/\/jak.fi\/de\/produkte\/zubehor-fur-fallgreifer\/radlader-und-teleskoplader-heckplatte\/","url":"https:\/\/jak.fi\/de\/produkte\/zubehor-fur-fallgreifer\/radlader-und-teleskoplader-heckplatte\/","name":"Teleskoplader und Teleskopstapler hinten &#8211; JAK-Metalli Oy","isPartOf":{"@id":"https:\/\/jak.fi\/de\/#website"},"primaryImageOfPage":{"@id":"https:\/\/jak.fi\/de\/produkte\/zubehor-fur-fallgreifer\/radlader-und-teleskoplader-heckplatte\/#primaryimage"},"image":{"@id":"https:\/\/jak.fi\/de\/produkte\/zubehor-fur-fallgreifer\/radlader-und-teleskoplader-heckplatte\/#primaryimage"},"thumbnailUrl":"https:\/\/jak.fi\/wp-content\/uploads\/2024\/05\/tree-shear-multimount-adapter.png","datePublished":"2024-05-28T07:08:25+00:00","dateModified":"2025-04-11T12:50:33+00:00","description":"Die Bedienung des F\u00e4llgreifers und des Hecks ist so konzipiert, dass Sie das Heck bei Bedarf selbst gegen einen anderen Maschinentyp austauschen k\u00f6nnen.","breadcrumb":{"@id":"https:\/\/jak.fi\/de\/produkte\/zubehor-fur-fallgreifer\/radlader-und-teleskoplader-heckplatte\/#breadcrumb"},"inLanguage":"de","potentialAction":[{"@type":"ReadAction","target":["https:\/\/jak.fi\/de\/produkte\/zubehor-fur-fallgreifer\/radlader-und-teleskoplader-heckplatte\/"]}]},{"@type":"ImageObject","inLanguage":"de","@id":"https:\/\/jak.fi\/de\/produkte\/zubehor-fur-fallgreifer\/radlader-und-teleskoplader-heckplatte\/#primaryimage","url":"https:\/\/jak.fi\/wp-content\/uploads\/2024\/05\/tree-shear-multimount-adapter.png","contentUrl":"https:\/\/jak.fi\/wp-content\/uploads\/2024\/05\/tree-shear-multimount-adapter.png","width":1000,"height":666,"caption":"F\u00e4llgreifer-Heckteil f\u00fcr einen radlader"},{"@type":"BreadcrumbList","@id":"https:\/\/jak.fi\/de\/produkte\/zubehor-fur-fallgreifer\/radlader-und-teleskoplader-heckplatte\/#breadcrumb","itemListElement":[{"@type":"ListItem","position":1,"name":"Etusivu","item":"https:\/\/jak.fi\/de\/"},{"@type":"ListItem","position":2,"name":"Produkte","item":"https:\/\/jak.fi\/de\/produkte\/"},{"@type":"ListItem","position":3,"name":"Teleskoplader und Teleskopstapler hinten"}]},{"@type":"WebSite","@id":"https:\/\/jak.fi\/de\/#website","url":"https:\/\/jak.fi\/de\/","name":"JAK-Metalli Oy","description":"","publisher":{"@id":"https:\/\/jak.fi\/de\/#organization"},"alternateName":"JAK Tree shears","potentialAction":[{"@type":"SearchAction","target":{"@type":"EntryPoint","urlTemplate":"https:\/\/jak.fi\/de\/?s={search_term_string}"},"query-input":{"@type":"PropertyValueSpecification","valueRequired":true,"valueName":"search_term_string"}}],"inLanguage":"de"},{"@type":"Organization","@id":"https:\/\/jak.fi\/de\/#organization","name":"JAK-Metalli Oy","alternateName":"JAK Tree shears","url":"https:\/\/jak.fi\/de\/","logo":{"@type":"ImageObject","inLanguage":"de","@id":"https:\/\/jak.fi\/de\/#\/schema\/logo\/image\/","url":"https:\/\/jak.fi\/wp-content\/uploads\/2024\/09\/JAK-logo-696x696-1.jpg","contentUrl":"https:\/\/jak.fi\/wp-content\/uploads\/2024\/09\/JAK-logo-696x696-1.jpg","width":696,"height":696,"caption":"JAK-Metalli Oy"},"image":{"@id":"https:\/\/jak.fi\/de\/#\/schema\/logo\/image\/"},"sameAs":["https:\/\/www.facebook.com\/jaktreeshears","https:\/\/www.instagram.com\/jaktreeshears\/","https:\/\/www.youtube.com\/channel\/UCAwvaVhBBkPie8MeAGbdY1w"]}]}},"_links":{"self":[{"href":"https:\/\/jak.fi\/de\/wp-json\/wp\/v2\/product\/5376","targetHints":{"allow":["GET"]}}],"collection":[{"href":"https:\/\/jak.fi\/de\/wp-json\/wp\/v2\/product"}],"about":[{"href":"https:\/\/jak.fi\/de\/wp-json\/wp\/v2\/types\/product"}],"wp:featuredmedia":[{"embeddable":true,"href":"https:\/\/jak.fi\/de\/wp-json\/wp\/v2\/media\/5378"}],"wp:attachment":[{"href":"https:\/\/jak.fi\/de\/wp-json\/wp\/v2\/media?parent=5376"}],"wp:term":[{"taxonomy":"product_brand","embeddable":true,"href":"https:\/\/jak.fi\/de\/wp-json\/wp\/v2\/product_brand?post=5376"},{"taxonomy":"product_cat","embeddable":true,"href":"https:\/\/jak.fi\/de\/wp-json\/wp\/v2\/product_cat?post=5376"},{"taxonomy":"product_tag","embeddable":true,"href":"https:\/\/jak.fi\/de\/wp-json\/wp\/v2\/product_tag?post=5376"}],"curies":[{"name":"wp","href":"https:\/\/api.w.org\/{rel}","templated":true}]}}