{"id":5377,"date":"2024-05-28T13:49:30","date_gmt":"2024-05-28T10:49:30","guid":{"rendered":"https:\/\/jak.fi\/products\/unkategorisiert\/jak-200k-gen4-energieerfassungsgeraet\/"},"modified":"2025-09-02T15:34:43","modified_gmt":"2025-09-02T12:34:43","slug":"jak-200k-faellgreifer","status":"publish","type":"product","link":"https:\/\/jak.fi\/de\/produkte\/fallgreifer-fur-traktoren-und-forstmaschinen\/jak-200k-faellgreifer\/","title":{"rendered":"JAK-200K F\u00e4llgreifer GEN4"},"content":{"rendered":"<h2>JAK-200K F\u00e4llgreifer GEN4 f\u00fcr Holzlader und kleine Traktoren &#8211; Leistungsstark, langlebig und sicher zum Schneiden von St\u00e4mmen bis zu 200 mm Dicke<\/h2>\n<p>Der JAK-200K F\u00e4llgreifer GEN4 ist ein leistungsstarker Zweizylinder-F\u00e4llgreifer f\u00fcr den professionellen Einsatz auf Holzladern und kleinen Traktoren. Der JAK-200K GEN4 wurde f\u00fcr den harten Einsatz entwickelt und schneidet effizient Baumst\u00e4mme bis zu 200 mm Dicke, so dass verschiedene Durchforstungs- und Rodungsarbeiten pr\u00e4zise und effizient durchgef\u00fchrt werden k\u00f6nnen.<\/p>\n<p>Die starken Backen und das hohe Profil des F\u00e4llgreifers sorgen f\u00fcr einen festen und sicheren Griff am Holz. Die breite 600 mm \u00d6ffnung des JAK-200K macht es au\u00dferdem einfach, mehrere B\u00e4ume auf einmal zu f\u00e4llen.<\/p>\n<p>Der JAK-200K GEN4 wird von einem einzigen doppelt wirkenden Hydrauliksystem angetrieben und kann als solcher anstelle eines Standard-Holzgreifers installiert werden. Das Schneidmesser kann bei Bedarf abgenommen werden, so dass der Greifer auch als Holzgreifer verwendet werden kann.<\/p>\n<p>Wir verwenden hochfesten, verschlei\u00dffesten Hardox\u00ae-Stahl. Die Z\u00e4higkeit und die Verwendung hochwertiger Materialien tragen ebenfalls zu einer Struktur und Zuverl\u00e4ssigkeit bei, die auch den h\u00e4rtesten Situationen und Bedingungen standh\u00e4lt.<\/p>\n","protected":false},"excerpt":{"rendered":"<ul>\n<li>Hergestellt aus Hardox \u00ae verschlei\u00dffestem Stahl<\/li>\n<li>Hochwertige und langlebige Konstruktion<\/li>\n<li>Kein Strom erforderlich<\/li>\n<li>CE-gepr\u00fcft<\/li>\n<li>Hergestellt in Finnland<\/li>\n<li>Abnehmbare Klinge<\/li>\n<\/ul>\n","protected":false},"featured_media":5387,"template":"","meta":{"_acf_changed":false},"product_brand":[],"product_cat":[596],"product_tag":[],"class_list":{"0":"post-5377","1":"product","2":"type-product","3":"status-publish","4":"has-post-thumbnail","6":"product_cat-fallgreifer-fur-traktoren-und-forstmaschinen","8":"first","9":"instock","10":"shipping-taxable","11":"product-type-simple"},"acf":[],"yoast_head":"<!-- This site is optimized with the Yoast SEO plugin v27.3 - https:\/\/yoast.com\/product\/yoast-seo-wordpress\/ -->\n<title>JAK-200K F\u00e4llgreifer GEN4 &#8211; JAK-Metalli Oy<\/title>\n<meta name=\"description\" content=\"Der JAK-200K GEN4 ist ein Zweizylinder-F\u00e4llgreifer f\u00fcr den Einsatz auf Holzladern und kleinen Traktoren.\" \/>\n<meta name=\"robots\" content=\"index, follow, max-snippet:-1, max-image-preview:large, max-video-preview:-1\" \/>\n<link rel=\"canonical\" href=\"https:\/\/jak.fi\/de\/produkte\/fallgreifer-fur-traktoren-und-forstmaschinen\/jak-200k-faellgreifer\/\" \/>\n<meta property=\"og:locale\" content=\"de_DE\" \/>\n<meta property=\"og:type\" content=\"article\" \/>\n<meta property=\"og:title\" content=\"JAK-200K F\u00e4llgreifer GEN4 &#8211; JAK-Metalli Oy\" \/>\n<meta property=\"og:description\" content=\"Der JAK-200K GEN4 ist ein Zweizylinder-F\u00e4llgreifer f\u00fcr den Einsatz auf Holzladern und kleinen Traktoren.\" \/>\n<meta property=\"og:url\" content=\"https:\/\/jak.fi\/de\/produkte\/fallgreifer-fur-traktoren-und-forstmaschinen\/jak-200k-faellgreifer\/\" \/>\n<meta property=\"og:site_name\" content=\"JAK-Metalli Oy\" \/>\n<meta property=\"article:publisher\" content=\"https:\/\/www.facebook.com\/jaktreeshears\" \/>\n<meta property=\"article:modified_time\" content=\"2025-09-02T12:34:43+00:00\" \/>\n<meta property=\"og:image\" content=\"https:\/\/jak.fi\/wp-content\/uploads\/2024\/05\/jak-200k-4-1.png\" \/>\n\t<meta property=\"og:image:width\" content=\"1000\" \/>\n\t<meta property=\"og:image:height\" content=\"666\" \/>\n\t<meta property=\"og:image:type\" content=\"image\/png\" \/>\n<meta name=\"twitter:card\" content=\"summary_large_image\" \/>\n<meta name=\"twitter:label1\" content=\"Gesch\u00e4tzte Lesezeit\" \/>\n\t<meta name=\"twitter:data1\" content=\"2\u00a0Minute\" \/>\n<script type=\"application\/ld+json\" class=\"yoast-schema-graph\">{\"@context\":\"https:\\\/\\\/schema.org\",\"@graph\":[{\"@type\":\"WebPage\",\"@id\":\"https:\\\/\\\/jak.fi\\\/de\\\/produkte\\\/fallgreifer-fur-traktoren-und-forstmaschinen\\\/jak-200k-faellgreifer\\\/\",\"url\":\"https:\\\/\\\/jak.fi\\\/de\\\/produkte\\\/fallgreifer-fur-traktoren-und-forstmaschinen\\\/jak-200k-faellgreifer\\\/\",\"name\":\"JAK-200K F\u00e4llgreifer GEN4 &#8211; JAK-Metalli Oy\",\"isPartOf\":{\"@id\":\"https:\\\/\\\/jak.fi\\\/de\\\/#website\"},\"primaryImageOfPage\":{\"@id\":\"https:\\\/\\\/jak.fi\\\/de\\\/produkte\\\/fallgreifer-fur-traktoren-und-forstmaschinen\\\/jak-200k-faellgreifer\\\/#primaryimage\"},\"image\":{\"@id\":\"https:\\\/\\\/jak.fi\\\/de\\\/produkte\\\/fallgreifer-fur-traktoren-und-forstmaschinen\\\/jak-200k-faellgreifer\\\/#primaryimage\"},\"thumbnailUrl\":\"https:\\\/\\\/jak.fi\\\/wp-content\\\/uploads\\\/2024\\\/05\\\/jak-200k-4-1.png\",\"datePublished\":\"2024-05-28T10:49:30+00:00\",\"dateModified\":\"2025-09-02T12:34:43+00:00\",\"description\":\"Der JAK-200K GEN4 ist ein Zweizylinder-F\u00e4llgreifer f\u00fcr den Einsatz auf Holzladern und kleinen Traktoren.\",\"breadcrumb\":{\"@id\":\"https:\\\/\\\/jak.fi\\\/de\\\/produkte\\\/fallgreifer-fur-traktoren-und-forstmaschinen\\\/jak-200k-faellgreifer\\\/#breadcrumb\"},\"inLanguage\":\"de\",\"potentialAction\":[{\"@type\":\"ReadAction\",\"target\":[\"https:\\\/\\\/jak.fi\\\/de\\\/produkte\\\/fallgreifer-fur-traktoren-und-forstmaschinen\\\/jak-200k-faellgreifer\\\/\"]}]},{\"@type\":\"ImageObject\",\"inLanguage\":\"de\",\"@id\":\"https:\\\/\\\/jak.fi\\\/de\\\/produkte\\\/fallgreifer-fur-traktoren-und-forstmaschinen\\\/jak-200k-faellgreifer\\\/#primaryimage\",\"url\":\"https:\\\/\\\/jak.fi\\\/wp-content\\\/uploads\\\/2024\\\/05\\\/jak-200k-4-1.png\",\"contentUrl\":\"https:\\\/\\\/jak.fi\\\/wp-content\\\/uploads\\\/2024\\\/05\\\/jak-200k-4-1.png\",\"width\":1000,\"height\":666},{\"@type\":\"BreadcrumbList\",\"@id\":\"https:\\\/\\\/jak.fi\\\/de\\\/produkte\\\/fallgreifer-fur-traktoren-und-forstmaschinen\\\/jak-200k-faellgreifer\\\/#breadcrumb\",\"itemListElement\":[{\"@type\":\"ListItem\",\"position\":1,\"name\":\"Etusivu\",\"item\":\"https:\\\/\\\/jak.fi\\\/de\\\/\"},{\"@type\":\"ListItem\",\"position\":2,\"name\":\"Produkte\",\"item\":\"https:\\\/\\\/jak.fi\\\/de\\\/produkte\\\/\"},{\"@type\":\"ListItem\",\"position\":3,\"name\":\"JAK-200K F\u00e4llgreifer GEN4\"}]},{\"@type\":\"WebSite\",\"@id\":\"https:\\\/\\\/jak.fi\\\/de\\\/#website\",\"url\":\"https:\\\/\\\/jak.fi\\\/de\\\/\",\"name\":\"JAK-Metalli Oy\",\"description\":\"\",\"publisher\":{\"@id\":\"https:\\\/\\\/jak.fi\\\/de\\\/#organization\"},\"alternateName\":\"JAK Tree shears\",\"potentialAction\":[{\"@type\":\"SearchAction\",\"target\":{\"@type\":\"EntryPoint\",\"urlTemplate\":\"https:\\\/\\\/jak.fi\\\/de\\\/?s={search_term_string}\"},\"query-input\":{\"@type\":\"PropertyValueSpecification\",\"valueRequired\":true,\"valueName\":\"search_term_string\"}}],\"inLanguage\":\"de\"},{\"@type\":\"Organization\",\"@id\":\"https:\\\/\\\/jak.fi\\\/de\\\/#organization\",\"name\":\"JAK-Metalli Oy\",\"alternateName\":\"JAK Tree shears\",\"url\":\"https:\\\/\\\/jak.fi\\\/de\\\/\",\"logo\":{\"@type\":\"ImageObject\",\"inLanguage\":\"de\",\"@id\":\"https:\\\/\\\/jak.fi\\\/de\\\/#\\\/schema\\\/logo\\\/image\\\/\",\"url\":\"https:\\\/\\\/jak.fi\\\/wp-content\\\/uploads\\\/2024\\\/09\\\/JAK-logo-696x696-1.jpg\",\"contentUrl\":\"https:\\\/\\\/jak.fi\\\/wp-content\\\/uploads\\\/2024\\\/09\\\/JAK-logo-696x696-1.jpg\",\"width\":696,\"height\":696,\"caption\":\"JAK-Metalli Oy\"},\"image\":{\"@id\":\"https:\\\/\\\/jak.fi\\\/de\\\/#\\\/schema\\\/logo\\\/image\\\/\"},\"sameAs\":[\"https:\\\/\\\/www.facebook.com\\\/jaktreeshears\",\"https:\\\/\\\/www.instagram.com\\\/jaktreeshears\\\/\",\"https:\\\/\\\/www.youtube.com\\\/channel\\\/UCAwvaVhBBkPie8MeAGbdY1w\"]}]}<\/script>\n<!-- \/ Yoast SEO plugin. -->","yoast_head_json":{"title":"JAK-200K F\u00e4llgreifer GEN4 &#8211; JAK-Metalli Oy","description":"Der JAK-200K GEN4 ist ein Zweizylinder-F\u00e4llgreifer f\u00fcr den Einsatz auf Holzladern und kleinen Traktoren.","robots":{"index":"index","follow":"follow","max-snippet":"max-snippet:-1","max-image-preview":"max-image-preview:large","max-video-preview":"max-video-preview:-1"},"canonical":"https:\/\/jak.fi\/de\/produkte\/fallgreifer-fur-traktoren-und-forstmaschinen\/jak-200k-faellgreifer\/","og_locale":"de_DE","og_type":"article","og_title":"JAK-200K F\u00e4llgreifer GEN4 &#8211; JAK-Metalli Oy","og_description":"Der JAK-200K GEN4 ist ein Zweizylinder-F\u00e4llgreifer f\u00fcr den Einsatz auf Holzladern und kleinen Traktoren.","og_url":"https:\/\/jak.fi\/de\/produkte\/fallgreifer-fur-traktoren-und-forstmaschinen\/jak-200k-faellgreifer\/","og_site_name":"JAK-Metalli Oy","article_publisher":"https:\/\/www.facebook.com\/jaktreeshears","article_modified_time":"2025-09-02T12:34:43+00:00","og_image":[{"width":1000,"height":666,"url":"https:\/\/jak.fi\/wp-content\/uploads\/2024\/05\/jak-200k-4-1.png","type":"image\/png"}],"twitter_card":"summary_large_image","twitter_misc":{"Gesch\u00e4tzte Lesezeit":"2\u00a0Minute"},"schema":{"@context":"https:\/\/schema.org","@graph":[{"@type":"WebPage","@id":"https:\/\/jak.fi\/de\/produkte\/fallgreifer-fur-traktoren-und-forstmaschinen\/jak-200k-faellgreifer\/","url":"https:\/\/jak.fi\/de\/produkte\/fallgreifer-fur-traktoren-und-forstmaschinen\/jak-200k-faellgreifer\/","name":"JAK-200K F\u00e4llgreifer GEN4 &#8211; JAK-Metalli Oy","isPartOf":{"@id":"https:\/\/jak.fi\/de\/#website"},"primaryImageOfPage":{"@id":"https:\/\/jak.fi\/de\/produkte\/fallgreifer-fur-traktoren-und-forstmaschinen\/jak-200k-faellgreifer\/#primaryimage"},"image":{"@id":"https:\/\/jak.fi\/de\/produkte\/fallgreifer-fur-traktoren-und-forstmaschinen\/jak-200k-faellgreifer\/#primaryimage"},"thumbnailUrl":"https:\/\/jak.fi\/wp-content\/uploads\/2024\/05\/jak-200k-4-1.png","datePublished":"2024-05-28T10:49:30+00:00","dateModified":"2025-09-02T12:34:43+00:00","description":"Der JAK-200K GEN4 ist ein Zweizylinder-F\u00e4llgreifer f\u00fcr den Einsatz auf Holzladern und kleinen Traktoren.","breadcrumb":{"@id":"https:\/\/jak.fi\/de\/produkte\/fallgreifer-fur-traktoren-und-forstmaschinen\/jak-200k-faellgreifer\/#breadcrumb"},"inLanguage":"de","potentialAction":[{"@type":"ReadAction","target":["https:\/\/jak.fi\/de\/produkte\/fallgreifer-fur-traktoren-und-forstmaschinen\/jak-200k-faellgreifer\/"]}]},{"@type":"ImageObject","inLanguage":"de","@id":"https:\/\/jak.fi\/de\/produkte\/fallgreifer-fur-traktoren-und-forstmaschinen\/jak-200k-faellgreifer\/#primaryimage","url":"https:\/\/jak.fi\/wp-content\/uploads\/2024\/05\/jak-200k-4-1.png","contentUrl":"https:\/\/jak.fi\/wp-content\/uploads\/2024\/05\/jak-200k-4-1.png","width":1000,"height":666},{"@type":"BreadcrumbList","@id":"https:\/\/jak.fi\/de\/produkte\/fallgreifer-fur-traktoren-und-forstmaschinen\/jak-200k-faellgreifer\/#breadcrumb","itemListElement":[{"@type":"ListItem","position":1,"name":"Etusivu","item":"https:\/\/jak.fi\/de\/"},{"@type":"ListItem","position":2,"name":"Produkte","item":"https:\/\/jak.fi\/de\/produkte\/"},{"@type":"ListItem","position":3,"name":"JAK-200K F\u00e4llgreifer GEN4"}]},{"@type":"WebSite","@id":"https:\/\/jak.fi\/de\/#website","url":"https:\/\/jak.fi\/de\/","name":"JAK-Metalli Oy","description":"","publisher":{"@id":"https:\/\/jak.fi\/de\/#organization"},"alternateName":"JAK Tree shears","potentialAction":[{"@type":"SearchAction","target":{"@type":"EntryPoint","urlTemplate":"https:\/\/jak.fi\/de\/?s={search_term_string}"},"query-input":{"@type":"PropertyValueSpecification","valueRequired":true,"valueName":"search_term_string"}}],"inLanguage":"de"},{"@type":"Organization","@id":"https:\/\/jak.fi\/de\/#organization","name":"JAK-Metalli Oy","alternateName":"JAK Tree shears","url":"https:\/\/jak.fi\/de\/","logo":{"@type":"ImageObject","inLanguage":"de","@id":"https:\/\/jak.fi\/de\/#\/schema\/logo\/image\/","url":"https:\/\/jak.fi\/wp-content\/uploads\/2024\/09\/JAK-logo-696x696-1.jpg","contentUrl":"https:\/\/jak.fi\/wp-content\/uploads\/2024\/09\/JAK-logo-696x696-1.jpg","width":696,"height":696,"caption":"JAK-Metalli Oy"},"image":{"@id":"https:\/\/jak.fi\/de\/#\/schema\/logo\/image\/"},"sameAs":["https:\/\/www.facebook.com\/jaktreeshears","https:\/\/www.instagram.com\/jaktreeshears\/","https:\/\/www.youtube.com\/channel\/UCAwvaVhBBkPie8MeAGbdY1w"]}]}},"_links":{"self":[{"href":"https:\/\/jak.fi\/de\/wp-json\/wp\/v2\/product\/5377","targetHints":{"allow":["GET"]}}],"collection":[{"href":"https:\/\/jak.fi\/de\/wp-json\/wp\/v2\/product"}],"about":[{"href":"https:\/\/jak.fi\/de\/wp-json\/wp\/v2\/types\/product"}],"wp:featuredmedia":[{"embeddable":true,"href":"https:\/\/jak.fi\/de\/wp-json\/wp\/v2\/media\/5387"}],"wp:attachment":[{"href":"https:\/\/jak.fi\/de\/wp-json\/wp\/v2\/media?parent=5377"}],"wp:term":[{"taxonomy":"product_brand","embeddable":true,"href":"https:\/\/jak.fi\/de\/wp-json\/wp\/v2\/product_brand?post=5377"},{"taxonomy":"product_cat","embeddable":true,"href":"https:\/\/jak.fi\/de\/wp-json\/wp\/v2\/product_cat?post=5377"},{"taxonomy":"product_tag","embeddable":true,"href":"https:\/\/jak.fi\/de\/wp-json\/wp\/v2\/product_tag?post=5377"}],"curies":[{"name":"wp","href":"https:\/\/api.w.org\/{rel}","templated":true}]}}