{"id":5399,"date":"2024-05-28T10:09:06","date_gmt":"2024-05-28T07:09:06","guid":{"rendered":"https:\/\/jak.fi\/products\/unkategorisiert\/bagger-heckteil\/"},"modified":"2025-04-11T15:50:43","modified_gmt":"2025-04-11T12:50:43","slug":"bagger-heckteil","status":"publish","type":"product","link":"https:\/\/jak.fi\/de\/produkte\/zubehor-fur-fallgreifer\/bagger-heckteil\/","title":{"rendered":"Bagger-Heckteil"},"content":{"rendered":"<p>Abh\u00e4ngig von der Montageplatte und den Baggeranbauger\u00e4ten ist der JAK-Energiegreifer der R-Serie mit Baggerr\u00fcckteil f\u00fcr alle g\u00e4ngigen Baggermodelle geeignet. Die Basis umfasst eine Abdeckplatte, auf der das eigentliche Baggeranbauger\u00e4t je nach Bedarf durch Verschrauben oder Schwei\u00dfen montiert werden kann. <\/p>\n<p>Die Bedienung des Energiegreifers und des Hecks ist au\u00dferdem so konzipiert, dass das Heck bei Bedarf mit wenig Aufwand auf einen anderen Maschinentyp umger\u00fcstet werden kann. Durch den Austausch des Heckteils des Greifers k\u00f6nnen die Energiegreifer der R-Serie beispielsweise an Lader und Reacher eingesetzt werden. <\/p>\n","protected":false},"excerpt":{"rendered":"<p>Abh\u00e4ngig von der Montageplatte und den Baggeranbauger\u00e4ten ist der JAK-Energiegreifer der R-Serie mit Baggerr\u00fcckteil f\u00fcr alle g\u00e4ngigen Baggermodelle geeignet. Die Basis umfasst eine Abdeckplatte, auf der das eigentliche Baggeranbauger\u00e4t je nach Bedarf durch Verschrauben oder Schwei\u00dfen montiert werden kann. Die Bedienung des Energiegreifers und des Hecks ist au\u00dferdem so konzipiert, dass das Heck bei Bedarf [&hellip;]<\/p>\n","protected":false},"featured_media":5401,"template":"","meta":{"_acf_changed":false},"product_brand":[],"product_cat":[590],"product_tag":[],"class_list":{"0":"post-5399","1":"product","2":"type-product","3":"status-publish","4":"has-post-thumbnail","6":"product_cat-zubehor-fur-fallgreifer","8":"first","9":"instock","10":"shipping-taxable","11":"product-type-simple"},"acf":[],"yoast_head":"<!-- This site is optimized with the Yoast SEO plugin v27.2 - https:\/\/yoast.com\/product\/yoast-seo-wordpress\/ -->\n<title>Bagger-Heckteil &#8211; JAK-Metalli Oy<\/title>\n<meta name=\"description\" content=\"Die Bedienung des F\u00e4llgreifers und des Hecks ist so konzipiert, dass Sie das Heck bei Bedarf selbst gegen einen anderen Maschinentyp austauschen k\u00f6nnen.\" \/>\n<meta name=\"robots\" content=\"index, follow, max-snippet:-1, max-image-preview:large, max-video-preview:-1\" \/>\n<link rel=\"canonical\" href=\"https:\/\/jak.fi\/de\/produkte\/zubehor-fur-fallgreifer\/bagger-heckteil\/\" \/>\n<meta property=\"og:locale\" content=\"de_DE\" \/>\n<meta property=\"og:type\" content=\"article\" \/>\n<meta property=\"og:title\" content=\"Bagger-Heckteil &#8211; JAK-Metalli Oy\" \/>\n<meta property=\"og:description\" content=\"Die Bedienung des F\u00e4llgreifers und des Hecks ist so konzipiert, dass Sie das Heck bei Bedarf selbst gegen einen anderen Maschinentyp austauschen k\u00f6nnen.\" \/>\n<meta property=\"og:url\" content=\"https:\/\/jak.fi\/de\/produkte\/zubehor-fur-fallgreifer\/bagger-heckteil\/\" \/>\n<meta property=\"og:site_name\" content=\"JAK-Metalli Oy\" \/>\n<meta property=\"article:publisher\" content=\"https:\/\/www.facebook.com\/jaktreeshears\" \/>\n<meta property=\"article:modified_time\" content=\"2025-04-11T12:50:43+00:00\" \/>\n<meta property=\"og:image\" content=\"https:\/\/jak.fi\/wp-content\/uploads\/2024\/05\/tree-shear-excavator-adapter-with-ms08-and-foot.png\" \/>\n\t<meta property=\"og:image:width\" content=\"1000\" \/>\n\t<meta property=\"og:image:height\" content=\"666\" \/>\n\t<meta property=\"og:image:type\" content=\"image\/png\" \/>\n<meta name=\"twitter:card\" content=\"summary_large_image\" \/>\n<script type=\"application\/ld+json\" class=\"yoast-schema-graph\">{\"@context\":\"https:\/\/schema.org\",\"@graph\":[{\"@type\":\"WebPage\",\"@id\":\"https:\/\/jak.fi\/de\/produkte\/zubehor-fur-fallgreifer\/bagger-heckteil\/\",\"url\":\"https:\/\/jak.fi\/de\/produkte\/zubehor-fur-fallgreifer\/bagger-heckteil\/\",\"name\":\"Bagger-Heckteil &#8211; JAK-Metalli Oy\",\"isPartOf\":{\"@id\":\"https:\/\/jak.fi\/de\/#website\"},\"primaryImageOfPage\":{\"@id\":\"https:\/\/jak.fi\/de\/produkte\/zubehor-fur-fallgreifer\/bagger-heckteil\/#primaryimage\"},\"image\":{\"@id\":\"https:\/\/jak.fi\/de\/produkte\/zubehor-fur-fallgreifer\/bagger-heckteil\/#primaryimage\"},\"thumbnailUrl\":\"https:\/\/jak.fi\/wp-content\/uploads\/2024\/05\/tree-shear-excavator-adapter-with-ms08-and-foot.png\",\"datePublished\":\"2024-05-28T07:09:06+00:00\",\"dateModified\":\"2025-04-11T12:50:43+00:00\",\"description\":\"Die Bedienung des F\u00e4llgreifers und des Hecks ist so konzipiert, dass Sie das Heck bei Bedarf selbst gegen einen anderen Maschinentyp austauschen k\u00f6nnen.\",\"breadcrumb\":{\"@id\":\"https:\/\/jak.fi\/de\/produkte\/zubehor-fur-fallgreifer\/bagger-heckteil\/#breadcrumb\"},\"inLanguage\":\"de\",\"potentialAction\":[{\"@type\":\"ReadAction\",\"target\":[\"https:\/\/jak.fi\/de\/produkte\/zubehor-fur-fallgreifer\/bagger-heckteil\/\"]}]},{\"@type\":\"ImageObject\",\"inLanguage\":\"de\",\"@id\":\"https:\/\/jak.fi\/de\/produkte\/zubehor-fur-fallgreifer\/bagger-heckteil\/#primaryimage\",\"url\":\"https:\/\/jak.fi\/wp-content\/uploads\/2024\/05\/tree-shear-excavator-adapter-with-ms08-and-foot.png\",\"contentUrl\":\"https:\/\/jak.fi\/wp-content\/uploads\/2024\/05\/tree-shear-excavator-adapter-with-ms08-and-foot.png\",\"width\":1000,\"height\":666,\"caption\":\"F\u00e4llgreifer-Heckteil f\u00fcr Bagger\"},{\"@type\":\"BreadcrumbList\",\"@id\":\"https:\/\/jak.fi\/de\/produkte\/zubehor-fur-fallgreifer\/bagger-heckteil\/#breadcrumb\",\"itemListElement\":[{\"@type\":\"ListItem\",\"position\":1,\"name\":\"Etusivu\",\"item\":\"https:\/\/jak.fi\/de\/\"},{\"@type\":\"ListItem\",\"position\":2,\"name\":\"Produkte\",\"item\":\"https:\/\/jak.fi\/de\/produkte\/\"},{\"@type\":\"ListItem\",\"position\":3,\"name\":\"Bagger-Heckteil\"}]},{\"@type\":\"WebSite\",\"@id\":\"https:\/\/jak.fi\/de\/#website\",\"url\":\"https:\/\/jak.fi\/de\/\",\"name\":\"JAK-Metalli Oy\",\"description\":\"\",\"publisher\":{\"@id\":\"https:\/\/jak.fi\/de\/#organization\"},\"alternateName\":\"JAK Tree shears\",\"potentialAction\":[{\"@type\":\"SearchAction\",\"target\":{\"@type\":\"EntryPoint\",\"urlTemplate\":\"https:\/\/jak.fi\/de\/?s={search_term_string}\"},\"query-input\":{\"@type\":\"PropertyValueSpecification\",\"valueRequired\":true,\"valueName\":\"search_term_string\"}}],\"inLanguage\":\"de\"},{\"@type\":\"Organization\",\"@id\":\"https:\/\/jak.fi\/de\/#organization\",\"name\":\"JAK-Metalli Oy\",\"alternateName\":\"JAK Tree shears\",\"url\":\"https:\/\/jak.fi\/de\/\",\"logo\":{\"@type\":\"ImageObject\",\"inLanguage\":\"de\",\"@id\":\"https:\/\/jak.fi\/de\/#\/schema\/logo\/image\/\",\"url\":\"https:\/\/jak.fi\/wp-content\/uploads\/2024\/09\/JAK-logo-696x696-1.jpg\",\"contentUrl\":\"https:\/\/jak.fi\/wp-content\/uploads\/2024\/09\/JAK-logo-696x696-1.jpg\",\"width\":696,\"height\":696,\"caption\":\"JAK-Metalli Oy\"},\"image\":{\"@id\":\"https:\/\/jak.fi\/de\/#\/schema\/logo\/image\/\"},\"sameAs\":[\"https:\/\/www.facebook.com\/jaktreeshears\",\"https:\/\/www.instagram.com\/jaktreeshears\/\",\"https:\/\/www.youtube.com\/channel\/UCAwvaVhBBkPie8MeAGbdY1w\"]}]}<\/script>\n<!-- \/ Yoast SEO plugin. -->","yoast_head_json":{"title":"Bagger-Heckteil &#8211; JAK-Metalli Oy","description":"Die Bedienung des F\u00e4llgreifers und des Hecks ist so konzipiert, dass Sie das Heck bei Bedarf selbst gegen einen anderen Maschinentyp austauschen k\u00f6nnen.","robots":{"index":"index","follow":"follow","max-snippet":"max-snippet:-1","max-image-preview":"max-image-preview:large","max-video-preview":"max-video-preview:-1"},"canonical":"https:\/\/jak.fi\/de\/produkte\/zubehor-fur-fallgreifer\/bagger-heckteil\/","og_locale":"de_DE","og_type":"article","og_title":"Bagger-Heckteil &#8211; JAK-Metalli Oy","og_description":"Die Bedienung des F\u00e4llgreifers und des Hecks ist so konzipiert, dass Sie das Heck bei Bedarf selbst gegen einen anderen Maschinentyp austauschen k\u00f6nnen.","og_url":"https:\/\/jak.fi\/de\/produkte\/zubehor-fur-fallgreifer\/bagger-heckteil\/","og_site_name":"JAK-Metalli Oy","article_publisher":"https:\/\/www.facebook.com\/jaktreeshears","article_modified_time":"2025-04-11T12:50:43+00:00","og_image":[{"width":1000,"height":666,"url":"https:\/\/jak.fi\/wp-content\/uploads\/2024\/05\/tree-shear-excavator-adapter-with-ms08-and-foot.png","type":"image\/png"}],"twitter_card":"summary_large_image","schema":{"@context":"https:\/\/schema.org","@graph":[{"@type":"WebPage","@id":"https:\/\/jak.fi\/de\/produkte\/zubehor-fur-fallgreifer\/bagger-heckteil\/","url":"https:\/\/jak.fi\/de\/produkte\/zubehor-fur-fallgreifer\/bagger-heckteil\/","name":"Bagger-Heckteil &#8211; JAK-Metalli Oy","isPartOf":{"@id":"https:\/\/jak.fi\/de\/#website"},"primaryImageOfPage":{"@id":"https:\/\/jak.fi\/de\/produkte\/zubehor-fur-fallgreifer\/bagger-heckteil\/#primaryimage"},"image":{"@id":"https:\/\/jak.fi\/de\/produkte\/zubehor-fur-fallgreifer\/bagger-heckteil\/#primaryimage"},"thumbnailUrl":"https:\/\/jak.fi\/wp-content\/uploads\/2024\/05\/tree-shear-excavator-adapter-with-ms08-and-foot.png","datePublished":"2024-05-28T07:09:06+00:00","dateModified":"2025-04-11T12:50:43+00:00","description":"Die Bedienung des F\u00e4llgreifers und des Hecks ist so konzipiert, dass Sie das Heck bei Bedarf selbst gegen einen anderen Maschinentyp austauschen k\u00f6nnen.","breadcrumb":{"@id":"https:\/\/jak.fi\/de\/produkte\/zubehor-fur-fallgreifer\/bagger-heckteil\/#breadcrumb"},"inLanguage":"de","potentialAction":[{"@type":"ReadAction","target":["https:\/\/jak.fi\/de\/produkte\/zubehor-fur-fallgreifer\/bagger-heckteil\/"]}]},{"@type":"ImageObject","inLanguage":"de","@id":"https:\/\/jak.fi\/de\/produkte\/zubehor-fur-fallgreifer\/bagger-heckteil\/#primaryimage","url":"https:\/\/jak.fi\/wp-content\/uploads\/2024\/05\/tree-shear-excavator-adapter-with-ms08-and-foot.png","contentUrl":"https:\/\/jak.fi\/wp-content\/uploads\/2024\/05\/tree-shear-excavator-adapter-with-ms08-and-foot.png","width":1000,"height":666,"caption":"F\u00e4llgreifer-Heckteil f\u00fcr Bagger"},{"@type":"BreadcrumbList","@id":"https:\/\/jak.fi\/de\/produkte\/zubehor-fur-fallgreifer\/bagger-heckteil\/#breadcrumb","itemListElement":[{"@type":"ListItem","position":1,"name":"Etusivu","item":"https:\/\/jak.fi\/de\/"},{"@type":"ListItem","position":2,"name":"Produkte","item":"https:\/\/jak.fi\/de\/produkte\/"},{"@type":"ListItem","position":3,"name":"Bagger-Heckteil"}]},{"@type":"WebSite","@id":"https:\/\/jak.fi\/de\/#website","url":"https:\/\/jak.fi\/de\/","name":"JAK-Metalli Oy","description":"","publisher":{"@id":"https:\/\/jak.fi\/de\/#organization"},"alternateName":"JAK Tree shears","potentialAction":[{"@type":"SearchAction","target":{"@type":"EntryPoint","urlTemplate":"https:\/\/jak.fi\/de\/?s={search_term_string}"},"query-input":{"@type":"PropertyValueSpecification","valueRequired":true,"valueName":"search_term_string"}}],"inLanguage":"de"},{"@type":"Organization","@id":"https:\/\/jak.fi\/de\/#organization","name":"JAK-Metalli Oy","alternateName":"JAK Tree shears","url":"https:\/\/jak.fi\/de\/","logo":{"@type":"ImageObject","inLanguage":"de","@id":"https:\/\/jak.fi\/de\/#\/schema\/logo\/image\/","url":"https:\/\/jak.fi\/wp-content\/uploads\/2024\/09\/JAK-logo-696x696-1.jpg","contentUrl":"https:\/\/jak.fi\/wp-content\/uploads\/2024\/09\/JAK-logo-696x696-1.jpg","width":696,"height":696,"caption":"JAK-Metalli Oy"},"image":{"@id":"https:\/\/jak.fi\/de\/#\/schema\/logo\/image\/"},"sameAs":["https:\/\/www.facebook.com\/jaktreeshears","https:\/\/www.instagram.com\/jaktreeshears\/","https:\/\/www.youtube.com\/channel\/UCAwvaVhBBkPie8MeAGbdY1w"]}]}},"_links":{"self":[{"href":"https:\/\/jak.fi\/de\/wp-json\/wp\/v2\/product\/5399","targetHints":{"allow":["GET"]}}],"collection":[{"href":"https:\/\/jak.fi\/de\/wp-json\/wp\/v2\/product"}],"about":[{"href":"https:\/\/jak.fi\/de\/wp-json\/wp\/v2\/types\/product"}],"wp:featuredmedia":[{"embeddable":true,"href":"https:\/\/jak.fi\/de\/wp-json\/wp\/v2\/media\/5401"}],"wp:attachment":[{"href":"https:\/\/jak.fi\/de\/wp-json\/wp\/v2\/media?parent=5399"}],"wp:term":[{"taxonomy":"product_brand","embeddable":true,"href":"https:\/\/jak.fi\/de\/wp-json\/wp\/v2\/product_brand?post=5399"},{"taxonomy":"product_cat","embeddable":true,"href":"https:\/\/jak.fi\/de\/wp-json\/wp\/v2\/product_cat?post=5399"},{"taxonomy":"product_tag","embeddable":true,"href":"https:\/\/jak.fi\/de\/wp-json\/wp\/v2\/product_tag?post=5399"}],"curies":[{"name":"wp","href":"https:\/\/api.w.org\/{rel}","templated":true}]}}