{"id":5400,"date":"2024-06-03T08:34:38","date_gmt":"2024-06-03T05:34:38","guid":{"rendered":"https:\/\/jak.fi\/products\/unkategorisiert\/jak-200b-gen4-energiegreifer-fuer-bagger\/"},"modified":"2025-08-12T10:06:30","modified_gmt":"2025-08-12T07:06:30","slug":"jak-200b-gen4-faellgreifer-fuer-bagger","status":"publish","type":"product","link":"https:\/\/jak.fi\/de\/produkte\/fallgreifer-fur-bagger\/jak-200b-gen4-faellgreifer-fuer-bagger\/","title":{"rendered":"JAK-200B F\u00e4llgreifer f\u00fcr Bagger 1,8-5t"},"content":{"rendered":"<h2><strong>Der JAK-200B F\u00e4llgreifer kann mit dem eBoost-Hydrauliksystem ausgestattet werden!<\/strong><\/h2>\n<p><span style=\"font-weight: 400;\">Der JAK-200B GEN4 ist ein schneller, kompakter und leistungsstarker F\u00e4llgreifer, der f\u00fcr Bagger mit einem Gewicht zwischen 1,8 und 5 Tonnen (4000 und 11000 lbs) entwickelt wurde. Das Zubeh\u00f6r eBoost-Hydrauliksystem erh\u00f6ht die Geschwindigkeit des F\u00e4llgreifers um bis zu 100 %, ohne die Leistung negativ zu beeinflussen.<\/span><span style=\"font-weight: 400;\"><br \/>\n<\/span><span style=\"font-weight: 400;\"><br \/>\n<\/span><span style=\"font-weight: 400;\">Dank des verbesserten Geh\u00e4uses hat sich die Anzahl der Zubeh\u00f6rteile f\u00fcr den JAK-200B GEN4 Energiegreifer deutlich erh\u00f6ht. Das Design mit zwei Backen sorgt f\u00fcr einen soliden und sicheren Halt am Baumstamm. Mit diesem Energiegreifer k\u00f6nnen Sie m\u00fchelos B\u00e4ume mit bis zu 200 mm dicken St\u00e4mmen f\u00e4llen. Dank der abnehmbaren Klinge k\u00f6nnen Sie den JAK-200B GEN4 auch als normalen Baumgreifer verwenden. <\/span><span style=\"font-weight: 400;\"><br \/>\n<\/span><span style=\"font-weight: 400;\"><br \/>\n<\/span><span style=\"font-weight: 400;\">Wir verwenden hochfesten, verschlei\u00dffesten Hardox\u00ae-Stahl f\u00fcr Langlebigkeit und Zuverl\u00e4ssigkeit in allen Situationen und unter allen Bedingungen. Der JAK-200B GEN4 Energiegreifer zeichnet sich durch einfache Bedienung und hochwertige Materialien aus. <\/span><\/p>\n<div class=\"wp-block-button\"><a class=\"wp-block-button__link has-text-align-center wp-element-button\" href=\"https:\/\/jak.fi\/de\/gen4-jak-fallgreifer-neue-updates-und-verbesserte-leistung\/\" target=\"_blank\" rel=\"noopener\">Lesen Sie mehr \u00fcber GEN4 Updates<\/a><\/div>\n<div><\/div>\n<p>&nbsp;<\/p>\n<p><strong>Clips<\/strong><\/p>\n<p>Die g\u00e4ngigsten Baggeranbauger\u00e4te<\/p>\n<p>Auf Anfrage, je nach Art der vom Kunden bestellten Maschine<\/p>\n","protected":false},"excerpt":{"rendered":"<ul>\n<li>Verf\u00fcgbar mit einer optionalen Hydraulikleitung<\/li>\n<li>Hergestellt aus Hardox \u00ae verschlei\u00dffestem Stahl<\/li>\n<li>CE-gepr\u00fcft<\/li>\n<li>Hergestellt in Finnland<\/li>\n<li>Abnehmbare Klinge<\/li>\n<\/ul>\n","protected":false},"featured_media":10226,"template":"","meta":{"_acf_changed":false},"product_brand":[],"product_cat":[597],"product_tag":[],"class_list":{"0":"post-5400","1":"product","2":"type-product","3":"status-publish","4":"has-post-thumbnail","6":"product_cat-fallgreifer-fur-bagger","8":"first","9":"instock","10":"shipping-taxable","11":"product-type-simple"},"acf":[],"yoast_head":"<!-- This site is optimized with the Yoast SEO plugin v27.2 - https:\/\/yoast.com\/product\/yoast-seo-wordpress\/ -->\n<title>JAK-200B F\u00e4llgreifer f\u00fcr Bagger 1,8-5t &#8211; JAK-Metalli Oy<\/title>\n<meta name=\"description\" content=\"Der JAK-200B F\u00e4llgreifer ist schnell, kompakt und effizient. Er ist f\u00fcr den Einsatz auf Baggern mit einem Gewicht zwischen 1,8 und 5 Tonnen konzipiert.\" \/>\n<meta name=\"robots\" content=\"index, follow, max-snippet:-1, max-image-preview:large, max-video-preview:-1\" \/>\n<link rel=\"canonical\" href=\"https:\/\/jak.fi\/de\/produkte\/fallgreifer-fur-bagger\/jak-200b-gen4-faellgreifer-fuer-bagger\/\" \/>\n<meta property=\"og:locale\" content=\"de_DE\" \/>\n<meta property=\"og:type\" content=\"article\" \/>\n<meta property=\"og:title\" content=\"JAK-200B F\u00e4llgreifer f\u00fcr Bagger 1,8-5t &#8211; JAK-Metalli Oy\" \/>\n<meta property=\"og:description\" content=\"Der JAK-200B F\u00e4llgreifer ist schnell, kompakt und effizient. Er ist f\u00fcr den Einsatz auf Baggern mit einem Gewicht zwischen 1,8 und 5 Tonnen konzipiert.\" \/>\n<meta property=\"og:url\" content=\"https:\/\/jak.fi\/de\/produkte\/fallgreifer-fur-bagger\/jak-200b-gen4-faellgreifer-fuer-bagger\/\" \/>\n<meta property=\"og:site_name\" content=\"JAK-Metalli Oy\" \/>\n<meta property=\"article:publisher\" content=\"https:\/\/www.facebook.com\/jaktreeshears\" \/>\n<meta property=\"article:modified_time\" content=\"2025-08-12T07:06:30+00:00\" \/>\n<meta property=\"og:image\" content=\"https:\/\/jak.fi\/wp-content\/uploads\/2024\/05\/JAK-300B-tree-shear-right-frontside.png\" \/>\n\t<meta property=\"og:image:width\" content=\"1000\" \/>\n\t<meta property=\"og:image:height\" content=\"667\" \/>\n\t<meta property=\"og:image:type\" content=\"image\/png\" \/>\n<meta name=\"twitter:card\" content=\"summary_large_image\" \/>\n<meta name=\"twitter:label1\" content=\"Gesch\u00e4tzte Lesezeit\" \/>\n\t<meta name=\"twitter:data1\" content=\"2\u00a0Minute\" \/>\n<script type=\"application\/ld+json\" class=\"yoast-schema-graph\">{\"@context\":\"https:\/\/schema.org\",\"@graph\":[{\"@type\":\"WebPage\",\"@id\":\"https:\/\/jak.fi\/de\/produkte\/fallgreifer-fur-bagger\/jak-200b-gen4-faellgreifer-fuer-bagger\/\",\"url\":\"https:\/\/jak.fi\/de\/produkte\/fallgreifer-fur-bagger\/jak-200b-gen4-faellgreifer-fuer-bagger\/\",\"name\":\"JAK-200B F\u00e4llgreifer f\u00fcr Bagger 1,8-5t &#8211; JAK-Metalli Oy\",\"isPartOf\":{\"@id\":\"https:\/\/jak.fi\/de\/#website\"},\"primaryImageOfPage\":{\"@id\":\"https:\/\/jak.fi\/de\/produkte\/fallgreifer-fur-bagger\/jak-200b-gen4-faellgreifer-fuer-bagger\/#primaryimage\"},\"image\":{\"@id\":\"https:\/\/jak.fi\/de\/produkte\/fallgreifer-fur-bagger\/jak-200b-gen4-faellgreifer-fuer-bagger\/#primaryimage\"},\"thumbnailUrl\":\"https:\/\/jak.fi\/wp-content\/uploads\/2025\/06\/JAK-300B-GEN4-with-collector.webp\",\"datePublished\":\"2024-06-03T05:34:38+00:00\",\"dateModified\":\"2025-08-12T07:06:30+00:00\",\"description\":\"Der JAK-200B F\u00e4llgreifer ist schnell, kompakt und effizient. Er ist f\u00fcr den Einsatz auf Baggern mit einem Gewicht zwischen 1,8 und 5 Tonnen konzipiert.\",\"breadcrumb\":{\"@id\":\"https:\/\/jak.fi\/de\/produkte\/fallgreifer-fur-bagger\/jak-200b-gen4-faellgreifer-fuer-bagger\/#breadcrumb\"},\"inLanguage\":\"de\",\"potentialAction\":[{\"@type\":\"ReadAction\",\"target\":[\"https:\/\/jak.fi\/de\/produkte\/fallgreifer-fur-bagger\/jak-200b-gen4-faellgreifer-fuer-bagger\/\"]}]},{\"@type\":\"ImageObject\",\"inLanguage\":\"de\",\"@id\":\"https:\/\/jak.fi\/de\/produkte\/fallgreifer-fur-bagger\/jak-200b-gen4-faellgreifer-fuer-bagger\/#primaryimage\",\"url\":\"https:\/\/jak.fi\/wp-content\/uploads\/2025\/06\/JAK-300B-GEN4-with-collector.webp\",\"contentUrl\":\"https:\/\/jak.fi\/wp-content\/uploads\/2025\/06\/JAK-300B-GEN4-with-collector.webp\",\"width\":1000,\"height\":667},{\"@type\":\"BreadcrumbList\",\"@id\":\"https:\/\/jak.fi\/de\/produkte\/fallgreifer-fur-bagger\/jak-200b-gen4-faellgreifer-fuer-bagger\/#breadcrumb\",\"itemListElement\":[{\"@type\":\"ListItem\",\"position\":1,\"name\":\"Etusivu\",\"item\":\"https:\/\/jak.fi\/de\/\"},{\"@type\":\"ListItem\",\"position\":2,\"name\":\"Produkte\",\"item\":\"https:\/\/jak.fi\/de\/produkte\/\"},{\"@type\":\"ListItem\",\"position\":3,\"name\":\"JAK-200B F\u00e4llgreifer f\u00fcr Bagger 1,8-5t\"}]},{\"@type\":\"WebSite\",\"@id\":\"https:\/\/jak.fi\/de\/#website\",\"url\":\"https:\/\/jak.fi\/de\/\",\"name\":\"JAK-Metalli Oy\",\"description\":\"\",\"publisher\":{\"@id\":\"https:\/\/jak.fi\/de\/#organization\"},\"alternateName\":\"JAK Tree shears\",\"potentialAction\":[{\"@type\":\"SearchAction\",\"target\":{\"@type\":\"EntryPoint\",\"urlTemplate\":\"https:\/\/jak.fi\/de\/?s={search_term_string}\"},\"query-input\":{\"@type\":\"PropertyValueSpecification\",\"valueRequired\":true,\"valueName\":\"search_term_string\"}}],\"inLanguage\":\"de\"},{\"@type\":\"Organization\",\"@id\":\"https:\/\/jak.fi\/de\/#organization\",\"name\":\"JAK-Metalli Oy\",\"alternateName\":\"JAK Tree shears\",\"url\":\"https:\/\/jak.fi\/de\/\",\"logo\":{\"@type\":\"ImageObject\",\"inLanguage\":\"de\",\"@id\":\"https:\/\/jak.fi\/de\/#\/schema\/logo\/image\/\",\"url\":\"https:\/\/jak.fi\/wp-content\/uploads\/2024\/09\/JAK-logo-696x696-1.jpg\",\"contentUrl\":\"https:\/\/jak.fi\/wp-content\/uploads\/2024\/09\/JAK-logo-696x696-1.jpg\",\"width\":696,\"height\":696,\"caption\":\"JAK-Metalli Oy\"},\"image\":{\"@id\":\"https:\/\/jak.fi\/de\/#\/schema\/logo\/image\/\"},\"sameAs\":[\"https:\/\/www.facebook.com\/jaktreeshears\",\"https:\/\/www.instagram.com\/jaktreeshears\/\",\"https:\/\/www.youtube.com\/channel\/UCAwvaVhBBkPie8MeAGbdY1w\"]}]}<\/script>\n<!-- \/ Yoast SEO plugin. -->","yoast_head_json":{"title":"JAK-200B F\u00e4llgreifer f\u00fcr Bagger 1,8-5t &#8211; JAK-Metalli Oy","description":"Der JAK-200B F\u00e4llgreifer ist schnell, kompakt und effizient. Er ist f\u00fcr den Einsatz auf Baggern mit einem Gewicht zwischen 1,8 und 5 Tonnen konzipiert.","robots":{"index":"index","follow":"follow","max-snippet":"max-snippet:-1","max-image-preview":"max-image-preview:large","max-video-preview":"max-video-preview:-1"},"canonical":"https:\/\/jak.fi\/de\/produkte\/fallgreifer-fur-bagger\/jak-200b-gen4-faellgreifer-fuer-bagger\/","og_locale":"de_DE","og_type":"article","og_title":"JAK-200B F\u00e4llgreifer f\u00fcr Bagger 1,8-5t &#8211; JAK-Metalli Oy","og_description":"Der JAK-200B F\u00e4llgreifer ist schnell, kompakt und effizient. Er ist f\u00fcr den Einsatz auf Baggern mit einem Gewicht zwischen 1,8 und 5 Tonnen konzipiert.","og_url":"https:\/\/jak.fi\/de\/produkte\/fallgreifer-fur-bagger\/jak-200b-gen4-faellgreifer-fuer-bagger\/","og_site_name":"JAK-Metalli Oy","article_publisher":"https:\/\/www.facebook.com\/jaktreeshears","article_modified_time":"2025-08-12T07:06:30+00:00","og_image":[{"width":1000,"height":667,"url":"https:\/\/jak.fi\/wp-content\/uploads\/2024\/05\/JAK-300B-tree-shear-right-frontside.png","type":"image\/png"}],"twitter_card":"summary_large_image","twitter_misc":{"Gesch\u00e4tzte Lesezeit":"2\u00a0Minute"},"schema":{"@context":"https:\/\/schema.org","@graph":[{"@type":"WebPage","@id":"https:\/\/jak.fi\/de\/produkte\/fallgreifer-fur-bagger\/jak-200b-gen4-faellgreifer-fuer-bagger\/","url":"https:\/\/jak.fi\/de\/produkte\/fallgreifer-fur-bagger\/jak-200b-gen4-faellgreifer-fuer-bagger\/","name":"JAK-200B F\u00e4llgreifer f\u00fcr Bagger 1,8-5t &#8211; JAK-Metalli Oy","isPartOf":{"@id":"https:\/\/jak.fi\/de\/#website"},"primaryImageOfPage":{"@id":"https:\/\/jak.fi\/de\/produkte\/fallgreifer-fur-bagger\/jak-200b-gen4-faellgreifer-fuer-bagger\/#primaryimage"},"image":{"@id":"https:\/\/jak.fi\/de\/produkte\/fallgreifer-fur-bagger\/jak-200b-gen4-faellgreifer-fuer-bagger\/#primaryimage"},"thumbnailUrl":"https:\/\/jak.fi\/wp-content\/uploads\/2025\/06\/JAK-300B-GEN4-with-collector.webp","datePublished":"2024-06-03T05:34:38+00:00","dateModified":"2025-08-12T07:06:30+00:00","description":"Der JAK-200B F\u00e4llgreifer ist schnell, kompakt und effizient. Er ist f\u00fcr den Einsatz auf Baggern mit einem Gewicht zwischen 1,8 und 5 Tonnen konzipiert.","breadcrumb":{"@id":"https:\/\/jak.fi\/de\/produkte\/fallgreifer-fur-bagger\/jak-200b-gen4-faellgreifer-fuer-bagger\/#breadcrumb"},"inLanguage":"de","potentialAction":[{"@type":"ReadAction","target":["https:\/\/jak.fi\/de\/produkte\/fallgreifer-fur-bagger\/jak-200b-gen4-faellgreifer-fuer-bagger\/"]}]},{"@type":"ImageObject","inLanguage":"de","@id":"https:\/\/jak.fi\/de\/produkte\/fallgreifer-fur-bagger\/jak-200b-gen4-faellgreifer-fuer-bagger\/#primaryimage","url":"https:\/\/jak.fi\/wp-content\/uploads\/2025\/06\/JAK-300B-GEN4-with-collector.webp","contentUrl":"https:\/\/jak.fi\/wp-content\/uploads\/2025\/06\/JAK-300B-GEN4-with-collector.webp","width":1000,"height":667},{"@type":"BreadcrumbList","@id":"https:\/\/jak.fi\/de\/produkte\/fallgreifer-fur-bagger\/jak-200b-gen4-faellgreifer-fuer-bagger\/#breadcrumb","itemListElement":[{"@type":"ListItem","position":1,"name":"Etusivu","item":"https:\/\/jak.fi\/de\/"},{"@type":"ListItem","position":2,"name":"Produkte","item":"https:\/\/jak.fi\/de\/produkte\/"},{"@type":"ListItem","position":3,"name":"JAK-200B F\u00e4llgreifer f\u00fcr Bagger 1,8-5t"}]},{"@type":"WebSite","@id":"https:\/\/jak.fi\/de\/#website","url":"https:\/\/jak.fi\/de\/","name":"JAK-Metalli Oy","description":"","publisher":{"@id":"https:\/\/jak.fi\/de\/#organization"},"alternateName":"JAK Tree shears","potentialAction":[{"@type":"SearchAction","target":{"@type":"EntryPoint","urlTemplate":"https:\/\/jak.fi\/de\/?s={search_term_string}"},"query-input":{"@type":"PropertyValueSpecification","valueRequired":true,"valueName":"search_term_string"}}],"inLanguage":"de"},{"@type":"Organization","@id":"https:\/\/jak.fi\/de\/#organization","name":"JAK-Metalli Oy","alternateName":"JAK Tree shears","url":"https:\/\/jak.fi\/de\/","logo":{"@type":"ImageObject","inLanguage":"de","@id":"https:\/\/jak.fi\/de\/#\/schema\/logo\/image\/","url":"https:\/\/jak.fi\/wp-content\/uploads\/2024\/09\/JAK-logo-696x696-1.jpg","contentUrl":"https:\/\/jak.fi\/wp-content\/uploads\/2024\/09\/JAK-logo-696x696-1.jpg","width":696,"height":696,"caption":"JAK-Metalli Oy"},"image":{"@id":"https:\/\/jak.fi\/de\/#\/schema\/logo\/image\/"},"sameAs":["https:\/\/www.facebook.com\/jaktreeshears","https:\/\/www.instagram.com\/jaktreeshears\/","https:\/\/www.youtube.com\/channel\/UCAwvaVhBBkPie8MeAGbdY1w"]}]}},"_links":{"self":[{"href":"https:\/\/jak.fi\/de\/wp-json\/wp\/v2\/product\/5400","targetHints":{"allow":["GET"]}}],"collection":[{"href":"https:\/\/jak.fi\/de\/wp-json\/wp\/v2\/product"}],"about":[{"href":"https:\/\/jak.fi\/de\/wp-json\/wp\/v2\/types\/product"}],"wp:featuredmedia":[{"embeddable":true,"href":"https:\/\/jak.fi\/de\/wp-json\/wp\/v2\/media\/10226"}],"wp:attachment":[{"href":"https:\/\/jak.fi\/de\/wp-json\/wp\/v2\/media?parent=5400"}],"wp:term":[{"taxonomy":"product_brand","embeddable":true,"href":"https:\/\/jak.fi\/de\/wp-json\/wp\/v2\/product_brand?post=5400"},{"taxonomy":"product_cat","embeddable":true,"href":"https:\/\/jak.fi\/de\/wp-json\/wp\/v2\/product_cat?post=5400"},{"taxonomy":"product_tag","embeddable":true,"href":"https:\/\/jak.fi\/de\/wp-json\/wp\/v2\/product_tag?post=5400"}],"curies":[{"name":"wp","href":"https:\/\/api.w.org\/{rel}","templated":true}]}}