{"id":5404,"date":"2024-05-28T10:09:49","date_gmt":"2024-05-28T07:09:49","guid":{"rendered":"https:\/\/jak.fi\/products\/unkategorisiert\/anbaugeraete-fuer-bagger\/"},"modified":"2025-04-11T15:50:42","modified_gmt":"2025-04-11T12:50:42","slug":"anbaugeraete-fuer-bagger","status":"publish","type":"product","link":"https:\/\/jak.fi\/de\/produkte\/zubehor-fur-fallgreifer\/anbaugeraete-fuer-bagger\/","title":{"rendered":"Anbauger\u00e4te f\u00fcr Bagger"},"content":{"rendered":"<p>Alle g\u00e4ngigen Baggeranbauger\u00e4te sind f\u00fcr den Energiegreifer erh\u00e4ltlich. Spezialisierte Anbauger\u00e4te sind auf Anfrage erh\u00e4ltlich, je nach Maschinentyp. <\/p>\n<p>Der JAK Energy Grip kann je nach Kundenwunsch mit einem Grabenfr\u00e4senaufsatz ausgestattet werden. Spezifischere Anbauger\u00e4te und L\u00f6sungen k\u00f6nnen je nach Art der Maschine auf Bestellung angefertigt werden. <\/p>\n<p>Erh\u00e4ltlich z.B. in MS01, MS03, MS08, MS10, S30, S40, S45, S50, S60, S70, S60\/70 und CW30. Der Wechsel der losen Armatur auf ein anderes Modell ist auch im Nachhinein einfach. <\/p>\n","protected":false},"excerpt":{"rendered":"<p>Alle g\u00e4ngigen Baggeranbauger\u00e4te sind f\u00fcr den Energiegreifer erh\u00e4ltlich. Spezialisierte Anbauger\u00e4te sind auf Anfrage erh\u00e4ltlich, je nach Maschinentyp. Der JAK Energy Grip kann je nach Kundenwunsch mit einem Grabenfr\u00e4senaufsatz ausgestattet werden. Spezifischere Anbauger\u00e4te und L\u00f6sungen k\u00f6nnen je nach Art der Maschine auf Bestellung angefertigt werden. Erh\u00e4ltlich z.B. in MS01, MS03, MS08, MS10, S30, S40, S45, S50, [&hellip;]<\/p>\n","protected":false},"featured_media":5405,"template":"","meta":{"_acf_changed":false},"product_brand":[],"product_cat":[590],"product_tag":[],"class_list":{"0":"post-5404","1":"product","2":"type-product","3":"status-publish","4":"has-post-thumbnail","6":"product_cat-zubehor-fur-fallgreifer","8":"first","9":"instock","10":"shipping-taxable","11":"product-type-simple"},"acf":[],"yoast_head":"<!-- This site is optimized with the Yoast SEO plugin v27.2 - https:\/\/yoast.com\/product\/yoast-seo-wordpress\/ -->\n<title>Anbauger\u00e4te f\u00fcr Bagger &#8211; JAK-Metalli Oy<\/title>\n<meta name=\"description\" content=\"JAK Baggerhalterungen bieten eine zuverl\u00e4ssige und robuste L\u00f6sung f\u00fcr die Befestigung des F\u00e4llgreifers am Bagger.\" \/>\n<meta name=\"robots\" content=\"index, follow, max-snippet:-1, max-image-preview:large, max-video-preview:-1\" \/>\n<link rel=\"canonical\" href=\"https:\/\/jak.fi\/de\/produkte\/zubehor-fur-fallgreifer\/anbaugeraete-fuer-bagger\/\" \/>\n<meta property=\"og:locale\" content=\"de_DE\" \/>\n<meta property=\"og:type\" content=\"article\" \/>\n<meta property=\"og:title\" content=\"Anbauger\u00e4te f\u00fcr Bagger &#8211; JAK-Metalli Oy\" \/>\n<meta property=\"og:description\" content=\"JAK Baggerhalterungen bieten eine zuverl\u00e4ssige und robuste L\u00f6sung f\u00fcr die Befestigung des F\u00e4llgreifers am Bagger.\" \/>\n<meta property=\"og:url\" content=\"https:\/\/jak.fi\/de\/produkte\/zubehor-fur-fallgreifer\/anbaugeraete-fuer-bagger\/\" \/>\n<meta property=\"og:site_name\" content=\"JAK-Metalli Oy\" \/>\n<meta property=\"article:publisher\" content=\"https:\/\/www.facebook.com\/jaktreeshears\" \/>\n<meta property=\"article:modified_time\" content=\"2025-04-11T12:50:42+00:00\" \/>\n<meta property=\"og:image\" content=\"https:\/\/jak.fi\/wp-content\/uploads\/2024\/05\/tree-shear-excavator-coupling.png\" \/>\n\t<meta property=\"og:image:width\" content=\"1000\" \/>\n\t<meta property=\"og:image:height\" content=\"666\" \/>\n\t<meta property=\"og:image:type\" content=\"image\/png\" \/>\n<meta name=\"twitter:card\" content=\"summary_large_image\" \/>\n<script type=\"application\/ld+json\" class=\"yoast-schema-graph\">{\"@context\":\"https:\/\/schema.org\",\"@graph\":[{\"@type\":\"WebPage\",\"@id\":\"https:\/\/jak.fi\/de\/produkte\/zubehor-fur-fallgreifer\/anbaugeraete-fuer-bagger\/\",\"url\":\"https:\/\/jak.fi\/de\/produkte\/zubehor-fur-fallgreifer\/anbaugeraete-fuer-bagger\/\",\"name\":\"Anbauger\u00e4te f\u00fcr Bagger &#8211; JAK-Metalli Oy\",\"isPartOf\":{\"@id\":\"https:\/\/jak.fi\/de\/#website\"},\"primaryImageOfPage\":{\"@id\":\"https:\/\/jak.fi\/de\/produkte\/zubehor-fur-fallgreifer\/anbaugeraete-fuer-bagger\/#primaryimage\"},\"image\":{\"@id\":\"https:\/\/jak.fi\/de\/produkte\/zubehor-fur-fallgreifer\/anbaugeraete-fuer-bagger\/#primaryimage\"},\"thumbnailUrl\":\"https:\/\/jak.fi\/wp-content\/uploads\/2024\/05\/tree-shear-excavator-coupling.png\",\"datePublished\":\"2024-05-28T07:09:49+00:00\",\"dateModified\":\"2025-04-11T12:50:42+00:00\",\"description\":\"JAK Baggerhalterungen bieten eine zuverl\u00e4ssige und robuste L\u00f6sung f\u00fcr die Befestigung des F\u00e4llgreifers am Bagger.\",\"breadcrumb\":{\"@id\":\"https:\/\/jak.fi\/de\/produkte\/zubehor-fur-fallgreifer\/anbaugeraete-fuer-bagger\/#breadcrumb\"},\"inLanguage\":\"de\",\"potentialAction\":[{\"@type\":\"ReadAction\",\"target\":[\"https:\/\/jak.fi\/de\/produkte\/zubehor-fur-fallgreifer\/anbaugeraete-fuer-bagger\/\"]}]},{\"@type\":\"ImageObject\",\"inLanguage\":\"de\",\"@id\":\"https:\/\/jak.fi\/de\/produkte\/zubehor-fur-fallgreifer\/anbaugeraete-fuer-bagger\/#primaryimage\",\"url\":\"https:\/\/jak.fi\/wp-content\/uploads\/2024\/05\/tree-shear-excavator-coupling.png\",\"contentUrl\":\"https:\/\/jak.fi\/wp-content\/uploads\/2024\/05\/tree-shear-excavator-coupling.png\",\"width\":1000,\"height\":666,\"caption\":\"Baggerhalterungen f\u00fcr F\u00e4llgreifer\"},{\"@type\":\"BreadcrumbList\",\"@id\":\"https:\/\/jak.fi\/de\/produkte\/zubehor-fur-fallgreifer\/anbaugeraete-fuer-bagger\/#breadcrumb\",\"itemListElement\":[{\"@type\":\"ListItem\",\"position\":1,\"name\":\"Etusivu\",\"item\":\"https:\/\/jak.fi\/de\/\"},{\"@type\":\"ListItem\",\"position\":2,\"name\":\"Produkte\",\"item\":\"https:\/\/jak.fi\/de\/produkte\/\"},{\"@type\":\"ListItem\",\"position\":3,\"name\":\"Anbauger\u00e4te f\u00fcr Bagger\"}]},{\"@type\":\"WebSite\",\"@id\":\"https:\/\/jak.fi\/de\/#website\",\"url\":\"https:\/\/jak.fi\/de\/\",\"name\":\"JAK-Metalli Oy\",\"description\":\"\",\"publisher\":{\"@id\":\"https:\/\/jak.fi\/de\/#organization\"},\"alternateName\":\"JAK Tree shears\",\"potentialAction\":[{\"@type\":\"SearchAction\",\"target\":{\"@type\":\"EntryPoint\",\"urlTemplate\":\"https:\/\/jak.fi\/de\/?s={search_term_string}\"},\"query-input\":{\"@type\":\"PropertyValueSpecification\",\"valueRequired\":true,\"valueName\":\"search_term_string\"}}],\"inLanguage\":\"de\"},{\"@type\":\"Organization\",\"@id\":\"https:\/\/jak.fi\/de\/#organization\",\"name\":\"JAK-Metalli Oy\",\"alternateName\":\"JAK Tree shears\",\"url\":\"https:\/\/jak.fi\/de\/\",\"logo\":{\"@type\":\"ImageObject\",\"inLanguage\":\"de\",\"@id\":\"https:\/\/jak.fi\/de\/#\/schema\/logo\/image\/\",\"url\":\"https:\/\/jak.fi\/wp-content\/uploads\/2024\/09\/JAK-logo-696x696-1.jpg\",\"contentUrl\":\"https:\/\/jak.fi\/wp-content\/uploads\/2024\/09\/JAK-logo-696x696-1.jpg\",\"width\":696,\"height\":696,\"caption\":\"JAK-Metalli Oy\"},\"image\":{\"@id\":\"https:\/\/jak.fi\/de\/#\/schema\/logo\/image\/\"},\"sameAs\":[\"https:\/\/www.facebook.com\/jaktreeshears\",\"https:\/\/www.instagram.com\/jaktreeshears\/\",\"https:\/\/www.youtube.com\/channel\/UCAwvaVhBBkPie8MeAGbdY1w\"]}]}<\/script>\n<!-- \/ Yoast SEO plugin. -->","yoast_head_json":{"title":"Anbauger\u00e4te f\u00fcr Bagger &#8211; JAK-Metalli Oy","description":"JAK Baggerhalterungen bieten eine zuverl\u00e4ssige und robuste L\u00f6sung f\u00fcr die Befestigung des F\u00e4llgreifers am Bagger.","robots":{"index":"index","follow":"follow","max-snippet":"max-snippet:-1","max-image-preview":"max-image-preview:large","max-video-preview":"max-video-preview:-1"},"canonical":"https:\/\/jak.fi\/de\/produkte\/zubehor-fur-fallgreifer\/anbaugeraete-fuer-bagger\/","og_locale":"de_DE","og_type":"article","og_title":"Anbauger\u00e4te f\u00fcr Bagger &#8211; JAK-Metalli Oy","og_description":"JAK Baggerhalterungen bieten eine zuverl\u00e4ssige und robuste L\u00f6sung f\u00fcr die Befestigung des F\u00e4llgreifers am Bagger.","og_url":"https:\/\/jak.fi\/de\/produkte\/zubehor-fur-fallgreifer\/anbaugeraete-fuer-bagger\/","og_site_name":"JAK-Metalli Oy","article_publisher":"https:\/\/www.facebook.com\/jaktreeshears","article_modified_time":"2025-04-11T12:50:42+00:00","og_image":[{"width":1000,"height":666,"url":"https:\/\/jak.fi\/wp-content\/uploads\/2024\/05\/tree-shear-excavator-coupling.png","type":"image\/png"}],"twitter_card":"summary_large_image","schema":{"@context":"https:\/\/schema.org","@graph":[{"@type":"WebPage","@id":"https:\/\/jak.fi\/de\/produkte\/zubehor-fur-fallgreifer\/anbaugeraete-fuer-bagger\/","url":"https:\/\/jak.fi\/de\/produkte\/zubehor-fur-fallgreifer\/anbaugeraete-fuer-bagger\/","name":"Anbauger\u00e4te f\u00fcr Bagger &#8211; JAK-Metalli Oy","isPartOf":{"@id":"https:\/\/jak.fi\/de\/#website"},"primaryImageOfPage":{"@id":"https:\/\/jak.fi\/de\/produkte\/zubehor-fur-fallgreifer\/anbaugeraete-fuer-bagger\/#primaryimage"},"image":{"@id":"https:\/\/jak.fi\/de\/produkte\/zubehor-fur-fallgreifer\/anbaugeraete-fuer-bagger\/#primaryimage"},"thumbnailUrl":"https:\/\/jak.fi\/wp-content\/uploads\/2024\/05\/tree-shear-excavator-coupling.png","datePublished":"2024-05-28T07:09:49+00:00","dateModified":"2025-04-11T12:50:42+00:00","description":"JAK Baggerhalterungen bieten eine zuverl\u00e4ssige und robuste L\u00f6sung f\u00fcr die Befestigung des F\u00e4llgreifers am Bagger.","breadcrumb":{"@id":"https:\/\/jak.fi\/de\/produkte\/zubehor-fur-fallgreifer\/anbaugeraete-fuer-bagger\/#breadcrumb"},"inLanguage":"de","potentialAction":[{"@type":"ReadAction","target":["https:\/\/jak.fi\/de\/produkte\/zubehor-fur-fallgreifer\/anbaugeraete-fuer-bagger\/"]}]},{"@type":"ImageObject","inLanguage":"de","@id":"https:\/\/jak.fi\/de\/produkte\/zubehor-fur-fallgreifer\/anbaugeraete-fuer-bagger\/#primaryimage","url":"https:\/\/jak.fi\/wp-content\/uploads\/2024\/05\/tree-shear-excavator-coupling.png","contentUrl":"https:\/\/jak.fi\/wp-content\/uploads\/2024\/05\/tree-shear-excavator-coupling.png","width":1000,"height":666,"caption":"Baggerhalterungen f\u00fcr F\u00e4llgreifer"},{"@type":"BreadcrumbList","@id":"https:\/\/jak.fi\/de\/produkte\/zubehor-fur-fallgreifer\/anbaugeraete-fuer-bagger\/#breadcrumb","itemListElement":[{"@type":"ListItem","position":1,"name":"Etusivu","item":"https:\/\/jak.fi\/de\/"},{"@type":"ListItem","position":2,"name":"Produkte","item":"https:\/\/jak.fi\/de\/produkte\/"},{"@type":"ListItem","position":3,"name":"Anbauger\u00e4te f\u00fcr Bagger"}]},{"@type":"WebSite","@id":"https:\/\/jak.fi\/de\/#website","url":"https:\/\/jak.fi\/de\/","name":"JAK-Metalli Oy","description":"","publisher":{"@id":"https:\/\/jak.fi\/de\/#organization"},"alternateName":"JAK Tree shears","potentialAction":[{"@type":"SearchAction","target":{"@type":"EntryPoint","urlTemplate":"https:\/\/jak.fi\/de\/?s={search_term_string}"},"query-input":{"@type":"PropertyValueSpecification","valueRequired":true,"valueName":"search_term_string"}}],"inLanguage":"de"},{"@type":"Organization","@id":"https:\/\/jak.fi\/de\/#organization","name":"JAK-Metalli Oy","alternateName":"JAK Tree shears","url":"https:\/\/jak.fi\/de\/","logo":{"@type":"ImageObject","inLanguage":"de","@id":"https:\/\/jak.fi\/de\/#\/schema\/logo\/image\/","url":"https:\/\/jak.fi\/wp-content\/uploads\/2024\/09\/JAK-logo-696x696-1.jpg","contentUrl":"https:\/\/jak.fi\/wp-content\/uploads\/2024\/09\/JAK-logo-696x696-1.jpg","width":696,"height":696,"caption":"JAK-Metalli Oy"},"image":{"@id":"https:\/\/jak.fi\/de\/#\/schema\/logo\/image\/"},"sameAs":["https:\/\/www.facebook.com\/jaktreeshears","https:\/\/www.instagram.com\/jaktreeshears\/","https:\/\/www.youtube.com\/channel\/UCAwvaVhBBkPie8MeAGbdY1w"]}]}},"_links":{"self":[{"href":"https:\/\/jak.fi\/de\/wp-json\/wp\/v2\/product\/5404","targetHints":{"allow":["GET"]}}],"collection":[{"href":"https:\/\/jak.fi\/de\/wp-json\/wp\/v2\/product"}],"about":[{"href":"https:\/\/jak.fi\/de\/wp-json\/wp\/v2\/types\/product"}],"wp:featuredmedia":[{"embeddable":true,"href":"https:\/\/jak.fi\/de\/wp-json\/wp\/v2\/media\/5405"}],"wp:attachment":[{"href":"https:\/\/jak.fi\/de\/wp-json\/wp\/v2\/media?parent=5404"}],"wp:term":[{"taxonomy":"product_brand","embeddable":true,"href":"https:\/\/jak.fi\/de\/wp-json\/wp\/v2\/product_brand?post=5404"},{"taxonomy":"product_cat","embeddable":true,"href":"https:\/\/jak.fi\/de\/wp-json\/wp\/v2\/product_cat?post=5404"},{"taxonomy":"product_tag","embeddable":true,"href":"https:\/\/jak.fi\/de\/wp-json\/wp\/v2\/product_tag?post=5404"}],"curies":[{"name":"wp","href":"https:\/\/api.w.org\/{rel}","templated":true}]}}