{"id":5407,"date":"2024-05-28T10:07:12","date_gmt":"2024-05-28T07:07:12","guid":{"rendered":"https:\/\/jak.fi\/products\/unkategorisiert\/ueberkopfstuetze\/"},"modified":"2025-02-28T13:12:49","modified_gmt":"2025-02-28T10:12:49","slug":"faellstuetze","status":"publish","type":"product","link":"https:\/\/jak.fi\/de\/produkte\/zubehor-fur-fallgreifer\/faellstuetze\/","title":{"rendered":"F\u00e4llst\u00fctze"},"content":{"rendered":"<p>Die separat an den F\u00e4llgreifer angebrachte F\u00e4llst\u00fctze erleichtert und sichert die Baumkontrolle. Die als Zubeh\u00f6r erh\u00e4ltliche F\u00e4llst\u00fctze erh\u00f6ht die H\u00f6he der Prallplatte des F\u00e4llgreifers und sorgt so f\u00fcr eine stabilere Handhabung des Baums.<\/p>\n<p>Die F\u00e4llst\u00fctze ist ein notwendiges Zubeh\u00f6r, wenn der zu rodende Baum beispielsweise aufgrund von F\u00e4ulnis br\u00fcchiger ist. Gegen die F\u00e4llst\u00fctze gelehnt bleibt weicheres Holz besser zusammen und bricht beim Bewegen nicht direkt oberhalb der Greiferbacken durch Schwerkraft und Bewegung.<\/p>\n","protected":false},"excerpt":{"rendered":"<p>Die separat an den F\u00e4llgreifer angebrachte F\u00e4llst\u00fctze erleichtert und sichert die Baumkontrolle. Die als Zubeh\u00f6r erh\u00e4ltliche F\u00e4llst\u00fctze erh\u00f6ht die H\u00f6he der Prallplatte des F\u00e4llgreifers und sorgt so f\u00fcr eine stabilere Handhabung des Baums. Die F\u00e4llst\u00fctze ist ein notwendiges Zubeh\u00f6r, wenn der zu rodende Baum beispielsweise aufgrund von F\u00e4ulnis br\u00fcchiger ist. Gegen die F\u00e4llst\u00fctze gelehnt bleibt [&hellip;]<\/p>\n","protected":false},"featured_media":5409,"template":"","meta":{"_acf_changed":false},"product_brand":[],"product_cat":[590],"product_tag":[],"class_list":{"0":"post-5407","1":"product","2":"type-product","3":"status-publish","4":"has-post-thumbnail","6":"product_cat-zubehor-fur-fallgreifer","8":"first","9":"instock","10":"shipping-taxable","11":"product-type-simple"},"acf":[],"yoast_head":"<!-- This site is optimized with the Yoast SEO plugin v27.3 - https:\/\/yoast.com\/product\/yoast-seo-wordpress\/ -->\n<title>F\u00e4llst\u00fctze &#8211; JAK-Metalli Oy<\/title>\n<meta name=\"robots\" content=\"index, follow, max-snippet:-1, max-image-preview:large, max-video-preview:-1\" \/>\n<link rel=\"canonical\" href=\"https:\/\/jak.fi\/de\/produkte\/zubehor-fur-fallgreifer\/faellstuetze\/\" \/>\n<meta property=\"og:locale\" content=\"de_DE\" \/>\n<meta property=\"og:type\" content=\"article\" \/>\n<meta property=\"og:title\" content=\"F\u00e4llst\u00fctze &#8211; JAK-Metalli Oy\" \/>\n<meta property=\"og:description\" content=\"Die separat an den F\u00e4llgreifer angebrachte F\u00e4llst\u00fctze erleichtert und sichert die Baumkontrolle. Die als Zubeh\u00f6r erh\u00e4ltliche F\u00e4llst\u00fctze erh\u00f6ht die H\u00f6he der Prallplatte des F\u00e4llgreifers und sorgt so f\u00fcr eine stabilere Handhabung des Baums. Die F\u00e4llst\u00fctze ist ein notwendiges Zubeh\u00f6r, wenn der zu rodende Baum beispielsweise aufgrund von F\u00e4ulnis br\u00fcchiger ist. Gegen die F\u00e4llst\u00fctze gelehnt bleibt [&hellip;]\" \/>\n<meta property=\"og:url\" content=\"https:\/\/jak.fi\/de\/produkte\/zubehor-fur-fallgreifer\/faellstuetze\/\" \/>\n<meta property=\"og:site_name\" content=\"JAK-Metalli Oy\" \/>\n<meta property=\"article:publisher\" content=\"https:\/\/www.facebook.com\/jaktreeshears\" \/>\n<meta property=\"article:modified_time\" content=\"2025-02-28T10:12:49+00:00\" \/>\n<meta property=\"og:image\" content=\"https:\/\/jak.fi\/wp-content\/uploads\/2024\/05\/jak-200r-felling-support-small.png\" \/>\n\t<meta property=\"og:image:width\" content=\"1000\" \/>\n\t<meta property=\"og:image:height\" content=\"666\" \/>\n\t<meta property=\"og:image:type\" content=\"image\/png\" \/>\n<meta name=\"twitter:card\" content=\"summary_large_image\" \/>\n<meta name=\"twitter:label1\" content=\"Gesch\u00e4tzte Lesezeit\" \/>\n\t<meta name=\"twitter:data1\" content=\"1\u00a0Minute\" \/>\n<script type=\"application\/ld+json\" class=\"yoast-schema-graph\">{\"@context\":\"https:\\\/\\\/schema.org\",\"@graph\":[{\"@type\":\"WebPage\",\"@id\":\"https:\\\/\\\/jak.fi\\\/de\\\/produkte\\\/zubehor-fur-fallgreifer\\\/faellstuetze\\\/\",\"url\":\"https:\\\/\\\/jak.fi\\\/de\\\/produkte\\\/zubehor-fur-fallgreifer\\\/faellstuetze\\\/\",\"name\":\"F\u00e4llst\u00fctze &#8211; JAK-Metalli Oy\",\"isPartOf\":{\"@id\":\"https:\\\/\\\/jak.fi\\\/de\\\/#website\"},\"primaryImageOfPage\":{\"@id\":\"https:\\\/\\\/jak.fi\\\/de\\\/produkte\\\/zubehor-fur-fallgreifer\\\/faellstuetze\\\/#primaryimage\"},\"image\":{\"@id\":\"https:\\\/\\\/jak.fi\\\/de\\\/produkte\\\/zubehor-fur-fallgreifer\\\/faellstuetze\\\/#primaryimage\"},\"thumbnailUrl\":\"https:\\\/\\\/jak.fi\\\/wp-content\\\/uploads\\\/2024\\\/05\\\/jak-200r-felling-support-small.png\",\"datePublished\":\"2024-05-28T07:07:12+00:00\",\"dateModified\":\"2025-02-28T10:12:49+00:00\",\"breadcrumb\":{\"@id\":\"https:\\\/\\\/jak.fi\\\/de\\\/produkte\\\/zubehor-fur-fallgreifer\\\/faellstuetze\\\/#breadcrumb\"},\"inLanguage\":\"de\",\"potentialAction\":[{\"@type\":\"ReadAction\",\"target\":[\"https:\\\/\\\/jak.fi\\\/de\\\/produkte\\\/zubehor-fur-fallgreifer\\\/faellstuetze\\\/\"]}]},{\"@type\":\"ImageObject\",\"inLanguage\":\"de\",\"@id\":\"https:\\\/\\\/jak.fi\\\/de\\\/produkte\\\/zubehor-fur-fallgreifer\\\/faellstuetze\\\/#primaryimage\",\"url\":\"https:\\\/\\\/jak.fi\\\/wp-content\\\/uploads\\\/2024\\\/05\\\/jak-200r-felling-support-small.png\",\"contentUrl\":\"https:\\\/\\\/jak.fi\\\/wp-content\\\/uploads\\\/2024\\\/05\\\/jak-200r-felling-support-small.png\",\"width\":1000,\"height\":666,\"caption\":\"Kaatotuki energiakouralle\"},{\"@type\":\"BreadcrumbList\",\"@id\":\"https:\\\/\\\/jak.fi\\\/de\\\/produkte\\\/zubehor-fur-fallgreifer\\\/faellstuetze\\\/#breadcrumb\",\"itemListElement\":[{\"@type\":\"ListItem\",\"position\":1,\"name\":\"Etusivu\",\"item\":\"https:\\\/\\\/jak.fi\\\/de\\\/\"},{\"@type\":\"ListItem\",\"position\":2,\"name\":\"Produkte\",\"item\":\"https:\\\/\\\/jak.fi\\\/de\\\/produkte\\\/\"},{\"@type\":\"ListItem\",\"position\":3,\"name\":\"F\u00e4llst\u00fctze\"}]},{\"@type\":\"WebSite\",\"@id\":\"https:\\\/\\\/jak.fi\\\/de\\\/#website\",\"url\":\"https:\\\/\\\/jak.fi\\\/de\\\/\",\"name\":\"JAK-Metalli Oy\",\"description\":\"\",\"publisher\":{\"@id\":\"https:\\\/\\\/jak.fi\\\/de\\\/#organization\"},\"alternateName\":\"JAK Tree shears\",\"potentialAction\":[{\"@type\":\"SearchAction\",\"target\":{\"@type\":\"EntryPoint\",\"urlTemplate\":\"https:\\\/\\\/jak.fi\\\/de\\\/?s={search_term_string}\"},\"query-input\":{\"@type\":\"PropertyValueSpecification\",\"valueRequired\":true,\"valueName\":\"search_term_string\"}}],\"inLanguage\":\"de\"},{\"@type\":\"Organization\",\"@id\":\"https:\\\/\\\/jak.fi\\\/de\\\/#organization\",\"name\":\"JAK-Metalli Oy\",\"alternateName\":\"JAK Tree shears\",\"url\":\"https:\\\/\\\/jak.fi\\\/de\\\/\",\"logo\":{\"@type\":\"ImageObject\",\"inLanguage\":\"de\",\"@id\":\"https:\\\/\\\/jak.fi\\\/de\\\/#\\\/schema\\\/logo\\\/image\\\/\",\"url\":\"https:\\\/\\\/jak.fi\\\/wp-content\\\/uploads\\\/2024\\\/09\\\/JAK-logo-696x696-1.jpg\",\"contentUrl\":\"https:\\\/\\\/jak.fi\\\/wp-content\\\/uploads\\\/2024\\\/09\\\/JAK-logo-696x696-1.jpg\",\"width\":696,\"height\":696,\"caption\":\"JAK-Metalli Oy\"},\"image\":{\"@id\":\"https:\\\/\\\/jak.fi\\\/de\\\/#\\\/schema\\\/logo\\\/image\\\/\"},\"sameAs\":[\"https:\\\/\\\/www.facebook.com\\\/jaktreeshears\",\"https:\\\/\\\/www.instagram.com\\\/jaktreeshears\\\/\",\"https:\\\/\\\/www.youtube.com\\\/channel\\\/UCAwvaVhBBkPie8MeAGbdY1w\"]}]}<\/script>\n<!-- \/ Yoast SEO plugin. -->","yoast_head_json":{"title":"F\u00e4llst\u00fctze &#8211; JAK-Metalli Oy","robots":{"index":"index","follow":"follow","max-snippet":"max-snippet:-1","max-image-preview":"max-image-preview:large","max-video-preview":"max-video-preview:-1"},"canonical":"https:\/\/jak.fi\/de\/produkte\/zubehor-fur-fallgreifer\/faellstuetze\/","og_locale":"de_DE","og_type":"article","og_title":"F\u00e4llst\u00fctze &#8211; JAK-Metalli Oy","og_description":"Die separat an den F\u00e4llgreifer angebrachte F\u00e4llst\u00fctze erleichtert und sichert die Baumkontrolle. Die als Zubeh\u00f6r erh\u00e4ltliche F\u00e4llst\u00fctze erh\u00f6ht die H\u00f6he der Prallplatte des F\u00e4llgreifers und sorgt so f\u00fcr eine stabilere Handhabung des Baums. Die F\u00e4llst\u00fctze ist ein notwendiges Zubeh\u00f6r, wenn der zu rodende Baum beispielsweise aufgrund von F\u00e4ulnis br\u00fcchiger ist. Gegen die F\u00e4llst\u00fctze gelehnt bleibt [&hellip;]","og_url":"https:\/\/jak.fi\/de\/produkte\/zubehor-fur-fallgreifer\/faellstuetze\/","og_site_name":"JAK-Metalli Oy","article_publisher":"https:\/\/www.facebook.com\/jaktreeshears","article_modified_time":"2025-02-28T10:12:49+00:00","og_image":[{"width":1000,"height":666,"url":"https:\/\/jak.fi\/wp-content\/uploads\/2024\/05\/jak-200r-felling-support-small.png","type":"image\/png"}],"twitter_card":"summary_large_image","twitter_misc":{"Gesch\u00e4tzte Lesezeit":"1\u00a0Minute"},"schema":{"@context":"https:\/\/schema.org","@graph":[{"@type":"WebPage","@id":"https:\/\/jak.fi\/de\/produkte\/zubehor-fur-fallgreifer\/faellstuetze\/","url":"https:\/\/jak.fi\/de\/produkte\/zubehor-fur-fallgreifer\/faellstuetze\/","name":"F\u00e4llst\u00fctze &#8211; JAK-Metalli Oy","isPartOf":{"@id":"https:\/\/jak.fi\/de\/#website"},"primaryImageOfPage":{"@id":"https:\/\/jak.fi\/de\/produkte\/zubehor-fur-fallgreifer\/faellstuetze\/#primaryimage"},"image":{"@id":"https:\/\/jak.fi\/de\/produkte\/zubehor-fur-fallgreifer\/faellstuetze\/#primaryimage"},"thumbnailUrl":"https:\/\/jak.fi\/wp-content\/uploads\/2024\/05\/jak-200r-felling-support-small.png","datePublished":"2024-05-28T07:07:12+00:00","dateModified":"2025-02-28T10:12:49+00:00","breadcrumb":{"@id":"https:\/\/jak.fi\/de\/produkte\/zubehor-fur-fallgreifer\/faellstuetze\/#breadcrumb"},"inLanguage":"de","potentialAction":[{"@type":"ReadAction","target":["https:\/\/jak.fi\/de\/produkte\/zubehor-fur-fallgreifer\/faellstuetze\/"]}]},{"@type":"ImageObject","inLanguage":"de","@id":"https:\/\/jak.fi\/de\/produkte\/zubehor-fur-fallgreifer\/faellstuetze\/#primaryimage","url":"https:\/\/jak.fi\/wp-content\/uploads\/2024\/05\/jak-200r-felling-support-small.png","contentUrl":"https:\/\/jak.fi\/wp-content\/uploads\/2024\/05\/jak-200r-felling-support-small.png","width":1000,"height":666,"caption":"Kaatotuki energiakouralle"},{"@type":"BreadcrumbList","@id":"https:\/\/jak.fi\/de\/produkte\/zubehor-fur-fallgreifer\/faellstuetze\/#breadcrumb","itemListElement":[{"@type":"ListItem","position":1,"name":"Etusivu","item":"https:\/\/jak.fi\/de\/"},{"@type":"ListItem","position":2,"name":"Produkte","item":"https:\/\/jak.fi\/de\/produkte\/"},{"@type":"ListItem","position":3,"name":"F\u00e4llst\u00fctze"}]},{"@type":"WebSite","@id":"https:\/\/jak.fi\/de\/#website","url":"https:\/\/jak.fi\/de\/","name":"JAK-Metalli Oy","description":"","publisher":{"@id":"https:\/\/jak.fi\/de\/#organization"},"alternateName":"JAK Tree shears","potentialAction":[{"@type":"SearchAction","target":{"@type":"EntryPoint","urlTemplate":"https:\/\/jak.fi\/de\/?s={search_term_string}"},"query-input":{"@type":"PropertyValueSpecification","valueRequired":true,"valueName":"search_term_string"}}],"inLanguage":"de"},{"@type":"Organization","@id":"https:\/\/jak.fi\/de\/#organization","name":"JAK-Metalli Oy","alternateName":"JAK Tree shears","url":"https:\/\/jak.fi\/de\/","logo":{"@type":"ImageObject","inLanguage":"de","@id":"https:\/\/jak.fi\/de\/#\/schema\/logo\/image\/","url":"https:\/\/jak.fi\/wp-content\/uploads\/2024\/09\/JAK-logo-696x696-1.jpg","contentUrl":"https:\/\/jak.fi\/wp-content\/uploads\/2024\/09\/JAK-logo-696x696-1.jpg","width":696,"height":696,"caption":"JAK-Metalli Oy"},"image":{"@id":"https:\/\/jak.fi\/de\/#\/schema\/logo\/image\/"},"sameAs":["https:\/\/www.facebook.com\/jaktreeshears","https:\/\/www.instagram.com\/jaktreeshears\/","https:\/\/www.youtube.com\/channel\/UCAwvaVhBBkPie8MeAGbdY1w"]}]}},"_links":{"self":[{"href":"https:\/\/jak.fi\/de\/wp-json\/wp\/v2\/product\/5407","targetHints":{"allow":["GET"]}}],"collection":[{"href":"https:\/\/jak.fi\/de\/wp-json\/wp\/v2\/product"}],"about":[{"href":"https:\/\/jak.fi\/de\/wp-json\/wp\/v2\/types\/product"}],"wp:featuredmedia":[{"embeddable":true,"href":"https:\/\/jak.fi\/de\/wp-json\/wp\/v2\/media\/5409"}],"wp:attachment":[{"href":"https:\/\/jak.fi\/de\/wp-json\/wp\/v2\/media?parent=5407"}],"wp:term":[{"taxonomy":"product_brand","embeddable":true,"href":"https:\/\/jak.fi\/de\/wp-json\/wp\/v2\/product_brand?post=5407"},{"taxonomy":"product_cat","embeddable":true,"href":"https:\/\/jak.fi\/de\/wp-json\/wp\/v2\/product_cat?post=5407"},{"taxonomy":"product_tag","embeddable":true,"href":"https:\/\/jak.fi\/de\/wp-json\/wp\/v2\/product_tag?post=5407"}],"curies":[{"name":"wp","href":"https:\/\/api.w.org\/{rel}","templated":true}]}}