{"id":5416,"date":"2024-05-28T10:02:10","date_gmt":"2024-05-28T07:02:10","guid":{"rendered":"https:\/\/jak.fi\/products\/unkategorisiert\/guillotine-einheit\/"},"modified":"2025-08-21T15:43:28","modified_gmt":"2025-08-21T12:43:28","slug":"guillotine-einheit","status":"publish","type":"product","link":"https:\/\/jak.fi\/de\/produkte\/zubehor-fur-fallgreifer\/guillotine-einheit\/","title":{"rendered":"Guillotine-Einheit"},"content":{"rendered":"<h2 data-start=\"101\" data-end=\"167\">JAK Guillotine-Einheit &#8211; ein leistungsstarkes Zubeh\u00f6r f\u00fcr den F\u00e4llgreifer<\/h2>\n<p data-start=\"169\" data-end=\"369\"><strong data-start=\"169\" data-end=\"194\">Die JAK Guillotine-Einheit<\/strong> macht den Einsatz des F\u00e4llgreifers genauer, vielseitiger und sicherer. Das Ger\u00e4t erm\u00f6glicht ein effizientes Schneiden und Bearbeiten von B\u00e4umen ohne unn\u00f6tige Arbeitsschritte. <\/p>\n<h3 data-start=\"371\" data-end=\"409\">Effizientes Trennen und kontrollierter Griff<\/h3>\n<p data-start=\"410\" data-end=\"746\"><strong data-start=\"410\" data-end=\"439\">Die JAK-350 Guillotine<\/strong> schneidet St\u00e4mme bis zu einer Dicke von 350 mm sauber. Die schlank schlie\u00dfenden Klingen sorgen daf\u00fcr, dass auch kleine und biegsame Weiden problemlos geschnitten werden k\u00f6nnen. Die hohe Bauweise des F\u00e4llgreifers in Kombination mit der zweistufigen Schnittfunktion sorgt daf\u00fcr, dass selbst dicke St\u00e4mme w\u00e4hrend des gesamten Arbeitszyklus fest im Griff der Backen bleiben.  <\/p>\n<h3 data-start=\"748\" data-end=\"799\">Vielseitig einsetzbar ohne Entfernen der Klingen<\/h3>\n<p data-start=\"800\" data-end=\"980\">Wenn das Schild ge\u00f6ffnet ist, kann der F\u00e4llgreifer m\u00fchelos zum Beladen, zur Handhabung von Pf\u00e4hlen und zum Umsetzen von B\u00e4umen verwendet werden. So k\u00f6nnen Sie flexibel arbeiten, ohne die Schaufeln entfernen zu m\u00fcssen. <\/p>\n<h3 data-start=\"982\" data-end=\"1013\">Einfach zu installieren und zu verwenden<\/h3>\n<p data-start=\"1014\" data-end=\"1323\">Die Guillotine-Einheit ist ein optionales Zubeh\u00f6r, das einfach an der Unterseite des F\u00e4llgreifers der R-Serie installiert werden kann &#8211; auch nachtr\u00e4glich. Die Einheit verwendet die gleiche Hilfshydraulik wie der F\u00e4llgreifer und ben\u00f6tigt keinen Strom. Auf Wunsch kann sie mit den Backen des F\u00e4llgreifers \u00fcber ein einziges Hydrauliksystem verbunden werden, um automatisch zu arbeiten.  <\/p>\n<h3 data-start=\"1325\" data-end=\"1375\">Guillotine-Einheitsblock &#8211; mehr Flexibilit\u00e4t<\/h3>\n<p data-start=\"1376\" data-end=\"1587\">F\u00fcr die <strong data-start=\"1423\" data-end=\"1450\">Guillotine-Einheit<\/strong> ist auch ein <strong data-start=\"1423\" data-end=\"1450\">Block f\u00fcr<\/strong> die Guillotine-Einheit erh\u00e4ltlich, mit dem die Energierinne und die Guillotine-Einheit \u00fcber eine einzige Hilfshydraulikleitung (R\u00fccklauf\/R\u00fccklauf) ohne separate Anschl\u00fcsse betrieben werden k\u00f6nnen.<\/p>\n<h3 data-start=\"1594\" data-end=\"1624\">Vorteile in K\u00fcrze:<\/h3>\n<ul data-start=\"1625\" data-end=\"1977\">\n<li data-start=\"1625\" data-end=\"1672\">\n<p data-start=\"1627\" data-end=\"1672\">Schneidet St\u00e4mme bis zu 350 mm Dicke sauber durch<\/p>\n<\/li>\n<li data-start=\"1673\" data-end=\"1746\">\n<p data-start=\"1675\" data-end=\"1746\">Schlank schlie\u00dfende Klingen f\u00fcr die einfache Handhabung von Weiden und Zweigen<\/p>\n<\/li>\n<li data-start=\"1747\" data-end=\"1820\">\n<p data-start=\"1749\" data-end=\"1820\">Erm\u00f6glicht das Laden und die Handhabung von Pf\u00e4hlen, ohne die Klingen zu entfernen<\/p>\n<\/li>\n<li data-start=\"1821\" data-end=\"1880\">\n<p data-start=\"1823\" data-end=\"1880\">Einfaches Nachr\u00fcsten auch f\u00fcr Energiespannfutter der R-Serie<\/p>\n<\/li>\n<li data-start=\"1881\" data-end=\"1923\">\n<p data-start=\"1883\" data-end=\"1923\">Ben\u00f6tigt keinen Strom &#8211; arbeitet hydraulisch<\/p>\n<\/li>\n<li data-start=\"1924\" data-end=\"1977\">\n<p data-start=\"1926\" data-end=\"1977\">Optional mit Guillotine-Einheitsblock erh\u00e4ltlich<\/p>\n<\/li>\n<\/ul>\n<p data-start=\"1979\" data-end=\"2108\">Die <strong data-start=\"1979\" data-end=\"2004\">JAK Guillotine-Einheit<\/strong> ist die perfekte L\u00f6sung f\u00fcr eine sicherere, vielseitigere und effizientere Waldbewirtschaftung.<\/p>\n","protected":false},"excerpt":{"rendered":"<p>JAK Guillotine-Einheit &#8211; ein leistungsstarkes Zubeh\u00f6r f\u00fcr den F\u00e4llgreifer Die JAK Guillotine-Einheit macht den Einsatz des F\u00e4llgreifers genauer, vielseitiger und sicherer. Das Ger\u00e4t erm\u00f6glicht ein effizientes Schneiden und Bearbeiten von B\u00e4umen ohne unn\u00f6tige Arbeitsschritte. Effizientes Trennen und kontrollierter Griff Die JAK-350 Guillotine schneidet St\u00e4mme bis zu einer Dicke von 350 mm sauber. Die schlank schlie\u00dfenden [&hellip;]<\/p>\n","protected":false},"featured_media":5418,"template":"","meta":{"_acf_changed":false},"product_brand":[],"product_cat":[590],"product_tag":[],"class_list":{"0":"post-5416","1":"product","2":"type-product","3":"status-publish","4":"has-post-thumbnail","6":"product_cat-zubehor-fur-fallgreifer","8":"first","9":"instock","10":"shipping-taxable","11":"product-type-simple"},"acf":[],"yoast_head":"<!-- This site is optimized with the Yoast SEO plugin v27.2 - https:\/\/yoast.com\/product\/yoast-seo-wordpress\/ -->\n<title>Guillotine-Einheit &#8211; JAK-Metalli Oy<\/title>\n<meta name=\"description\" content=\"Die Guillotine-Einheit steigert die Leistung des JAK Energy Holzhackers und macht die Holzbearbeitung pr\u00e4ziser, vielseitiger und sicherer.\" \/>\n<meta name=\"robots\" content=\"index, follow, max-snippet:-1, max-image-preview:large, max-video-preview:-1\" \/>\n<link rel=\"canonical\" href=\"https:\/\/jak.fi\/de\/produkte\/zubehor-fur-fallgreifer\/guillotine-einheit\/\" \/>\n<meta property=\"og:locale\" content=\"de_DE\" \/>\n<meta property=\"og:type\" content=\"article\" \/>\n<meta property=\"og:title\" content=\"Guillotine-Einheit &#8211; JAK-Metalli Oy\" \/>\n<meta property=\"og:description\" content=\"Die Guillotine-Einheit steigert die Leistung des JAK Energy Holzhackers und macht die Holzbearbeitung pr\u00e4ziser, vielseitiger und sicherer.\" \/>\n<meta property=\"og:url\" content=\"https:\/\/jak.fi\/de\/produkte\/zubehor-fur-fallgreifer\/guillotine-einheit\/\" \/>\n<meta property=\"og:site_name\" content=\"JAK-Metalli Oy\" \/>\n<meta property=\"article:publisher\" content=\"https:\/\/www.facebook.com\/jaktreeshears\" \/>\n<meta property=\"article:modified_time\" content=\"2025-08-21T12:43:28+00:00\" \/>\n<meta property=\"og:image\" content=\"https:\/\/jak.fi\/wp-content\/uploads\/2024\/05\/JAK-350-Guillotine-Unit-web-2.png\" \/>\n\t<meta property=\"og:image:width\" content=\"1000\" \/>\n\t<meta property=\"og:image:height\" content=\"666\" \/>\n\t<meta property=\"og:image:type\" content=\"image\/png\" \/>\n<meta name=\"twitter:card\" content=\"summary_large_image\" \/>\n<meta name=\"twitter:label1\" content=\"Gesch\u00e4tzte Lesezeit\" \/>\n\t<meta name=\"twitter:data1\" content=\"2\u00a0Minute\" \/>\n<script type=\"application\/ld+json\" class=\"yoast-schema-graph\">{\"@context\":\"https:\/\/schema.org\",\"@graph\":[{\"@type\":\"WebPage\",\"@id\":\"https:\/\/jak.fi\/de\/produkte\/zubehor-fur-fallgreifer\/guillotine-einheit\/\",\"url\":\"https:\/\/jak.fi\/de\/produkte\/zubehor-fur-fallgreifer\/guillotine-einheit\/\",\"name\":\"Guillotine-Einheit &#8211; JAK-Metalli Oy\",\"isPartOf\":{\"@id\":\"https:\/\/jak.fi\/de\/#website\"},\"primaryImageOfPage\":{\"@id\":\"https:\/\/jak.fi\/de\/produkte\/zubehor-fur-fallgreifer\/guillotine-einheit\/#primaryimage\"},\"image\":{\"@id\":\"https:\/\/jak.fi\/de\/produkte\/zubehor-fur-fallgreifer\/guillotine-einheit\/#primaryimage\"},\"thumbnailUrl\":\"https:\/\/jak.fi\/wp-content\/uploads\/2024\/05\/JAK-350-Guillotine-Unit-web-2.png\",\"datePublished\":\"2024-05-28T07:02:10+00:00\",\"dateModified\":\"2025-08-21T12:43:28+00:00\",\"description\":\"Die Guillotine-Einheit steigert die Leistung des JAK Energy Holzhackers und macht die Holzbearbeitung pr\u00e4ziser, vielseitiger und sicherer.\",\"breadcrumb\":{\"@id\":\"https:\/\/jak.fi\/de\/produkte\/zubehor-fur-fallgreifer\/guillotine-einheit\/#breadcrumb\"},\"inLanguage\":\"de\",\"potentialAction\":[{\"@type\":\"ReadAction\",\"target\":[\"https:\/\/jak.fi\/de\/produkte\/zubehor-fur-fallgreifer\/guillotine-einheit\/\"]}]},{\"@type\":\"ImageObject\",\"inLanguage\":\"de\",\"@id\":\"https:\/\/jak.fi\/de\/produkte\/zubehor-fur-fallgreifer\/guillotine-einheit\/#primaryimage\",\"url\":\"https:\/\/jak.fi\/wp-content\/uploads\/2024\/05\/JAK-350-Guillotine-Unit-web-2.png\",\"contentUrl\":\"https:\/\/jak.fi\/wp-content\/uploads\/2024\/05\/JAK-350-Guillotine-Unit-web-2.png\",\"width\":1000,\"height\":666},{\"@type\":\"BreadcrumbList\",\"@id\":\"https:\/\/jak.fi\/de\/produkte\/zubehor-fur-fallgreifer\/guillotine-einheit\/#breadcrumb\",\"itemListElement\":[{\"@type\":\"ListItem\",\"position\":1,\"name\":\"Etusivu\",\"item\":\"https:\/\/jak.fi\/de\/\"},{\"@type\":\"ListItem\",\"position\":2,\"name\":\"Produkte\",\"item\":\"https:\/\/jak.fi\/de\/produkte\/\"},{\"@type\":\"ListItem\",\"position\":3,\"name\":\"Guillotine-Einheit\"}]},{\"@type\":\"WebSite\",\"@id\":\"https:\/\/jak.fi\/de\/#website\",\"url\":\"https:\/\/jak.fi\/de\/\",\"name\":\"JAK-Metalli Oy\",\"description\":\"\",\"publisher\":{\"@id\":\"https:\/\/jak.fi\/de\/#organization\"},\"alternateName\":\"JAK Tree shears\",\"potentialAction\":[{\"@type\":\"SearchAction\",\"target\":{\"@type\":\"EntryPoint\",\"urlTemplate\":\"https:\/\/jak.fi\/de\/?s={search_term_string}\"},\"query-input\":{\"@type\":\"PropertyValueSpecification\",\"valueRequired\":true,\"valueName\":\"search_term_string\"}}],\"inLanguage\":\"de\"},{\"@type\":\"Organization\",\"@id\":\"https:\/\/jak.fi\/de\/#organization\",\"name\":\"JAK-Metalli Oy\",\"alternateName\":\"JAK Tree shears\",\"url\":\"https:\/\/jak.fi\/de\/\",\"logo\":{\"@type\":\"ImageObject\",\"inLanguage\":\"de\",\"@id\":\"https:\/\/jak.fi\/de\/#\/schema\/logo\/image\/\",\"url\":\"https:\/\/jak.fi\/wp-content\/uploads\/2024\/09\/JAK-logo-696x696-1.jpg\",\"contentUrl\":\"https:\/\/jak.fi\/wp-content\/uploads\/2024\/09\/JAK-logo-696x696-1.jpg\",\"width\":696,\"height\":696,\"caption\":\"JAK-Metalli Oy\"},\"image\":{\"@id\":\"https:\/\/jak.fi\/de\/#\/schema\/logo\/image\/\"},\"sameAs\":[\"https:\/\/www.facebook.com\/jaktreeshears\",\"https:\/\/www.instagram.com\/jaktreeshears\/\",\"https:\/\/www.youtube.com\/channel\/UCAwvaVhBBkPie8MeAGbdY1w\"]}]}<\/script>\n<!-- \/ Yoast SEO plugin. -->","yoast_head_json":{"title":"Guillotine-Einheit &#8211; JAK-Metalli Oy","description":"Die Guillotine-Einheit steigert die Leistung des JAK Energy Holzhackers und macht die Holzbearbeitung pr\u00e4ziser, vielseitiger und sicherer.","robots":{"index":"index","follow":"follow","max-snippet":"max-snippet:-1","max-image-preview":"max-image-preview:large","max-video-preview":"max-video-preview:-1"},"canonical":"https:\/\/jak.fi\/de\/produkte\/zubehor-fur-fallgreifer\/guillotine-einheit\/","og_locale":"de_DE","og_type":"article","og_title":"Guillotine-Einheit &#8211; JAK-Metalli Oy","og_description":"Die Guillotine-Einheit steigert die Leistung des JAK Energy Holzhackers und macht die Holzbearbeitung pr\u00e4ziser, vielseitiger und sicherer.","og_url":"https:\/\/jak.fi\/de\/produkte\/zubehor-fur-fallgreifer\/guillotine-einheit\/","og_site_name":"JAK-Metalli Oy","article_publisher":"https:\/\/www.facebook.com\/jaktreeshears","article_modified_time":"2025-08-21T12:43:28+00:00","og_image":[{"width":1000,"height":666,"url":"https:\/\/jak.fi\/wp-content\/uploads\/2024\/05\/JAK-350-Guillotine-Unit-web-2.png","type":"image\/png"}],"twitter_card":"summary_large_image","twitter_misc":{"Gesch\u00e4tzte Lesezeit":"2\u00a0Minute"},"schema":{"@context":"https:\/\/schema.org","@graph":[{"@type":"WebPage","@id":"https:\/\/jak.fi\/de\/produkte\/zubehor-fur-fallgreifer\/guillotine-einheit\/","url":"https:\/\/jak.fi\/de\/produkte\/zubehor-fur-fallgreifer\/guillotine-einheit\/","name":"Guillotine-Einheit &#8211; JAK-Metalli Oy","isPartOf":{"@id":"https:\/\/jak.fi\/de\/#website"},"primaryImageOfPage":{"@id":"https:\/\/jak.fi\/de\/produkte\/zubehor-fur-fallgreifer\/guillotine-einheit\/#primaryimage"},"image":{"@id":"https:\/\/jak.fi\/de\/produkte\/zubehor-fur-fallgreifer\/guillotine-einheit\/#primaryimage"},"thumbnailUrl":"https:\/\/jak.fi\/wp-content\/uploads\/2024\/05\/JAK-350-Guillotine-Unit-web-2.png","datePublished":"2024-05-28T07:02:10+00:00","dateModified":"2025-08-21T12:43:28+00:00","description":"Die Guillotine-Einheit steigert die Leistung des JAK Energy Holzhackers und macht die Holzbearbeitung pr\u00e4ziser, vielseitiger und sicherer.","breadcrumb":{"@id":"https:\/\/jak.fi\/de\/produkte\/zubehor-fur-fallgreifer\/guillotine-einheit\/#breadcrumb"},"inLanguage":"de","potentialAction":[{"@type":"ReadAction","target":["https:\/\/jak.fi\/de\/produkte\/zubehor-fur-fallgreifer\/guillotine-einheit\/"]}]},{"@type":"ImageObject","inLanguage":"de","@id":"https:\/\/jak.fi\/de\/produkte\/zubehor-fur-fallgreifer\/guillotine-einheit\/#primaryimage","url":"https:\/\/jak.fi\/wp-content\/uploads\/2024\/05\/JAK-350-Guillotine-Unit-web-2.png","contentUrl":"https:\/\/jak.fi\/wp-content\/uploads\/2024\/05\/JAK-350-Guillotine-Unit-web-2.png","width":1000,"height":666},{"@type":"BreadcrumbList","@id":"https:\/\/jak.fi\/de\/produkte\/zubehor-fur-fallgreifer\/guillotine-einheit\/#breadcrumb","itemListElement":[{"@type":"ListItem","position":1,"name":"Etusivu","item":"https:\/\/jak.fi\/de\/"},{"@type":"ListItem","position":2,"name":"Produkte","item":"https:\/\/jak.fi\/de\/produkte\/"},{"@type":"ListItem","position":3,"name":"Guillotine-Einheit"}]},{"@type":"WebSite","@id":"https:\/\/jak.fi\/de\/#website","url":"https:\/\/jak.fi\/de\/","name":"JAK-Metalli Oy","description":"","publisher":{"@id":"https:\/\/jak.fi\/de\/#organization"},"alternateName":"JAK Tree shears","potentialAction":[{"@type":"SearchAction","target":{"@type":"EntryPoint","urlTemplate":"https:\/\/jak.fi\/de\/?s={search_term_string}"},"query-input":{"@type":"PropertyValueSpecification","valueRequired":true,"valueName":"search_term_string"}}],"inLanguage":"de"},{"@type":"Organization","@id":"https:\/\/jak.fi\/de\/#organization","name":"JAK-Metalli Oy","alternateName":"JAK Tree shears","url":"https:\/\/jak.fi\/de\/","logo":{"@type":"ImageObject","inLanguage":"de","@id":"https:\/\/jak.fi\/de\/#\/schema\/logo\/image\/","url":"https:\/\/jak.fi\/wp-content\/uploads\/2024\/09\/JAK-logo-696x696-1.jpg","contentUrl":"https:\/\/jak.fi\/wp-content\/uploads\/2024\/09\/JAK-logo-696x696-1.jpg","width":696,"height":696,"caption":"JAK-Metalli Oy"},"image":{"@id":"https:\/\/jak.fi\/de\/#\/schema\/logo\/image\/"},"sameAs":["https:\/\/www.facebook.com\/jaktreeshears","https:\/\/www.instagram.com\/jaktreeshears\/","https:\/\/www.youtube.com\/channel\/UCAwvaVhBBkPie8MeAGbdY1w"]}]}},"_links":{"self":[{"href":"https:\/\/jak.fi\/de\/wp-json\/wp\/v2\/product\/5416","targetHints":{"allow":["GET"]}}],"collection":[{"href":"https:\/\/jak.fi\/de\/wp-json\/wp\/v2\/product"}],"about":[{"href":"https:\/\/jak.fi\/de\/wp-json\/wp\/v2\/types\/product"}],"wp:featuredmedia":[{"embeddable":true,"href":"https:\/\/jak.fi\/de\/wp-json\/wp\/v2\/media\/5418"}],"wp:attachment":[{"href":"https:\/\/jak.fi\/de\/wp-json\/wp\/v2\/media?parent=5416"}],"wp:term":[{"taxonomy":"product_brand","embeddable":true,"href":"https:\/\/jak.fi\/de\/wp-json\/wp\/v2\/product_brand?post=5416"},{"taxonomy":"product_cat","embeddable":true,"href":"https:\/\/jak.fi\/de\/wp-json\/wp\/v2\/product_cat?post=5416"},{"taxonomy":"product_tag","embeddable":true,"href":"https:\/\/jak.fi\/de\/wp-json\/wp\/v2\/product_tag?post=5416"}],"curies":[{"name":"wp","href":"https:\/\/api.w.org\/{rel}","templated":true}]}}