{"id":5417,"date":"2024-05-28T10:07:40","date_gmt":"2024-05-28T07:07:40","guid":{"rendered":"https:\/\/jak.fi\/products\/unkategorisiert\/fester-verlaengerungsarm\/"},"modified":"2025-08-21T14:28:09","modified_gmt":"2025-08-21T11:28:09","slug":"fester-verlaengerungsarm","status":"publish","type":"product","link":"https:\/\/jak.fi\/de\/produkte\/zubehor-fur-fallgreifer\/fester-verlaengerungsarm\/","title":{"rendered":"Fester Verl\u00e4ngerungsarm"},"content":{"rendered":"<h2 data-start=\"64\" data-end=\"148\">JAK F\u00e4llgreifer mit festem Ausleger &#8211; mehr Dimension und Effizienz bei der Forstarbeit<\/h2>\n<p data-start=\"150\" data-end=\"441\"><strong data-start=\"150\" data-end=\"172\">Der feste Verl\u00e4ngerungsausleger<\/strong> verbessert die Reichweite der Arbeit und bringt erhebliche Kosteneffizienz und Geschwindigkeit in den Forstbetrieb. Mit dem Verl\u00e4ngerungsausleger k\u00f6nnen empfindliche Punkte am Auslegerkopf sicher von den \u00c4sten wegbewegt werden, was den Verschlei\u00df reduziert und die Lebensdauer der Ausr\u00fcstung verl\u00e4ngert. <\/p>\n<p data-start=\"443\" data-end=\"746\"><strong data-start=\"443\" data-end=\"479\">Der Verl\u00e4ngerungsausleger des JAK Energy Tree Grab<\/strong> ist speziell f\u00fcr anspruchsvolle Bedingungen wie schwieriges Gel\u00e4nde und die Entfernung von Problemb\u00e4umen konzipiert. Dank der verbesserten Reichweite kann die Arbeit effizienter durchgef\u00fchrt werden, da weniger Maschinenbewegungen erforderlich sind &#8211; was die Produktivit\u00e4t deutlich erh\u00f6ht. <\/p>\n<p data-start=\"748\" data-end=\"992\">Der leichte, aber extrem haltbare Verl\u00e4ngerungsausleger ist aus einer robusten Konstruktion gefertigt, die eine lange Lebensdauer garantiert. Je nach Modell bietet der Verl\u00e4ngerungsausleger eine zus\u00e4tzliche Reichweite <strong data-start=\"905\" data-end=\"919\">von 600-930 mm<\/strong>, so dass Sie die richtige L\u00f6sung f\u00fcr Ihren Einsatz w\u00e4hlen k\u00f6nnen. <\/p>\n<h3 data-start=\"994\" data-end=\"1014\">Vorteile in K\u00fcrze:<\/h3>\n<ul data-start=\"1015\" data-end=\"1231\">\n<li data-start=\"1015\" data-end=\"1060\">\n<p data-start=\"1017\" data-end=\"1060\">Mehr Reichweite f\u00fcr Forstarbeiten 600-930 mm<\/p>\n<\/li>\n<li data-start=\"1061\" data-end=\"1108\">\n<p data-start=\"1063\" data-end=\"1108\">Verbessern Sie die Produktivit\u00e4t und sparen Sie Zeit<\/p>\n<\/li>\n<li data-start=\"1109\" data-end=\"1149\">\n<p data-start=\"1111\" data-end=\"1149\">Reduziert die Notwendigkeit, die Maschine zu bewegen<\/p>\n<\/li>\n<li data-start=\"1150\" data-end=\"1190\">\n<p data-start=\"1152\" data-end=\"1190\">Sch\u00fctzt die Baumkrone vor Sch\u00e4den durch \u00c4ste<\/p>\n<\/li>\n<li data-start=\"1191\" data-end=\"1231\">\n<p data-start=\"1193\" data-end=\"1231\">Leichte, aber sehr robuste Konstruktion<\/p>\n<\/li>\n<\/ul>\n<p data-start=\"1233\" data-end=\"1352\">Der <strong data-start=\"1233\" data-end=\"1251\">JAK Verl\u00e4ngerungsausleger<\/strong> ist ein hervorragendes Zubeh\u00f6r f\u00fcr eine sicherere, schnellere und produktivere Forstwirtschaft.<\/p>\n","protected":false},"excerpt":{"rendered":"<p>JAK F\u00e4llgreifer mit festem Ausleger &#8211; mehr Dimension und Effizienz bei der Forstarbeit Der feste Verl\u00e4ngerungsausleger verbessert die Reichweite der Arbeit und bringt erhebliche Kosteneffizienz und Geschwindigkeit in den Forstbetrieb. Mit dem Verl\u00e4ngerungsausleger k\u00f6nnen empfindliche Punkte am Auslegerkopf sicher von den \u00c4sten wegbewegt werden, was den Verschlei\u00df reduziert und die Lebensdauer der Ausr\u00fcstung verl\u00e4ngert. Der [&hellip;]<\/p>\n","protected":false},"featured_media":5420,"template":"","meta":{"_acf_changed":false},"product_brand":[],"product_cat":[590],"product_tag":[],"class_list":{"0":"post-5417","1":"product","2":"type-product","3":"status-publish","4":"has-post-thumbnail","6":"product_cat-zubehor-fur-fallgreifer","8":"first","9":"instock","10":"shipping-taxable","11":"product-type-simple"},"acf":[],"yoast_head":"<!-- This site is optimized with the Yoast SEO plugin v27.2 - https:\/\/yoast.com\/product\/yoast-seo-wordpress\/ -->\n<title>Fester Verl\u00e4ngerungsarm &#8211; JAK-Metalli Oy<\/title>\n<meta name=\"description\" content=\"Der JAK Energy F\u00e4llgreifer-Verl\u00e4ngerungsausleger erh\u00f6ht die Reichweite von 600 auf 930 mm, macht die Forstarbeit effizienter und sch\u00fctzt das Auslegerende vor \u00c4sten. Leichtes und langlebiges Zubeh\u00f6r.\" \/>\n<meta name=\"robots\" content=\"index, follow, max-snippet:-1, max-image-preview:large, max-video-preview:-1\" \/>\n<link rel=\"canonical\" href=\"https:\/\/jak.fi\/de\/produkte\/zubehor-fur-fallgreifer\/fester-verlaengerungsarm\/\" \/>\n<meta property=\"og:locale\" content=\"de_DE\" \/>\n<meta property=\"og:type\" content=\"article\" \/>\n<meta property=\"og:title\" content=\"Fester Verl\u00e4ngerungsarm &#8211; JAK-Metalli Oy\" \/>\n<meta property=\"og:description\" content=\"Der JAK Energy F\u00e4llgreifer-Verl\u00e4ngerungsausleger erh\u00f6ht die Reichweite von 600 auf 930 mm, macht die Forstarbeit effizienter und sch\u00fctzt das Auslegerende vor \u00c4sten. Leichtes und langlebiges Zubeh\u00f6r.\" \/>\n<meta property=\"og:url\" content=\"https:\/\/jak.fi\/de\/produkte\/zubehor-fur-fallgreifer\/fester-verlaengerungsarm\/\" \/>\n<meta property=\"og:site_name\" content=\"JAK-Metalli Oy\" \/>\n<meta property=\"article:publisher\" content=\"https:\/\/www.facebook.com\/jaktreeshears\" \/>\n<meta property=\"article:modified_time\" content=\"2025-08-21T11:28:09+00:00\" \/>\n<meta property=\"og:image\" content=\"https:\/\/jak.fi\/wp-content\/uploads\/2024\/05\/Jatkopuomi-220C.png\" \/>\n\t<meta property=\"og:image:width\" content=\"1000\" \/>\n\t<meta property=\"og:image:height\" content=\"667\" \/>\n\t<meta property=\"og:image:type\" content=\"image\/png\" \/>\n<meta name=\"twitter:card\" content=\"summary_large_image\" \/>\n<meta name=\"twitter:label1\" content=\"Gesch\u00e4tzte Lesezeit\" \/>\n\t<meta name=\"twitter:data1\" content=\"1\u00a0Minute\" \/>\n<script type=\"application\/ld+json\" class=\"yoast-schema-graph\">{\"@context\":\"https:\/\/schema.org\",\"@graph\":[{\"@type\":\"WebPage\",\"@id\":\"https:\/\/jak.fi\/de\/produkte\/zubehor-fur-fallgreifer\/fester-verlaengerungsarm\/\",\"url\":\"https:\/\/jak.fi\/de\/produkte\/zubehor-fur-fallgreifer\/fester-verlaengerungsarm\/\",\"name\":\"Fester Verl\u00e4ngerungsarm &#8211; JAK-Metalli Oy\",\"isPartOf\":{\"@id\":\"https:\/\/jak.fi\/de\/#website\"},\"primaryImageOfPage\":{\"@id\":\"https:\/\/jak.fi\/de\/produkte\/zubehor-fur-fallgreifer\/fester-verlaengerungsarm\/#primaryimage\"},\"image\":{\"@id\":\"https:\/\/jak.fi\/de\/produkte\/zubehor-fur-fallgreifer\/fester-verlaengerungsarm\/#primaryimage\"},\"thumbnailUrl\":\"https:\/\/jak.fi\/wp-content\/uploads\/2024\/05\/Jatkopuomi-220C.png\",\"datePublished\":\"2024-05-28T07:07:40+00:00\",\"dateModified\":\"2025-08-21T11:28:09+00:00\",\"description\":\"Der JAK Energy F\u00e4llgreifer-Verl\u00e4ngerungsausleger erh\u00f6ht die Reichweite von 600 auf 930 mm, macht die Forstarbeit effizienter und sch\u00fctzt das Auslegerende vor \u00c4sten. Leichtes und langlebiges Zubeh\u00f6r.\",\"breadcrumb\":{\"@id\":\"https:\/\/jak.fi\/de\/produkte\/zubehor-fur-fallgreifer\/fester-verlaengerungsarm\/#breadcrumb\"},\"inLanguage\":\"de\",\"potentialAction\":[{\"@type\":\"ReadAction\",\"target\":[\"https:\/\/jak.fi\/de\/produkte\/zubehor-fur-fallgreifer\/fester-verlaengerungsarm\/\"]}]},{\"@type\":\"ImageObject\",\"inLanguage\":\"de\",\"@id\":\"https:\/\/jak.fi\/de\/produkte\/zubehor-fur-fallgreifer\/fester-verlaengerungsarm\/#primaryimage\",\"url\":\"https:\/\/jak.fi\/wp-content\/uploads\/2024\/05\/Jatkopuomi-220C.png\",\"contentUrl\":\"https:\/\/jak.fi\/wp-content\/uploads\/2024\/05\/Jatkopuomi-220C.png\",\"width\":1000,\"height\":667,\"caption\":\"Ein solider Ausbau der Energiewende\"},{\"@type\":\"BreadcrumbList\",\"@id\":\"https:\/\/jak.fi\/de\/produkte\/zubehor-fur-fallgreifer\/fester-verlaengerungsarm\/#breadcrumb\",\"itemListElement\":[{\"@type\":\"ListItem\",\"position\":1,\"name\":\"Etusivu\",\"item\":\"https:\/\/jak.fi\/de\/\"},{\"@type\":\"ListItem\",\"position\":2,\"name\":\"Produkte\",\"item\":\"https:\/\/jak.fi\/de\/produkte\/\"},{\"@type\":\"ListItem\",\"position\":3,\"name\":\"Fester Verl\u00e4ngerungsarm\"}]},{\"@type\":\"WebSite\",\"@id\":\"https:\/\/jak.fi\/de\/#website\",\"url\":\"https:\/\/jak.fi\/de\/\",\"name\":\"JAK-Metalli Oy\",\"description\":\"\",\"publisher\":{\"@id\":\"https:\/\/jak.fi\/de\/#organization\"},\"alternateName\":\"JAK Tree shears\",\"potentialAction\":[{\"@type\":\"SearchAction\",\"target\":{\"@type\":\"EntryPoint\",\"urlTemplate\":\"https:\/\/jak.fi\/de\/?s={search_term_string}\"},\"query-input\":{\"@type\":\"PropertyValueSpecification\",\"valueRequired\":true,\"valueName\":\"search_term_string\"}}],\"inLanguage\":\"de\"},{\"@type\":\"Organization\",\"@id\":\"https:\/\/jak.fi\/de\/#organization\",\"name\":\"JAK-Metalli Oy\",\"alternateName\":\"JAK Tree shears\",\"url\":\"https:\/\/jak.fi\/de\/\",\"logo\":{\"@type\":\"ImageObject\",\"inLanguage\":\"de\",\"@id\":\"https:\/\/jak.fi\/de\/#\/schema\/logo\/image\/\",\"url\":\"https:\/\/jak.fi\/wp-content\/uploads\/2024\/09\/JAK-logo-696x696-1.jpg\",\"contentUrl\":\"https:\/\/jak.fi\/wp-content\/uploads\/2024\/09\/JAK-logo-696x696-1.jpg\",\"width\":696,\"height\":696,\"caption\":\"JAK-Metalli Oy\"},\"image\":{\"@id\":\"https:\/\/jak.fi\/de\/#\/schema\/logo\/image\/\"},\"sameAs\":[\"https:\/\/www.facebook.com\/jaktreeshears\",\"https:\/\/www.instagram.com\/jaktreeshears\/\",\"https:\/\/www.youtube.com\/channel\/UCAwvaVhBBkPie8MeAGbdY1w\"]}]}<\/script>\n<!-- \/ Yoast SEO plugin. -->","yoast_head_json":{"title":"Fester Verl\u00e4ngerungsarm &#8211; JAK-Metalli Oy","description":"Der JAK Energy F\u00e4llgreifer-Verl\u00e4ngerungsausleger erh\u00f6ht die Reichweite von 600 auf 930 mm, macht die Forstarbeit effizienter und sch\u00fctzt das Auslegerende vor \u00c4sten. Leichtes und langlebiges Zubeh\u00f6r.","robots":{"index":"index","follow":"follow","max-snippet":"max-snippet:-1","max-image-preview":"max-image-preview:large","max-video-preview":"max-video-preview:-1"},"canonical":"https:\/\/jak.fi\/de\/produkte\/zubehor-fur-fallgreifer\/fester-verlaengerungsarm\/","og_locale":"de_DE","og_type":"article","og_title":"Fester Verl\u00e4ngerungsarm &#8211; JAK-Metalli Oy","og_description":"Der JAK Energy F\u00e4llgreifer-Verl\u00e4ngerungsausleger erh\u00f6ht die Reichweite von 600 auf 930 mm, macht die Forstarbeit effizienter und sch\u00fctzt das Auslegerende vor \u00c4sten. Leichtes und langlebiges Zubeh\u00f6r.","og_url":"https:\/\/jak.fi\/de\/produkte\/zubehor-fur-fallgreifer\/fester-verlaengerungsarm\/","og_site_name":"JAK-Metalli Oy","article_publisher":"https:\/\/www.facebook.com\/jaktreeshears","article_modified_time":"2025-08-21T11:28:09+00:00","og_image":[{"width":1000,"height":667,"url":"https:\/\/jak.fi\/wp-content\/uploads\/2024\/05\/Jatkopuomi-220C.png","type":"image\/png"}],"twitter_card":"summary_large_image","twitter_misc":{"Gesch\u00e4tzte Lesezeit":"1\u00a0Minute"},"schema":{"@context":"https:\/\/schema.org","@graph":[{"@type":"WebPage","@id":"https:\/\/jak.fi\/de\/produkte\/zubehor-fur-fallgreifer\/fester-verlaengerungsarm\/","url":"https:\/\/jak.fi\/de\/produkte\/zubehor-fur-fallgreifer\/fester-verlaengerungsarm\/","name":"Fester Verl\u00e4ngerungsarm &#8211; JAK-Metalli Oy","isPartOf":{"@id":"https:\/\/jak.fi\/de\/#website"},"primaryImageOfPage":{"@id":"https:\/\/jak.fi\/de\/produkte\/zubehor-fur-fallgreifer\/fester-verlaengerungsarm\/#primaryimage"},"image":{"@id":"https:\/\/jak.fi\/de\/produkte\/zubehor-fur-fallgreifer\/fester-verlaengerungsarm\/#primaryimage"},"thumbnailUrl":"https:\/\/jak.fi\/wp-content\/uploads\/2024\/05\/Jatkopuomi-220C.png","datePublished":"2024-05-28T07:07:40+00:00","dateModified":"2025-08-21T11:28:09+00:00","description":"Der JAK Energy F\u00e4llgreifer-Verl\u00e4ngerungsausleger erh\u00f6ht die Reichweite von 600 auf 930 mm, macht die Forstarbeit effizienter und sch\u00fctzt das Auslegerende vor \u00c4sten. Leichtes und langlebiges Zubeh\u00f6r.","breadcrumb":{"@id":"https:\/\/jak.fi\/de\/produkte\/zubehor-fur-fallgreifer\/fester-verlaengerungsarm\/#breadcrumb"},"inLanguage":"de","potentialAction":[{"@type":"ReadAction","target":["https:\/\/jak.fi\/de\/produkte\/zubehor-fur-fallgreifer\/fester-verlaengerungsarm\/"]}]},{"@type":"ImageObject","inLanguage":"de","@id":"https:\/\/jak.fi\/de\/produkte\/zubehor-fur-fallgreifer\/fester-verlaengerungsarm\/#primaryimage","url":"https:\/\/jak.fi\/wp-content\/uploads\/2024\/05\/Jatkopuomi-220C.png","contentUrl":"https:\/\/jak.fi\/wp-content\/uploads\/2024\/05\/Jatkopuomi-220C.png","width":1000,"height":667,"caption":"Ein solider Ausbau der Energiewende"},{"@type":"BreadcrumbList","@id":"https:\/\/jak.fi\/de\/produkte\/zubehor-fur-fallgreifer\/fester-verlaengerungsarm\/#breadcrumb","itemListElement":[{"@type":"ListItem","position":1,"name":"Etusivu","item":"https:\/\/jak.fi\/de\/"},{"@type":"ListItem","position":2,"name":"Produkte","item":"https:\/\/jak.fi\/de\/produkte\/"},{"@type":"ListItem","position":3,"name":"Fester Verl\u00e4ngerungsarm"}]},{"@type":"WebSite","@id":"https:\/\/jak.fi\/de\/#website","url":"https:\/\/jak.fi\/de\/","name":"JAK-Metalli Oy","description":"","publisher":{"@id":"https:\/\/jak.fi\/de\/#organization"},"alternateName":"JAK Tree shears","potentialAction":[{"@type":"SearchAction","target":{"@type":"EntryPoint","urlTemplate":"https:\/\/jak.fi\/de\/?s={search_term_string}"},"query-input":{"@type":"PropertyValueSpecification","valueRequired":true,"valueName":"search_term_string"}}],"inLanguage":"de"},{"@type":"Organization","@id":"https:\/\/jak.fi\/de\/#organization","name":"JAK-Metalli Oy","alternateName":"JAK Tree shears","url":"https:\/\/jak.fi\/de\/","logo":{"@type":"ImageObject","inLanguage":"de","@id":"https:\/\/jak.fi\/de\/#\/schema\/logo\/image\/","url":"https:\/\/jak.fi\/wp-content\/uploads\/2024\/09\/JAK-logo-696x696-1.jpg","contentUrl":"https:\/\/jak.fi\/wp-content\/uploads\/2024\/09\/JAK-logo-696x696-1.jpg","width":696,"height":696,"caption":"JAK-Metalli Oy"},"image":{"@id":"https:\/\/jak.fi\/de\/#\/schema\/logo\/image\/"},"sameAs":["https:\/\/www.facebook.com\/jaktreeshears","https:\/\/www.instagram.com\/jaktreeshears\/","https:\/\/www.youtube.com\/channel\/UCAwvaVhBBkPie8MeAGbdY1w"]}]}},"_links":{"self":[{"href":"https:\/\/jak.fi\/de\/wp-json\/wp\/v2\/product\/5417","targetHints":{"allow":["GET"]}}],"collection":[{"href":"https:\/\/jak.fi\/de\/wp-json\/wp\/v2\/product"}],"about":[{"href":"https:\/\/jak.fi\/de\/wp-json\/wp\/v2\/types\/product"}],"wp:featuredmedia":[{"embeddable":true,"href":"https:\/\/jak.fi\/de\/wp-json\/wp\/v2\/media\/5420"}],"wp:attachment":[{"href":"https:\/\/jak.fi\/de\/wp-json\/wp\/v2\/media?parent=5417"}],"wp:term":[{"taxonomy":"product_brand","embeddable":true,"href":"https:\/\/jak.fi\/de\/wp-json\/wp\/v2\/product_brand?post=5417"},{"taxonomy":"product_cat","embeddable":true,"href":"https:\/\/jak.fi\/de\/wp-json\/wp\/v2\/product_cat?post=5417"},{"taxonomy":"product_tag","embeddable":true,"href":"https:\/\/jak.fi\/de\/wp-json\/wp\/v2\/product_tag?post=5417"}],"curies":[{"name":"wp","href":"https:\/\/api.w.org\/{rel}","templated":true}]}}