{"id":5426,"date":"2024-11-06T13:42:38","date_gmt":"2024-11-06T10:42:38","guid":{"rendered":"https:\/\/jak.fi\/products\/unkategorisiert\/automatische-massekomparatorfunktion\/"},"modified":"2025-04-11T15:43:52","modified_gmt":"2025-04-11T12:43:52","slug":"automatische-massekomparatorfunktion","status":"publish","type":"product","link":"https:\/\/jak.fi\/de\/produkte\/zubehor-fur-fallgreifer\/automatische-massekomparatorfunktion\/","title":{"rendered":"Automatische Massekomparatorfunktion"},"content":{"rendered":"<p><strong>Einfachheit und Effizienz &#8211; B\u00e4ume automatisch sammeln<\/strong><\/p>\n<p>Mithilfe dieses zus\u00e4tzlich montierbaren Zubeh\u00f6rs f\u00fcr den B\u00fcndelgreifer arbeitet der B\u00fcndelmechanismus automatisch mit der Schneidbewegung des F\u00e4llgreifers zusammen. Wenn sich die Greifarme des F\u00e4llgreifers schlie\u00dfen, \u00f6ffnen sich die Greifarme des B\u00fcndelgreifers automatisch, um das Holz zu sammeln. Ebenso \u00f6ffnen sich die Greifarme des F\u00e4llgreifers, wenn sich die Greifarme des B\u00fcndelgreifers schlie\u00dfen. Zum Abladen des gesammelten Holzb\u00fcndels gen\u00fcgt ein einziger Knopfdruck.   <\/p>\n<p>Die automatische Funktion des Massensammlers macht die Arbeit schneller und einfacher, indem sie dem Bediener unn\u00f6tige Arbeitsschritte abnimmt. Diese automatische Funktion macht insbesondere das Einsammeln von Kleinholz viel effizienter. <\/p>\n<p>Au\u00dferdem erm\u00f6glicht diese Automatikfunktion, dass die Energiewanne und der Massensammler \u00fcber dieselbe Hydraulikleitung (R\u00fccklauf\/R\u00fccklauf) betrieben werden k\u00f6nnen.<\/p>\n<p>Die Funktion erleichtert nicht nur die Arbeit, sondern f\u00fchrt den Benutzer auch. Indem Sie die Bewegung der Backe des Massensammlers verfolgen, wissen Sie, wann Sie das zu sammelnde Holzb\u00fcndel loslassen m\u00fcssen. Wenn die Backe des Massensammlers w\u00e4hrend des Vorgangs sichtbar ist, ist im Massensammler noch Platz f\u00fcr weiteres Holz. Wenn die Backe des Massensammlers w\u00e4hrend des Vorgangs nicht sichtbar ist, wissen Sie, dass das B\u00fcndel geleert werden muss.   <\/p>\n","protected":false},"excerpt":{"rendered":"<p>Einfachheit und Effizienz &#8211; B\u00e4ume automatisch sammeln Mithilfe dieses zus\u00e4tzlich montierbaren Zubeh\u00f6rs f\u00fcr den B\u00fcndelgreifer arbeitet der B\u00fcndelmechanismus automatisch mit der Schneidbewegung des F\u00e4llgreifers zusammen. Wenn sich die Greifarme des F\u00e4llgreifers schlie\u00dfen, \u00f6ffnen sich die Greifarme des B\u00fcndelgreifers automatisch, um das Holz zu sammeln. Ebenso \u00f6ffnen sich die Greifarme des F\u00e4llgreifers, wenn sich die Greifarme [&hellip;]<\/p>\n","protected":false},"featured_media":5430,"template":"","meta":{"_acf_changed":false},"product_brand":[],"product_cat":[590],"product_tag":[],"class_list":{"0":"post-5426","1":"product","2":"type-product","3":"status-publish","4":"has-post-thumbnail","6":"product_cat-zubehor-fur-fallgreifer","8":"first","9":"instock","10":"shipping-taxable","11":"product-type-simple"},"acf":[],"yoast_head":"<!-- This site is optimized with the Yoast SEO plugin v27.2 - https:\/\/yoast.com\/product\/yoast-seo-wordpress\/ -->\n<title>Automatische Massekomparatorfunktion &#8211; JAK-Metalli Oy<\/title>\n<meta name=\"description\" content=\"JAK Die automatische Funktion des Sch\u00fcttgutauffangbeh\u00e4lters bringt Effizienz in die Energieholzernte und macht den Einsatz der Greifer reibungsloser und schneller.\" \/>\n<meta name=\"robots\" content=\"index, follow, max-snippet:-1, max-image-preview:large, max-video-preview:-1\" \/>\n<link rel=\"canonical\" href=\"https:\/\/jak.fi\/de\/produkte\/zubehor-fur-fallgreifer\/automatische-massekomparatorfunktion\/\" \/>\n<meta property=\"og:locale\" content=\"de_DE\" \/>\n<meta property=\"og:type\" content=\"article\" \/>\n<meta property=\"og:title\" content=\"Automatische Massekomparatorfunktion &#8211; JAK-Metalli Oy\" \/>\n<meta property=\"og:description\" content=\"JAK Die automatische Funktion des Sch\u00fcttgutauffangbeh\u00e4lters bringt Effizienz in die Energieholzernte und macht den Einsatz der Greifer reibungsloser und schneller.\" \/>\n<meta property=\"og:url\" content=\"https:\/\/jak.fi\/de\/produkte\/zubehor-fur-fallgreifer\/automatische-massekomparatorfunktion\/\" \/>\n<meta property=\"og:site_name\" content=\"JAK-Metalli Oy\" \/>\n<meta property=\"article:publisher\" content=\"https:\/\/www.facebook.com\/jaktreeshears\" \/>\n<meta property=\"article:modified_time\" content=\"2025-04-11T12:43:52+00:00\" \/>\n<meta property=\"og:image\" content=\"https:\/\/jak.fi\/wp-content\/uploads\/2024\/11\/Joukkokeraimen-automaattitoiminto.png\" \/>\n\t<meta property=\"og:image:width\" content=\"1000\" \/>\n\t<meta property=\"og:image:height\" content=\"667\" \/>\n\t<meta property=\"og:image:type\" content=\"image\/png\" \/>\n<meta name=\"twitter:card\" content=\"summary_large_image\" \/>\n<meta name=\"twitter:label1\" content=\"Gesch\u00e4tzte Lesezeit\" \/>\n\t<meta name=\"twitter:data1\" content=\"1\u00a0Minute\" \/>\n<script type=\"application\/ld+json\" class=\"yoast-schema-graph\">{\"@context\":\"https:\/\/schema.org\",\"@graph\":[{\"@type\":\"WebPage\",\"@id\":\"https:\/\/jak.fi\/de\/produkte\/zubehor-fur-fallgreifer\/automatische-massekomparatorfunktion\/\",\"url\":\"https:\/\/jak.fi\/de\/produkte\/zubehor-fur-fallgreifer\/automatische-massekomparatorfunktion\/\",\"name\":\"Automatische Massekomparatorfunktion &#8211; JAK-Metalli Oy\",\"isPartOf\":{\"@id\":\"https:\/\/jak.fi\/de\/#website\"},\"primaryImageOfPage\":{\"@id\":\"https:\/\/jak.fi\/de\/produkte\/zubehor-fur-fallgreifer\/automatische-massekomparatorfunktion\/#primaryimage\"},\"image\":{\"@id\":\"https:\/\/jak.fi\/de\/produkte\/zubehor-fur-fallgreifer\/automatische-massekomparatorfunktion\/#primaryimage\"},\"thumbnailUrl\":\"https:\/\/jak.fi\/wp-content\/uploads\/2024\/11\/Joukkokeraimen-automaattitoiminto.png\",\"datePublished\":\"2024-11-06T10:42:38+00:00\",\"dateModified\":\"2025-04-11T12:43:52+00:00\",\"description\":\"JAK Die automatische Funktion des Sch\u00fcttgutauffangbeh\u00e4lters bringt Effizienz in die Energieholzernte und macht den Einsatz der Greifer reibungsloser und schneller.\",\"breadcrumb\":{\"@id\":\"https:\/\/jak.fi\/de\/produkte\/zubehor-fur-fallgreifer\/automatische-massekomparatorfunktion\/#breadcrumb\"},\"inLanguage\":\"de\",\"potentialAction\":[{\"@type\":\"ReadAction\",\"target\":[\"https:\/\/jak.fi\/de\/produkte\/zubehor-fur-fallgreifer\/automatische-massekomparatorfunktion\/\"]}]},{\"@type\":\"ImageObject\",\"inLanguage\":\"de\",\"@id\":\"https:\/\/jak.fi\/de\/produkte\/zubehor-fur-fallgreifer\/automatische-massekomparatorfunktion\/#primaryimage\",\"url\":\"https:\/\/jak.fi\/wp-content\/uploads\/2024\/11\/Joukkokeraimen-automaattitoiminto.png\",\"contentUrl\":\"https:\/\/jak.fi\/wp-content\/uploads\/2024\/11\/Joukkokeraimen-automaattitoiminto.png\",\"width\":1000,\"height\":667,\"caption\":\"JAK Bulk Collector automatische Funktion Produktbild mit transparentem Hintergrund\"},{\"@type\":\"BreadcrumbList\",\"@id\":\"https:\/\/jak.fi\/de\/produkte\/zubehor-fur-fallgreifer\/automatische-massekomparatorfunktion\/#breadcrumb\",\"itemListElement\":[{\"@type\":\"ListItem\",\"position\":1,\"name\":\"Etusivu\",\"item\":\"https:\/\/jak.fi\/de\/\"},{\"@type\":\"ListItem\",\"position\":2,\"name\":\"Produkte\",\"item\":\"https:\/\/jak.fi\/de\/produkte\/\"},{\"@type\":\"ListItem\",\"position\":3,\"name\":\"Automatische Massekomparatorfunktion\"}]},{\"@type\":\"WebSite\",\"@id\":\"https:\/\/jak.fi\/de\/#website\",\"url\":\"https:\/\/jak.fi\/de\/\",\"name\":\"JAK-Metalli Oy\",\"description\":\"\",\"publisher\":{\"@id\":\"https:\/\/jak.fi\/de\/#organization\"},\"alternateName\":\"JAK Tree shears\",\"potentialAction\":[{\"@type\":\"SearchAction\",\"target\":{\"@type\":\"EntryPoint\",\"urlTemplate\":\"https:\/\/jak.fi\/de\/?s={search_term_string}\"},\"query-input\":{\"@type\":\"PropertyValueSpecification\",\"valueRequired\":true,\"valueName\":\"search_term_string\"}}],\"inLanguage\":\"de\"},{\"@type\":\"Organization\",\"@id\":\"https:\/\/jak.fi\/de\/#organization\",\"name\":\"JAK-Metalli Oy\",\"alternateName\":\"JAK Tree shears\",\"url\":\"https:\/\/jak.fi\/de\/\",\"logo\":{\"@type\":\"ImageObject\",\"inLanguage\":\"de\",\"@id\":\"https:\/\/jak.fi\/de\/#\/schema\/logo\/image\/\",\"url\":\"https:\/\/jak.fi\/wp-content\/uploads\/2024\/09\/JAK-logo-696x696-1.jpg\",\"contentUrl\":\"https:\/\/jak.fi\/wp-content\/uploads\/2024\/09\/JAK-logo-696x696-1.jpg\",\"width\":696,\"height\":696,\"caption\":\"JAK-Metalli Oy\"},\"image\":{\"@id\":\"https:\/\/jak.fi\/de\/#\/schema\/logo\/image\/\"},\"sameAs\":[\"https:\/\/www.facebook.com\/jaktreeshears\",\"https:\/\/www.instagram.com\/jaktreeshears\/\",\"https:\/\/www.youtube.com\/channel\/UCAwvaVhBBkPie8MeAGbdY1w\"]}]}<\/script>\n<!-- \/ Yoast SEO plugin. -->","yoast_head_json":{"title":"Automatische Massekomparatorfunktion &#8211; JAK-Metalli Oy","description":"JAK Die automatische Funktion des Sch\u00fcttgutauffangbeh\u00e4lters bringt Effizienz in die Energieholzernte und macht den Einsatz der Greifer reibungsloser und schneller.","robots":{"index":"index","follow":"follow","max-snippet":"max-snippet:-1","max-image-preview":"max-image-preview:large","max-video-preview":"max-video-preview:-1"},"canonical":"https:\/\/jak.fi\/de\/produkte\/zubehor-fur-fallgreifer\/automatische-massekomparatorfunktion\/","og_locale":"de_DE","og_type":"article","og_title":"Automatische Massekomparatorfunktion &#8211; JAK-Metalli Oy","og_description":"JAK Die automatische Funktion des Sch\u00fcttgutauffangbeh\u00e4lters bringt Effizienz in die Energieholzernte und macht den Einsatz der Greifer reibungsloser und schneller.","og_url":"https:\/\/jak.fi\/de\/produkte\/zubehor-fur-fallgreifer\/automatische-massekomparatorfunktion\/","og_site_name":"JAK-Metalli Oy","article_publisher":"https:\/\/www.facebook.com\/jaktreeshears","article_modified_time":"2025-04-11T12:43:52+00:00","og_image":[{"width":1000,"height":667,"url":"https:\/\/jak.fi\/wp-content\/uploads\/2024\/11\/Joukkokeraimen-automaattitoiminto.png","type":"image\/png"}],"twitter_card":"summary_large_image","twitter_misc":{"Gesch\u00e4tzte Lesezeit":"1\u00a0Minute"},"schema":{"@context":"https:\/\/schema.org","@graph":[{"@type":"WebPage","@id":"https:\/\/jak.fi\/de\/produkte\/zubehor-fur-fallgreifer\/automatische-massekomparatorfunktion\/","url":"https:\/\/jak.fi\/de\/produkte\/zubehor-fur-fallgreifer\/automatische-massekomparatorfunktion\/","name":"Automatische Massekomparatorfunktion &#8211; JAK-Metalli Oy","isPartOf":{"@id":"https:\/\/jak.fi\/de\/#website"},"primaryImageOfPage":{"@id":"https:\/\/jak.fi\/de\/produkte\/zubehor-fur-fallgreifer\/automatische-massekomparatorfunktion\/#primaryimage"},"image":{"@id":"https:\/\/jak.fi\/de\/produkte\/zubehor-fur-fallgreifer\/automatische-massekomparatorfunktion\/#primaryimage"},"thumbnailUrl":"https:\/\/jak.fi\/wp-content\/uploads\/2024\/11\/Joukkokeraimen-automaattitoiminto.png","datePublished":"2024-11-06T10:42:38+00:00","dateModified":"2025-04-11T12:43:52+00:00","description":"JAK Die automatische Funktion des Sch\u00fcttgutauffangbeh\u00e4lters bringt Effizienz in die Energieholzernte und macht den Einsatz der Greifer reibungsloser und schneller.","breadcrumb":{"@id":"https:\/\/jak.fi\/de\/produkte\/zubehor-fur-fallgreifer\/automatische-massekomparatorfunktion\/#breadcrumb"},"inLanguage":"de","potentialAction":[{"@type":"ReadAction","target":["https:\/\/jak.fi\/de\/produkte\/zubehor-fur-fallgreifer\/automatische-massekomparatorfunktion\/"]}]},{"@type":"ImageObject","inLanguage":"de","@id":"https:\/\/jak.fi\/de\/produkte\/zubehor-fur-fallgreifer\/automatische-massekomparatorfunktion\/#primaryimage","url":"https:\/\/jak.fi\/wp-content\/uploads\/2024\/11\/Joukkokeraimen-automaattitoiminto.png","contentUrl":"https:\/\/jak.fi\/wp-content\/uploads\/2024\/11\/Joukkokeraimen-automaattitoiminto.png","width":1000,"height":667,"caption":"JAK Bulk Collector automatische Funktion Produktbild mit transparentem Hintergrund"},{"@type":"BreadcrumbList","@id":"https:\/\/jak.fi\/de\/produkte\/zubehor-fur-fallgreifer\/automatische-massekomparatorfunktion\/#breadcrumb","itemListElement":[{"@type":"ListItem","position":1,"name":"Etusivu","item":"https:\/\/jak.fi\/de\/"},{"@type":"ListItem","position":2,"name":"Produkte","item":"https:\/\/jak.fi\/de\/produkte\/"},{"@type":"ListItem","position":3,"name":"Automatische Massekomparatorfunktion"}]},{"@type":"WebSite","@id":"https:\/\/jak.fi\/de\/#website","url":"https:\/\/jak.fi\/de\/","name":"JAK-Metalli Oy","description":"","publisher":{"@id":"https:\/\/jak.fi\/de\/#organization"},"alternateName":"JAK Tree shears","potentialAction":[{"@type":"SearchAction","target":{"@type":"EntryPoint","urlTemplate":"https:\/\/jak.fi\/de\/?s={search_term_string}"},"query-input":{"@type":"PropertyValueSpecification","valueRequired":true,"valueName":"search_term_string"}}],"inLanguage":"de"},{"@type":"Organization","@id":"https:\/\/jak.fi\/de\/#organization","name":"JAK-Metalli Oy","alternateName":"JAK Tree shears","url":"https:\/\/jak.fi\/de\/","logo":{"@type":"ImageObject","inLanguage":"de","@id":"https:\/\/jak.fi\/de\/#\/schema\/logo\/image\/","url":"https:\/\/jak.fi\/wp-content\/uploads\/2024\/09\/JAK-logo-696x696-1.jpg","contentUrl":"https:\/\/jak.fi\/wp-content\/uploads\/2024\/09\/JAK-logo-696x696-1.jpg","width":696,"height":696,"caption":"JAK-Metalli Oy"},"image":{"@id":"https:\/\/jak.fi\/de\/#\/schema\/logo\/image\/"},"sameAs":["https:\/\/www.facebook.com\/jaktreeshears","https:\/\/www.instagram.com\/jaktreeshears\/","https:\/\/www.youtube.com\/channel\/UCAwvaVhBBkPie8MeAGbdY1w"]}]}},"_links":{"self":[{"href":"https:\/\/jak.fi\/de\/wp-json\/wp\/v2\/product\/5426","targetHints":{"allow":["GET"]}}],"collection":[{"href":"https:\/\/jak.fi\/de\/wp-json\/wp\/v2\/product"}],"about":[{"href":"https:\/\/jak.fi\/de\/wp-json\/wp\/v2\/types\/product"}],"wp:featuredmedia":[{"embeddable":true,"href":"https:\/\/jak.fi\/de\/wp-json\/wp\/v2\/media\/5430"}],"wp:attachment":[{"href":"https:\/\/jak.fi\/de\/wp-json\/wp\/v2\/media?parent=5426"}],"wp:term":[{"taxonomy":"product_brand","embeddable":true,"href":"https:\/\/jak.fi\/de\/wp-json\/wp\/v2\/product_brand?post=5426"},{"taxonomy":"product_cat","embeddable":true,"href":"https:\/\/jak.fi\/de\/wp-json\/wp\/v2\/product_cat?post=5426"},{"taxonomy":"product_tag","embeddable":true,"href":"https:\/\/jak.fi\/de\/wp-json\/wp\/v2\/product_tag?post=5426"}],"curies":[{"name":"wp","href":"https:\/\/api.w.org\/{rel}","templated":true}]}}