{"id":5432,"date":"2024-05-28T10:04:56","date_gmt":"2024-05-28T07:04:56","guid":{"rendered":"https:\/\/jak.fi\/products\/unkategorisiert\/team-c-serie\/"},"modified":"2025-02-28T13:11:17","modified_gmt":"2025-02-28T10:11:17","slug":"sammelgreifer-c-serie","status":"publish","type":"product","link":"https:\/\/jak.fi\/de\/produkte\/zubehor-fur-fallgreifer\/sammelgreifer-c-serie\/","title":{"rendered":"Sammelgreifer C-Serie"},"content":{"rendered":"<p>Der Sammelgreifer f\u00fcr den JAK F\u00e4llgreifer optimiert die Arbeitseffizienz und spart Zeit. Bei den C-Serie F\u00e4llgreifern ist der Sammelgreifer einarmig.<\/p>\n<p>Mit dem Sammelgreifer kann der F\u00e4llgreifer mehrere einzeln stehende B\u00e4ume in einem B\u00fcndel sammeln, wodurch unn\u00f6tige Bewegungen bei der Arbeit reduziert werden. Dies macht die Rodung einfach und schnell, da das gleiche Gebiet schneller bearbeitet werden kann. Dadurch wird die Produktivit\u00e4t der Arbeit gesteigert.<\/p>\n<p>Der Sammelgreifer ben\u00f6tigt eine eigene Hydraulik, um zu funktionieren. Er kann \u00fcber ein elektrisch gesteuertes 6\/2-Wegeventil mit der Hydraulik des F\u00e4llgreifers verbunden werden.<\/p>\n","protected":false},"excerpt":{"rendered":"<p>Der Sammelgreifer f\u00fcr den JAK F\u00e4llgreifer optimiert die Arbeitseffizienz und spart Zeit. Bei den C-Serie F\u00e4llgreifern ist der Sammelgreifer einarmig. Mit dem Sammelgreifer kann der F\u00e4llgreifer mehrere einzeln stehende B\u00e4ume in einem B\u00fcndel sammeln, wodurch unn\u00f6tige Bewegungen bei der Arbeit reduziert werden. Dies macht die Rodung einfach und schnell, da das gleiche Gebiet schneller bearbeitet [&hellip;]<\/p>\n","protected":false},"featured_media":5435,"template":"","meta":{"_acf_changed":false},"product_brand":[],"product_cat":[590],"product_tag":[],"class_list":{"0":"post-5432","1":"product","2":"type-product","3":"status-publish","4":"has-post-thumbnail","6":"product_cat-zubehor-fur-fallgreifer","8":"first","9":"instock","10":"shipping-taxable","11":"product-type-simple"},"acf":[],"yoast_head":"<!-- This site is optimized with the Yoast SEO plugin v27.3 - https:\/\/yoast.com\/product\/yoast-seo-wordpress\/ -->\n<title>Sammelgreifer C-Serie &#8211; JAK-Metalli Oy<\/title>\n<meta name=\"robots\" content=\"index, follow, max-snippet:-1, max-image-preview:large, max-video-preview:-1\" \/>\n<link rel=\"canonical\" href=\"https:\/\/jak.fi\/de\/produkte\/zubehor-fur-fallgreifer\/sammelgreifer-c-serie\/\" \/>\n<meta property=\"og:locale\" content=\"de_DE\" \/>\n<meta property=\"og:type\" content=\"article\" \/>\n<meta property=\"og:title\" content=\"Sammelgreifer C-Serie &#8211; JAK-Metalli Oy\" \/>\n<meta property=\"og:description\" content=\"Der Sammelgreifer f\u00fcr den JAK F\u00e4llgreifer optimiert die Arbeitseffizienz und spart Zeit. Bei den C-Serie F\u00e4llgreifern ist der Sammelgreifer einarmig. Mit dem Sammelgreifer kann der F\u00e4llgreifer mehrere einzeln stehende B\u00e4ume in einem B\u00fcndel sammeln, wodurch unn\u00f6tige Bewegungen bei der Arbeit reduziert werden. Dies macht die Rodung einfach und schnell, da das gleiche Gebiet schneller bearbeitet [&hellip;]\" \/>\n<meta property=\"og:url\" content=\"https:\/\/jak.fi\/de\/produkte\/zubehor-fur-fallgreifer\/sammelgreifer-c-serie\/\" \/>\n<meta property=\"og:site_name\" content=\"JAK-Metalli Oy\" \/>\n<meta property=\"article:publisher\" content=\"https:\/\/www.facebook.com\/jaktreeshears\" \/>\n<meta property=\"article:modified_time\" content=\"2025-02-28T10:11:17+00:00\" \/>\n<meta property=\"og:image\" content=\"https:\/\/jak.fi\/wp-content\/uploads\/2024\/05\/220C-collector.png\" \/>\n\t<meta property=\"og:image:width\" content=\"1000\" \/>\n\t<meta property=\"og:image:height\" content=\"705\" \/>\n\t<meta property=\"og:image:type\" content=\"image\/png\" \/>\n<meta name=\"twitter:card\" content=\"summary_large_image\" \/>\n<meta name=\"twitter:label1\" content=\"Gesch\u00e4tzte Lesezeit\" \/>\n\t<meta name=\"twitter:data1\" content=\"1\u00a0Minute\" \/>\n<script type=\"application\/ld+json\" class=\"yoast-schema-graph\">{\"@context\":\"https:\\\/\\\/schema.org\",\"@graph\":[{\"@type\":\"WebPage\",\"@id\":\"https:\\\/\\\/jak.fi\\\/de\\\/produkte\\\/zubehor-fur-fallgreifer\\\/sammelgreifer-c-serie\\\/\",\"url\":\"https:\\\/\\\/jak.fi\\\/de\\\/produkte\\\/zubehor-fur-fallgreifer\\\/sammelgreifer-c-serie\\\/\",\"name\":\"Sammelgreifer C-Serie &#8211; JAK-Metalli Oy\",\"isPartOf\":{\"@id\":\"https:\\\/\\\/jak.fi\\\/de\\\/#website\"},\"primaryImageOfPage\":{\"@id\":\"https:\\\/\\\/jak.fi\\\/de\\\/produkte\\\/zubehor-fur-fallgreifer\\\/sammelgreifer-c-serie\\\/#primaryimage\"},\"image\":{\"@id\":\"https:\\\/\\\/jak.fi\\\/de\\\/produkte\\\/zubehor-fur-fallgreifer\\\/sammelgreifer-c-serie\\\/#primaryimage\"},\"thumbnailUrl\":\"https:\\\/\\\/jak.fi\\\/wp-content\\\/uploads\\\/2024\\\/05\\\/220C-collector.png\",\"datePublished\":\"2024-05-28T07:04:56+00:00\",\"dateModified\":\"2025-02-28T10:11:17+00:00\",\"breadcrumb\":{\"@id\":\"https:\\\/\\\/jak.fi\\\/de\\\/produkte\\\/zubehor-fur-fallgreifer\\\/sammelgreifer-c-serie\\\/#breadcrumb\"},\"inLanguage\":\"de\",\"potentialAction\":[{\"@type\":\"ReadAction\",\"target\":[\"https:\\\/\\\/jak.fi\\\/de\\\/produkte\\\/zubehor-fur-fallgreifer\\\/sammelgreifer-c-serie\\\/\"]}]},{\"@type\":\"ImageObject\",\"inLanguage\":\"de\",\"@id\":\"https:\\\/\\\/jak.fi\\\/de\\\/produkte\\\/zubehor-fur-fallgreifer\\\/sammelgreifer-c-serie\\\/#primaryimage\",\"url\":\"https:\\\/\\\/jak.fi\\\/wp-content\\\/uploads\\\/2024\\\/05\\\/220C-collector.png\",\"contentUrl\":\"https:\\\/\\\/jak.fi\\\/wp-content\\\/uploads\\\/2024\\\/05\\\/220C-collector.png\",\"width\":1000,\"height\":705,\"caption\":\"Joukkoker\u00e4in C-sarjan JAK energiakourille\"},{\"@type\":\"BreadcrumbList\",\"@id\":\"https:\\\/\\\/jak.fi\\\/de\\\/produkte\\\/zubehor-fur-fallgreifer\\\/sammelgreifer-c-serie\\\/#breadcrumb\",\"itemListElement\":[{\"@type\":\"ListItem\",\"position\":1,\"name\":\"Etusivu\",\"item\":\"https:\\\/\\\/jak.fi\\\/de\\\/\"},{\"@type\":\"ListItem\",\"position\":2,\"name\":\"Produkte\",\"item\":\"https:\\\/\\\/jak.fi\\\/de\\\/produkte\\\/\"},{\"@type\":\"ListItem\",\"position\":3,\"name\":\"Sammelgreifer C-Serie\"}]},{\"@type\":\"WebSite\",\"@id\":\"https:\\\/\\\/jak.fi\\\/de\\\/#website\",\"url\":\"https:\\\/\\\/jak.fi\\\/de\\\/\",\"name\":\"JAK-Metalli Oy\",\"description\":\"\",\"publisher\":{\"@id\":\"https:\\\/\\\/jak.fi\\\/de\\\/#organization\"},\"alternateName\":\"JAK Tree shears\",\"potentialAction\":[{\"@type\":\"SearchAction\",\"target\":{\"@type\":\"EntryPoint\",\"urlTemplate\":\"https:\\\/\\\/jak.fi\\\/de\\\/?s={search_term_string}\"},\"query-input\":{\"@type\":\"PropertyValueSpecification\",\"valueRequired\":true,\"valueName\":\"search_term_string\"}}],\"inLanguage\":\"de\"},{\"@type\":\"Organization\",\"@id\":\"https:\\\/\\\/jak.fi\\\/de\\\/#organization\",\"name\":\"JAK-Metalli Oy\",\"alternateName\":\"JAK Tree shears\",\"url\":\"https:\\\/\\\/jak.fi\\\/de\\\/\",\"logo\":{\"@type\":\"ImageObject\",\"inLanguage\":\"de\",\"@id\":\"https:\\\/\\\/jak.fi\\\/de\\\/#\\\/schema\\\/logo\\\/image\\\/\",\"url\":\"https:\\\/\\\/jak.fi\\\/wp-content\\\/uploads\\\/2024\\\/09\\\/JAK-logo-696x696-1.jpg\",\"contentUrl\":\"https:\\\/\\\/jak.fi\\\/wp-content\\\/uploads\\\/2024\\\/09\\\/JAK-logo-696x696-1.jpg\",\"width\":696,\"height\":696,\"caption\":\"JAK-Metalli Oy\"},\"image\":{\"@id\":\"https:\\\/\\\/jak.fi\\\/de\\\/#\\\/schema\\\/logo\\\/image\\\/\"},\"sameAs\":[\"https:\\\/\\\/www.facebook.com\\\/jaktreeshears\",\"https:\\\/\\\/www.instagram.com\\\/jaktreeshears\\\/\",\"https:\\\/\\\/www.youtube.com\\\/channel\\\/UCAwvaVhBBkPie8MeAGbdY1w\"]}]}<\/script>\n<!-- \/ Yoast SEO plugin. -->","yoast_head_json":{"title":"Sammelgreifer C-Serie &#8211; JAK-Metalli Oy","robots":{"index":"index","follow":"follow","max-snippet":"max-snippet:-1","max-image-preview":"max-image-preview:large","max-video-preview":"max-video-preview:-1"},"canonical":"https:\/\/jak.fi\/de\/produkte\/zubehor-fur-fallgreifer\/sammelgreifer-c-serie\/","og_locale":"de_DE","og_type":"article","og_title":"Sammelgreifer C-Serie &#8211; JAK-Metalli Oy","og_description":"Der Sammelgreifer f\u00fcr den JAK F\u00e4llgreifer optimiert die Arbeitseffizienz und spart Zeit. Bei den C-Serie F\u00e4llgreifern ist der Sammelgreifer einarmig. Mit dem Sammelgreifer kann der F\u00e4llgreifer mehrere einzeln stehende B\u00e4ume in einem B\u00fcndel sammeln, wodurch unn\u00f6tige Bewegungen bei der Arbeit reduziert werden. Dies macht die Rodung einfach und schnell, da das gleiche Gebiet schneller bearbeitet [&hellip;]","og_url":"https:\/\/jak.fi\/de\/produkte\/zubehor-fur-fallgreifer\/sammelgreifer-c-serie\/","og_site_name":"JAK-Metalli Oy","article_publisher":"https:\/\/www.facebook.com\/jaktreeshears","article_modified_time":"2025-02-28T10:11:17+00:00","og_image":[{"width":1000,"height":705,"url":"https:\/\/jak.fi\/wp-content\/uploads\/2024\/05\/220C-collector.png","type":"image\/png"}],"twitter_card":"summary_large_image","twitter_misc":{"Gesch\u00e4tzte Lesezeit":"1\u00a0Minute"},"schema":{"@context":"https:\/\/schema.org","@graph":[{"@type":"WebPage","@id":"https:\/\/jak.fi\/de\/produkte\/zubehor-fur-fallgreifer\/sammelgreifer-c-serie\/","url":"https:\/\/jak.fi\/de\/produkte\/zubehor-fur-fallgreifer\/sammelgreifer-c-serie\/","name":"Sammelgreifer C-Serie &#8211; JAK-Metalli Oy","isPartOf":{"@id":"https:\/\/jak.fi\/de\/#website"},"primaryImageOfPage":{"@id":"https:\/\/jak.fi\/de\/produkte\/zubehor-fur-fallgreifer\/sammelgreifer-c-serie\/#primaryimage"},"image":{"@id":"https:\/\/jak.fi\/de\/produkte\/zubehor-fur-fallgreifer\/sammelgreifer-c-serie\/#primaryimage"},"thumbnailUrl":"https:\/\/jak.fi\/wp-content\/uploads\/2024\/05\/220C-collector.png","datePublished":"2024-05-28T07:04:56+00:00","dateModified":"2025-02-28T10:11:17+00:00","breadcrumb":{"@id":"https:\/\/jak.fi\/de\/produkte\/zubehor-fur-fallgreifer\/sammelgreifer-c-serie\/#breadcrumb"},"inLanguage":"de","potentialAction":[{"@type":"ReadAction","target":["https:\/\/jak.fi\/de\/produkte\/zubehor-fur-fallgreifer\/sammelgreifer-c-serie\/"]}]},{"@type":"ImageObject","inLanguage":"de","@id":"https:\/\/jak.fi\/de\/produkte\/zubehor-fur-fallgreifer\/sammelgreifer-c-serie\/#primaryimage","url":"https:\/\/jak.fi\/wp-content\/uploads\/2024\/05\/220C-collector.png","contentUrl":"https:\/\/jak.fi\/wp-content\/uploads\/2024\/05\/220C-collector.png","width":1000,"height":705,"caption":"Joukkoker\u00e4in C-sarjan JAK energiakourille"},{"@type":"BreadcrumbList","@id":"https:\/\/jak.fi\/de\/produkte\/zubehor-fur-fallgreifer\/sammelgreifer-c-serie\/#breadcrumb","itemListElement":[{"@type":"ListItem","position":1,"name":"Etusivu","item":"https:\/\/jak.fi\/de\/"},{"@type":"ListItem","position":2,"name":"Produkte","item":"https:\/\/jak.fi\/de\/produkte\/"},{"@type":"ListItem","position":3,"name":"Sammelgreifer C-Serie"}]},{"@type":"WebSite","@id":"https:\/\/jak.fi\/de\/#website","url":"https:\/\/jak.fi\/de\/","name":"JAK-Metalli Oy","description":"","publisher":{"@id":"https:\/\/jak.fi\/de\/#organization"},"alternateName":"JAK Tree shears","potentialAction":[{"@type":"SearchAction","target":{"@type":"EntryPoint","urlTemplate":"https:\/\/jak.fi\/de\/?s={search_term_string}"},"query-input":{"@type":"PropertyValueSpecification","valueRequired":true,"valueName":"search_term_string"}}],"inLanguage":"de"},{"@type":"Organization","@id":"https:\/\/jak.fi\/de\/#organization","name":"JAK-Metalli Oy","alternateName":"JAK Tree shears","url":"https:\/\/jak.fi\/de\/","logo":{"@type":"ImageObject","inLanguage":"de","@id":"https:\/\/jak.fi\/de\/#\/schema\/logo\/image\/","url":"https:\/\/jak.fi\/wp-content\/uploads\/2024\/09\/JAK-logo-696x696-1.jpg","contentUrl":"https:\/\/jak.fi\/wp-content\/uploads\/2024\/09\/JAK-logo-696x696-1.jpg","width":696,"height":696,"caption":"JAK-Metalli Oy"},"image":{"@id":"https:\/\/jak.fi\/de\/#\/schema\/logo\/image\/"},"sameAs":["https:\/\/www.facebook.com\/jaktreeshears","https:\/\/www.instagram.com\/jaktreeshears\/","https:\/\/www.youtube.com\/channel\/UCAwvaVhBBkPie8MeAGbdY1w"]}]}},"_links":{"self":[{"href":"https:\/\/jak.fi\/de\/wp-json\/wp\/v2\/product\/5432","targetHints":{"allow":["GET"]}}],"collection":[{"href":"https:\/\/jak.fi\/de\/wp-json\/wp\/v2\/product"}],"about":[{"href":"https:\/\/jak.fi\/de\/wp-json\/wp\/v2\/types\/product"}],"wp:featuredmedia":[{"embeddable":true,"href":"https:\/\/jak.fi\/de\/wp-json\/wp\/v2\/media\/5435"}],"wp:attachment":[{"href":"https:\/\/jak.fi\/de\/wp-json\/wp\/v2\/media?parent=5432"}],"wp:term":[{"taxonomy":"product_brand","embeddable":true,"href":"https:\/\/jak.fi\/de\/wp-json\/wp\/v2\/product_brand?post=5432"},{"taxonomy":"product_cat","embeddable":true,"href":"https:\/\/jak.fi\/de\/wp-json\/wp\/v2\/product_cat?post=5432"},{"taxonomy":"product_tag","embeddable":true,"href":"https:\/\/jak.fi\/de\/wp-json\/wp\/v2\/product_tag?post=5432"}],"curies":[{"name":"wp","href":"https:\/\/api.w.org\/{rel}","templated":true}]}}