{"id":5437,"date":"2024-05-28T10:04:25","date_gmt":"2024-05-28T07:04:25","guid":{"rendered":"https:\/\/jak.fi\/products\/unkategorisiert\/grosser-kollektor-gen2-b-r-serie\/"},"modified":"2025-08-04T13:12:35","modified_gmt":"2025-08-04T10:12:35","slug":"sammelgreifer-gen2-b-r-serie","status":"publish","type":"product","link":"https:\/\/jak.fi\/de\/produkte\/zubehor-fur-fallgreifer\/sammelgreifer-gen2-b-r-serie\/","title":{"rendered":"Gro\u00dfer Kollektor Gen2 B\/R Serie"},"content":{"rendered":"<h3>Steigern Sie die Arbeitseffizienz und sparen Sie Zeit!<\/h3>\n<p>Die neue Generation der Zweiklappen-Massensammler der B\/R-Serie ist ein innovatives Zubeh\u00f6r f\u00fcr Energiegreifer, das die Produktivit\u00e4t verbessert und die Arbeitszeit verk\u00fcrzt. Die leistungsstarken und langlebigen Backen erm\u00f6glichen ein schnelleres und m\u00fcheloseres Aufsammeln, so dass das Abr\u00e4umen zum Kinderspiel wird. <\/p>\n<p>Die Kapazit\u00e4t des Massenkollektors entspricht der Gr\u00f6\u00dfe der Klinge des Energiegreifers, den Sie verwenden &#8211; was Sie also mit dem Energiegreifer schneiden k\u00f6nnen, k\u00f6nnen Sie mit dem Massenkollektor auffangen.<\/p>\n<p>Ein Massensammler ben\u00f6tigt eine eigene Hydraulik, um zu funktionieren. Er kann \u00fcber ein elektrisch betriebenes 6\/2-Ventil an das Hydrauliksystem der Energiewanne angeschlossen werden. <\/p>\n<p><strong>Achtung!<\/strong>  Dank der Anfragen unserer Kunden ist es nun m\u00f6glich, den neuen Gen2 Mass Gatherer auch auf anderen Energy Gatherern und dem \u00e4lteren Modell JAK Energy Gatherer zu installieren.<\/p>\n<p><strong>Fragen Sie mehr \u00fcber unsere Verk\u00e4ufe!<\/strong><\/p>\n","protected":false},"excerpt":{"rendered":"<p>Steigern Sie die Arbeitseffizienz und sparen Sie Zeit! Die neue Generation der Zweiklappen-Massensammler der B\/R-Serie ist ein innovatives Zubeh\u00f6r f\u00fcr Energiegreifer, das die Produktivit\u00e4t verbessert und die Arbeitszeit verk\u00fcrzt. Die leistungsstarken und langlebigen Backen erm\u00f6glichen ein schnelleres und m\u00fcheloseres Aufsammeln, so dass das Abr\u00e4umen zum Kinderspiel wird. Die Kapazit\u00e4t des Massenkollektors entspricht der Gr\u00f6\u00dfe der [&hellip;]<\/p>\n","protected":false},"featured_media":5439,"template":"","meta":{"_acf_changed":false},"product_brand":[],"product_cat":[590],"product_tag":[],"class_list":{"0":"post-5437","1":"product","2":"type-product","3":"status-publish","4":"has-post-thumbnail","6":"product_cat-zubehor-fur-fallgreifer","8":"first","9":"instock","10":"shipping-taxable","11":"product-type-simple"},"acf":[],"yoast_head":"<!-- This site is optimized with the Yoast SEO plugin v27.2 - https:\/\/yoast.com\/product\/yoast-seo-wordpress\/ -->\n<title>Gro\u00dfer Kollektor Gen2 B\/R Serie &#8211; JAK-Metalli Oy<\/title>\n<meta name=\"description\" content=\"Die B\/R Serie Gen2 ist ein Zubeh\u00f6r f\u00fcr den Energiegreifer, das die Produktivit\u00e4t verbessert und die Arbeitszeit verk\u00fcrzt.\" \/>\n<meta name=\"robots\" content=\"index, follow, max-snippet:-1, max-image-preview:large, max-video-preview:-1\" \/>\n<link rel=\"canonical\" href=\"https:\/\/jak.fi\/de\/produkte\/zubehor-fur-fallgreifer\/sammelgreifer-gen2-b-r-serie\/\" \/>\n<meta property=\"og:locale\" content=\"de_DE\" \/>\n<meta property=\"og:type\" content=\"article\" \/>\n<meta property=\"og:title\" content=\"Gro\u00dfer Kollektor Gen2 B\/R Serie &#8211; JAK-Metalli Oy\" \/>\n<meta property=\"og:description\" content=\"Die B\/R Serie Gen2 ist ein Zubeh\u00f6r f\u00fcr den Energiegreifer, das die Produktivit\u00e4t verbessert und die Arbeitszeit verk\u00fcrzt.\" \/>\n<meta property=\"og:url\" content=\"https:\/\/jak.fi\/de\/produkte\/zubehor-fur-fallgreifer\/sammelgreifer-gen2-b-r-serie\/\" \/>\n<meta property=\"og:site_name\" content=\"JAK-Metalli Oy\" \/>\n<meta property=\"article:publisher\" content=\"https:\/\/www.facebook.com\/jaktreeshears\" \/>\n<meta property=\"article:modified_time\" content=\"2025-08-04T10:12:35+00:00\" \/>\n<meta property=\"og:image\" content=\"https:\/\/jak.fi\/wp-content\/uploads\/2024\/05\/Collector-gen2-for-B-R-series-01.png\" \/>\n\t<meta property=\"og:image:width\" content=\"1000\" \/>\n\t<meta property=\"og:image:height\" content=\"667\" \/>\n\t<meta property=\"og:image:type\" content=\"image\/png\" \/>\n<meta name=\"twitter:card\" content=\"summary_large_image\" \/>\n<meta name=\"twitter:label1\" content=\"Gesch\u00e4tzte Lesezeit\" \/>\n\t<meta name=\"twitter:data1\" content=\"2\u00a0Minute\" \/>\n<script type=\"application\/ld+json\" class=\"yoast-schema-graph\">{\"@context\":\"https:\/\/schema.org\",\"@graph\":[{\"@type\":\"WebPage\",\"@id\":\"https:\/\/jak.fi\/de\/produkte\/zubehor-fur-fallgreifer\/sammelgreifer-gen2-b-r-serie\/\",\"url\":\"https:\/\/jak.fi\/de\/produkte\/zubehor-fur-fallgreifer\/sammelgreifer-gen2-b-r-serie\/\",\"name\":\"Gro\u00dfer Kollektor Gen2 B\/R Serie &#8211; JAK-Metalli Oy\",\"isPartOf\":{\"@id\":\"https:\/\/jak.fi\/de\/#website\"},\"primaryImageOfPage\":{\"@id\":\"https:\/\/jak.fi\/de\/produkte\/zubehor-fur-fallgreifer\/sammelgreifer-gen2-b-r-serie\/#primaryimage\"},\"image\":{\"@id\":\"https:\/\/jak.fi\/de\/produkte\/zubehor-fur-fallgreifer\/sammelgreifer-gen2-b-r-serie\/#primaryimage\"},\"thumbnailUrl\":\"https:\/\/jak.fi\/wp-content\/uploads\/2024\/05\/Collector-gen2-for-B-R-series-01.png\",\"datePublished\":\"2024-05-28T07:04:25+00:00\",\"dateModified\":\"2025-08-04T10:12:35+00:00\",\"description\":\"Die B\/R Serie Gen2 ist ein Zubeh\u00f6r f\u00fcr den Energiegreifer, das die Produktivit\u00e4t verbessert und die Arbeitszeit verk\u00fcrzt.\",\"breadcrumb\":{\"@id\":\"https:\/\/jak.fi\/de\/produkte\/zubehor-fur-fallgreifer\/sammelgreifer-gen2-b-r-serie\/#breadcrumb\"},\"inLanguage\":\"de\",\"potentialAction\":[{\"@type\":\"ReadAction\",\"target\":[\"https:\/\/jak.fi\/de\/produkte\/zubehor-fur-fallgreifer\/sammelgreifer-gen2-b-r-serie\/\"]}]},{\"@type\":\"ImageObject\",\"inLanguage\":\"de\",\"@id\":\"https:\/\/jak.fi\/de\/produkte\/zubehor-fur-fallgreifer\/sammelgreifer-gen2-b-r-serie\/#primaryimage\",\"url\":\"https:\/\/jak.fi\/wp-content\/uploads\/2024\/05\/Collector-gen2-for-B-R-series-01.png\",\"contentUrl\":\"https:\/\/jak.fi\/wp-content\/uploads\/2024\/05\/Collector-gen2-for-B-R-series-01.png\",\"width\":1000,\"height\":667,\"caption\":\"JAK Massensammler f\u00fcr den F\u00e4llgreifer - effizientes Abr\u00e4umen.\"},{\"@type\":\"BreadcrumbList\",\"@id\":\"https:\/\/jak.fi\/de\/produkte\/zubehor-fur-fallgreifer\/sammelgreifer-gen2-b-r-serie\/#breadcrumb\",\"itemListElement\":[{\"@type\":\"ListItem\",\"position\":1,\"name\":\"Etusivu\",\"item\":\"https:\/\/jak.fi\/de\/\"},{\"@type\":\"ListItem\",\"position\":2,\"name\":\"Produkte\",\"item\":\"https:\/\/jak.fi\/de\/produkte\/\"},{\"@type\":\"ListItem\",\"position\":3,\"name\":\"Gro\u00dfer Kollektor Gen2 B\/R Serie\"}]},{\"@type\":\"WebSite\",\"@id\":\"https:\/\/jak.fi\/de\/#website\",\"url\":\"https:\/\/jak.fi\/de\/\",\"name\":\"JAK-Metalli Oy\",\"description\":\"\",\"publisher\":{\"@id\":\"https:\/\/jak.fi\/de\/#organization\"},\"alternateName\":\"JAK Tree shears\",\"potentialAction\":[{\"@type\":\"SearchAction\",\"target\":{\"@type\":\"EntryPoint\",\"urlTemplate\":\"https:\/\/jak.fi\/de\/?s={search_term_string}\"},\"query-input\":{\"@type\":\"PropertyValueSpecification\",\"valueRequired\":true,\"valueName\":\"search_term_string\"}}],\"inLanguage\":\"de\"},{\"@type\":\"Organization\",\"@id\":\"https:\/\/jak.fi\/de\/#organization\",\"name\":\"JAK-Metalli Oy\",\"alternateName\":\"JAK Tree shears\",\"url\":\"https:\/\/jak.fi\/de\/\",\"logo\":{\"@type\":\"ImageObject\",\"inLanguage\":\"de\",\"@id\":\"https:\/\/jak.fi\/de\/#\/schema\/logo\/image\/\",\"url\":\"https:\/\/jak.fi\/wp-content\/uploads\/2024\/09\/JAK-logo-696x696-1.jpg\",\"contentUrl\":\"https:\/\/jak.fi\/wp-content\/uploads\/2024\/09\/JAK-logo-696x696-1.jpg\",\"width\":696,\"height\":696,\"caption\":\"JAK-Metalli Oy\"},\"image\":{\"@id\":\"https:\/\/jak.fi\/de\/#\/schema\/logo\/image\/\"},\"sameAs\":[\"https:\/\/www.facebook.com\/jaktreeshears\",\"https:\/\/www.instagram.com\/jaktreeshears\/\",\"https:\/\/www.youtube.com\/channel\/UCAwvaVhBBkPie8MeAGbdY1w\"]}]}<\/script>\n<!-- \/ Yoast SEO plugin. -->","yoast_head_json":{"title":"Gro\u00dfer Kollektor Gen2 B\/R Serie &#8211; JAK-Metalli Oy","description":"Die B\/R Serie Gen2 ist ein Zubeh\u00f6r f\u00fcr den Energiegreifer, das die Produktivit\u00e4t verbessert und die Arbeitszeit verk\u00fcrzt.","robots":{"index":"index","follow":"follow","max-snippet":"max-snippet:-1","max-image-preview":"max-image-preview:large","max-video-preview":"max-video-preview:-1"},"canonical":"https:\/\/jak.fi\/de\/produkte\/zubehor-fur-fallgreifer\/sammelgreifer-gen2-b-r-serie\/","og_locale":"de_DE","og_type":"article","og_title":"Gro\u00dfer Kollektor Gen2 B\/R Serie &#8211; JAK-Metalli Oy","og_description":"Die B\/R Serie Gen2 ist ein Zubeh\u00f6r f\u00fcr den Energiegreifer, das die Produktivit\u00e4t verbessert und die Arbeitszeit verk\u00fcrzt.","og_url":"https:\/\/jak.fi\/de\/produkte\/zubehor-fur-fallgreifer\/sammelgreifer-gen2-b-r-serie\/","og_site_name":"JAK-Metalli Oy","article_publisher":"https:\/\/www.facebook.com\/jaktreeshears","article_modified_time":"2025-08-04T10:12:35+00:00","og_image":[{"width":1000,"height":667,"url":"https:\/\/jak.fi\/wp-content\/uploads\/2024\/05\/Collector-gen2-for-B-R-series-01.png","type":"image\/png"}],"twitter_card":"summary_large_image","twitter_misc":{"Gesch\u00e4tzte Lesezeit":"2\u00a0Minute"},"schema":{"@context":"https:\/\/schema.org","@graph":[{"@type":"WebPage","@id":"https:\/\/jak.fi\/de\/produkte\/zubehor-fur-fallgreifer\/sammelgreifer-gen2-b-r-serie\/","url":"https:\/\/jak.fi\/de\/produkte\/zubehor-fur-fallgreifer\/sammelgreifer-gen2-b-r-serie\/","name":"Gro\u00dfer Kollektor Gen2 B\/R Serie &#8211; JAK-Metalli Oy","isPartOf":{"@id":"https:\/\/jak.fi\/de\/#website"},"primaryImageOfPage":{"@id":"https:\/\/jak.fi\/de\/produkte\/zubehor-fur-fallgreifer\/sammelgreifer-gen2-b-r-serie\/#primaryimage"},"image":{"@id":"https:\/\/jak.fi\/de\/produkte\/zubehor-fur-fallgreifer\/sammelgreifer-gen2-b-r-serie\/#primaryimage"},"thumbnailUrl":"https:\/\/jak.fi\/wp-content\/uploads\/2024\/05\/Collector-gen2-for-B-R-series-01.png","datePublished":"2024-05-28T07:04:25+00:00","dateModified":"2025-08-04T10:12:35+00:00","description":"Die B\/R Serie Gen2 ist ein Zubeh\u00f6r f\u00fcr den Energiegreifer, das die Produktivit\u00e4t verbessert und die Arbeitszeit verk\u00fcrzt.","breadcrumb":{"@id":"https:\/\/jak.fi\/de\/produkte\/zubehor-fur-fallgreifer\/sammelgreifer-gen2-b-r-serie\/#breadcrumb"},"inLanguage":"de","potentialAction":[{"@type":"ReadAction","target":["https:\/\/jak.fi\/de\/produkte\/zubehor-fur-fallgreifer\/sammelgreifer-gen2-b-r-serie\/"]}]},{"@type":"ImageObject","inLanguage":"de","@id":"https:\/\/jak.fi\/de\/produkte\/zubehor-fur-fallgreifer\/sammelgreifer-gen2-b-r-serie\/#primaryimage","url":"https:\/\/jak.fi\/wp-content\/uploads\/2024\/05\/Collector-gen2-for-B-R-series-01.png","contentUrl":"https:\/\/jak.fi\/wp-content\/uploads\/2024\/05\/Collector-gen2-for-B-R-series-01.png","width":1000,"height":667,"caption":"JAK Massensammler f\u00fcr den F\u00e4llgreifer - effizientes Abr\u00e4umen."},{"@type":"BreadcrumbList","@id":"https:\/\/jak.fi\/de\/produkte\/zubehor-fur-fallgreifer\/sammelgreifer-gen2-b-r-serie\/#breadcrumb","itemListElement":[{"@type":"ListItem","position":1,"name":"Etusivu","item":"https:\/\/jak.fi\/de\/"},{"@type":"ListItem","position":2,"name":"Produkte","item":"https:\/\/jak.fi\/de\/produkte\/"},{"@type":"ListItem","position":3,"name":"Gro\u00dfer Kollektor Gen2 B\/R Serie"}]},{"@type":"WebSite","@id":"https:\/\/jak.fi\/de\/#website","url":"https:\/\/jak.fi\/de\/","name":"JAK-Metalli Oy","description":"","publisher":{"@id":"https:\/\/jak.fi\/de\/#organization"},"alternateName":"JAK Tree shears","potentialAction":[{"@type":"SearchAction","target":{"@type":"EntryPoint","urlTemplate":"https:\/\/jak.fi\/de\/?s={search_term_string}"},"query-input":{"@type":"PropertyValueSpecification","valueRequired":true,"valueName":"search_term_string"}}],"inLanguage":"de"},{"@type":"Organization","@id":"https:\/\/jak.fi\/de\/#organization","name":"JAK-Metalli Oy","alternateName":"JAK Tree shears","url":"https:\/\/jak.fi\/de\/","logo":{"@type":"ImageObject","inLanguage":"de","@id":"https:\/\/jak.fi\/de\/#\/schema\/logo\/image\/","url":"https:\/\/jak.fi\/wp-content\/uploads\/2024\/09\/JAK-logo-696x696-1.jpg","contentUrl":"https:\/\/jak.fi\/wp-content\/uploads\/2024\/09\/JAK-logo-696x696-1.jpg","width":696,"height":696,"caption":"JAK-Metalli Oy"},"image":{"@id":"https:\/\/jak.fi\/de\/#\/schema\/logo\/image\/"},"sameAs":["https:\/\/www.facebook.com\/jaktreeshears","https:\/\/www.instagram.com\/jaktreeshears\/","https:\/\/www.youtube.com\/channel\/UCAwvaVhBBkPie8MeAGbdY1w"]}]}},"_links":{"self":[{"href":"https:\/\/jak.fi\/de\/wp-json\/wp\/v2\/product\/5437","targetHints":{"allow":["GET"]}}],"collection":[{"href":"https:\/\/jak.fi\/de\/wp-json\/wp\/v2\/product"}],"about":[{"href":"https:\/\/jak.fi\/de\/wp-json\/wp\/v2\/types\/product"}],"wp:featuredmedia":[{"embeddable":true,"href":"https:\/\/jak.fi\/de\/wp-json\/wp\/v2\/media\/5439"}],"wp:attachment":[{"href":"https:\/\/jak.fi\/de\/wp-json\/wp\/v2\/media?parent=5437"}],"wp:term":[{"taxonomy":"product_brand","embeddable":true,"href":"https:\/\/jak.fi\/de\/wp-json\/wp\/v2\/product_brand?post=5437"},{"taxonomy":"product_cat","embeddable":true,"href":"https:\/\/jak.fi\/de\/wp-json\/wp\/v2\/product_cat?post=5437"},{"taxonomy":"product_tag","embeddable":true,"href":"https:\/\/jak.fi\/de\/wp-json\/wp\/v2\/product_tag?post=5437"}],"curies":[{"name":"wp","href":"https:\/\/api.w.org\/{rel}","templated":true}]}}