{"id":5451,"date":"2024-05-28T10:06:51","date_gmt":"2024-05-28T07:06:51","guid":{"rendered":"https:\/\/jak.fi\/products\/unkategorisiert\/funksteuerung\/"},"modified":"2025-02-27T14:45:50","modified_gmt":"2025-02-27T11:45:50","slug":"funksteuerung","status":"publish","type":"product","link":"https:\/\/jak.fi\/de\/produkte\/zubehor-fur-fallgreifer\/funksteuerung\/","title":{"rendered":"Funksteuerung"},"content":{"rendered":"<p>Die Funksteuerung erm\u00f6glicht eine kabellose Verbindung zwischen der Steuerung und dem elektrisch gesteuerten 6\/2-Wegeventil. Wenn beispielsweise ein JAK-F\u00e4llgreifer mit einem Sammelgreifer, einer Guillotine oder einem Rotator ausgestattet wird und \u00fcber eine zus\u00e4tzliche Hydraulik mit einem elektrisch gesteuerten 6\/2-Wegeventil betrieben wird, wird hierf\u00fcr eine Steuerung ben\u00f6tigt. <\/p>\n<p>Das Funksteuerungssystem wird mit einem Sender geliefert, der eine Steuerung mit drei Tasten enth\u00e4lt. Zus\u00e4tzlich ist ein Empf\u00e4nger enthalten, der eine Akkuaufnahme f\u00fcr Milwaukee- oder Makita-Akkus besitzt. Die Akkulaufzeit der Funksteuerung betr\u00e4gt je nach Wetterbedingungen bis zu 8 Stunden. Die Stromversorgung des Senders kann aus der Batterie der Tr\u00e4germaschine erfolgen.   <\/p>\n<p><img loading=\"lazy\" decoding=\"async\" class=\"alignnone wp-image-617 \" src=\"https:\/\/jak.fi\/wp-content\/uploads\/2024\/05\/JAK-Radio-Control-selitys3-1-700x557.png\" alt=\"\" width=\"501\" height=\"399\" srcset=\"https:\/\/jak.fi\/wp-content\/uploads\/2024\/05\/JAK-Radio-Control-selitys3-1-700x557.png 700w, https:\/\/jak.fi\/wp-content\/uploads\/2024\/05\/JAK-Radio-Control-selitys3-1-1200x955.png 1200w, https:\/\/jak.fi\/wp-content\/uploads\/2024\/05\/JAK-Radio-Control-selitys3-1-768x611.png 768w, https:\/\/jak.fi\/wp-content\/uploads\/2024\/05\/JAK-Radio-Control-selitys3-1-800x637.png 800w, https:\/\/jak.fi\/wp-content\/uploads\/2024\/05\/JAK-Radio-Control-selitys3-1.png 1440w\" sizes=\"auto, (max-width: 501px) 100vw, 501px\" \/><\/p>\n<p><strong>Sender der Funksteuerung<\/strong><\/p>\n<p>1 &#8211; Sender<\/p>\n<p>2 &#8211; Stromkabel<\/p>\n<p>3 &#8211; Controller mit drei Tasten<\/p>\n<p>&nbsp;<\/p>\n<p><strong>Funksteuerungssystem-Empf\u00e4nger<\/strong><\/p>\n<p>4 &#8211; Empf\u00e4nger<\/p>\n<p>5 &#8211; Akkusockel (Makita oder Milwaukee)<\/p>\n<p>6 &#8211; Steuerkabel f\u00fcr elektrisch betriebenes 6\/2-Wegeventil<\/p>\n","protected":false},"excerpt":{"rendered":"<p>Die Funksteuerung erm\u00f6glicht eine kabellose Verbindung zwischen der Steuerung und dem elektrisch gesteuerten 6\/2-Wegeventil. Wenn beispielsweise ein JAK-F\u00e4llgreifer mit einem Sammelgreifer, einer Guillotine oder einem Rotator ausgestattet wird und \u00fcber eine zus\u00e4tzliche Hydraulik mit einem elektrisch gesteuerten 6\/2-Wegeventil betrieben wird, wird hierf\u00fcr eine Steuerung ben\u00f6tigt. Das Funksteuerungssystem wird mit einem Sender geliefert, der eine Steuerung [&hellip;]<\/p>\n","protected":false},"featured_media":5453,"template":"","meta":{"_acf_changed":false},"product_brand":[],"product_cat":[590],"product_tag":[],"class_list":{"0":"post-5451","1":"product","2":"type-product","3":"status-publish","4":"has-post-thumbnail","6":"product_cat-zubehor-fur-fallgreifer","8":"first","9":"instock","10":"shipping-taxable","11":"product-type-simple"},"acf":[],"yoast_head":"<!-- This site is optimized with the Yoast SEO plugin v27.3 - https:\/\/yoast.com\/product\/yoast-seo-wordpress\/ -->\n<title>Funksteuerung &#8211; JAK-Metalli Oy<\/title>\n<meta name=\"robots\" content=\"index, follow, max-snippet:-1, max-image-preview:large, max-video-preview:-1\" \/>\n<link rel=\"canonical\" href=\"https:\/\/jak.fi\/de\/produkte\/zubehor-fur-fallgreifer\/funksteuerung\/\" \/>\n<meta property=\"og:locale\" content=\"de_DE\" \/>\n<meta property=\"og:type\" content=\"article\" \/>\n<meta property=\"og:title\" content=\"Funksteuerung &#8211; JAK-Metalli Oy\" \/>\n<meta property=\"og:description\" content=\"Die Funksteuerung erm\u00f6glicht eine kabellose Verbindung zwischen der Steuerung und dem elektrisch gesteuerten 6\/2-Wegeventil. Wenn beispielsweise ein JAK-F\u00e4llgreifer mit einem Sammelgreifer, einer Guillotine oder einem Rotator ausgestattet wird und \u00fcber eine zus\u00e4tzliche Hydraulik mit einem elektrisch gesteuerten 6\/2-Wegeventil betrieben wird, wird hierf\u00fcr eine Steuerung ben\u00f6tigt. Das Funksteuerungssystem wird mit einem Sender geliefert, der eine Steuerung [&hellip;]\" \/>\n<meta property=\"og:url\" content=\"https:\/\/jak.fi\/de\/produkte\/zubehor-fur-fallgreifer\/funksteuerung\/\" \/>\n<meta property=\"og:site_name\" content=\"JAK-Metalli Oy\" \/>\n<meta property=\"article:publisher\" content=\"https:\/\/www.facebook.com\/jaktreeshears\" \/>\n<meta property=\"article:modified_time\" content=\"2025-02-27T11:45:50+00:00\" \/>\n<meta property=\"og:image\" content=\"https:\/\/jak.fi\/wp-content\/uploads\/2024\/05\/JAK-Radio-Control-web.png\" \/>\n\t<meta property=\"og:image:width\" content=\"1000\" \/>\n\t<meta property=\"og:image:height\" content=\"667\" \/>\n\t<meta property=\"og:image:type\" content=\"image\/png\" \/>\n<meta name=\"twitter:card\" content=\"summary_large_image\" \/>\n<meta name=\"twitter:label1\" content=\"Gesch\u00e4tzte Lesezeit\" \/>\n\t<meta name=\"twitter:data1\" content=\"1\u00a0Minute\" \/>\n<script type=\"application\/ld+json\" class=\"yoast-schema-graph\">{\"@context\":\"https:\\\/\\\/schema.org\",\"@graph\":[{\"@type\":\"WebPage\",\"@id\":\"https:\\\/\\\/jak.fi\\\/de\\\/produkte\\\/zubehor-fur-fallgreifer\\\/funksteuerung\\\/\",\"url\":\"https:\\\/\\\/jak.fi\\\/de\\\/produkte\\\/zubehor-fur-fallgreifer\\\/funksteuerung\\\/\",\"name\":\"Funksteuerung &#8211; JAK-Metalli Oy\",\"isPartOf\":{\"@id\":\"https:\\\/\\\/jak.fi\\\/de\\\/#website\"},\"primaryImageOfPage\":{\"@id\":\"https:\\\/\\\/jak.fi\\\/de\\\/produkte\\\/zubehor-fur-fallgreifer\\\/funksteuerung\\\/#primaryimage\"},\"image\":{\"@id\":\"https:\\\/\\\/jak.fi\\\/de\\\/produkte\\\/zubehor-fur-fallgreifer\\\/funksteuerung\\\/#primaryimage\"},\"thumbnailUrl\":\"https:\\\/\\\/jak.fi\\\/wp-content\\\/uploads\\\/2024\\\/05\\\/JAK-Radio-Control-web.png\",\"datePublished\":\"2024-05-28T07:06:51+00:00\",\"dateModified\":\"2025-02-27T11:45:50+00:00\",\"breadcrumb\":{\"@id\":\"https:\\\/\\\/jak.fi\\\/de\\\/produkte\\\/zubehor-fur-fallgreifer\\\/funksteuerung\\\/#breadcrumb\"},\"inLanguage\":\"de\",\"potentialAction\":[{\"@type\":\"ReadAction\",\"target\":[\"https:\\\/\\\/jak.fi\\\/de\\\/produkte\\\/zubehor-fur-fallgreifer\\\/funksteuerung\\\/\"]}]},{\"@type\":\"ImageObject\",\"inLanguage\":\"de\",\"@id\":\"https:\\\/\\\/jak.fi\\\/de\\\/produkte\\\/zubehor-fur-fallgreifer\\\/funksteuerung\\\/#primaryimage\",\"url\":\"https:\\\/\\\/jak.fi\\\/wp-content\\\/uploads\\\/2024\\\/05\\\/JAK-Radio-Control-web.png\",\"contentUrl\":\"https:\\\/\\\/jak.fi\\\/wp-content\\\/uploads\\\/2024\\\/05\\\/JAK-Radio-Control-web.png\",\"width\":1000,\"height\":667,\"caption\":\"Radio-ohjaus energiakouralle\"},{\"@type\":\"BreadcrumbList\",\"@id\":\"https:\\\/\\\/jak.fi\\\/de\\\/produkte\\\/zubehor-fur-fallgreifer\\\/funksteuerung\\\/#breadcrumb\",\"itemListElement\":[{\"@type\":\"ListItem\",\"position\":1,\"name\":\"Etusivu\",\"item\":\"https:\\\/\\\/jak.fi\\\/de\\\/\"},{\"@type\":\"ListItem\",\"position\":2,\"name\":\"Produkte\",\"item\":\"https:\\\/\\\/jak.fi\\\/de\\\/produkte\\\/\"},{\"@type\":\"ListItem\",\"position\":3,\"name\":\"Funksteuerung\"}]},{\"@type\":\"WebSite\",\"@id\":\"https:\\\/\\\/jak.fi\\\/de\\\/#website\",\"url\":\"https:\\\/\\\/jak.fi\\\/de\\\/\",\"name\":\"JAK-Metalli Oy\",\"description\":\"\",\"publisher\":{\"@id\":\"https:\\\/\\\/jak.fi\\\/de\\\/#organization\"},\"alternateName\":\"JAK Tree shears\",\"potentialAction\":[{\"@type\":\"SearchAction\",\"target\":{\"@type\":\"EntryPoint\",\"urlTemplate\":\"https:\\\/\\\/jak.fi\\\/de\\\/?s={search_term_string}\"},\"query-input\":{\"@type\":\"PropertyValueSpecification\",\"valueRequired\":true,\"valueName\":\"search_term_string\"}}],\"inLanguage\":\"de\"},{\"@type\":\"Organization\",\"@id\":\"https:\\\/\\\/jak.fi\\\/de\\\/#organization\",\"name\":\"JAK-Metalli Oy\",\"alternateName\":\"JAK Tree shears\",\"url\":\"https:\\\/\\\/jak.fi\\\/de\\\/\",\"logo\":{\"@type\":\"ImageObject\",\"inLanguage\":\"de\",\"@id\":\"https:\\\/\\\/jak.fi\\\/de\\\/#\\\/schema\\\/logo\\\/image\\\/\",\"url\":\"https:\\\/\\\/jak.fi\\\/wp-content\\\/uploads\\\/2024\\\/09\\\/JAK-logo-696x696-1.jpg\",\"contentUrl\":\"https:\\\/\\\/jak.fi\\\/wp-content\\\/uploads\\\/2024\\\/09\\\/JAK-logo-696x696-1.jpg\",\"width\":696,\"height\":696,\"caption\":\"JAK-Metalli Oy\"},\"image\":{\"@id\":\"https:\\\/\\\/jak.fi\\\/de\\\/#\\\/schema\\\/logo\\\/image\\\/\"},\"sameAs\":[\"https:\\\/\\\/www.facebook.com\\\/jaktreeshears\",\"https:\\\/\\\/www.instagram.com\\\/jaktreeshears\\\/\",\"https:\\\/\\\/www.youtube.com\\\/channel\\\/UCAwvaVhBBkPie8MeAGbdY1w\"]}]}<\/script>\n<!-- \/ Yoast SEO plugin. -->","yoast_head_json":{"title":"Funksteuerung &#8211; JAK-Metalli Oy","robots":{"index":"index","follow":"follow","max-snippet":"max-snippet:-1","max-image-preview":"max-image-preview:large","max-video-preview":"max-video-preview:-1"},"canonical":"https:\/\/jak.fi\/de\/produkte\/zubehor-fur-fallgreifer\/funksteuerung\/","og_locale":"de_DE","og_type":"article","og_title":"Funksteuerung &#8211; JAK-Metalli Oy","og_description":"Die Funksteuerung erm\u00f6glicht eine kabellose Verbindung zwischen der Steuerung und dem elektrisch gesteuerten 6\/2-Wegeventil. Wenn beispielsweise ein JAK-F\u00e4llgreifer mit einem Sammelgreifer, einer Guillotine oder einem Rotator ausgestattet wird und \u00fcber eine zus\u00e4tzliche Hydraulik mit einem elektrisch gesteuerten 6\/2-Wegeventil betrieben wird, wird hierf\u00fcr eine Steuerung ben\u00f6tigt. Das Funksteuerungssystem wird mit einem Sender geliefert, der eine Steuerung [&hellip;]","og_url":"https:\/\/jak.fi\/de\/produkte\/zubehor-fur-fallgreifer\/funksteuerung\/","og_site_name":"JAK-Metalli Oy","article_publisher":"https:\/\/www.facebook.com\/jaktreeshears","article_modified_time":"2025-02-27T11:45:50+00:00","og_image":[{"width":1000,"height":667,"url":"https:\/\/jak.fi\/wp-content\/uploads\/2024\/05\/JAK-Radio-Control-web.png","type":"image\/png"}],"twitter_card":"summary_large_image","twitter_misc":{"Gesch\u00e4tzte Lesezeit":"1\u00a0Minute"},"schema":{"@context":"https:\/\/schema.org","@graph":[{"@type":"WebPage","@id":"https:\/\/jak.fi\/de\/produkte\/zubehor-fur-fallgreifer\/funksteuerung\/","url":"https:\/\/jak.fi\/de\/produkte\/zubehor-fur-fallgreifer\/funksteuerung\/","name":"Funksteuerung &#8211; JAK-Metalli Oy","isPartOf":{"@id":"https:\/\/jak.fi\/de\/#website"},"primaryImageOfPage":{"@id":"https:\/\/jak.fi\/de\/produkte\/zubehor-fur-fallgreifer\/funksteuerung\/#primaryimage"},"image":{"@id":"https:\/\/jak.fi\/de\/produkte\/zubehor-fur-fallgreifer\/funksteuerung\/#primaryimage"},"thumbnailUrl":"https:\/\/jak.fi\/wp-content\/uploads\/2024\/05\/JAK-Radio-Control-web.png","datePublished":"2024-05-28T07:06:51+00:00","dateModified":"2025-02-27T11:45:50+00:00","breadcrumb":{"@id":"https:\/\/jak.fi\/de\/produkte\/zubehor-fur-fallgreifer\/funksteuerung\/#breadcrumb"},"inLanguage":"de","potentialAction":[{"@type":"ReadAction","target":["https:\/\/jak.fi\/de\/produkte\/zubehor-fur-fallgreifer\/funksteuerung\/"]}]},{"@type":"ImageObject","inLanguage":"de","@id":"https:\/\/jak.fi\/de\/produkte\/zubehor-fur-fallgreifer\/funksteuerung\/#primaryimage","url":"https:\/\/jak.fi\/wp-content\/uploads\/2024\/05\/JAK-Radio-Control-web.png","contentUrl":"https:\/\/jak.fi\/wp-content\/uploads\/2024\/05\/JAK-Radio-Control-web.png","width":1000,"height":667,"caption":"Radio-ohjaus energiakouralle"},{"@type":"BreadcrumbList","@id":"https:\/\/jak.fi\/de\/produkte\/zubehor-fur-fallgreifer\/funksteuerung\/#breadcrumb","itemListElement":[{"@type":"ListItem","position":1,"name":"Etusivu","item":"https:\/\/jak.fi\/de\/"},{"@type":"ListItem","position":2,"name":"Produkte","item":"https:\/\/jak.fi\/de\/produkte\/"},{"@type":"ListItem","position":3,"name":"Funksteuerung"}]},{"@type":"WebSite","@id":"https:\/\/jak.fi\/de\/#website","url":"https:\/\/jak.fi\/de\/","name":"JAK-Metalli Oy","description":"","publisher":{"@id":"https:\/\/jak.fi\/de\/#organization"},"alternateName":"JAK Tree shears","potentialAction":[{"@type":"SearchAction","target":{"@type":"EntryPoint","urlTemplate":"https:\/\/jak.fi\/de\/?s={search_term_string}"},"query-input":{"@type":"PropertyValueSpecification","valueRequired":true,"valueName":"search_term_string"}}],"inLanguage":"de"},{"@type":"Organization","@id":"https:\/\/jak.fi\/de\/#organization","name":"JAK-Metalli Oy","alternateName":"JAK Tree shears","url":"https:\/\/jak.fi\/de\/","logo":{"@type":"ImageObject","inLanguage":"de","@id":"https:\/\/jak.fi\/de\/#\/schema\/logo\/image\/","url":"https:\/\/jak.fi\/wp-content\/uploads\/2024\/09\/JAK-logo-696x696-1.jpg","contentUrl":"https:\/\/jak.fi\/wp-content\/uploads\/2024\/09\/JAK-logo-696x696-1.jpg","width":696,"height":696,"caption":"JAK-Metalli Oy"},"image":{"@id":"https:\/\/jak.fi\/de\/#\/schema\/logo\/image\/"},"sameAs":["https:\/\/www.facebook.com\/jaktreeshears","https:\/\/www.instagram.com\/jaktreeshears\/","https:\/\/www.youtube.com\/channel\/UCAwvaVhBBkPie8MeAGbdY1w"]}]}},"_links":{"self":[{"href":"https:\/\/jak.fi\/de\/wp-json\/wp\/v2\/product\/5451","targetHints":{"allow":["GET"]}}],"collection":[{"href":"https:\/\/jak.fi\/de\/wp-json\/wp\/v2\/product"}],"about":[{"href":"https:\/\/jak.fi\/de\/wp-json\/wp\/v2\/types\/product"}],"wp:featuredmedia":[{"embeddable":true,"href":"https:\/\/jak.fi\/de\/wp-json\/wp\/v2\/media\/5453"}],"wp:attachment":[{"href":"https:\/\/jak.fi\/de\/wp-json\/wp\/v2\/media?parent=5451"}],"wp:term":[{"taxonomy":"product_brand","embeddable":true,"href":"https:\/\/jak.fi\/de\/wp-json\/wp\/v2\/product_brand?post=5451"},{"taxonomy":"product_cat","embeddable":true,"href":"https:\/\/jak.fi\/de\/wp-json\/wp\/v2\/product_cat?post=5451"},{"taxonomy":"product_tag","embeddable":true,"href":"https:\/\/jak.fi\/de\/wp-json\/wp\/v2\/product_tag?post=5451"}],"curies":[{"name":"wp","href":"https:\/\/api.w.org\/{rel}","templated":true}]}}