{"id":5508,"date":"2024-05-28T13:46:42","date_gmt":"2024-05-28T10:46:42","guid":{"rendered":"https:\/\/jak.fi\/products\/unkategorisiert\/jak-300r-gen4-energiegreifer-fuer-lader-und-greifer\/"},"modified":"2025-04-01T14:03:46","modified_gmt":"2025-04-01T11:03:46","slug":"jak-300r-gen4-faellgreifer-fuer-radlader-und-teleskoplader","status":"publish","type":"product","link":"https:\/\/jak.fi\/de\/produkte\/fallgreifer-fur-radlader-teleskoplader\/jak-300r-gen4-faellgreifer-fuer-radlader-und-teleskoplader\/","title":{"rendered":"JAK-300R F\u00e4llgreifer f\u00fcr einen GEN4 radlader und Teleskoplader"},"content":{"rendered":"<h2><strong>JAK-300R F\u00e4llgreifer f\u00fcr einen radlader und Teleskoplader &#8211; Erh\u00e4ltlich mit 360\u00b0-Rotationssystem!<\/strong><\/h2>\n<p>Der JAK-300R GEN4 ist ein schneller, starrer und leistungsstarker F\u00e4llgreifer, der f\u00fcr den Einsatz auf Radladern von 6 bis 21 Tonnen und Teleskopladern mit einer Mindesthebekapazit\u00e4t von 1300 kg bei maximalem Hub ausgelegt ist. Ausgestattet mit einem 360\u00b0-Rotationssystem kann der F\u00e4llgreifer in beide Richtungen parallel zur Rahmenachse frei gedreht werden. Das optionale eBoost-Hydrauliksystem erh\u00f6ht die Geschwindigkeit des F\u00e4llgreifers um bis zu 100%, ohne die Leistung zu verringern.  <\/p>\n<p>Die mit zwei Zangen ausgestattete Konstruktion sorgt f\u00fcr einen festen und sicheren Griff am Baumstamm. Aufgrund der gro\u00dfen Gr\u00f6\u00dfe des JAK-300R GEN4 F\u00e4llgreifers gelingt das R\u00e4umen von B\u00e4umen m\u00fchelos, selbst bei St\u00e4mmen mit einem Durchmesser von bis zu 300 mm. Dank des abnehmbaren Messers kann der F\u00e4llgreifer auch als herk\u00f6mmlicher Holzgreifer verwendet werden.  <\/p>\n<p>Durch den Austausch des hinteren Teils kann der JAK-300R F\u00e4llgreifer f\u00fcr einen radlader und Teleskoplader auch auf Baggern verwendet werden.<\/p>\n<p>In der Herstellung des JAK-300R GEN4 F\u00e4llgreifers verwenden wir Hardox\u00ae-Stahl, der Haltbarkeit und Zuverl\u00e4ssigkeit in allen Situationen und Bedingungen garantiert. Die inl\u00e4ndische Produktion und hochwertige Materialien bilden die Grundlage des JAK-300R GEN4 F\u00e4llgreifers. <\/p>\n<div class=\"wp-block-button\"><a class=\"wp-block-button__link has-text-align-center wp-element-button\" href=\"https:\/\/jak.fi\/de\/gen4-jak-fallgreifer-neue-updates-und-verbesserte-leistung\/\" target=\"_blank\" rel=\"noopener\">Lesen Sie mehr \u00fcber GEN4 Updates<\/a><\/div>\n<div><\/div>\n","protected":false},"excerpt":{"rendered":"<ul>\n<li>Verf\u00fcgbar mit 360\u00b0 Rotator System<\/li>\n<li>Verf\u00fcgbar mit eBoost-Hydrauliksystem<\/li>\n<li>Verf\u00fcgbar mit einer optionalen Hydraulikleitung<\/li>\n<li>Hergestellt aus Hardox \u00ae verschlei\u00dffestem Stahl<\/li>\n<li>CE-gepr\u00fcft<\/li>\n<li>Hergestellt in Finnland<\/li>\n<li>Abnehmbare Klinge<\/li>\n<\/ul>\n","protected":false},"featured_media":5510,"template":"","meta":{"_acf_changed":false},"product_brand":[],"product_cat":[598],"product_tag":[],"class_list":{"0":"post-5508","1":"product","2":"type-product","3":"status-publish","4":"has-post-thumbnail","6":"product_cat-fallgreifer-fur-radlader-teleskoplader","8":"first","9":"instock","10":"shipping-taxable","11":"product-type-simple"},"acf":[],"yoast_head":"<!-- This site is optimized with the Yoast SEO plugin v27.2 - https:\/\/yoast.com\/product\/yoast-seo-wordpress\/ -->\n<title>JAK-300R F\u00e4llgreifer f\u00fcr einen GEN4 radlader und Teleskoplader &#8211; JAK-Metalli Oy<\/title>\n<meta name=\"description\" content=\"Der F\u00e4llgreifer JAK-300R f\u00fcr einen radlader und Teleskoplader ist ein schneller, leistungsstarker und robuster F\u00e4llgreifer zum Schneiden von B\u00e4umen bis zu 300 mm St\u00e4rke.\" \/>\n<meta name=\"robots\" content=\"index, follow, max-snippet:-1, max-image-preview:large, max-video-preview:-1\" \/>\n<link rel=\"canonical\" href=\"https:\/\/jak.fi\/de\/produkte\/fallgreifer-fur-radlader-teleskoplader\/jak-300r-gen4-faellgreifer-fuer-radlader-und-teleskoplader\/\" \/>\n<meta property=\"og:locale\" content=\"de_DE\" \/>\n<meta property=\"og:type\" content=\"article\" \/>\n<meta property=\"og:title\" content=\"JAK-300R F\u00e4llgreifer f\u00fcr einen GEN4 radlader und Teleskoplader &#8211; JAK-Metalli Oy\" \/>\n<meta property=\"og:description\" content=\"Der F\u00e4llgreifer JAK-300R f\u00fcr einen radlader und Teleskoplader ist ein schneller, leistungsstarker und robuster F\u00e4llgreifer zum Schneiden von B\u00e4umen bis zu 300 mm St\u00e4rke.\" \/>\n<meta property=\"og:url\" content=\"https:\/\/jak.fi\/de\/produkte\/fallgreifer-fur-radlader-teleskoplader\/jak-300r-gen4-faellgreifer-fuer-radlader-und-teleskoplader\/\" \/>\n<meta property=\"og:site_name\" content=\"JAK-Metalli Oy\" \/>\n<meta property=\"article:publisher\" content=\"https:\/\/www.facebook.com\/jaktreeshears\" \/>\n<meta property=\"article:modified_time\" content=\"2025-04-01T11:03:46+00:00\" \/>\n<meta property=\"og:image\" content=\"https:\/\/jak.fi\/wp-content\/uploads\/2024\/05\/jak-300r-tree-shear-for-wheel-loader-and-telehandler-front-right-view-1.png\" \/>\n\t<meta property=\"og:image:width\" content=\"1000\" \/>\n\t<meta property=\"og:image:height\" content=\"666\" \/>\n\t<meta property=\"og:image:type\" content=\"image\/png\" \/>\n<meta name=\"twitter:card\" content=\"summary_large_image\" \/>\n<meta name=\"twitter:label1\" content=\"Gesch\u00e4tzte Lesezeit\" \/>\n\t<meta name=\"twitter:data1\" content=\"2\u00a0Minute\" \/>\n<script type=\"application\/ld+json\" class=\"yoast-schema-graph\">{\"@context\":\"https:\/\/schema.org\",\"@graph\":[{\"@type\":\"WebPage\",\"@id\":\"https:\/\/jak.fi\/de\/produkte\/fallgreifer-fur-radlader-teleskoplader\/jak-300r-gen4-faellgreifer-fuer-radlader-und-teleskoplader\/\",\"url\":\"https:\/\/jak.fi\/de\/produkte\/fallgreifer-fur-radlader-teleskoplader\/jak-300r-gen4-faellgreifer-fuer-radlader-und-teleskoplader\/\",\"name\":\"JAK-300R F\u00e4llgreifer f\u00fcr einen GEN4 radlader und Teleskoplader &#8211; JAK-Metalli Oy\",\"isPartOf\":{\"@id\":\"https:\/\/jak.fi\/de\/#website\"},\"primaryImageOfPage\":{\"@id\":\"https:\/\/jak.fi\/de\/produkte\/fallgreifer-fur-radlader-teleskoplader\/jak-300r-gen4-faellgreifer-fuer-radlader-und-teleskoplader\/#primaryimage\"},\"image\":{\"@id\":\"https:\/\/jak.fi\/de\/produkte\/fallgreifer-fur-radlader-teleskoplader\/jak-300r-gen4-faellgreifer-fuer-radlader-und-teleskoplader\/#primaryimage\"},\"thumbnailUrl\":\"https:\/\/jak.fi\/wp-content\/uploads\/2024\/05\/jak-300r-tree-shear-for-wheel-loader-and-telehandler-front-right-view-1.png\",\"datePublished\":\"2024-05-28T10:46:42+00:00\",\"dateModified\":\"2025-04-01T11:03:46+00:00\",\"description\":\"Der F\u00e4llgreifer JAK-300R f\u00fcr einen radlader und Teleskoplader ist ein schneller, leistungsstarker und robuster F\u00e4llgreifer zum Schneiden von B\u00e4umen bis zu 300 mm St\u00e4rke.\",\"breadcrumb\":{\"@id\":\"https:\/\/jak.fi\/de\/produkte\/fallgreifer-fur-radlader-teleskoplader\/jak-300r-gen4-faellgreifer-fuer-radlader-und-teleskoplader\/#breadcrumb\"},\"inLanguage\":\"de\",\"potentialAction\":[{\"@type\":\"ReadAction\",\"target\":[\"https:\/\/jak.fi\/de\/produkte\/fallgreifer-fur-radlader-teleskoplader\/jak-300r-gen4-faellgreifer-fuer-radlader-und-teleskoplader\/\"]}]},{\"@type\":\"ImageObject\",\"inLanguage\":\"de\",\"@id\":\"https:\/\/jak.fi\/de\/produkte\/fallgreifer-fur-radlader-teleskoplader\/jak-300r-gen4-faellgreifer-fuer-radlader-und-teleskoplader\/#primaryimage\",\"url\":\"https:\/\/jak.fi\/wp-content\/uploads\/2024\/05\/jak-300r-tree-shear-for-wheel-loader-and-telehandler-front-right-view-1.png\",\"contentUrl\":\"https:\/\/jak.fi\/wp-content\/uploads\/2024\/05\/jak-300r-tree-shear-for-wheel-loader-and-telehandler-front-right-view-1.png\",\"width\":1000,\"height\":666},{\"@type\":\"BreadcrumbList\",\"@id\":\"https:\/\/jak.fi\/de\/produkte\/fallgreifer-fur-radlader-teleskoplader\/jak-300r-gen4-faellgreifer-fuer-radlader-und-teleskoplader\/#breadcrumb\",\"itemListElement\":[{\"@type\":\"ListItem\",\"position\":1,\"name\":\"Etusivu\",\"item\":\"https:\/\/jak.fi\/de\/\"},{\"@type\":\"ListItem\",\"position\":2,\"name\":\"Produkte\",\"item\":\"https:\/\/jak.fi\/de\/produkte\/\"},{\"@type\":\"ListItem\",\"position\":3,\"name\":\"JAK-300R F\u00e4llgreifer f\u00fcr einen GEN4 radlader und Teleskoplader\"}]},{\"@type\":\"WebSite\",\"@id\":\"https:\/\/jak.fi\/de\/#website\",\"url\":\"https:\/\/jak.fi\/de\/\",\"name\":\"JAK-Metalli Oy\",\"description\":\"\",\"publisher\":{\"@id\":\"https:\/\/jak.fi\/de\/#organization\"},\"alternateName\":\"JAK Tree shears\",\"potentialAction\":[{\"@type\":\"SearchAction\",\"target\":{\"@type\":\"EntryPoint\",\"urlTemplate\":\"https:\/\/jak.fi\/de\/?s={search_term_string}\"},\"query-input\":{\"@type\":\"PropertyValueSpecification\",\"valueRequired\":true,\"valueName\":\"search_term_string\"}}],\"inLanguage\":\"de\"},{\"@type\":\"Organization\",\"@id\":\"https:\/\/jak.fi\/de\/#organization\",\"name\":\"JAK-Metalli Oy\",\"alternateName\":\"JAK Tree shears\",\"url\":\"https:\/\/jak.fi\/de\/\",\"logo\":{\"@type\":\"ImageObject\",\"inLanguage\":\"de\",\"@id\":\"https:\/\/jak.fi\/de\/#\/schema\/logo\/image\/\",\"url\":\"https:\/\/jak.fi\/wp-content\/uploads\/2024\/09\/JAK-logo-696x696-1.jpg\",\"contentUrl\":\"https:\/\/jak.fi\/wp-content\/uploads\/2024\/09\/JAK-logo-696x696-1.jpg\",\"width\":696,\"height\":696,\"caption\":\"JAK-Metalli Oy\"},\"image\":{\"@id\":\"https:\/\/jak.fi\/de\/#\/schema\/logo\/image\/\"},\"sameAs\":[\"https:\/\/www.facebook.com\/jaktreeshears\",\"https:\/\/www.instagram.com\/jaktreeshears\/\",\"https:\/\/www.youtube.com\/channel\/UCAwvaVhBBkPie8MeAGbdY1w\"]}]}<\/script>\n<!-- \/ Yoast SEO plugin. -->","yoast_head_json":{"title":"JAK-300R F\u00e4llgreifer f\u00fcr einen GEN4 radlader und Teleskoplader &#8211; JAK-Metalli Oy","description":"Der F\u00e4llgreifer JAK-300R f\u00fcr einen radlader und Teleskoplader ist ein schneller, leistungsstarker und robuster F\u00e4llgreifer zum Schneiden von B\u00e4umen bis zu 300 mm St\u00e4rke.","robots":{"index":"index","follow":"follow","max-snippet":"max-snippet:-1","max-image-preview":"max-image-preview:large","max-video-preview":"max-video-preview:-1"},"canonical":"https:\/\/jak.fi\/de\/produkte\/fallgreifer-fur-radlader-teleskoplader\/jak-300r-gen4-faellgreifer-fuer-radlader-und-teleskoplader\/","og_locale":"de_DE","og_type":"article","og_title":"JAK-300R F\u00e4llgreifer f\u00fcr einen GEN4 radlader und Teleskoplader &#8211; JAK-Metalli Oy","og_description":"Der F\u00e4llgreifer JAK-300R f\u00fcr einen radlader und Teleskoplader ist ein schneller, leistungsstarker und robuster F\u00e4llgreifer zum Schneiden von B\u00e4umen bis zu 300 mm St\u00e4rke.","og_url":"https:\/\/jak.fi\/de\/produkte\/fallgreifer-fur-radlader-teleskoplader\/jak-300r-gen4-faellgreifer-fuer-radlader-und-teleskoplader\/","og_site_name":"JAK-Metalli Oy","article_publisher":"https:\/\/www.facebook.com\/jaktreeshears","article_modified_time":"2025-04-01T11:03:46+00:00","og_image":[{"width":1000,"height":666,"url":"https:\/\/jak.fi\/wp-content\/uploads\/2024\/05\/jak-300r-tree-shear-for-wheel-loader-and-telehandler-front-right-view-1.png","type":"image\/png"}],"twitter_card":"summary_large_image","twitter_misc":{"Gesch\u00e4tzte Lesezeit":"2\u00a0Minute"},"schema":{"@context":"https:\/\/schema.org","@graph":[{"@type":"WebPage","@id":"https:\/\/jak.fi\/de\/produkte\/fallgreifer-fur-radlader-teleskoplader\/jak-300r-gen4-faellgreifer-fuer-radlader-und-teleskoplader\/","url":"https:\/\/jak.fi\/de\/produkte\/fallgreifer-fur-radlader-teleskoplader\/jak-300r-gen4-faellgreifer-fuer-radlader-und-teleskoplader\/","name":"JAK-300R F\u00e4llgreifer f\u00fcr einen GEN4 radlader und Teleskoplader &#8211; JAK-Metalli Oy","isPartOf":{"@id":"https:\/\/jak.fi\/de\/#website"},"primaryImageOfPage":{"@id":"https:\/\/jak.fi\/de\/produkte\/fallgreifer-fur-radlader-teleskoplader\/jak-300r-gen4-faellgreifer-fuer-radlader-und-teleskoplader\/#primaryimage"},"image":{"@id":"https:\/\/jak.fi\/de\/produkte\/fallgreifer-fur-radlader-teleskoplader\/jak-300r-gen4-faellgreifer-fuer-radlader-und-teleskoplader\/#primaryimage"},"thumbnailUrl":"https:\/\/jak.fi\/wp-content\/uploads\/2024\/05\/jak-300r-tree-shear-for-wheel-loader-and-telehandler-front-right-view-1.png","datePublished":"2024-05-28T10:46:42+00:00","dateModified":"2025-04-01T11:03:46+00:00","description":"Der F\u00e4llgreifer JAK-300R f\u00fcr einen radlader und Teleskoplader ist ein schneller, leistungsstarker und robuster F\u00e4llgreifer zum Schneiden von B\u00e4umen bis zu 300 mm St\u00e4rke.","breadcrumb":{"@id":"https:\/\/jak.fi\/de\/produkte\/fallgreifer-fur-radlader-teleskoplader\/jak-300r-gen4-faellgreifer-fuer-radlader-und-teleskoplader\/#breadcrumb"},"inLanguage":"de","potentialAction":[{"@type":"ReadAction","target":["https:\/\/jak.fi\/de\/produkte\/fallgreifer-fur-radlader-teleskoplader\/jak-300r-gen4-faellgreifer-fuer-radlader-und-teleskoplader\/"]}]},{"@type":"ImageObject","inLanguage":"de","@id":"https:\/\/jak.fi\/de\/produkte\/fallgreifer-fur-radlader-teleskoplader\/jak-300r-gen4-faellgreifer-fuer-radlader-und-teleskoplader\/#primaryimage","url":"https:\/\/jak.fi\/wp-content\/uploads\/2024\/05\/jak-300r-tree-shear-for-wheel-loader-and-telehandler-front-right-view-1.png","contentUrl":"https:\/\/jak.fi\/wp-content\/uploads\/2024\/05\/jak-300r-tree-shear-for-wheel-loader-and-telehandler-front-right-view-1.png","width":1000,"height":666},{"@type":"BreadcrumbList","@id":"https:\/\/jak.fi\/de\/produkte\/fallgreifer-fur-radlader-teleskoplader\/jak-300r-gen4-faellgreifer-fuer-radlader-und-teleskoplader\/#breadcrumb","itemListElement":[{"@type":"ListItem","position":1,"name":"Etusivu","item":"https:\/\/jak.fi\/de\/"},{"@type":"ListItem","position":2,"name":"Produkte","item":"https:\/\/jak.fi\/de\/produkte\/"},{"@type":"ListItem","position":3,"name":"JAK-300R F\u00e4llgreifer f\u00fcr einen GEN4 radlader und Teleskoplader"}]},{"@type":"WebSite","@id":"https:\/\/jak.fi\/de\/#website","url":"https:\/\/jak.fi\/de\/","name":"JAK-Metalli Oy","description":"","publisher":{"@id":"https:\/\/jak.fi\/de\/#organization"},"alternateName":"JAK Tree shears","potentialAction":[{"@type":"SearchAction","target":{"@type":"EntryPoint","urlTemplate":"https:\/\/jak.fi\/de\/?s={search_term_string}"},"query-input":{"@type":"PropertyValueSpecification","valueRequired":true,"valueName":"search_term_string"}}],"inLanguage":"de"},{"@type":"Organization","@id":"https:\/\/jak.fi\/de\/#organization","name":"JAK-Metalli Oy","alternateName":"JAK Tree shears","url":"https:\/\/jak.fi\/de\/","logo":{"@type":"ImageObject","inLanguage":"de","@id":"https:\/\/jak.fi\/de\/#\/schema\/logo\/image\/","url":"https:\/\/jak.fi\/wp-content\/uploads\/2024\/09\/JAK-logo-696x696-1.jpg","contentUrl":"https:\/\/jak.fi\/wp-content\/uploads\/2024\/09\/JAK-logo-696x696-1.jpg","width":696,"height":696,"caption":"JAK-Metalli Oy"},"image":{"@id":"https:\/\/jak.fi\/de\/#\/schema\/logo\/image\/"},"sameAs":["https:\/\/www.facebook.com\/jaktreeshears","https:\/\/www.instagram.com\/jaktreeshears\/","https:\/\/www.youtube.com\/channel\/UCAwvaVhBBkPie8MeAGbdY1w"]}]}},"_links":{"self":[{"href":"https:\/\/jak.fi\/de\/wp-json\/wp\/v2\/product\/5508","targetHints":{"allow":["GET"]}}],"collection":[{"href":"https:\/\/jak.fi\/de\/wp-json\/wp\/v2\/product"}],"about":[{"href":"https:\/\/jak.fi\/de\/wp-json\/wp\/v2\/types\/product"}],"wp:featuredmedia":[{"embeddable":true,"href":"https:\/\/jak.fi\/de\/wp-json\/wp\/v2\/media\/5510"}],"wp:attachment":[{"href":"https:\/\/jak.fi\/de\/wp-json\/wp\/v2\/media?parent=5508"}],"wp:term":[{"taxonomy":"product_brand","embeddable":true,"href":"https:\/\/jak.fi\/de\/wp-json\/wp\/v2\/product_brand?post=5508"},{"taxonomy":"product_cat","embeddable":true,"href":"https:\/\/jak.fi\/de\/wp-json\/wp\/v2\/product_cat?post=5508"},{"taxonomy":"product_tag","embeddable":true,"href":"https:\/\/jak.fi\/de\/wp-json\/wp\/v2\/product_tag?post=5508"}],"curies":[{"name":"wp","href":"https:\/\/api.w.org\/{rel}","templated":true}]}}