{"id":5548,"date":"2024-05-30T09:11:48","date_gmt":"2024-05-30T06:11:48","guid":{"rendered":"https:\/\/jak.fi\/products\/unkategorisiert\/jak-300c-energiegreifer-fuer-bagger\/"},"modified":"2025-08-19T15:38:37","modified_gmt":"2025-08-19T12:38:37","slug":"jak-300c-faellgreifer-fuer-bagger","status":"publish","type":"product","link":"https:\/\/jak.fi\/de\/produkte\/fallgreifer-fur-bagger\/jak-300c-faellgreifer-fuer-bagger\/","title":{"rendered":"JAK-300C F\u00e4llgreifer f\u00fcr Bagger 6-20t"},"content":{"rendered":"<h2 data-start=\"176\" data-end=\"274\">JAK-300C F\u00e4llgreifer &#8211; Leicht, langlebig und vielseitig<\/h2>\n<p data-start=\"276\" data-end=\"563\">Der JAK-300C F\u00e4llgreifer ist ein leichter und leistungsstarker Forstgreifer, der vielseitig genug f\u00fcr Bagger von 6-20 Tonnen ist. Die Schneidleistung ist auf eine Seite der Klemmbacke konzentriert, was ein leichteres Design, eine geringere Hackschnitzelgr\u00f6\u00dfe und eine h\u00f6here Kosteneffizienz erm\u00f6glicht, ohne die Leistung zu beeintr\u00e4chtigen. <\/p>\n<p data-start=\"565\" data-end=\"908\">Dieser vielseitig einsetzbare F\u00e4llgreifer ist das Ergebnis einer langj\u00e4hrigen Produktentwicklung und praktischer Erfahrung. Das Design basiert auf unserem eigenen fundierten Fachwissen im Bereich der Holzernte und dem wertvollen Feedback von Benutzern. Dieser F\u00e4llgreifer wurde auch unter anspruchsvollen Bedingungen getestet, um seine Zuverl\u00e4ssigkeit und Langlebigkeit bei starker Beanspruchung zu gew\u00e4hrleisten.  <\/p>\n<p data-start=\"910\" data-end=\"1132\">F\u00fcr die Herstellung verwenden wir ausschlie\u00dflich verschlei\u00dffesten Hardox\u00ae-Stahl. H\u00e4usliches Design und hochwertige Materialien sorgen daf\u00fcr, dass der JAK F\u00e4llgreifer Jahr f\u00fcr Jahr den h\u00e4rtesten Bedingungen auf der Baustelle standhalten wird. <\/p>\n<p>&nbsp;<\/p>\n<p><strong>Clips<\/strong><\/p>\n<p>Die g\u00e4ngigsten Baggeranbauger\u00e4te<\/p>\n<p>Auf Anfrage, je nach Art der vom Kunden bestellten Maschine<\/p>\n","protected":false},"excerpt":{"rendered":"<ul>\n<li>Hergestellt aus Hardox \u00ae verschlei\u00dffestem Stahl<\/li>\n<li>Verf\u00fcgbar mit einer optionalen Hydraulikleitung<\/li>\n<li>CE-gepr\u00fcft<\/li>\n<li>Eine billigere Alternative<\/li>\n<li>Hergestellt in Finnland<\/li>\n<li>Abnehmbare Klinge<\/li>\n<\/ul>\n","protected":false},"featured_media":5549,"template":"","meta":{"_acf_changed":false},"product_brand":[],"product_cat":[597],"product_tag":[],"class_list":{"0":"post-5548","1":"product","2":"type-product","3":"status-publish","4":"has-post-thumbnail","6":"product_cat-fallgreifer-fur-bagger","8":"first","9":"instock","10":"shipping-taxable","11":"product-type-simple"},"acf":[],"yoast_head":"<!-- This site is optimized with the Yoast SEO plugin v27.2 - https:\/\/yoast.com\/product\/yoast-seo-wordpress\/ -->\n<title>JAK-300C F\u00e4llgreifer f\u00fcr Bagger 6-20t &#8211; JAK-Metalli Oy<\/title>\n<meta name=\"description\" content=\"Der JAK-300C ist ein F\u00e4llgreifer, bei dem die Schneidkraft auf eine Seite der Backe konzentriert ist. Der JAK-300C F\u00e4llgreifer wurde einem anspruchsvollen Testverfahren unterzogen.\" \/>\n<meta name=\"robots\" content=\"index, follow, max-snippet:-1, max-image-preview:large, max-video-preview:-1\" \/>\n<link rel=\"canonical\" href=\"https:\/\/jak.fi\/de\/produkte\/fallgreifer-fur-bagger\/jak-300c-faellgreifer-fuer-bagger\/\" \/>\n<meta property=\"og:locale\" content=\"de_DE\" \/>\n<meta property=\"og:type\" content=\"article\" \/>\n<meta property=\"og:title\" content=\"JAK-300C F\u00e4llgreifer f\u00fcr Bagger 6-20t &#8211; JAK-Metalli Oy\" \/>\n<meta property=\"og:description\" content=\"Der JAK-300C ist ein F\u00e4llgreifer, bei dem die Schneidkraft auf eine Seite der Backe konzentriert ist. Der JAK-300C F\u00e4llgreifer wurde einem anspruchsvollen Testverfahren unterzogen.\" \/>\n<meta property=\"og:url\" content=\"https:\/\/jak.fi\/de\/produkte\/fallgreifer-fur-bagger\/jak-300c-faellgreifer-fuer-bagger\/\" \/>\n<meta property=\"og:site_name\" content=\"JAK-Metalli Oy\" \/>\n<meta property=\"article:publisher\" content=\"https:\/\/www.facebook.com\/jaktreeshears\" \/>\n<meta property=\"article:modified_time\" content=\"2025-08-19T12:38:37+00:00\" \/>\n<meta property=\"og:image\" content=\"https:\/\/jak.fi\/wp-content\/uploads\/2024\/05\/jak-300c-tree-shear-with-collector-1-1.png\" \/>\n\t<meta property=\"og:image:width\" content=\"1000\" \/>\n\t<meta property=\"og:image:height\" content=\"666\" \/>\n\t<meta property=\"og:image:type\" content=\"image\/png\" \/>\n<meta name=\"twitter:card\" content=\"summary_large_image\" \/>\n<meta name=\"twitter:label1\" content=\"Gesch\u00e4tzte Lesezeit\" \/>\n\t<meta name=\"twitter:data1\" content=\"2\u00a0Minute\" \/>\n<script type=\"application\/ld+json\" class=\"yoast-schema-graph\">{\"@context\":\"https:\/\/schema.org\",\"@graph\":[{\"@type\":\"WebPage\",\"@id\":\"https:\/\/jak.fi\/de\/produkte\/fallgreifer-fur-bagger\/jak-300c-faellgreifer-fuer-bagger\/\",\"url\":\"https:\/\/jak.fi\/de\/produkte\/fallgreifer-fur-bagger\/jak-300c-faellgreifer-fuer-bagger\/\",\"name\":\"JAK-300C F\u00e4llgreifer f\u00fcr Bagger 6-20t &#8211; JAK-Metalli Oy\",\"isPartOf\":{\"@id\":\"https:\/\/jak.fi\/de\/#website\"},\"primaryImageOfPage\":{\"@id\":\"https:\/\/jak.fi\/de\/produkte\/fallgreifer-fur-bagger\/jak-300c-faellgreifer-fuer-bagger\/#primaryimage\"},\"image\":{\"@id\":\"https:\/\/jak.fi\/de\/produkte\/fallgreifer-fur-bagger\/jak-300c-faellgreifer-fuer-bagger\/#primaryimage\"},\"thumbnailUrl\":\"https:\/\/jak.fi\/wp-content\/uploads\/2024\/05\/jak-300c-tree-shear-with-collector-1-1.png\",\"datePublished\":\"2024-05-30T06:11:48+00:00\",\"dateModified\":\"2025-08-19T12:38:37+00:00\",\"description\":\"Der JAK-300C ist ein F\u00e4llgreifer, bei dem die Schneidkraft auf eine Seite der Backe konzentriert ist. Der JAK-300C F\u00e4llgreifer wurde einem anspruchsvollen Testverfahren unterzogen.\",\"breadcrumb\":{\"@id\":\"https:\/\/jak.fi\/de\/produkte\/fallgreifer-fur-bagger\/jak-300c-faellgreifer-fuer-bagger\/#breadcrumb\"},\"inLanguage\":\"de\",\"potentialAction\":[{\"@type\":\"ReadAction\",\"target\":[\"https:\/\/jak.fi\/de\/produkte\/fallgreifer-fur-bagger\/jak-300c-faellgreifer-fuer-bagger\/\"]}]},{\"@type\":\"ImageObject\",\"inLanguage\":\"de\",\"@id\":\"https:\/\/jak.fi\/de\/produkte\/fallgreifer-fur-bagger\/jak-300c-faellgreifer-fuer-bagger\/#primaryimage\",\"url\":\"https:\/\/jak.fi\/wp-content\/uploads\/2024\/05\/jak-300c-tree-shear-with-collector-1-1.png\",\"contentUrl\":\"https:\/\/jak.fi\/wp-content\/uploads\/2024\/05\/jak-300c-tree-shear-with-collector-1-1.png\",\"width\":1000,\"height\":666,\"caption\":\"JAK-300C Energiegreifer - ein leistungsstarker und langlebiger F\u00e4llgreifer f\u00fcr Bagger. Entwickelt f\u00fcr effizientes Abholzen unter anspruchsvollen Bedingungen.\"},{\"@type\":\"BreadcrumbList\",\"@id\":\"https:\/\/jak.fi\/de\/produkte\/fallgreifer-fur-bagger\/jak-300c-faellgreifer-fuer-bagger\/#breadcrumb\",\"itemListElement\":[{\"@type\":\"ListItem\",\"position\":1,\"name\":\"Etusivu\",\"item\":\"https:\/\/jak.fi\/de\/\"},{\"@type\":\"ListItem\",\"position\":2,\"name\":\"Produkte\",\"item\":\"https:\/\/jak.fi\/de\/produkte\/\"},{\"@type\":\"ListItem\",\"position\":3,\"name\":\"JAK-300C F\u00e4llgreifer f\u00fcr Bagger 6-20t\"}]},{\"@type\":\"WebSite\",\"@id\":\"https:\/\/jak.fi\/de\/#website\",\"url\":\"https:\/\/jak.fi\/de\/\",\"name\":\"JAK-Metalli Oy\",\"description\":\"\",\"publisher\":{\"@id\":\"https:\/\/jak.fi\/de\/#organization\"},\"alternateName\":\"JAK Tree shears\",\"potentialAction\":[{\"@type\":\"SearchAction\",\"target\":{\"@type\":\"EntryPoint\",\"urlTemplate\":\"https:\/\/jak.fi\/de\/?s={search_term_string}\"},\"query-input\":{\"@type\":\"PropertyValueSpecification\",\"valueRequired\":true,\"valueName\":\"search_term_string\"}}],\"inLanguage\":\"de\"},{\"@type\":\"Organization\",\"@id\":\"https:\/\/jak.fi\/de\/#organization\",\"name\":\"JAK-Metalli Oy\",\"alternateName\":\"JAK Tree shears\",\"url\":\"https:\/\/jak.fi\/de\/\",\"logo\":{\"@type\":\"ImageObject\",\"inLanguage\":\"de\",\"@id\":\"https:\/\/jak.fi\/de\/#\/schema\/logo\/image\/\",\"url\":\"https:\/\/jak.fi\/wp-content\/uploads\/2024\/09\/JAK-logo-696x696-1.jpg\",\"contentUrl\":\"https:\/\/jak.fi\/wp-content\/uploads\/2024\/09\/JAK-logo-696x696-1.jpg\",\"width\":696,\"height\":696,\"caption\":\"JAK-Metalli Oy\"},\"image\":{\"@id\":\"https:\/\/jak.fi\/de\/#\/schema\/logo\/image\/\"},\"sameAs\":[\"https:\/\/www.facebook.com\/jaktreeshears\",\"https:\/\/www.instagram.com\/jaktreeshears\/\",\"https:\/\/www.youtube.com\/channel\/UCAwvaVhBBkPie8MeAGbdY1w\"]}]}<\/script>\n<!-- \/ Yoast SEO plugin. -->","yoast_head_json":{"title":"JAK-300C F\u00e4llgreifer f\u00fcr Bagger 6-20t &#8211; JAK-Metalli Oy","description":"Der JAK-300C ist ein F\u00e4llgreifer, bei dem die Schneidkraft auf eine Seite der Backe konzentriert ist. Der JAK-300C F\u00e4llgreifer wurde einem anspruchsvollen Testverfahren unterzogen.","robots":{"index":"index","follow":"follow","max-snippet":"max-snippet:-1","max-image-preview":"max-image-preview:large","max-video-preview":"max-video-preview:-1"},"canonical":"https:\/\/jak.fi\/de\/produkte\/fallgreifer-fur-bagger\/jak-300c-faellgreifer-fuer-bagger\/","og_locale":"de_DE","og_type":"article","og_title":"JAK-300C F\u00e4llgreifer f\u00fcr Bagger 6-20t &#8211; JAK-Metalli Oy","og_description":"Der JAK-300C ist ein F\u00e4llgreifer, bei dem die Schneidkraft auf eine Seite der Backe konzentriert ist. Der JAK-300C F\u00e4llgreifer wurde einem anspruchsvollen Testverfahren unterzogen.","og_url":"https:\/\/jak.fi\/de\/produkte\/fallgreifer-fur-bagger\/jak-300c-faellgreifer-fuer-bagger\/","og_site_name":"JAK-Metalli Oy","article_publisher":"https:\/\/www.facebook.com\/jaktreeshears","article_modified_time":"2025-08-19T12:38:37+00:00","og_image":[{"width":1000,"height":666,"url":"https:\/\/jak.fi\/wp-content\/uploads\/2024\/05\/jak-300c-tree-shear-with-collector-1-1.png","type":"image\/png"}],"twitter_card":"summary_large_image","twitter_misc":{"Gesch\u00e4tzte Lesezeit":"2\u00a0Minute"},"schema":{"@context":"https:\/\/schema.org","@graph":[{"@type":"WebPage","@id":"https:\/\/jak.fi\/de\/produkte\/fallgreifer-fur-bagger\/jak-300c-faellgreifer-fuer-bagger\/","url":"https:\/\/jak.fi\/de\/produkte\/fallgreifer-fur-bagger\/jak-300c-faellgreifer-fuer-bagger\/","name":"JAK-300C F\u00e4llgreifer f\u00fcr Bagger 6-20t &#8211; JAK-Metalli Oy","isPartOf":{"@id":"https:\/\/jak.fi\/de\/#website"},"primaryImageOfPage":{"@id":"https:\/\/jak.fi\/de\/produkte\/fallgreifer-fur-bagger\/jak-300c-faellgreifer-fuer-bagger\/#primaryimage"},"image":{"@id":"https:\/\/jak.fi\/de\/produkte\/fallgreifer-fur-bagger\/jak-300c-faellgreifer-fuer-bagger\/#primaryimage"},"thumbnailUrl":"https:\/\/jak.fi\/wp-content\/uploads\/2024\/05\/jak-300c-tree-shear-with-collector-1-1.png","datePublished":"2024-05-30T06:11:48+00:00","dateModified":"2025-08-19T12:38:37+00:00","description":"Der JAK-300C ist ein F\u00e4llgreifer, bei dem die Schneidkraft auf eine Seite der Backe konzentriert ist. Der JAK-300C F\u00e4llgreifer wurde einem anspruchsvollen Testverfahren unterzogen.","breadcrumb":{"@id":"https:\/\/jak.fi\/de\/produkte\/fallgreifer-fur-bagger\/jak-300c-faellgreifer-fuer-bagger\/#breadcrumb"},"inLanguage":"de","potentialAction":[{"@type":"ReadAction","target":["https:\/\/jak.fi\/de\/produkte\/fallgreifer-fur-bagger\/jak-300c-faellgreifer-fuer-bagger\/"]}]},{"@type":"ImageObject","inLanguage":"de","@id":"https:\/\/jak.fi\/de\/produkte\/fallgreifer-fur-bagger\/jak-300c-faellgreifer-fuer-bagger\/#primaryimage","url":"https:\/\/jak.fi\/wp-content\/uploads\/2024\/05\/jak-300c-tree-shear-with-collector-1-1.png","contentUrl":"https:\/\/jak.fi\/wp-content\/uploads\/2024\/05\/jak-300c-tree-shear-with-collector-1-1.png","width":1000,"height":666,"caption":"JAK-300C Energiegreifer - ein leistungsstarker und langlebiger F\u00e4llgreifer f\u00fcr Bagger. Entwickelt f\u00fcr effizientes Abholzen unter anspruchsvollen Bedingungen."},{"@type":"BreadcrumbList","@id":"https:\/\/jak.fi\/de\/produkte\/fallgreifer-fur-bagger\/jak-300c-faellgreifer-fuer-bagger\/#breadcrumb","itemListElement":[{"@type":"ListItem","position":1,"name":"Etusivu","item":"https:\/\/jak.fi\/de\/"},{"@type":"ListItem","position":2,"name":"Produkte","item":"https:\/\/jak.fi\/de\/produkte\/"},{"@type":"ListItem","position":3,"name":"JAK-300C F\u00e4llgreifer f\u00fcr Bagger 6-20t"}]},{"@type":"WebSite","@id":"https:\/\/jak.fi\/de\/#website","url":"https:\/\/jak.fi\/de\/","name":"JAK-Metalli Oy","description":"","publisher":{"@id":"https:\/\/jak.fi\/de\/#organization"},"alternateName":"JAK Tree shears","potentialAction":[{"@type":"SearchAction","target":{"@type":"EntryPoint","urlTemplate":"https:\/\/jak.fi\/de\/?s={search_term_string}"},"query-input":{"@type":"PropertyValueSpecification","valueRequired":true,"valueName":"search_term_string"}}],"inLanguage":"de"},{"@type":"Organization","@id":"https:\/\/jak.fi\/de\/#organization","name":"JAK-Metalli Oy","alternateName":"JAK Tree shears","url":"https:\/\/jak.fi\/de\/","logo":{"@type":"ImageObject","inLanguage":"de","@id":"https:\/\/jak.fi\/de\/#\/schema\/logo\/image\/","url":"https:\/\/jak.fi\/wp-content\/uploads\/2024\/09\/JAK-logo-696x696-1.jpg","contentUrl":"https:\/\/jak.fi\/wp-content\/uploads\/2024\/09\/JAK-logo-696x696-1.jpg","width":696,"height":696,"caption":"JAK-Metalli Oy"},"image":{"@id":"https:\/\/jak.fi\/de\/#\/schema\/logo\/image\/"},"sameAs":["https:\/\/www.facebook.com\/jaktreeshears","https:\/\/www.instagram.com\/jaktreeshears\/","https:\/\/www.youtube.com\/channel\/UCAwvaVhBBkPie8MeAGbdY1w"]}]}},"_links":{"self":[{"href":"https:\/\/jak.fi\/de\/wp-json\/wp\/v2\/product\/5548","targetHints":{"allow":["GET"]}}],"collection":[{"href":"https:\/\/jak.fi\/de\/wp-json\/wp\/v2\/product"}],"about":[{"href":"https:\/\/jak.fi\/de\/wp-json\/wp\/v2\/types\/product"}],"wp:featuredmedia":[{"embeddable":true,"href":"https:\/\/jak.fi\/de\/wp-json\/wp\/v2\/media\/5549"}],"wp:attachment":[{"href":"https:\/\/jak.fi\/de\/wp-json\/wp\/v2\/media?parent=5548"}],"wp:term":[{"taxonomy":"product_brand","embeddable":true,"href":"https:\/\/jak.fi\/de\/wp-json\/wp\/v2\/product_brand?post=5548"},{"taxonomy":"product_cat","embeddable":true,"href":"https:\/\/jak.fi\/de\/wp-json\/wp\/v2\/product_cat?post=5548"},{"taxonomy":"product_tag","embeddable":true,"href":"https:\/\/jak.fi\/de\/wp-json\/wp\/v2\/product_tag?post=5548"}],"curies":[{"name":"wp","href":"https:\/\/api.w.org\/{rel}","templated":true}]}}