{"id":5587,"date":"2024-05-28T10:06:32","date_gmt":"2024-05-28T07:06:32","guid":{"rendered":"https:\/\/jak.fi\/products\/unkategorisiert\/kabelsteuerung\/"},"modified":"2025-02-27T14:50:17","modified_gmt":"2025-02-27T11:50:17","slug":"kabelsteuerung","status":"publish","type":"product","link":"https:\/\/jak.fi\/de\/produkte\/zubehor-fur-fallgreifer\/kabelsteuerung\/","title":{"rendered":"Kabelsteuerung"},"content":{"rendered":"<p>Die Kabelsteuerung wird zur Steuerung des elektrisch gesteuerten 6\/2-Wegeventils verwendet. Wenn beispielsweise ein JAK-F\u00e4llgreifer mit einem Sammelgreifer, einer Guillotine oder einem Rotator ausgestattet wird und \u00fcber eine zus\u00e4tzliche Hydraulik mit einem elektrisch gesteuerten 6\/2-Wegeventil betrieben wird, wird hierf\u00fcr eine Steuerung ben\u00f6tigt. <\/p>\n<p>Das Kabelsteuerungssystem wird mit einer Steuereinheit geliefert, die einen Controller mit drei Tasten enth\u00e4lt. Alternativ k\u00f6nnen Sie die Steuerung auch an vorhandene Tasten anschlie\u00dfen. Au\u00dferdem wird ein 10 m langes Verl\u00e4ngerungskabel mitgeliefert, um den Sender an ein elektrisch gesteuertes 6\/2-Wege-Ventil anzuschlie\u00dfen. Die Kabelsteuerungseinheit kann \u00fcber die Batterie der Basismaschine mit Strom versorgt werden.   <\/p>\n<p>&nbsp;<\/p>\n<p><img loading=\"lazy\" decoding=\"async\" class=\"alignnone size-medium wp-image-586\" src=\"https:\/\/jak.fi\/wp-content\/uploads\/2024\/05\/Cable-Control-Pallukat-2-700x467.png\" alt=\"\" width=\"700\" height=\"467\" srcset=\"https:\/\/jak.fi\/wp-content\/uploads\/2024\/05\/Cable-Control-Pallukat-2-700x467.png 700w, https:\/\/jak.fi\/wp-content\/uploads\/2024\/05\/Cable-Control-Pallukat-2-768x512.png 768w, https:\/\/jak.fi\/wp-content\/uploads\/2024\/05\/Cable-Control-Pallukat-2-800x534.png 800w, https:\/\/jak.fi\/wp-content\/uploads\/2024\/05\/Cable-Control-Pallukat-2.png 1000w\" sizes=\"auto, (max-width: 700px) 100vw, 700px\" \/><\/p>\n<p><strong>Komponenten f\u00fcr die Kabelsteuerung<\/strong><\/p>\n<p>1 &#8211; Steuerger\u00e4t 12V und 24V<\/p>\n<p>2 &#8211; Verl\u00e4ngerungskabel f\u00fcr Verbindungskabel (10m)<\/p>\n<p>3 &#8211; Steuerkabel (1,5m)<\/p>\n<p>4 &#8211; Steuerkabel mit drei Tasten (1,5m)<\/p>\n<p>5 &#8211; Anschlusskabel (3m)<\/p>\n","protected":false},"excerpt":{"rendered":"<p>Die Kabelsteuerung wird zur Steuerung des elektrisch gesteuerten 6\/2-Wegeventils verwendet. Wenn beispielsweise ein JAK-F\u00e4llgreifer mit einem Sammelgreifer, einer Guillotine oder einem Rotator ausgestattet wird und \u00fcber eine zus\u00e4tzliche Hydraulik mit einem elektrisch gesteuerten 6\/2-Wegeventil betrieben wird, wird hierf\u00fcr eine Steuerung ben\u00f6tigt. Das Kabelsteuerungssystem wird mit einer Steuereinheit geliefert, die einen Controller mit drei Tasten enth\u00e4lt. [&hellip;]<\/p>\n","protected":false},"featured_media":5589,"template":"","meta":{"_acf_changed":false},"product_brand":[],"product_cat":[590],"product_tag":[],"class_list":{"0":"post-5587","1":"product","2":"type-product","3":"status-publish","4":"has-post-thumbnail","6":"product_cat-zubehor-fur-fallgreifer","8":"first","9":"instock","10":"shipping-taxable","11":"product-type-simple"},"acf":[],"yoast_head":"<!-- This site is optimized with the Yoast SEO plugin v27.3 - https:\/\/yoast.com\/product\/yoast-seo-wordpress\/ -->\n<title>Kabelsteuerung &#8211; JAK-Metalli Oy<\/title>\n<meta name=\"robots\" content=\"index, follow, max-snippet:-1, max-image-preview:large, max-video-preview:-1\" \/>\n<link rel=\"canonical\" href=\"https:\/\/jak.fi\/de\/produkte\/zubehor-fur-fallgreifer\/kabelsteuerung\/\" \/>\n<meta property=\"og:locale\" content=\"de_DE\" \/>\n<meta property=\"og:type\" content=\"article\" \/>\n<meta property=\"og:title\" content=\"Kabelsteuerung &#8211; JAK-Metalli Oy\" \/>\n<meta property=\"og:description\" content=\"Die Kabelsteuerung wird zur Steuerung des elektrisch gesteuerten 6\/2-Wegeventils verwendet. Wenn beispielsweise ein JAK-F\u00e4llgreifer mit einem Sammelgreifer, einer Guillotine oder einem Rotator ausgestattet wird und \u00fcber eine zus\u00e4tzliche Hydraulik mit einem elektrisch gesteuerten 6\/2-Wegeventil betrieben wird, wird hierf\u00fcr eine Steuerung ben\u00f6tigt. Das Kabelsteuerungssystem wird mit einer Steuereinheit geliefert, die einen Controller mit drei Tasten enth\u00e4lt. [&hellip;]\" \/>\n<meta property=\"og:url\" content=\"https:\/\/jak.fi\/de\/produkte\/zubehor-fur-fallgreifer\/kabelsteuerung\/\" \/>\n<meta property=\"og:site_name\" content=\"JAK-Metalli Oy\" \/>\n<meta property=\"article:publisher\" content=\"https:\/\/www.facebook.com\/jaktreeshears\" \/>\n<meta property=\"article:modified_time\" content=\"2025-02-27T11:50:17+00:00\" \/>\n<meta property=\"og:image\" content=\"https:\/\/jak.fi\/wp-content\/uploads\/2024\/05\/JAK-cable-control01.png\" \/>\n\t<meta property=\"og:image:width\" content=\"1000\" \/>\n\t<meta property=\"og:image:height\" content=\"667\" \/>\n\t<meta property=\"og:image:type\" content=\"image\/png\" \/>\n<meta name=\"twitter:card\" content=\"summary_large_image\" \/>\n<meta name=\"twitter:label1\" content=\"Gesch\u00e4tzte Lesezeit\" \/>\n\t<meta name=\"twitter:data1\" content=\"1\u00a0Minute\" \/>\n<script type=\"application\/ld+json\" class=\"yoast-schema-graph\">{\"@context\":\"https:\\\/\\\/schema.org\",\"@graph\":[{\"@type\":\"WebPage\",\"@id\":\"https:\\\/\\\/jak.fi\\\/de\\\/produkte\\\/zubehor-fur-fallgreifer\\\/kabelsteuerung\\\/\",\"url\":\"https:\\\/\\\/jak.fi\\\/de\\\/produkte\\\/zubehor-fur-fallgreifer\\\/kabelsteuerung\\\/\",\"name\":\"Kabelsteuerung &#8211; JAK-Metalli Oy\",\"isPartOf\":{\"@id\":\"https:\\\/\\\/jak.fi\\\/de\\\/#website\"},\"primaryImageOfPage\":{\"@id\":\"https:\\\/\\\/jak.fi\\\/de\\\/produkte\\\/zubehor-fur-fallgreifer\\\/kabelsteuerung\\\/#primaryimage\"},\"image\":{\"@id\":\"https:\\\/\\\/jak.fi\\\/de\\\/produkte\\\/zubehor-fur-fallgreifer\\\/kabelsteuerung\\\/#primaryimage\"},\"thumbnailUrl\":\"https:\\\/\\\/jak.fi\\\/wp-content\\\/uploads\\\/2024\\\/05\\\/JAK-cable-control01.png\",\"datePublished\":\"2024-05-28T07:06:32+00:00\",\"dateModified\":\"2025-02-27T11:50:17+00:00\",\"breadcrumb\":{\"@id\":\"https:\\\/\\\/jak.fi\\\/de\\\/produkte\\\/zubehor-fur-fallgreifer\\\/kabelsteuerung\\\/#breadcrumb\"},\"inLanguage\":\"de\",\"potentialAction\":[{\"@type\":\"ReadAction\",\"target\":[\"https:\\\/\\\/jak.fi\\\/de\\\/produkte\\\/zubehor-fur-fallgreifer\\\/kabelsteuerung\\\/\"]}]},{\"@type\":\"ImageObject\",\"inLanguage\":\"de\",\"@id\":\"https:\\\/\\\/jak.fi\\\/de\\\/produkte\\\/zubehor-fur-fallgreifer\\\/kabelsteuerung\\\/#primaryimage\",\"url\":\"https:\\\/\\\/jak.fi\\\/wp-content\\\/uploads\\\/2024\\\/05\\\/JAK-cable-control01.png\",\"contentUrl\":\"https:\\\/\\\/jak.fi\\\/wp-content\\\/uploads\\\/2024\\\/05\\\/JAK-cable-control01.png\",\"width\":1000,\"height\":667,\"caption\":\"Kaapeliohjaus energiakouralle\"},{\"@type\":\"BreadcrumbList\",\"@id\":\"https:\\\/\\\/jak.fi\\\/de\\\/produkte\\\/zubehor-fur-fallgreifer\\\/kabelsteuerung\\\/#breadcrumb\",\"itemListElement\":[{\"@type\":\"ListItem\",\"position\":1,\"name\":\"Etusivu\",\"item\":\"https:\\\/\\\/jak.fi\\\/de\\\/\"},{\"@type\":\"ListItem\",\"position\":2,\"name\":\"Produkte\",\"item\":\"https:\\\/\\\/jak.fi\\\/de\\\/produkte\\\/\"},{\"@type\":\"ListItem\",\"position\":3,\"name\":\"Kabelsteuerung\"}]},{\"@type\":\"WebSite\",\"@id\":\"https:\\\/\\\/jak.fi\\\/de\\\/#website\",\"url\":\"https:\\\/\\\/jak.fi\\\/de\\\/\",\"name\":\"JAK-Metalli Oy\",\"description\":\"\",\"publisher\":{\"@id\":\"https:\\\/\\\/jak.fi\\\/de\\\/#organization\"},\"alternateName\":\"JAK Tree shears\",\"potentialAction\":[{\"@type\":\"SearchAction\",\"target\":{\"@type\":\"EntryPoint\",\"urlTemplate\":\"https:\\\/\\\/jak.fi\\\/de\\\/?s={search_term_string}\"},\"query-input\":{\"@type\":\"PropertyValueSpecification\",\"valueRequired\":true,\"valueName\":\"search_term_string\"}}],\"inLanguage\":\"de\"},{\"@type\":\"Organization\",\"@id\":\"https:\\\/\\\/jak.fi\\\/de\\\/#organization\",\"name\":\"JAK-Metalli Oy\",\"alternateName\":\"JAK Tree shears\",\"url\":\"https:\\\/\\\/jak.fi\\\/de\\\/\",\"logo\":{\"@type\":\"ImageObject\",\"inLanguage\":\"de\",\"@id\":\"https:\\\/\\\/jak.fi\\\/de\\\/#\\\/schema\\\/logo\\\/image\\\/\",\"url\":\"https:\\\/\\\/jak.fi\\\/wp-content\\\/uploads\\\/2024\\\/09\\\/JAK-logo-696x696-1.jpg\",\"contentUrl\":\"https:\\\/\\\/jak.fi\\\/wp-content\\\/uploads\\\/2024\\\/09\\\/JAK-logo-696x696-1.jpg\",\"width\":696,\"height\":696,\"caption\":\"JAK-Metalli Oy\"},\"image\":{\"@id\":\"https:\\\/\\\/jak.fi\\\/de\\\/#\\\/schema\\\/logo\\\/image\\\/\"},\"sameAs\":[\"https:\\\/\\\/www.facebook.com\\\/jaktreeshears\",\"https:\\\/\\\/www.instagram.com\\\/jaktreeshears\\\/\",\"https:\\\/\\\/www.youtube.com\\\/channel\\\/UCAwvaVhBBkPie8MeAGbdY1w\"]}]}<\/script>\n<!-- \/ Yoast SEO plugin. -->","yoast_head_json":{"title":"Kabelsteuerung &#8211; JAK-Metalli Oy","robots":{"index":"index","follow":"follow","max-snippet":"max-snippet:-1","max-image-preview":"max-image-preview:large","max-video-preview":"max-video-preview:-1"},"canonical":"https:\/\/jak.fi\/de\/produkte\/zubehor-fur-fallgreifer\/kabelsteuerung\/","og_locale":"de_DE","og_type":"article","og_title":"Kabelsteuerung &#8211; JAK-Metalli Oy","og_description":"Die Kabelsteuerung wird zur Steuerung des elektrisch gesteuerten 6\/2-Wegeventils verwendet. Wenn beispielsweise ein JAK-F\u00e4llgreifer mit einem Sammelgreifer, einer Guillotine oder einem Rotator ausgestattet wird und \u00fcber eine zus\u00e4tzliche Hydraulik mit einem elektrisch gesteuerten 6\/2-Wegeventil betrieben wird, wird hierf\u00fcr eine Steuerung ben\u00f6tigt. Das Kabelsteuerungssystem wird mit einer Steuereinheit geliefert, die einen Controller mit drei Tasten enth\u00e4lt. [&hellip;]","og_url":"https:\/\/jak.fi\/de\/produkte\/zubehor-fur-fallgreifer\/kabelsteuerung\/","og_site_name":"JAK-Metalli Oy","article_publisher":"https:\/\/www.facebook.com\/jaktreeshears","article_modified_time":"2025-02-27T11:50:17+00:00","og_image":[{"width":1000,"height":667,"url":"https:\/\/jak.fi\/wp-content\/uploads\/2024\/05\/JAK-cable-control01.png","type":"image\/png"}],"twitter_card":"summary_large_image","twitter_misc":{"Gesch\u00e4tzte Lesezeit":"1\u00a0Minute"},"schema":{"@context":"https:\/\/schema.org","@graph":[{"@type":"WebPage","@id":"https:\/\/jak.fi\/de\/produkte\/zubehor-fur-fallgreifer\/kabelsteuerung\/","url":"https:\/\/jak.fi\/de\/produkte\/zubehor-fur-fallgreifer\/kabelsteuerung\/","name":"Kabelsteuerung &#8211; JAK-Metalli Oy","isPartOf":{"@id":"https:\/\/jak.fi\/de\/#website"},"primaryImageOfPage":{"@id":"https:\/\/jak.fi\/de\/produkte\/zubehor-fur-fallgreifer\/kabelsteuerung\/#primaryimage"},"image":{"@id":"https:\/\/jak.fi\/de\/produkte\/zubehor-fur-fallgreifer\/kabelsteuerung\/#primaryimage"},"thumbnailUrl":"https:\/\/jak.fi\/wp-content\/uploads\/2024\/05\/JAK-cable-control01.png","datePublished":"2024-05-28T07:06:32+00:00","dateModified":"2025-02-27T11:50:17+00:00","breadcrumb":{"@id":"https:\/\/jak.fi\/de\/produkte\/zubehor-fur-fallgreifer\/kabelsteuerung\/#breadcrumb"},"inLanguage":"de","potentialAction":[{"@type":"ReadAction","target":["https:\/\/jak.fi\/de\/produkte\/zubehor-fur-fallgreifer\/kabelsteuerung\/"]}]},{"@type":"ImageObject","inLanguage":"de","@id":"https:\/\/jak.fi\/de\/produkte\/zubehor-fur-fallgreifer\/kabelsteuerung\/#primaryimage","url":"https:\/\/jak.fi\/wp-content\/uploads\/2024\/05\/JAK-cable-control01.png","contentUrl":"https:\/\/jak.fi\/wp-content\/uploads\/2024\/05\/JAK-cable-control01.png","width":1000,"height":667,"caption":"Kaapeliohjaus energiakouralle"},{"@type":"BreadcrumbList","@id":"https:\/\/jak.fi\/de\/produkte\/zubehor-fur-fallgreifer\/kabelsteuerung\/#breadcrumb","itemListElement":[{"@type":"ListItem","position":1,"name":"Etusivu","item":"https:\/\/jak.fi\/de\/"},{"@type":"ListItem","position":2,"name":"Produkte","item":"https:\/\/jak.fi\/de\/produkte\/"},{"@type":"ListItem","position":3,"name":"Kabelsteuerung"}]},{"@type":"WebSite","@id":"https:\/\/jak.fi\/de\/#website","url":"https:\/\/jak.fi\/de\/","name":"JAK-Metalli Oy","description":"","publisher":{"@id":"https:\/\/jak.fi\/de\/#organization"},"alternateName":"JAK Tree shears","potentialAction":[{"@type":"SearchAction","target":{"@type":"EntryPoint","urlTemplate":"https:\/\/jak.fi\/de\/?s={search_term_string}"},"query-input":{"@type":"PropertyValueSpecification","valueRequired":true,"valueName":"search_term_string"}}],"inLanguage":"de"},{"@type":"Organization","@id":"https:\/\/jak.fi\/de\/#organization","name":"JAK-Metalli Oy","alternateName":"JAK Tree shears","url":"https:\/\/jak.fi\/de\/","logo":{"@type":"ImageObject","inLanguage":"de","@id":"https:\/\/jak.fi\/de\/#\/schema\/logo\/image\/","url":"https:\/\/jak.fi\/wp-content\/uploads\/2024\/09\/JAK-logo-696x696-1.jpg","contentUrl":"https:\/\/jak.fi\/wp-content\/uploads\/2024\/09\/JAK-logo-696x696-1.jpg","width":696,"height":696,"caption":"JAK-Metalli Oy"},"image":{"@id":"https:\/\/jak.fi\/de\/#\/schema\/logo\/image\/"},"sameAs":["https:\/\/www.facebook.com\/jaktreeshears","https:\/\/www.instagram.com\/jaktreeshears\/","https:\/\/www.youtube.com\/channel\/UCAwvaVhBBkPie8MeAGbdY1w"]}]}},"_links":{"self":[{"href":"https:\/\/jak.fi\/de\/wp-json\/wp\/v2\/product\/5587","targetHints":{"allow":["GET"]}}],"collection":[{"href":"https:\/\/jak.fi\/de\/wp-json\/wp\/v2\/product"}],"about":[{"href":"https:\/\/jak.fi\/de\/wp-json\/wp\/v2\/types\/product"}],"wp:featuredmedia":[{"embeddable":true,"href":"https:\/\/jak.fi\/de\/wp-json\/wp\/v2\/media\/5589"}],"wp:attachment":[{"href":"https:\/\/jak.fi\/de\/wp-json\/wp\/v2\/media?parent=5587"}],"wp:term":[{"taxonomy":"product_brand","embeddable":true,"href":"https:\/\/jak.fi\/de\/wp-json\/wp\/v2\/product_brand?post=5587"},{"taxonomy":"product_cat","embeddable":true,"href":"https:\/\/jak.fi\/de\/wp-json\/wp\/v2\/product_cat?post=5587"},{"taxonomy":"product_tag","embeddable":true,"href":"https:\/\/jak.fi\/de\/wp-json\/wp\/v2\/product_tag?post=5587"}],"curies":[{"name":"wp","href":"https:\/\/api.w.org\/{rel}","templated":true}]}}