{"id":5588,"date":"2024-05-28T10:19:42","date_gmt":"2024-05-28T07:19:42","guid":{"rendered":"https:\/\/jak.fi\/products\/unkategorisiert\/jak-250r-gen4-energiegreifer-fuer-bagger\/"},"modified":"2025-08-19T15:38:40","modified_gmt":"2025-08-19T12:38:40","slug":"jak-250r-gen4-faellgreifer-fuer-bagger","status":"publish","type":"product","link":"https:\/\/jak.fi\/de\/produkte\/fallgreifer-fur-bagger\/jak-250r-gen4-faellgreifer-fuer-bagger\/","title":{"rendered":"JAK-250R F\u00e4llgreifer f\u00fcr Bagger 5-12t"},"content":{"rendered":"<h2><strong>Der JAK-250R F\u00e4llgreifer kann mit einem 360\u00b0-Rotationssystem ausgestattet werden!<\/strong><\/h2>\n<p>Der JAK-250R GEN4 ist ein schneller, kompakter und leistungsstarker F\u00e4llgreifer, der f\u00fcr Bagger mit einem Gewicht von 5-12 Tonnen entwickelt wurde. Ausgestattet mit einem 360\u00b0-Rotationssystem, kann der F\u00e4llgreifer in beide Richtungen parallel zur K\u00f6rperachse frei gedreht werden. Das optionale eBoost-Hydrauliksystem erh\u00f6ht die Geschwindigkeit des F\u00e4llgreifers um bis zu 100%, ohne die Leistung zu verringern.  <\/p>\n<p>Die doppelte Backenkonstruktion sorgt f\u00fcr einen festen und sicheren Griff am Baumstamm. Mit diesem Energiegreifer k\u00f6nnen Sie m\u00fchelos B\u00e4ume mit bis zu 250 mm dicken St\u00e4mmen f\u00e4llen. Dank der abnehmbaren Klinge k\u00f6nnen Sie ihn auch als normalen Holzgreifer verwenden.  <\/p>\n<p>Durch den Austausch des hinteren Teils kann der JAK-250R GEN4 Energiegreifer auch an Lader und Reachern verwendet werden.<\/p>\n<p>Wir verwenden hochfesten, verschlei\u00dffesten Hardox\u00ae-Stahl f\u00fcr Langlebigkeit und Zuverl\u00e4ssigkeit in allen Situationen und unter allen Bedingungen. Der JAK-250R GEN4-Energiegreifer zeichnet sich durch einfache Bedienung und hochwertige Materialien aus. <\/p>\n<div class=\"wp-block-button\"><a class=\"wp-block-button__link has-text-align-center wp-element-button\" href=\"https:\/\/jak.fi\/de\/gen4-jak-fallgreifer-neue-updates-und-verbesserte-leistung\/\" target=\"_blank\" rel=\"noopener\">Lesen Sie mehr \u00fcber GEN4 Updates<\/a><\/div>\n<div><\/div>\n<p>&nbsp;<\/p>\n<p><strong>Clips<\/strong><\/p>\n<p>Die g\u00e4ngigsten Baggeranbauger\u00e4te<\/p>\n<p>Auf Anfrage, je nach Art der vom Kunden bestellten Maschine<\/p>\n","protected":false},"excerpt":{"rendered":"<ul>\n<li>Verf\u00fcgbar mit 360\u00b0 Rotator System<\/li>\n<li>Verf\u00fcgbar mit eBoost-Hydrauliksystem<\/li>\n<li>Verf\u00fcgbar mit einer optionalen Hydraulikleitung<\/li>\n<li>Hergestellt aus Hardox \u00ae verschlei\u00dffestem Stahl<\/li>\n<li>CE-gepr\u00fcft<\/li>\n<li>Hergestellt in Finnland<\/li>\n<li>Abnehmbare Klinge<\/li>\n<\/ul>\n","protected":false},"featured_media":6679,"template":"","meta":{"_acf_changed":false},"product_brand":[],"product_cat":[597],"product_tag":[],"class_list":{"0":"post-5588","1":"product","2":"type-product","3":"status-publish","4":"has-post-thumbnail","6":"product_cat-fallgreifer-fur-bagger","8":"first","9":"instock","10":"shipping-taxable","11":"product-type-simple"},"acf":[],"yoast_head":"<!-- This site is optimized with the Yoast SEO plugin v27.3 - https:\/\/yoast.com\/product\/yoast-seo-wordpress\/ -->\n<title>JAK-250R F\u00e4llgreifer f\u00fcr Bagger 5-12t &#8211; JAK-Metalli Oy<\/title>\n<meta name=\"description\" content=\"Der JAK-250R GEN4 ist ein schneller, kompakter und effizienter F\u00e4llgreifer, der f\u00fcr Bagger mit einem Gewicht zwischen 5 und 12 Tonnen entwickelt wurde.\" \/>\n<meta name=\"robots\" content=\"index, follow, max-snippet:-1, max-image-preview:large, max-video-preview:-1\" \/>\n<link rel=\"canonical\" href=\"https:\/\/jak.fi\/de\/produkte\/fallgreifer-fur-bagger\/jak-250r-gen4-faellgreifer-fuer-bagger\/\" \/>\n<meta property=\"og:locale\" content=\"de_DE\" \/>\n<meta property=\"og:type\" content=\"article\" \/>\n<meta property=\"og:title\" content=\"JAK-250R F\u00e4llgreifer f\u00fcr Bagger 5-12t &#8211; JAK-Metalli Oy\" \/>\n<meta property=\"og:description\" content=\"Der JAK-250R GEN4 ist ein schneller, kompakter und effizienter F\u00e4llgreifer, der f\u00fcr Bagger mit einem Gewicht zwischen 5 und 12 Tonnen entwickelt wurde.\" \/>\n<meta property=\"og:url\" content=\"https:\/\/jak.fi\/de\/produkte\/fallgreifer-fur-bagger\/jak-250r-gen4-faellgreifer-fuer-bagger\/\" \/>\n<meta property=\"og:site_name\" content=\"JAK-Metalli Oy\" \/>\n<meta property=\"article:publisher\" content=\"https:\/\/www.facebook.com\/jaktreeshears\" \/>\n<meta property=\"article:modified_time\" content=\"2025-08-19T12:38:40+00:00\" \/>\n<meta property=\"og:image\" content=\"https:\/\/jak.fi\/wp-content\/uploads\/2025\/03\/JAK-250R-360-rotator-web.png\" \/>\n\t<meta property=\"og:image:width\" content=\"1000\" \/>\n\t<meta property=\"og:image:height\" content=\"667\" \/>\n\t<meta property=\"og:image:type\" content=\"image\/png\" \/>\n<meta name=\"twitter:card\" content=\"summary_large_image\" \/>\n<meta name=\"twitter:label1\" content=\"Gesch\u00e4tzte Lesezeit\" \/>\n\t<meta name=\"twitter:data1\" content=\"2\u00a0Minute\" \/>\n<script type=\"application\/ld+json\" class=\"yoast-schema-graph\">{\"@context\":\"https:\\\/\\\/schema.org\",\"@graph\":[{\"@type\":\"WebPage\",\"@id\":\"https:\\\/\\\/jak.fi\\\/de\\\/produkte\\\/fallgreifer-fur-bagger\\\/jak-250r-gen4-faellgreifer-fuer-bagger\\\/\",\"url\":\"https:\\\/\\\/jak.fi\\\/de\\\/produkte\\\/fallgreifer-fur-bagger\\\/jak-250r-gen4-faellgreifer-fuer-bagger\\\/\",\"name\":\"JAK-250R F\u00e4llgreifer f\u00fcr Bagger 5-12t &#8211; JAK-Metalli Oy\",\"isPartOf\":{\"@id\":\"https:\\\/\\\/jak.fi\\\/de\\\/#website\"},\"primaryImageOfPage\":{\"@id\":\"https:\\\/\\\/jak.fi\\\/de\\\/produkte\\\/fallgreifer-fur-bagger\\\/jak-250r-gen4-faellgreifer-fuer-bagger\\\/#primaryimage\"},\"image\":{\"@id\":\"https:\\\/\\\/jak.fi\\\/de\\\/produkte\\\/fallgreifer-fur-bagger\\\/jak-250r-gen4-faellgreifer-fuer-bagger\\\/#primaryimage\"},\"thumbnailUrl\":\"https:\\\/\\\/jak.fi\\\/wp-content\\\/uploads\\\/2025\\\/03\\\/JAK-250R-360-rotator-web.png\",\"datePublished\":\"2024-05-28T07:19:42+00:00\",\"dateModified\":\"2025-08-19T12:38:40+00:00\",\"description\":\"Der JAK-250R GEN4 ist ein schneller, kompakter und effizienter F\u00e4llgreifer, der f\u00fcr Bagger mit einem Gewicht zwischen 5 und 12 Tonnen entwickelt wurde.\",\"breadcrumb\":{\"@id\":\"https:\\\/\\\/jak.fi\\\/de\\\/produkte\\\/fallgreifer-fur-bagger\\\/jak-250r-gen4-faellgreifer-fuer-bagger\\\/#breadcrumb\"},\"inLanguage\":\"de\",\"potentialAction\":[{\"@type\":\"ReadAction\",\"target\":[\"https:\\\/\\\/jak.fi\\\/de\\\/produkte\\\/fallgreifer-fur-bagger\\\/jak-250r-gen4-faellgreifer-fuer-bagger\\\/\"]}]},{\"@type\":\"ImageObject\",\"inLanguage\":\"de\",\"@id\":\"https:\\\/\\\/jak.fi\\\/de\\\/produkte\\\/fallgreifer-fur-bagger\\\/jak-250r-gen4-faellgreifer-fuer-bagger\\\/#primaryimage\",\"url\":\"https:\\\/\\\/jak.fi\\\/wp-content\\\/uploads\\\/2025\\\/03\\\/JAK-250R-360-rotator-web.png\",\"contentUrl\":\"https:\\\/\\\/jak.fi\\\/wp-content\\\/uploads\\\/2025\\\/03\\\/JAK-250R-360-rotator-web.png\",\"width\":1000,\"height\":667,\"caption\":\"JAK-250R Energiegreifer - ein starker und kraftvoller F\u00e4llgreifer f\u00fcr Bagger. Ideal zum Schneiden und Sammeln von Holz bei Forstarbeiten.\"},{\"@type\":\"BreadcrumbList\",\"@id\":\"https:\\\/\\\/jak.fi\\\/de\\\/produkte\\\/fallgreifer-fur-bagger\\\/jak-250r-gen4-faellgreifer-fuer-bagger\\\/#breadcrumb\",\"itemListElement\":[{\"@type\":\"ListItem\",\"position\":1,\"name\":\"Etusivu\",\"item\":\"https:\\\/\\\/jak.fi\\\/de\\\/\"},{\"@type\":\"ListItem\",\"position\":2,\"name\":\"Produkte\",\"item\":\"https:\\\/\\\/jak.fi\\\/de\\\/produkte\\\/\"},{\"@type\":\"ListItem\",\"position\":3,\"name\":\"JAK-250R F\u00e4llgreifer f\u00fcr Bagger 5-12t\"}]},{\"@type\":\"WebSite\",\"@id\":\"https:\\\/\\\/jak.fi\\\/de\\\/#website\",\"url\":\"https:\\\/\\\/jak.fi\\\/de\\\/\",\"name\":\"JAK-Metalli Oy\",\"description\":\"\",\"publisher\":{\"@id\":\"https:\\\/\\\/jak.fi\\\/de\\\/#organization\"},\"alternateName\":\"JAK Tree shears\",\"potentialAction\":[{\"@type\":\"SearchAction\",\"target\":{\"@type\":\"EntryPoint\",\"urlTemplate\":\"https:\\\/\\\/jak.fi\\\/de\\\/?s={search_term_string}\"},\"query-input\":{\"@type\":\"PropertyValueSpecification\",\"valueRequired\":true,\"valueName\":\"search_term_string\"}}],\"inLanguage\":\"de\"},{\"@type\":\"Organization\",\"@id\":\"https:\\\/\\\/jak.fi\\\/de\\\/#organization\",\"name\":\"JAK-Metalli Oy\",\"alternateName\":\"JAK Tree shears\",\"url\":\"https:\\\/\\\/jak.fi\\\/de\\\/\",\"logo\":{\"@type\":\"ImageObject\",\"inLanguage\":\"de\",\"@id\":\"https:\\\/\\\/jak.fi\\\/de\\\/#\\\/schema\\\/logo\\\/image\\\/\",\"url\":\"https:\\\/\\\/jak.fi\\\/wp-content\\\/uploads\\\/2024\\\/09\\\/JAK-logo-696x696-1.jpg\",\"contentUrl\":\"https:\\\/\\\/jak.fi\\\/wp-content\\\/uploads\\\/2024\\\/09\\\/JAK-logo-696x696-1.jpg\",\"width\":696,\"height\":696,\"caption\":\"JAK-Metalli Oy\"},\"image\":{\"@id\":\"https:\\\/\\\/jak.fi\\\/de\\\/#\\\/schema\\\/logo\\\/image\\\/\"},\"sameAs\":[\"https:\\\/\\\/www.facebook.com\\\/jaktreeshears\",\"https:\\\/\\\/www.instagram.com\\\/jaktreeshears\\\/\",\"https:\\\/\\\/www.youtube.com\\\/channel\\\/UCAwvaVhBBkPie8MeAGbdY1w\"]}]}<\/script>\n<!-- \/ Yoast SEO plugin. -->","yoast_head_json":{"title":"JAK-250R F\u00e4llgreifer f\u00fcr Bagger 5-12t &#8211; JAK-Metalli Oy","description":"Der JAK-250R GEN4 ist ein schneller, kompakter und effizienter F\u00e4llgreifer, der f\u00fcr Bagger mit einem Gewicht zwischen 5 und 12 Tonnen entwickelt wurde.","robots":{"index":"index","follow":"follow","max-snippet":"max-snippet:-1","max-image-preview":"max-image-preview:large","max-video-preview":"max-video-preview:-1"},"canonical":"https:\/\/jak.fi\/de\/produkte\/fallgreifer-fur-bagger\/jak-250r-gen4-faellgreifer-fuer-bagger\/","og_locale":"de_DE","og_type":"article","og_title":"JAK-250R F\u00e4llgreifer f\u00fcr Bagger 5-12t &#8211; JAK-Metalli Oy","og_description":"Der JAK-250R GEN4 ist ein schneller, kompakter und effizienter F\u00e4llgreifer, der f\u00fcr Bagger mit einem Gewicht zwischen 5 und 12 Tonnen entwickelt wurde.","og_url":"https:\/\/jak.fi\/de\/produkte\/fallgreifer-fur-bagger\/jak-250r-gen4-faellgreifer-fuer-bagger\/","og_site_name":"JAK-Metalli Oy","article_publisher":"https:\/\/www.facebook.com\/jaktreeshears","article_modified_time":"2025-08-19T12:38:40+00:00","og_image":[{"width":1000,"height":667,"url":"https:\/\/jak.fi\/wp-content\/uploads\/2025\/03\/JAK-250R-360-rotator-web.png","type":"image\/png"}],"twitter_card":"summary_large_image","twitter_misc":{"Gesch\u00e4tzte Lesezeit":"2\u00a0Minute"},"schema":{"@context":"https:\/\/schema.org","@graph":[{"@type":"WebPage","@id":"https:\/\/jak.fi\/de\/produkte\/fallgreifer-fur-bagger\/jak-250r-gen4-faellgreifer-fuer-bagger\/","url":"https:\/\/jak.fi\/de\/produkte\/fallgreifer-fur-bagger\/jak-250r-gen4-faellgreifer-fuer-bagger\/","name":"JAK-250R F\u00e4llgreifer f\u00fcr Bagger 5-12t &#8211; JAK-Metalli Oy","isPartOf":{"@id":"https:\/\/jak.fi\/de\/#website"},"primaryImageOfPage":{"@id":"https:\/\/jak.fi\/de\/produkte\/fallgreifer-fur-bagger\/jak-250r-gen4-faellgreifer-fuer-bagger\/#primaryimage"},"image":{"@id":"https:\/\/jak.fi\/de\/produkte\/fallgreifer-fur-bagger\/jak-250r-gen4-faellgreifer-fuer-bagger\/#primaryimage"},"thumbnailUrl":"https:\/\/jak.fi\/wp-content\/uploads\/2025\/03\/JAK-250R-360-rotator-web.png","datePublished":"2024-05-28T07:19:42+00:00","dateModified":"2025-08-19T12:38:40+00:00","description":"Der JAK-250R GEN4 ist ein schneller, kompakter und effizienter F\u00e4llgreifer, der f\u00fcr Bagger mit einem Gewicht zwischen 5 und 12 Tonnen entwickelt wurde.","breadcrumb":{"@id":"https:\/\/jak.fi\/de\/produkte\/fallgreifer-fur-bagger\/jak-250r-gen4-faellgreifer-fuer-bagger\/#breadcrumb"},"inLanguage":"de","potentialAction":[{"@type":"ReadAction","target":["https:\/\/jak.fi\/de\/produkte\/fallgreifer-fur-bagger\/jak-250r-gen4-faellgreifer-fuer-bagger\/"]}]},{"@type":"ImageObject","inLanguage":"de","@id":"https:\/\/jak.fi\/de\/produkte\/fallgreifer-fur-bagger\/jak-250r-gen4-faellgreifer-fuer-bagger\/#primaryimage","url":"https:\/\/jak.fi\/wp-content\/uploads\/2025\/03\/JAK-250R-360-rotator-web.png","contentUrl":"https:\/\/jak.fi\/wp-content\/uploads\/2025\/03\/JAK-250R-360-rotator-web.png","width":1000,"height":667,"caption":"JAK-250R Energiegreifer - ein starker und kraftvoller F\u00e4llgreifer f\u00fcr Bagger. Ideal zum Schneiden und Sammeln von Holz bei Forstarbeiten."},{"@type":"BreadcrumbList","@id":"https:\/\/jak.fi\/de\/produkte\/fallgreifer-fur-bagger\/jak-250r-gen4-faellgreifer-fuer-bagger\/#breadcrumb","itemListElement":[{"@type":"ListItem","position":1,"name":"Etusivu","item":"https:\/\/jak.fi\/de\/"},{"@type":"ListItem","position":2,"name":"Produkte","item":"https:\/\/jak.fi\/de\/produkte\/"},{"@type":"ListItem","position":3,"name":"JAK-250R F\u00e4llgreifer f\u00fcr Bagger 5-12t"}]},{"@type":"WebSite","@id":"https:\/\/jak.fi\/de\/#website","url":"https:\/\/jak.fi\/de\/","name":"JAK-Metalli Oy","description":"","publisher":{"@id":"https:\/\/jak.fi\/de\/#organization"},"alternateName":"JAK Tree shears","potentialAction":[{"@type":"SearchAction","target":{"@type":"EntryPoint","urlTemplate":"https:\/\/jak.fi\/de\/?s={search_term_string}"},"query-input":{"@type":"PropertyValueSpecification","valueRequired":true,"valueName":"search_term_string"}}],"inLanguage":"de"},{"@type":"Organization","@id":"https:\/\/jak.fi\/de\/#organization","name":"JAK-Metalli Oy","alternateName":"JAK Tree shears","url":"https:\/\/jak.fi\/de\/","logo":{"@type":"ImageObject","inLanguage":"de","@id":"https:\/\/jak.fi\/de\/#\/schema\/logo\/image\/","url":"https:\/\/jak.fi\/wp-content\/uploads\/2024\/09\/JAK-logo-696x696-1.jpg","contentUrl":"https:\/\/jak.fi\/wp-content\/uploads\/2024\/09\/JAK-logo-696x696-1.jpg","width":696,"height":696,"caption":"JAK-Metalli Oy"},"image":{"@id":"https:\/\/jak.fi\/de\/#\/schema\/logo\/image\/"},"sameAs":["https:\/\/www.facebook.com\/jaktreeshears","https:\/\/www.instagram.com\/jaktreeshears\/","https:\/\/www.youtube.com\/channel\/UCAwvaVhBBkPie8MeAGbdY1w"]}]}},"_links":{"self":[{"href":"https:\/\/jak.fi\/de\/wp-json\/wp\/v2\/product\/5588","targetHints":{"allow":["GET"]}}],"collection":[{"href":"https:\/\/jak.fi\/de\/wp-json\/wp\/v2\/product"}],"about":[{"href":"https:\/\/jak.fi\/de\/wp-json\/wp\/v2\/types\/product"}],"wp:featuredmedia":[{"embeddable":true,"href":"https:\/\/jak.fi\/de\/wp-json\/wp\/v2\/media\/6679"}],"wp:attachment":[{"href":"https:\/\/jak.fi\/de\/wp-json\/wp\/v2\/media?parent=5588"}],"wp:term":[{"taxonomy":"product_brand","embeddable":true,"href":"https:\/\/jak.fi\/de\/wp-json\/wp\/v2\/product_brand?post=5588"},{"taxonomy":"product_cat","embeddable":true,"href":"https:\/\/jak.fi\/de\/wp-json\/wp\/v2\/product_cat?post=5588"},{"taxonomy":"product_tag","embeddable":true,"href":"https:\/\/jak.fi\/de\/wp-json\/wp\/v2\/product_tag?post=5588"}],"curies":[{"name":"wp","href":"https:\/\/api.w.org\/{rel}","templated":true}]}}