{"id":5608,"date":"2024-05-28T10:03:49","date_gmt":"2024-05-28T07:03:49","guid":{"rendered":"https:\/\/jak.fi\/products\/unkategorisiert\/360-rotator-system\/"},"modified":"2025-11-25T13:23:36","modified_gmt":"2025-11-25T10:23:36","slug":"360-rotator-system","status":"publish","type":"product","link":"https:\/\/jak.fi\/de\/produkte\/zubehor-fur-fallgreifer\/360-rotator-system\/","title":{"rendered":"360\u00b0 Rotator System"},"content":{"rendered":"<h3 data-start=\"0\" data-end=\"105\">360\u00b0 Rotator System f\u00fcr JAK F\u00e4llgreifer &#8211; unbegrenzte Rotation, mehr Reichweite und Effizienz<\/h3>\n<p data-start=\"107\" data-end=\"530\">Das JAK 360\u00b0 Rotator System ist ein Zubeh\u00f6r f\u00fcr die Energiegreifer der R-Serie, das zwischen dem Greifer und dem hinteren Teil installiert wird. Das System erm\u00f6glicht eine unbegrenzte 360\u00b0-Drehung in beide Richtungen entlang der Achse des Greiferk\u00f6rpers. Das Rotatorsystem besteht aus einer robusten Buchseneinheit und einem Rotator, so dass die Hydraulik auch bei kontinuierlicher Drehung zuverl\u00e4ssig funktioniert.  <\/p>\n<h4 data-start=\"532\" data-end=\"577\">Warum sollten Sie sich f\u00fcr das 360\u00b0-Rotator-System entscheiden?<\/h4>\n<ul data-start=\"578\" data-end=\"1299\">\n<li data-start=\"578\" data-end=\"769\">\n<p data-start=\"580\" data-end=\"769\"><strong data-start=\"580\" data-end=\"627\">Uneingeschr\u00e4nkte Drehung ohne Verdrehen der Schl\u00e4uche<\/strong>: Das Hydrauliksystem der Backen verl\u00e4uft durch eine Buchse, so dass der Greifer gedreht werden kann, ohne dass Sie sich Sorgen machen m\u00fcssen, dass die Schl\u00e4uche verdreht oder besch\u00e4digt werden.<\/p>\n<\/li>\n<li data-start=\"770\" data-end=\"987\">\n<p data-start=\"772\" data-end=\"987\"><strong data-start=\"772\" data-end=\"812\">Schnelleres und kontrollierteres Holzhandling<\/strong>: Nach dem Schneiden des Holzes kann der Rahmen gedreht und in die gew\u00fcnschte Richtung abgesenkt werden &#8211; zum Beispiel direkt an die Seite des Stapels oder an den Rand der Auffahrt. Dadurch werden unn\u00f6tige Man\u00f6ver w\u00e4hrend der Arbeit vermieden. <\/p>\n<\/li>\n<li data-start=\"988\" data-end=\"1177\">\n<p data-start=\"990\" data-end=\"1177\"><strong data-start=\"990\" data-end=\"1033\">Verbesserte Reichweite und Arbeitswinkel<\/strong>: Die Rotation erleichtert das Roden und Ernten von Energieholz, insbesondere in unebenem oder dichtem Gel\u00e4nde. Die Arbeitsposition ist immer optimal. <\/p>\n<\/li>\n<li data-start=\"1178\" data-end=\"1299\">\n<p data-start=\"1180\" data-end=\"1299\"><strong data-start=\"1180\" data-end=\"1207\">H\u00f6here Produktivit\u00e4t<\/strong>: Wenn sich der Greifer schnell in die richtige Position dreht, ist der Arbeitszyklus schneller und die Maschine ist effizienter.<\/p>\n<\/li>\n<\/ul>\n<h4 data-start=\"1301\" data-end=\"1319\">Orte der Nutzung<\/h4>\n<p data-start=\"1320\" data-end=\"1374\">Das 360\u00b0-Rotator-System ist zum Beispiel eine ausgezeichnete Wahl:<\/p>\n<ul data-start=\"1375\" data-end=\"1627\">\n<li data-start=\"1375\" data-end=\"1425\">\n<p data-start=\"1377\" data-end=\"1425\">Energieholzernte und Kleinholzverarbeitung<\/p>\n<\/li>\n<li data-start=\"1426\" data-end=\"1462\">\n<p data-start=\"1428\" data-end=\"1462\">f\u00fcr Durchforstung und Baumschulmanagement<\/p>\n<\/li>\n<li data-start=\"1463\" data-end=\"1522\">\n<p data-start=\"1465\" data-end=\"1522\">zum S\u00e4ubern der R\u00e4nder von Stromleitungen, Stra\u00dfen und Feldern<\/p>\n<\/li>\n<li data-start=\"1523\" data-end=\"1627\">\n<p data-start=\"1525\" data-end=\"1627\">f\u00fcr Bagger-, Radlader- und Baggerarbeiten, bei denen eine pr\u00e4zise Steuerung von Ausleger und Greiferposition erforderlich ist<\/p>\n<\/li>\n<\/ul>\n<h4 data-start=\"1982\" data-end=\"2001\">Kompatibilit\u00e4t<\/h4>\n<p data-start=\"2002\" data-end=\"2175\">Das System ist mit den F\u00e4llgreifern JAK-200R, JAK-250R und JAK-300R in den Versionen f\u00fcr Bagger, Lader und Teleskoplader kompatibel.<\/p>\n<p data-start=\"2177\" data-end=\"2314\">M\u00f6chten Sie das Beste aus Ihrem F\u00e4llgreifer herausholen? F\u00fcgen Sie das 360\u00b0 Rotationssystem zu Ihrer Angebotsanfrage hinzu und fragen Sie nach dem f\u00fcr Ihre Maschine am besten geeigneten Modell. <\/p>\n","protected":false},"excerpt":{"rendered":"<p>360\u00b0 Rotator System f\u00fcr JAK F\u00e4llgreifer &#8211; unbegrenzte Rotation, mehr Reichweite und Effizienz Das JAK 360\u00b0 Rotator System ist ein Zubeh\u00f6r f\u00fcr die Energiegreifer der R-Serie, das zwischen dem Greifer und dem hinteren Teil installiert wird. Das System erm\u00f6glicht eine unbegrenzte 360\u00b0-Drehung in beide Richtungen entlang der Achse des Greiferk\u00f6rpers. Das Rotatorsystem besteht aus einer [&hellip;]<\/p>\n","protected":false},"featured_media":5609,"template":"","meta":{"_acf_changed":false},"product_brand":[],"product_cat":[590],"product_tag":[],"class_list":{"0":"post-5608","1":"product","2":"type-product","3":"status-publish","4":"has-post-thumbnail","6":"product_cat-zubehor-fur-fallgreifer","8":"first","9":"instock","10":"shipping-taxable","11":"product-type-simple"},"acf":[],"yoast_head":"<!-- This site is optimized with the Yoast SEO plugin v27.3 - https:\/\/yoast.com\/product\/yoast-seo-wordpress\/ -->\n<title>360\u00b0 Rotator System &#8211; JAK-Metalli Oy<\/title>\n<meta name=\"description\" content=\"Das 360\u00b0 Rotator System ist ein Zubeh\u00f6rteil, das zwischen dem F\u00e4llgreifer und dem hinteren Teil installiert werden kann, um eine unbegrenzte Drehung des Energiegreifers zu erm\u00f6glichen.\" \/>\n<meta name=\"robots\" content=\"index, follow, max-snippet:-1, max-image-preview:large, max-video-preview:-1\" \/>\n<link rel=\"canonical\" href=\"https:\/\/jak.fi\/de\/produkte\/zubehor-fur-fallgreifer\/360-rotator-system\/\" \/>\n<meta property=\"og:locale\" content=\"de_DE\" \/>\n<meta property=\"og:type\" content=\"article\" \/>\n<meta property=\"og:title\" content=\"360\u00b0 Rotator System &#8211; JAK-Metalli Oy\" \/>\n<meta property=\"og:description\" content=\"Das 360\u00b0 Rotator System ist ein Zubeh\u00f6rteil, das zwischen dem F\u00e4llgreifer und dem hinteren Teil installiert werden kann, um eine unbegrenzte Drehung des Energiegreifers zu erm\u00f6glichen.\" \/>\n<meta property=\"og:url\" content=\"https:\/\/jak.fi\/de\/produkte\/zubehor-fur-fallgreifer\/360-rotator-system\/\" \/>\n<meta property=\"og:site_name\" content=\"JAK-Metalli Oy\" \/>\n<meta property=\"article:publisher\" content=\"https:\/\/www.facebook.com\/jaktreeshears\" \/>\n<meta property=\"article:modified_time\" content=\"2025-11-25T10:23:36+00:00\" \/>\n<meta property=\"og:image\" content=\"https:\/\/jak.fi\/wp-content\/uploads\/2024\/05\/jak-200r-for-excavator-rotator.png\" \/>\n\t<meta property=\"og:image:width\" content=\"1000\" \/>\n\t<meta property=\"og:image:height\" content=\"666\" \/>\n\t<meta property=\"og:image:type\" content=\"image\/png\" \/>\n<meta name=\"twitter:card\" content=\"summary_large_image\" \/>\n<meta name=\"twitter:label1\" content=\"Gesch\u00e4tzte Lesezeit\" \/>\n\t<meta name=\"twitter:data1\" content=\"2\u00a0Minute\" \/>\n<script type=\"application\/ld+json\" class=\"yoast-schema-graph\">{\"@context\":\"https:\\\/\\\/schema.org\",\"@graph\":[{\"@type\":\"WebPage\",\"@id\":\"https:\\\/\\\/jak.fi\\\/de\\\/produkte\\\/zubehor-fur-fallgreifer\\\/360-rotator-system\\\/\",\"url\":\"https:\\\/\\\/jak.fi\\\/de\\\/produkte\\\/zubehor-fur-fallgreifer\\\/360-rotator-system\\\/\",\"name\":\"360\u00b0 Rotator System &#8211; JAK-Metalli Oy\",\"isPartOf\":{\"@id\":\"https:\\\/\\\/jak.fi\\\/de\\\/#website\"},\"primaryImageOfPage\":{\"@id\":\"https:\\\/\\\/jak.fi\\\/de\\\/produkte\\\/zubehor-fur-fallgreifer\\\/360-rotator-system\\\/#primaryimage\"},\"image\":{\"@id\":\"https:\\\/\\\/jak.fi\\\/de\\\/produkte\\\/zubehor-fur-fallgreifer\\\/360-rotator-system\\\/#primaryimage\"},\"thumbnailUrl\":\"https:\\\/\\\/jak.fi\\\/wp-content\\\/uploads\\\/2024\\\/05\\\/jak-200r-for-excavator-rotator.png\",\"datePublished\":\"2024-05-28T07:03:49+00:00\",\"dateModified\":\"2025-11-25T10:23:36+00:00\",\"description\":\"Das 360\u00b0 Rotator System ist ein Zubeh\u00f6rteil, das zwischen dem F\u00e4llgreifer und dem hinteren Teil installiert werden kann, um eine unbegrenzte Drehung des Energiegreifers zu erm\u00f6glichen.\",\"breadcrumb\":{\"@id\":\"https:\\\/\\\/jak.fi\\\/de\\\/produkte\\\/zubehor-fur-fallgreifer\\\/360-rotator-system\\\/#breadcrumb\"},\"inLanguage\":\"de\",\"potentialAction\":[{\"@type\":\"ReadAction\",\"target\":[\"https:\\\/\\\/jak.fi\\\/de\\\/produkte\\\/zubehor-fur-fallgreifer\\\/360-rotator-system\\\/\"]}]},{\"@type\":\"ImageObject\",\"inLanguage\":\"de\",\"@id\":\"https:\\\/\\\/jak.fi\\\/de\\\/produkte\\\/zubehor-fur-fallgreifer\\\/360-rotator-system\\\/#primaryimage\",\"url\":\"https:\\\/\\\/jak.fi\\\/wp-content\\\/uploads\\\/2024\\\/05\\\/jak-200r-for-excavator-rotator.png\",\"contentUrl\":\"https:\\\/\\\/jak.fi\\\/wp-content\\\/uploads\\\/2024\\\/05\\\/jak-200r-for-excavator-rotator.png\",\"width\":1000,\"height\":666,\"caption\":\"360 Rotationseinheit am F\u00e4llgreifer befestigt\"},{\"@type\":\"BreadcrumbList\",\"@id\":\"https:\\\/\\\/jak.fi\\\/de\\\/produkte\\\/zubehor-fur-fallgreifer\\\/360-rotator-system\\\/#breadcrumb\",\"itemListElement\":[{\"@type\":\"ListItem\",\"position\":1,\"name\":\"Etusivu\",\"item\":\"https:\\\/\\\/jak.fi\\\/de\\\/\"},{\"@type\":\"ListItem\",\"position\":2,\"name\":\"Produkte\",\"item\":\"https:\\\/\\\/jak.fi\\\/de\\\/produkte\\\/\"},{\"@type\":\"ListItem\",\"position\":3,\"name\":\"360\u00b0 Rotator System\"}]},{\"@type\":\"WebSite\",\"@id\":\"https:\\\/\\\/jak.fi\\\/de\\\/#website\",\"url\":\"https:\\\/\\\/jak.fi\\\/de\\\/\",\"name\":\"JAK-Metalli Oy\",\"description\":\"\",\"publisher\":{\"@id\":\"https:\\\/\\\/jak.fi\\\/de\\\/#organization\"},\"alternateName\":\"JAK Tree shears\",\"potentialAction\":[{\"@type\":\"SearchAction\",\"target\":{\"@type\":\"EntryPoint\",\"urlTemplate\":\"https:\\\/\\\/jak.fi\\\/de\\\/?s={search_term_string}\"},\"query-input\":{\"@type\":\"PropertyValueSpecification\",\"valueRequired\":true,\"valueName\":\"search_term_string\"}}],\"inLanguage\":\"de\"},{\"@type\":\"Organization\",\"@id\":\"https:\\\/\\\/jak.fi\\\/de\\\/#organization\",\"name\":\"JAK-Metalli Oy\",\"alternateName\":\"JAK Tree shears\",\"url\":\"https:\\\/\\\/jak.fi\\\/de\\\/\",\"logo\":{\"@type\":\"ImageObject\",\"inLanguage\":\"de\",\"@id\":\"https:\\\/\\\/jak.fi\\\/de\\\/#\\\/schema\\\/logo\\\/image\\\/\",\"url\":\"https:\\\/\\\/jak.fi\\\/wp-content\\\/uploads\\\/2024\\\/09\\\/JAK-logo-696x696-1.jpg\",\"contentUrl\":\"https:\\\/\\\/jak.fi\\\/wp-content\\\/uploads\\\/2024\\\/09\\\/JAK-logo-696x696-1.jpg\",\"width\":696,\"height\":696,\"caption\":\"JAK-Metalli Oy\"},\"image\":{\"@id\":\"https:\\\/\\\/jak.fi\\\/de\\\/#\\\/schema\\\/logo\\\/image\\\/\"},\"sameAs\":[\"https:\\\/\\\/www.facebook.com\\\/jaktreeshears\",\"https:\\\/\\\/www.instagram.com\\\/jaktreeshears\\\/\",\"https:\\\/\\\/www.youtube.com\\\/channel\\\/UCAwvaVhBBkPie8MeAGbdY1w\"]}]}<\/script>\n<!-- \/ Yoast SEO plugin. -->","yoast_head_json":{"title":"360\u00b0 Rotator System &#8211; JAK-Metalli Oy","description":"Das 360\u00b0 Rotator System ist ein Zubeh\u00f6rteil, das zwischen dem F\u00e4llgreifer und dem hinteren Teil installiert werden kann, um eine unbegrenzte Drehung des Energiegreifers zu erm\u00f6glichen.","robots":{"index":"index","follow":"follow","max-snippet":"max-snippet:-1","max-image-preview":"max-image-preview:large","max-video-preview":"max-video-preview:-1"},"canonical":"https:\/\/jak.fi\/de\/produkte\/zubehor-fur-fallgreifer\/360-rotator-system\/","og_locale":"de_DE","og_type":"article","og_title":"360\u00b0 Rotator System &#8211; JAK-Metalli Oy","og_description":"Das 360\u00b0 Rotator System ist ein Zubeh\u00f6rteil, das zwischen dem F\u00e4llgreifer und dem hinteren Teil installiert werden kann, um eine unbegrenzte Drehung des Energiegreifers zu erm\u00f6glichen.","og_url":"https:\/\/jak.fi\/de\/produkte\/zubehor-fur-fallgreifer\/360-rotator-system\/","og_site_name":"JAK-Metalli Oy","article_publisher":"https:\/\/www.facebook.com\/jaktreeshears","article_modified_time":"2025-11-25T10:23:36+00:00","og_image":[{"width":1000,"height":666,"url":"https:\/\/jak.fi\/wp-content\/uploads\/2024\/05\/jak-200r-for-excavator-rotator.png","type":"image\/png"}],"twitter_card":"summary_large_image","twitter_misc":{"Gesch\u00e4tzte Lesezeit":"2\u00a0Minute"},"schema":{"@context":"https:\/\/schema.org","@graph":[{"@type":"WebPage","@id":"https:\/\/jak.fi\/de\/produkte\/zubehor-fur-fallgreifer\/360-rotator-system\/","url":"https:\/\/jak.fi\/de\/produkte\/zubehor-fur-fallgreifer\/360-rotator-system\/","name":"360\u00b0 Rotator System &#8211; JAK-Metalli Oy","isPartOf":{"@id":"https:\/\/jak.fi\/de\/#website"},"primaryImageOfPage":{"@id":"https:\/\/jak.fi\/de\/produkte\/zubehor-fur-fallgreifer\/360-rotator-system\/#primaryimage"},"image":{"@id":"https:\/\/jak.fi\/de\/produkte\/zubehor-fur-fallgreifer\/360-rotator-system\/#primaryimage"},"thumbnailUrl":"https:\/\/jak.fi\/wp-content\/uploads\/2024\/05\/jak-200r-for-excavator-rotator.png","datePublished":"2024-05-28T07:03:49+00:00","dateModified":"2025-11-25T10:23:36+00:00","description":"Das 360\u00b0 Rotator System ist ein Zubeh\u00f6rteil, das zwischen dem F\u00e4llgreifer und dem hinteren Teil installiert werden kann, um eine unbegrenzte Drehung des Energiegreifers zu erm\u00f6glichen.","breadcrumb":{"@id":"https:\/\/jak.fi\/de\/produkte\/zubehor-fur-fallgreifer\/360-rotator-system\/#breadcrumb"},"inLanguage":"de","potentialAction":[{"@type":"ReadAction","target":["https:\/\/jak.fi\/de\/produkte\/zubehor-fur-fallgreifer\/360-rotator-system\/"]}]},{"@type":"ImageObject","inLanguage":"de","@id":"https:\/\/jak.fi\/de\/produkte\/zubehor-fur-fallgreifer\/360-rotator-system\/#primaryimage","url":"https:\/\/jak.fi\/wp-content\/uploads\/2024\/05\/jak-200r-for-excavator-rotator.png","contentUrl":"https:\/\/jak.fi\/wp-content\/uploads\/2024\/05\/jak-200r-for-excavator-rotator.png","width":1000,"height":666,"caption":"360 Rotationseinheit am F\u00e4llgreifer befestigt"},{"@type":"BreadcrumbList","@id":"https:\/\/jak.fi\/de\/produkte\/zubehor-fur-fallgreifer\/360-rotator-system\/#breadcrumb","itemListElement":[{"@type":"ListItem","position":1,"name":"Etusivu","item":"https:\/\/jak.fi\/de\/"},{"@type":"ListItem","position":2,"name":"Produkte","item":"https:\/\/jak.fi\/de\/produkte\/"},{"@type":"ListItem","position":3,"name":"360\u00b0 Rotator System"}]},{"@type":"WebSite","@id":"https:\/\/jak.fi\/de\/#website","url":"https:\/\/jak.fi\/de\/","name":"JAK-Metalli Oy","description":"","publisher":{"@id":"https:\/\/jak.fi\/de\/#organization"},"alternateName":"JAK Tree shears","potentialAction":[{"@type":"SearchAction","target":{"@type":"EntryPoint","urlTemplate":"https:\/\/jak.fi\/de\/?s={search_term_string}"},"query-input":{"@type":"PropertyValueSpecification","valueRequired":true,"valueName":"search_term_string"}}],"inLanguage":"de"},{"@type":"Organization","@id":"https:\/\/jak.fi\/de\/#organization","name":"JAK-Metalli Oy","alternateName":"JAK Tree shears","url":"https:\/\/jak.fi\/de\/","logo":{"@type":"ImageObject","inLanguage":"de","@id":"https:\/\/jak.fi\/de\/#\/schema\/logo\/image\/","url":"https:\/\/jak.fi\/wp-content\/uploads\/2024\/09\/JAK-logo-696x696-1.jpg","contentUrl":"https:\/\/jak.fi\/wp-content\/uploads\/2024\/09\/JAK-logo-696x696-1.jpg","width":696,"height":696,"caption":"JAK-Metalli Oy"},"image":{"@id":"https:\/\/jak.fi\/de\/#\/schema\/logo\/image\/"},"sameAs":["https:\/\/www.facebook.com\/jaktreeshears","https:\/\/www.instagram.com\/jaktreeshears\/","https:\/\/www.youtube.com\/channel\/UCAwvaVhBBkPie8MeAGbdY1w"]}]}},"_links":{"self":[{"href":"https:\/\/jak.fi\/de\/wp-json\/wp\/v2\/product\/5608","targetHints":{"allow":["GET"]}}],"collection":[{"href":"https:\/\/jak.fi\/de\/wp-json\/wp\/v2\/product"}],"about":[{"href":"https:\/\/jak.fi\/de\/wp-json\/wp\/v2\/types\/product"}],"wp:featuredmedia":[{"embeddable":true,"href":"https:\/\/jak.fi\/de\/wp-json\/wp\/v2\/media\/5609"}],"wp:attachment":[{"href":"https:\/\/jak.fi\/de\/wp-json\/wp\/v2\/media?parent=5608"}],"wp:term":[{"taxonomy":"product_brand","embeddable":true,"href":"https:\/\/jak.fi\/de\/wp-json\/wp\/v2\/product_brand?post=5608"},{"taxonomy":"product_cat","embeddable":true,"href":"https:\/\/jak.fi\/de\/wp-json\/wp\/v2\/product_cat?post=5608"},{"taxonomy":"product_tag","embeddable":true,"href":"https:\/\/jak.fi\/de\/wp-json\/wp\/v2\/product_tag?post=5608"}],"curies":[{"name":"wp","href":"https:\/\/api.w.org\/{rel}","templated":true}]}}