{"id":5618,"date":"2024-06-03T08:00:59","date_gmt":"2024-06-03T05:00:59","guid":{"rendered":"https:\/\/jak.fi\/products\/unkategorisiert\/jak-200r-gen4-energiegreifer-fuer-lader-und-greifer\/"},"modified":"2025-04-01T14:04:04","modified_gmt":"2025-04-01T11:04:04","slug":"jak-200r-gen4-faellgreifer-fuer-radlader-und-teleskoplader","status":"publish","type":"product","link":"https:\/\/jak.fi\/de\/produkte\/fallgreifer-fur-radlader-teleskoplader\/jak-200r-gen4-faellgreifer-fuer-radlader-und-teleskoplader\/","title":{"rendered":"JAK-200R F\u00e4llgreifer GEN4 f\u00fcr einen radlader und Teleskoplader"},"content":{"rendered":"<h2><strong>Der JAK-200R F\u00e4llgreifer kann mit einem 360\u00b0-Rotationssystem ausgestattet werden!<\/strong><\/h2>\n<p>Der F\u00e4llgreifer JAK-200R f\u00fcr einen radlader und Teleskoplader ist eine kompakte und effiziente L\u00f6sung, die dank ihres austauschbaren Heckteils eine ausgezeichnete Flexibilit\u00e4t bietet. Dieser vielseitige F\u00e4llgreifer kann mit einem 360\u00b0-Rotationssystem ausgestattet werden, das eine freie Drehung des Greifers in beide Richtungen entlang der K\u00f6rperachse erm\u00f6glicht. Diese Funktion verbessert die Genauigkeit und die Arbeitseffizienz, insbesondere unter engen und anspruchsvollen Bedingungen.  <\/p>\n<p>Die Konstruktion mit zwei Greifarmen sorgt f\u00fcr einen stabilen und sicheren Halt am Baumstamm. Mit diesem F\u00e4llgreifer k\u00f6nnen B\u00e4ume m\u00fchelos bis zu einem Durchmesser von 200 mm gerodet werden. Dank der abnehmbaren Klinge kann der F\u00e4llgreifer auch als herk\u00f6mmlicher Holzgreifer verwendet werden.  <\/p>\n<p>Durch den Austausch des hinteren Teils des JAK-200R F\u00e4llgreifers f\u00fcr einen Radlader und Teleskoplader kann er auch auf Baggern eingesetzt werden.<\/p>\n<p>In der Herstellung verwenden wir hochfesten Hardox\u00ae-Verschlei\u00dfstahl, der Haltbarkeit und Zuverl\u00e4ssigkeit unter allen Bedingungen garantiert. Heimatproduktion und hochwertige Materialien bilden die Grundlage des JAK-200R GEN4 F\u00e4llgreifers. <\/p>\n<div class=\"wp-block-button\"><a class=\"wp-block-button__link has-text-align-center wp-element-button\" href=\"https:\/\/jak.fi\/de\/gen4-jak-fallgreifer-neue-updates-und-verbesserte-leistung\/\" target=\"_blank\" rel=\"noopener\">Lesen Sie mehr \u00fcber GEN4 Updates<\/a><\/div>\n<div><\/div>\n","protected":false},"excerpt":{"rendered":"<ul>\n<li>Verf\u00fcgbar mit 360\u00b0 Rotator System<\/li>\n<li>Verf\u00fcgbar mit einer optionalen Hydraulikleitung<\/li>\n<li>Hergestellt aus Hardox \u00ae verschlei\u00dffestem Stahl<\/li>\n<li>CE-gepr\u00fcft<\/li>\n<li>Hergestellt in Finnland<\/li>\n<li>Abnehmbare Klinge<\/li>\n<\/ul>\n","protected":false},"featured_media":5619,"template":"","meta":{"_acf_changed":false},"product_brand":[],"product_cat":[598],"product_tag":[],"class_list":{"0":"post-5618","1":"product","2":"type-product","3":"status-publish","4":"has-post-thumbnail","6":"product_cat-fallgreifer-fur-radlader-teleskoplader","8":"first","9":"instock","10":"shipping-taxable","11":"product-type-simple"},"acf":[],"yoast_head":"<!-- This site is optimized with the Yoast SEO plugin v27.3 - https:\/\/yoast.com\/product\/yoast-seo-wordpress\/ -->\n<title>JAK-200R F\u00e4llgreifer GEN4 f\u00fcr einen radlader und Teleskoplader &#8211; JAK-Metalli Oy<\/title>\n<meta name=\"description\" content=\"Der JAK-200R F\u00e4llgreifer f\u00fcr einen radlader und Teleskoplader ist ein kompakter und leistungsstarker F\u00e4llgreifer, mit dem Sie m\u00fchelos Holz bis zu einer St\u00e4rke von 200 mm schneiden k\u00f6nnen.\" \/>\n<meta name=\"robots\" content=\"index, follow, max-snippet:-1, max-image-preview:large, max-video-preview:-1\" \/>\n<link rel=\"canonical\" href=\"https:\/\/jak.fi\/de\/produkte\/fallgreifer-fur-radlader-teleskoplader\/jak-200r-gen4-faellgreifer-fuer-radlader-und-teleskoplader\/\" \/>\n<meta property=\"og:locale\" content=\"de_DE\" \/>\n<meta property=\"og:type\" content=\"article\" \/>\n<meta property=\"og:title\" content=\"JAK-200R F\u00e4llgreifer GEN4 f\u00fcr einen radlader und Teleskoplader &#8211; JAK-Metalli Oy\" \/>\n<meta property=\"og:description\" content=\"Der JAK-200R F\u00e4llgreifer f\u00fcr einen radlader und Teleskoplader ist ein kompakter und leistungsstarker F\u00e4llgreifer, mit dem Sie m\u00fchelos Holz bis zu einer St\u00e4rke von 200 mm schneiden k\u00f6nnen.\" \/>\n<meta property=\"og:url\" content=\"https:\/\/jak.fi\/de\/produkte\/fallgreifer-fur-radlader-teleskoplader\/jak-200r-gen4-faellgreifer-fuer-radlader-und-teleskoplader\/\" \/>\n<meta property=\"og:site_name\" content=\"JAK-Metalli Oy\" \/>\n<meta property=\"article:publisher\" content=\"https:\/\/www.facebook.com\/jaktreeshears\" \/>\n<meta property=\"article:modified_time\" content=\"2025-04-01T11:04:04+00:00\" \/>\n<meta property=\"og:image\" content=\"https:\/\/jak.fi\/wp-content\/uploads\/2024\/06\/jak-200r-tree-shear-for-wheel-loaders-and-telehandlers-front-right-view-1.png\" \/>\n\t<meta property=\"og:image:width\" content=\"1000\" \/>\n\t<meta property=\"og:image:height\" content=\"666\" \/>\n\t<meta property=\"og:image:type\" content=\"image\/png\" \/>\n<meta name=\"twitter:card\" content=\"summary_large_image\" \/>\n<meta name=\"twitter:label1\" content=\"Gesch\u00e4tzte Lesezeit\" \/>\n\t<meta name=\"twitter:data1\" content=\"2\u00a0Minute\" \/>\n<script type=\"application\/ld+json\" class=\"yoast-schema-graph\">{\"@context\":\"https:\\\/\\\/schema.org\",\"@graph\":[{\"@type\":\"WebPage\",\"@id\":\"https:\\\/\\\/jak.fi\\\/de\\\/produkte\\\/fallgreifer-fur-radlader-teleskoplader\\\/jak-200r-gen4-faellgreifer-fuer-radlader-und-teleskoplader\\\/\",\"url\":\"https:\\\/\\\/jak.fi\\\/de\\\/produkte\\\/fallgreifer-fur-radlader-teleskoplader\\\/jak-200r-gen4-faellgreifer-fuer-radlader-und-teleskoplader\\\/\",\"name\":\"JAK-200R F\u00e4llgreifer GEN4 f\u00fcr einen radlader und Teleskoplader &#8211; JAK-Metalli Oy\",\"isPartOf\":{\"@id\":\"https:\\\/\\\/jak.fi\\\/de\\\/#website\"},\"primaryImageOfPage\":{\"@id\":\"https:\\\/\\\/jak.fi\\\/de\\\/produkte\\\/fallgreifer-fur-radlader-teleskoplader\\\/jak-200r-gen4-faellgreifer-fuer-radlader-und-teleskoplader\\\/#primaryimage\"},\"image\":{\"@id\":\"https:\\\/\\\/jak.fi\\\/de\\\/produkte\\\/fallgreifer-fur-radlader-teleskoplader\\\/jak-200r-gen4-faellgreifer-fuer-radlader-und-teleskoplader\\\/#primaryimage\"},\"thumbnailUrl\":\"https:\\\/\\\/jak.fi\\\/wp-content\\\/uploads\\\/2024\\\/06\\\/jak-200r-tree-shear-for-wheel-loaders-and-telehandlers-front-right-view-1.png\",\"datePublished\":\"2024-06-03T05:00:59+00:00\",\"dateModified\":\"2025-04-01T11:04:04+00:00\",\"description\":\"Der JAK-200R F\u00e4llgreifer f\u00fcr einen radlader und Teleskoplader ist ein kompakter und leistungsstarker F\u00e4llgreifer, mit dem Sie m\u00fchelos Holz bis zu einer St\u00e4rke von 200 mm schneiden k\u00f6nnen.\",\"breadcrumb\":{\"@id\":\"https:\\\/\\\/jak.fi\\\/de\\\/produkte\\\/fallgreifer-fur-radlader-teleskoplader\\\/jak-200r-gen4-faellgreifer-fuer-radlader-und-teleskoplader\\\/#breadcrumb\"},\"inLanguage\":\"de\",\"potentialAction\":[{\"@type\":\"ReadAction\",\"target\":[\"https:\\\/\\\/jak.fi\\\/de\\\/produkte\\\/fallgreifer-fur-radlader-teleskoplader\\\/jak-200r-gen4-faellgreifer-fuer-radlader-und-teleskoplader\\\/\"]}]},{\"@type\":\"ImageObject\",\"inLanguage\":\"de\",\"@id\":\"https:\\\/\\\/jak.fi\\\/de\\\/produkte\\\/fallgreifer-fur-radlader-teleskoplader\\\/jak-200r-gen4-faellgreifer-fuer-radlader-und-teleskoplader\\\/#primaryimage\",\"url\":\"https:\\\/\\\/jak.fi\\\/wp-content\\\/uploads\\\/2024\\\/06\\\/jak-200r-tree-shear-for-wheel-loaders-and-telehandlers-front-right-view-1.png\",\"contentUrl\":\"https:\\\/\\\/jak.fi\\\/wp-content\\\/uploads\\\/2024\\\/06\\\/jak-200r-tree-shear-for-wheel-loaders-and-telehandlers-front-right-view-1.png\",\"width\":1000,\"height\":666},{\"@type\":\"BreadcrumbList\",\"@id\":\"https:\\\/\\\/jak.fi\\\/de\\\/produkte\\\/fallgreifer-fur-radlader-teleskoplader\\\/jak-200r-gen4-faellgreifer-fuer-radlader-und-teleskoplader\\\/#breadcrumb\",\"itemListElement\":[{\"@type\":\"ListItem\",\"position\":1,\"name\":\"Etusivu\",\"item\":\"https:\\\/\\\/jak.fi\\\/de\\\/\"},{\"@type\":\"ListItem\",\"position\":2,\"name\":\"Produkte\",\"item\":\"https:\\\/\\\/jak.fi\\\/de\\\/produkte\\\/\"},{\"@type\":\"ListItem\",\"position\":3,\"name\":\"JAK-200R F\u00e4llgreifer GEN4 f\u00fcr einen radlader und Teleskoplader\"}]},{\"@type\":\"WebSite\",\"@id\":\"https:\\\/\\\/jak.fi\\\/de\\\/#website\",\"url\":\"https:\\\/\\\/jak.fi\\\/de\\\/\",\"name\":\"JAK-Metalli Oy\",\"description\":\"\",\"publisher\":{\"@id\":\"https:\\\/\\\/jak.fi\\\/de\\\/#organization\"},\"alternateName\":\"JAK Tree shears\",\"potentialAction\":[{\"@type\":\"SearchAction\",\"target\":{\"@type\":\"EntryPoint\",\"urlTemplate\":\"https:\\\/\\\/jak.fi\\\/de\\\/?s={search_term_string}\"},\"query-input\":{\"@type\":\"PropertyValueSpecification\",\"valueRequired\":true,\"valueName\":\"search_term_string\"}}],\"inLanguage\":\"de\"},{\"@type\":\"Organization\",\"@id\":\"https:\\\/\\\/jak.fi\\\/de\\\/#organization\",\"name\":\"JAK-Metalli Oy\",\"alternateName\":\"JAK Tree shears\",\"url\":\"https:\\\/\\\/jak.fi\\\/de\\\/\",\"logo\":{\"@type\":\"ImageObject\",\"inLanguage\":\"de\",\"@id\":\"https:\\\/\\\/jak.fi\\\/de\\\/#\\\/schema\\\/logo\\\/image\\\/\",\"url\":\"https:\\\/\\\/jak.fi\\\/wp-content\\\/uploads\\\/2024\\\/09\\\/JAK-logo-696x696-1.jpg\",\"contentUrl\":\"https:\\\/\\\/jak.fi\\\/wp-content\\\/uploads\\\/2024\\\/09\\\/JAK-logo-696x696-1.jpg\",\"width\":696,\"height\":696,\"caption\":\"JAK-Metalli Oy\"},\"image\":{\"@id\":\"https:\\\/\\\/jak.fi\\\/de\\\/#\\\/schema\\\/logo\\\/image\\\/\"},\"sameAs\":[\"https:\\\/\\\/www.facebook.com\\\/jaktreeshears\",\"https:\\\/\\\/www.instagram.com\\\/jaktreeshears\\\/\",\"https:\\\/\\\/www.youtube.com\\\/channel\\\/UCAwvaVhBBkPie8MeAGbdY1w\"]}]}<\/script>\n<!-- \/ Yoast SEO plugin. -->","yoast_head_json":{"title":"JAK-200R F\u00e4llgreifer GEN4 f\u00fcr einen radlader und Teleskoplader &#8211; JAK-Metalli Oy","description":"Der JAK-200R F\u00e4llgreifer f\u00fcr einen radlader und Teleskoplader ist ein kompakter und leistungsstarker F\u00e4llgreifer, mit dem Sie m\u00fchelos Holz bis zu einer St\u00e4rke von 200 mm schneiden k\u00f6nnen.","robots":{"index":"index","follow":"follow","max-snippet":"max-snippet:-1","max-image-preview":"max-image-preview:large","max-video-preview":"max-video-preview:-1"},"canonical":"https:\/\/jak.fi\/de\/produkte\/fallgreifer-fur-radlader-teleskoplader\/jak-200r-gen4-faellgreifer-fuer-radlader-und-teleskoplader\/","og_locale":"de_DE","og_type":"article","og_title":"JAK-200R F\u00e4llgreifer GEN4 f\u00fcr einen radlader und Teleskoplader &#8211; JAK-Metalli Oy","og_description":"Der JAK-200R F\u00e4llgreifer f\u00fcr einen radlader und Teleskoplader ist ein kompakter und leistungsstarker F\u00e4llgreifer, mit dem Sie m\u00fchelos Holz bis zu einer St\u00e4rke von 200 mm schneiden k\u00f6nnen.","og_url":"https:\/\/jak.fi\/de\/produkte\/fallgreifer-fur-radlader-teleskoplader\/jak-200r-gen4-faellgreifer-fuer-radlader-und-teleskoplader\/","og_site_name":"JAK-Metalli Oy","article_publisher":"https:\/\/www.facebook.com\/jaktreeshears","article_modified_time":"2025-04-01T11:04:04+00:00","og_image":[{"width":1000,"height":666,"url":"https:\/\/jak.fi\/wp-content\/uploads\/2024\/06\/jak-200r-tree-shear-for-wheel-loaders-and-telehandlers-front-right-view-1.png","type":"image\/png"}],"twitter_card":"summary_large_image","twitter_misc":{"Gesch\u00e4tzte Lesezeit":"2\u00a0Minute"},"schema":{"@context":"https:\/\/schema.org","@graph":[{"@type":"WebPage","@id":"https:\/\/jak.fi\/de\/produkte\/fallgreifer-fur-radlader-teleskoplader\/jak-200r-gen4-faellgreifer-fuer-radlader-und-teleskoplader\/","url":"https:\/\/jak.fi\/de\/produkte\/fallgreifer-fur-radlader-teleskoplader\/jak-200r-gen4-faellgreifer-fuer-radlader-und-teleskoplader\/","name":"JAK-200R F\u00e4llgreifer GEN4 f\u00fcr einen radlader und Teleskoplader &#8211; JAK-Metalli Oy","isPartOf":{"@id":"https:\/\/jak.fi\/de\/#website"},"primaryImageOfPage":{"@id":"https:\/\/jak.fi\/de\/produkte\/fallgreifer-fur-radlader-teleskoplader\/jak-200r-gen4-faellgreifer-fuer-radlader-und-teleskoplader\/#primaryimage"},"image":{"@id":"https:\/\/jak.fi\/de\/produkte\/fallgreifer-fur-radlader-teleskoplader\/jak-200r-gen4-faellgreifer-fuer-radlader-und-teleskoplader\/#primaryimage"},"thumbnailUrl":"https:\/\/jak.fi\/wp-content\/uploads\/2024\/06\/jak-200r-tree-shear-for-wheel-loaders-and-telehandlers-front-right-view-1.png","datePublished":"2024-06-03T05:00:59+00:00","dateModified":"2025-04-01T11:04:04+00:00","description":"Der JAK-200R F\u00e4llgreifer f\u00fcr einen radlader und Teleskoplader ist ein kompakter und leistungsstarker F\u00e4llgreifer, mit dem Sie m\u00fchelos Holz bis zu einer St\u00e4rke von 200 mm schneiden k\u00f6nnen.","breadcrumb":{"@id":"https:\/\/jak.fi\/de\/produkte\/fallgreifer-fur-radlader-teleskoplader\/jak-200r-gen4-faellgreifer-fuer-radlader-und-teleskoplader\/#breadcrumb"},"inLanguage":"de","potentialAction":[{"@type":"ReadAction","target":["https:\/\/jak.fi\/de\/produkte\/fallgreifer-fur-radlader-teleskoplader\/jak-200r-gen4-faellgreifer-fuer-radlader-und-teleskoplader\/"]}]},{"@type":"ImageObject","inLanguage":"de","@id":"https:\/\/jak.fi\/de\/produkte\/fallgreifer-fur-radlader-teleskoplader\/jak-200r-gen4-faellgreifer-fuer-radlader-und-teleskoplader\/#primaryimage","url":"https:\/\/jak.fi\/wp-content\/uploads\/2024\/06\/jak-200r-tree-shear-for-wheel-loaders-and-telehandlers-front-right-view-1.png","contentUrl":"https:\/\/jak.fi\/wp-content\/uploads\/2024\/06\/jak-200r-tree-shear-for-wheel-loaders-and-telehandlers-front-right-view-1.png","width":1000,"height":666},{"@type":"BreadcrumbList","@id":"https:\/\/jak.fi\/de\/produkte\/fallgreifer-fur-radlader-teleskoplader\/jak-200r-gen4-faellgreifer-fuer-radlader-und-teleskoplader\/#breadcrumb","itemListElement":[{"@type":"ListItem","position":1,"name":"Etusivu","item":"https:\/\/jak.fi\/de\/"},{"@type":"ListItem","position":2,"name":"Produkte","item":"https:\/\/jak.fi\/de\/produkte\/"},{"@type":"ListItem","position":3,"name":"JAK-200R F\u00e4llgreifer GEN4 f\u00fcr einen radlader und Teleskoplader"}]},{"@type":"WebSite","@id":"https:\/\/jak.fi\/de\/#website","url":"https:\/\/jak.fi\/de\/","name":"JAK-Metalli Oy","description":"","publisher":{"@id":"https:\/\/jak.fi\/de\/#organization"},"alternateName":"JAK Tree shears","potentialAction":[{"@type":"SearchAction","target":{"@type":"EntryPoint","urlTemplate":"https:\/\/jak.fi\/de\/?s={search_term_string}"},"query-input":{"@type":"PropertyValueSpecification","valueRequired":true,"valueName":"search_term_string"}}],"inLanguage":"de"},{"@type":"Organization","@id":"https:\/\/jak.fi\/de\/#organization","name":"JAK-Metalli Oy","alternateName":"JAK Tree shears","url":"https:\/\/jak.fi\/de\/","logo":{"@type":"ImageObject","inLanguage":"de","@id":"https:\/\/jak.fi\/de\/#\/schema\/logo\/image\/","url":"https:\/\/jak.fi\/wp-content\/uploads\/2024\/09\/JAK-logo-696x696-1.jpg","contentUrl":"https:\/\/jak.fi\/wp-content\/uploads\/2024\/09\/JAK-logo-696x696-1.jpg","width":696,"height":696,"caption":"JAK-Metalli Oy"},"image":{"@id":"https:\/\/jak.fi\/de\/#\/schema\/logo\/image\/"},"sameAs":["https:\/\/www.facebook.com\/jaktreeshears","https:\/\/www.instagram.com\/jaktreeshears\/","https:\/\/www.youtube.com\/channel\/UCAwvaVhBBkPie8MeAGbdY1w"]}]}},"_links":{"self":[{"href":"https:\/\/jak.fi\/de\/wp-json\/wp\/v2\/product\/5618","targetHints":{"allow":["GET"]}}],"collection":[{"href":"https:\/\/jak.fi\/de\/wp-json\/wp\/v2\/product"}],"about":[{"href":"https:\/\/jak.fi\/de\/wp-json\/wp\/v2\/types\/product"}],"wp:featuredmedia":[{"embeddable":true,"href":"https:\/\/jak.fi\/de\/wp-json\/wp\/v2\/media\/5619"}],"wp:attachment":[{"href":"https:\/\/jak.fi\/de\/wp-json\/wp\/v2\/media?parent=5618"}],"wp:term":[{"taxonomy":"product_brand","embeddable":true,"href":"https:\/\/jak.fi\/de\/wp-json\/wp\/v2\/product_brand?post=5618"},{"taxonomy":"product_cat","embeddable":true,"href":"https:\/\/jak.fi\/de\/wp-json\/wp\/v2\/product_cat?post=5618"},{"taxonomy":"product_tag","embeddable":true,"href":"https:\/\/jak.fi\/de\/wp-json\/wp\/v2\/product_tag?post=5618"}],"curies":[{"name":"wp","href":"https:\/\/api.w.org\/{rel}","templated":true}]}}