{"id":995,"date":"2024-05-28T09:32:03","date_gmt":"2024-05-28T06:32:03","guid":{"rendered":"https:\/\/jak.fi\/?page_id=995"},"modified":"2024-09-17T09:28:02","modified_gmt":"2024-09-17T06:28:02","slug":"jak-as-an-employer","status":"publish","type":"page","link":"https:\/\/jak.fi\/en\/company\/jak-as-an-employer\/","title":{"rendered":"JAK as an Employer"},"content":{"rendered":"\n<div style=\"height:30px\" aria-hidden=\"true\" class=\"wp-block-spacer\"><\/div>\n\n\n\n<p class=\"has-text-align-center has-red-color has-text-color has-link-color has-medium-font-size wp-elements-2fc89041bf2529d73de71910672ad82c\">Our vision is to be the best, most desired, and most reliable partner internationally in the manufacturing of tree shears, so we want to invest in expertise and the desire to become the best in the field.<\/p>\n\n\n\n<h2 class=\"wp-block-heading has-text-align-center\">JAK-Metalli Oy as an Employer<\/h2>\n\n\n\n<div class=\"wp-block-columns is-layout-flex wp-container-core-columns-is-layout-9d6595d7 wp-block-columns-is-layout-flex\">\n<div class=\"wp-block-column is-layout-flow wp-block-column-is-layout-flow\">\n<p>JAK-Metalli Oy is a growth-oriented SME with a strong vision for internationalization. As an employer, we currently offer employment to around 20 people. Additionally, our operations are closely linked with a significant number of personnel in sales, marketing, and logistics.<\/p>\n\n\n\n<p>Our operations are based at our factory in M\u00e4ntt\u00e4, which provides high-quality facilities for production and employee comfort. Our fundamental principle is that each of our products is manufactured from start to finish in-house, allowing us to monitor production quality at every stage. This also enables our staff to see the tangible results of their work.<\/p>\n<\/div>\n\n\n\n<div class=\"wp-block-column is-layout-flow wp-block-column-is-layout-flow\">\n<p>Our factory combines modern automation with the Finnish craftsmanship. This is one of the cornerstones of our operations, as we have never wanted to compete on the market with lower prices and poorer quality. Finnish work is valued worldwide, and we want this to be reflected in our products. Therefore, we are particularly proud of our skilled employees, to whom the credit for the quality of our products belongs.<\/p>\n\n\n\n<p>Our committed employees genuinely contribute to the company&#8217;s operations, and the spirit of teamwork is palpable. Our work community also has a close-knit and humorous atmosphere, making it a pleasant place to work.<\/p>\n<\/div>\n<\/div>\n\n\n\n<figure class=\"wp-block-image size-large\"><img loading=\"lazy\" decoding=\"async\" width=\"1200\" height=\"800\" src=\"https:\/\/jak.fi\/wp-content\/uploads\/2024\/06\/henkilosto-kuvitus-3-1200x800.jpg\" alt=\"\" class=\"wp-image-943\" srcset=\"https:\/\/jak.fi\/wp-content\/uploads\/2024\/06\/henkilosto-kuvitus-3-1200x800.jpg 1200w, https:\/\/jak.fi\/wp-content\/uploads\/2024\/06\/henkilosto-kuvitus-3-700x467.jpg 700w, https:\/\/jak.fi\/wp-content\/uploads\/2024\/06\/henkilosto-kuvitus-3-768x512.jpg 768w, https:\/\/jak.fi\/wp-content\/uploads\/2024\/06\/henkilosto-kuvitus-3-1536x1024.jpg 1536w, https:\/\/jak.fi\/wp-content\/uploads\/2024\/06\/henkilosto-kuvitus-3-800x533.jpg 800w, https:\/\/jak.fi\/wp-content\/uploads\/2024\/06\/henkilosto-kuvitus-3.jpg 1920w\" sizes=\"auto, (max-width: 1200px) 100vw, 1200px\" \/><\/figure>\n\n\n\n<div class=\"wp-block-media-text is-stacked-on-mobile is-image-fill\"><figure class=\"wp-block-media-text__media\" style=\"background-image:url(https:\/\/jak.fi\/wp-content\/uploads\/2024\/06\/henkilosto-kuvitus-4-1200x800.jpg);background-position:50% 50%\"><img loading=\"lazy\" decoding=\"async\" width=\"1200\" height=\"800\" src=\"https:\/\/jak.fi\/wp-content\/uploads\/2024\/06\/henkilosto-kuvitus-4-1200x800.jpg\" alt=\"\" class=\"wp-image-938 size-full\" srcset=\"https:\/\/jak.fi\/wp-content\/uploads\/2024\/06\/henkilosto-kuvitus-4-1200x800.jpg 1200w, https:\/\/jak.fi\/wp-content\/uploads\/2024\/06\/henkilosto-kuvitus-4-700x467.jpg 700w, https:\/\/jak.fi\/wp-content\/uploads\/2024\/06\/henkilosto-kuvitus-4-768x512.jpg 768w, https:\/\/jak.fi\/wp-content\/uploads\/2024\/06\/henkilosto-kuvitus-4-1536x1024.jpg 1536w, https:\/\/jak.fi\/wp-content\/uploads\/2024\/06\/henkilosto-kuvitus-4-800x533.jpg 800w, https:\/\/jak.fi\/wp-content\/uploads\/2024\/06\/henkilosto-kuvitus-4.jpg 1920w\" sizes=\"auto, (max-width: 1200px) 100vw, 1200px\" \/><\/figure><div class=\"wp-block-media-text__content\">\n<h3 class=\"wp-block-heading\">FAQ<\/h3>\n\n\n\n<p><strong>What kind of professionals are you particularly interested in?<br><\/strong>Professionals in metal industry production tasks.<\/p>\n\n\n\n<p><strong>Can I submit an open application?<br><\/strong>Of course! Send an open application using the form below or email <a href=\"mailto:rekry@jak.fi\">rekry@jak.fi<\/a>.<\/p>\n\n\n\n<p><strong>Do you hire summer workers?<br><\/strong>Our factory is closed in July, so we do not need summer workers.<\/p>\n\n\n\n<p><strong>Do you offer opportunities for internships or thesis work?<br><\/strong>Yes! Feel free to contact us and let&#8217;s discuss further.<\/p>\n<\/div><\/div>\n\n\n\n<h2 class=\"wp-block-heading\">Contact us<\/h2>\n\n\n\n<div class=\"wpcf7 no-js\" id=\"wpcf7-f1436-o1\" lang=\"en-US\" dir=\"ltr\" data-wpcf7-id=\"1436\">\n<div class=\"screen-reader-response\"><p role=\"status\" aria-live=\"polite\" aria-atomic=\"true\"><\/p> <ul><\/ul><\/div>\n<form action=\"\/en\/wp-json\/wp\/v2\/pages\/995#wpcf7-f1436-o1\" method=\"post\" class=\"wpcf7-form init\" aria-label=\"Contact form\" novalidate=\"novalidate\" data-status=\"init\">\n<fieldset class=\"hidden-fields-container\"><input type=\"hidden\" name=\"_wpcf7\" value=\"1436\" \/><input type=\"hidden\" name=\"_wpcf7_version\" value=\"6.1.5\" \/><input type=\"hidden\" name=\"_wpcf7_locale\" value=\"en_US\" \/><input type=\"hidden\" name=\"_wpcf7_unit_tag\" value=\"wpcf7-f1436-o1\" \/><input type=\"hidden\" name=\"_wpcf7_container_post\" value=\"0\" \/><input type=\"hidden\" name=\"_wpcf7_posted_data_hash\" value=\"\" \/><input type=\"hidden\" name=\"_wpcf7_recaptcha_response\" value=\"\" \/>\n<\/fieldset>\n<div class=\"row\">\n\t<div class=\"col-6 col-md-12 col-lg-6\">\n\t\t<div class=\"form-group\">\n\t\t\t<p><label class=\"control-label\">First name<\/label><br \/>\n<span class=\"wpcf7-form-control-wrap\" data-name=\"etunimi\"><input size=\"40\" maxlength=\"400\" class=\"wpcf7-form-control wpcf7-text wpcf7-validates-as-required form-control\" aria-required=\"true\" aria-invalid=\"false\" value=\"\" type=\"text\" name=\"etunimi\" \/><\/span>\n\t\t\t<\/p>\n\t\t<\/div>\n\t<\/div>\n\t<div class=\"col-6 col-md-12 col-lg-6\">\n\t\t<div class=\"form-group\">\n\t\t\t<p><label class=\"control-label\">Last name<\/label><br \/>\n<span class=\"wpcf7-form-control-wrap\" data-name=\"sukunimi\"><input size=\"40\" maxlength=\"400\" class=\"wpcf7-form-control wpcf7-text wpcf7-validates-as-required form-control\" aria-required=\"true\" aria-invalid=\"false\" value=\"\" type=\"text\" name=\"sukunimi\" \/><\/span>\n\t\t\t<\/p>\n\t\t<\/div>\n\t<\/div>\n<\/div>\n<div class=\"form-group\">\n\t<p><label class=\"control-label\">Email<\/label><br \/>\n<span class=\"wpcf7-form-control-wrap\" data-name=\"sahkoposti\"><input size=\"40\" maxlength=\"400\" class=\"wpcf7-form-control wpcf7-email wpcf7-validates-as-required wpcf7-text wpcf7-validates-as-email form-control\" autocomplete=\"email\" aria-required=\"true\" aria-invalid=\"false\" value=\"\" type=\"email\" name=\"sahkoposti\" \/><\/span>\n\t<\/p>\n<\/div>\n<div class=\"form-group\">\n\t<p><label class=\"control-label\">Message<\/label><br \/>\n<span class=\"wpcf7-form-control-wrap\" data-name=\"viestisi\"><textarea cols=\"40\" rows=\"3\" maxlength=\"2000\" class=\"wpcf7-form-control wpcf7-textarea wpcf7-validates-as-required form-control\" aria-required=\"true\" aria-invalid=\"false\" name=\"viestisi\"><\/textarea><\/span>\n\t<\/p>\n<\/div>\n<p><span id=\"wpcf7-69e497b91ef36-wrapper\" class=\"wpcf7-form-control-wrap email-65-wrap\" style=\"display:none !important; visibility:hidden !important;\"><input type=\"hidden\" name=\"email-65-time-start\" value=\"1776588729\"><input type=\"hidden\" name=\"email-65-time-check\" value=\"10\"><label for=\"wpcf7-69e497b91ef36-field\" class=\"hp-message\">Please leave this field empty.<\/label><input id=\"wpcf7-69e497b91ef36-field\"  class=\"wpcf7-form-control wpcf7-text\" type=\"text\" name=\"email-65\" value=\"\" size=\"40\" tabindex=\"-1\" autocomplete=\"new-password\" \/><\/span><br \/>\n<span class=\"wpcf7-form-control-wrap recaptcha\" data-name=\"recaptcha\"><span data-sitekey=\"6LeH2ykqAAAAABeGFDaq9eWSEJ__65SpcwjgWBPL\" class=\"wpcf7-form-control wpcf7-recaptcha g-recaptcha\"><\/span>\r\n<noscript>\r\n\t<div class=\"grecaptcha-noscript\">\r\n\t\t<iframe loading=\"lazy\" src=\"https:\/\/www.google.com\/recaptcha\/api\/fallback?k=6LeH2ykqAAAAABeGFDaq9eWSEJ__65SpcwjgWBPL\" frameborder=\"0\" scrolling=\"no\" width=\"310\" height=\"430\">\r\n\t\t<\/iframe>\r\n\t\t<textarea name=\"g-recaptcha-response\" rows=\"3\" cols=\"40\" placeholder=\"reCaptcha Response Here\">\r\n\t\t<\/textarea>\r\n\t<\/div>\r\n<\/noscript>\r\n<\/span><br \/>\n<input class=\"wpcf7-form-control wpcf7-submit has-spinner btn\" type=\"submit\" value=\"Send\" \/>\n<\/p><div class=\"wpcf7-response-output\" aria-hidden=\"true\"><\/div>\n<\/form>\n<\/div>\n\n","protected":false},"excerpt":{"rendered":"<p>Our vision is to be the best, most desired, and most reliable partner internationally in the manufacturing of tree shears, so we want to invest in expertise and the desire to become the best in the field. JAK-Metalli Oy as an Employer JAK-Metalli Oy is a growth-oriented SME with a strong vision for internationalization. As [&hellip;]<\/p>\n","protected":false},"author":1,"featured_media":1019,"parent":1009,"menu_order":86,"comment_status":"closed","ping_status":"closed","template":"","meta":{"_acf_changed":false,"footnotes":""},"class_list":["post-995","page","type-page","status-publish","has-post-thumbnail","hentry"],"acf":[],"yoast_head":"<!-- This site is optimized with the Yoast SEO plugin v27.3 - https:\/\/yoast.com\/product\/yoast-seo-wordpress\/ -->\n<title>JAK as an Employer &#8211; JAK-Metalli Oy<\/title>\n<meta name=\"description\" content=\"Our vision is to be the best, most desired, and most reliable partner internationally in the manufacturing of tree shears.\" \/>\n<meta name=\"robots\" content=\"index, follow, max-snippet:-1, max-image-preview:large, max-video-preview:-1\" \/>\n<link rel=\"canonical\" href=\"https:\/\/jak.fi\/en\/company\/jak-as-an-employer\/\" \/>\n<meta property=\"og:locale\" content=\"en_US\" \/>\n<meta property=\"og:type\" content=\"article\" \/>\n<meta property=\"og:title\" content=\"JAK as an Employer &#8211; JAK-Metalli Oy\" \/>\n<meta property=\"og:description\" content=\"Our vision is to be the best, most desired, and most reliable partner internationally in the manufacturing of tree shears.\" \/>\n<meta property=\"og:url\" content=\"https:\/\/jak.fi\/en\/company\/jak-as-an-employer\/\" \/>\n<meta property=\"og:site_name\" content=\"JAK-Metalli Oy\" \/>\n<meta property=\"article:publisher\" content=\"https:\/\/www.facebook.com\/jaktreeshears\" \/>\n<meta property=\"article:modified_time\" content=\"2024-09-17T06:28:02+00:00\" \/>\n<meta property=\"og:image\" content=\"https:\/\/jak.fi\/wp-content\/uploads\/2024\/06\/JAK_header_employer.jpg\" \/>\n\t<meta property=\"og:image:width\" content=\"2240\" \/>\n\t<meta property=\"og:image:height\" content=\"700\" \/>\n\t<meta property=\"og:image:type\" content=\"image\/jpeg\" \/>\n<meta name=\"twitter:card\" content=\"summary_large_image\" \/>\n<meta name=\"twitter:label1\" content=\"Est. reading time\" \/>\n\t<meta name=\"twitter:data1\" content=\"3 minutes\" \/>\n<script type=\"application\/ld+json\" class=\"yoast-schema-graph\">{\"@context\":\"https:\\\/\\\/schema.org\",\"@graph\":[{\"@type\":\"WebPage\",\"@id\":\"https:\\\/\\\/jak.fi\\\/en\\\/company\\\/jak-as-an-employer\\\/\",\"url\":\"https:\\\/\\\/jak.fi\\\/en\\\/company\\\/jak-as-an-employer\\\/\",\"name\":\"JAK as an Employer &#8211; JAK-Metalli Oy\",\"isPartOf\":{\"@id\":\"https:\\\/\\\/jak.fi\\\/en\\\/#website\"},\"primaryImageOfPage\":{\"@id\":\"https:\\\/\\\/jak.fi\\\/en\\\/company\\\/jak-as-an-employer\\\/#primaryimage\"},\"image\":{\"@id\":\"https:\\\/\\\/jak.fi\\\/en\\\/company\\\/jak-as-an-employer\\\/#primaryimage\"},\"thumbnailUrl\":\"https:\\\/\\\/jak.fi\\\/wp-content\\\/uploads\\\/2024\\\/06\\\/JAK_header_employer.jpg\",\"datePublished\":\"2024-05-28T06:32:03+00:00\",\"dateModified\":\"2024-09-17T06:28:02+00:00\",\"description\":\"Our vision is to be the best, most desired, and most reliable partner internationally in the manufacturing of tree shears.\",\"breadcrumb\":{\"@id\":\"https:\\\/\\\/jak.fi\\\/en\\\/company\\\/jak-as-an-employer\\\/#breadcrumb\"},\"inLanguage\":\"en-US\",\"potentialAction\":[{\"@type\":\"ReadAction\",\"target\":[\"https:\\\/\\\/jak.fi\\\/en\\\/company\\\/jak-as-an-employer\\\/\"]}]},{\"@type\":\"ImageObject\",\"inLanguage\":\"en-US\",\"@id\":\"https:\\\/\\\/jak.fi\\\/en\\\/company\\\/jak-as-an-employer\\\/#primaryimage\",\"url\":\"https:\\\/\\\/jak.fi\\\/wp-content\\\/uploads\\\/2024\\\/06\\\/JAK_header_employer.jpg\",\"contentUrl\":\"https:\\\/\\\/jak.fi\\\/wp-content\\\/uploads\\\/2024\\\/06\\\/JAK_header_employer.jpg\",\"width\":2240,\"height\":700,\"caption\":\"JAK-tehtaalla iloinen ty\u00f6mies juttelemassa kollegansa kanssa, ty\u00f6skentely\u00e4 hyv\u00e4ss\u00e4 hengess\u00e4.\"},{\"@type\":\"BreadcrumbList\",\"@id\":\"https:\\\/\\\/jak.fi\\\/en\\\/company\\\/jak-as-an-employer\\\/#breadcrumb\",\"itemListElement\":[{\"@type\":\"ListItem\",\"position\":1,\"name\":\"Etusivu\",\"item\":\"https:\\\/\\\/jak.fi\\\/en\\\/\"},{\"@type\":\"ListItem\",\"position\":2,\"name\":\"JAK as an Employer\"}]},{\"@type\":\"WebSite\",\"@id\":\"https:\\\/\\\/jak.fi\\\/en\\\/#website\",\"url\":\"https:\\\/\\\/jak.fi\\\/en\\\/\",\"name\":\"JAK-Metalli Oy\",\"description\":\"\",\"publisher\":{\"@id\":\"https:\\\/\\\/jak.fi\\\/en\\\/#organization\"},\"alternateName\":\"JAK Tree shears\",\"potentialAction\":[{\"@type\":\"SearchAction\",\"target\":{\"@type\":\"EntryPoint\",\"urlTemplate\":\"https:\\\/\\\/jak.fi\\\/en\\\/?s={search_term_string}\"},\"query-input\":{\"@type\":\"PropertyValueSpecification\",\"valueRequired\":true,\"valueName\":\"search_term_string\"}}],\"inLanguage\":\"en-US\"},{\"@type\":\"Organization\",\"@id\":\"https:\\\/\\\/jak.fi\\\/en\\\/#organization\",\"name\":\"JAK-Metalli Oy\",\"alternateName\":\"JAK Tree shears\",\"url\":\"https:\\\/\\\/jak.fi\\\/en\\\/\",\"logo\":{\"@type\":\"ImageObject\",\"inLanguage\":\"en-US\",\"@id\":\"https:\\\/\\\/jak.fi\\\/en\\\/#\\\/schema\\\/logo\\\/image\\\/\",\"url\":\"https:\\\/\\\/jak.fi\\\/wp-content\\\/uploads\\\/2024\\\/09\\\/JAK-logo-696x696-1.jpg\",\"contentUrl\":\"https:\\\/\\\/jak.fi\\\/wp-content\\\/uploads\\\/2024\\\/09\\\/JAK-logo-696x696-1.jpg\",\"width\":696,\"height\":696,\"caption\":\"JAK-Metalli Oy\"},\"image\":{\"@id\":\"https:\\\/\\\/jak.fi\\\/en\\\/#\\\/schema\\\/logo\\\/image\\\/\"},\"sameAs\":[\"https:\\\/\\\/www.facebook.com\\\/jaktreeshears\",\"https:\\\/\\\/www.instagram.com\\\/jaktreeshears\\\/\",\"https:\\\/\\\/www.youtube.com\\\/channel\\\/UCAwvaVhBBkPie8MeAGbdY1w\"]}]}<\/script>\n<!-- \/ Yoast SEO plugin. -->","yoast_head_json":{"title":"JAK as an Employer &#8211; JAK-Metalli Oy","description":"Our vision is to be the best, most desired, and most reliable partner internationally in the manufacturing of tree shears.","robots":{"index":"index","follow":"follow","max-snippet":"max-snippet:-1","max-image-preview":"max-image-preview:large","max-video-preview":"max-video-preview:-1"},"canonical":"https:\/\/jak.fi\/en\/company\/jak-as-an-employer\/","og_locale":"en_US","og_type":"article","og_title":"JAK as an Employer &#8211; JAK-Metalli Oy","og_description":"Our vision is to be the best, most desired, and most reliable partner internationally in the manufacturing of tree shears.","og_url":"https:\/\/jak.fi\/en\/company\/jak-as-an-employer\/","og_site_name":"JAK-Metalli Oy","article_publisher":"https:\/\/www.facebook.com\/jaktreeshears","article_modified_time":"2024-09-17T06:28:02+00:00","og_image":[{"width":2240,"height":700,"url":"https:\/\/jak.fi\/wp-content\/uploads\/2024\/06\/JAK_header_employer.jpg","type":"image\/jpeg"}],"twitter_card":"summary_large_image","twitter_misc":{"Est. reading time":"3 minutes"},"schema":{"@context":"https:\/\/schema.org","@graph":[{"@type":"WebPage","@id":"https:\/\/jak.fi\/en\/company\/jak-as-an-employer\/","url":"https:\/\/jak.fi\/en\/company\/jak-as-an-employer\/","name":"JAK as an Employer &#8211; JAK-Metalli Oy","isPartOf":{"@id":"https:\/\/jak.fi\/en\/#website"},"primaryImageOfPage":{"@id":"https:\/\/jak.fi\/en\/company\/jak-as-an-employer\/#primaryimage"},"image":{"@id":"https:\/\/jak.fi\/en\/company\/jak-as-an-employer\/#primaryimage"},"thumbnailUrl":"https:\/\/jak.fi\/wp-content\/uploads\/2024\/06\/JAK_header_employer.jpg","datePublished":"2024-05-28T06:32:03+00:00","dateModified":"2024-09-17T06:28:02+00:00","description":"Our vision is to be the best, most desired, and most reliable partner internationally in the manufacturing of tree shears.","breadcrumb":{"@id":"https:\/\/jak.fi\/en\/company\/jak-as-an-employer\/#breadcrumb"},"inLanguage":"en-US","potentialAction":[{"@type":"ReadAction","target":["https:\/\/jak.fi\/en\/company\/jak-as-an-employer\/"]}]},{"@type":"ImageObject","inLanguage":"en-US","@id":"https:\/\/jak.fi\/en\/company\/jak-as-an-employer\/#primaryimage","url":"https:\/\/jak.fi\/wp-content\/uploads\/2024\/06\/JAK_header_employer.jpg","contentUrl":"https:\/\/jak.fi\/wp-content\/uploads\/2024\/06\/JAK_header_employer.jpg","width":2240,"height":700,"caption":"JAK-tehtaalla iloinen ty\u00f6mies juttelemassa kollegansa kanssa, ty\u00f6skentely\u00e4 hyv\u00e4ss\u00e4 hengess\u00e4."},{"@type":"BreadcrumbList","@id":"https:\/\/jak.fi\/en\/company\/jak-as-an-employer\/#breadcrumb","itemListElement":[{"@type":"ListItem","position":1,"name":"Etusivu","item":"https:\/\/jak.fi\/en\/"},{"@type":"ListItem","position":2,"name":"JAK as an Employer"}]},{"@type":"WebSite","@id":"https:\/\/jak.fi\/en\/#website","url":"https:\/\/jak.fi\/en\/","name":"JAK-Metalli Oy","description":"","publisher":{"@id":"https:\/\/jak.fi\/en\/#organization"},"alternateName":"JAK Tree shears","potentialAction":[{"@type":"SearchAction","target":{"@type":"EntryPoint","urlTemplate":"https:\/\/jak.fi\/en\/?s={search_term_string}"},"query-input":{"@type":"PropertyValueSpecification","valueRequired":true,"valueName":"search_term_string"}}],"inLanguage":"en-US"},{"@type":"Organization","@id":"https:\/\/jak.fi\/en\/#organization","name":"JAK-Metalli Oy","alternateName":"JAK Tree shears","url":"https:\/\/jak.fi\/en\/","logo":{"@type":"ImageObject","inLanguage":"en-US","@id":"https:\/\/jak.fi\/en\/#\/schema\/logo\/image\/","url":"https:\/\/jak.fi\/wp-content\/uploads\/2024\/09\/JAK-logo-696x696-1.jpg","contentUrl":"https:\/\/jak.fi\/wp-content\/uploads\/2024\/09\/JAK-logo-696x696-1.jpg","width":696,"height":696,"caption":"JAK-Metalli Oy"},"image":{"@id":"https:\/\/jak.fi\/en\/#\/schema\/logo\/image\/"},"sameAs":["https:\/\/www.facebook.com\/jaktreeshears","https:\/\/www.instagram.com\/jaktreeshears\/","https:\/\/www.youtube.com\/channel\/UCAwvaVhBBkPie8MeAGbdY1w"]}]}},"_links":{"self":[{"href":"https:\/\/jak.fi\/en\/wp-json\/wp\/v2\/pages\/995","targetHints":{"allow":["GET"]}}],"collection":[{"href":"https:\/\/jak.fi\/en\/wp-json\/wp\/v2\/pages"}],"about":[{"href":"https:\/\/jak.fi\/en\/wp-json\/wp\/v2\/types\/page"}],"author":[{"embeddable":true,"href":"https:\/\/jak.fi\/en\/wp-json\/wp\/v2\/users\/1"}],"replies":[{"embeddable":true,"href":"https:\/\/jak.fi\/en\/wp-json\/wp\/v2\/comments?post=995"}],"version-history":[{"count":4,"href":"https:\/\/jak.fi\/en\/wp-json\/wp\/v2\/pages\/995\/revisions"}],"predecessor-version":[{"id":1477,"href":"https:\/\/jak.fi\/en\/wp-json\/wp\/v2\/pages\/995\/revisions\/1477"}],"up":[{"embeddable":true,"href":"https:\/\/jak.fi\/en\/wp-json\/wp\/v2\/pages\/1009"}],"wp:featuredmedia":[{"embeddable":true,"href":"https:\/\/jak.fi\/en\/wp-json\/wp\/v2\/media\/1019"}],"wp:attachment":[{"href":"https:\/\/jak.fi\/en\/wp-json\/wp\/v2\/media?parent=995"}],"curies":[{"name":"wp","href":"https:\/\/api.w.org\/{rel}","templated":true}]}}