{"id":4604,"date":"2024-05-21T06:14:16","date_gmt":"2024-05-21T03:14:16","guid":{"rendered":"https:\/\/jak.fi\/elige-el-mejor-captador-de-energia-del-mercado-jak-energy-grabber\/"},"modified":"2025-06-11T15:27:54","modified_gmt":"2025-06-11T12:27:54","slug":"descubra-la-cizalla-para-arboles-lider-en-el-mercado-cizalla-para-arboles-jak","status":"publish","type":"page","link":"https:\/\/jak.fi\/es\/","title":{"rendered":"JAK Cizallas para \u00e1rboles &#8211; Elige las mejores cizallas para \u00e1rboles del mercado"},"content":{"rendered":"\n<h2 class=\"wp-block-heading has-text-align-center\">\u00bfPor qu\u00e9 elegir las cizallas para \u00e1rboles JAK?<\/h2>\n\n\n\n<p class=\"has-text-align-center has-blue-color has-text-color has-link-color has-medium-font-size wp-elements-49bee0229f659643ac6abb59c57c9e16\">JAK cizallas para \u00e1rboles ofrece soluciones de alta calidad y durabilidad, adecuadas para excavadoras, cargadoras, manipuladoras telesc\u00f3picas, tractores y m\u00e1quinas forestales. Estas cizallas est\u00e1n dise\u00f1adas para ser una herramienta eficaz en la tala, el desbroce y otras operaciones forestales. En nuestra gama encontrar\u00e1s distintos tama\u00f1os y modelos que se adaptan a diferentes tipos de m\u00e1quinas y tareas. Tambi\u00e9n disponemos de una gama completa de accesorios y soluciones personalizadas para que la tala sea m\u00e1s fluida y productiva.\u00a0\u00a1Lee m\u00e1s y encuentra las cizallas para \u00e1rboles que mejor se adapten a tus necesidades!<\/p>\n\n\n\n<div style=\"height:100px\" aria-hidden=\"true\" class=\"wp-block-spacer\"><\/div>\n\n\n\n<div class=\"wp-block-columns is-layout-flex wp-container-core-columns-is-layout-9d6595d7 wp-block-columns-is-layout-flex\">\n<div class=\"wp-block-column is-layout-flow wp-block-column-is-layout-flow\">\n<div class=\"wp-block-columns is-layout-flex wp-container-core-columns-is-layout-9d6595d7 wp-block-columns-is-layout-flex\">\n<div class=\"wp-block-column is-layout-flow wp-block-column-is-layout-flow\"><div class=\"wp-block-image\">\n<figure class=\"aligncenter size-full\"><img loading=\"lazy\" decoding=\"async\" width=\"72\" height=\"72\" src=\"https:\/\/jak.fi\/wp-content\/uploads\/2024\/06\/luokkansa-nopein.png\" alt=\"Icono del veloc\u00edmetro para reflejar la velocidad de las cizallas para \u00e1rboles\" class=\"wp-image-858\"\/><\/figure>\n<\/div>\n\n\n<p class=\"has-text-align-center has-blue-color has-text-color has-link-color wp-elements-3da302ca6f22be69c6ba5dad6faf0c26\"><strong>Velocidad l\u00edder <br><\/strong>eBoost\u00ae duplica la rapidez de corte<\/p>\n<\/div>\n\n\n\n<div class=\"wp-block-column is-layout-flow wp-block-column-is-layout-flow\"><div class=\"wp-block-image\">\n<figure class=\"aligncenter size-full\"><img loading=\"lazy\" decoding=\"async\" width=\"70\" height=\"65\" src=\"https:\/\/jak.fi\/wp-content\/uploads\/2024\/06\/paras-takuu.png\" alt=\"Un icono de garant\u00eda de cizallas para \u00e1rboles con un papel y un bol\u00edgrafo.\" class=\"wp-image-860\"\/><\/figure>\n<\/div>\n\n\n<p class=\"has-text-align-center has-blue-color has-text-color has-link-color wp-elements-0906badafa158b8aefad0ca5d9363c61\"><strong>Garant\u00eda y confiabilidad <br><\/strong>Dise\u00f1adas y probadas en condiciones reales<\/p>\n<\/div>\n<\/div>\n<\/div>\n\n\n\n<div class=\"wp-block-column is-layout-flow wp-block-column-is-layout-flow\">\n<div class=\"wp-block-columns is-layout-flex wp-container-core-columns-is-layout-9d6595d7 wp-block-columns-is-layout-flex\">\n<div class=\"wp-block-column is-layout-flow wp-block-column-is-layout-flow\"><div class=\"wp-block-image\">\n<figure class=\"aligncenter size-full\"><img loading=\"lazy\" decoding=\"async\" width=\"66\" height=\"68\" src=\"https:\/\/jak.fi\/wp-content\/uploads\/2024\/06\/tehty-kestamaan.png\" alt=\"Documento de certificaci\u00f3n Icono HIMB\" class=\"wp-image-864\"\/><\/figure>\n<\/div>\n\n\n<p class=\"has-text-align-center has-blue-color has-text-color has-link-color wp-elements-177de5bd10546f2dbc323adcc402b6bc\"><strong>Durabilidad certificada <br><\/strong>Respaldo HIMB para todos los modelos.<\/p>\n<\/div>\n\n\n\n<div class=\"wp-block-column is-layout-flow wp-block-column-is-layout-flow\"><div class=\"wp-block-image\">\n<figure class=\"aligncenter size-full\"><img loading=\"lazy\" decoding=\"async\" width=\"43\" height=\"75\" src=\"https:\/\/jak.fi\/wp-content\/uploads\/2024\/06\/suomalainen.png\" alt=\"Un icono del mapa de Finlandia para reflejar que nuestras cizallas para \u00e1rboles se fabrican y dise\u00f1an en Finlandia.\" class=\"wp-image-862\"\/><\/figure>\n<\/div>\n\n\n<p class=\"has-text-align-center has-blue-color has-text-color has-link-color wp-elements-b36905abcda8a95c5bcaf427557e49af\"><strong>Calidad finlandesa <br><\/strong>Innovaci\u00f3n y fabricaci\u00f3n de origen n\u00f3rdico.<\/p>\n<\/div>\n<\/div>\n<\/div>\n<\/div>\n\n\n\n<div class=\"wp-block-buttons is-content-justification-center is-layout-flex wp-container-core-buttons-is-layout-16018d1d wp-block-buttons-is-layout-flex\">\n<div class=\"wp-block-button is-style-fill\"><a class=\"wp-block-button__link has-white-color has-text-color has-link-color wp-element-button\" href=\"https:\/\/jak.fi\/es\/cizalla-para-arboles\/\">Leer m\u00e1s<\/a><\/div>\n<\/div>\n","protected":false},"excerpt":{"rendered":"<p>\u00bfPor qu\u00e9 elegir las cizallas para \u00e1rboles JAK? JAK cizallas para \u00e1rboles ofrece soluciones de alta calidad y durabilidad, adecuadas para excavadoras, cargadoras, manipuladoras telesc\u00f3picas, tractores y m\u00e1quinas forestales. Estas cizallas est\u00e1n dise\u00f1adas para ser una herramienta eficaz en la tala, el desbroce y otras operaciones forestales. En nuestra gama encontrar\u00e1s distintos tama\u00f1os y modelos [&hellip;]<\/p>\n","protected":false},"author":1,"featured_media":17145,"parent":0,"menu_order":194,"comment_status":"closed","ping_status":"open","template":"","meta":{"_acf_changed":false,"footnotes":""},"class_list":["post-4604","page","type-page","status-publish","has-post-thumbnail","hentry"],"acf":[],"yoast_head":"<!-- This site is optimized with the Yoast SEO plugin v27.2 - https:\/\/yoast.com\/product\/yoast-seo-wordpress\/ -->\n<title>JAK Cizallas para \u00e1rboles - Elige las mejores cizallas para \u00e1rboles del mercado &#8211; JAK-Metalli Oy<\/title>\n<meta name=\"description\" content=\"Cizalla para \u00e1rboles JAK \u2013 una cizalla potente y duradera para excavadoras, cargadores y manipuladores telesc\u00f3picos. Fabricada en Finlandia.\" \/>\n<meta name=\"robots\" content=\"index, follow, max-snippet:-1, max-image-preview:large, max-video-preview:-1\" \/>\n<link rel=\"canonical\" href=\"https:\/\/jak.fi\/es\/\" \/>\n<meta property=\"og:locale\" content=\"es_ES\" \/>\n<meta property=\"og:type\" content=\"article\" \/>\n<meta property=\"og:title\" content=\"JAK Cizallas para \u00e1rboles - Elige las mejores cizallas para \u00e1rboles del mercado &#8211; JAK-Metalli Oy\" \/>\n<meta property=\"og:description\" content=\"Cizalla para \u00e1rboles JAK \u2013 una cizalla potente y duradera para excavadoras, cargadores y manipuladores telesc\u00f3picos. Fabricada en Finlandia.\" \/>\n<meta property=\"og:url\" content=\"https:\/\/jak.fi\/es\/\" \/>\n<meta property=\"og:site_name\" content=\"JAK-Metalli Oy\" \/>\n<meta property=\"article:publisher\" content=\"https:\/\/www.facebook.com\/jaktreeshears\" \/>\n<meta property=\"article:modified_time\" content=\"2025-06-11T12:27:54+00:00\" \/>\n<meta property=\"og:image\" content=\"https:\/\/jak.fi\/wp-content\/uploads\/2024\/06\/jak-ylakuva-2.jpg\" \/>\n\t<meta property=\"og:image:width\" content=\"2000\" \/>\n\t<meta property=\"og:image:height\" content=\"900\" \/>\n\t<meta property=\"og:image:type\" content=\"image\/jpeg\" \/>\n<meta name=\"twitter:card\" content=\"summary_large_image\" \/>\n<meta name=\"twitter:label1\" content=\"Tiempo de lectura\" \/>\n\t<meta name=\"twitter:data1\" content=\"2 minuto\" \/>\n<script type=\"application\/ld+json\" class=\"yoast-schema-graph\">{\"@context\":\"https:\/\/schema.org\",\"@graph\":[{\"@type\":\"WebPage\",\"@id\":\"https:\/\/jak.fi\/es\/\",\"url\":\"https:\/\/jak.fi\/es\/\",\"name\":\"JAK Cizallas para \u00e1rboles - Elige las mejores cizallas para \u00e1rboles del mercado &#8211; JAK-Metalli Oy\",\"isPartOf\":{\"@id\":\"https:\/\/jak.fi\/es\/#website\"},\"primaryImageOfPage\":{\"@id\":\"https:\/\/jak.fi\/es\/#primaryimage\"},\"image\":{\"@id\":\"https:\/\/jak.fi\/es\/#primaryimage\"},\"thumbnailUrl\":\"https:\/\/jak.fi\/wp-content\/uploads\/2026\/03\/jak-ylakuva-test-2.webp\",\"datePublished\":\"2024-05-21T03:14:16+00:00\",\"dateModified\":\"2025-06-11T12:27:54+00:00\",\"description\":\"Cizalla para \u00e1rboles JAK \u2013 una cizalla potente y duradera para excavadoras, cargadores y manipuladores telesc\u00f3picos. Fabricada en Finlandia.\",\"breadcrumb\":{\"@id\":\"https:\/\/jak.fi\/es\/#breadcrumb\"},\"inLanguage\":\"es\",\"potentialAction\":[{\"@type\":\"ReadAction\",\"target\":[\"https:\/\/jak.fi\/es\/\"]}]},{\"@type\":\"ImageObject\",\"inLanguage\":\"es\",\"@id\":\"https:\/\/jak.fi\/es\/#primaryimage\",\"url\":\"https:\/\/jak.fi\/wp-content\/uploads\/2026\/03\/jak-ylakuva-test-2.webp\",\"contentUrl\":\"https:\/\/jak.fi\/wp-content\/uploads\/2026\/03\/jak-ylakuva-test-2.webp\",\"width\":2000,\"height\":900},{\"@type\":\"BreadcrumbList\",\"@id\":\"https:\/\/jak.fi\/es\/#breadcrumb\",\"itemListElement\":[{\"@type\":\"ListItem\",\"position\":1,\"name\":\"Etusivu\",\"item\":\"https:\/\/jak.fi\/es\/\"},{\"@type\":\"ListItem\",\"position\":2,\"name\":\"JAK Cizallas para \u00e1rboles &#8211; Elige las mejores cizallas para \u00e1rboles del mercado\"}]},{\"@type\":\"WebSite\",\"@id\":\"https:\/\/jak.fi\/es\/#website\",\"url\":\"https:\/\/jak.fi\/es\/\",\"name\":\"JAK-Metalli Oy\",\"description\":\"\",\"publisher\":{\"@id\":\"https:\/\/jak.fi\/es\/#organization\"},\"alternateName\":\"JAK Tree shears\",\"potentialAction\":[{\"@type\":\"SearchAction\",\"target\":{\"@type\":\"EntryPoint\",\"urlTemplate\":\"https:\/\/jak.fi\/es\/?s={search_term_string}\"},\"query-input\":{\"@type\":\"PropertyValueSpecification\",\"valueRequired\":true,\"valueName\":\"search_term_string\"}}],\"inLanguage\":\"es\"},{\"@type\":\"Organization\",\"@id\":\"https:\/\/jak.fi\/es\/#organization\",\"name\":\"JAK-Metalli Oy\",\"alternateName\":\"JAK Tree shears\",\"url\":\"https:\/\/jak.fi\/es\/\",\"logo\":{\"@type\":\"ImageObject\",\"inLanguage\":\"es\",\"@id\":\"https:\/\/jak.fi\/es\/#\/schema\/logo\/image\/\",\"url\":\"https:\/\/jak.fi\/wp-content\/uploads\/2024\/09\/JAK-logo-696x696-1.jpg\",\"contentUrl\":\"https:\/\/jak.fi\/wp-content\/uploads\/2024\/09\/JAK-logo-696x696-1.jpg\",\"width\":696,\"height\":696,\"caption\":\"JAK-Metalli Oy\"},\"image\":{\"@id\":\"https:\/\/jak.fi\/es\/#\/schema\/logo\/image\/\"},\"sameAs\":[\"https:\/\/www.facebook.com\/jaktreeshears\",\"https:\/\/www.instagram.com\/jaktreeshears\/\",\"https:\/\/www.youtube.com\/channel\/UCAwvaVhBBkPie8MeAGbdY1w\"]}]}<\/script>\n<!-- \/ Yoast SEO plugin. -->","yoast_head_json":{"title":"JAK Cizallas para \u00e1rboles - Elige las mejores cizallas para \u00e1rboles del mercado &#8211; JAK-Metalli Oy","description":"Cizalla para \u00e1rboles JAK \u2013 una cizalla potente y duradera para excavadoras, cargadores y manipuladores telesc\u00f3picos. Fabricada en Finlandia.","robots":{"index":"index","follow":"follow","max-snippet":"max-snippet:-1","max-image-preview":"max-image-preview:large","max-video-preview":"max-video-preview:-1"},"canonical":"https:\/\/jak.fi\/es\/","og_locale":"es_ES","og_type":"article","og_title":"JAK Cizallas para \u00e1rboles - Elige las mejores cizallas para \u00e1rboles del mercado &#8211; JAK-Metalli Oy","og_description":"Cizalla para \u00e1rboles JAK \u2013 una cizalla potente y duradera para excavadoras, cargadores y manipuladores telesc\u00f3picos. Fabricada en Finlandia.","og_url":"https:\/\/jak.fi\/es\/","og_site_name":"JAK-Metalli Oy","article_publisher":"https:\/\/www.facebook.com\/jaktreeshears","article_modified_time":"2025-06-11T12:27:54+00:00","og_image":[{"width":2000,"height":900,"url":"https:\/\/jak.fi\/wp-content\/uploads\/2024\/06\/jak-ylakuva-2.jpg","type":"image\/jpeg"}],"twitter_card":"summary_large_image","twitter_misc":{"Tiempo de lectura":"2 minuto"},"schema":{"@context":"https:\/\/schema.org","@graph":[{"@type":"WebPage","@id":"https:\/\/jak.fi\/es\/","url":"https:\/\/jak.fi\/es\/","name":"JAK Cizallas para \u00e1rboles - Elige las mejores cizallas para \u00e1rboles del mercado &#8211; JAK-Metalli Oy","isPartOf":{"@id":"https:\/\/jak.fi\/es\/#website"},"primaryImageOfPage":{"@id":"https:\/\/jak.fi\/es\/#primaryimage"},"image":{"@id":"https:\/\/jak.fi\/es\/#primaryimage"},"thumbnailUrl":"https:\/\/jak.fi\/wp-content\/uploads\/2026\/03\/jak-ylakuva-test-2.webp","datePublished":"2024-05-21T03:14:16+00:00","dateModified":"2025-06-11T12:27:54+00:00","description":"Cizalla para \u00e1rboles JAK \u2013 una cizalla potente y duradera para excavadoras, cargadores y manipuladores telesc\u00f3picos. Fabricada en Finlandia.","breadcrumb":{"@id":"https:\/\/jak.fi\/es\/#breadcrumb"},"inLanguage":"es","potentialAction":[{"@type":"ReadAction","target":["https:\/\/jak.fi\/es\/"]}]},{"@type":"ImageObject","inLanguage":"es","@id":"https:\/\/jak.fi\/es\/#primaryimage","url":"https:\/\/jak.fi\/wp-content\/uploads\/2026\/03\/jak-ylakuva-test-2.webp","contentUrl":"https:\/\/jak.fi\/wp-content\/uploads\/2026\/03\/jak-ylakuva-test-2.webp","width":2000,"height":900},{"@type":"BreadcrumbList","@id":"https:\/\/jak.fi\/es\/#breadcrumb","itemListElement":[{"@type":"ListItem","position":1,"name":"Etusivu","item":"https:\/\/jak.fi\/es\/"},{"@type":"ListItem","position":2,"name":"JAK Cizallas para \u00e1rboles &#8211; Elige las mejores cizallas para \u00e1rboles del mercado"}]},{"@type":"WebSite","@id":"https:\/\/jak.fi\/es\/#website","url":"https:\/\/jak.fi\/es\/","name":"JAK-Metalli Oy","description":"","publisher":{"@id":"https:\/\/jak.fi\/es\/#organization"},"alternateName":"JAK Tree shears","potentialAction":[{"@type":"SearchAction","target":{"@type":"EntryPoint","urlTemplate":"https:\/\/jak.fi\/es\/?s={search_term_string}"},"query-input":{"@type":"PropertyValueSpecification","valueRequired":true,"valueName":"search_term_string"}}],"inLanguage":"es"},{"@type":"Organization","@id":"https:\/\/jak.fi\/es\/#organization","name":"JAK-Metalli Oy","alternateName":"JAK Tree shears","url":"https:\/\/jak.fi\/es\/","logo":{"@type":"ImageObject","inLanguage":"es","@id":"https:\/\/jak.fi\/es\/#\/schema\/logo\/image\/","url":"https:\/\/jak.fi\/wp-content\/uploads\/2024\/09\/JAK-logo-696x696-1.jpg","contentUrl":"https:\/\/jak.fi\/wp-content\/uploads\/2024\/09\/JAK-logo-696x696-1.jpg","width":696,"height":696,"caption":"JAK-Metalli Oy"},"image":{"@id":"https:\/\/jak.fi\/es\/#\/schema\/logo\/image\/"},"sameAs":["https:\/\/www.facebook.com\/jaktreeshears","https:\/\/www.instagram.com\/jaktreeshears\/","https:\/\/www.youtube.com\/channel\/UCAwvaVhBBkPie8MeAGbdY1w"]}]}},"_links":{"self":[{"href":"https:\/\/jak.fi\/es\/wp-json\/wp\/v2\/pages\/4604","targetHints":{"allow":["GET"]}}],"collection":[{"href":"https:\/\/jak.fi\/es\/wp-json\/wp\/v2\/pages"}],"about":[{"href":"https:\/\/jak.fi\/es\/wp-json\/wp\/v2\/types\/page"}],"author":[{"embeddable":true,"href":"https:\/\/jak.fi\/es\/wp-json\/wp\/v2\/users\/1"}],"replies":[{"embeddable":true,"href":"https:\/\/jak.fi\/es\/wp-json\/wp\/v2\/comments?post=4604"}],"version-history":[{"count":33,"href":"https:\/\/jak.fi\/es\/wp-json\/wp\/v2\/pages\/4604\/revisions"}],"predecessor-version":[{"id":10265,"href":"https:\/\/jak.fi\/es\/wp-json\/wp\/v2\/pages\/4604\/revisions\/10265"}],"wp:featuredmedia":[{"embeddable":true,"href":"https:\/\/jak.fi\/es\/wp-json\/wp\/v2\/media\/17145"}],"wp:attachment":[{"href":"https:\/\/jak.fi\/es\/wp-json\/wp\/v2\/media?parent=4604"}],"curies":[{"name":"wp","href":"https:\/\/api.w.org\/{rel}","templated":true}]}}