{"id":4656,"date":"2024-05-21T15:31:08","date_gmt":"2024-05-21T12:31:08","guid":{"rendered":"https:\/\/jak.fi\/preguntas-frecuentes\/"},"modified":"2025-04-17T13:48:22","modified_gmt":"2025-04-17T10:48:22","slug":"preguntas-frecuentes","status":"publish","type":"page","link":"https:\/\/jak.fi\/es\/preguntas-frecuentes\/","title":{"rendered":"PREGUNTAS FRECUENTES"},"content":{"rendered":"\n<h2 class=\"wp-block-heading has-text-align-center\">Respuestas a las preguntas m\u00e1s frecuentes<\/h2>\n\n<div style=\"height:100px\" aria-hidden=\"true\" class=\"wp-block-spacer\"><\/div>\n\n<p class=\"has-red-color has-text-color has-link-color wp-elements-92fc2babc03f9aa2618c1f27eff31b82\"><strong>\u00bfFuncionan las cizallas para \u00e1rboles a trav\u00e9s del rotador?<\/strong><\/p>\n\n<p>S\u00ed, funciona. Al equipar la cizalla de energ\u00eda con el sistema hidr\u00e1ulico eBoost y el cilindro LP se garantiza un funcionamiento r\u00e1pido y potente. <\/p>\n\n<p><\/p>\n\n<p class=\"has-red-color has-text-color has-link-color wp-elements-9a6949e729e7446c916716192c63b9a7\"><strong>\u00bfQu\u00e9 necesita un colector de graneles de una m\u00e1quina b\u00e1sica para funcionar?<\/strong><\/p>\n\n<p>Solo requiere un sistema hidr\u00e1ulico de doble efecto. Dependiendo de la capacidad de la m\u00e1quina base, siempre se considera la mejor opci\u00f3n para la implementaci\u00f3n del acoplamiento. <\/p>\n\n<p><\/p>\n\n<p class=\"has-red-color has-text-color has-link-color wp-elements-7cc0f091bb68987892121d67945d9ae2\"><strong>\u00bfCu\u00e1nta madera puede recoger un colector de biomasa?<\/strong><\/p>\n\n<p>Depende del di\u00e1metro de la cuchilla de corte. Por ejemplo, un recolector de biomasa JAK-300 puede recoger madera de hasta 300 mm de di\u00e1metro desde la base del tronco. <\/p>\n\n<p><\/p>\n\n<p class=\"has-red-color has-text-color has-link-color wp-elements-53e5bfca497c397ef71319094ffb1202\"><strong>\u00bfCu\u00e1nta presi\u00f3n de aceite\/litros necesita la cizallas para \u00e1rboles?<\/strong><\/p>\n\n<p>Consulta la informaci\u00f3n t\u00e9cnica de la p\u00e1gina del producto para conocer las cizallas para \u00e1rboles espec\u00edficas.<\/p>\n\n<p><\/p>\n\n<p class=\"has-red-color has-text-color has-link-color wp-elements-59ad11e4bfbf1dde42bd37549d58a8d8\"><strong>\u00bfLa cizalla de energ\u00eda incluye una funci\u00f3n de poda?<\/strong><\/p>\n\n<p>No.<\/p>\n\n<p><\/p>\n\n<p class=\"has-red-color has-text-color has-link-color wp-elements-b1720cbae981acef71bffba7d5386d97\"><strong>\u00bfLa guillotina est\u00e1 disponible en otros tama\u00f1os adem\u00e1s de 350?<\/strong><\/p>\n\n<p>No.<\/p>\n\n<p><\/p>\n\n<p class=\"has-red-color has-text-color has-link-color wp-elements-747824b443c65f56dc3d31510b5ca5ad\"><strong>\u00bfExiste un colector de masa para las cizallas para \u00e1rboles de la serie K?<\/strong><\/p>\n\n<p>No.<\/p>\n\n<p><\/p>\n\n<p class=\"has-red-color has-text-color has-link-color wp-elements-91d3c8e9ec99a4c50258f17ac0805139\"><strong>\u00bfExiste un colector de masas para las cizallas para \u00e1rboles JAK-200B?<\/strong><\/p>\n\n<p>S\u00ed.<\/p>\n\n<p><\/p>\n\n<p class=\"has-red-color has-text-color has-link-color wp-elements-6c404641f481869130340f4ab25b4990\"><strong>\u00bfQu\u00e9 ventajas ofrece la cizalla de energ\u00eda JAK en comparaci\u00f3n con otras?<\/strong><\/p>\n\n<p>&#8211; Garant\u00eda completa de f\u00e1brica.<br\/>&#8211; Sistema hidr\u00e1ulico eBoost para mayor velocidad y eficiencia.<br\/>&#8211; Fabricaci\u00f3n 100% interna en nuestras propias f\u00e1bricas.<br\/>&#8211; Certificaci\u00f3n HIMB que garantiza materiales de alta calidad.<\/p>\n\n<p><\/p>\n\n<p class=\"has-red-color has-text-color has-link-color wp-elements-c425e65c5196b26159cc08806c9684ea\"><strong>\u00bfPuede acumularse nieve o residuos dentro de la cizalla para \u00e1rboles?<\/strong><\/p>\n\n<p>No. Su dise\u00f1o abierto impide la acumulaci\u00f3n de nieve y contaminantes en su interior.<\/p>\n\n<p><\/p>\n\n<p class=\"has-red-color has-text-color has-link-color wp-elements-123108bc5a4dbaeeabb4db293e9053db\"><strong>\u00bfC\u00f3mo funciona la garant\u00eda en caso de problemas?<\/strong><\/p>\n\n<p>Nuestra garant\u00eda cubre cualquier defecto de fabricaci\u00f3n. Todas las reclamaciones de garant\u00eda son tramitadas r\u00e1pidamente, y cualquier da\u00f1o cubierto ser\u00e1 atendido de inmediato. <\/p>\n","protected":false},"excerpt":{"rendered":"<p>Respuestas a las preguntas m\u00e1s frecuentes \u00bfFuncionan las cizallas para \u00e1rboles a trav\u00e9s del rotador? S\u00ed, funciona. Al equipar la cizalla de energ\u00eda con el sistema hidr\u00e1ulico eBoost y el cilindro LP se garantiza un funcionamiento r\u00e1pido y potente. \u00bfQu\u00e9 necesita un colector de graneles de una m\u00e1quina b\u00e1sica para funcionar? Solo requiere un sistema [&hellip;]<\/p>\n","protected":false},"author":1,"featured_media":0,"parent":0,"menu_order":157,"comment_status":"closed","ping_status":"closed","template":"page-narrow.php","meta":{"_acf_changed":false,"footnotes":""},"class_list":["post-4656","page","type-page","status-publish","hentry"],"acf":[],"yoast_head":"<!-- This site is optimized with the Yoast SEO plugin v27.3 - https:\/\/yoast.com\/product\/yoast-seo-wordpress\/ -->\n<title>PREGUNTAS FRECUENTES &#8211; JAK-Metalli Oy<\/title>\n<meta name=\"description\" content=\"Respuestas a las preguntas m\u00e1s frecuentes sobre cizallas para \u00e1rboles, instalaci\u00f3n y uso. Encuentra soluciones f\u00e1cilmente en un solo lugar.\" \/>\n<meta name=\"robots\" content=\"index, follow, max-snippet:-1, max-image-preview:large, max-video-preview:-1\" \/>\n<link rel=\"canonical\" href=\"https:\/\/jak.fi\/es\/preguntas-frecuentes\/\" \/>\n<meta property=\"og:locale\" content=\"es_ES\" \/>\n<meta property=\"og:type\" content=\"article\" \/>\n<meta property=\"og:title\" content=\"PREGUNTAS FRECUENTES &#8211; JAK-Metalli Oy\" \/>\n<meta property=\"og:description\" content=\"Respuestas a las preguntas m\u00e1s frecuentes sobre cizallas para \u00e1rboles, instalaci\u00f3n y uso. Encuentra soluciones f\u00e1cilmente en un solo lugar.\" \/>\n<meta property=\"og:url\" content=\"https:\/\/jak.fi\/es\/preguntas-frecuentes\/\" \/>\n<meta property=\"og:site_name\" content=\"JAK-Metalli Oy\" \/>\n<meta property=\"article:publisher\" content=\"https:\/\/www.facebook.com\/jaktreeshears\" \/>\n<meta property=\"article:modified_time\" content=\"2025-04-17T10:48:22+00:00\" \/>\n<meta property=\"og:image\" content=\"https:\/\/jak.fi\/wp-content\/uploads\/2024\/05\/jak-ylakuva-1-2000x600px-1.jpg\" \/>\n\t<meta property=\"og:image:width\" content=\"2000\" \/>\n\t<meta property=\"og:image:height\" content=\"600\" \/>\n\t<meta property=\"og:image:type\" content=\"image\/jpeg\" \/>\n<meta name=\"twitter:card\" content=\"summary_large_image\" \/>\n<meta name=\"twitter:label1\" content=\"Tiempo de lectura\" \/>\n\t<meta name=\"twitter:data1\" content=\"2 minuto\" \/>\n<script type=\"application\/ld+json\" class=\"yoast-schema-graph\">{\"@context\":\"https:\\\/\\\/schema.org\",\"@graph\":[{\"@type\":\"WebPage\",\"@id\":\"https:\\\/\\\/jak.fi\\\/es\\\/preguntas-frecuentes\\\/\",\"url\":\"https:\\\/\\\/jak.fi\\\/es\\\/preguntas-frecuentes\\\/\",\"name\":\"PREGUNTAS FRECUENTES &#8211; JAK-Metalli Oy\",\"isPartOf\":{\"@id\":\"https:\\\/\\\/jak.fi\\\/es\\\/#website\"},\"datePublished\":\"2024-05-21T12:31:08+00:00\",\"dateModified\":\"2025-04-17T10:48:22+00:00\",\"description\":\"Respuestas a las preguntas m\u00e1s frecuentes sobre cizallas para \u00e1rboles, instalaci\u00f3n y uso. Encuentra soluciones f\u00e1cilmente en un solo lugar.\",\"breadcrumb\":{\"@id\":\"https:\\\/\\\/jak.fi\\\/es\\\/preguntas-frecuentes\\\/#breadcrumb\"},\"inLanguage\":\"es\",\"potentialAction\":[{\"@type\":\"ReadAction\",\"target\":[\"https:\\\/\\\/jak.fi\\\/es\\\/preguntas-frecuentes\\\/\"]}]},{\"@type\":\"BreadcrumbList\",\"@id\":\"https:\\\/\\\/jak.fi\\\/es\\\/preguntas-frecuentes\\\/#breadcrumb\",\"itemListElement\":[{\"@type\":\"ListItem\",\"position\":1,\"name\":\"Etusivu\",\"item\":\"https:\\\/\\\/jak.fi\\\/es\\\/\"},{\"@type\":\"ListItem\",\"position\":2,\"name\":\"PREGUNTAS FRECUENTES\"}]},{\"@type\":\"WebSite\",\"@id\":\"https:\\\/\\\/jak.fi\\\/es\\\/#website\",\"url\":\"https:\\\/\\\/jak.fi\\\/es\\\/\",\"name\":\"JAK-Metalli Oy\",\"description\":\"\",\"publisher\":{\"@id\":\"https:\\\/\\\/jak.fi\\\/es\\\/#organization\"},\"alternateName\":\"JAK Tree shears\",\"potentialAction\":[{\"@type\":\"SearchAction\",\"target\":{\"@type\":\"EntryPoint\",\"urlTemplate\":\"https:\\\/\\\/jak.fi\\\/es\\\/?s={search_term_string}\"},\"query-input\":{\"@type\":\"PropertyValueSpecification\",\"valueRequired\":true,\"valueName\":\"search_term_string\"}}],\"inLanguage\":\"es\"},{\"@type\":\"Organization\",\"@id\":\"https:\\\/\\\/jak.fi\\\/es\\\/#organization\",\"name\":\"JAK-Metalli Oy\",\"alternateName\":\"JAK Tree shears\",\"url\":\"https:\\\/\\\/jak.fi\\\/es\\\/\",\"logo\":{\"@type\":\"ImageObject\",\"inLanguage\":\"es\",\"@id\":\"https:\\\/\\\/jak.fi\\\/es\\\/#\\\/schema\\\/logo\\\/image\\\/\",\"url\":\"https:\\\/\\\/jak.fi\\\/wp-content\\\/uploads\\\/2024\\\/09\\\/JAK-logo-696x696-1.jpg\",\"contentUrl\":\"https:\\\/\\\/jak.fi\\\/wp-content\\\/uploads\\\/2024\\\/09\\\/JAK-logo-696x696-1.jpg\",\"width\":696,\"height\":696,\"caption\":\"JAK-Metalli Oy\"},\"image\":{\"@id\":\"https:\\\/\\\/jak.fi\\\/es\\\/#\\\/schema\\\/logo\\\/image\\\/\"},\"sameAs\":[\"https:\\\/\\\/www.facebook.com\\\/jaktreeshears\",\"https:\\\/\\\/www.instagram.com\\\/jaktreeshears\\\/\",\"https:\\\/\\\/www.youtube.com\\\/channel\\\/UCAwvaVhBBkPie8MeAGbdY1w\"]}]}<\/script>\n<!-- \/ Yoast SEO plugin. -->","yoast_head_json":{"title":"PREGUNTAS FRECUENTES &#8211; JAK-Metalli Oy","description":"Respuestas a las preguntas m\u00e1s frecuentes sobre cizallas para \u00e1rboles, instalaci\u00f3n y uso. Encuentra soluciones f\u00e1cilmente en un solo lugar.","robots":{"index":"index","follow":"follow","max-snippet":"max-snippet:-1","max-image-preview":"max-image-preview:large","max-video-preview":"max-video-preview:-1"},"canonical":"https:\/\/jak.fi\/es\/preguntas-frecuentes\/","og_locale":"es_ES","og_type":"article","og_title":"PREGUNTAS FRECUENTES &#8211; JAK-Metalli Oy","og_description":"Respuestas a las preguntas m\u00e1s frecuentes sobre cizallas para \u00e1rboles, instalaci\u00f3n y uso. Encuentra soluciones f\u00e1cilmente en un solo lugar.","og_url":"https:\/\/jak.fi\/es\/preguntas-frecuentes\/","og_site_name":"JAK-Metalli Oy","article_publisher":"https:\/\/www.facebook.com\/jaktreeshears","article_modified_time":"2025-04-17T10:48:22+00:00","og_image":[{"width":2000,"height":600,"url":"https:\/\/jak.fi\/wp-content\/uploads\/2024\/05\/jak-ylakuva-1-2000x600px-1.jpg","type":"image\/jpeg"}],"twitter_card":"summary_large_image","twitter_misc":{"Tiempo de lectura":"2 minuto"},"schema":{"@context":"https:\/\/schema.org","@graph":[{"@type":"WebPage","@id":"https:\/\/jak.fi\/es\/preguntas-frecuentes\/","url":"https:\/\/jak.fi\/es\/preguntas-frecuentes\/","name":"PREGUNTAS FRECUENTES &#8211; JAK-Metalli Oy","isPartOf":{"@id":"https:\/\/jak.fi\/es\/#website"},"datePublished":"2024-05-21T12:31:08+00:00","dateModified":"2025-04-17T10:48:22+00:00","description":"Respuestas a las preguntas m\u00e1s frecuentes sobre cizallas para \u00e1rboles, instalaci\u00f3n y uso. Encuentra soluciones f\u00e1cilmente en un solo lugar.","breadcrumb":{"@id":"https:\/\/jak.fi\/es\/preguntas-frecuentes\/#breadcrumb"},"inLanguage":"es","potentialAction":[{"@type":"ReadAction","target":["https:\/\/jak.fi\/es\/preguntas-frecuentes\/"]}]},{"@type":"BreadcrumbList","@id":"https:\/\/jak.fi\/es\/preguntas-frecuentes\/#breadcrumb","itemListElement":[{"@type":"ListItem","position":1,"name":"Etusivu","item":"https:\/\/jak.fi\/es\/"},{"@type":"ListItem","position":2,"name":"PREGUNTAS FRECUENTES"}]},{"@type":"WebSite","@id":"https:\/\/jak.fi\/es\/#website","url":"https:\/\/jak.fi\/es\/","name":"JAK-Metalli Oy","description":"","publisher":{"@id":"https:\/\/jak.fi\/es\/#organization"},"alternateName":"JAK Tree shears","potentialAction":[{"@type":"SearchAction","target":{"@type":"EntryPoint","urlTemplate":"https:\/\/jak.fi\/es\/?s={search_term_string}"},"query-input":{"@type":"PropertyValueSpecification","valueRequired":true,"valueName":"search_term_string"}}],"inLanguage":"es"},{"@type":"Organization","@id":"https:\/\/jak.fi\/es\/#organization","name":"JAK-Metalli Oy","alternateName":"JAK Tree shears","url":"https:\/\/jak.fi\/es\/","logo":{"@type":"ImageObject","inLanguage":"es","@id":"https:\/\/jak.fi\/es\/#\/schema\/logo\/image\/","url":"https:\/\/jak.fi\/wp-content\/uploads\/2024\/09\/JAK-logo-696x696-1.jpg","contentUrl":"https:\/\/jak.fi\/wp-content\/uploads\/2024\/09\/JAK-logo-696x696-1.jpg","width":696,"height":696,"caption":"JAK-Metalli Oy"},"image":{"@id":"https:\/\/jak.fi\/es\/#\/schema\/logo\/image\/"},"sameAs":["https:\/\/www.facebook.com\/jaktreeshears","https:\/\/www.instagram.com\/jaktreeshears\/","https:\/\/www.youtube.com\/channel\/UCAwvaVhBBkPie8MeAGbdY1w"]}]}},"_links":{"self":[{"href":"https:\/\/jak.fi\/es\/wp-json\/wp\/v2\/pages\/4656","targetHints":{"allow":["GET"]}}],"collection":[{"href":"https:\/\/jak.fi\/es\/wp-json\/wp\/v2\/pages"}],"about":[{"href":"https:\/\/jak.fi\/es\/wp-json\/wp\/v2\/types\/page"}],"author":[{"embeddable":true,"href":"https:\/\/jak.fi\/es\/wp-json\/wp\/v2\/users\/1"}],"replies":[{"embeddable":true,"href":"https:\/\/jak.fi\/es\/wp-json\/wp\/v2\/comments?post=4656"}],"version-history":[{"count":5,"href":"https:\/\/jak.fi\/es\/wp-json\/wp\/v2\/pages\/4656\/revisions"}],"predecessor-version":[{"id":8075,"href":"https:\/\/jak.fi\/es\/wp-json\/wp\/v2\/pages\/4656\/revisions\/8075"}],"wp:attachment":[{"href":"https:\/\/jak.fi\/es\/wp-json\/wp\/v2\/media?parent=4656"}],"curies":[{"name":"wp","href":"https:\/\/api.w.org\/{rel}","templated":true}]}}