{"id":4661,"date":"2024-05-21T15:31:29","date_gmt":"2024-05-21T12:31:29","guid":{"rendered":"https:\/\/jak.fi\/ponte-en-contacto-con\/"},"modified":"2025-12-29T16:11:23","modified_gmt":"2025-12-29T13:11:23","slug":"contacto","status":"publish","type":"page","link":"https:\/\/jak.fi\/es\/contacto\/","title":{"rendered":"Ponte en contacto con"},"content":{"rendered":"\n<h2 class=\"wp-block-heading has-text-align-center\">No dudes en ponerte en contacto con nosotros.<\/h2>\n\n\n\n<div style=\"height:100px\" aria-hidden=\"true\" class=\"wp-block-spacer\"><\/div>\n\n\n\n<div class=\"wp-block-columns is-layout-flex wp-container-core-columns-is-layout-9d6595d7 wp-block-columns-is-layout-flex\">\n<div class=\"wp-block-column is-layout-flow wp-block-column-is-layout-flow\">\n<figure class=\"wp-block-image size-full is-resized is-style-rounded\"><img loading=\"lazy\" decoding=\"async\" width=\"1000\" height=\"1000\" src=\"https:\/\/jak.fi\/wp-content\/uploads\/2024\/06\/Ville-Eklof.jpg\" alt=\"\" class=\"wp-image-903\" style=\"width:200px\" srcset=\"https:\/\/jak.fi\/wp-content\/uploads\/2024\/06\/Ville-Eklof.jpg 1000w, https:\/\/jak.fi\/wp-content\/uploads\/2024\/06\/Ville-Eklof-700x700.jpg 700w, https:\/\/jak.fi\/wp-content\/uploads\/2024\/06\/Ville-Eklof-768x768.jpg 768w, https:\/\/jak.fi\/wp-content\/uploads\/2024\/06\/Ville-Eklof-160x160.jpg 160w, https:\/\/jak.fi\/wp-content\/uploads\/2024\/06\/Ville-Eklof-800x800.jpg 800w, https:\/\/jak.fi\/wp-content\/uploads\/2024\/06\/Ville-Eklof-100x100.jpg 100w\" sizes=\"auto, (max-width: 1000px) 100vw, 1000px\" \/><\/figure>\n\n\n\n<p><strong>Ville Ekl\u00f6f<\/strong><br>Director General<\/p>\n\n\n\n<p><a href=\"mailto:ville.eklof@jak.fi\">ville.eklof@jak.fi<\/a><br><a href=\"tel:+358405947057\">+358 40 594 7057<\/a><\/p>\n\n\n\n<p class=\"has-small-font-size\">FIN \/ ENG<\/p>\n<\/div>\n\n\n\n<div class=\"wp-block-column is-layout-flow wp-block-column-is-layout-flow\">\n<figure class=\"wp-block-image size-full is-resized is-style-rounded\"><img loading=\"lazy\" decoding=\"async\" width=\"1000\" height=\"1000\" src=\"https:\/\/jak.fi\/wp-content\/uploads\/2024\/06\/Tiina-Salin.jpg\" alt=\"\" class=\"wp-image-901\" style=\"width:200px\" srcset=\"https:\/\/jak.fi\/wp-content\/uploads\/2024\/06\/Tiina-Salin.jpg 1000w, https:\/\/jak.fi\/wp-content\/uploads\/2024\/06\/Tiina-Salin-700x700.jpg 700w, https:\/\/jak.fi\/wp-content\/uploads\/2024\/06\/Tiina-Salin-768x768.jpg 768w, https:\/\/jak.fi\/wp-content\/uploads\/2024\/06\/Tiina-Salin-160x160.jpg 160w, https:\/\/jak.fi\/wp-content\/uploads\/2024\/06\/Tiina-Salin-800x800.jpg 800w, https:\/\/jak.fi\/wp-content\/uploads\/2024\/06\/Tiina-Salin-100x100.jpg 100w\" sizes=\"auto, (max-width: 1000px) 100vw, 1000px\" \/><\/figure>\n\n\n\n<p><strong>Tiina Salin<\/strong><br>Directora Operativa, Ventas<\/p>\n\n\n\n<p><a href=\"mailto:tiina.salin@jak.fi\">tiina.salin@jak.fi<\/a><br><a href=\"tel:+358400804658\">+358 40 080 4658<\/a><\/p>\n\n\n\n<p class=\"has-small-font-size\">FIN \/ ENG<\/p>\n<\/div>\n\n\n\n<div class=\"wp-block-column is-layout-flow wp-block-column-is-layout-flow\">\n<figure class=\"wp-block-image size-full is-resized is-style-rounded\"><img decoding=\"async\" src=\"https:\/\/jak.fi\/wp-content\/uploads\/2025\/11\/Petri-Siipola-2.jpg\" alt=\"\" class=\"wp-image-15867\" style=\"width:200px\"\/><\/figure>\n\n\n\n<p><strong>Petri Siipola<br><\/strong>Director de Exportaci\u00f3n<\/p>\n\n\n\n<p><a href=\"mailto:petri.siipola@jak.fi\">petri.siipola@jak.fi<\/a><br><a href=\"tel:+358400848635\">+358 40 084 8635<\/a><\/p>\n\n\n\n<p class=\"has-small-font-size\">FIN \/ ENG<\/p>\n<\/div>\n<\/div>\n\n\n\n<div class=\"wp-block-columns is-layout-flex wp-container-core-columns-is-layout-9d6595d7 wp-block-columns-is-layout-flex\">\n<div class=\"wp-block-column is-layout-flow wp-block-column-is-layout-flow\">\n<figure class=\"wp-block-image size-full is-resized is-style-rounded\"><img loading=\"lazy\" decoding=\"async\" width=\"1000\" height=\"1000\" src=\"https:\/\/jak.fi\/wp-content\/uploads\/2024\/06\/Riku-Maenpaa.jpg\" alt=\"Foto personal Riku M\u00e4enp\u00e4\u00e4\" class=\"wp-image-918\" style=\"width:200px\" srcset=\"https:\/\/jak.fi\/wp-content\/uploads\/2024\/06\/Riku-Maenpaa.jpg 1000w, https:\/\/jak.fi\/wp-content\/uploads\/2024\/06\/Riku-Maenpaa-700x700.jpg 700w, https:\/\/jak.fi\/wp-content\/uploads\/2024\/06\/Riku-Maenpaa-768x768.jpg 768w, https:\/\/jak.fi\/wp-content\/uploads\/2024\/06\/Riku-Maenpaa-160x160.jpg 160w, https:\/\/jak.fi\/wp-content\/uploads\/2024\/06\/Riku-Maenpaa-800x800.jpg 800w, https:\/\/jak.fi\/wp-content\/uploads\/2024\/06\/Riku-Maenpaa-100x100.jpg 100w\" sizes=\"auto, (max-width: 1000px) 100vw, 1000px\" \/><\/figure>\n\n\n\n<p><strong>Riku M\u00e4enp\u00e4\u00e4<br><\/strong>Ventas y asistencia t\u00e9cnica<\/p>\n\n\n\n<p><a href=\"mailto:riku.maenpaa@jak.fi\">riku.maenpaa@jak.fi<\/a><br><a href=\"tel:+358400848631\">+358 40 084 8631<\/a><\/p>\n\n\n\n<p class=\"has-small-font-size\">FIN \/ ENG<\/p>\n<\/div>\n\n\n\n<div class=\"wp-block-column is-layout-flow wp-block-column-is-layout-flow\">\n<figure class=\"wp-block-image size-full is-resized is-style-rounded\"><img loading=\"lazy\" decoding=\"async\" width=\"1000\" height=\"1000\" src=\"https:\/\/jak.fi\/wp-content\/uploads\/2024\/06\/Jukka-Kouko.jpg\" alt=\"Foto personal Jukka Kouko\" class=\"wp-image-895\" style=\"width:200px\" srcset=\"https:\/\/jak.fi\/wp-content\/uploads\/2024\/06\/Jukka-Kouko.jpg 1000w, https:\/\/jak.fi\/wp-content\/uploads\/2024\/06\/Jukka-Kouko-700x700.jpg 700w, https:\/\/jak.fi\/wp-content\/uploads\/2024\/06\/Jukka-Kouko-768x768.jpg 768w, https:\/\/jak.fi\/wp-content\/uploads\/2024\/06\/Jukka-Kouko-160x160.jpg 160w, https:\/\/jak.fi\/wp-content\/uploads\/2024\/06\/Jukka-Kouko-800x800.jpg 800w, https:\/\/jak.fi\/wp-content\/uploads\/2024\/06\/Jukka-Kouko-100x100.jpg 100w\" sizes=\"auto, (max-width: 1000px) 100vw, 1000px\" \/><\/figure>\n\n\n\n<p><strong>Jukka Kouko<br><\/strong>Ventas y distribuci\u00f3n nacional<\/p>\n\n\n\n<p><a href=\"mailto:%20jukka.kouko@jak.fi\">jukka.kouko@jak.fi<\/a><br><a href=\"tel:+358400804657\">+358 40 080 4657<\/a><\/p>\n\n\n\n<p class=\"has-small-font-size\">FIN<\/p>\n<\/div>\n\n\n\n<div class=\"wp-block-column is-layout-flow wp-block-column-is-layout-flow\">\n<figure class=\"wp-block-image size-full is-resized is-style-rounded\"><img loading=\"lazy\" decoding=\"async\" width=\"1000\" height=\"1000\" src=\"https:\/\/jak.fi\/wp-content\/uploads\/2024\/06\/Jukka-Isojarvi.jpg\" alt=\"Foto personal Jukka Isoj\u00e4rvi\" class=\"wp-image-914\" style=\"width:200px\" srcset=\"https:\/\/jak.fi\/wp-content\/uploads\/2024\/06\/Jukka-Isojarvi.jpg 1000w, https:\/\/jak.fi\/wp-content\/uploads\/2024\/06\/Jukka-Isojarvi-700x700.jpg 700w, https:\/\/jak.fi\/wp-content\/uploads\/2024\/06\/Jukka-Isojarvi-768x768.jpg 768w, https:\/\/jak.fi\/wp-content\/uploads\/2024\/06\/Jukka-Isojarvi-160x160.jpg 160w, https:\/\/jak.fi\/wp-content\/uploads\/2024\/06\/Jukka-Isojarvi-800x800.jpg 800w, https:\/\/jak.fi\/wp-content\/uploads\/2024\/06\/Jukka-Isojarvi-100x100.jpg 100w\" sizes=\"auto, (max-width: 1000px) 100vw, 1000px\" \/><\/figure>\n\n\n\n<p><strong>Jukka Isoj\u00e4rvi<\/strong><br>Ventas nacionales y recambios<\/p>\n\n\n\n<p><a href=\"mailto:jukka.isojarvi@jak.fi\"><\/a><a href=\"mailto:jukka.isojarvi@jak.fi\">jukka.isojarvi@jak.fi<\/a><br><a href=\"tel:+358400804655\">+358 40 080 4655<\/a><\/p>\n\n\n\n<p class=\"has-small-font-size\">FIN<\/p>\n<\/div>\n<\/div>\n\n\n\n<div class=\"wp-block-columns is-layout-flex wp-container-core-columns-is-layout-9d6595d7 wp-block-columns-is-layout-flex\">\n<div class=\"wp-block-column is-layout-flow wp-block-column-is-layout-flow\">\n<figure class=\"wp-block-image size-full is-resized is-style-rounded\"><img loading=\"lazy\" decoding=\"async\" width=\"1000\" height=\"1000\" src=\"https:\/\/jak.fi\/wp-content\/uploads\/2024\/06\/Jani-Sipila.jpg\" alt=\"Foto personal Jani Sipil\u00e4\" class=\"wp-image-893\" style=\"width:200px\" srcset=\"https:\/\/jak.fi\/wp-content\/uploads\/2024\/06\/Jani-Sipila.jpg 1000w, https:\/\/jak.fi\/wp-content\/uploads\/2024\/06\/Jani-Sipila-700x700.jpg 700w, https:\/\/jak.fi\/wp-content\/uploads\/2024\/06\/Jani-Sipila-768x768.jpg 768w, https:\/\/jak.fi\/wp-content\/uploads\/2024\/06\/Jani-Sipila-160x160.jpg 160w, https:\/\/jak.fi\/wp-content\/uploads\/2024\/06\/Jani-Sipila-800x800.jpg 800w, https:\/\/jak.fi\/wp-content\/uploads\/2024\/06\/Jani-Sipila-100x100.jpg 100w\" sizes=\"auto, (max-width: 1000px) 100vw, 1000px\" \/><\/figure>\n\n\n\n<p><strong>Jani Sipil\u00e4<\/strong><br>Especialista T\u00e9cnico y Desarrollo de Productos<\/p>\n\n\n\n<p><a href=\"mailto:jani.sipila@jak.fi\">jani.sipila@jak.fi<\/a><br><a href=\"tel:+358440807874\">+358 44 080 7874<\/a><\/p>\n\n\n\n<p class=\"has-small-font-size\">FIN<\/p>\n<\/div>\n\n\n\n<div class=\"wp-block-column is-layout-flow wp-block-column-is-layout-flow\">\n<figure class=\"wp-block-image size-full is-resized is-style-rounded\"><img loading=\"lazy\" decoding=\"async\" width=\"1000\" height=\"1000\" src=\"https:\/\/jak.fi\/wp-content\/uploads\/2024\/06\/Simo-Nurmi.jpg\" alt=\"Perfil de Simo Nurmi\" class=\"wp-image-899\" style=\"width:200px\" srcset=\"https:\/\/jak.fi\/wp-content\/uploads\/2024\/06\/Simo-Nurmi.jpg 1000w, https:\/\/jak.fi\/wp-content\/uploads\/2024\/06\/Simo-Nurmi-700x700.jpg 700w, https:\/\/jak.fi\/wp-content\/uploads\/2024\/06\/Simo-Nurmi-768x768.jpg 768w, https:\/\/jak.fi\/wp-content\/uploads\/2024\/06\/Simo-Nurmi-160x160.jpg 160w, https:\/\/jak.fi\/wp-content\/uploads\/2024\/06\/Simo-Nurmi-800x800.jpg 800w, https:\/\/jak.fi\/wp-content\/uploads\/2024\/06\/Simo-Nurmi-100x100.jpg 100w\" sizes=\"auto, (max-width: 1000px) 100vw, 1000px\" \/><\/figure>\n\n\n\n<p><strong>Simo Nurmi<br><\/strong>Supervisor de producci\u00f3n<\/p>\n\n\n\n<p><a href=\"mailto:simo.nurmi@jak.fi\">simo.nurmi@jak.fi<\/a><br><a href=\"tel:+358400804169\">+358 40 080 4169<\/a><\/p>\n\n\n\n<p class=\"has-small-font-size\">FIN<\/p>\n<\/div>\n\n\n\n<div class=\"wp-block-column is-layout-flow wp-block-column-is-layout-flow\">\n<figure class=\"wp-block-image size-full is-resized is-style-rounded\"><img loading=\"lazy\" decoding=\"async\" width=\"1000\" height=\"1000\" src=\"https:\/\/jak.fi\/wp-content\/uploads\/2024\/06\/Heikki-Hietanen.jpg\" alt=\"\" class=\"wp-image-886\" style=\"width:200px\" srcset=\"https:\/\/jak.fi\/wp-content\/uploads\/2024\/06\/Heikki-Hietanen.jpg 1000w, https:\/\/jak.fi\/wp-content\/uploads\/2024\/06\/Heikki-Hietanen-700x700.jpg 700w, https:\/\/jak.fi\/wp-content\/uploads\/2024\/06\/Heikki-Hietanen-768x768.jpg 768w, https:\/\/jak.fi\/wp-content\/uploads\/2024\/06\/Heikki-Hietanen-160x160.jpg 160w, https:\/\/jak.fi\/wp-content\/uploads\/2024\/06\/Heikki-Hietanen-800x800.jpg 800w, https:\/\/jak.fi\/wp-content\/uploads\/2024\/06\/Heikki-Hietanen-100x100.jpg 100w\" sizes=\"auto, (max-width: 1000px) 100vw, 1000px\" \/><\/figure>\n\n\n\n<p><strong>Heikki Hietanen<\/strong><br>Dise\u00f1o de <\/p>\n\n\n\n<p><a href=\"mailto:heikki.hietanen@jak.fi\">heikki.hietanen@jak.fi<\/a><br><a href=\"tel:+358400804659\">+358 40 080 4659<\/a><\/p>\n\n\n\n<p class=\"has-small-font-size\">FIN<\/p>\n<\/div>\n<\/div>\n\n\n\n<div class=\"wp-block-columns is-layout-flex wp-container-core-columns-is-layout-9d6595d7 wp-block-columns-is-layout-flex\">\n<div class=\"wp-block-column is-layout-flow wp-block-column-is-layout-flow\">\n<figure class=\"wp-block-image size-full is-resized is-style-rounded\"><img loading=\"lazy\" decoding=\"async\" width=\"1000\" height=\"1000\" src=\"https:\/\/jak.fi\/wp-content\/uploads\/2024\/06\/Kimmo-Vallden.jpg\" alt=\"Foto personal Kimmo Vallden\" class=\"wp-image-897\" style=\"width:200px\" srcset=\"https:\/\/jak.fi\/wp-content\/uploads\/2024\/06\/Kimmo-Vallden.jpg 1000w, https:\/\/jak.fi\/wp-content\/uploads\/2024\/06\/Kimmo-Vallden-700x700.jpg 700w, https:\/\/jak.fi\/wp-content\/uploads\/2024\/06\/Kimmo-Vallden-768x768.jpg 768w, https:\/\/jak.fi\/wp-content\/uploads\/2024\/06\/Kimmo-Vallden-160x160.jpg 160w, https:\/\/jak.fi\/wp-content\/uploads\/2024\/06\/Kimmo-Vallden-800x800.jpg 800w, https:\/\/jak.fi\/wp-content\/uploads\/2024\/06\/Kimmo-Vallden-100x100.jpg 100w\" sizes=\"auto, (max-width: 1000px) 100vw, 1000px\" \/><\/figure>\n\n\n\n<p><strong>Kimmo Vallden<\/strong><br>Medios de comunicaci\u00f3n y marketing<\/p>\n\n\n\n<p><em>Permiso parental 1.1.-31.7.2026<\/em><\/p>\n\n\n\n<p class=\"has-small-font-size\">FIN \/ ENG<\/p>\n<\/div>\n\n\n\n<div class=\"wp-block-column is-layout-flow wp-block-column-is-layout-flow\">\n<figure class=\"wp-block-image size-full is-resized is-style-rounded\"><img decoding=\"async\" src=\"https:\/\/jak.fi\/wp-content\/uploads\/2024\/06\/Anonyymi_1.jpg\" alt=\"\" class=\"wp-image-4671\" style=\"width:200px\"\/><\/figure>\n\n\n\n<p><strong>Esa Korpi<br><\/strong>Medios de comunicaci\u00f3n y marketing<\/p>\n\n\n\n<p><a href=\"mailto:esa.korpi@jak.fi\">esa.korpi@jak.fi<\/a><\/p>\n\n\n\n<p class=\"has-small-font-size\">FIN \/ ENG<\/p>\n<\/div>\n\n\n\n<div class=\"wp-block-column is-layout-flow wp-block-column-is-layout-flow\">\n<p><\/p>\n<\/div>\n<\/div>\n","protected":false},"excerpt":{"rendered":"<p>No dudes en ponerte en contacto con nosotros. Ville Ekl\u00f6fDirector General ville.eklof@jak.fi+358 40 594 7057 FIN \/ ENG Tiina SalinDirectora Operativa, Ventas tiina.salin@jak.fi+358 40 080 4658 FIN \/ ENG Petri SiipolaDirector de Exportaci\u00f3n petri.siipola@jak.fi+358 40 084 8635 FIN \/ ENG Riku M\u00e4enp\u00e4\u00e4Ventas y asistencia t\u00e9cnica riku.maenpaa@jak.fi+358 40 084 8631 FIN \/ ENG Jukka KoukoVentas y [&hellip;]<\/p>\n","protected":false},"author":1,"featured_media":0,"parent":0,"menu_order":146,"comment_status":"closed","ping_status":"closed","template":"","meta":{"_acf_changed":false,"footnotes":""},"class_list":["post-4661","page","type-page","status-publish","hentry"],"acf":[],"yoast_head":"<!-- This site is optimized with the Yoast SEO plugin v27.2 - https:\/\/yoast.com\/product\/yoast-seo-wordpress\/ -->\n<title>Ponte en contacto con &#8211; JAK-Metalli Oy<\/title>\n<meta name=\"description\" content=\"Nuestro equipo de ventas te ayudar\u00e1 con todas tus preguntas y te proporcionar\u00e1 un servicio experto. Puedes encontrar f\u00e1cilmente nuestros datos de contacto aqu\u00ed.\" \/>\n<meta name=\"robots\" content=\"index, follow, max-snippet:-1, max-image-preview:large, max-video-preview:-1\" \/>\n<link rel=\"canonical\" href=\"https:\/\/jak.fi\/es\/contacto\/\" \/>\n<meta property=\"og:locale\" content=\"es_ES\" \/>\n<meta property=\"og:type\" content=\"article\" \/>\n<meta property=\"og:title\" content=\"Ponte en contacto con &#8211; JAK-Metalli Oy\" \/>\n<meta property=\"og:description\" content=\"Nuestro equipo de ventas te ayudar\u00e1 con todas tus preguntas y te proporcionar\u00e1 un servicio experto. Puedes encontrar f\u00e1cilmente nuestros datos de contacto aqu\u00ed.\" \/>\n<meta property=\"og:url\" content=\"https:\/\/jak.fi\/es\/contacto\/\" \/>\n<meta property=\"og:site_name\" content=\"JAK-Metalli Oy\" \/>\n<meta property=\"article:publisher\" content=\"https:\/\/www.facebook.com\/jaktreeshears\" \/>\n<meta property=\"article:modified_time\" content=\"2025-12-29T13:11:23+00:00\" \/>\n<meta property=\"og:image\" content=\"https:\/\/jak.fi\/wp-content\/uploads\/2024\/06\/Ville-Eklof.jpg\" \/>\n\t<meta property=\"og:image:width\" content=\"1000\" \/>\n\t<meta property=\"og:image:height\" content=\"1000\" \/>\n\t<meta property=\"og:image:type\" content=\"image\/jpeg\" \/>\n<meta name=\"twitter:card\" content=\"summary_large_image\" \/>\n<meta name=\"twitter:label1\" content=\"Tiempo de lectura\" \/>\n\t<meta name=\"twitter:data1\" content=\"4 minuto\" \/>\n<script type=\"application\/ld+json\" class=\"yoast-schema-graph\">{\"@context\":\"https:\/\/schema.org\",\"@graph\":[{\"@type\":\"WebPage\",\"@id\":\"https:\/\/jak.fi\/es\/contacto\/\",\"url\":\"https:\/\/jak.fi\/es\/contacto\/\",\"name\":\"Ponte en contacto con &#8211; JAK-Metalli Oy\",\"isPartOf\":{\"@id\":\"https:\/\/jak.fi\/es\/#website\"},\"primaryImageOfPage\":{\"@id\":\"https:\/\/jak.fi\/es\/contacto\/#primaryimage\"},\"image\":{\"@id\":\"https:\/\/jak.fi\/es\/contacto\/#primaryimage\"},\"thumbnailUrl\":\"https:\/\/jak.fi\/wp-content\/uploads\/2024\/06\/Ville-Eklof.jpg\",\"datePublished\":\"2024-05-21T12:31:29+00:00\",\"dateModified\":\"2025-12-29T13:11:23+00:00\",\"description\":\"Nuestro equipo de ventas te ayudar\u00e1 con todas tus preguntas y te proporcionar\u00e1 un servicio experto. Puedes encontrar f\u00e1cilmente nuestros datos de contacto aqu\u00ed.\",\"breadcrumb\":{\"@id\":\"https:\/\/jak.fi\/es\/contacto\/#breadcrumb\"},\"inLanguage\":\"es\",\"potentialAction\":[{\"@type\":\"ReadAction\",\"target\":[\"https:\/\/jak.fi\/es\/contacto\/\"]}]},{\"@type\":\"ImageObject\",\"inLanguage\":\"es\",\"@id\":\"https:\/\/jak.fi\/es\/contacto\/#primaryimage\",\"url\":\"https:\/\/jak.fi\/wp-content\/uploads\/2024\/06\/Ville-Eklof.jpg\",\"contentUrl\":\"https:\/\/jak.fi\/wp-content\/uploads\/2024\/06\/Ville-Eklof.jpg\"},{\"@type\":\"BreadcrumbList\",\"@id\":\"https:\/\/jak.fi\/es\/contacto\/#breadcrumb\",\"itemListElement\":[{\"@type\":\"ListItem\",\"position\":1,\"name\":\"Etusivu\",\"item\":\"https:\/\/jak.fi\/es\/\"},{\"@type\":\"ListItem\",\"position\":2,\"name\":\"Ponte en contacto con\"}]},{\"@type\":\"WebSite\",\"@id\":\"https:\/\/jak.fi\/es\/#website\",\"url\":\"https:\/\/jak.fi\/es\/\",\"name\":\"JAK-Metalli Oy\",\"description\":\"\",\"publisher\":{\"@id\":\"https:\/\/jak.fi\/es\/#organization\"},\"alternateName\":\"JAK Tree shears\",\"potentialAction\":[{\"@type\":\"SearchAction\",\"target\":{\"@type\":\"EntryPoint\",\"urlTemplate\":\"https:\/\/jak.fi\/es\/?s={search_term_string}\"},\"query-input\":{\"@type\":\"PropertyValueSpecification\",\"valueRequired\":true,\"valueName\":\"search_term_string\"}}],\"inLanguage\":\"es\"},{\"@type\":\"Organization\",\"@id\":\"https:\/\/jak.fi\/es\/#organization\",\"name\":\"JAK-Metalli Oy\",\"alternateName\":\"JAK Tree shears\",\"url\":\"https:\/\/jak.fi\/es\/\",\"logo\":{\"@type\":\"ImageObject\",\"inLanguage\":\"es\",\"@id\":\"https:\/\/jak.fi\/es\/#\/schema\/logo\/image\/\",\"url\":\"https:\/\/jak.fi\/wp-content\/uploads\/2024\/09\/JAK-logo-696x696-1.jpg\",\"contentUrl\":\"https:\/\/jak.fi\/wp-content\/uploads\/2024\/09\/JAK-logo-696x696-1.jpg\",\"width\":696,\"height\":696,\"caption\":\"JAK-Metalli Oy\"},\"image\":{\"@id\":\"https:\/\/jak.fi\/es\/#\/schema\/logo\/image\/\"},\"sameAs\":[\"https:\/\/www.facebook.com\/jaktreeshears\",\"https:\/\/www.instagram.com\/jaktreeshears\/\",\"https:\/\/www.youtube.com\/channel\/UCAwvaVhBBkPie8MeAGbdY1w\"]}]}<\/script>\n<!-- \/ Yoast SEO plugin. -->","yoast_head_json":{"title":"Ponte en contacto con &#8211; JAK-Metalli Oy","description":"Nuestro equipo de ventas te ayudar\u00e1 con todas tus preguntas y te proporcionar\u00e1 un servicio experto. Puedes encontrar f\u00e1cilmente nuestros datos de contacto aqu\u00ed.","robots":{"index":"index","follow":"follow","max-snippet":"max-snippet:-1","max-image-preview":"max-image-preview:large","max-video-preview":"max-video-preview:-1"},"canonical":"https:\/\/jak.fi\/es\/contacto\/","og_locale":"es_ES","og_type":"article","og_title":"Ponte en contacto con &#8211; JAK-Metalli Oy","og_description":"Nuestro equipo de ventas te ayudar\u00e1 con todas tus preguntas y te proporcionar\u00e1 un servicio experto. Puedes encontrar f\u00e1cilmente nuestros datos de contacto aqu\u00ed.","og_url":"https:\/\/jak.fi\/es\/contacto\/","og_site_name":"JAK-Metalli Oy","article_publisher":"https:\/\/www.facebook.com\/jaktreeshears","article_modified_time":"2025-12-29T13:11:23+00:00","og_image":[{"width":1000,"height":1000,"url":"https:\/\/jak.fi\/wp-content\/uploads\/2024\/06\/Ville-Eklof.jpg","type":"image\/jpeg"}],"twitter_card":"summary_large_image","twitter_misc":{"Tiempo de lectura":"4 minuto"},"schema":{"@context":"https:\/\/schema.org","@graph":[{"@type":"WebPage","@id":"https:\/\/jak.fi\/es\/contacto\/","url":"https:\/\/jak.fi\/es\/contacto\/","name":"Ponte en contacto con &#8211; JAK-Metalli Oy","isPartOf":{"@id":"https:\/\/jak.fi\/es\/#website"},"primaryImageOfPage":{"@id":"https:\/\/jak.fi\/es\/contacto\/#primaryimage"},"image":{"@id":"https:\/\/jak.fi\/es\/contacto\/#primaryimage"},"thumbnailUrl":"https:\/\/jak.fi\/wp-content\/uploads\/2024\/06\/Ville-Eklof.jpg","datePublished":"2024-05-21T12:31:29+00:00","dateModified":"2025-12-29T13:11:23+00:00","description":"Nuestro equipo de ventas te ayudar\u00e1 con todas tus preguntas y te proporcionar\u00e1 un servicio experto. Puedes encontrar f\u00e1cilmente nuestros datos de contacto aqu\u00ed.","breadcrumb":{"@id":"https:\/\/jak.fi\/es\/contacto\/#breadcrumb"},"inLanguage":"es","potentialAction":[{"@type":"ReadAction","target":["https:\/\/jak.fi\/es\/contacto\/"]}]},{"@type":"ImageObject","inLanguage":"es","@id":"https:\/\/jak.fi\/es\/contacto\/#primaryimage","url":"https:\/\/jak.fi\/wp-content\/uploads\/2024\/06\/Ville-Eklof.jpg","contentUrl":"https:\/\/jak.fi\/wp-content\/uploads\/2024\/06\/Ville-Eklof.jpg"},{"@type":"BreadcrumbList","@id":"https:\/\/jak.fi\/es\/contacto\/#breadcrumb","itemListElement":[{"@type":"ListItem","position":1,"name":"Etusivu","item":"https:\/\/jak.fi\/es\/"},{"@type":"ListItem","position":2,"name":"Ponte en contacto con"}]},{"@type":"WebSite","@id":"https:\/\/jak.fi\/es\/#website","url":"https:\/\/jak.fi\/es\/","name":"JAK-Metalli Oy","description":"","publisher":{"@id":"https:\/\/jak.fi\/es\/#organization"},"alternateName":"JAK Tree shears","potentialAction":[{"@type":"SearchAction","target":{"@type":"EntryPoint","urlTemplate":"https:\/\/jak.fi\/es\/?s={search_term_string}"},"query-input":{"@type":"PropertyValueSpecification","valueRequired":true,"valueName":"search_term_string"}}],"inLanguage":"es"},{"@type":"Organization","@id":"https:\/\/jak.fi\/es\/#organization","name":"JAK-Metalli Oy","alternateName":"JAK Tree shears","url":"https:\/\/jak.fi\/es\/","logo":{"@type":"ImageObject","inLanguage":"es","@id":"https:\/\/jak.fi\/es\/#\/schema\/logo\/image\/","url":"https:\/\/jak.fi\/wp-content\/uploads\/2024\/09\/JAK-logo-696x696-1.jpg","contentUrl":"https:\/\/jak.fi\/wp-content\/uploads\/2024\/09\/JAK-logo-696x696-1.jpg","width":696,"height":696,"caption":"JAK-Metalli Oy"},"image":{"@id":"https:\/\/jak.fi\/es\/#\/schema\/logo\/image\/"},"sameAs":["https:\/\/www.facebook.com\/jaktreeshears","https:\/\/www.instagram.com\/jaktreeshears\/","https:\/\/www.youtube.com\/channel\/UCAwvaVhBBkPie8MeAGbdY1w"]}]}},"_links":{"self":[{"href":"https:\/\/jak.fi\/es\/wp-json\/wp\/v2\/pages\/4661","targetHints":{"allow":["GET"]}}],"collection":[{"href":"https:\/\/jak.fi\/es\/wp-json\/wp\/v2\/pages"}],"about":[{"href":"https:\/\/jak.fi\/es\/wp-json\/wp\/v2\/types\/page"}],"author":[{"embeddable":true,"href":"https:\/\/jak.fi\/es\/wp-json\/wp\/v2\/users\/1"}],"replies":[{"embeddable":true,"href":"https:\/\/jak.fi\/es\/wp-json\/wp\/v2\/comments?post=4661"}],"version-history":[{"count":10,"href":"https:\/\/jak.fi\/es\/wp-json\/wp\/v2\/pages\/4661\/revisions"}],"predecessor-version":[{"id":16373,"href":"https:\/\/jak.fi\/es\/wp-json\/wp\/v2\/pages\/4661\/revisions\/16373"}],"wp:attachment":[{"href":"https:\/\/jak.fi\/es\/wp-json\/wp\/v2\/media?parent=4661"}],"curies":[{"name":"wp","href":"https:\/\/api.w.org\/{rel}","templated":true}]}}