{"id":4677,"date":"2024-05-28T09:31:14","date_gmt":"2024-05-28T06:31:14","guid":{"rendered":"https:\/\/jak.fi\/empresa\/jak-como-empresa\/"},"modified":"2025-04-01T09:56:57","modified_gmt":"2025-04-01T06:56:57","slug":"jak-como-empresa","status":"publish","type":"page","link":"https:\/\/jak.fi\/es\/empresa\/jak-como-empresa\/","title":{"rendered":"JAK Como empresa"},"content":{"rendered":"\n<h2 class=\"wp-block-heading has-text-align-center\">JAK-Metalli Oy: Innovaci\u00f3n en Cizallas para \u00e1rboles desde 2012<\/h2>\n\n<div style=\"height:35px\" aria-hidden=\"true\" class=\"wp-block-spacer\"><\/div>\n\n<div class=\"wp-block-columns is-layout-flex wp-container-core-columns-is-layout-9d6595d7 wp-block-columns-is-layout-flex\">\n<div class=\"wp-block-column is-layout-flow wp-block-column-is-layout-flow\">\n<p>JAK-Metalli Oy es una empresa l\u00edder en la industria metal\u00fargica y una de las pioneras en el desarrollo y fabricaci\u00f3n de cizallas para \u00e1rboles para la madera. Finlandia es reconocida por su excelencia en la industria forestal y la silvicultura, y en JAK-Metalli seguimos esa tradici\u00f3n con innovaci\u00f3n y calidad. Nuestras cizallas han evolucionado hasta su versi\u00f3n actual gracias a un s\u00f3lido proceso de dise\u00f1o y desarrollo, respaldado por una estrecha colaboraci\u00f3n con profesionales del sector.  <\/p>\n<\/div>\n\n\n\n<div class=\"wp-block-column is-layout-flow wp-block-column-is-layout-flow\">\n<ul class=\"wp-block-list\">\n<li>Fundada en: 2012<\/li>\n\n\n\n<li>Especializaci\u00f3n: Fabricaci\u00f3n de accesorios para excavadoras y maquinaria forestal<\/li>\n\n\n\n<li>Presencia global: Red de distribuci\u00f3n internacional en crecimiento<\/li>\n\n\n\n<li>Producci\u00f3n: Operamos en dos f\u00e1bricas<\/li>\n\n\n\n<li>Sede: M\u00e4ntt\u00e4-Vilppula, Finlandia<\/li>\n\n\n\n<li>Alcance: Cizallas para \u00e1rboles JAK vendidas en m\u00e1s de 30 pa\u00edses<\/li>\n<\/ul>\n<\/div>\n<\/div>\n\n<p>Profesionales de todo el mundo conf\u00edan en nuestras cizallas para \u00e1rboles desde hace a\u00f1os. Nuestra red de distribuidores est\u00e1 presente en casi todos los continentes y sigue expandi\u00e9ndose. Nos comprometemos con la internacionalizaci\u00f3n, adaptando constantemente nuestras soluciones a los diferentes requisitos y condiciones de trabajo en cada regi\u00f3n del mundo.  <\/p>\n\n<div style=\"height:30px\" aria-hidden=\"true\" class=\"wp-block-spacer\"><\/div>\n\n<div class=\"wp-block-columns is-layout-flex wp-container-core-columns-is-layout-9d6595d7 wp-block-columns-is-layout-flex\">\n<div class=\"wp-block-column is-layout-flow wp-block-column-is-layout-flow\">\n<h2 class=\"wp-block-heading\">Nuestra Misi\u00f3n<\/h2>\n\n\n\n<p>Triunfamos junto con nuestros clientes.<\/p>\n<\/div>\n\n\n\n<div class=\"wp-block-column is-layout-flow wp-block-column-is-layout-flow\">\n<h2 class=\"wp-block-heading\">Nuestros Valores<\/h2>\n\n\n\n<ul class=\"wp-block-list\">\n<li>Nos preocupamos por nuestros clientes y nuestro equipo<\/li>\n\n\n\n<li>Tratamos a todos con respeto<\/li>\n\n\n\n<li>Nos esforzamos al m\u00e1ximo cada d\u00eda<\/li>\n\n\n\n<li>Cumplimos nuestras promesas y asumimos responsabilidades<\/li>\n\n\n\n<li>Desarrollamos nuestras operaciones con enfoque en la sostenibilidad y las necesidades del cliente<\/li>\n\n\n\n<li>Nos atrevemos a ser curiosos e innovar constantemente<\/li>\n<\/ul>\n<\/div>\n\n\n\n<div class=\"wp-block-column is-layout-flow wp-block-column-is-layout-flow\">\n<h2 class=\"wp-block-heading\">Nuestra Visi\u00f3n<\/h2>\n\n\n\n<p>Ser el socio m\u00e1s buscado y confiable a nivel internacional en el desarrollo de cizallas para \u00e1rboles.<\/p>\n<\/div>\n<\/div>\n\n<div class=\"wp-block-columns are-vertically-aligned-top is-layout-flex wp-container-core-columns-is-layout-9d6595d7 wp-block-columns-is-layout-flex\">\n<div class=\"wp-block-column is-vertically-aligned-top is-layout-flow wp-block-column-is-layout-flow\">\n<figure class=\"wp-block-image size-large\"><img loading=\"lazy\" decoding=\"async\" width=\"1200\" height=\"802\" src=\"https:\/\/jak.fi\/wp-content\/uploads\/2024\/06\/jak-metalli-oy-production-23-scaled-1-1200x802.jpg\" alt=\"\" class=\"wp-image-635\" srcset=\"https:\/\/jak.fi\/wp-content\/uploads\/2024\/06\/jak-metalli-oy-production-23-scaled-1-1200x802.jpg 1200w, https:\/\/jak.fi\/wp-content\/uploads\/2024\/06\/jak-metalli-oy-production-23-scaled-1-700x468.jpg 700w, https:\/\/jak.fi\/wp-content\/uploads\/2024\/06\/jak-metalli-oy-production-23-scaled-1-768x513.jpg 768w, https:\/\/jak.fi\/wp-content\/uploads\/2024\/06\/jak-metalli-oy-production-23-scaled-1-1536x1026.jpg 1536w, https:\/\/jak.fi\/wp-content\/uploads\/2024\/06\/jak-metalli-oy-production-23-scaled-1-2048x1368.jpg 2048w, https:\/\/jak.fi\/wp-content\/uploads\/2024\/06\/jak-metalli-oy-production-23-scaled-1-800x534.jpg 800w\" sizes=\"auto, (max-width: 1200px) 100vw, 1200px\" \/><\/figure>\n<\/div>\n\n\n\n<div class=\"wp-block-column is-vertically-aligned-top is-layout-flow wp-block-column-is-layout-flow\">\n<h2 class=\"wp-block-heading\">Asociaci\u00f3n Hardox\u00ae In My Body<\/h2>\n\n\n\n<p>Desde sus inicios, JAK-Metalli Oy ha sido socio de Hardox\u00ae In My Body, un programa de certificaci\u00f3n de SSAB que garantiza la autenticidad y calidad del acero utilizado en nuestros productos. Todas nuestras cizallas de energ\u00eda llevan la marca Hardox\u00ae, asegurando que est\u00e1n fabricadas con acero Hardox\u00ae genuino, reconocido mundialmente por su resistencia y durabilidad.<br\/><br\/>Mira el siguiente v\u00eddeo para conocer m\u00e1s sobre la fabricaci\u00f3n de las cizallas JAK y nuestra alianza con Hardox\u00ae. <\/p>\n<\/div>\n<\/div>\n\n<figure class=\"wp-block-embed is-type-video is-provider-youtube wp-block-embed-youtube wp-embed-aspect-16-9 wp-has-aspect-ratio\"><div class=\"wp-block-embed__wrapper\">\n<iframe loading=\"lazy\" title=\"Hardox\u00ae wear plate in JAK Tree Sheers for durability and productivity\" width=\"500\" height=\"281\" src=\"https:\/\/www.youtube.com\/embed\/w6100b1gxM4?feature=oembed\" frameborder=\"0\" allow=\"accelerometer; autoplay; clipboard-write; encrypted-media; gyroscope; picture-in-picture; web-share\" referrerpolicy=\"strict-origin-when-cross-origin\" allowfullscreen><\/iframe>\n<\/div><\/figure>\n\n<h2 class=\"wp-block-heading\">Instalaciones de producci\u00f3n de alta calidad en JAK-Metalli Oy<\/h2>\n\n<div class=\"wp-block-columns is-layout-flex wp-container-core-columns-is-layout-9d6595d7 wp-block-columns-is-layout-flex\">\n<div class=\"wp-block-column is-layout-flow wp-block-column-is-layout-flow\">\n<p>En JAK-Metalli Oy nos comprometemos a estar presentes en cada fase del proceso de producci\u00f3n. Esto nos permite garantizar el cumplimiento de nuestros estrictos criterios de calidad y asegurar que nuestros productos lleguen a los usuarios finales con los m\u00e1s altos est\u00e1ndares a trav\u00e9s de nuestra red de distribuidores en todo el mundo.<br\/><br\/>Por esta raz\u00f3n, fabricamos \u00edntegramente todas las cizallas de energ\u00eda JAK en nuestra f\u00e1brica de M\u00e4ntt\u00e4-Vilppula, Finlandia.  <\/p>\n\n\n\n<p>Nuestras instalaciones de producci\u00f3n son el n\u00facleo de nuestra empresa y proporcionan un entorno de fabricaci\u00f3n y control de calidad de primer nivel. <\/p>\n\n\n\n<p>Actualmente, contamos con dos centros de producci\u00f3n y almacenamiento, y en los \u00faltimos a\u00f1os hemos implementado ampliaciones y mejoras para optimizar los procesos de manufactura y reducir los plazos de entrega.<\/p>\n<\/div>\n\n\n\n<div class=\"wp-block-column is-layout-flow wp-block-column-is-layout-flow\">\n<p class=\"has-red-color has-text-color has-link-color wp-elements-a48ee16fe3d3a02511cde413698dfa1b\"><strong>Tecnolog\u00eda de producci\u00f3n utilizada:<\/strong><\/p>\n\n\n\n<ul class=\"wp-block-list\">\n<li>Torno CNC de 5 ejes<\/li>\n\n\n\n<li>Tres tornos CNC, m\u00e1quina autom\u00e1tica de decoletaje<\/li>\n\n\n\n<li>Tres centros de mecanizado CNC horizontales<\/li>\n\n\n\n<li>Dos centros de mecanizado CNC verticales<\/li>\n\n\n\n<li>Dos sierras CNC<\/li>\n\n\n\n<li>Sistema robotizado de soldadura de 9 ejes<\/li>\n<\/ul>\n<\/div>\n<\/div>\n\n<h2 class=\"wp-block-heading\">Cadena de producci\u00f3n y dise\u00f1o del producto<\/h2>\n\n<div class=\"wp-block-columns is-layout-flex wp-container-core-columns-is-layout-9d6595d7 wp-block-columns-is-layout-flex\">\n<div class=\"wp-block-column is-layout-flow wp-block-column-is-layout-flow\">\n<p>Las cizallas para \u00e1rboles JAK han evolucionado hasta su versi\u00f3n actual gracias a a\u00f1os de investigaci\u00f3n y experiencia. Sabemos que los profesionales del sector exigen el m\u00e1ximo rendimiento y durabilidad de nuestros productos, por lo que su desarrollo se ha realizado en estrecha colaboraci\u00f3n con expertos de la industria. Esto nos ha permitido someter cada modelo a pruebas rigurosas en condiciones de trabajo reales, asegurando su calidad y eficiencia.  <\/p>\n<\/div>\n\n\n\n<div class=\"wp-block-column is-layout-flow wp-block-column-is-layout-flow\">\n<ul class=\"wp-block-list\">\n<li>Producci\u00f3n 100% interna, garantizando calidad y consistencia en cada unidad.<\/li>\n\n\n\n<li>Supervisi\u00f3n continua en todas las etapas del proceso de fabricaci\u00f3n.<\/li>\n\n\n\n<li>Capacidad de respuesta r\u00e1pida ante cambios en la demanda del mercado.<\/li>\n\n\n\n<li>Flexibilidad en la adaptaci\u00f3n a necesidades espec\u00edficas de los clientes.<\/li>\n<\/ul>\n<\/div>\n<\/div>\n\n<p>El dise\u00f1o combina el pensamiento anal\u00edtico, los requisitos de producci\u00f3n y econom\u00eda, as\u00ed como el conocimiento de las condiciones reales de uso, dando forma final a nuestros productos. El software SolidWorks y un equipo inform\u00e1tico de alto rendimiento garantizan un proceso de dise\u00f1o \u00e1gil y eficiente en todas sus etapas. <\/p>\n\n<p>El desarrollo de prototipos, la modelizaci\u00f3n de nuevas piezas y funciones, la documentaci\u00f3n, as\u00ed como el an\u00e1lisis de las caracter\u00edsticas de producci\u00f3n y uso, forman un proceso continuo de desarrollo de productos. En el trabajo de dise\u00f1o se tiene en cuenta la eficiencia de fabricaci\u00f3n, el uso de materiales y las propiedades de calidad deseadas para nuestros productos, especialmente desde la perspectiva del usuario final. <\/p>\n\n<div style=\"height:30px\" aria-hidden=\"true\" class=\"wp-block-spacer\"><\/div>\n\n<figure class=\"wp-block-image size-large\"><img loading=\"lazy\" decoding=\"async\" width=\"1200\" height=\"633\" src=\"https:\/\/jak.fi\/wp-content\/uploads\/2024\/06\/jak-metalli-oy-engineering-1-1200x633.jpg\" alt=\"\" class=\"wp-image-630\" srcset=\"https:\/\/jak.fi\/wp-content\/uploads\/2024\/06\/jak-metalli-oy-engineering-1-1200x633.jpg 1200w, https:\/\/jak.fi\/wp-content\/uploads\/2024\/06\/jak-metalli-oy-engineering-1-700x369.jpg 700w, https:\/\/jak.fi\/wp-content\/uploads\/2024\/06\/jak-metalli-oy-engineering-1-768x405.jpg 768w, https:\/\/jak.fi\/wp-content\/uploads\/2024\/06\/jak-metalli-oy-engineering-1-1536x810.jpg 1536w, https:\/\/jak.fi\/wp-content\/uploads\/2024\/06\/jak-metalli-oy-engineering-1-2048x1080.jpg 2048w, https:\/\/jak.fi\/wp-content\/uploads\/2024\/06\/jak-metalli-oy-engineering-1-800x422.jpg 800w\" sizes=\"auto, (max-width: 1200px) 100vw, 1200px\" \/><\/figure>\n\n<h2 class=\"wp-block-heading\">La colaboraci\u00f3n entre la producci\u00f3n y los usuarios<\/h2>\n\n<p>Los usos de nuestros productos y los mercados var\u00edan considerablemente seg\u00fan el pa\u00eds de destino. Queremos escuchar a nuestros clientes y estar preparados para desarrollar nuestros productos. El punto de partida del dise\u00f1o es siempre la conversaci\u00f3n que mantenemos con nuestros clientes. Nuestro objetivo es dise\u00f1ar productos y soluciones adaptados a las necesidades de cada pa\u00eds, en colaboraci\u00f3n con nuestros clientes.   <\/p>\n\n<p>Nuestro departamento de dise\u00f1o trabaja en estrecha colaboraci\u00f3n con las pruebas de producto y la producci\u00f3n para garantizar el funcionamiento de nuestros productos. Analizamos la informaci\u00f3n pr\u00e1ctica y las experiencias sobre los productos proporcionadas por los usuarios finales de todo el mundo. Los datos obtenidos sirven como herramienta para nuestros dise\u00f1adores, con el fin de mejorar los productos existentes y desarrollar soluciones completamente nuevas.  <\/p>\n\n<div style=\"height:30px\" aria-hidden=\"true\" class=\"wp-block-spacer\"><\/div>\n\n<figure class=\"wp-block-image size-large\"><img loading=\"lazy\" decoding=\"async\" width=\"1200\" height=\"675\" src=\"https:\/\/jak.fi\/wp-content\/uploads\/2024\/06\/JAK-welding-worker-tree-shear-1200x675.jpg\" alt=\"\" class=\"wp-image-632\" srcset=\"https:\/\/jak.fi\/wp-content\/uploads\/2024\/06\/JAK-welding-worker-tree-shear-1200x675.jpg 1200w, https:\/\/jak.fi\/wp-content\/uploads\/2024\/06\/JAK-welding-worker-tree-shear-700x394.jpg 700w, https:\/\/jak.fi\/wp-content\/uploads\/2024\/06\/JAK-welding-worker-tree-shear-768x432.jpg 768w, https:\/\/jak.fi\/wp-content\/uploads\/2024\/06\/JAK-welding-worker-tree-shear-1536x864.jpg 1536w, https:\/\/jak.fi\/wp-content\/uploads\/2024\/06\/JAK-welding-worker-tree-shear-800x450.jpg 800w, https:\/\/jak.fi\/wp-content\/uploads\/2024\/06\/JAK-welding-worker-tree-shear.jpg 1920w\" sizes=\"auto, (max-width: 1200px) 100vw, 1200px\" \/><\/figure>\n","protected":false},"excerpt":{"rendered":"<p>JAK-Metalli Oy: Innovaci\u00f3n en Cizallas para \u00e1rboles desde 2012 JAK-Metalli Oy es una empresa l\u00edder en la industria metal\u00fargica y una de las pioneras en el desarrollo y fabricaci\u00f3n de cizallas para \u00e1rboles para la madera. Finlandia es reconocida por su excelencia en la industria forestal y la silvicultura, y en JAK-Metalli seguimos esa tradici\u00f3n [&hellip;]<\/p>\n","protected":false},"author":1,"featured_media":4682,"parent":4651,"menu_order":96,"comment_status":"closed","ping_status":"closed","template":"","meta":{"_acf_changed":false,"footnotes":""},"class_list":["post-4677","page","type-page","status-publish","has-post-thumbnail","hentry"],"acf":[],"yoast_head":"<!-- This site is optimized with the Yoast SEO plugin v27.3 - https:\/\/yoast.com\/product\/yoast-seo-wordpress\/ -->\n<title>JAK Como empresa &#8211; JAK-Metalli Oy<\/title>\n<meta name=\"description\" content=\"JAK-Metalli Oy es una empresa exportadora de la industria metal\u00fargica y uno de los primeros desarrolladores y fabricantes de cizallas para \u00e1rboles en el mercado.\" \/>\n<meta name=\"robots\" content=\"index, follow, max-snippet:-1, max-image-preview:large, max-video-preview:-1\" \/>\n<link rel=\"canonical\" href=\"https:\/\/jak.fi\/es\/empresa\/jak-como-empresa\/\" \/>\n<meta property=\"og:locale\" content=\"es_ES\" \/>\n<meta property=\"og:type\" content=\"article\" \/>\n<meta property=\"og:title\" content=\"JAK Como empresa &#8211; JAK-Metalli Oy\" \/>\n<meta property=\"og:description\" content=\"JAK-Metalli Oy es una empresa exportadora de la industria metal\u00fargica y uno de los primeros desarrolladores y fabricantes de cizallas para \u00e1rboles en el mercado.\" \/>\n<meta property=\"og:url\" content=\"https:\/\/jak.fi\/es\/empresa\/jak-como-empresa\/\" \/>\n<meta property=\"og:site_name\" content=\"JAK-Metalli Oy\" \/>\n<meta property=\"article:publisher\" content=\"https:\/\/www.facebook.com\/jaktreeshears\" \/>\n<meta property=\"article:modified_time\" content=\"2025-04-01T06:56:57+00:00\" \/>\n<meta property=\"og:image\" content=\"https:\/\/jak.fi\/wp-content\/uploads\/2024\/06\/JAK_header_worker.jpg\" \/>\n\t<meta property=\"og:image:width\" content=\"2240\" \/>\n\t<meta property=\"og:image:height\" content=\"700\" \/>\n\t<meta property=\"og:image:type\" content=\"image\/jpeg\" \/>\n<meta name=\"twitter:card\" content=\"summary_large_image\" \/>\n<meta name=\"twitter:label1\" content=\"Tiempo de lectura\" \/>\n\t<meta name=\"twitter:data1\" content=\"5 minuto\" \/>\n<script type=\"application\/ld+json\" class=\"yoast-schema-graph\">{\"@context\":\"https:\\\/\\\/schema.org\",\"@graph\":[{\"@type\":\"WebPage\",\"@id\":\"https:\\\/\\\/jak.fi\\\/es\\\/empresa\\\/jak-como-empresa\\\/\",\"url\":\"https:\\\/\\\/jak.fi\\\/es\\\/empresa\\\/jak-como-empresa\\\/\",\"name\":\"JAK Como empresa &#8211; JAK-Metalli Oy\",\"isPartOf\":{\"@id\":\"https:\\\/\\\/jak.fi\\\/es\\\/#website\"},\"primaryImageOfPage\":{\"@id\":\"https:\\\/\\\/jak.fi\\\/es\\\/empresa\\\/jak-como-empresa\\\/#primaryimage\"},\"image\":{\"@id\":\"https:\\\/\\\/jak.fi\\\/es\\\/empresa\\\/jak-como-empresa\\\/#primaryimage\"},\"thumbnailUrl\":\"https:\\\/\\\/jak.fi\\\/wp-content\\\/uploads\\\/2024\\\/06\\\/JAK_header_worker.jpg\",\"datePublished\":\"2024-05-28T06:31:14+00:00\",\"dateModified\":\"2025-04-01T06:56:57+00:00\",\"description\":\"JAK-Metalli Oy es una empresa exportadora de la industria metal\u00fargica y uno de los primeros desarrolladores y fabricantes de cizallas para \u00e1rboles en el mercado.\",\"breadcrumb\":{\"@id\":\"https:\\\/\\\/jak.fi\\\/es\\\/empresa\\\/jak-como-empresa\\\/#breadcrumb\"},\"inLanguage\":\"es\",\"potentialAction\":[{\"@type\":\"ReadAction\",\"target\":[\"https:\\\/\\\/jak.fi\\\/es\\\/empresa\\\/jak-como-empresa\\\/\"]}]},{\"@type\":\"ImageObject\",\"inLanguage\":\"es\",\"@id\":\"https:\\\/\\\/jak.fi\\\/es\\\/empresa\\\/jak-como-empresa\\\/#primaryimage\",\"url\":\"https:\\\/\\\/jak.fi\\\/wp-content\\\/uploads\\\/2024\\\/06\\\/JAK_header_worker.jpg\",\"contentUrl\":\"https:\\\/\\\/jak.fi\\\/wp-content\\\/uploads\\\/2024\\\/06\\\/JAK_header_worker.jpg\",\"width\":2240,\"height\":700,\"caption\":\"Hitsaaja ty\u00f6skentelee energiakouran p\"},{\"@type\":\"BreadcrumbList\",\"@id\":\"https:\\\/\\\/jak.fi\\\/es\\\/empresa\\\/jak-como-empresa\\\/#breadcrumb\",\"itemListElement\":[{\"@type\":\"ListItem\",\"position\":1,\"name\":\"Etusivu\",\"item\":\"https:\\\/\\\/jak.fi\\\/es\\\/\"},{\"@type\":\"ListItem\",\"position\":2,\"name\":\"Empresa\",\"item\":\"https:\\\/\\\/jak.fi\\\/es\\\/?page_id=4651\"},{\"@type\":\"ListItem\",\"position\":3,\"name\":\"JAK Como empresa\"}]},{\"@type\":\"WebSite\",\"@id\":\"https:\\\/\\\/jak.fi\\\/es\\\/#website\",\"url\":\"https:\\\/\\\/jak.fi\\\/es\\\/\",\"name\":\"JAK-Metalli Oy\",\"description\":\"\",\"publisher\":{\"@id\":\"https:\\\/\\\/jak.fi\\\/es\\\/#organization\"},\"alternateName\":\"JAK Tree shears\",\"potentialAction\":[{\"@type\":\"SearchAction\",\"target\":{\"@type\":\"EntryPoint\",\"urlTemplate\":\"https:\\\/\\\/jak.fi\\\/es\\\/?s={search_term_string}\"},\"query-input\":{\"@type\":\"PropertyValueSpecification\",\"valueRequired\":true,\"valueName\":\"search_term_string\"}}],\"inLanguage\":\"es\"},{\"@type\":\"Organization\",\"@id\":\"https:\\\/\\\/jak.fi\\\/es\\\/#organization\",\"name\":\"JAK-Metalli Oy\",\"alternateName\":\"JAK Tree shears\",\"url\":\"https:\\\/\\\/jak.fi\\\/es\\\/\",\"logo\":{\"@type\":\"ImageObject\",\"inLanguage\":\"es\",\"@id\":\"https:\\\/\\\/jak.fi\\\/es\\\/#\\\/schema\\\/logo\\\/image\\\/\",\"url\":\"https:\\\/\\\/jak.fi\\\/wp-content\\\/uploads\\\/2024\\\/09\\\/JAK-logo-696x696-1.jpg\",\"contentUrl\":\"https:\\\/\\\/jak.fi\\\/wp-content\\\/uploads\\\/2024\\\/09\\\/JAK-logo-696x696-1.jpg\",\"width\":696,\"height\":696,\"caption\":\"JAK-Metalli Oy\"},\"image\":{\"@id\":\"https:\\\/\\\/jak.fi\\\/es\\\/#\\\/schema\\\/logo\\\/image\\\/\"},\"sameAs\":[\"https:\\\/\\\/www.facebook.com\\\/jaktreeshears\",\"https:\\\/\\\/www.instagram.com\\\/jaktreeshears\\\/\",\"https:\\\/\\\/www.youtube.com\\\/channel\\\/UCAwvaVhBBkPie8MeAGbdY1w\"]}]}<\/script>\n<!-- \/ Yoast SEO plugin. -->","yoast_head_json":{"title":"JAK Como empresa &#8211; JAK-Metalli Oy","description":"JAK-Metalli Oy es una empresa exportadora de la industria metal\u00fargica y uno de los primeros desarrolladores y fabricantes de cizallas para \u00e1rboles en el mercado.","robots":{"index":"index","follow":"follow","max-snippet":"max-snippet:-1","max-image-preview":"max-image-preview:large","max-video-preview":"max-video-preview:-1"},"canonical":"https:\/\/jak.fi\/es\/empresa\/jak-como-empresa\/","og_locale":"es_ES","og_type":"article","og_title":"JAK Como empresa &#8211; JAK-Metalli Oy","og_description":"JAK-Metalli Oy es una empresa exportadora de la industria metal\u00fargica y uno de los primeros desarrolladores y fabricantes de cizallas para \u00e1rboles en el mercado.","og_url":"https:\/\/jak.fi\/es\/empresa\/jak-como-empresa\/","og_site_name":"JAK-Metalli Oy","article_publisher":"https:\/\/www.facebook.com\/jaktreeshears","article_modified_time":"2025-04-01T06:56:57+00:00","og_image":[{"width":2240,"height":700,"url":"https:\/\/jak.fi\/wp-content\/uploads\/2024\/06\/JAK_header_worker.jpg","type":"image\/jpeg"}],"twitter_card":"summary_large_image","twitter_misc":{"Tiempo de lectura":"5 minuto"},"schema":{"@context":"https:\/\/schema.org","@graph":[{"@type":"WebPage","@id":"https:\/\/jak.fi\/es\/empresa\/jak-como-empresa\/","url":"https:\/\/jak.fi\/es\/empresa\/jak-como-empresa\/","name":"JAK Como empresa &#8211; JAK-Metalli Oy","isPartOf":{"@id":"https:\/\/jak.fi\/es\/#website"},"primaryImageOfPage":{"@id":"https:\/\/jak.fi\/es\/empresa\/jak-como-empresa\/#primaryimage"},"image":{"@id":"https:\/\/jak.fi\/es\/empresa\/jak-como-empresa\/#primaryimage"},"thumbnailUrl":"https:\/\/jak.fi\/wp-content\/uploads\/2024\/06\/JAK_header_worker.jpg","datePublished":"2024-05-28T06:31:14+00:00","dateModified":"2025-04-01T06:56:57+00:00","description":"JAK-Metalli Oy es una empresa exportadora de la industria metal\u00fargica y uno de los primeros desarrolladores y fabricantes de cizallas para \u00e1rboles en el mercado.","breadcrumb":{"@id":"https:\/\/jak.fi\/es\/empresa\/jak-como-empresa\/#breadcrumb"},"inLanguage":"es","potentialAction":[{"@type":"ReadAction","target":["https:\/\/jak.fi\/es\/empresa\/jak-como-empresa\/"]}]},{"@type":"ImageObject","inLanguage":"es","@id":"https:\/\/jak.fi\/es\/empresa\/jak-como-empresa\/#primaryimage","url":"https:\/\/jak.fi\/wp-content\/uploads\/2024\/06\/JAK_header_worker.jpg","contentUrl":"https:\/\/jak.fi\/wp-content\/uploads\/2024\/06\/JAK_header_worker.jpg","width":2240,"height":700,"caption":"Hitsaaja ty\u00f6skentelee energiakouran p"},{"@type":"BreadcrumbList","@id":"https:\/\/jak.fi\/es\/empresa\/jak-como-empresa\/#breadcrumb","itemListElement":[{"@type":"ListItem","position":1,"name":"Etusivu","item":"https:\/\/jak.fi\/es\/"},{"@type":"ListItem","position":2,"name":"Empresa","item":"https:\/\/jak.fi\/es\/?page_id=4651"},{"@type":"ListItem","position":3,"name":"JAK Como empresa"}]},{"@type":"WebSite","@id":"https:\/\/jak.fi\/es\/#website","url":"https:\/\/jak.fi\/es\/","name":"JAK-Metalli Oy","description":"","publisher":{"@id":"https:\/\/jak.fi\/es\/#organization"},"alternateName":"JAK Tree shears","potentialAction":[{"@type":"SearchAction","target":{"@type":"EntryPoint","urlTemplate":"https:\/\/jak.fi\/es\/?s={search_term_string}"},"query-input":{"@type":"PropertyValueSpecification","valueRequired":true,"valueName":"search_term_string"}}],"inLanguage":"es"},{"@type":"Organization","@id":"https:\/\/jak.fi\/es\/#organization","name":"JAK-Metalli Oy","alternateName":"JAK Tree shears","url":"https:\/\/jak.fi\/es\/","logo":{"@type":"ImageObject","inLanguage":"es","@id":"https:\/\/jak.fi\/es\/#\/schema\/logo\/image\/","url":"https:\/\/jak.fi\/wp-content\/uploads\/2024\/09\/JAK-logo-696x696-1.jpg","contentUrl":"https:\/\/jak.fi\/wp-content\/uploads\/2024\/09\/JAK-logo-696x696-1.jpg","width":696,"height":696,"caption":"JAK-Metalli Oy"},"image":{"@id":"https:\/\/jak.fi\/es\/#\/schema\/logo\/image\/"},"sameAs":["https:\/\/www.facebook.com\/jaktreeshears","https:\/\/www.instagram.com\/jaktreeshears\/","https:\/\/www.youtube.com\/channel\/UCAwvaVhBBkPie8MeAGbdY1w"]}]}},"_links":{"self":[{"href":"https:\/\/jak.fi\/es\/wp-json\/wp\/v2\/pages\/4677","targetHints":{"allow":["GET"]}}],"collection":[{"href":"https:\/\/jak.fi\/es\/wp-json\/wp\/v2\/pages"}],"about":[{"href":"https:\/\/jak.fi\/es\/wp-json\/wp\/v2\/types\/page"}],"author":[{"embeddable":true,"href":"https:\/\/jak.fi\/es\/wp-json\/wp\/v2\/users\/1"}],"replies":[{"embeddable":true,"href":"https:\/\/jak.fi\/es\/wp-json\/wp\/v2\/comments?post=4677"}],"version-history":[{"count":4,"href":"https:\/\/jak.fi\/es\/wp-json\/wp\/v2\/pages\/4677\/revisions"}],"predecessor-version":[{"id":5086,"href":"https:\/\/jak.fi\/es\/wp-json\/wp\/v2\/pages\/4677\/revisions\/5086"}],"up":[{"embeddable":true,"href":"https:\/\/jak.fi\/es\/wp-json\/wp\/v2\/pages\/4651"}],"wp:featuredmedia":[{"embeddable":true,"href":"https:\/\/jak.fi\/es\/wp-json\/wp\/v2\/media\/4682"}],"wp:attachment":[{"href":"https:\/\/jak.fi\/es\/wp-json\/wp\/v2\/media?parent=4677"}],"curies":[{"name":"wp","href":"https:\/\/api.w.org\/{rel}","templated":true}]}}