{"id":4684,"date":"2024-05-21T15:31:48","date_gmt":"2024-05-21T12:31:48","guid":{"rendered":"https:\/\/jak.fi\/empresa\/informacion-de-facturacion\/"},"modified":"2025-04-17T13:48:23","modified_gmt":"2025-04-17T10:48:23","slug":"informacion-de-facturacion","status":"publish","type":"page","link":"https:\/\/jak.fi\/es\/empresa\/informacion-de-facturacion\/","title":{"rendered":"Informaci\u00f3n de facturaci\u00f3n"},"content":{"rendered":"\n<div style=\"height:50px\" aria-hidden=\"true\" class=\"wp-block-spacer\"><\/div>\n\n<h2 class=\"wp-block-heading has-text-align-left\">Nuestra direcci\u00f3n de facturaci\u00f3n<\/h2>\n\n<p class=\"has-red-color has-text-color has-link-color wp-elements-70929aa967d0555c131fdba883b3a3e0\">Un buen compa\u00f1ero,<\/p>\n\n<p>hemos pasado al tratamiento electr\u00f3nico de las facturas de compra y a la facturaci\u00f3n electr\u00f3nica para que nuestras operaciones sean m\u00e1s eficaces. Nuestro operador de factura electr\u00f3nica es Maventa. Nuestros datos de facturaci\u00f3n electr\u00f3nica son:  <\/p>\n\n<h3 class=\"wp-block-heading\">Informaci\u00f3n sobre nuestra empresa:<\/h3>\n\n<figure class=\"wp-block-table\"><table><tbody><tr><td><strong>Nombre<\/strong><\/td><td><strong>Identificaci\u00f3n de la empresa<\/strong><\/td><td><strong>Direcci\u00f3n web<\/strong><\/td><\/tr><tr><td>  JAK-Metalli Oy<\/td><td>2467108-7<\/td><td>003724671087<\/td><\/tr><\/tbody><\/table><\/figure>\n\n<h3 class=\"wp-block-heading\">Informaci\u00f3n del corredor<\/h3>\n\n<figure class=\"wp-block-table\"><table><tbody><tr><td><strong>Opciones de intermediaci\u00f3n<\/strong><\/td><td><strong>ID de corredor<\/strong><\/td><\/tr><tr><td>Si tu intermediario de factura electr\u00f3nica es un operador, por ejemplo Itella, Basware, etc., el ID del intermediario es  <\/td><td>003721291126<\/td><\/tr><tr><td>Si tu intermediario de factura electr\u00f3nica es un banco, por ejemplo Nordea, Osuuspankki, etc., el ID del intermediario es  <\/td><td>DABAFIHH<\/td><\/tr><\/tbody><\/table><\/figure>\n\n<p><strong>\u00a1Toma nota!  <\/strong>Por favor, ten cuidado con el c\u00f3digo de transportista para que tus facturas lleguen sin problemas.<\/p>\n\n<p>Tambi\u00e9n podemos incluir un archivo de imagen de la factura y otros anexos en formato PDF con tus facturas electr\u00f3nicas.<\/p>\n\n<p>Si no puedes enviar facturas en l\u00ednea, env\u00eda tus facturas de compra directamente al servicio de escaneado en papel o por correo electr\u00f3nico, siguiendo las instrucciones que se indican a continuaci\u00f3n.<\/p>\n\n<h2 class=\"wp-block-heading\">Direcci\u00f3n de facturaci\u00f3n e instrucciones para las facturas en papel<\/h2>\n\n<div class=\"wp-block-columns is-layout-flex wp-container-core-columns-is-layout-9d6595d7 wp-block-columns-is-layout-flex\">\n<div class=\"wp-block-column is-layout-flow wp-block-column-is-layout-flow\">\n<p>Nota. El n\u00famero de serie bajo el nombre de la empresa es la raz\u00f3n social de la empresa a facturar sin gui\u00f3n. <\/p>\n<\/div>\n\n\n\n<div class=\"wp-block-column is-layout-flow wp-block-column-is-layout-flow\">\n<p><br\/><br\/><br\/>JAK-METALLI OY 24671087 PL 100 80020 Colector Scan<\/p>\n<\/div>\n<\/div>\n\n<p><strong>Consideraciones importantes para enviar facturas en papel al servicio de escaneado:<\/strong><\/p>\n\n<ul class=\"wp-block-list\">\n<li>Es muy importante que en el sobre s\u00f3lo est\u00e9n la factura y sus anexos. Si en el sobre llega otro material que no sea la factura, lo entregaremos al destinatario por correo electr\u00f3nico o postal y le facturaremos de acuerdo con la lista de precios vigente. <\/li>\n\n\n\n<li>No pongas recordatorios de pago ni cartas de cobro en el servicio de escaneado, ya que no son facturas. Facturaremos al destinatario su entrega seg\u00fan la lista de precios vigente <\/li>\n\n\n\n<li>La informaci\u00f3n sobre el n\u00famero de serie tambi\u00e9n debe aparecer en la factura en papel en el campo de direcci\u00f3n de la direcci\u00f3n de facturaci\u00f3n debajo de la empresa, no s\u00f3lo en el sobre. Cobramos al destinatario por a\u00f1adir el n\u00famero de serie de acuerdo con la lista de precios vigente. <\/li>\n\n\n\n<li>Con las facturas en PDF, no es necesario que el n\u00famero de serie est\u00e9 en el campo de direcci\u00f3n, ya que la empresa destinataria se identifica por la direcci\u00f3n de correo electr\u00f3nico<\/li>\n\n\n\n<li>Las facturas de varias p\u00e1ginas no deben dividirse en varios sobres<\/li>\n\n\n\n<li>Las facturas se imprimen en una impresora de alta calidad<\/li>\n\n\n\n<li>Las p\u00e1ginas de la factura no deben estar unidas de ninguna manera (utilizando una grapadora, etc.)<\/li>\n\n\n\n<li>La factura debe tener un importe total<\/li>\n<\/ul>\n\n<h2 class=\"wp-block-heading\">Env\u00eda un correo electr\u00f3nico con el destinatario de la factura y las instrucciones<\/h2>\n\n<p>La direcci\u00f3n del destinatario del correo electr\u00f3nico es la siguiente. La factura se enviar\u00e1 a la cuenta correcta por n\u00famero de serie. <br\/><a href=\"mailto:invoice-24671087@kollektor.fi\">invoice-24671087@kollektor.fi<\/a><\/p>\n\n<p><strong>Consideraciones importantes para enviar facturas por correo electr\u00f3nico al servicio de escaneado:<\/strong><\/p>\n\n<ul class=\"wp-block-list\">\n<li>Las facturas se env\u00edan como archivos adjuntos por correo electr\u00f3nico en formato PDF<\/li>\n\n\n\n<li>Una factura por archivo, que contenga todas las p\u00e1ginas y dem\u00e1s anexos de la factura<\/li>\n\n\n\n<li>Un correo electr\u00f3nico puede tener un m\u00e1ximo de 10Mb<\/li>\n\n\n\n<li>Los archivos PDF deben ser documentos PDF aut\u00e9nticos de la versi\u00f3n 1.3 o superior<\/li>\n\n\n\n<li>Los archivos PDF no deben estar bloqueados ni protegidos con contrase\u00f1a<\/li>\n\n\n\n<li>El tama\u00f1o m\u00e1ximo del documento es de 210&#215;297 mm, es decir, A4<\/li>\n\n\n\n<li>El nombre del archivo no debe contener m\u00e1s que los caracteres habituales, a-z, A-Z, 0-9<\/li>\n<\/ul>\n\n<h2 class=\"wp-block-heading\">Informaci\u00f3n si es necesaria:<\/h2>\n\n<p>Tiina Salin<br\/>+358400804658<br\/><a href=\"mailto:tiina.salin@jak.fi\">tiina.salin@jak.fi<\/a><\/p>\n","protected":false},"excerpt":{"rendered":"<p>Nuestra direcci\u00f3n de facturaci\u00f3n Un buen compa\u00f1ero, hemos pasado al tratamiento electr\u00f3nico de las facturas de compra y a la facturaci\u00f3n electr\u00f3nica para que nuestras operaciones sean m\u00e1s eficaces. Nuestro operador de factura electr\u00f3nica es Maventa. Nuestros datos de facturaci\u00f3n electr\u00f3nica son: Informaci\u00f3n sobre nuestra empresa: Nombre Identificaci\u00f3n de la empresa Direcci\u00f3n web JAK-Metalli Oy [&hellip;]<\/p>\n","protected":false},"author":1,"featured_media":0,"parent":4651,"menu_order":141,"comment_status":"closed","ping_status":"closed","template":"page-narrow.php","meta":{"_acf_changed":false,"footnotes":""},"class_list":["post-4684","page","type-page","status-publish","hentry"],"acf":[],"yoast_head":"<!-- This site is optimized with the Yoast SEO plugin v27.2 - https:\/\/yoast.com\/product\/yoast-seo-wordpress\/ -->\n<title>Informaci\u00f3n de facturaci\u00f3n &#8211; JAK-Metalli Oy<\/title>\n<meta name=\"description\" content=\"Informaci\u00f3n actualizada sobre la facturaci\u00f3n de los productos JAK e instrucciones para la facturaci\u00f3n electr\u00f3nica y la factura electr\u00f3nica: inf\u00f3rmate.\" \/>\n<meta name=\"robots\" content=\"index, follow, max-snippet:-1, max-image-preview:large, max-video-preview:-1\" \/>\n<link rel=\"canonical\" href=\"https:\/\/jak.fi\/es\/empresa\/informacion-de-facturacion\/\" \/>\n<meta property=\"og:locale\" content=\"es_ES\" \/>\n<meta property=\"og:type\" content=\"article\" \/>\n<meta property=\"og:title\" content=\"Informaci\u00f3n de facturaci\u00f3n &#8211; JAK-Metalli Oy\" \/>\n<meta property=\"og:description\" content=\"Informaci\u00f3n actualizada sobre la facturaci\u00f3n de los productos JAK e instrucciones para la facturaci\u00f3n electr\u00f3nica y la factura electr\u00f3nica: inf\u00f3rmate.\" \/>\n<meta property=\"og:url\" content=\"https:\/\/jak.fi\/es\/empresa\/informacion-de-facturacion\/\" \/>\n<meta property=\"og:site_name\" content=\"JAK-Metalli Oy\" \/>\n<meta property=\"article:publisher\" content=\"https:\/\/www.facebook.com\/jaktreeshears\" \/>\n<meta property=\"article:modified_time\" content=\"2025-04-17T10:48:23+00:00\" \/>\n<meta property=\"og:image\" content=\"https:\/\/jak.fi\/wp-content\/uploads\/2024\/05\/jak-ylakuva-1-2000x600px-1.jpg\" \/>\n\t<meta property=\"og:image:width\" content=\"2000\" \/>\n\t<meta property=\"og:image:height\" content=\"600\" \/>\n\t<meta property=\"og:image:type\" content=\"image\/jpeg\" \/>\n<meta name=\"twitter:card\" content=\"summary_large_image\" \/>\n<meta name=\"twitter:label1\" content=\"Tiempo de lectura\" \/>\n\t<meta name=\"twitter:data1\" content=\"3 minuto\" \/>\n<script type=\"application\/ld+json\" class=\"yoast-schema-graph\">{\"@context\":\"https:\/\/schema.org\",\"@graph\":[{\"@type\":\"WebPage\",\"@id\":\"https:\/\/jak.fi\/es\/empresa\/informacion-de-facturacion\/\",\"url\":\"https:\/\/jak.fi\/es\/empresa\/informacion-de-facturacion\/\",\"name\":\"Informaci\u00f3n de facturaci\u00f3n &#8211; JAK-Metalli Oy\",\"isPartOf\":{\"@id\":\"https:\/\/jak.fi\/es\/#website\"},\"datePublished\":\"2024-05-21T12:31:48+00:00\",\"dateModified\":\"2025-04-17T10:48:23+00:00\",\"description\":\"Informaci\u00f3n actualizada sobre la facturaci\u00f3n de los productos JAK e instrucciones para la facturaci\u00f3n electr\u00f3nica y la factura electr\u00f3nica: inf\u00f3rmate.\",\"breadcrumb\":{\"@id\":\"https:\/\/jak.fi\/es\/empresa\/informacion-de-facturacion\/#breadcrumb\"},\"inLanguage\":\"es\",\"potentialAction\":[{\"@type\":\"ReadAction\",\"target\":[\"https:\/\/jak.fi\/es\/empresa\/informacion-de-facturacion\/\"]}]},{\"@type\":\"BreadcrumbList\",\"@id\":\"https:\/\/jak.fi\/es\/empresa\/informacion-de-facturacion\/#breadcrumb\",\"itemListElement\":[{\"@type\":\"ListItem\",\"position\":1,\"name\":\"Etusivu\",\"item\":\"https:\/\/jak.fi\/es\/\"},{\"@type\":\"ListItem\",\"position\":2,\"name\":\"Empresa\",\"item\":\"https:\/\/jak.fi\/es\/?page_id=4651\"},{\"@type\":\"ListItem\",\"position\":3,\"name\":\"Informaci\u00f3n de facturaci\u00f3n\"}]},{\"@type\":\"WebSite\",\"@id\":\"https:\/\/jak.fi\/es\/#website\",\"url\":\"https:\/\/jak.fi\/es\/\",\"name\":\"JAK-Metalli Oy\",\"description\":\"\",\"publisher\":{\"@id\":\"https:\/\/jak.fi\/es\/#organization\"},\"alternateName\":\"JAK Tree shears\",\"potentialAction\":[{\"@type\":\"SearchAction\",\"target\":{\"@type\":\"EntryPoint\",\"urlTemplate\":\"https:\/\/jak.fi\/es\/?s={search_term_string}\"},\"query-input\":{\"@type\":\"PropertyValueSpecification\",\"valueRequired\":true,\"valueName\":\"search_term_string\"}}],\"inLanguage\":\"es\"},{\"@type\":\"Organization\",\"@id\":\"https:\/\/jak.fi\/es\/#organization\",\"name\":\"JAK-Metalli Oy\",\"alternateName\":\"JAK Tree shears\",\"url\":\"https:\/\/jak.fi\/es\/\",\"logo\":{\"@type\":\"ImageObject\",\"inLanguage\":\"es\",\"@id\":\"https:\/\/jak.fi\/es\/#\/schema\/logo\/image\/\",\"url\":\"https:\/\/jak.fi\/wp-content\/uploads\/2024\/09\/JAK-logo-696x696-1.jpg\",\"contentUrl\":\"https:\/\/jak.fi\/wp-content\/uploads\/2024\/09\/JAK-logo-696x696-1.jpg\",\"width\":696,\"height\":696,\"caption\":\"JAK-Metalli Oy\"},\"image\":{\"@id\":\"https:\/\/jak.fi\/es\/#\/schema\/logo\/image\/\"},\"sameAs\":[\"https:\/\/www.facebook.com\/jaktreeshears\",\"https:\/\/www.instagram.com\/jaktreeshears\/\",\"https:\/\/www.youtube.com\/channel\/UCAwvaVhBBkPie8MeAGbdY1w\"]}]}<\/script>\n<!-- \/ Yoast SEO plugin. -->","yoast_head_json":{"title":"Informaci\u00f3n de facturaci\u00f3n &#8211; JAK-Metalli Oy","description":"Informaci\u00f3n actualizada sobre la facturaci\u00f3n de los productos JAK e instrucciones para la facturaci\u00f3n electr\u00f3nica y la factura electr\u00f3nica: inf\u00f3rmate.","robots":{"index":"index","follow":"follow","max-snippet":"max-snippet:-1","max-image-preview":"max-image-preview:large","max-video-preview":"max-video-preview:-1"},"canonical":"https:\/\/jak.fi\/es\/empresa\/informacion-de-facturacion\/","og_locale":"es_ES","og_type":"article","og_title":"Informaci\u00f3n de facturaci\u00f3n &#8211; JAK-Metalli Oy","og_description":"Informaci\u00f3n actualizada sobre la facturaci\u00f3n de los productos JAK e instrucciones para la facturaci\u00f3n electr\u00f3nica y la factura electr\u00f3nica: inf\u00f3rmate.","og_url":"https:\/\/jak.fi\/es\/empresa\/informacion-de-facturacion\/","og_site_name":"JAK-Metalli Oy","article_publisher":"https:\/\/www.facebook.com\/jaktreeshears","article_modified_time":"2025-04-17T10:48:23+00:00","og_image":[{"width":2000,"height":600,"url":"https:\/\/jak.fi\/wp-content\/uploads\/2024\/05\/jak-ylakuva-1-2000x600px-1.jpg","type":"image\/jpeg"}],"twitter_card":"summary_large_image","twitter_misc":{"Tiempo de lectura":"3 minuto"},"schema":{"@context":"https:\/\/schema.org","@graph":[{"@type":"WebPage","@id":"https:\/\/jak.fi\/es\/empresa\/informacion-de-facturacion\/","url":"https:\/\/jak.fi\/es\/empresa\/informacion-de-facturacion\/","name":"Informaci\u00f3n de facturaci\u00f3n &#8211; JAK-Metalli Oy","isPartOf":{"@id":"https:\/\/jak.fi\/es\/#website"},"datePublished":"2024-05-21T12:31:48+00:00","dateModified":"2025-04-17T10:48:23+00:00","description":"Informaci\u00f3n actualizada sobre la facturaci\u00f3n de los productos JAK e instrucciones para la facturaci\u00f3n electr\u00f3nica y la factura electr\u00f3nica: inf\u00f3rmate.","breadcrumb":{"@id":"https:\/\/jak.fi\/es\/empresa\/informacion-de-facturacion\/#breadcrumb"},"inLanguage":"es","potentialAction":[{"@type":"ReadAction","target":["https:\/\/jak.fi\/es\/empresa\/informacion-de-facturacion\/"]}]},{"@type":"BreadcrumbList","@id":"https:\/\/jak.fi\/es\/empresa\/informacion-de-facturacion\/#breadcrumb","itemListElement":[{"@type":"ListItem","position":1,"name":"Etusivu","item":"https:\/\/jak.fi\/es\/"},{"@type":"ListItem","position":2,"name":"Empresa","item":"https:\/\/jak.fi\/es\/?page_id=4651"},{"@type":"ListItem","position":3,"name":"Informaci\u00f3n de facturaci\u00f3n"}]},{"@type":"WebSite","@id":"https:\/\/jak.fi\/es\/#website","url":"https:\/\/jak.fi\/es\/","name":"JAK-Metalli Oy","description":"","publisher":{"@id":"https:\/\/jak.fi\/es\/#organization"},"alternateName":"JAK Tree shears","potentialAction":[{"@type":"SearchAction","target":{"@type":"EntryPoint","urlTemplate":"https:\/\/jak.fi\/es\/?s={search_term_string}"},"query-input":{"@type":"PropertyValueSpecification","valueRequired":true,"valueName":"search_term_string"}}],"inLanguage":"es"},{"@type":"Organization","@id":"https:\/\/jak.fi\/es\/#organization","name":"JAK-Metalli Oy","alternateName":"JAK Tree shears","url":"https:\/\/jak.fi\/es\/","logo":{"@type":"ImageObject","inLanguage":"es","@id":"https:\/\/jak.fi\/es\/#\/schema\/logo\/image\/","url":"https:\/\/jak.fi\/wp-content\/uploads\/2024\/09\/JAK-logo-696x696-1.jpg","contentUrl":"https:\/\/jak.fi\/wp-content\/uploads\/2024\/09\/JAK-logo-696x696-1.jpg","width":696,"height":696,"caption":"JAK-Metalli Oy"},"image":{"@id":"https:\/\/jak.fi\/es\/#\/schema\/logo\/image\/"},"sameAs":["https:\/\/www.facebook.com\/jaktreeshears","https:\/\/www.instagram.com\/jaktreeshears\/","https:\/\/www.youtube.com\/channel\/UCAwvaVhBBkPie8MeAGbdY1w"]}]}},"_links":{"self":[{"href":"https:\/\/jak.fi\/es\/wp-json\/wp\/v2\/pages\/4684","targetHints":{"allow":["GET"]}}],"collection":[{"href":"https:\/\/jak.fi\/es\/wp-json\/wp\/v2\/pages"}],"about":[{"href":"https:\/\/jak.fi\/es\/wp-json\/wp\/v2\/types\/page"}],"author":[{"embeddable":true,"href":"https:\/\/jak.fi\/es\/wp-json\/wp\/v2\/users\/1"}],"replies":[{"embeddable":true,"href":"https:\/\/jak.fi\/es\/wp-json\/wp\/v2\/comments?post=4684"}],"version-history":[{"count":3,"href":"https:\/\/jak.fi\/es\/wp-json\/wp\/v2\/pages\/4684\/revisions"}],"predecessor-version":[{"id":7506,"href":"https:\/\/jak.fi\/es\/wp-json\/wp\/v2\/pages\/4684\/revisions\/7506"}],"up":[{"embeddable":true,"href":"https:\/\/jak.fi\/es\/wp-json\/wp\/v2\/pages\/4651"}],"wp:attachment":[{"href":"https:\/\/jak.fi\/es\/wp-json\/wp\/v2\/media?parent=4684"}],"curies":[{"name":"wp","href":"https:\/\/api.w.org\/{rel}","templated":true}]}}