{"id":4688,"date":"2024-05-28T09:32:03","date_gmt":"2024-05-28T06:32:03","guid":{"rendered":"https:\/\/jak.fi\/empresa\/jak-como-empleador\/"},"modified":"2025-08-18T09:23:57","modified_gmt":"2025-08-18T06:23:57","slug":"jak-como-empleador","status":"publish","type":"page","link":"https:\/\/jak.fi\/es\/empresa\/jak-como-empleador\/","title":{"rendered":"JAK como empleador"},"content":{"rendered":"\n<div style=\"height:30px\" aria-hidden=\"true\" class=\"wp-block-spacer\"><\/div>\n\n\n\n<p class=\"has-text-align-center has-red-color has-text-color has-link-color has-medium-font-size wp-elements-1638f6a2ced35c6278a3da33e79b2cf0\">Nuestra visi\u00f3n es ser el socio m\u00e1s solicitado y confiable a nivel internacional en el desarrollo de cizallas para \u00e1rboles. Para ello, invertimos en conocimiento, innovaci\u00f3n y en el compromiso de convertirnos en los mejores del sector.<\/p>\n\n\n\n<h2 class=\"wp-block-heading has-text-align-center\">JAK-Metalli Oy como empleador<\/h2>\n\n\n\n<div class=\"wp-block-columns is-layout-flex wp-container-core-columns-is-layout-9d6595d7 wp-block-columns-is-layout-flex\">\n<div class=\"wp-block-column is-layout-flow wp-block-column-is-layout-flow\">\n<p>JAK-Metalli Oy es una empresa en crecimiento con una s\u00f3lida visi\u00f3n de expansi\u00f3n internacional. Actualmente, empleamos a unas 20 personas, adem\u00e1s de contar con un equipo de ventas, marketing y log\u00edstica estrechamente vinculado a nuestras operaciones.  <\/p>\n\n\n\n<p>Nuestra f\u00e1brica en M\u00e4ntt\u00e4 es el centro de producci\u00f3n y el pilar de nuestro compromiso con la calidad y el bienestar del equipo. Seguimos el principio de fabricar cada uno de nuestros productos de principio a fin en nuestras propias instalaciones, lo que nos permite un control total sobre cada fase del proceso y garantiza los m\u00e1s altos est\u00e1ndares de producci\u00f3n. Adem\u00e1s, este enfoque permite que nuestro personal vea reflejado el impacto directo de su trabajo.  <\/p>\n<\/div>\n\n\n\n<div class=\"wp-block-column is-layout-flow wp-block-column-is-layout-flow\">\n<p>Nuestra f\u00e1brica combina automatizaci\u00f3n moderna con la maestr\u00eda artesanal finlandesa, una de las bases de nuestra filosof\u00eda de producci\u00f3n. Nunca hemos buscado competir en el mercado con precios bajos a costa de la calidad; en cambio, nos enorgullece ofrecer productos fabricados en Finlandia, reconocidos mundialmente por su excelencia.<br><br>Estamos especialmente orgullosos de nuestro equipo de profesionales altamente cualificados, cuya dedicaci\u00f3n es clave para la calidad de nuestros productos. Su compromiso con la empresa y su esp\u00edritu de colaboraci\u00f3n crean un entorno de trabajo din\u00e1mico, positivo y motivador. En JAK-Metalli, valoramos el sentido de comunidad y el buen ambiente laboral, haciendo que cada d\u00eda de trabajo sea gratificante.     <\/p>\n<\/div>\n<\/div>\n\n\n\n<figure class=\"wp-block-image size-full\"><img loading=\"lazy\" decoding=\"async\" width=\"1920\" height=\"1280\" src=\"https:\/\/jak.fi\/wp-content\/uploads\/2024\/06\/henkilosto-kuvitus-3.jpg\" alt=\"\" class=\"wp-image-942\" srcset=\"https:\/\/jak.fi\/wp-content\/uploads\/2024\/06\/henkilosto-kuvitus-3.jpg 1920w, https:\/\/jak.fi\/wp-content\/uploads\/2024\/06\/henkilosto-kuvitus-3-700x467.jpg 700w, https:\/\/jak.fi\/wp-content\/uploads\/2024\/06\/henkilosto-kuvitus-3-1200x800.jpg 1200w, https:\/\/jak.fi\/wp-content\/uploads\/2024\/06\/henkilosto-kuvitus-3-768x512.jpg 768w, https:\/\/jak.fi\/wp-content\/uploads\/2024\/06\/henkilosto-kuvitus-3-1536x1024.jpg 1536w, https:\/\/jak.fi\/wp-content\/uploads\/2024\/06\/henkilosto-kuvitus-3-800x533.jpg 800w\" sizes=\"auto, (max-width: 1920px) 100vw, 1920px\" \/><\/figure>\n\n\n\n<div class=\"wp-block-media-text is-stacked-on-mobile is-image-fill-element\"><figure class=\"wp-block-media-text__media\"><img loading=\"lazy\" decoding=\"async\" width=\"1200\" height=\"800\" src=\"https:\/\/jak.fi\/wp-content\/uploads\/2024\/06\/henkilosto-kuvitus-4-1200x800.jpg\" alt=\"\" class=\"wp-image-937 size-full\" style=\"object-position:39% 29%\" srcset=\"https:\/\/jak.fi\/wp-content\/uploads\/2024\/06\/henkilosto-kuvitus-4-1200x800.jpg 1200w, https:\/\/jak.fi\/wp-content\/uploads\/2024\/06\/henkilosto-kuvitus-4-700x467.jpg 700w, https:\/\/jak.fi\/wp-content\/uploads\/2024\/06\/henkilosto-kuvitus-4-768x512.jpg 768w, https:\/\/jak.fi\/wp-content\/uploads\/2024\/06\/henkilosto-kuvitus-4-1536x1024.jpg 1536w, https:\/\/jak.fi\/wp-content\/uploads\/2024\/06\/henkilosto-kuvitus-4-800x533.jpg 800w, https:\/\/jak.fi\/wp-content\/uploads\/2024\/06\/henkilosto-kuvitus-4.jpg 1920w\" sizes=\"auto, (max-width: 1200px) 100vw, 1200px\" \/><\/figure><div class=\"wp-block-media-text__content\">\n<p><\/p>\n\n\n\n<h3 class=\"wp-block-heading\">PREGUNTAS FRECUENTES<\/h3>\n\n\n\n<p><strong>\u00bfQu\u00e9 tipo de habilidades buscan especialmente?<\/strong><br>Buscamos profesionales con experiencia en el sector metal\u00fargico.<\/p>\n\n\n\n<p><strong>Voinko j\u00e4tt\u00e4\u00e4 avoimen hakemuksen?<\/strong><br>Tietenkin! L\u00e4het\u00e4 avoin hakemus alla olevalla lomakkeella tai l\u00e4het\u00e4 s\u00e4hk\u00f6postia osoitteeseen <a href=\"mailto:rekry@jak.fi\">rekry@jak.fi<\/a><\/p>\n\n\n\n<p><strong>\u00bfContratas trabajadores de verano?<\/strong><br>Nuestra f\u00e1brica permanece cerrada durante el mes de julio, por lo que no requerimos trabajadores de verano.<\/p>\n\n\n\n<p><strong>\u00bfOfrecen oportunidades para realizar pr\u00e1cticas o tesis?<\/strong><br>\u00a1S\u00ed! No dudes en ponerte en contacto con nosotros para explorar las oportunidades disponibles. <\/p>\n<\/div><\/div>\n\n\n\n<h2 class=\"wp-block-heading\">\u00a1Cont\u00e1ctanos!<\/h2>\n\n\n\n<div class=\"wpcf7 no-js\" id=\"wpcf7-f4726-o1\" lang=\"es-ES\" dir=\"ltr\" data-wpcf7-id=\"4726\">\n<div class=\"screen-reader-response\"><p role=\"status\" aria-live=\"polite\" aria-atomic=\"true\"><\/p> <ul><\/ul><\/div>\n<form action=\"\/es\/wp-json\/wp\/v2\/pages\/4688#wpcf7-f4726-o1\" method=\"post\" class=\"wpcf7-form init\" aria-label=\"Formulario de contacto\" novalidate=\"novalidate\" data-status=\"init\">\n<fieldset class=\"hidden-fields-container\"><input type=\"hidden\" name=\"_wpcf7\" value=\"4726\" \/><input type=\"hidden\" name=\"_wpcf7_version\" value=\"6.1.5\" \/><input type=\"hidden\" name=\"_wpcf7_locale\" value=\"es_ES\" \/><input type=\"hidden\" name=\"_wpcf7_unit_tag\" value=\"wpcf7-f4726-o1\" \/><input type=\"hidden\" name=\"_wpcf7_container_post\" value=\"0\" \/><input type=\"hidden\" name=\"_wpcf7_posted_data_hash\" value=\"\" \/><input type=\"hidden\" name=\"_wpcf7_recaptcha_response\" value=\"\" \/>\n<\/fieldset>\n<div class=\"row\">\n\t<div class=\"col-6 col-md-12 col-lg-6\">\n\t\t<div class=\"form-group\">\n\t\t\t<p><label class=\"control-label\">Nombre<\/label><br \/>\n<span class=\"wpcf7-form-control-wrap\" data-name=\"etunimi\"><input size=\"40\" maxlength=\"400\" class=\"wpcf7-form-control wpcf7-text wpcf7-validates-as-required form-control\" aria-required=\"true\" aria-invalid=\"false\" value=\"\" type=\"text\" name=\"etunimi\" \/><\/span>\n\t\t\t<\/p>\n\t\t<\/div>\n\t<\/div>\n\t<div class=\"col-6 col-md-12 col-lg-6\">\n\t\t<div class=\"form-group\">\n\t\t\t<p><label class=\"control-label\">Apellido<\/label><br \/>\n<span class=\"wpcf7-form-control-wrap\" data-name=\"sukunimi\"><input size=\"40\" maxlength=\"400\" class=\"wpcf7-form-control wpcf7-text wpcf7-validates-as-required form-control\" aria-required=\"true\" aria-invalid=\"false\" value=\"\" type=\"text\" name=\"sukunimi\" \/><\/span>\n\t\t\t<\/p>\n\t\t<\/div>\n\t<\/div>\n<\/div>\n<div class=\"form-group\">\n\t<p><label class=\"control-label\">Env\u00eda un correo electr\u00f3nico a<\/label><br \/>\n<span class=\"wpcf7-form-control-wrap\" data-name=\"sahkoposti\"><input size=\"40\" maxlength=\"400\" class=\"wpcf7-form-control wpcf7-email wpcf7-validates-as-required wpcf7-text wpcf7-validates-as-email form-control\" autocomplete=\"email\" aria-required=\"true\" aria-invalid=\"false\" value=\"\" type=\"email\" name=\"sahkoposti\" \/><\/span>\n\t<\/p>\n<\/div>\n<div class=\"form-group\">\n\t<p><label class=\"control-label\">Tu mensaje<\/label><br \/>\n<span class=\"wpcf7-form-control-wrap\" data-name=\"viestisi\"><textarea cols=\"40\" rows=\"3\" maxlength=\"2000\" class=\"wpcf7-form-control wpcf7-textarea wpcf7-validates-as-required form-control\" aria-required=\"true\" aria-invalid=\"false\" name=\"viestisi\"><\/textarea><\/span>\n\t<\/p>\n<\/div>\n<p><span id=\"wpcf7-69d73edeea772-wrapper\" class=\"wpcf7-form-control-wrap email-65-wrap\" style=\"display:none !important; visibility:hidden !important;\"><input type=\"hidden\" name=\"email-65-time-start\" value=\"1775714014\"><input type=\"hidden\" name=\"email-65-time-check\" value=\"10\"><label for=\"wpcf7-69d73edeea772-field\" class=\"hp-message\">Por favor, deja este campo vac\u00edo.<\/label><input id=\"wpcf7-69d73edeea772-field\"  class=\"wpcf7-form-control wpcf7-text\" type=\"text\" name=\"email-65\" value=\"\" size=\"40\" tabindex=\"-1\" autocomplete=\"new-password\" \/><\/span><br \/>\n<span class=\"wpcf7-form-control-wrap recaptcha\" data-name=\"recaptcha\"><span data-sitekey=\"6LeH2ykqAAAAABeGFDaq9eWSEJ__65SpcwjgWBPL\" class=\"wpcf7-form-control wpcf7-recaptcha g-recaptcha\"><\/span>\r\n<noscript>\r\n\t<div class=\"grecaptcha-noscript\">\r\n\t\t<iframe loading=\"lazy\" src=\"https:\/\/www.google.com\/recaptcha\/api\/fallback?k=6LeH2ykqAAAAABeGFDaq9eWSEJ__65SpcwjgWBPL\" frameborder=\"0\" scrolling=\"no\" width=\"310\" height=\"430\">\r\n\t\t<\/iframe>\r\n\t\t<textarea name=\"g-recaptcha-response\" rows=\"3\" cols=\"40\" placeholder=\"Aqu\u00ed la respuesta de reCAPTCHA\">\r\n\t\t<\/textarea>\r\n\t<\/div>\r\n<\/noscript>\r\n<\/span><br \/>\n<input class=\"wpcf7-form-control wpcf7-submit has-spinner btn\" type=\"submit\" value=\"Enviar a\" \/>\n<\/p><div class=\"wpcf7-response-output\" aria-hidden=\"true\"><\/div>\n<\/form>\n<\/div>\n\n","protected":false},"excerpt":{"rendered":"<p>Nuestra visi\u00f3n es ser el socio m\u00e1s solicitado y confiable a nivel internacional en el desarrollo de cizallas para \u00e1rboles. Para ello, invertimos en conocimiento, innovaci\u00f3n y en el compromiso de convertirnos en los mejores del sector. JAK-Metalli Oy como empleador JAK-Metalli Oy es una empresa en crecimiento con una s\u00f3lida visi\u00f3n de expansi\u00f3n internacional. [&hellip;]<\/p>\n","protected":false},"author":1,"featured_media":4696,"parent":4651,"menu_order":88,"comment_status":"closed","ping_status":"closed","template":"","meta":{"_acf_changed":false,"footnotes":""},"class_list":["post-4688","page","type-page","status-publish","has-post-thumbnail","hentry"],"acf":[],"yoast_head":"<!-- This site is optimized with the Yoast SEO plugin v27.2 - https:\/\/yoast.com\/product\/yoast-seo-wordpress\/ -->\n<title>JAK como empleador &#8211; JAK-Metalli Oy<\/title>\n<meta name=\"description\" content=\"Nuestra visi\u00f3n es ser el mejor, m\u00e1s solicitado y confiable fabricante de cizallas para \u00e1rboles a nivel internacional.\" \/>\n<meta name=\"robots\" content=\"index, follow, max-snippet:-1, max-image-preview:large, max-video-preview:-1\" \/>\n<link rel=\"canonical\" href=\"https:\/\/jak.fi\/es\/empresa\/jak-como-empleador\/\" \/>\n<meta property=\"og:locale\" content=\"es_ES\" \/>\n<meta property=\"og:type\" content=\"article\" \/>\n<meta property=\"og:title\" content=\"JAK como empleador &#8211; JAK-Metalli Oy\" \/>\n<meta property=\"og:description\" content=\"Nuestra visi\u00f3n es ser el mejor, m\u00e1s solicitado y confiable fabricante de cizallas para \u00e1rboles a nivel internacional.\" \/>\n<meta property=\"og:url\" content=\"https:\/\/jak.fi\/es\/empresa\/jak-como-empleador\/\" \/>\n<meta property=\"og:site_name\" content=\"JAK-Metalli Oy\" \/>\n<meta property=\"article:publisher\" content=\"https:\/\/www.facebook.com\/jaktreeshears\" \/>\n<meta property=\"article:modified_time\" content=\"2025-08-18T06:23:57+00:00\" \/>\n<meta property=\"og:image\" content=\"https:\/\/jak.fi\/wp-content\/uploads\/2024\/06\/JAK_header_employer.jpg\" \/>\n\t<meta property=\"og:image:width\" content=\"2240\" \/>\n\t<meta property=\"og:image:height\" content=\"700\" \/>\n\t<meta property=\"og:image:type\" content=\"image\/jpeg\" \/>\n<meta name=\"twitter:card\" content=\"summary_large_image\" \/>\n<meta name=\"twitter:label1\" content=\"Tiempo de lectura\" \/>\n\t<meta name=\"twitter:data1\" content=\"3 minuto\" \/>\n<script type=\"application\/ld+json\" class=\"yoast-schema-graph\">{\"@context\":\"https:\/\/schema.org\",\"@graph\":[{\"@type\":\"WebPage\",\"@id\":\"https:\/\/jak.fi\/es\/empresa\/jak-como-empleador\/\",\"url\":\"https:\/\/jak.fi\/es\/empresa\/jak-como-empleador\/\",\"name\":\"JAK como empleador &#8211; JAK-Metalli Oy\",\"isPartOf\":{\"@id\":\"https:\/\/jak.fi\/es\/#website\"},\"primaryImageOfPage\":{\"@id\":\"https:\/\/jak.fi\/es\/empresa\/jak-como-empleador\/#primaryimage\"},\"image\":{\"@id\":\"https:\/\/jak.fi\/es\/empresa\/jak-como-empleador\/#primaryimage\"},\"thumbnailUrl\":\"https:\/\/jak.fi\/wp-content\/uploads\/2024\/06\/JAK_header_employer.jpg\",\"datePublished\":\"2024-05-28T06:32:03+00:00\",\"dateModified\":\"2025-08-18T06:23:57+00:00\",\"description\":\"Nuestra visi\u00f3n es ser el mejor, m\u00e1s solicitado y confiable fabricante de cizallas para \u00e1rboles a nivel internacional.\",\"breadcrumb\":{\"@id\":\"https:\/\/jak.fi\/es\/empresa\/jak-como-empleador\/#breadcrumb\"},\"inLanguage\":\"es\",\"potentialAction\":[{\"@type\":\"ReadAction\",\"target\":[\"https:\/\/jak.fi\/es\/empresa\/jak-como-empleador\/\"]}]},{\"@type\":\"ImageObject\",\"inLanguage\":\"es\",\"@id\":\"https:\/\/jak.fi\/es\/empresa\/jak-como-empleador\/#primaryimage\",\"url\":\"https:\/\/jak.fi\/wp-content\/uploads\/2024\/06\/JAK_header_employer.jpg\",\"contentUrl\":\"https:\/\/jak.fi\/wp-content\/uploads\/2024\/06\/JAK_header_employer.jpg\",\"width\":2240,\"height\":700,\"caption\":\"JAK-tehtaalla iloinen ty\u00f6mies juttelemassa kollegansa kanssa, ty\u00f6skentely\u00e4 hyv\u00e4ss\u00e4 hengess\u00e4.\"},{\"@type\":\"BreadcrumbList\",\"@id\":\"https:\/\/jak.fi\/es\/empresa\/jak-como-empleador\/#breadcrumb\",\"itemListElement\":[{\"@type\":\"ListItem\",\"position\":1,\"name\":\"Etusivu\",\"item\":\"https:\/\/jak.fi\/es\/\"},{\"@type\":\"ListItem\",\"position\":2,\"name\":\"Empresa\",\"item\":\"https:\/\/jak.fi\/es\/?page_id=4651\"},{\"@type\":\"ListItem\",\"position\":3,\"name\":\"JAK como empleador\"}]},{\"@type\":\"WebSite\",\"@id\":\"https:\/\/jak.fi\/es\/#website\",\"url\":\"https:\/\/jak.fi\/es\/\",\"name\":\"JAK-Metalli Oy\",\"description\":\"\",\"publisher\":{\"@id\":\"https:\/\/jak.fi\/es\/#organization\"},\"alternateName\":\"JAK Tree shears\",\"potentialAction\":[{\"@type\":\"SearchAction\",\"target\":{\"@type\":\"EntryPoint\",\"urlTemplate\":\"https:\/\/jak.fi\/es\/?s={search_term_string}\"},\"query-input\":{\"@type\":\"PropertyValueSpecification\",\"valueRequired\":true,\"valueName\":\"search_term_string\"}}],\"inLanguage\":\"es\"},{\"@type\":\"Organization\",\"@id\":\"https:\/\/jak.fi\/es\/#organization\",\"name\":\"JAK-Metalli Oy\",\"alternateName\":\"JAK Tree shears\",\"url\":\"https:\/\/jak.fi\/es\/\",\"logo\":{\"@type\":\"ImageObject\",\"inLanguage\":\"es\",\"@id\":\"https:\/\/jak.fi\/es\/#\/schema\/logo\/image\/\",\"url\":\"https:\/\/jak.fi\/wp-content\/uploads\/2024\/09\/JAK-logo-696x696-1.jpg\",\"contentUrl\":\"https:\/\/jak.fi\/wp-content\/uploads\/2024\/09\/JAK-logo-696x696-1.jpg\",\"width\":696,\"height\":696,\"caption\":\"JAK-Metalli Oy\"},\"image\":{\"@id\":\"https:\/\/jak.fi\/es\/#\/schema\/logo\/image\/\"},\"sameAs\":[\"https:\/\/www.facebook.com\/jaktreeshears\",\"https:\/\/www.instagram.com\/jaktreeshears\/\",\"https:\/\/www.youtube.com\/channel\/UCAwvaVhBBkPie8MeAGbdY1w\"]}]}<\/script>\n<!-- \/ Yoast SEO plugin. -->","yoast_head_json":{"title":"JAK como empleador &#8211; JAK-Metalli Oy","description":"Nuestra visi\u00f3n es ser el mejor, m\u00e1s solicitado y confiable fabricante de cizallas para \u00e1rboles a nivel internacional.","robots":{"index":"index","follow":"follow","max-snippet":"max-snippet:-1","max-image-preview":"max-image-preview:large","max-video-preview":"max-video-preview:-1"},"canonical":"https:\/\/jak.fi\/es\/empresa\/jak-como-empleador\/","og_locale":"es_ES","og_type":"article","og_title":"JAK como empleador &#8211; JAK-Metalli Oy","og_description":"Nuestra visi\u00f3n es ser el mejor, m\u00e1s solicitado y confiable fabricante de cizallas para \u00e1rboles a nivel internacional.","og_url":"https:\/\/jak.fi\/es\/empresa\/jak-como-empleador\/","og_site_name":"JAK-Metalli Oy","article_publisher":"https:\/\/www.facebook.com\/jaktreeshears","article_modified_time":"2025-08-18T06:23:57+00:00","og_image":[{"width":2240,"height":700,"url":"https:\/\/jak.fi\/wp-content\/uploads\/2024\/06\/JAK_header_employer.jpg","type":"image\/jpeg"}],"twitter_card":"summary_large_image","twitter_misc":{"Tiempo de lectura":"3 minuto"},"schema":{"@context":"https:\/\/schema.org","@graph":[{"@type":"WebPage","@id":"https:\/\/jak.fi\/es\/empresa\/jak-como-empleador\/","url":"https:\/\/jak.fi\/es\/empresa\/jak-como-empleador\/","name":"JAK como empleador &#8211; JAK-Metalli Oy","isPartOf":{"@id":"https:\/\/jak.fi\/es\/#website"},"primaryImageOfPage":{"@id":"https:\/\/jak.fi\/es\/empresa\/jak-como-empleador\/#primaryimage"},"image":{"@id":"https:\/\/jak.fi\/es\/empresa\/jak-como-empleador\/#primaryimage"},"thumbnailUrl":"https:\/\/jak.fi\/wp-content\/uploads\/2024\/06\/JAK_header_employer.jpg","datePublished":"2024-05-28T06:32:03+00:00","dateModified":"2025-08-18T06:23:57+00:00","description":"Nuestra visi\u00f3n es ser el mejor, m\u00e1s solicitado y confiable fabricante de cizallas para \u00e1rboles a nivel internacional.","breadcrumb":{"@id":"https:\/\/jak.fi\/es\/empresa\/jak-como-empleador\/#breadcrumb"},"inLanguage":"es","potentialAction":[{"@type":"ReadAction","target":["https:\/\/jak.fi\/es\/empresa\/jak-como-empleador\/"]}]},{"@type":"ImageObject","inLanguage":"es","@id":"https:\/\/jak.fi\/es\/empresa\/jak-como-empleador\/#primaryimage","url":"https:\/\/jak.fi\/wp-content\/uploads\/2024\/06\/JAK_header_employer.jpg","contentUrl":"https:\/\/jak.fi\/wp-content\/uploads\/2024\/06\/JAK_header_employer.jpg","width":2240,"height":700,"caption":"JAK-tehtaalla iloinen ty\u00f6mies juttelemassa kollegansa kanssa, ty\u00f6skentely\u00e4 hyv\u00e4ss\u00e4 hengess\u00e4."},{"@type":"BreadcrumbList","@id":"https:\/\/jak.fi\/es\/empresa\/jak-como-empleador\/#breadcrumb","itemListElement":[{"@type":"ListItem","position":1,"name":"Etusivu","item":"https:\/\/jak.fi\/es\/"},{"@type":"ListItem","position":2,"name":"Empresa","item":"https:\/\/jak.fi\/es\/?page_id=4651"},{"@type":"ListItem","position":3,"name":"JAK como empleador"}]},{"@type":"WebSite","@id":"https:\/\/jak.fi\/es\/#website","url":"https:\/\/jak.fi\/es\/","name":"JAK-Metalli Oy","description":"","publisher":{"@id":"https:\/\/jak.fi\/es\/#organization"},"alternateName":"JAK Tree shears","potentialAction":[{"@type":"SearchAction","target":{"@type":"EntryPoint","urlTemplate":"https:\/\/jak.fi\/es\/?s={search_term_string}"},"query-input":{"@type":"PropertyValueSpecification","valueRequired":true,"valueName":"search_term_string"}}],"inLanguage":"es"},{"@type":"Organization","@id":"https:\/\/jak.fi\/es\/#organization","name":"JAK-Metalli Oy","alternateName":"JAK Tree shears","url":"https:\/\/jak.fi\/es\/","logo":{"@type":"ImageObject","inLanguage":"es","@id":"https:\/\/jak.fi\/es\/#\/schema\/logo\/image\/","url":"https:\/\/jak.fi\/wp-content\/uploads\/2024\/09\/JAK-logo-696x696-1.jpg","contentUrl":"https:\/\/jak.fi\/wp-content\/uploads\/2024\/09\/JAK-logo-696x696-1.jpg","width":696,"height":696,"caption":"JAK-Metalli Oy"},"image":{"@id":"https:\/\/jak.fi\/es\/#\/schema\/logo\/image\/"},"sameAs":["https:\/\/www.facebook.com\/jaktreeshears","https:\/\/www.instagram.com\/jaktreeshears\/","https:\/\/www.youtube.com\/channel\/UCAwvaVhBBkPie8MeAGbdY1w"]}]}},"_links":{"self":[{"href":"https:\/\/jak.fi\/es\/wp-json\/wp\/v2\/pages\/4688","targetHints":{"allow":["GET"]}}],"collection":[{"href":"https:\/\/jak.fi\/es\/wp-json\/wp\/v2\/pages"}],"about":[{"href":"https:\/\/jak.fi\/es\/wp-json\/wp\/v2\/types\/page"}],"author":[{"embeddable":true,"href":"https:\/\/jak.fi\/es\/wp-json\/wp\/v2\/users\/1"}],"replies":[{"embeddable":true,"href":"https:\/\/jak.fi\/es\/wp-json\/wp\/v2\/comments?post=4688"}],"version-history":[{"count":6,"href":"https:\/\/jak.fi\/es\/wp-json\/wp\/v2\/pages\/4688\/revisions"}],"predecessor-version":[{"id":11676,"href":"https:\/\/jak.fi\/es\/wp-json\/wp\/v2\/pages\/4688\/revisions\/11676"}],"up":[{"embeddable":true,"href":"https:\/\/jak.fi\/es\/wp-json\/wp\/v2\/pages\/4651"}],"wp:featuredmedia":[{"embeddable":true,"href":"https:\/\/jak.fi\/es\/wp-json\/wp\/v2\/media\/4696"}],"wp:attachment":[{"href":"https:\/\/jak.fi\/es\/wp-json\/wp\/v2\/media?parent=4688"}],"curies":[{"name":"wp","href":"https:\/\/api.w.org\/{rel}","templated":true}]}}