{"id":4705,"date":"2024-05-23T10:25:51","date_gmt":"2024-05-23T07:25:51","guid":{"rendered":"https:\/\/jak.fi\/cesta-de-la-compra\/"},"modified":"2025-04-01T09:56:59","modified_gmt":"2025-04-01T06:56:59","slug":"cesta-de-la-compra","status":"publish","type":"page","link":"https:\/\/jak.fi\/es\/cesta-de-la-compra\/","title":{"rendered":"Cesta de la compra"},"content":{"rendered":"\n<div data-block-name=\"woocommerce\/cart\" class=\"wp-block-woocommerce-cart alignwide is-loading\">\n<div data-block-name=\"woocommerce\/filled-cart-block\" class=\"wp-block-woocommerce-filled-cart-block\">\n<div data-block-name=\"woocommerce\/cart-items-block\" class=\"wp-block-woocommerce-cart-items-block\">\n<div data-block-name=\"woocommerce\/cart-line-items-block\" class=\"wp-block-woocommerce-cart-line-items-block\"><\/div>\n\n\n\n<div data-block-name=\"woocommerce\/cart-cross-sells-block\" class=\"wp-block-woocommerce-cart-cross-sells-block\">\n<h2 class=\"wp-block-heading has-large-font-size\">Tambi\u00e9n te puede interesar&#8230;<\/h2>\n\n\n\n<div data-block-name=\"woocommerce\/cart-cross-sells-products-block\" class=\"wp-block-woocommerce-cart-cross-sells-products-block\"><\/div>\n<\/div>\n<\/div>\n\n\n\n<div data-block-name=\"woocommerce\/cart-totals-block\" class=\"wp-block-woocommerce-cart-totals-block\">\n<div data-block-name=\"woocommerce\/cart-order-summary-block\" class=\"wp-block-woocommerce-cart-order-summary-block\">\n<div data-block-name=\"woocommerce\/cart-order-summary-heading-block\" class=\"wp-block-woocommerce-cart-order-summary-heading-block\"><\/div><div data-block-name=\"woocommerce\/cart-order-summary-coupon-form-block\" class=\"wp-block-woocommerce-cart-order-summary-coupon-form-block\"><\/div><div data-block-name=\"woocommerce\/cart-order-summary-totals-block\" class=\"wp-block-woocommerce-cart-order-summary-totals-block\">\n<div data-block-name=\"woocommerce\/cart-order-summary-subtotal-block\" class=\"wp-block-woocommerce-cart-order-summary-subtotal-block\"><\/div>\n<div data-block-name=\"woocommerce\/cart-order-summary-discount-block\" class=\"wp-block-woocommerce-cart-order-summary-discount-block\"><\/div>\n<div data-block-name=\"woocommerce\/cart-order-summary-fee-block\" class=\"wp-block-woocommerce-cart-order-summary-fee-block\"><\/div>\n<div data-block-name=\"woocommerce\/cart-order-summary-shipping-block\" class=\"wp-block-woocommerce-cart-order-summary-shipping-block\"><\/div>\n<div data-block-name=\"woocommerce\/cart-order-summary-taxes-block\" class=\"wp-block-woocommerce-cart-order-summary-taxes-block\"><\/div><\/div>\n<\/div>\n\n\n\n<div data-block-name=\"woocommerce\/cart-express-payment-block\" class=\"wp-block-woocommerce-cart-express-payment-block\"><\/div>\n\n\n\n<div data-block-name=\"woocommerce\/proceed-to-checkout-block\" class=\"wp-block-woocommerce-proceed-to-checkout-block\"><\/div>\n\n\n\n<div data-block-name=\"woocommerce\/cart-accepted-payment-methods-block\" class=\"wp-block-woocommerce-cart-accepted-payment-methods-block\"><\/div>\n<\/div>\n<\/div>\n\n\n\n<div data-block-name=\"woocommerce\/empty-cart-block\" class=\"wp-block-woocommerce-empty-cart-block\">\n<h2 class=\"wp-block-heading has-text-align-center with-empty-cart-icon wc-block-cart__empty-cart__title\">\u00a1Tu cesta de la compra est\u00e1 vac\u00eda!<\/h2>\n\n\n\n<hr class=\"wp-block-separator has-alpha-channel-opacity is-style-dots\"\/>\n\n\n\n<h2 class=\"wp-block-heading has-text-align-center\">Nuevo en la tienda<\/h2>\n\n\n<div data-block-name=\"woocommerce\/product-new\" data-columns=\"4\" data-rows=\"1\" class=\"wc-block-grid wp-block-product-new wp-block-woocommerce-product-new wc-block-product-new has-4-columns\"><ul class=\"wc-block-grid__products\"><li class=\"wc-block-grid__product\">\n\t\t\t\t<a href=\"https:\/\/jak.fi\/es\/productos\/accesorios-para-cucharas-de-energia\/talon-serie-b\/\" class=\"wc-block-grid__product-link\">\n\t\t\t\t\t\n\t\t\t\t\t<div class=\"wc-block-grid__product-image\"><img loading=\"lazy\" decoding=\"async\" width=\"800\" height=\"540\" src=\"https:\/\/jak.fi\/wp-content\/uploads\/2024\/05\/Kantapaa-B-sarja-800x540.png\" class=\"attachment-woocommerce_thumbnail size-woocommerce_thumbnail\" alt=\"Tal\u00f3n con cizallas para \u00e1rboles serie B\" \/><\/div>\n\t\t\t\t\t<div class=\"wc-block-grid__product-title\">Tal\u00f3n serie B<\/div>\n\t\t\t\t<\/a>\n\t\t\t\t<div class=\"wc-block-grid__product-price price\"><\/div>\n\t\t\t\t\n\t\t\t\t<div class=\"wp-block-button wc-block-grid__product-add-to-cart\"><a href=\"https:\/\/jak.fi\/es\/productos\/accesorios-para-cucharas-de-energia\/talon-serie-b\/\" aria-label=\"Lee m\u00e1s sobre &ldquo;Tal\u00f3n serie B&rdquo;\" data-quantity=\"1\" data-product_id=\"4856\" data-product_sku=\"\" data-price=\"0\" rel=\"nofollow\" class=\"wp-block-button__link  add_to_cart_button\">Leer m\u00e1s<\/a><\/div>\n\t\t\t<\/li><li class=\"wc-block-grid__product\">\n\t\t\t\t<a href=\"https:\/\/jak.fi\/es\/productos\/cizalla-para-arboles-para-excavadoras\/jak-400c-cizalla-para-arboles-para-excavadora\/\" class=\"wc-block-grid__product-link\">\n\t\t\t\t\t\n\t\t\t\t\t<div class=\"wc-block-grid__product-image\"><img loading=\"lazy\" decoding=\"async\" width=\"800\" height=\"540\" src=\"https:\/\/jak.fi\/wp-content\/uploads\/2024\/06\/JAK-400C-with-collector-left-800x540.png\" class=\"attachment-woocommerce_thumbnail size-woocommerce_thumbnail\" alt=\"Pinza para \u00e1rboles JAK-400C: una pinza para \u00e1rboles muy potente y duradera para grandes excavadoras.\" \/><\/div>\n\t\t\t\t\t<div class=\"wc-block-grid__product-title\">JAK-400C Cizallas para \u00e1rboles para excavadora 14-30t<\/div>\n\t\t\t\t<\/a>\n\t\t\t\t<div class=\"wc-block-grid__product-price price\"><\/div>\n\t\t\t\t\n\t\t\t\t<div class=\"wp-block-button wc-block-grid__product-add-to-cart\"><a href=\"https:\/\/jak.fi\/es\/productos\/cizalla-para-arboles-para-excavadoras\/jak-400c-cizalla-para-arboles-para-excavadora\/\" aria-label=\"Lee m\u00e1s sobre &ldquo;JAK-400C Cizallas para \u00e1rboles para excavadora 14-30t&rdquo;\" data-quantity=\"1\" data-product_id=\"4866\" data-product_sku=\"\" data-price=\"0\" rel=\"nofollow\" class=\"wp-block-button__link  add_to_cart_button\">Leer m\u00e1s<\/a><\/div>\n\t\t\t<\/li><li class=\"wc-block-grid__product\">\n\t\t\t\t<a href=\"https:\/\/jak.fi\/es\/productos\/cizalla-para-arboles-para-cargador-y-manipulador-telescopico\/jak-300r-gen4-cizalla-para-arboles-para-cargadora-y-manipulador-telescopico\/\" class=\"wc-block-grid__product-link\">\n\t\t\t\t\t\n\t\t\t\t\t<div class=\"wc-block-grid__product-image\"><img loading=\"lazy\" decoding=\"async\" width=\"800\" height=\"540\" src=\"https:\/\/jak.fi\/wp-content\/uploads\/2024\/05\/jak-300r-tree-shear-for-wheel-loader-and-telehandler-front-right-view-1-800x540.png\" class=\"attachment-woocommerce_thumbnail size-woocommerce_thumbnail\" alt=\"JAK-300R Cizallas para \u00e1rboles para cargadora y manipulador telesc\u00f3pico GEN4\" \/><\/div>\n\t\t\t\t\t<div class=\"wc-block-grid__product-title\">JAK-300R Cizallas para \u00e1rboles para cargadora y manipulador telesc\u00f3pico GEN4<\/div>\n\t\t\t\t<\/a>\n\t\t\t\t<div class=\"wc-block-grid__product-price price\"><\/div>\n\t\t\t\t\n\t\t\t\t<div class=\"wp-block-button wc-block-grid__product-add-to-cart\"><a href=\"https:\/\/jak.fi\/es\/productos\/cizalla-para-arboles-para-cargador-y-manipulador-telescopico\/jak-300r-gen4-cizalla-para-arboles-para-cargadora-y-manipulador-telescopico\/\" aria-label=\"Lee m\u00e1s sobre &ldquo;JAK-300R Cizallas para \u00e1rboles para cargadora y manipulador telesc\u00f3pico GEN4&rdquo;\" data-quantity=\"1\" data-product_id=\"4886\" data-product_sku=\"\" data-price=\"0\" rel=\"nofollow\" class=\"wp-block-button__link  add_to_cart_button\">Leer m\u00e1s<\/a><\/div>\n\t\t\t<\/li><li class=\"wc-block-grid__product\">\n\t\t\t\t<a href=\"https:\/\/jak.fi\/es\/productos\/cizalla-para-arboles-para-excavadoras\/jak-300r-cizalla-para-arboles-gen4-para-excavadora\/\" class=\"wc-block-grid__product-link\">\n\t\t\t\t\t\n\t\t\t\t\t<div class=\"wc-block-grid__product-image\"><img loading=\"lazy\" decoding=\"async\" width=\"800\" height=\"540\" src=\"https:\/\/jak.fi\/wp-content\/uploads\/2024\/05\/JAK-300R-360-rotator-web-1-800x540.png\" class=\"attachment-woocommerce_thumbnail size-woocommerce_thumbnail\" alt=\"JAK-200R Cizallas para \u00e1rboles con rotador\" \/><\/div>\n\t\t\t\t\t<div class=\"wc-block-grid__product-title\">JAK-300R Cizallas para \u00e1rboles para excavadora 12-20t<\/div>\n\t\t\t\t<\/a>\n\t\t\t\t<div class=\"wc-block-grid__product-price price\"><\/div>\n\t\t\t\t\n\t\t\t\t<div class=\"wp-block-button wc-block-grid__product-add-to-cart\"><a href=\"https:\/\/jak.fi\/es\/productos\/cizalla-para-arboles-para-excavadoras\/jak-300r-cizalla-para-arboles-gen4-para-excavadora\/\" aria-label=\"Lee m\u00e1s sobre &ldquo;JAK-300R Cizallas para \u00e1rboles para excavadora 12-20t&rdquo;\" data-quantity=\"1\" data-product_id=\"4908\" data-product_sku=\"\" data-price=\"0\" rel=\"nofollow\" class=\"wp-block-button__link  add_to_cart_button\">Leer m\u00e1s<\/a><\/div>\n\t\t\t<\/li><\/ul><\/div><\/div>\n<\/div>\n","protected":false},"excerpt":{"rendered":"","protected":false},"author":1,"featured_media":0,"parent":0,"menu_order":122,"comment_status":"closed","ping_status":"closed","template":"","meta":{"_acf_changed":false,"footnotes":""},"class_list":["post-4705","page","type-page","status-publish","hentry"],"acf":[],"yoast_head":"<!-- This site is optimized with the Yoast SEO plugin v27.2 - https:\/\/yoast.com\/product\/yoast-seo-wordpress\/ -->\n<title>Cesta de la compra &#8211; JAK-Metalli Oy<\/title>\n<meta name=\"robots\" content=\"index, follow, max-snippet:-1, max-image-preview:large, max-video-preview:-1\" \/>\n<link rel=\"canonical\" href=\"https:\/\/jak.fi\/es\/cesta-de-la-compra\/\" \/>\n<meta property=\"og:locale\" content=\"es_ES\" \/>\n<meta property=\"og:type\" content=\"article\" \/>\n<meta property=\"og:title\" content=\"Cesta de la compra &#8211; JAK-Metalli Oy\" \/>\n<meta property=\"og:url\" content=\"https:\/\/jak.fi\/es\/cesta-de-la-compra\/\" \/>\n<meta property=\"og:site_name\" content=\"JAK-Metalli Oy\" \/>\n<meta property=\"article:publisher\" content=\"https:\/\/www.facebook.com\/jaktreeshears\" \/>\n<meta property=\"article:modified_time\" content=\"2025-04-01T06:56:59+00:00\" \/>\n<meta property=\"og:image\" content=\"https:\/\/jak.fi\/wp-content\/uploads\/2024\/05\/jak-ylakuva-1-2000x600px-1.jpg\" \/>\n\t<meta property=\"og:image:width\" content=\"2000\" \/>\n\t<meta property=\"og:image:height\" content=\"600\" \/>\n\t<meta property=\"og:image:type\" content=\"image\/jpeg\" \/>\n<meta name=\"twitter:card\" content=\"summary_large_image\" \/>\n<script type=\"application\/ld+json\" class=\"yoast-schema-graph\">{\"@context\":\"https:\/\/schema.org\",\"@graph\":[{\"@type\":\"WebPage\",\"@id\":\"https:\/\/jak.fi\/es\/cesta-de-la-compra\/\",\"url\":\"https:\/\/jak.fi\/es\/cesta-de-la-compra\/\",\"name\":\"Cesta de la compra &#8211; JAK-Metalli Oy\",\"isPartOf\":{\"@id\":\"https:\/\/jak.fi\/es\/#website\"},\"datePublished\":\"2024-05-23T07:25:51+00:00\",\"dateModified\":\"2025-04-01T06:56:59+00:00\",\"breadcrumb\":{\"@id\":\"https:\/\/jak.fi\/es\/cesta-de-la-compra\/#breadcrumb\"},\"inLanguage\":\"es\",\"potentialAction\":[{\"@type\":\"ReadAction\",\"target\":[\"https:\/\/jak.fi\/es\/cesta-de-la-compra\/\"]}]},{\"@type\":\"BreadcrumbList\",\"@id\":\"https:\/\/jak.fi\/es\/cesta-de-la-compra\/#breadcrumb\",\"itemListElement\":[{\"@type\":\"ListItem\",\"position\":1,\"name\":\"Etusivu\",\"item\":\"https:\/\/jak.fi\/es\/\"},{\"@type\":\"ListItem\",\"position\":2,\"name\":\"Cesta de la compra\"}]},{\"@type\":\"WebSite\",\"@id\":\"https:\/\/jak.fi\/es\/#website\",\"url\":\"https:\/\/jak.fi\/es\/\",\"name\":\"JAK-Metalli Oy\",\"description\":\"\",\"publisher\":{\"@id\":\"https:\/\/jak.fi\/es\/#organization\"},\"alternateName\":\"JAK Tree shears\",\"potentialAction\":[{\"@type\":\"SearchAction\",\"target\":{\"@type\":\"EntryPoint\",\"urlTemplate\":\"https:\/\/jak.fi\/es\/?s={search_term_string}\"},\"query-input\":{\"@type\":\"PropertyValueSpecification\",\"valueRequired\":true,\"valueName\":\"search_term_string\"}}],\"inLanguage\":\"es\"},{\"@type\":\"Organization\",\"@id\":\"https:\/\/jak.fi\/es\/#organization\",\"name\":\"JAK-Metalli Oy\",\"alternateName\":\"JAK Tree shears\",\"url\":\"https:\/\/jak.fi\/es\/\",\"logo\":{\"@type\":\"ImageObject\",\"inLanguage\":\"es\",\"@id\":\"https:\/\/jak.fi\/es\/#\/schema\/logo\/image\/\",\"url\":\"https:\/\/jak.fi\/wp-content\/uploads\/2024\/09\/JAK-logo-696x696-1.jpg\",\"contentUrl\":\"https:\/\/jak.fi\/wp-content\/uploads\/2024\/09\/JAK-logo-696x696-1.jpg\",\"width\":696,\"height\":696,\"caption\":\"JAK-Metalli Oy\"},\"image\":{\"@id\":\"https:\/\/jak.fi\/es\/#\/schema\/logo\/image\/\"},\"sameAs\":[\"https:\/\/www.facebook.com\/jaktreeshears\",\"https:\/\/www.instagram.com\/jaktreeshears\/\",\"https:\/\/www.youtube.com\/channel\/UCAwvaVhBBkPie8MeAGbdY1w\"]}]}<\/script>\n<!-- \/ Yoast SEO plugin. -->","yoast_head_json":{"title":"Cesta de la compra &#8211; JAK-Metalli Oy","robots":{"index":"index","follow":"follow","max-snippet":"max-snippet:-1","max-image-preview":"max-image-preview:large","max-video-preview":"max-video-preview:-1"},"canonical":"https:\/\/jak.fi\/es\/cesta-de-la-compra\/","og_locale":"es_ES","og_type":"article","og_title":"Cesta de la compra &#8211; JAK-Metalli Oy","og_url":"https:\/\/jak.fi\/es\/cesta-de-la-compra\/","og_site_name":"JAK-Metalli Oy","article_publisher":"https:\/\/www.facebook.com\/jaktreeshears","article_modified_time":"2025-04-01T06:56:59+00:00","og_image":[{"width":2000,"height":600,"url":"https:\/\/jak.fi\/wp-content\/uploads\/2024\/05\/jak-ylakuva-1-2000x600px-1.jpg","type":"image\/jpeg"}],"twitter_card":"summary_large_image","schema":{"@context":"https:\/\/schema.org","@graph":[{"@type":"WebPage","@id":"https:\/\/jak.fi\/es\/cesta-de-la-compra\/","url":"https:\/\/jak.fi\/es\/cesta-de-la-compra\/","name":"Cesta de la compra &#8211; JAK-Metalli Oy","isPartOf":{"@id":"https:\/\/jak.fi\/es\/#website"},"datePublished":"2024-05-23T07:25:51+00:00","dateModified":"2025-04-01T06:56:59+00:00","breadcrumb":{"@id":"https:\/\/jak.fi\/es\/cesta-de-la-compra\/#breadcrumb"},"inLanguage":"es","potentialAction":[{"@type":"ReadAction","target":["https:\/\/jak.fi\/es\/cesta-de-la-compra\/"]}]},{"@type":"BreadcrumbList","@id":"https:\/\/jak.fi\/es\/cesta-de-la-compra\/#breadcrumb","itemListElement":[{"@type":"ListItem","position":1,"name":"Etusivu","item":"https:\/\/jak.fi\/es\/"},{"@type":"ListItem","position":2,"name":"Cesta de la compra"}]},{"@type":"WebSite","@id":"https:\/\/jak.fi\/es\/#website","url":"https:\/\/jak.fi\/es\/","name":"JAK-Metalli Oy","description":"","publisher":{"@id":"https:\/\/jak.fi\/es\/#organization"},"alternateName":"JAK Tree shears","potentialAction":[{"@type":"SearchAction","target":{"@type":"EntryPoint","urlTemplate":"https:\/\/jak.fi\/es\/?s={search_term_string}"},"query-input":{"@type":"PropertyValueSpecification","valueRequired":true,"valueName":"search_term_string"}}],"inLanguage":"es"},{"@type":"Organization","@id":"https:\/\/jak.fi\/es\/#organization","name":"JAK-Metalli Oy","alternateName":"JAK Tree shears","url":"https:\/\/jak.fi\/es\/","logo":{"@type":"ImageObject","inLanguage":"es","@id":"https:\/\/jak.fi\/es\/#\/schema\/logo\/image\/","url":"https:\/\/jak.fi\/wp-content\/uploads\/2024\/09\/JAK-logo-696x696-1.jpg","contentUrl":"https:\/\/jak.fi\/wp-content\/uploads\/2024\/09\/JAK-logo-696x696-1.jpg","width":696,"height":696,"caption":"JAK-Metalli Oy"},"image":{"@id":"https:\/\/jak.fi\/es\/#\/schema\/logo\/image\/"},"sameAs":["https:\/\/www.facebook.com\/jaktreeshears","https:\/\/www.instagram.com\/jaktreeshears\/","https:\/\/www.youtube.com\/channel\/UCAwvaVhBBkPie8MeAGbdY1w"]}]}},"_links":{"self":[{"href":"https:\/\/jak.fi\/es\/wp-json\/wp\/v2\/pages\/4705","targetHints":{"allow":["GET"]}}],"collection":[{"href":"https:\/\/jak.fi\/es\/wp-json\/wp\/v2\/pages"}],"about":[{"href":"https:\/\/jak.fi\/es\/wp-json\/wp\/v2\/types\/page"}],"author":[{"embeddable":true,"href":"https:\/\/jak.fi\/es\/wp-json\/wp\/v2\/users\/1"}],"replies":[{"embeddable":true,"href":"https:\/\/jak.fi\/es\/wp-json\/wp\/v2\/comments?post=4705"}],"version-history":[{"count":2,"href":"https:\/\/jak.fi\/es\/wp-json\/wp\/v2\/pages\/4705\/revisions"}],"predecessor-version":[{"id":4712,"href":"https:\/\/jak.fi\/es\/wp-json\/wp\/v2\/pages\/4705\/revisions\/4712"}],"wp:attachment":[{"href":"https:\/\/jak.fi\/es\/wp-json\/wp\/v2\/media?parent=4705"}],"curies":[{"name":"wp","href":"https:\/\/api.w.org\/{rel}","templated":true}]}}