{"id":4707,"date":"2024-05-29T09:58:10","date_gmt":"2024-05-29T06:58:10","guid":{"rendered":"https:\/\/jak.fi\/cucharas-de-energia-para-tractores-y-maquinas-forestales\/"},"modified":"2025-04-17T13:48:10","modified_gmt":"2025-04-17T10:48:10","slug":"cucharas-de-energia-para-tractores-y-maquinas-forestales","status":"publish","type":"page","link":"https:\/\/jak.fi\/es\/cucharas-de-energia-para-tractores-y-maquinas-forestales\/","title":{"rendered":"Cizallas para \u00e1rboles para tractores y m\u00e1quinas forestales"},"content":{"rendered":"\n<h2 class=\"wp-block-heading has-text-align-center\">JAK Cizallas para \u00e1rboles para tractores, m\u00e1quinas forestales o gr\u00faas<\/h2>\n\n<p class=\"has-text-align-center has-blue-color has-text-color has-link-color has-medium-font-size wp-elements-b086bd5a83cce2f90af5e0bd31d9b660\">JAK-Metalli La gama de Oy incluye cizallas para \u00e1rboles para tractores y m\u00e1quinas forestales. Las cizallas para \u00e1rboles son ligeras y duraderas, por lo que son adecuadas para una amplia gama de aplicaciones.   <\/p>\n\n<p class=\"has-text-align-center has-blue-color has-text-color has-link-color has-medium-font-size wp-elements-e4710ad7d25da0d9dfe28fca4dd9c8a4\">Nuestras cizallas para \u00e1rboles est\u00e1n dise\u00f1adas para un uso profesional intensivo. Con nuestras cizallas para \u00e1rboles para tractores y m\u00e1quinas forestales, puedes limpiar bordes de campos y carreteras y cortar madera sin esfuerzo, incluso en grandes superficies. Todas las cizallas para \u00e1rboles JAK tienen una garant\u00eda de f\u00e1brica de 24 meses.  <\/p>\n\n<hr class=\"wp-block-separator has-text-color has-red-color has-alpha-channel-opacity has-red-background-color has-background is-style-wide\"\/>\n\n<h2 class=\"wp-block-heading has-text-align-center\">Elige las cizallas para \u00e1rboles adecuadas al tama\u00f1o de tu m\u00e1quina <br\/><\/h2>\n<div class=\"woocommerce columns-4 \"><div class=\"col-12 col-md-6 col-lg-3 product\"  >\n\t<figure>\n\t\t<img loading=\"lazy\" decoding=\"async\" width=\"800\" height=\"540\" src=\"https:\/\/jak.fi\/wp-content\/uploads\/2025\/04\/JAK-250K-Pro-Tree-Shear-Web-10-800x540.png\" class=\"attachment-woocommerce_thumbnail size-woocommerce_thumbnail\" alt=\"JAK-250K Pro cizallas para \u00e1rboles para tractor o m\u00e1quina forestal\" \/>\t\t\n\t\t<figcaption>\n\t\n\t\t\t<h3 class=\"\u201dwoocommerce-loop-product__title\u201d\">JAK-200K PRO Cizallas para \u00e1rboles<\/h3>\n\t\t\t\n\t\t\n\t\t\t\n\t\t\t<p class=\"has-blue-color\">Para tractores y gr\u00faas madereras<\/p>\n\t\t\t\t\t\n\t\t\t<\/a>\t\t\t\t\t\n\t\t\t<a href=\"https:\/\/jak.fi\/es\/productos\/cizallas-para-arboles-para-tractores-y-maquinas-forestales\/jak-200k-pro-cizallas-para-arboles\/\">Explorar el producto <i class=\"fa-solid fa-chevron-right\" aria-hidden=\"true\"><\/i><\/a>\n\t\t<\/figcaption>\t\t\t\t\t\t\t\n\t<\/figure>\n<\/div>\n<div class=\"col-12 col-md-6 col-lg-3 product\"  >\n\t<figure>\n\t\t<img loading=\"lazy\" decoding=\"async\" width=\"800\" height=\"540\" src=\"https:\/\/jak.fi\/wp-content\/uploads\/2025\/04\/JAK-250K-Pro-Tree-Shear-Web-10-800x540.png\" class=\"attachment-woocommerce_thumbnail size-woocommerce_thumbnail\" alt=\"JAK-250K Pro cizallas para \u00e1rboles para tractor o m\u00e1quina forestal\" \/>\t\t\n\t\t<figcaption>\n\t\n\t\t\t<h3 class=\"\u201dwoocommerce-loop-product__title\u201d\">JAK-250K PRO Cizallas para \u00e1rboles<\/h3>\n\t\t\t\n\t\t\n\t\t\t\n\t\t\t<p class=\"has-blue-color\">Para m\u00e1quinas forestales y tractores grandes<\/p>\n\t\t\t\t\t\n\t\t\t<\/a>\t\t\t\t\t\n\t\t\t<a href=\"https:\/\/jak.fi\/es\/productos\/cizallas-para-arboles-para-tractores-y-maquinas-forestales\/jak-250k-pro-cizallas-para-arboles\/\">Explorar el producto <i class=\"fa-solid fa-chevron-right\" aria-hidden=\"true\"><\/i><\/a>\n\t\t<\/figcaption>\t\t\t\t\t\t\t\n\t<\/figure>\n<\/div>\n<div class=\"col-12 col-md-6 col-lg-3 product\"  >\n\t<figure>\n\t\t<img loading=\"lazy\" decoding=\"async\" width=\"800\" height=\"540\" src=\"https:\/\/jak.fi\/wp-content\/uploads\/2025\/04\/JAK-250K-Pro-Tree-Shear-Web-10-800x540.png\" class=\"attachment-woocommerce_thumbnail size-woocommerce_thumbnail\" alt=\"JAK-250K Pro cizallas para \u00e1rboles para tractor o m\u00e1quina forestal\" \/>\t\t\n\t\t<figcaption>\n\t\n\t\t\t<h3 class=\"\u201dwoocommerce-loop-product__title\u201d\">JAK-300K PRO Cizallas para \u00e1rboles<\/h3>\n\t\t\t\n\t\t\n\t\t\t\n\t\t\t<p class=\"has-blue-color\">m\u00e1quina forestal<\/p>\n\t\t\t\t\t\n\t\t\t<\/a>\t\t\t\t\t\n\t\t\t<a href=\"https:\/\/jak.fi\/es\/productos\/cizallas-para-arboles-para-tractores-y-maquinas-forestales\/jak-300k-pro-cizallas-para-arboles\/\">Explorar el producto <i class=\"fa-solid fa-chevron-right\" aria-hidden=\"true\"><\/i><\/a>\n\t\t<\/figcaption>\t\t\t\t\t\t\t\n\t<\/figure>\n<\/div>\n<div class=\"col-12 col-md-6 col-lg-3 product\"  >\n\t<figure>\n\t\t<img loading=\"lazy\" decoding=\"async\" width=\"800\" height=\"540\" src=\"https:\/\/jak.fi\/wp-content\/uploads\/2024\/05\/jak-200k-4-1-800x540.png\" class=\"attachment-woocommerce_thumbnail size-woocommerce_thumbnail\" alt=\"JAK-200K Cizallas para \u00e1rboles GEN4\" \/>\t\t\n\t\t<figcaption>\n\t\n\t\t\t<h3 class=\"\u201dwoocommerce-loop-product__title\u201d\">JAK-200K Cizallas para \u00e1rboles GEN4<\/h3>\n\t\t\t\n\t\t\n\t\t\t\n\t\t\t<p class=\"has-blue-color\">Para tractores peque\u00f1os y cargadoras de madera<\/p>\n\t\t\t\t\t\n\t\t\t<\/a>\t\t\t\t\t\n\t\t\t<a href=\"https:\/\/jak.fi\/es\/productos\/cizallas-para-arboles-para-tractores-y-maquinas-forestales\/cizalla-para-arboles-jak-200k-gen4\/\">Explorar el producto <i class=\"fa-solid fa-chevron-right\" aria-hidden=\"true\"><\/i><\/a>\n\t\t<\/figcaption>\t\t\t\t\t\t\t\n\t<\/figure>\n<\/div>\n<div class=\"col-12 col-md-6 col-lg-3 product\"  >\n\t<figure>\n\t\t<img loading=\"lazy\" decoding=\"async\" width=\"800\" height=\"540\" src=\"https:\/\/jak.fi\/wp-content\/uploads\/2024\/06\/jak-250k-4-1-800x540.png\" class=\"attachment-woocommerce_thumbnail size-woocommerce_thumbnail\" alt=\"Cizallas para \u00e1rboles JAK-250K GEN4 para m\u00e1quinas forestales y tractores, eficaces y duraderas, cortan \u00e1rboles de 250 mm de grosor.\" \/>\t\t\n\t\t<figcaption>\n\t\n\t\t\t<h3 class=\"\u201dwoocommerce-loop-product__title\u201d\">JAK-250K Cizallas para \u00e1rboles GEN4<\/h3>\n\t\t\t\n\t\t\n\t\t\t\n\t\t\t<p class=\"has-blue-color\">Para m\u00e1quinas forestales y tractores grandes<\/p>\n\t\t\t\t\t\n\t\t\t<\/a>\t\t\t\t\t\n\t\t\t<a href=\"https:\/\/jak.fi\/es\/productos\/cizallas-para-arboles-para-tractores-y-maquinas-forestales\/cizalla-para-arboles-jak-250k-gen4\/\">Explorar el producto <i class=\"fa-solid fa-chevron-right\" aria-hidden=\"true\"><\/i><\/a>\n\t\t<\/figcaption>\t\t\t\t\t\t\t\n\t<\/figure>\n<\/div>\n<\/div>\n\n<div style=\"height:100px\" aria-hidden=\"true\" class=\"wp-block-spacer\"><\/div>\n\n<figure class=\"wp-block-gallery has-nested-images columns-default is-cropped wp-block-gallery-1 is-layout-flex wp-block-gallery-is-layout-flex\">\n<figure class=\"wp-block-image size-large\"><img loading=\"lazy\" decoding=\"async\" width=\"1200\" height=\"841\" data-id=\"478\" src=\"https:\/\/jak.fi\/wp-content\/uploads\/2024\/05\/jak-200k-on-tractor-timber-loader-21-scaled-1-1200x841.jpg\" alt=\"Las cizallas para &#xE1;rboles JAK-250K montadas en el cargador de madera de un tractor, para una tala eficaz de los &#xE1;rboles en las operaciones forestales.\" class=\"wp-image-478\" srcset=\"https:\/\/jak.fi\/wp-content\/uploads\/2024\/05\/jak-200k-on-tractor-timber-loader-21-scaled-1-1200x841.jpg 1200w, https:\/\/jak.fi\/wp-content\/uploads\/2024\/05\/jak-200k-on-tractor-timber-loader-21-scaled-1-700x490.jpg 700w, https:\/\/jak.fi\/wp-content\/uploads\/2024\/05\/jak-200k-on-tractor-timber-loader-21-scaled-1-768x538.jpg 768w, https:\/\/jak.fi\/wp-content\/uploads\/2024\/05\/jak-200k-on-tractor-timber-loader-21-scaled-1-1536x1076.jpg 1536w, https:\/\/jak.fi\/wp-content\/uploads\/2024\/05\/jak-200k-on-tractor-timber-loader-21-scaled-1-800x560.jpg 800w, https:\/\/jak.fi\/wp-content\/uploads\/2024\/05\/jak-200k-on-tractor-timber-loader-21-scaled-1.jpg 1920w\" sizes=\"auto, (max-width: 1200px) 100vw, 1200px\" \/><\/figure>\n\n\n\n<figure class=\"wp-block-image size-large\"><img loading=\"lazy\" decoding=\"async\" width=\"1200\" height=\"829\" data-id=\"508\" src=\"https:\/\/jak.fi\/wp-content\/uploads\/2024\/05\/jak-200k-on-tractor-timber-loader-24-scaled-1-1200x829.jpg\" alt=\"Las cizallas para &#xE1;rboles JAK-250K montadas en el cargador de madera de un tractor, para una tala eficaz de los &#xE1;rboles en las operaciones forestales.\" class=\"wp-image-508\" srcset=\"https:\/\/jak.fi\/wp-content\/uploads\/2024\/05\/jak-200k-on-tractor-timber-loader-24-scaled-1-1200x829.jpg 1200w, https:\/\/jak.fi\/wp-content\/uploads\/2024\/05\/jak-200k-on-tractor-timber-loader-24-scaled-1-700x484.jpg 700w, https:\/\/jak.fi\/wp-content\/uploads\/2024\/05\/jak-200k-on-tractor-timber-loader-24-scaled-1-768x531.jpg 768w, https:\/\/jak.fi\/wp-content\/uploads\/2024\/05\/jak-200k-on-tractor-timber-loader-24-scaled-1-1536x1062.jpg 1536w, https:\/\/jak.fi\/wp-content\/uploads\/2024\/05\/jak-200k-on-tractor-timber-loader-24-scaled-1-800x553.jpg 800w, https:\/\/jak.fi\/wp-content\/uploads\/2024\/05\/jak-200k-on-tractor-timber-loader-24-scaled-1.jpg 1920w\" sizes=\"auto, (max-width: 1200px) 100vw, 1200px\" \/><\/figure>\n\n\n\n<figure class=\"wp-block-image size-large\"><img loading=\"lazy\" decoding=\"async\" width=\"1200\" height=\"756\" data-id=\"7121\" src=\"https:\/\/jak.fi\/wp-content\/uploads\/2025\/03\/jak-200k-on-tractor-timber-loader-14-scaled-1-1200x756.jpg\" alt=\"\" class=\"wp-image-7121\" srcset=\"https:\/\/jak.fi\/wp-content\/uploads\/2025\/03\/jak-200k-on-tractor-timber-loader-14-scaled-1-1200x756.jpg 1200w, https:\/\/jak.fi\/wp-content\/uploads\/2025\/03\/jak-200k-on-tractor-timber-loader-14-scaled-1-700x441.jpg 700w, https:\/\/jak.fi\/wp-content\/uploads\/2025\/03\/jak-200k-on-tractor-timber-loader-14-scaled-1-768x484.jpg 768w, https:\/\/jak.fi\/wp-content\/uploads\/2025\/03\/jak-200k-on-tractor-timber-loader-14-scaled-1-1536x968.jpg 1536w, https:\/\/jak.fi\/wp-content\/uploads\/2025\/03\/jak-200k-on-tractor-timber-loader-14-scaled-1-2048x1290.jpg 2048w, https:\/\/jak.fi\/wp-content\/uploads\/2025\/03\/jak-200k-on-tractor-timber-loader-14-scaled-1-800x504.jpg 800w\" sizes=\"auto, (max-width: 1200px) 100vw, 1200px\" \/><\/figure>\n<\/figure>\n\n<h2 class=\"wp-block-heading\">Cizallas para \u00e1rboles JAK para tractores y m\u00e1quinas forestales: recolecci\u00f3n m\u00e1s eficaz y segura<\/h2>\n\n<p>Las cizallas para \u00e1rboles JAK para tractores y m\u00e1quinas forestales aportan una eficacia y facilidad sin precedentes en la limpieza de \u00e1rboles y maleza. Dise\u00f1adas para un uso intensivo, las pinzas para \u00e1rboles ofrecen una amplia gama de funciones de manipulaci\u00f3n de \u00e1rboles. Tanto si desbrozas bordes de carreteras, l\u00edneas el\u00e9ctricas, v\u00edas f\u00e9rreas, bordes de campos, parcelas o zonas boscosas y ajardinadas, las pinzas para \u00e1rboles hacen que el trabajo de desbroce sea seguro y eficaz.  <\/p>\n\n<p>Nuestra cizalla para \u00e1rboles es una herramienta potente, r\u00e1pida y altamente duradera, en la que conf\u00edan cada vez m\u00e1s profesionales en todo el mundo. Su dise\u00f1o permite realizar cortes precisos y sin esfuerzo en el punto deseado, facilitando el traslado de la madera para su procesamiento posterior. Adem\u00e1s, su estructura optimizada la hace ideal para manipular y cortar madera directamente en el suelo.  <\/p>\n\n<p>El uso m\u00e1s eficiente de las cizallas para \u00e1rboles es en la limpieza de terrenos con \u00e1rboles no aptos para otros fines comerciales, como su venta a empresas energ\u00e9ticas. Tambi\u00e9n es una herramienta clave para la eliminaci\u00f3n de \u00e1rboles problem\u00e1ticos en espacios reducidos, como \u00e1reas cercanas a edificios o parques. Adem\u00e1s, se emplea en la remoci\u00f3n de da\u00f1os causados por tormentas o incendios, asegurando una respuesta r\u00e1pida y efectiva en situaciones de emergencia.  <\/p>\n","protected":false},"excerpt":{"rendered":"<p>JAK Cizallas para \u00e1rboles para tractores, m\u00e1quinas forestales o gr\u00faas JAK-Metalli La gama de Oy incluye cizallas para \u00e1rboles para tractores y m\u00e1quinas forestales. Las cizallas para \u00e1rboles son ligeras y duraderas, por lo que son adecuadas para una amplia gama de aplicaciones. Nuestras cizallas para \u00e1rboles est\u00e1n dise\u00f1adas para un uso profesional intensivo. Con [&hellip;]<\/p>\n","protected":false},"author":1,"featured_media":4710,"parent":0,"menu_order":64,"comment_status":"closed","ping_status":"closed","template":"","meta":{"_acf_changed":false,"footnotes":""},"class_list":["post-4707","page","type-page","status-publish","has-post-thumbnail","hentry"],"acf":[],"yoast_head":"<!-- This site is optimized with the Yoast SEO plugin v27.3 - https:\/\/yoast.com\/product\/yoast-seo-wordpress\/ -->\n<title>Cizallas para \u00e1rboles para tractores y m\u00e1quinas forestales &#8211; JAK-Metalli Oy<\/title>\n<meta name=\"description\" content=\"Cizallas para \u00e1rboles para tractores, m\u00e1quinas forestales y gr\u00faas - Las cizallas JAK ofrecen eficacia y durabilidad para trabajos exigentes.\" \/>\n<meta name=\"robots\" content=\"index, follow, max-snippet:-1, max-image-preview:large, max-video-preview:-1\" \/>\n<link rel=\"canonical\" href=\"https:\/\/jak.fi\/es\/cucharas-de-energia-para-tractores-y-maquinas-forestales\/\" \/>\n<meta property=\"og:locale\" content=\"es_ES\" \/>\n<meta property=\"og:type\" content=\"article\" \/>\n<meta property=\"og:title\" content=\"Cizallas para \u00e1rboles para tractores y m\u00e1quinas forestales &#8211; JAK-Metalli Oy\" \/>\n<meta property=\"og:description\" content=\"Cizallas para \u00e1rboles para tractores, m\u00e1quinas forestales y gr\u00faas - Las cizallas JAK ofrecen eficacia y durabilidad para trabajos exigentes.\" \/>\n<meta property=\"og:url\" content=\"https:\/\/jak.fi\/es\/cucharas-de-energia-para-tractores-y-maquinas-forestales\/\" \/>\n<meta property=\"og:site_name\" content=\"JAK-Metalli Oy\" \/>\n<meta property=\"article:publisher\" content=\"https:\/\/www.facebook.com\/jaktreeshears\" \/>\n<meta property=\"article:modified_time\" content=\"2025-04-17T10:48:10+00:00\" \/>\n<meta property=\"og:image\" content=\"https:\/\/jak.fi\/wp-content\/uploads\/2024\/06\/jak_ylakuva_traktorit.jpg\" \/>\n\t<meta property=\"og:image:width\" content=\"2240\" \/>\n\t<meta property=\"og:image:height\" content=\"700\" \/>\n\t<meta property=\"og:image:type\" content=\"image\/jpeg\" \/>\n<meta name=\"twitter:card\" content=\"summary_large_image\" \/>\n<meta name=\"twitter:label1\" content=\"Tiempo de lectura\" \/>\n\t<meta name=\"twitter:data1\" content=\"2 minuto\" \/>\n<script type=\"application\/ld+json\" class=\"yoast-schema-graph\">{\"@context\":\"https:\\\/\\\/schema.org\",\"@graph\":[{\"@type\":\"WebPage\",\"@id\":\"https:\\\/\\\/jak.fi\\\/es\\\/cucharas-de-energia-para-tractores-y-maquinas-forestales\\\/\",\"url\":\"https:\\\/\\\/jak.fi\\\/es\\\/cucharas-de-energia-para-tractores-y-maquinas-forestales\\\/\",\"name\":\"Cizallas para \u00e1rboles para tractores y m\u00e1quinas forestales &#8211; JAK-Metalli Oy\",\"isPartOf\":{\"@id\":\"https:\\\/\\\/jak.fi\\\/es\\\/#website\"},\"primaryImageOfPage\":{\"@id\":\"https:\\\/\\\/jak.fi\\\/es\\\/cucharas-de-energia-para-tractores-y-maquinas-forestales\\\/#primaryimage\"},\"image\":{\"@id\":\"https:\\\/\\\/jak.fi\\\/es\\\/cucharas-de-energia-para-tractores-y-maquinas-forestales\\\/#primaryimage\"},\"thumbnailUrl\":\"https:\\\/\\\/jak.fi\\\/wp-content\\\/uploads\\\/2024\\\/06\\\/jak_ylakuva_traktorit.jpg\",\"datePublished\":\"2024-05-29T06:58:10+00:00\",\"dateModified\":\"2025-04-17T10:48:10+00:00\",\"description\":\"Cizallas para \u00e1rboles para tractores, m\u00e1quinas forestales y gr\u00faas - Las cizallas JAK ofrecen eficacia y durabilidad para trabajos exigentes.\",\"breadcrumb\":{\"@id\":\"https:\\\/\\\/jak.fi\\\/es\\\/cucharas-de-energia-para-tractores-y-maquinas-forestales\\\/#breadcrumb\"},\"inLanguage\":\"es\",\"potentialAction\":[{\"@type\":\"ReadAction\",\"target\":[\"https:\\\/\\\/jak.fi\\\/es\\\/cucharas-de-energia-para-tractores-y-maquinas-forestales\\\/\"]}]},{\"@type\":\"ImageObject\",\"inLanguage\":\"es\",\"@id\":\"https:\\\/\\\/jak.fi\\\/es\\\/cucharas-de-energia-para-tractores-y-maquinas-forestales\\\/#primaryimage\",\"url\":\"https:\\\/\\\/jak.fi\\\/wp-content\\\/uploads\\\/2024\\\/06\\\/jak_ylakuva_traktorit.jpg\",\"contentUrl\":\"https:\\\/\\\/jak.fi\\\/wp-content\\\/uploads\\\/2024\\\/06\\\/jak_ylakuva_traktorit.jpg\",\"width\":2240,\"height\":700,\"caption\":\"Las cizallas para \u00e1rboles JAK acopladas al cargador de madera del tractor, listas para manipular y talar \u00e1rboles.\"},{\"@type\":\"BreadcrumbList\",\"@id\":\"https:\\\/\\\/jak.fi\\\/es\\\/cucharas-de-energia-para-tractores-y-maquinas-forestales\\\/#breadcrumb\",\"itemListElement\":[{\"@type\":\"ListItem\",\"position\":1,\"name\":\"Etusivu\",\"item\":\"https:\\\/\\\/jak.fi\\\/es\\\/\"},{\"@type\":\"ListItem\",\"position\":2,\"name\":\"Cizallas para \u00e1rboles para tractores y m\u00e1quinas forestales\"}]},{\"@type\":\"WebSite\",\"@id\":\"https:\\\/\\\/jak.fi\\\/es\\\/#website\",\"url\":\"https:\\\/\\\/jak.fi\\\/es\\\/\",\"name\":\"JAK-Metalli Oy\",\"description\":\"\",\"publisher\":{\"@id\":\"https:\\\/\\\/jak.fi\\\/es\\\/#organization\"},\"alternateName\":\"JAK Tree shears\",\"potentialAction\":[{\"@type\":\"SearchAction\",\"target\":{\"@type\":\"EntryPoint\",\"urlTemplate\":\"https:\\\/\\\/jak.fi\\\/es\\\/?s={search_term_string}\"},\"query-input\":{\"@type\":\"PropertyValueSpecification\",\"valueRequired\":true,\"valueName\":\"search_term_string\"}}],\"inLanguage\":\"es\"},{\"@type\":\"Organization\",\"@id\":\"https:\\\/\\\/jak.fi\\\/es\\\/#organization\",\"name\":\"JAK-Metalli Oy\",\"alternateName\":\"JAK Tree shears\",\"url\":\"https:\\\/\\\/jak.fi\\\/es\\\/\",\"logo\":{\"@type\":\"ImageObject\",\"inLanguage\":\"es\",\"@id\":\"https:\\\/\\\/jak.fi\\\/es\\\/#\\\/schema\\\/logo\\\/image\\\/\",\"url\":\"https:\\\/\\\/jak.fi\\\/wp-content\\\/uploads\\\/2024\\\/09\\\/JAK-logo-696x696-1.jpg\",\"contentUrl\":\"https:\\\/\\\/jak.fi\\\/wp-content\\\/uploads\\\/2024\\\/09\\\/JAK-logo-696x696-1.jpg\",\"width\":696,\"height\":696,\"caption\":\"JAK-Metalli Oy\"},\"image\":{\"@id\":\"https:\\\/\\\/jak.fi\\\/es\\\/#\\\/schema\\\/logo\\\/image\\\/\"},\"sameAs\":[\"https:\\\/\\\/www.facebook.com\\\/jaktreeshears\",\"https:\\\/\\\/www.instagram.com\\\/jaktreeshears\\\/\",\"https:\\\/\\\/www.youtube.com\\\/channel\\\/UCAwvaVhBBkPie8MeAGbdY1w\"]}]}<\/script>\n<!-- \/ Yoast SEO plugin. -->","yoast_head_json":{"title":"Cizallas para \u00e1rboles para tractores y m\u00e1quinas forestales &#8211; JAK-Metalli Oy","description":"Cizallas para \u00e1rboles para tractores, m\u00e1quinas forestales y gr\u00faas - Las cizallas JAK ofrecen eficacia y durabilidad para trabajos exigentes.","robots":{"index":"index","follow":"follow","max-snippet":"max-snippet:-1","max-image-preview":"max-image-preview:large","max-video-preview":"max-video-preview:-1"},"canonical":"https:\/\/jak.fi\/es\/cucharas-de-energia-para-tractores-y-maquinas-forestales\/","og_locale":"es_ES","og_type":"article","og_title":"Cizallas para \u00e1rboles para tractores y m\u00e1quinas forestales &#8211; JAK-Metalli Oy","og_description":"Cizallas para \u00e1rboles para tractores, m\u00e1quinas forestales y gr\u00faas - Las cizallas JAK ofrecen eficacia y durabilidad para trabajos exigentes.","og_url":"https:\/\/jak.fi\/es\/cucharas-de-energia-para-tractores-y-maquinas-forestales\/","og_site_name":"JAK-Metalli Oy","article_publisher":"https:\/\/www.facebook.com\/jaktreeshears","article_modified_time":"2025-04-17T10:48:10+00:00","og_image":[{"width":2240,"height":700,"url":"https:\/\/jak.fi\/wp-content\/uploads\/2024\/06\/jak_ylakuva_traktorit.jpg","type":"image\/jpeg"}],"twitter_card":"summary_large_image","twitter_misc":{"Tiempo de lectura":"2 minuto"},"schema":{"@context":"https:\/\/schema.org","@graph":[{"@type":"WebPage","@id":"https:\/\/jak.fi\/es\/cucharas-de-energia-para-tractores-y-maquinas-forestales\/","url":"https:\/\/jak.fi\/es\/cucharas-de-energia-para-tractores-y-maquinas-forestales\/","name":"Cizallas para \u00e1rboles para tractores y m\u00e1quinas forestales &#8211; JAK-Metalli Oy","isPartOf":{"@id":"https:\/\/jak.fi\/es\/#website"},"primaryImageOfPage":{"@id":"https:\/\/jak.fi\/es\/cucharas-de-energia-para-tractores-y-maquinas-forestales\/#primaryimage"},"image":{"@id":"https:\/\/jak.fi\/es\/cucharas-de-energia-para-tractores-y-maquinas-forestales\/#primaryimage"},"thumbnailUrl":"https:\/\/jak.fi\/wp-content\/uploads\/2024\/06\/jak_ylakuva_traktorit.jpg","datePublished":"2024-05-29T06:58:10+00:00","dateModified":"2025-04-17T10:48:10+00:00","description":"Cizallas para \u00e1rboles para tractores, m\u00e1quinas forestales y gr\u00faas - Las cizallas JAK ofrecen eficacia y durabilidad para trabajos exigentes.","breadcrumb":{"@id":"https:\/\/jak.fi\/es\/cucharas-de-energia-para-tractores-y-maquinas-forestales\/#breadcrumb"},"inLanguage":"es","potentialAction":[{"@type":"ReadAction","target":["https:\/\/jak.fi\/es\/cucharas-de-energia-para-tractores-y-maquinas-forestales\/"]}]},{"@type":"ImageObject","inLanguage":"es","@id":"https:\/\/jak.fi\/es\/cucharas-de-energia-para-tractores-y-maquinas-forestales\/#primaryimage","url":"https:\/\/jak.fi\/wp-content\/uploads\/2024\/06\/jak_ylakuva_traktorit.jpg","contentUrl":"https:\/\/jak.fi\/wp-content\/uploads\/2024\/06\/jak_ylakuva_traktorit.jpg","width":2240,"height":700,"caption":"Las cizallas para \u00e1rboles JAK acopladas al cargador de madera del tractor, listas para manipular y talar \u00e1rboles."},{"@type":"BreadcrumbList","@id":"https:\/\/jak.fi\/es\/cucharas-de-energia-para-tractores-y-maquinas-forestales\/#breadcrumb","itemListElement":[{"@type":"ListItem","position":1,"name":"Etusivu","item":"https:\/\/jak.fi\/es\/"},{"@type":"ListItem","position":2,"name":"Cizallas para \u00e1rboles para tractores y m\u00e1quinas forestales"}]},{"@type":"WebSite","@id":"https:\/\/jak.fi\/es\/#website","url":"https:\/\/jak.fi\/es\/","name":"JAK-Metalli Oy","description":"","publisher":{"@id":"https:\/\/jak.fi\/es\/#organization"},"alternateName":"JAK Tree shears","potentialAction":[{"@type":"SearchAction","target":{"@type":"EntryPoint","urlTemplate":"https:\/\/jak.fi\/es\/?s={search_term_string}"},"query-input":{"@type":"PropertyValueSpecification","valueRequired":true,"valueName":"search_term_string"}}],"inLanguage":"es"},{"@type":"Organization","@id":"https:\/\/jak.fi\/es\/#organization","name":"JAK-Metalli Oy","alternateName":"JAK Tree shears","url":"https:\/\/jak.fi\/es\/","logo":{"@type":"ImageObject","inLanguage":"es","@id":"https:\/\/jak.fi\/es\/#\/schema\/logo\/image\/","url":"https:\/\/jak.fi\/wp-content\/uploads\/2024\/09\/JAK-logo-696x696-1.jpg","contentUrl":"https:\/\/jak.fi\/wp-content\/uploads\/2024\/09\/JAK-logo-696x696-1.jpg","width":696,"height":696,"caption":"JAK-Metalli Oy"},"image":{"@id":"https:\/\/jak.fi\/es\/#\/schema\/logo\/image\/"},"sameAs":["https:\/\/www.facebook.com\/jaktreeshears","https:\/\/www.instagram.com\/jaktreeshears\/","https:\/\/www.youtube.com\/channel\/UCAwvaVhBBkPie8MeAGbdY1w"]}]}},"_links":{"self":[{"href":"https:\/\/jak.fi\/es\/wp-json\/wp\/v2\/pages\/4707","targetHints":{"allow":["GET"]}}],"collection":[{"href":"https:\/\/jak.fi\/es\/wp-json\/wp\/v2\/pages"}],"about":[{"href":"https:\/\/jak.fi\/es\/wp-json\/wp\/v2\/types\/page"}],"author":[{"embeddable":true,"href":"https:\/\/jak.fi\/es\/wp-json\/wp\/v2\/users\/1"}],"replies":[{"embeddable":true,"href":"https:\/\/jak.fi\/es\/wp-json\/wp\/v2\/comments?post=4707"}],"version-history":[{"count":9,"href":"https:\/\/jak.fi\/es\/wp-json\/wp\/v2\/pages\/4707\/revisions"}],"predecessor-version":[{"id":8065,"href":"https:\/\/jak.fi\/es\/wp-json\/wp\/v2\/pages\/4707\/revisions\/8065"}],"wp:featuredmedia":[{"embeddable":true,"href":"https:\/\/jak.fi\/es\/wp-json\/wp\/v2\/media\/4710"}],"wp:attachment":[{"href":"https:\/\/jak.fi\/es\/wp-json\/wp\/v2\/media?parent=4707"}],"curies":[{"name":"wp","href":"https:\/\/api.w.org\/{rel}","templated":true}]}}