{"id":4714,"date":"2024-05-29T10:01:47","date_gmt":"2024-05-29T07:01:47","guid":{"rendered":"https:\/\/jak.fi\/pinzas-de-energia-para-cargadoras-y-alcanzadoras\/"},"modified":"2025-04-01T09:57:37","modified_gmt":"2025-04-01T06:57:37","slug":"pinzas-de-energia-para-cargadoras-y-alcanzadoras","status":"publish","type":"page","link":"https:\/\/jak.fi\/es\/pinzas-de-energia-para-cargadoras-y-alcanzadoras\/","title":{"rendered":"Cizallas para \u00e1rboles para cargadoras y manipuladores telesc\u00f3picos"},"content":{"rendered":"\n<h2 class=\"wp-block-heading has-text-align-center\">Cizallas para \u00e1rboles JAK para cargadoras y manipuladores telesc\u00f3picos de diferentes tama\u00f1os<\/h2>\n\n<p class=\"has-text-align-center\">Las cizallas para \u00e1rboles JAK son el accesorio perfecto para cargadoras y manipuladores telesc\u00f3picos. Equipadas con un sistema de acoplamiento dise\u00f1ado para cargadoras y manipuladores telesc\u00f3picos, las cizallas de la serie R est\u00e1n optimizadas para un uso profesional intensivo y cuentan con una garant\u00eda de f\u00e1brica de dos a\u00f1os. <\/p>\n\n<p class=\"has-text-align-center\">Nuestras cizallas para \u00e1rboles pueden integrarse con todos los implementos est\u00e1ndar utilizados en cargadoras y manipuladores telesc\u00f3picos, ofreciendo versatilidad y alto rendimiento en diversas aplicaciones.<\/p>\n\n<hr class=\"wp-block-separator has-text-color has-red-color has-alpha-channel-opacity has-red-background-color has-background is-style-wide\"\/>\n\n<h2 class=\"wp-block-heading has-text-align-center\">Elige las cizallas para \u00e1rboles adecuadas al tama\u00f1o de tu m\u00e1quina <br\/><\/h2>\n<div class=\"woocommerce columns-4 \"><div class=\"col-12 col-md-6 col-lg-3 product\"  >\n\t<figure>\n\t\t<img loading=\"lazy\" decoding=\"async\" width=\"800\" height=\"540\" src=\"https:\/\/jak.fi\/wp-content\/uploads\/2024\/06\/jak-200r-tree-shear-for-wheel-loaders-and-telehandlers-front-right-view-1-800x540.png\" class=\"attachment-woocommerce_thumbnail size-woocommerce_thumbnail\" alt=\"JAK-200R Cizallas para \u00e1rboles GEN4 para cargadora y manipulador telesc\u00f3pico\" \/>\t\t\n\t\t<figcaption>\n\t\n\t\t\t<h3 class=\"\u201dwoocommerce-loop-product__title\u201d\">JAK-200R Cizallas para \u00e1rboles GEN4 para cargadora y manipulador telesc\u00f3pico<\/h3>\n\t\t\t\n\t\t\n\t\t\t\n\t\t\t<p class=\"has-blue-color\">Cargadoras 1,3-2,5 tn (2866-5511 lbs)<br \/>\nCarretillas retr\u00e1ctiles 450 kg de capacidad de elevaci\u00f3n (992 lbs)<\/p>\n\t\t\t\t\t\n\t\t\t<\/a>\t\t\t\t\t\n\t\t\t<a href=\"https:\/\/jak.fi\/es\/productos\/cizalla-para-arboles-para-cargador-y-manipulador-telescopico\/jak-200r-gen4-cizalla-para-arboles-para-cargador-y-manipulador-telescopico\/\">Explorar el producto <i class=\"fa-solid fa-chevron-right\" aria-hidden=\"true\"><\/i><\/a>\n\t\t<\/figcaption>\t\t\t\t\t\t\t\n\t<\/figure>\n<\/div>\n<div class=\"col-12 col-md-6 col-lg-3 product\"  >\n\t<figure>\n\t\t<img loading=\"lazy\" decoding=\"async\" width=\"800\" height=\"540\" src=\"https:\/\/jak.fi\/wp-content\/uploads\/2024\/06\/jak-250r-tree-shear-for-wheel-loaders-and-telehandlers-front-right-view-1-800x540.png\" class=\"attachment-woocommerce_thumbnail size-woocommerce_thumbnail\" alt=\"JAK-250R Cizallas para \u00e1rboles GEN4 para cargadora y manipulador telesc\u00f3pico\" \/>\t\t\n\t\t<figcaption>\n\t\n\t\t\t<h3 class=\"\u201dwoocommerce-loop-product__title\u201d\">JAK-250R Cizallas para \u00e1rboles GEN4 para cargadora y manipulador telesc\u00f3pico<\/h3>\n\t\t\t\n\t\t\n\t\t\t\n\t\t\t<p class=\"has-blue-color\">Cargadoras 3-6 tn (6613-13227 lbs)<br \/>\nCarretillas retr\u00e1ctiles 900 kg de capacidad de elevaci\u00f3n (1984 lbs)<\/p>\n\t\t\t\t\t\n\t\t\t<\/a>\t\t\t\t\t\n\t\t\t<a href=\"https:\/\/jak.fi\/es\/productos\/cizalla-para-arboles-para-cargador-y-manipulador-telescopico\/jak-250r-gen4-cizalla-para-arboles-para-cargadora-y-manipulador-telescopico\/\">Explorar el producto <i class=\"fa-solid fa-chevron-right\" aria-hidden=\"true\"><\/i><\/a>\n\t\t<\/figcaption>\t\t\t\t\t\t\t\n\t<\/figure>\n<\/div>\n<div class=\"col-12 col-md-6 col-lg-3 product\"  >\n\t<figure>\n\t\t<img loading=\"lazy\" decoding=\"async\" width=\"800\" height=\"540\" src=\"https:\/\/jak.fi\/wp-content\/uploads\/2024\/05\/jak-300r-tree-shear-for-wheel-loader-and-telehandler-front-right-view-1-800x540.png\" class=\"attachment-woocommerce_thumbnail size-woocommerce_thumbnail\" alt=\"JAK-300R Cizallas para \u00e1rboles para cargadora y manipulador telesc\u00f3pico GEN4\" \/>\t\t\n\t\t<figcaption>\n\t\n\t\t\t<h3 class=\"\u201dwoocommerce-loop-product__title\u201d\">JAK-300R Cizallas para \u00e1rboles para cargadora y manipulador telesc\u00f3pico GEN4<\/h3>\n\t\t\t\n\t\t\n\t\t\t\n\t\t\t<p class=\"has-blue-color\">Cargadoras 6-21 tn<br \/>\nCarretillas retr\u00e1ctiles 1300 kg de capacidad de elevaci\u00f3n<\/p>\n\t\t\t\t\t\n\t\t\t<\/a>\t\t\t\t\t\n\t\t\t<a href=\"https:\/\/jak.fi\/es\/productos\/cizalla-para-arboles-para-cargador-y-manipulador-telescopico\/jak-300r-gen4-cizalla-para-arboles-para-cargadora-y-manipulador-telescopico\/\">Explorar el producto <i class=\"fa-solid fa-chevron-right\" aria-hidden=\"true\"><\/i><\/a>\n\t\t<\/figcaption>\t\t\t\t\t\t\t\n\t<\/figure>\n<\/div>\n<\/div>\n\n<figure class=\"wp-block-gallery has-nested-images columns-default is-cropped wp-block-gallery-1 is-layout-flex wp-block-gallery-is-layout-flex\">\n<figure class=\"wp-block-image size-large\"><img loading=\"lazy\" decoding=\"async\" width=\"1200\" height=\"823\" data-id=\"476\" src=\"https:\/\/jak.fi\/wp-content\/uploads\/2024\/05\/jak-200r-with-rotator-in-avant-loader-3-scaled-1-1200x823.jpg\" alt=\"La cizalla para &#xE1;rboles JAK-200R acoplada a una cargadora de ruedas Avant, para una tala eficaz de &#xE1;rboles en operaciones forestales.\" class=\"wp-image-476\" srcset=\"https:\/\/jak.fi\/wp-content\/uploads\/2024\/05\/jak-200r-with-rotator-in-avant-loader-3-scaled-1-1200x823.jpg 1200w, https:\/\/jak.fi\/wp-content\/uploads\/2024\/05\/jak-200r-with-rotator-in-avant-loader-3-scaled-1-700x480.jpg 700w, https:\/\/jak.fi\/wp-content\/uploads\/2024\/05\/jak-200r-with-rotator-in-avant-loader-3-scaled-1-768x526.jpg 768w, https:\/\/jak.fi\/wp-content\/uploads\/2024\/05\/jak-200r-with-rotator-in-avant-loader-3-scaled-1-1536x1053.jpg 1536w, https:\/\/jak.fi\/wp-content\/uploads\/2024\/05\/jak-200r-with-rotator-in-avant-loader-3-scaled-1-800x548.jpg 800w, https:\/\/jak.fi\/wp-content\/uploads\/2024\/05\/jak-200r-with-rotator-in-avant-loader-3-scaled-1.jpg 1920w\" sizes=\"auto, (max-width: 1200px) 100vw, 1200px\" \/><\/figure>\n\n\n\n<figure class=\"wp-block-image size-large\"><img loading=\"lazy\" decoding=\"async\" width=\"1200\" height=\"854\" data-id=\"505\" src=\"https:\/\/jak.fi\/wp-content\/uploads\/2024\/05\/jak-200r-with-rotator-in-avant-loader-22-scaled-1-1200x854.jpg\" alt=\"La cizalla para &#xE1;rboles JAK-200R acoplada a una cargadora de ruedas Avant, para una tala eficaz de &#xE1;rboles en operaciones forestales.\" class=\"wp-image-505\" srcset=\"https:\/\/jak.fi\/wp-content\/uploads\/2024\/05\/jak-200r-with-rotator-in-avant-loader-22-scaled-1-1200x854.jpg 1200w, https:\/\/jak.fi\/wp-content\/uploads\/2024\/05\/jak-200r-with-rotator-in-avant-loader-22-scaled-1-700x498.jpg 700w, https:\/\/jak.fi\/wp-content\/uploads\/2024\/05\/jak-200r-with-rotator-in-avant-loader-22-scaled-1-768x547.jpg 768w, https:\/\/jak.fi\/wp-content\/uploads\/2024\/05\/jak-200r-with-rotator-in-avant-loader-22-scaled-1-1536x1094.jpg 1536w, https:\/\/jak.fi\/wp-content\/uploads\/2024\/05\/jak-200r-with-rotator-in-avant-loader-22-scaled-1-800x570.jpg 800w, https:\/\/jak.fi\/wp-content\/uploads\/2024\/05\/jak-200r-with-rotator-in-avant-loader-22-scaled-1.jpg 1920w\" sizes=\"auto, (max-width: 1200px) 100vw, 1200px\" \/><\/figure>\n\n\n\n<figure class=\"wp-block-image size-large\"><img loading=\"lazy\" decoding=\"async\" width=\"1200\" height=\"838\" data-id=\"7085\" src=\"https:\/\/jak.fi\/wp-content\/uploads\/2025\/03\/jak-250r-with-rotator-in-telehandler-55-scaled-1-1200x838.jpg\" alt=\"Las cizallas para &#xE1;rboles JAK-250R, dise&#xF1;adas para cargadoras de ruedas y manipuladoras telesc&#xF3;picas, proporcionan un derribo de &#xE1;rboles y una manipulaci&#xF3;n de ramas eficaces, as&#xED; como un rendimiento fiable.\" class=\"wp-image-7085\" srcset=\"https:\/\/jak.fi\/wp-content\/uploads\/2025\/03\/jak-250r-with-rotator-in-telehandler-55-scaled-1-1200x838.jpg 1200w, https:\/\/jak.fi\/wp-content\/uploads\/2025\/03\/jak-250r-with-rotator-in-telehandler-55-scaled-1-700x489.jpg 700w, https:\/\/jak.fi\/wp-content\/uploads\/2025\/03\/jak-250r-with-rotator-in-telehandler-55-scaled-1-768x536.jpg 768w, https:\/\/jak.fi\/wp-content\/uploads\/2025\/03\/jak-250r-with-rotator-in-telehandler-55-scaled-1-1536x1073.jpg 1536w, https:\/\/jak.fi\/wp-content\/uploads\/2025\/03\/jak-250r-with-rotator-in-telehandler-55-scaled-1-2048x1430.jpg 2048w, https:\/\/jak.fi\/wp-content\/uploads\/2025\/03\/jak-250r-with-rotator-in-telehandler-55-scaled-1-800x559.jpg 800w\" sizes=\"auto, (max-width: 1200px) 100vw, 1200px\" \/><\/figure>\n<\/figure>\n\n<h2 class=\"wp-block-heading has-text-align-center\">Soluciones eficaces, sostenibles y vers\u00e1tiles para la limpieza de \u00e1rboles<\/h2>\n\n<p>Las cizallas para \u00e1rboles JAK aportan una eficacia y facilidad sin precedentes a la limpieza de \u00e1rboles y arbustos. Dise\u00f1ada para un uso intensivo, la pinza ofrece una amplia gama de funciones de manipulaci\u00f3n de \u00e1rboles. Ya sea para desbrozar bordes de carreteras, l\u00edneas el\u00e9ctricas, v\u00edas f\u00e9rreas, bordes de campos, parcelas o zonas boscosas y ajardinadas, nuestros productos hacen que el trabajo sea seguro y eficaz.  <\/p>\n\n<p>Nuestros productos son herramientas potentes, r\u00e1pidas y extremadamente duraderas en las que conf\u00edan profesionales de todo el mundo. Permiten cortar \u00e1rboles con facilidad y precisi\u00f3n en el punto deseado, y luego elevar el \u00e1rbol al lugar deseado para su posterior procesamiento. Su dise\u00f1o tambi\u00e9n permite un excelente manejo y corte en el suelo.  <\/p>\n\n<p>Las cizallas para \u00e1rboles son especialmente eficaces para entresacar \u00e1rboles que no son aptos para otros usos pero que se venden para producir energ\u00eda, por ejemplo. Tambi\u00e9n es una herramienta excelente para eliminar \u00e1rboles problem\u00e1ticos en lugares dif\u00edciles, como cerca de edificios o en parques. Tambi\u00e9n se utiliza para eliminar da\u00f1os causados por tormentas e incendios.  <\/p>\n\n<div style=\"height:100px\" aria-hidden=\"true\" class=\"wp-block-spacer\"><\/div>\n\n<figure class=\"wp-block-image size-large\"><img loading=\"lazy\" decoding=\"async\" width=\"1200\" height=\"800\" src=\"https:\/\/jak.fi\/wp-content\/uploads\/2024\/05\/jak-250r-with-rotator-in-telehandler-25-scaled-1-1200x800.jpg\" alt=\"La cizalla para &#xE1;rboles JAK-250R acoplada al manipulador telesc&#xF3;pico, lista para manipular y desbrozar madera con eficacia.\" class=\"wp-image-493\" srcset=\"https:\/\/jak.fi\/wp-content\/uploads\/2024\/05\/jak-250r-with-rotator-in-telehandler-25-scaled-1-1200x800.jpg 1200w, https:\/\/jak.fi\/wp-content\/uploads\/2024\/05\/jak-250r-with-rotator-in-telehandler-25-scaled-1-700x467.jpg 700w, https:\/\/jak.fi\/wp-content\/uploads\/2024\/05\/jak-250r-with-rotator-in-telehandler-25-scaled-1-768x512.jpg 768w, https:\/\/jak.fi\/wp-content\/uploads\/2024\/05\/jak-250r-with-rotator-in-telehandler-25-scaled-1-1536x1024.jpg 1536w, https:\/\/jak.fi\/wp-content\/uploads\/2024\/05\/jak-250r-with-rotator-in-telehandler-25-scaled-1-800x533.jpg 800w, https:\/\/jak.fi\/wp-content\/uploads\/2024\/05\/jak-250r-with-rotator-in-telehandler-25-scaled-1.jpg 1920w\" sizes=\"auto, (max-width: 1200px) 100vw, 1200px\" \/><\/figure>\n","protected":false},"excerpt":{"rendered":"<p>Cizallas para \u00e1rboles JAK para cargadoras y manipuladores telesc\u00f3picos de diferentes tama\u00f1os Las cizallas para \u00e1rboles JAK son el accesorio perfecto para cargadoras y manipuladores telesc\u00f3picos. Equipadas con un sistema de acoplamiento dise\u00f1ado para cargadoras y manipuladores telesc\u00f3picos, las cizallas de la serie R est\u00e1n optimizadas para un uso profesional intensivo y cuentan con una [&hellip;]<\/p>\n","protected":false},"author":1,"featured_media":4719,"parent":0,"menu_order":55,"comment_status":"closed","ping_status":"closed","template":"","meta":{"_acf_changed":false,"footnotes":""},"class_list":["post-4714","page","type-page","status-publish","has-post-thumbnail","hentry"],"acf":[],"yoast_head":"<!-- This site is optimized with the Yoast SEO plugin v27.2 - https:\/\/yoast.com\/product\/yoast-seo-wordpress\/ -->\n<title>Cizallas para \u00e1rboles para cargadoras y manipuladores telesc\u00f3picos &#8211; JAK-Metalli Oy<\/title>\n<meta name=\"description\" content=\"Cizallas para \u00e1rboles JAK para cargadoras y manipuladores telesc\u00f3picos de diferentes tama\u00f1os.\" \/>\n<meta name=\"robots\" content=\"index, follow, max-snippet:-1, max-image-preview:large, max-video-preview:-1\" \/>\n<link rel=\"canonical\" href=\"https:\/\/jak.fi\/es\/pinzas-de-energia-para-cargadoras-y-alcanzadoras\/\" \/>\n<meta property=\"og:locale\" content=\"es_ES\" \/>\n<meta property=\"og:type\" content=\"article\" \/>\n<meta property=\"og:title\" content=\"Cizallas para \u00e1rboles para cargadoras y manipuladores telesc\u00f3picos &#8211; JAK-Metalli Oy\" \/>\n<meta property=\"og:description\" content=\"Cizallas para \u00e1rboles JAK para cargadoras y manipuladores telesc\u00f3picos de diferentes tama\u00f1os.\" \/>\n<meta property=\"og:url\" content=\"https:\/\/jak.fi\/es\/pinzas-de-energia-para-cargadoras-y-alcanzadoras\/\" \/>\n<meta property=\"og:site_name\" content=\"JAK-Metalli Oy\" \/>\n<meta property=\"article:publisher\" content=\"https:\/\/www.facebook.com\/jaktreeshears\" \/>\n<meta property=\"article:modified_time\" content=\"2025-04-01T06:57:37+00:00\" \/>\n<meta property=\"og:image\" content=\"https:\/\/jak.fi\/wp-content\/uploads\/2024\/06\/jak_ylakuva_kurottaja.jpg\" \/>\n\t<meta property=\"og:image:width\" content=\"2240\" \/>\n\t<meta property=\"og:image:height\" content=\"700\" \/>\n\t<meta property=\"og:image:type\" content=\"image\/jpeg\" \/>\n<meta name=\"twitter:card\" content=\"summary_large_image\" \/>\n<meta name=\"twitter:label1\" content=\"Tiempo de lectura\" \/>\n\t<meta name=\"twitter:data1\" content=\"2 minuto\" \/>\n<script type=\"application\/ld+json\" class=\"yoast-schema-graph\">{\"@context\":\"https:\/\/schema.org\",\"@graph\":[{\"@type\":\"WebPage\",\"@id\":\"https:\/\/jak.fi\/es\/pinzas-de-energia-para-cargadoras-y-alcanzadoras\/\",\"url\":\"https:\/\/jak.fi\/es\/pinzas-de-energia-para-cargadoras-y-alcanzadoras\/\",\"name\":\"Cizallas para \u00e1rboles para cargadoras y manipuladores telesc\u00f3picos &#8211; JAK-Metalli Oy\",\"isPartOf\":{\"@id\":\"https:\/\/jak.fi\/es\/#website\"},\"primaryImageOfPage\":{\"@id\":\"https:\/\/jak.fi\/es\/pinzas-de-energia-para-cargadoras-y-alcanzadoras\/#primaryimage\"},\"image\":{\"@id\":\"https:\/\/jak.fi\/es\/pinzas-de-energia-para-cargadoras-y-alcanzadoras\/#primaryimage\"},\"thumbnailUrl\":\"https:\/\/jak.fi\/wp-content\/uploads\/2024\/06\/jak_ylakuva_kurottaja.jpg\",\"datePublished\":\"2024-05-29T07:01:47+00:00\",\"dateModified\":\"2025-04-01T06:57:37+00:00\",\"description\":\"Cizallas para \u00e1rboles JAK para cargadoras y manipuladores telesc\u00f3picos de diferentes tama\u00f1os.\",\"breadcrumb\":{\"@id\":\"https:\/\/jak.fi\/es\/pinzas-de-energia-para-cargadoras-y-alcanzadoras\/#breadcrumb\"},\"inLanguage\":\"es\",\"potentialAction\":[{\"@type\":\"ReadAction\",\"target\":[\"https:\/\/jak.fi\/es\/pinzas-de-energia-para-cargadoras-y-alcanzadoras\/\"]}]},{\"@type\":\"ImageObject\",\"inLanguage\":\"es\",\"@id\":\"https:\/\/jak.fi\/es\/pinzas-de-energia-para-cargadoras-y-alcanzadoras\/#primaryimage\",\"url\":\"https:\/\/jak.fi\/wp-content\/uploads\/2024\/06\/jak_ylakuva_kurottaja.jpg\",\"contentUrl\":\"https:\/\/jak.fi\/wp-content\/uploads\/2024\/06\/jak_ylakuva_kurottaja.jpg\",\"width\":2240,\"height\":700,\"caption\":\"JAK-300R Cizallas para \u00e1rboles sujetas a un manipulador telesc\u00f3pico.\"},{\"@type\":\"BreadcrumbList\",\"@id\":\"https:\/\/jak.fi\/es\/pinzas-de-energia-para-cargadoras-y-alcanzadoras\/#breadcrumb\",\"itemListElement\":[{\"@type\":\"ListItem\",\"position\":1,\"name\":\"Etusivu\",\"item\":\"https:\/\/jak.fi\/es\/\"},{\"@type\":\"ListItem\",\"position\":2,\"name\":\"Cizallas para \u00e1rboles para cargadoras y manipuladores telesc\u00f3picos\"}]},{\"@type\":\"WebSite\",\"@id\":\"https:\/\/jak.fi\/es\/#website\",\"url\":\"https:\/\/jak.fi\/es\/\",\"name\":\"JAK-Metalli Oy\",\"description\":\"\",\"publisher\":{\"@id\":\"https:\/\/jak.fi\/es\/#organization\"},\"alternateName\":\"JAK Tree shears\",\"potentialAction\":[{\"@type\":\"SearchAction\",\"target\":{\"@type\":\"EntryPoint\",\"urlTemplate\":\"https:\/\/jak.fi\/es\/?s={search_term_string}\"},\"query-input\":{\"@type\":\"PropertyValueSpecification\",\"valueRequired\":true,\"valueName\":\"search_term_string\"}}],\"inLanguage\":\"es\"},{\"@type\":\"Organization\",\"@id\":\"https:\/\/jak.fi\/es\/#organization\",\"name\":\"JAK-Metalli Oy\",\"alternateName\":\"JAK Tree shears\",\"url\":\"https:\/\/jak.fi\/es\/\",\"logo\":{\"@type\":\"ImageObject\",\"inLanguage\":\"es\",\"@id\":\"https:\/\/jak.fi\/es\/#\/schema\/logo\/image\/\",\"url\":\"https:\/\/jak.fi\/wp-content\/uploads\/2024\/09\/JAK-logo-696x696-1.jpg\",\"contentUrl\":\"https:\/\/jak.fi\/wp-content\/uploads\/2024\/09\/JAK-logo-696x696-1.jpg\",\"width\":696,\"height\":696,\"caption\":\"JAK-Metalli Oy\"},\"image\":{\"@id\":\"https:\/\/jak.fi\/es\/#\/schema\/logo\/image\/\"},\"sameAs\":[\"https:\/\/www.facebook.com\/jaktreeshears\",\"https:\/\/www.instagram.com\/jaktreeshears\/\",\"https:\/\/www.youtube.com\/channel\/UCAwvaVhBBkPie8MeAGbdY1w\"]}]}<\/script>\n<!-- \/ Yoast SEO plugin. -->","yoast_head_json":{"title":"Cizallas para \u00e1rboles para cargadoras y manipuladores telesc\u00f3picos &#8211; JAK-Metalli Oy","description":"Cizallas para \u00e1rboles JAK para cargadoras y manipuladores telesc\u00f3picos de diferentes tama\u00f1os.","robots":{"index":"index","follow":"follow","max-snippet":"max-snippet:-1","max-image-preview":"max-image-preview:large","max-video-preview":"max-video-preview:-1"},"canonical":"https:\/\/jak.fi\/es\/pinzas-de-energia-para-cargadoras-y-alcanzadoras\/","og_locale":"es_ES","og_type":"article","og_title":"Cizallas para \u00e1rboles para cargadoras y manipuladores telesc\u00f3picos &#8211; JAK-Metalli Oy","og_description":"Cizallas para \u00e1rboles JAK para cargadoras y manipuladores telesc\u00f3picos de diferentes tama\u00f1os.","og_url":"https:\/\/jak.fi\/es\/pinzas-de-energia-para-cargadoras-y-alcanzadoras\/","og_site_name":"JAK-Metalli Oy","article_publisher":"https:\/\/www.facebook.com\/jaktreeshears","article_modified_time":"2025-04-01T06:57:37+00:00","og_image":[{"width":2240,"height":700,"url":"https:\/\/jak.fi\/wp-content\/uploads\/2024\/06\/jak_ylakuva_kurottaja.jpg","type":"image\/jpeg"}],"twitter_card":"summary_large_image","twitter_misc":{"Tiempo de lectura":"2 minuto"},"schema":{"@context":"https:\/\/schema.org","@graph":[{"@type":"WebPage","@id":"https:\/\/jak.fi\/es\/pinzas-de-energia-para-cargadoras-y-alcanzadoras\/","url":"https:\/\/jak.fi\/es\/pinzas-de-energia-para-cargadoras-y-alcanzadoras\/","name":"Cizallas para \u00e1rboles para cargadoras y manipuladores telesc\u00f3picos &#8211; JAK-Metalli Oy","isPartOf":{"@id":"https:\/\/jak.fi\/es\/#website"},"primaryImageOfPage":{"@id":"https:\/\/jak.fi\/es\/pinzas-de-energia-para-cargadoras-y-alcanzadoras\/#primaryimage"},"image":{"@id":"https:\/\/jak.fi\/es\/pinzas-de-energia-para-cargadoras-y-alcanzadoras\/#primaryimage"},"thumbnailUrl":"https:\/\/jak.fi\/wp-content\/uploads\/2024\/06\/jak_ylakuva_kurottaja.jpg","datePublished":"2024-05-29T07:01:47+00:00","dateModified":"2025-04-01T06:57:37+00:00","description":"Cizallas para \u00e1rboles JAK para cargadoras y manipuladores telesc\u00f3picos de diferentes tama\u00f1os.","breadcrumb":{"@id":"https:\/\/jak.fi\/es\/pinzas-de-energia-para-cargadoras-y-alcanzadoras\/#breadcrumb"},"inLanguage":"es","potentialAction":[{"@type":"ReadAction","target":["https:\/\/jak.fi\/es\/pinzas-de-energia-para-cargadoras-y-alcanzadoras\/"]}]},{"@type":"ImageObject","inLanguage":"es","@id":"https:\/\/jak.fi\/es\/pinzas-de-energia-para-cargadoras-y-alcanzadoras\/#primaryimage","url":"https:\/\/jak.fi\/wp-content\/uploads\/2024\/06\/jak_ylakuva_kurottaja.jpg","contentUrl":"https:\/\/jak.fi\/wp-content\/uploads\/2024\/06\/jak_ylakuva_kurottaja.jpg","width":2240,"height":700,"caption":"JAK-300R Cizallas para \u00e1rboles sujetas a un manipulador telesc\u00f3pico."},{"@type":"BreadcrumbList","@id":"https:\/\/jak.fi\/es\/pinzas-de-energia-para-cargadoras-y-alcanzadoras\/#breadcrumb","itemListElement":[{"@type":"ListItem","position":1,"name":"Etusivu","item":"https:\/\/jak.fi\/es\/"},{"@type":"ListItem","position":2,"name":"Cizallas para \u00e1rboles para cargadoras y manipuladores telesc\u00f3picos"}]},{"@type":"WebSite","@id":"https:\/\/jak.fi\/es\/#website","url":"https:\/\/jak.fi\/es\/","name":"JAK-Metalli Oy","description":"","publisher":{"@id":"https:\/\/jak.fi\/es\/#organization"},"alternateName":"JAK Tree shears","potentialAction":[{"@type":"SearchAction","target":{"@type":"EntryPoint","urlTemplate":"https:\/\/jak.fi\/es\/?s={search_term_string}"},"query-input":{"@type":"PropertyValueSpecification","valueRequired":true,"valueName":"search_term_string"}}],"inLanguage":"es"},{"@type":"Organization","@id":"https:\/\/jak.fi\/es\/#organization","name":"JAK-Metalli Oy","alternateName":"JAK Tree shears","url":"https:\/\/jak.fi\/es\/","logo":{"@type":"ImageObject","inLanguage":"es","@id":"https:\/\/jak.fi\/es\/#\/schema\/logo\/image\/","url":"https:\/\/jak.fi\/wp-content\/uploads\/2024\/09\/JAK-logo-696x696-1.jpg","contentUrl":"https:\/\/jak.fi\/wp-content\/uploads\/2024\/09\/JAK-logo-696x696-1.jpg","width":696,"height":696,"caption":"JAK-Metalli Oy"},"image":{"@id":"https:\/\/jak.fi\/es\/#\/schema\/logo\/image\/"},"sameAs":["https:\/\/www.facebook.com\/jaktreeshears","https:\/\/www.instagram.com\/jaktreeshears\/","https:\/\/www.youtube.com\/channel\/UCAwvaVhBBkPie8MeAGbdY1w"]}]}},"_links":{"self":[{"href":"https:\/\/jak.fi\/es\/wp-json\/wp\/v2\/pages\/4714","targetHints":{"allow":["GET"]}}],"collection":[{"href":"https:\/\/jak.fi\/es\/wp-json\/wp\/v2\/pages"}],"about":[{"href":"https:\/\/jak.fi\/es\/wp-json\/wp\/v2\/types\/page"}],"author":[{"embeddable":true,"href":"https:\/\/jak.fi\/es\/wp-json\/wp\/v2\/users\/1"}],"replies":[{"embeddable":true,"href":"https:\/\/jak.fi\/es\/wp-json\/wp\/v2\/comments?post=4714"}],"version-history":[{"count":12,"href":"https:\/\/jak.fi\/es\/wp-json\/wp\/v2\/pages\/4714\/revisions"}],"predecessor-version":[{"id":7116,"href":"https:\/\/jak.fi\/es\/wp-json\/wp\/v2\/pages\/4714\/revisions\/7116"}],"wp:featuredmedia":[{"embeddable":true,"href":"https:\/\/jak.fi\/es\/wp-json\/wp\/v2\/media\/4719"}],"wp:attachment":[{"href":"https:\/\/jak.fi\/es\/wp-json\/wp\/v2\/media?parent=4714"}],"curies":[{"name":"wp","href":"https:\/\/api.w.org\/{rel}","templated":true}]}}