{"id":10469,"date":"2025-06-12T10:33:12","date_gmt":"2025-06-12T07:33:12","guid":{"rendered":"https:\/\/jak.fi\/products\/sin%20categor\u00eda\/jak-300k-pro-cizallas-para-arboles\/"},"modified":"2025-09-01T15:32:12","modified_gmt":"2025-09-01T12:32:12","slug":"jak-300k-pro-cizallas-para-arboles","status":"publish","type":"product","link":"https:\/\/jak.fi\/es\/productos\/cizallas-para-arboles-para-tractores-y-maquinas-forestales\/jak-300k-pro-cizallas-para-arboles\/","title":{"rendered":"JAK-300K PRO Cizallas para \u00e1rboles"},"content":{"rendered":"<h2><strong>JAK-300K Cizallas para \u00e1rboles Pro &#8211; Para m\u00e1quinas forestales profesionales<\/strong><\/h2>\n<p>La JAK-300K Pro es una potente pinza para \u00e1rboles especialmente dise\u00f1ada para m\u00e1quinas forestales, preparada para los trabajos de clareo y desbroce m\u00e1s exigentes. Fabricada con acero dealta calidad Hardox\u00ae resistente al desgaste<strong>,<\/strong>la JAK-300K Pro ofrece durabilidad y precisi\u00f3n para situaciones en las que se requiere rendimiento y fiabilidad.<\/p>\n<h4><strong>Colector de masa y radiomando: m\u00e1xima productividad<\/strong><\/h4>\n<p>integrado<a href=\"https:\/\/jak.fi\/es\/productos\/accesorios-para-cucharas-de-energia\/colector-a-granel-gen2-serie-b-r\/\" target=\"_blank\" rel=\"noopener\"> <strong>colector de masa<\/strong><\/a> y <a href=\"https:\/\/jak.fi\/es\/productos\/accesorios-para-cucharas-de-energia\/radiocontrol\/\" target=\"_blank\" rel=\"noopener\"><strong>radiocontrol<\/strong><\/a> hacen que la manipulaci\u00f3n de la madera sea m\u00e1s suave. Puedes cortar m\u00e1s madera antes de vaciar el conducto. Adem\u00e1s, puedes cortar la copa del \u00e1rbol de forma controlada y segura en posici\u00f3n vertical, porque las cizallas para \u00e1rboles se controlan el\u00e9ctricamente en lugar de a presi\u00f3n.<\/p>\n<h4><strong>Trabajo eficaz y seguro &#8211; hasta \u00e1rboles de 300 mm<\/strong><\/h4>\n<p>Equipada con dos cilindros y un sistema hidr\u00e1ulico controlado el\u00e9ctricamente, la JAK-300K Pro permite cortar madera de forma controlada y segura. La amplia abertura de 840 mm te permite cortar m\u00e1s \u00e1rboles a la vez, llevando la eficacia y la productividad a un nuevo nivel.<\/p>\n<h4><strong>F\u00e1cil de instalar<\/strong><\/h4>\n<p>La JAK-300K Pro funciona con <strong>un \u00fanico sistema hidr\u00e1ulico doble<\/strong> y puede instalarse directamente en lugar de una cuchara para troncos tradicional, sin necesidad de modificaciones adicionales.<\/p>\n<h4>Trabaja m\u00e1s eficazmente con accesorios<\/h4>\n<ul>\n<li><strong>eBoost\u00ae: <\/strong>aumenta la velocidad, la seguridad y la productividad de tus cizallas para \u00e1rboles. M\u00e1s informaci\u00f3n en la p\u00e1gina <a href=\"https:\/\/jak.fi\/es\/productos\/accesorios-para-cucharas-de-energia\/sistema-hidraulico-eboost\/\" target=\"_blank\" rel=\"noopener\">del sistema hidr\u00e1ulico eBoost\u00ae<\/a>.<\/li>\n<li><strong>Opciones de los cilindros<\/strong>: afectan a la potencia de corte, la velocidad y los requisitos de sujeci\u00f3n de las cizallas para \u00e1rboles.<\/li>\n<li><strong>Mordaza de trabajo de tres dedos<\/strong>: un agarre m\u00e1s firme de la madera a cortar.<\/li>\n<\/ul>\n<p>&nbsp;<\/p>\n","protected":false},"excerpt":{"rendered":"<ul>\n<li>Colector de masa integrado y radiomando<\/li>\n<li>Disponible con sistema hidr\u00e1ulico eBoost<\/li>\n<li>De acero Hardox\u00ae resistente al desgaste<\/li>\n<li>Construcci\u00f3n alta y duradera<\/li>\n<li>Homologado CE<\/li>\n<li>Fabricado en Finlandia<\/li>\n<li>Cuchilla extra\u00edble<\/li>\n<\/ul>\n","protected":false},"featured_media":8207,"template":"","meta":{"_acf_changed":false},"product_brand":[],"product_cat":[584],"product_tag":[],"class_list":{"0":"post-10469","1":"product","2":"type-product","3":"status-publish","4":"has-post-thumbnail","6":"product_cat-cizallas-para-arboles-para-tractores-y-maquinas-forestales","8":"first","9":"instock","10":"shipping-taxable","11":"product-type-simple"},"acf":[],"yoast_head":"<!-- This site is optimized with the Yoast SEO plugin v27.2 - https:\/\/yoast.com\/product\/yoast-seo-wordpress\/ -->\n<title>JAK-300K PRO Cizallas para \u00e1rboles &#8211; JAK-Metalli Oy<\/title>\n<meta name=\"description\" content=\"Cizallas para \u00e1rboles JAK-300K Pro para tractores y m\u00e1quinas forestales: colector de masas, radiomando, sistema hidr\u00e1ulico eBoost\u00ae y f\u00e1cil instalaci\u00f3n sin modificaciones.\" \/>\n<meta name=\"robots\" content=\"index, follow, max-snippet:-1, max-image-preview:large, max-video-preview:-1\" \/>\n<link rel=\"canonical\" href=\"https:\/\/jak.fi\/es\/productos\/cizallas-para-arboles-para-tractores-y-maquinas-forestales\/jak-300k-pro-cizallas-para-arboles\/\" \/>\n<meta property=\"og:locale\" content=\"es_ES\" \/>\n<meta property=\"og:type\" content=\"article\" \/>\n<meta property=\"og:title\" content=\"JAK-300K PRO Cizallas para \u00e1rboles &#8211; JAK-Metalli Oy\" \/>\n<meta property=\"og:description\" content=\"Cizallas para \u00e1rboles JAK-300K Pro para tractores y m\u00e1quinas forestales: colector de masas, radiomando, sistema hidr\u00e1ulico eBoost\u00ae y f\u00e1cil instalaci\u00f3n sin modificaciones.\" \/>\n<meta property=\"og:url\" content=\"https:\/\/jak.fi\/es\/productos\/cizallas-para-arboles-para-tractores-y-maquinas-forestales\/jak-300k-pro-cizallas-para-arboles\/\" \/>\n<meta property=\"og:site_name\" content=\"JAK-Metalli Oy\" \/>\n<meta property=\"article:publisher\" content=\"https:\/\/www.facebook.com\/jaktreeshears\" \/>\n<meta property=\"article:modified_time\" content=\"2025-09-01T12:32:12+00:00\" \/>\n<meta property=\"og:image\" content=\"https:\/\/jak.fi\/wp-content\/uploads\/2025\/04\/JAK-250K-Pro-Tree-Shear-Web-10.png\" \/>\n\t<meta property=\"og:image:width\" content=\"1000\" \/>\n\t<meta property=\"og:image:height\" content=\"667\" \/>\n\t<meta property=\"og:image:type\" content=\"image\/png\" \/>\n<meta name=\"twitter:card\" content=\"summary_large_image\" \/>\n<meta name=\"twitter:label1\" content=\"Tiempo de lectura\" \/>\n\t<meta name=\"twitter:data1\" content=\"2 minuto\" \/>\n<script type=\"application\/ld+json\" class=\"yoast-schema-graph\">{\"@context\":\"https:\/\/schema.org\",\"@graph\":[{\"@type\":\"WebPage\",\"@id\":\"https:\/\/jak.fi\/es\/productos\/cizallas-para-arboles-para-tractores-y-maquinas-forestales\/jak-300k-pro-cizallas-para-arboles\/\",\"url\":\"https:\/\/jak.fi\/es\/productos\/cizallas-para-arboles-para-tractores-y-maquinas-forestales\/jak-300k-pro-cizallas-para-arboles\/\",\"name\":\"JAK-300K PRO Cizallas para \u00e1rboles &#8211; JAK-Metalli Oy\",\"isPartOf\":{\"@id\":\"https:\/\/jak.fi\/es\/#website\"},\"primaryImageOfPage\":{\"@id\":\"https:\/\/jak.fi\/es\/productos\/cizallas-para-arboles-para-tractores-y-maquinas-forestales\/jak-300k-pro-cizallas-para-arboles\/#primaryimage\"},\"image\":{\"@id\":\"https:\/\/jak.fi\/es\/productos\/cizallas-para-arboles-para-tractores-y-maquinas-forestales\/jak-300k-pro-cizallas-para-arboles\/#primaryimage\"},\"thumbnailUrl\":\"https:\/\/jak.fi\/wp-content\/uploads\/2025\/04\/JAK-250K-Pro-Tree-Shear-Web-10.png\",\"datePublished\":\"2025-06-12T07:33:12+00:00\",\"dateModified\":\"2025-09-01T12:32:12+00:00\",\"description\":\"Cizallas para \u00e1rboles JAK-300K Pro para tractores y m\u00e1quinas forestales: colector de masas, radiomando, sistema hidr\u00e1ulico eBoost\u00ae y f\u00e1cil instalaci\u00f3n sin modificaciones.\",\"breadcrumb\":{\"@id\":\"https:\/\/jak.fi\/es\/productos\/cizallas-para-arboles-para-tractores-y-maquinas-forestales\/jak-300k-pro-cizallas-para-arboles\/#breadcrumb\"},\"inLanguage\":\"es\",\"potentialAction\":[{\"@type\":\"ReadAction\",\"target\":[\"https:\/\/jak.fi\/es\/productos\/cizallas-para-arboles-para-tractores-y-maquinas-forestales\/jak-300k-pro-cizallas-para-arboles\/\"]}]},{\"@type\":\"ImageObject\",\"inLanguage\":\"es\",\"@id\":\"https:\/\/jak.fi\/es\/productos\/cizallas-para-arboles-para-tractores-y-maquinas-forestales\/jak-300k-pro-cizallas-para-arboles\/#primaryimage\",\"url\":\"https:\/\/jak.fi\/wp-content\/uploads\/2025\/04\/JAK-250K-Pro-Tree-Shear-Web-10.png\",\"contentUrl\":\"https:\/\/jak.fi\/wp-content\/uploads\/2025\/04\/JAK-250K-Pro-Tree-Shear-Web-10.png\",\"width\":1000,\"height\":667,\"caption\":\"JAK-250K Pro cizallas para \u00e1rboles para tractor o m\u00e1quina forestal\"},{\"@type\":\"BreadcrumbList\",\"@id\":\"https:\/\/jak.fi\/es\/productos\/cizallas-para-arboles-para-tractores-y-maquinas-forestales\/jak-300k-pro-cizallas-para-arboles\/#breadcrumb\",\"itemListElement\":[{\"@type\":\"ListItem\",\"position\":1,\"name\":\"Etusivu\",\"item\":\"https:\/\/jak.fi\/es\/\"},{\"@type\":\"ListItem\",\"position\":2,\"name\":\"Productos\",\"item\":\"https:\/\/jak.fi\/es\/productos\/\"},{\"@type\":\"ListItem\",\"position\":3,\"name\":\"JAK-300K PRO Cizallas para \u00e1rboles\"}]},{\"@type\":\"WebSite\",\"@id\":\"https:\/\/jak.fi\/es\/#website\",\"url\":\"https:\/\/jak.fi\/es\/\",\"name\":\"JAK-Metalli Oy\",\"description\":\"\",\"publisher\":{\"@id\":\"https:\/\/jak.fi\/es\/#organization\"},\"alternateName\":\"JAK Tree shears\",\"potentialAction\":[{\"@type\":\"SearchAction\",\"target\":{\"@type\":\"EntryPoint\",\"urlTemplate\":\"https:\/\/jak.fi\/es\/?s={search_term_string}\"},\"query-input\":{\"@type\":\"PropertyValueSpecification\",\"valueRequired\":true,\"valueName\":\"search_term_string\"}}],\"inLanguage\":\"es\"},{\"@type\":\"Organization\",\"@id\":\"https:\/\/jak.fi\/es\/#organization\",\"name\":\"JAK-Metalli Oy\",\"alternateName\":\"JAK Tree shears\",\"url\":\"https:\/\/jak.fi\/es\/\",\"logo\":{\"@type\":\"ImageObject\",\"inLanguage\":\"es\",\"@id\":\"https:\/\/jak.fi\/es\/#\/schema\/logo\/image\/\",\"url\":\"https:\/\/jak.fi\/wp-content\/uploads\/2024\/09\/JAK-logo-696x696-1.jpg\",\"contentUrl\":\"https:\/\/jak.fi\/wp-content\/uploads\/2024\/09\/JAK-logo-696x696-1.jpg\",\"width\":696,\"height\":696,\"caption\":\"JAK-Metalli Oy\"},\"image\":{\"@id\":\"https:\/\/jak.fi\/es\/#\/schema\/logo\/image\/\"},\"sameAs\":[\"https:\/\/www.facebook.com\/jaktreeshears\",\"https:\/\/www.instagram.com\/jaktreeshears\/\",\"https:\/\/www.youtube.com\/channel\/UCAwvaVhBBkPie8MeAGbdY1w\"]}]}<\/script>\n<!-- \/ Yoast SEO plugin. -->","yoast_head_json":{"title":"JAK-300K PRO Cizallas para \u00e1rboles &#8211; JAK-Metalli Oy","description":"Cizallas para \u00e1rboles JAK-300K Pro para tractores y m\u00e1quinas forestales: colector de masas, radiomando, sistema hidr\u00e1ulico eBoost\u00ae y f\u00e1cil instalaci\u00f3n sin modificaciones.","robots":{"index":"index","follow":"follow","max-snippet":"max-snippet:-1","max-image-preview":"max-image-preview:large","max-video-preview":"max-video-preview:-1"},"canonical":"https:\/\/jak.fi\/es\/productos\/cizallas-para-arboles-para-tractores-y-maquinas-forestales\/jak-300k-pro-cizallas-para-arboles\/","og_locale":"es_ES","og_type":"article","og_title":"JAK-300K PRO Cizallas para \u00e1rboles &#8211; JAK-Metalli Oy","og_description":"Cizallas para \u00e1rboles JAK-300K Pro para tractores y m\u00e1quinas forestales: colector de masas, radiomando, sistema hidr\u00e1ulico eBoost\u00ae y f\u00e1cil instalaci\u00f3n sin modificaciones.","og_url":"https:\/\/jak.fi\/es\/productos\/cizallas-para-arboles-para-tractores-y-maquinas-forestales\/jak-300k-pro-cizallas-para-arboles\/","og_site_name":"JAK-Metalli Oy","article_publisher":"https:\/\/www.facebook.com\/jaktreeshears","article_modified_time":"2025-09-01T12:32:12+00:00","og_image":[{"width":1000,"height":667,"url":"https:\/\/jak.fi\/wp-content\/uploads\/2025\/04\/JAK-250K-Pro-Tree-Shear-Web-10.png","type":"image\/png"}],"twitter_card":"summary_large_image","twitter_misc":{"Tiempo de lectura":"2 minuto"},"schema":{"@context":"https:\/\/schema.org","@graph":[{"@type":"WebPage","@id":"https:\/\/jak.fi\/es\/productos\/cizallas-para-arboles-para-tractores-y-maquinas-forestales\/jak-300k-pro-cizallas-para-arboles\/","url":"https:\/\/jak.fi\/es\/productos\/cizallas-para-arboles-para-tractores-y-maquinas-forestales\/jak-300k-pro-cizallas-para-arboles\/","name":"JAK-300K PRO Cizallas para \u00e1rboles &#8211; JAK-Metalli Oy","isPartOf":{"@id":"https:\/\/jak.fi\/es\/#website"},"primaryImageOfPage":{"@id":"https:\/\/jak.fi\/es\/productos\/cizallas-para-arboles-para-tractores-y-maquinas-forestales\/jak-300k-pro-cizallas-para-arboles\/#primaryimage"},"image":{"@id":"https:\/\/jak.fi\/es\/productos\/cizallas-para-arboles-para-tractores-y-maquinas-forestales\/jak-300k-pro-cizallas-para-arboles\/#primaryimage"},"thumbnailUrl":"https:\/\/jak.fi\/wp-content\/uploads\/2025\/04\/JAK-250K-Pro-Tree-Shear-Web-10.png","datePublished":"2025-06-12T07:33:12+00:00","dateModified":"2025-09-01T12:32:12+00:00","description":"Cizallas para \u00e1rboles JAK-300K Pro para tractores y m\u00e1quinas forestales: colector de masas, radiomando, sistema hidr\u00e1ulico eBoost\u00ae y f\u00e1cil instalaci\u00f3n sin modificaciones.","breadcrumb":{"@id":"https:\/\/jak.fi\/es\/productos\/cizallas-para-arboles-para-tractores-y-maquinas-forestales\/jak-300k-pro-cizallas-para-arboles\/#breadcrumb"},"inLanguage":"es","potentialAction":[{"@type":"ReadAction","target":["https:\/\/jak.fi\/es\/productos\/cizallas-para-arboles-para-tractores-y-maquinas-forestales\/jak-300k-pro-cizallas-para-arboles\/"]}]},{"@type":"ImageObject","inLanguage":"es","@id":"https:\/\/jak.fi\/es\/productos\/cizallas-para-arboles-para-tractores-y-maquinas-forestales\/jak-300k-pro-cizallas-para-arboles\/#primaryimage","url":"https:\/\/jak.fi\/wp-content\/uploads\/2025\/04\/JAK-250K-Pro-Tree-Shear-Web-10.png","contentUrl":"https:\/\/jak.fi\/wp-content\/uploads\/2025\/04\/JAK-250K-Pro-Tree-Shear-Web-10.png","width":1000,"height":667,"caption":"JAK-250K Pro cizallas para \u00e1rboles para tractor o m\u00e1quina forestal"},{"@type":"BreadcrumbList","@id":"https:\/\/jak.fi\/es\/productos\/cizallas-para-arboles-para-tractores-y-maquinas-forestales\/jak-300k-pro-cizallas-para-arboles\/#breadcrumb","itemListElement":[{"@type":"ListItem","position":1,"name":"Etusivu","item":"https:\/\/jak.fi\/es\/"},{"@type":"ListItem","position":2,"name":"Productos","item":"https:\/\/jak.fi\/es\/productos\/"},{"@type":"ListItem","position":3,"name":"JAK-300K PRO Cizallas para \u00e1rboles"}]},{"@type":"WebSite","@id":"https:\/\/jak.fi\/es\/#website","url":"https:\/\/jak.fi\/es\/","name":"JAK-Metalli Oy","description":"","publisher":{"@id":"https:\/\/jak.fi\/es\/#organization"},"alternateName":"JAK Tree shears","potentialAction":[{"@type":"SearchAction","target":{"@type":"EntryPoint","urlTemplate":"https:\/\/jak.fi\/es\/?s={search_term_string}"},"query-input":{"@type":"PropertyValueSpecification","valueRequired":true,"valueName":"search_term_string"}}],"inLanguage":"es"},{"@type":"Organization","@id":"https:\/\/jak.fi\/es\/#organization","name":"JAK-Metalli Oy","alternateName":"JAK Tree shears","url":"https:\/\/jak.fi\/es\/","logo":{"@type":"ImageObject","inLanguage":"es","@id":"https:\/\/jak.fi\/es\/#\/schema\/logo\/image\/","url":"https:\/\/jak.fi\/wp-content\/uploads\/2024\/09\/JAK-logo-696x696-1.jpg","contentUrl":"https:\/\/jak.fi\/wp-content\/uploads\/2024\/09\/JAK-logo-696x696-1.jpg","width":696,"height":696,"caption":"JAK-Metalli Oy"},"image":{"@id":"https:\/\/jak.fi\/es\/#\/schema\/logo\/image\/"},"sameAs":["https:\/\/www.facebook.com\/jaktreeshears","https:\/\/www.instagram.com\/jaktreeshears\/","https:\/\/www.youtube.com\/channel\/UCAwvaVhBBkPie8MeAGbdY1w"]}]}},"_links":{"self":[{"href":"https:\/\/jak.fi\/es\/wp-json\/wp\/v2\/product\/10469","targetHints":{"allow":["GET"]}}],"collection":[{"href":"https:\/\/jak.fi\/es\/wp-json\/wp\/v2\/product"}],"about":[{"href":"https:\/\/jak.fi\/es\/wp-json\/wp\/v2\/types\/product"}],"wp:featuredmedia":[{"embeddable":true,"href":"https:\/\/jak.fi\/es\/wp-json\/wp\/v2\/media\/8207"}],"wp:attachment":[{"href":"https:\/\/jak.fi\/es\/wp-json\/wp\/v2\/media?parent=10469"}],"wp:term":[{"taxonomy":"product_brand","embeddable":true,"href":"https:\/\/jak.fi\/es\/wp-json\/wp\/v2\/product_brand?post=10469"},{"taxonomy":"product_cat","embeddable":true,"href":"https:\/\/jak.fi\/es\/wp-json\/wp\/v2\/product_cat?post=10469"},{"taxonomy":"product_tag","embeddable":true,"href":"https:\/\/jak.fi\/es\/wp-json\/wp\/v2\/product_tag?post=10469"}],"curies":[{"name":"wp","href":"https:\/\/api.w.org\/{rel}","templated":true}]}}