{"id":16064,"date":"2025-10-10T09:04:45","date_gmt":"2025-10-10T06:04:45","guid":{"rendered":"https:\/\/jak.fi\/products\/sin%20categor\u00eda\/procesadora-de-lena-splitmate\/"},"modified":"2025-11-26T11:21:32","modified_gmt":"2025-11-26T08:21:32","slug":"procesadora-de-lena-splitmate","status":"publish","type":"product","link":"https:\/\/jak.fi\/es\/productos\/procesadora-de-lena\/procesadora-de-lena-splitmate\/","title":{"rendered":"Procesadora de le\u00f1a SplitMate"},"content":{"rendered":"<h1 class=\"mt-4\">Procesadora de le\u00f1a Splitmate<\/h1>\n<p>La SplitMate de Exator es una procesadora de le\u00f1a montada en la base y accionada hidr\u00e1ulicamente que se encarga de la carga, el corte y la divisi\u00f3n en una sola unidad, directamente desde la cabina. Compacta y f\u00e1cilmente transportable, procesa los \u00e1rboles all\u00ed donde est\u00e1n y deja caer las hojas acabadas directamente en el lugar deseado. Puede funcionar sin electricidad, con un \u00fanico sistema hidr\u00e1ulico de doble funci\u00f3n.<\/p>\n<h2>Proceso de solicitud sencillo<\/h2>\n<ol>\n<li><strong>Carga de los troncos:<\/strong> se utiliza un elevador de troncos para levantar los troncos de la pila. Se pueden levantar de uno a tres troncos a la vez sobre la procesadora de le\u00f1a para transferirlos a la mesa de alimentaci\u00f3n.<\/li>\n<li><strong>Mesa de alimentaci\u00f3n:<\/strong> mesa m\u00f3vil hidr\u00e1ulicamente con una fuerza de divisi\u00f3n de 10 toneladas.<\/li>\n<li><strong>Bloqueo y medici\u00f3n del tronco:<\/strong> el tronco se alimenta contra el tope del tronco, que se ajusta al tama\u00f1o de le\u00f1a deseado. Cuando se baja la pata de agarre, se puede retirar la mesa de alimentaci\u00f3n.<\/li>\n<li><strong>Corte:<\/strong> el tronco se sierra a la longitud especificada (di\u00e1metro m\u00e1ximo de corte 400 mm). Los troncos se sujetan firmemente con un grillete de agarre durante la fase de aserrado. Para troncos largos, se proporciona un soporte ajustable.<\/li>\n<li><strong>Dividir:<\/strong> el \u00e1rbol cortado cae en la canaleta de divisi\u00f3n, y el siguiente movimiento de alimentaci\u00f3n lo divide hidr\u00e1ulicamente. La rueda de divisi\u00f3n es intercambiable en 2, 4 \u00f3 6 secciones.<\/li>\n<\/ol>\n<p>&nbsp;<\/p>\n<div class=\"wp-block-columns product-columns is-layout-flex wp-container-core-columns-is-layout-9d6595d7 wp-block-columns-is-layout-flex\">\n<div class=\"wp-block-column is-layout-flow wp-block-column-is-layout-flow\">\n<div class=\"wp-block-columns is-not-stacked-on-mobile is-layout-flex wp-container-core-columns-is-layout-9d6595d7 wp-block-columns-is-layout-flex\">\n<div class=\"wp-block-column is-layout-flow wp-block-column-is-layout-flow\">\n<h2 class=\"wp-block-heading mt-0 has-medium-font-size\">Flujo de trabajo compacto con un solo usuario<\/h2>\n<p>La procesadora de le\u00f1a Exator SplitMate combina tres operaciones en una sola m\u00e1quina: la carga, el corte y la divisi\u00f3n los realiza f\u00e1cilmente un solo operario, directamente desde la cabina.<\/p>\n<\/div>\n<\/div>\n<\/div>\n<div class=\"wp-block-column is-layout-flow wp-block-column-is-layout-flow\">\n<div class=\"wp-block-columns is-not-stacked-on-mobile is-layout-flex wp-container-core-columns-is-layout-9d6595d7 wp-block-columns-is-layout-flex\">\n<div class=\"wp-block-column is-layout-flow wp-block-column-is-layout-flow\">\n<h2 class=\"wp-block-heading mt-0 has-medium-font-size\">F\u00e1cil despliegue<\/h2>\n<p>Se conecta y desconecta r\u00e1pidamente: sin complicadas configuraciones, en pocos minutos est\u00e1s listo para trabajar. La procesadora de le\u00f1a Exator funciona con un \u00fanico sistema hidr\u00e1ulico de doble acci\u00f3n, sin electricidad.<\/p>\n<\/div>\n<\/div>\n<\/div>\n<\/div>\n<div class=\"wp-block-columns product-columns is-layout-flex wp-container-core-columns-is-layout-9d6595d7 wp-block-columns-is-layout-flex\">\n<div class=\"wp-block-column is-layout-flow wp-block-column-is-layout-flow\">\n<div class=\"wp-block-columns is-not-stacked-on-mobile is-layout-flex wp-container-core-columns-is-layout-9d6595d7 wp-block-columns-is-layout-flex\">\n<div class=\"wp-block-column is-layout-flow wp-block-column-is-layout-flow\">\n<h2 class=\"wp-block-heading mt-0 has-medium-font-size\">Trabaja donde est\u00e1n los \u00e1rboles<\/h2>\n<p>Ll\u00e9vate la procesadora de le\u00f1a al bosque y haz le\u00f1a in situ: se acab\u00f3 el pesado transporte de troncos.<\/p>\n<\/div>\n<\/div>\n<\/div>\n<div class=\"wp-block-column is-layout-flow wp-block-column-is-layout-flow\">\n<div class=\"wp-block-columns is-not-stacked-on-mobile is-layout-flex wp-container-core-columns-is-layout-9d6595d7 wp-block-columns-is-layout-flex\">\n<div class=\"wp-block-column is-layout-flow wp-block-column-is-layout-flow\">\n<h2 class=\"wp-block-heading mt-0 has-medium-font-size\">Carga eficaz y sin complicaciones<\/h2>\n<p>Procesa los \u00e1rboles directamente en el veh\u00edculo y evita manipulaciones innecesarias. Esto ahorra tiempo y esfuerzo.<\/p>\n<\/div>\n<\/div>\n<\/div>\n<\/div>\n<h3>Para m\u00e1s informaci\u00f3n, visita <a href=\"https:\/\/exator.fi\/exator-splitmate-klapikone\/\" target=\"_blank\" rel=\"noopener\">exator.fi<\/a><\/h3>\n","protected":false},"excerpt":{"rendered":"<div class=\"wp-block-columns product-columns is-layout-flex wp-container-core-columns-is-layout-9d6595d7 wp-block-columns-is-layout-flex\">\n<div class=\"wp-block-column is-layout-flow wp-block-column-is-layout-flow\">\n<div class=\"wp-block-columns is-not-stacked-on-mobile is-layout-flex wp-container-core-columns-is-layout-9d6595d7 wp-block-columns-is-layout-flex\">\n<div class=\"wp-block-column is-layout-flow wp-block-column-is-layout-flow\">\n<ul>\n<li class=\"wp-block-heading mt-0 has-medium-font-size\">Flujo de trabajo compacto con un solo usuario<\/li>\n<li>El funcionamiento es posible sin electricidad, con un sistema hidr\u00e1ulico simple de doble efecto.<\/li>\n<li class=\"wp-block-heading mt-0 has-medium-font-size\">F\u00e1cil despliegue<\/li>\n<li class=\"wp-block-heading mt-0 has-medium-font-size\">Trabaja donde est\u00e1n los \u00e1rboles<\/li>\n<\/ul>\n<\/div>\n<\/div>\n<\/div>\n<\/div>\n<div class=\"wp-block-columns product-columns is-layout-flex wp-container-core-columns-is-layout-9d6595d7 wp-block-columns-is-layout-flex\">\n<div class=\"wp-block-column is-layout-flow wp-block-column-is-layout-flow\">\n<div class=\"wp-block-columns is-not-stacked-on-mobile is-layout-flex wp-container-core-columns-is-layout-9d6595d7 wp-block-columns-is-layout-flex\"><\/div>\n<\/div>\n<\/div>\n","protected":false},"featured_media":15121,"template":"","meta":{"_acf_changed":false},"product_brand":[],"product_cat":[655],"product_tag":[],"class_list":{"0":"post-16064","1":"product","2":"type-product","3":"status-publish","4":"has-post-thumbnail","6":"product_cat-procesadora-de-lena","8":"first","9":"instock","10":"shipping-taxable","11":"product-type-simple"},"acf":[],"yoast_head":"<!-- This site is optimized with the Yoast SEO plugin v27.3 - https:\/\/yoast.com\/product\/yoast-seo-wordpress\/ -->\n<title>Procesadora de le\u00f1a SplitMate &#8211; JAK-Metalli Oy<\/title>\n<meta name=\"description\" content=\"SplitMate es una procesadora de le\u00f1a de accionamiento hidr\u00e1ulico, con base acoplada, que se encarga de la carga, el corte y la divisi\u00f3n en una sola unidad.\" \/>\n<meta name=\"robots\" content=\"index, follow, max-snippet:-1, max-image-preview:large, max-video-preview:-1\" \/>\n<link rel=\"canonical\" href=\"https:\/\/jak.fi\/es\/productos\/procesadora-de-lena\/procesadora-de-lena-splitmate\/\" \/>\n<meta property=\"og:locale\" content=\"es_ES\" \/>\n<meta property=\"og:type\" content=\"article\" \/>\n<meta property=\"og:title\" content=\"Procesadora de le\u00f1a SplitMate &#8211; JAK-Metalli Oy\" \/>\n<meta property=\"og:description\" content=\"SplitMate es una procesadora de le\u00f1a de accionamiento hidr\u00e1ulico, con base acoplada, que se encarga de la carga, el corte y la divisi\u00f3n en una sola unidad.\" \/>\n<meta property=\"og:url\" content=\"https:\/\/jak.fi\/es\/productos\/procesadora-de-lena\/procesadora-de-lena-splitmate\/\" \/>\n<meta property=\"og:site_name\" content=\"JAK-Metalli Oy\" \/>\n<meta property=\"article:publisher\" content=\"https:\/\/www.facebook.com\/jaktreeshears\" \/>\n<meta property=\"article:modified_time\" content=\"2025-11-26T08:21:32+00:00\" \/>\n<meta property=\"og:image\" content=\"https:\/\/jak.fi\/wp-content\/uploads\/2025\/10\/SplitMate-klapikone-14.jpg\" \/>\n\t<meta property=\"og:image:width\" content=\"1000\" \/>\n\t<meta property=\"og:image:height\" content=\"667\" \/>\n\t<meta property=\"og:image:type\" content=\"image\/jpeg\" \/>\n<meta name=\"twitter:card\" content=\"summary_large_image\" \/>\n<meta name=\"twitter:label1\" content=\"Tiempo de lectura\" \/>\n\t<meta name=\"twitter:data1\" content=\"3 minuto\" \/>\n<script type=\"application\/ld+json\" class=\"yoast-schema-graph\">{\"@context\":\"https:\\\/\\\/schema.org\",\"@graph\":[{\"@type\":\"WebPage\",\"@id\":\"https:\\\/\\\/jak.fi\\\/es\\\/productos\\\/procesadora-de-lena\\\/procesadora-de-lena-splitmate\\\/\",\"url\":\"https:\\\/\\\/jak.fi\\\/es\\\/productos\\\/procesadora-de-lena\\\/procesadora-de-lena-splitmate\\\/\",\"name\":\"Procesadora de le\u00f1a SplitMate &#8211; JAK-Metalli Oy\",\"isPartOf\":{\"@id\":\"https:\\\/\\\/jak.fi\\\/es\\\/#website\"},\"primaryImageOfPage\":{\"@id\":\"https:\\\/\\\/jak.fi\\\/es\\\/productos\\\/procesadora-de-lena\\\/procesadora-de-lena-splitmate\\\/#primaryimage\"},\"image\":{\"@id\":\"https:\\\/\\\/jak.fi\\\/es\\\/productos\\\/procesadora-de-lena\\\/procesadora-de-lena-splitmate\\\/#primaryimage\"},\"thumbnailUrl\":\"https:\\\/\\\/jak.fi\\\/wp-content\\\/uploads\\\/2025\\\/10\\\/SplitMate-klapikone-14.jpg\",\"datePublished\":\"2025-10-10T06:04:45+00:00\",\"dateModified\":\"2025-11-26T08:21:32+00:00\",\"description\":\"SplitMate es una procesadora de le\u00f1a de accionamiento hidr\u00e1ulico, con base acoplada, que se encarga de la carga, el corte y la divisi\u00f3n en una sola unidad.\",\"breadcrumb\":{\"@id\":\"https:\\\/\\\/jak.fi\\\/es\\\/productos\\\/procesadora-de-lena\\\/procesadora-de-lena-splitmate\\\/#breadcrumb\"},\"inLanguage\":\"es\",\"potentialAction\":[{\"@type\":\"ReadAction\",\"target\":[\"https:\\\/\\\/jak.fi\\\/es\\\/productos\\\/procesadora-de-lena\\\/procesadora-de-lena-splitmate\\\/\"]}]},{\"@type\":\"ImageObject\",\"inLanguage\":\"es\",\"@id\":\"https:\\\/\\\/jak.fi\\\/es\\\/productos\\\/procesadora-de-lena\\\/procesadora-de-lena-splitmate\\\/#primaryimage\",\"url\":\"https:\\\/\\\/jak.fi\\\/wp-content\\\/uploads\\\/2025\\\/10\\\/SplitMate-klapikone-14.jpg\",\"contentUrl\":\"https:\\\/\\\/jak.fi\\\/wp-content\\\/uploads\\\/2025\\\/10\\\/SplitMate-klapikone-14.jpg\",\"width\":1000,\"height\":667},{\"@type\":\"BreadcrumbList\",\"@id\":\"https:\\\/\\\/jak.fi\\\/es\\\/productos\\\/procesadora-de-lena\\\/procesadora-de-lena-splitmate\\\/#breadcrumb\",\"itemListElement\":[{\"@type\":\"ListItem\",\"position\":1,\"name\":\"Etusivu\",\"item\":\"https:\\\/\\\/jak.fi\\\/es\\\/\"},{\"@type\":\"ListItem\",\"position\":2,\"name\":\"Productos\",\"item\":\"https:\\\/\\\/jak.fi\\\/es\\\/productos\\\/\"},{\"@type\":\"ListItem\",\"position\":3,\"name\":\"Procesadora de le\u00f1a SplitMate\"}]},{\"@type\":\"WebSite\",\"@id\":\"https:\\\/\\\/jak.fi\\\/es\\\/#website\",\"url\":\"https:\\\/\\\/jak.fi\\\/es\\\/\",\"name\":\"JAK-Metalli Oy\",\"description\":\"\",\"publisher\":{\"@id\":\"https:\\\/\\\/jak.fi\\\/es\\\/#organization\"},\"alternateName\":\"JAK Tree shears\",\"potentialAction\":[{\"@type\":\"SearchAction\",\"target\":{\"@type\":\"EntryPoint\",\"urlTemplate\":\"https:\\\/\\\/jak.fi\\\/es\\\/?s={search_term_string}\"},\"query-input\":{\"@type\":\"PropertyValueSpecification\",\"valueRequired\":true,\"valueName\":\"search_term_string\"}}],\"inLanguage\":\"es\"},{\"@type\":\"Organization\",\"@id\":\"https:\\\/\\\/jak.fi\\\/es\\\/#organization\",\"name\":\"JAK-Metalli Oy\",\"alternateName\":\"JAK Tree shears\",\"url\":\"https:\\\/\\\/jak.fi\\\/es\\\/\",\"logo\":{\"@type\":\"ImageObject\",\"inLanguage\":\"es\",\"@id\":\"https:\\\/\\\/jak.fi\\\/es\\\/#\\\/schema\\\/logo\\\/image\\\/\",\"url\":\"https:\\\/\\\/jak.fi\\\/wp-content\\\/uploads\\\/2024\\\/09\\\/JAK-logo-696x696-1.jpg\",\"contentUrl\":\"https:\\\/\\\/jak.fi\\\/wp-content\\\/uploads\\\/2024\\\/09\\\/JAK-logo-696x696-1.jpg\",\"width\":696,\"height\":696,\"caption\":\"JAK-Metalli Oy\"},\"image\":{\"@id\":\"https:\\\/\\\/jak.fi\\\/es\\\/#\\\/schema\\\/logo\\\/image\\\/\"},\"sameAs\":[\"https:\\\/\\\/www.facebook.com\\\/jaktreeshears\",\"https:\\\/\\\/www.instagram.com\\\/jaktreeshears\\\/\",\"https:\\\/\\\/www.youtube.com\\\/channel\\\/UCAwvaVhBBkPie8MeAGbdY1w\"]}]}<\/script>\n<!-- \/ Yoast SEO plugin. -->","yoast_head_json":{"title":"Procesadora de le\u00f1a SplitMate &#8211; JAK-Metalli Oy","description":"SplitMate es una procesadora de le\u00f1a de accionamiento hidr\u00e1ulico, con base acoplada, que se encarga de la carga, el corte y la divisi\u00f3n en una sola unidad.","robots":{"index":"index","follow":"follow","max-snippet":"max-snippet:-1","max-image-preview":"max-image-preview:large","max-video-preview":"max-video-preview:-1"},"canonical":"https:\/\/jak.fi\/es\/productos\/procesadora-de-lena\/procesadora-de-lena-splitmate\/","og_locale":"es_ES","og_type":"article","og_title":"Procesadora de le\u00f1a SplitMate &#8211; JAK-Metalli Oy","og_description":"SplitMate es una procesadora de le\u00f1a de accionamiento hidr\u00e1ulico, con base acoplada, que se encarga de la carga, el corte y la divisi\u00f3n en una sola unidad.","og_url":"https:\/\/jak.fi\/es\/productos\/procesadora-de-lena\/procesadora-de-lena-splitmate\/","og_site_name":"JAK-Metalli Oy","article_publisher":"https:\/\/www.facebook.com\/jaktreeshears","article_modified_time":"2025-11-26T08:21:32+00:00","og_image":[{"width":1000,"height":667,"url":"https:\/\/jak.fi\/wp-content\/uploads\/2025\/10\/SplitMate-klapikone-14.jpg","type":"image\/jpeg"}],"twitter_card":"summary_large_image","twitter_misc":{"Tiempo de lectura":"3 minuto"},"schema":{"@context":"https:\/\/schema.org","@graph":[{"@type":"WebPage","@id":"https:\/\/jak.fi\/es\/productos\/procesadora-de-lena\/procesadora-de-lena-splitmate\/","url":"https:\/\/jak.fi\/es\/productos\/procesadora-de-lena\/procesadora-de-lena-splitmate\/","name":"Procesadora de le\u00f1a SplitMate &#8211; JAK-Metalli Oy","isPartOf":{"@id":"https:\/\/jak.fi\/es\/#website"},"primaryImageOfPage":{"@id":"https:\/\/jak.fi\/es\/productos\/procesadora-de-lena\/procesadora-de-lena-splitmate\/#primaryimage"},"image":{"@id":"https:\/\/jak.fi\/es\/productos\/procesadora-de-lena\/procesadora-de-lena-splitmate\/#primaryimage"},"thumbnailUrl":"https:\/\/jak.fi\/wp-content\/uploads\/2025\/10\/SplitMate-klapikone-14.jpg","datePublished":"2025-10-10T06:04:45+00:00","dateModified":"2025-11-26T08:21:32+00:00","description":"SplitMate es una procesadora de le\u00f1a de accionamiento hidr\u00e1ulico, con base acoplada, que se encarga de la carga, el corte y la divisi\u00f3n en una sola unidad.","breadcrumb":{"@id":"https:\/\/jak.fi\/es\/productos\/procesadora-de-lena\/procesadora-de-lena-splitmate\/#breadcrumb"},"inLanguage":"es","potentialAction":[{"@type":"ReadAction","target":["https:\/\/jak.fi\/es\/productos\/procesadora-de-lena\/procesadora-de-lena-splitmate\/"]}]},{"@type":"ImageObject","inLanguage":"es","@id":"https:\/\/jak.fi\/es\/productos\/procesadora-de-lena\/procesadora-de-lena-splitmate\/#primaryimage","url":"https:\/\/jak.fi\/wp-content\/uploads\/2025\/10\/SplitMate-klapikone-14.jpg","contentUrl":"https:\/\/jak.fi\/wp-content\/uploads\/2025\/10\/SplitMate-klapikone-14.jpg","width":1000,"height":667},{"@type":"BreadcrumbList","@id":"https:\/\/jak.fi\/es\/productos\/procesadora-de-lena\/procesadora-de-lena-splitmate\/#breadcrumb","itemListElement":[{"@type":"ListItem","position":1,"name":"Etusivu","item":"https:\/\/jak.fi\/es\/"},{"@type":"ListItem","position":2,"name":"Productos","item":"https:\/\/jak.fi\/es\/productos\/"},{"@type":"ListItem","position":3,"name":"Procesadora de le\u00f1a SplitMate"}]},{"@type":"WebSite","@id":"https:\/\/jak.fi\/es\/#website","url":"https:\/\/jak.fi\/es\/","name":"JAK-Metalli Oy","description":"","publisher":{"@id":"https:\/\/jak.fi\/es\/#organization"},"alternateName":"JAK Tree shears","potentialAction":[{"@type":"SearchAction","target":{"@type":"EntryPoint","urlTemplate":"https:\/\/jak.fi\/es\/?s={search_term_string}"},"query-input":{"@type":"PropertyValueSpecification","valueRequired":true,"valueName":"search_term_string"}}],"inLanguage":"es"},{"@type":"Organization","@id":"https:\/\/jak.fi\/es\/#organization","name":"JAK-Metalli Oy","alternateName":"JAK Tree shears","url":"https:\/\/jak.fi\/es\/","logo":{"@type":"ImageObject","inLanguage":"es","@id":"https:\/\/jak.fi\/es\/#\/schema\/logo\/image\/","url":"https:\/\/jak.fi\/wp-content\/uploads\/2024\/09\/JAK-logo-696x696-1.jpg","contentUrl":"https:\/\/jak.fi\/wp-content\/uploads\/2024\/09\/JAK-logo-696x696-1.jpg","width":696,"height":696,"caption":"JAK-Metalli Oy"},"image":{"@id":"https:\/\/jak.fi\/es\/#\/schema\/logo\/image\/"},"sameAs":["https:\/\/www.facebook.com\/jaktreeshears","https:\/\/www.instagram.com\/jaktreeshears\/","https:\/\/www.youtube.com\/channel\/UCAwvaVhBBkPie8MeAGbdY1w"]}]}},"_links":{"self":[{"href":"https:\/\/jak.fi\/es\/wp-json\/wp\/v2\/product\/16064","targetHints":{"allow":["GET"]}}],"collection":[{"href":"https:\/\/jak.fi\/es\/wp-json\/wp\/v2\/product"}],"about":[{"href":"https:\/\/jak.fi\/es\/wp-json\/wp\/v2\/types\/product"}],"wp:featuredmedia":[{"embeddable":true,"href":"https:\/\/jak.fi\/es\/wp-json\/wp\/v2\/media\/15121"}],"wp:attachment":[{"href":"https:\/\/jak.fi\/es\/wp-json\/wp\/v2\/media?parent=16064"}],"wp:term":[{"taxonomy":"product_brand","embeddable":true,"href":"https:\/\/jak.fi\/es\/wp-json\/wp\/v2\/product_brand?post=16064"},{"taxonomy":"product_cat","embeddable":true,"href":"https:\/\/jak.fi\/es\/wp-json\/wp\/v2\/product_cat?post=16064"},{"taxonomy":"product_tag","embeddable":true,"href":"https:\/\/jak.fi\/es\/wp-json\/wp\/v2\/product_tag?post=16064"}],"curies":[{"name":"wp","href":"https:\/\/api.w.org\/{rel}","templated":true}]}}