{"id":4796,"date":"2024-05-28T10:08:25","date_gmt":"2024-05-28T07:08:25","guid":{"rendered":"https:\/\/jak.fi\/products\/sin%20categor\u00eda\/cargador-y-alcanzador-trasero\/"},"modified":"2025-04-11T15:50:30","modified_gmt":"2025-04-11T12:50:30","slug":"cargador-y-alcanzador-trasero","status":"publish","type":"product","link":"https:\/\/jak.fi\/es\/productos\/accesorios-para-cucharas-de-energia\/cargador-y-alcanzador-trasero\/","title":{"rendered":"Cargador y manipulador telesc\u00f3pico trasero"},"content":{"rendered":"<p>La pieza de cola para cargadora y manipuladora telesc\u00f3pica es un accesorio para los modelos JAK de pinza de energ\u00eda de la serie R, que permite acoplar la pinza de energ\u00eda a varias cargadoras y manipuladoras telesc\u00f3picas. La pieza de cola para cargadora de ruedas y manipulador telesc\u00f3pico est\u00e1 disponible en tres tama\u00f1os diferentes, seg\u00fan el tama\u00f1o y la finalidad de la m\u00e1quina. <\/p>\n<p>El funcionamiento de la cuchara de energ\u00eda y la popa tambi\u00e9n est\u00e1 dise\u00f1ado para que, en caso necesario, la popa pueda cambiarse a otro tipo de m\u00e1quina con poco esfuerzo. Cambiando la parte trasera de la cuchara, las cizallas para \u00e1rboles de la serie R tambi\u00e9n pueden utilizarse, por ejemplo, en excavadoras. <\/p>\n","protected":false},"excerpt":{"rendered":"<p>La pieza de cola para cargadora y manipuladora telesc\u00f3pica es un accesorio para los modelos JAK de pinza de energ\u00eda de la serie R, que permite acoplar la pinza de energ\u00eda a varias cargadoras y manipuladoras telesc\u00f3picas. La pieza de cola para cargadora de ruedas y manipulador telesc\u00f3pico est\u00e1 disponible en tres tama\u00f1os diferentes, seg\u00fan [&hellip;]<\/p>\n","protected":false},"featured_media":4798,"template":"","meta":{"_acf_changed":false},"product_brand":[],"product_cat":[581],"product_tag":[],"class_list":{"0":"post-4796","1":"product","2":"type-product","3":"status-publish","4":"has-post-thumbnail","6":"product_cat-accesorios-para-cucharas-de-energia","8":"first","9":"instock","10":"shipping-taxable","11":"product-type-simple"},"acf":[],"yoast_head":"<!-- This site is optimized with the Yoast SEO plugin v27.2 - https:\/\/yoast.com\/product\/yoast-seo-wordpress\/ -->\n<title>Cargador y manipulador telesc\u00f3pico trasero &#8211; JAK-Metalli Oy<\/title>\n<meta name=\"description\" content=\"El funcionamiento de la cizallas para \u00e1rboles y la popa est\u00e1 dise\u00f1ado para que t\u00fa mismo puedas cambiar la popa por otro tipo de m\u00e1quina si es necesario.\" \/>\n<meta name=\"robots\" content=\"index, follow, max-snippet:-1, max-image-preview:large, max-video-preview:-1\" \/>\n<link rel=\"canonical\" href=\"https:\/\/jak.fi\/es\/productos\/accesorios-para-cucharas-de-energia\/cargador-y-alcanzador-trasero\/\" \/>\n<meta property=\"og:locale\" content=\"es_ES\" \/>\n<meta property=\"og:type\" content=\"article\" \/>\n<meta property=\"og:title\" content=\"Cargador y manipulador telesc\u00f3pico trasero &#8211; JAK-Metalli Oy\" \/>\n<meta property=\"og:description\" content=\"El funcionamiento de la cizallas para \u00e1rboles y la popa est\u00e1 dise\u00f1ado para que t\u00fa mismo puedas cambiar la popa por otro tipo de m\u00e1quina si es necesario.\" \/>\n<meta property=\"og:url\" content=\"https:\/\/jak.fi\/es\/productos\/accesorios-para-cucharas-de-energia\/cargador-y-alcanzador-trasero\/\" \/>\n<meta property=\"og:site_name\" content=\"JAK-Metalli Oy\" \/>\n<meta property=\"article:publisher\" content=\"https:\/\/www.facebook.com\/jaktreeshears\" \/>\n<meta property=\"article:modified_time\" content=\"2025-04-11T12:50:30+00:00\" \/>\n<meta property=\"og:image\" content=\"https:\/\/jak.fi\/wp-content\/uploads\/2024\/05\/tree-shear-multimount-adapter.png\" \/>\n\t<meta property=\"og:image:width\" content=\"1000\" \/>\n\t<meta property=\"og:image:height\" content=\"666\" \/>\n\t<meta property=\"og:image:type\" content=\"image\/png\" \/>\n<meta name=\"twitter:card\" content=\"summary_large_image\" \/>\n<meta name=\"twitter:label1\" content=\"Tiempo de lectura\" \/>\n\t<meta name=\"twitter:data1\" content=\"1 minuto\" \/>\n<script type=\"application\/ld+json\" class=\"yoast-schema-graph\">{\"@context\":\"https:\/\/schema.org\",\"@graph\":[{\"@type\":\"WebPage\",\"@id\":\"https:\/\/jak.fi\/es\/productos\/accesorios-para-cucharas-de-energia\/cargador-y-alcanzador-trasero\/\",\"url\":\"https:\/\/jak.fi\/es\/productos\/accesorios-para-cucharas-de-energia\/cargador-y-alcanzador-trasero\/\",\"name\":\"Cargador y manipulador telesc\u00f3pico trasero &#8211; JAK-Metalli Oy\",\"isPartOf\":{\"@id\":\"https:\/\/jak.fi\/es\/#website\"},\"primaryImageOfPage\":{\"@id\":\"https:\/\/jak.fi\/es\/productos\/accesorios-para-cucharas-de-energia\/cargador-y-alcanzador-trasero\/#primaryimage\"},\"image\":{\"@id\":\"https:\/\/jak.fi\/es\/productos\/accesorios-para-cucharas-de-energia\/cargador-y-alcanzador-trasero\/#primaryimage\"},\"thumbnailUrl\":\"https:\/\/jak.fi\/wp-content\/uploads\/2024\/05\/tree-shear-multimount-adapter.png\",\"datePublished\":\"2024-05-28T07:08:25+00:00\",\"dateModified\":\"2025-04-11T12:50:30+00:00\",\"description\":\"El funcionamiento de la cizallas para \u00e1rboles y la popa est\u00e1 dise\u00f1ado para que t\u00fa mismo puedas cambiar la popa por otro tipo de m\u00e1quina si es necesario.\",\"breadcrumb\":{\"@id\":\"https:\/\/jak.fi\/es\/productos\/accesorios-para-cucharas-de-energia\/cargador-y-alcanzador-trasero\/#breadcrumb\"},\"inLanguage\":\"es\",\"potentialAction\":[{\"@type\":\"ReadAction\",\"target\":[\"https:\/\/jak.fi\/es\/productos\/accesorios-para-cucharas-de-energia\/cargador-y-alcanzador-trasero\/\"]}]},{\"@type\":\"ImageObject\",\"inLanguage\":\"es\",\"@id\":\"https:\/\/jak.fi\/es\/productos\/accesorios-para-cucharas-de-energia\/cargador-y-alcanzador-trasero\/#primaryimage\",\"url\":\"https:\/\/jak.fi\/wp-content\/uploads\/2024\/05\/tree-shear-multimount-adapter.png\",\"contentUrl\":\"https:\/\/jak.fi\/wp-content\/uploads\/2024\/05\/tree-shear-multimount-adapter.png\",\"width\":1000,\"height\":666,\"caption\":\"Cizallas para \u00e1rboles para cargadora\"},{\"@type\":\"BreadcrumbList\",\"@id\":\"https:\/\/jak.fi\/es\/productos\/accesorios-para-cucharas-de-energia\/cargador-y-alcanzador-trasero\/#breadcrumb\",\"itemListElement\":[{\"@type\":\"ListItem\",\"position\":1,\"name\":\"Etusivu\",\"item\":\"https:\/\/jak.fi\/es\/\"},{\"@type\":\"ListItem\",\"position\":2,\"name\":\"Productos\",\"item\":\"https:\/\/jak.fi\/es\/productos\/\"},{\"@type\":\"ListItem\",\"position\":3,\"name\":\"Cargador y manipulador telesc\u00f3pico trasero\"}]},{\"@type\":\"WebSite\",\"@id\":\"https:\/\/jak.fi\/es\/#website\",\"url\":\"https:\/\/jak.fi\/es\/\",\"name\":\"JAK-Metalli Oy\",\"description\":\"\",\"publisher\":{\"@id\":\"https:\/\/jak.fi\/es\/#organization\"},\"alternateName\":\"JAK Tree shears\",\"potentialAction\":[{\"@type\":\"SearchAction\",\"target\":{\"@type\":\"EntryPoint\",\"urlTemplate\":\"https:\/\/jak.fi\/es\/?s={search_term_string}\"},\"query-input\":{\"@type\":\"PropertyValueSpecification\",\"valueRequired\":true,\"valueName\":\"search_term_string\"}}],\"inLanguage\":\"es\"},{\"@type\":\"Organization\",\"@id\":\"https:\/\/jak.fi\/es\/#organization\",\"name\":\"JAK-Metalli Oy\",\"alternateName\":\"JAK Tree shears\",\"url\":\"https:\/\/jak.fi\/es\/\",\"logo\":{\"@type\":\"ImageObject\",\"inLanguage\":\"es\",\"@id\":\"https:\/\/jak.fi\/es\/#\/schema\/logo\/image\/\",\"url\":\"https:\/\/jak.fi\/wp-content\/uploads\/2024\/09\/JAK-logo-696x696-1.jpg\",\"contentUrl\":\"https:\/\/jak.fi\/wp-content\/uploads\/2024\/09\/JAK-logo-696x696-1.jpg\",\"width\":696,\"height\":696,\"caption\":\"JAK-Metalli Oy\"},\"image\":{\"@id\":\"https:\/\/jak.fi\/es\/#\/schema\/logo\/image\/\"},\"sameAs\":[\"https:\/\/www.facebook.com\/jaktreeshears\",\"https:\/\/www.instagram.com\/jaktreeshears\/\",\"https:\/\/www.youtube.com\/channel\/UCAwvaVhBBkPie8MeAGbdY1w\"]}]}<\/script>\n<!-- \/ Yoast SEO plugin. -->","yoast_head_json":{"title":"Cargador y manipulador telesc\u00f3pico trasero &#8211; JAK-Metalli Oy","description":"El funcionamiento de la cizallas para \u00e1rboles y la popa est\u00e1 dise\u00f1ado para que t\u00fa mismo puedas cambiar la popa por otro tipo de m\u00e1quina si es necesario.","robots":{"index":"index","follow":"follow","max-snippet":"max-snippet:-1","max-image-preview":"max-image-preview:large","max-video-preview":"max-video-preview:-1"},"canonical":"https:\/\/jak.fi\/es\/productos\/accesorios-para-cucharas-de-energia\/cargador-y-alcanzador-trasero\/","og_locale":"es_ES","og_type":"article","og_title":"Cargador y manipulador telesc\u00f3pico trasero &#8211; JAK-Metalli Oy","og_description":"El funcionamiento de la cizallas para \u00e1rboles y la popa est\u00e1 dise\u00f1ado para que t\u00fa mismo puedas cambiar la popa por otro tipo de m\u00e1quina si es necesario.","og_url":"https:\/\/jak.fi\/es\/productos\/accesorios-para-cucharas-de-energia\/cargador-y-alcanzador-trasero\/","og_site_name":"JAK-Metalli Oy","article_publisher":"https:\/\/www.facebook.com\/jaktreeshears","article_modified_time":"2025-04-11T12:50:30+00:00","og_image":[{"width":1000,"height":666,"url":"https:\/\/jak.fi\/wp-content\/uploads\/2024\/05\/tree-shear-multimount-adapter.png","type":"image\/png"}],"twitter_card":"summary_large_image","twitter_misc":{"Tiempo de lectura":"1 minuto"},"schema":{"@context":"https:\/\/schema.org","@graph":[{"@type":"WebPage","@id":"https:\/\/jak.fi\/es\/productos\/accesorios-para-cucharas-de-energia\/cargador-y-alcanzador-trasero\/","url":"https:\/\/jak.fi\/es\/productos\/accesorios-para-cucharas-de-energia\/cargador-y-alcanzador-trasero\/","name":"Cargador y manipulador telesc\u00f3pico trasero &#8211; JAK-Metalli Oy","isPartOf":{"@id":"https:\/\/jak.fi\/es\/#website"},"primaryImageOfPage":{"@id":"https:\/\/jak.fi\/es\/productos\/accesorios-para-cucharas-de-energia\/cargador-y-alcanzador-trasero\/#primaryimage"},"image":{"@id":"https:\/\/jak.fi\/es\/productos\/accesorios-para-cucharas-de-energia\/cargador-y-alcanzador-trasero\/#primaryimage"},"thumbnailUrl":"https:\/\/jak.fi\/wp-content\/uploads\/2024\/05\/tree-shear-multimount-adapter.png","datePublished":"2024-05-28T07:08:25+00:00","dateModified":"2025-04-11T12:50:30+00:00","description":"El funcionamiento de la cizallas para \u00e1rboles y la popa est\u00e1 dise\u00f1ado para que t\u00fa mismo puedas cambiar la popa por otro tipo de m\u00e1quina si es necesario.","breadcrumb":{"@id":"https:\/\/jak.fi\/es\/productos\/accesorios-para-cucharas-de-energia\/cargador-y-alcanzador-trasero\/#breadcrumb"},"inLanguage":"es","potentialAction":[{"@type":"ReadAction","target":["https:\/\/jak.fi\/es\/productos\/accesorios-para-cucharas-de-energia\/cargador-y-alcanzador-trasero\/"]}]},{"@type":"ImageObject","inLanguage":"es","@id":"https:\/\/jak.fi\/es\/productos\/accesorios-para-cucharas-de-energia\/cargador-y-alcanzador-trasero\/#primaryimage","url":"https:\/\/jak.fi\/wp-content\/uploads\/2024\/05\/tree-shear-multimount-adapter.png","contentUrl":"https:\/\/jak.fi\/wp-content\/uploads\/2024\/05\/tree-shear-multimount-adapter.png","width":1000,"height":666,"caption":"Cizallas para \u00e1rboles para cargadora"},{"@type":"BreadcrumbList","@id":"https:\/\/jak.fi\/es\/productos\/accesorios-para-cucharas-de-energia\/cargador-y-alcanzador-trasero\/#breadcrumb","itemListElement":[{"@type":"ListItem","position":1,"name":"Etusivu","item":"https:\/\/jak.fi\/es\/"},{"@type":"ListItem","position":2,"name":"Productos","item":"https:\/\/jak.fi\/es\/productos\/"},{"@type":"ListItem","position":3,"name":"Cargador y manipulador telesc\u00f3pico trasero"}]},{"@type":"WebSite","@id":"https:\/\/jak.fi\/es\/#website","url":"https:\/\/jak.fi\/es\/","name":"JAK-Metalli Oy","description":"","publisher":{"@id":"https:\/\/jak.fi\/es\/#organization"},"alternateName":"JAK Tree shears","potentialAction":[{"@type":"SearchAction","target":{"@type":"EntryPoint","urlTemplate":"https:\/\/jak.fi\/es\/?s={search_term_string}"},"query-input":{"@type":"PropertyValueSpecification","valueRequired":true,"valueName":"search_term_string"}}],"inLanguage":"es"},{"@type":"Organization","@id":"https:\/\/jak.fi\/es\/#organization","name":"JAK-Metalli Oy","alternateName":"JAK Tree shears","url":"https:\/\/jak.fi\/es\/","logo":{"@type":"ImageObject","inLanguage":"es","@id":"https:\/\/jak.fi\/es\/#\/schema\/logo\/image\/","url":"https:\/\/jak.fi\/wp-content\/uploads\/2024\/09\/JAK-logo-696x696-1.jpg","contentUrl":"https:\/\/jak.fi\/wp-content\/uploads\/2024\/09\/JAK-logo-696x696-1.jpg","width":696,"height":696,"caption":"JAK-Metalli Oy"},"image":{"@id":"https:\/\/jak.fi\/es\/#\/schema\/logo\/image\/"},"sameAs":["https:\/\/www.facebook.com\/jaktreeshears","https:\/\/www.instagram.com\/jaktreeshears\/","https:\/\/www.youtube.com\/channel\/UCAwvaVhBBkPie8MeAGbdY1w"]}]}},"_links":{"self":[{"href":"https:\/\/jak.fi\/es\/wp-json\/wp\/v2\/product\/4796","targetHints":{"allow":["GET"]}}],"collection":[{"href":"https:\/\/jak.fi\/es\/wp-json\/wp\/v2\/product"}],"about":[{"href":"https:\/\/jak.fi\/es\/wp-json\/wp\/v2\/types\/product"}],"wp:featuredmedia":[{"embeddable":true,"href":"https:\/\/jak.fi\/es\/wp-json\/wp\/v2\/media\/4798"}],"wp:attachment":[{"href":"https:\/\/jak.fi\/es\/wp-json\/wp\/v2\/media?parent=4796"}],"wp:term":[{"taxonomy":"product_brand","embeddable":true,"href":"https:\/\/jak.fi\/es\/wp-json\/wp\/v2\/product_brand?post=4796"},{"taxonomy":"product_cat","embeddable":true,"href":"https:\/\/jak.fi\/es\/wp-json\/wp\/v2\/product_cat?post=4796"},{"taxonomy":"product_tag","embeddable":true,"href":"https:\/\/jak.fi\/es\/wp-json\/wp\/v2\/product_tag?post=4796"}],"curies":[{"name":"wp","href":"https:\/\/api.w.org\/{rel}","templated":true}]}}