{"id":4825,"date":"2024-05-28T10:11:47","date_gmt":"2024-05-28T07:11:47","guid":{"rendered":"https:\/\/jak.fi\/products\/sin%20categor\u00eda\/trabajar-la-barbilla-con-tres-dedos\/"},"modified":"2025-04-11T15:50:07","modified_gmt":"2025-04-11T12:50:07","slug":"trabajar-la-barbilla-con-tres-dedos","status":"publish","type":"product","link":"https:\/\/jak.fi\/es\/productos\/accesorios-para-cucharas-de-energia\/trabajar-la-barbilla-con-tres-dedos\/","title":{"rendered":"Trabajar la barbilla con tres dedos"},"content":{"rendered":"<p>Las cizallas para \u00e1rboles JAK est\u00e1n disponibles con una mordaza est\u00e1ndar de dos dedos o, alternativamente, con una mordaza de tres dedos, seg\u00fan las necesidades del cliente. La mordaza de tres dedos proporciona un agarre m\u00e1s firme de la madera que se va a cortar, mejorando la seguridad y la precisi\u00f3n de la pinza. <\/p>\n","protected":false},"excerpt":{"rendered":"<p>Las cizallas para \u00e1rboles JAK est\u00e1n disponibles con una mordaza est\u00e1ndar de dos dedos o, alternativamente, con una mordaza de tres dedos, seg\u00fan las necesidades del cliente. La mordaza de tres dedos proporciona un agarre m\u00e1s firme de la madera que se va a cortar, mejorando la seguridad y la precisi\u00f3n de la pinza.<\/p>\n","protected":false},"featured_media":4833,"template":"","meta":{"_acf_changed":false},"product_brand":[],"product_cat":[581],"product_tag":[],"class_list":{"0":"post-4825","1":"product","2":"type-product","3":"status-publish","4":"has-post-thumbnail","6":"product_cat-accesorios-para-cucharas-de-energia","8":"first","9":"instock","10":"shipping-taxable","11":"product-type-simple"},"acf":[],"yoast_head":"<!-- This site is optimized with the Yoast SEO plugin v27.3 - https:\/\/yoast.com\/product\/yoast-seo-wordpress\/ -->\n<title>Trabajar la barbilla con tres dedos &#8211; JAK-Metalli Oy<\/title>\n<meta name=\"description\" content=\"La mordaza de trabajo de tres dedos JAK mejora el agarre de las cizallas para \u00e1rboles, haciendo que la manipulaci\u00f3n de la madera sea m\u00e1s precisa y eficaz. Disponible para diferentes modelos.\" \/>\n<meta name=\"robots\" content=\"index, follow, max-snippet:-1, max-image-preview:large, max-video-preview:-1\" \/>\n<link rel=\"canonical\" href=\"https:\/\/jak.fi\/es\/productos\/accesorios-para-cucharas-de-energia\/trabajar-la-barbilla-con-tres-dedos\/\" \/>\n<meta property=\"og:locale\" content=\"es_ES\" \/>\n<meta property=\"og:type\" content=\"article\" \/>\n<meta property=\"og:title\" content=\"Trabajar la barbilla con tres dedos &#8211; JAK-Metalli Oy\" \/>\n<meta property=\"og:description\" content=\"La mordaza de trabajo de tres dedos JAK mejora el agarre de las cizallas para \u00e1rboles, haciendo que la manipulaci\u00f3n de la madera sea m\u00e1s precisa y eficaz. Disponible para diferentes modelos.\" \/>\n<meta property=\"og:url\" content=\"https:\/\/jak.fi\/es\/productos\/accesorios-para-cucharas-de-energia\/trabajar-la-barbilla-con-tres-dedos\/\" \/>\n<meta property=\"og:site_name\" content=\"JAK-Metalli Oy\" \/>\n<meta property=\"article:publisher\" content=\"https:\/\/www.facebook.com\/jaktreeshears\" \/>\n<meta property=\"article:modified_time\" content=\"2025-04-11T12:50:07+00:00\" \/>\n<meta property=\"og:image\" content=\"https:\/\/jak.fi\/wp-content\/uploads\/2024\/05\/three-finger-work-jaw03.png\" \/>\n\t<meta property=\"og:image:width\" content=\"1000\" \/>\n\t<meta property=\"og:image:height\" content=\"1000\" \/>\n\t<meta property=\"og:image:type\" content=\"image\/png\" \/>\n<meta name=\"twitter:card\" content=\"summary_large_image\" \/>\n<script type=\"application\/ld+json\" class=\"yoast-schema-graph\">{\"@context\":\"https:\\\/\\\/schema.org\",\"@graph\":[{\"@type\":\"WebPage\",\"@id\":\"https:\\\/\\\/jak.fi\\\/es\\\/productos\\\/accesorios-para-cucharas-de-energia\\\/trabajar-la-barbilla-con-tres-dedos\\\/\",\"url\":\"https:\\\/\\\/jak.fi\\\/es\\\/productos\\\/accesorios-para-cucharas-de-energia\\\/trabajar-la-barbilla-con-tres-dedos\\\/\",\"name\":\"Trabajar la barbilla con tres dedos &#8211; JAK-Metalli Oy\",\"isPartOf\":{\"@id\":\"https:\\\/\\\/jak.fi\\\/es\\\/#website\"},\"primaryImageOfPage\":{\"@id\":\"https:\\\/\\\/jak.fi\\\/es\\\/productos\\\/accesorios-para-cucharas-de-energia\\\/trabajar-la-barbilla-con-tres-dedos\\\/#primaryimage\"},\"image\":{\"@id\":\"https:\\\/\\\/jak.fi\\\/es\\\/productos\\\/accesorios-para-cucharas-de-energia\\\/trabajar-la-barbilla-con-tres-dedos\\\/#primaryimage\"},\"thumbnailUrl\":\"https:\\\/\\\/jak.fi\\\/wp-content\\\/uploads\\\/2024\\\/05\\\/three-finger-work-jaw03.png\",\"datePublished\":\"2024-05-28T07:11:47+00:00\",\"dateModified\":\"2025-04-11T12:50:07+00:00\",\"description\":\"La mordaza de trabajo de tres dedos JAK mejora el agarre de las cizallas para \u00e1rboles, haciendo que la manipulaci\u00f3n de la madera sea m\u00e1s precisa y eficaz. Disponible para diferentes modelos.\",\"breadcrumb\":{\"@id\":\"https:\\\/\\\/jak.fi\\\/es\\\/productos\\\/accesorios-para-cucharas-de-energia\\\/trabajar-la-barbilla-con-tres-dedos\\\/#breadcrumb\"},\"inLanguage\":\"es\",\"potentialAction\":[{\"@type\":\"ReadAction\",\"target\":[\"https:\\\/\\\/jak.fi\\\/es\\\/productos\\\/accesorios-para-cucharas-de-energia\\\/trabajar-la-barbilla-con-tres-dedos\\\/\"]}]},{\"@type\":\"ImageObject\",\"inLanguage\":\"es\",\"@id\":\"https:\\\/\\\/jak.fi\\\/es\\\/productos\\\/accesorios-para-cucharas-de-energia\\\/trabajar-la-barbilla-con-tres-dedos\\\/#primaryimage\",\"url\":\"https:\\\/\\\/jak.fi\\\/wp-content\\\/uploads\\\/2024\\\/05\\\/three-finger-work-jaw03.png\",\"contentUrl\":\"https:\\\/\\\/jak.fi\\\/wp-content\\\/uploads\\\/2024\\\/05\\\/three-finger-work-jaw03.png\",\"width\":1000,\"height\":1000,\"caption\":\"Cizallas para \u00e1rboles con tres dedos.\"},{\"@type\":\"BreadcrumbList\",\"@id\":\"https:\\\/\\\/jak.fi\\\/es\\\/productos\\\/accesorios-para-cucharas-de-energia\\\/trabajar-la-barbilla-con-tres-dedos\\\/#breadcrumb\",\"itemListElement\":[{\"@type\":\"ListItem\",\"position\":1,\"name\":\"Etusivu\",\"item\":\"https:\\\/\\\/jak.fi\\\/es\\\/\"},{\"@type\":\"ListItem\",\"position\":2,\"name\":\"Productos\",\"item\":\"https:\\\/\\\/jak.fi\\\/es\\\/productos\\\/\"},{\"@type\":\"ListItem\",\"position\":3,\"name\":\"Trabajar la barbilla con tres dedos\"}]},{\"@type\":\"WebSite\",\"@id\":\"https:\\\/\\\/jak.fi\\\/es\\\/#website\",\"url\":\"https:\\\/\\\/jak.fi\\\/es\\\/\",\"name\":\"JAK-Metalli Oy\",\"description\":\"\",\"publisher\":{\"@id\":\"https:\\\/\\\/jak.fi\\\/es\\\/#organization\"},\"alternateName\":\"JAK Tree shears\",\"potentialAction\":[{\"@type\":\"SearchAction\",\"target\":{\"@type\":\"EntryPoint\",\"urlTemplate\":\"https:\\\/\\\/jak.fi\\\/es\\\/?s={search_term_string}\"},\"query-input\":{\"@type\":\"PropertyValueSpecification\",\"valueRequired\":true,\"valueName\":\"search_term_string\"}}],\"inLanguage\":\"es\"},{\"@type\":\"Organization\",\"@id\":\"https:\\\/\\\/jak.fi\\\/es\\\/#organization\",\"name\":\"JAK-Metalli Oy\",\"alternateName\":\"JAK Tree shears\",\"url\":\"https:\\\/\\\/jak.fi\\\/es\\\/\",\"logo\":{\"@type\":\"ImageObject\",\"inLanguage\":\"es\",\"@id\":\"https:\\\/\\\/jak.fi\\\/es\\\/#\\\/schema\\\/logo\\\/image\\\/\",\"url\":\"https:\\\/\\\/jak.fi\\\/wp-content\\\/uploads\\\/2024\\\/09\\\/JAK-logo-696x696-1.jpg\",\"contentUrl\":\"https:\\\/\\\/jak.fi\\\/wp-content\\\/uploads\\\/2024\\\/09\\\/JAK-logo-696x696-1.jpg\",\"width\":696,\"height\":696,\"caption\":\"JAK-Metalli Oy\"},\"image\":{\"@id\":\"https:\\\/\\\/jak.fi\\\/es\\\/#\\\/schema\\\/logo\\\/image\\\/\"},\"sameAs\":[\"https:\\\/\\\/www.facebook.com\\\/jaktreeshears\",\"https:\\\/\\\/www.instagram.com\\\/jaktreeshears\\\/\",\"https:\\\/\\\/www.youtube.com\\\/channel\\\/UCAwvaVhBBkPie8MeAGbdY1w\"]}]}<\/script>\n<!-- \/ Yoast SEO plugin. -->","yoast_head_json":{"title":"Trabajar la barbilla con tres dedos &#8211; JAK-Metalli Oy","description":"La mordaza de trabajo de tres dedos JAK mejora el agarre de las cizallas para \u00e1rboles, haciendo que la manipulaci\u00f3n de la madera sea m\u00e1s precisa y eficaz. Disponible para diferentes modelos.","robots":{"index":"index","follow":"follow","max-snippet":"max-snippet:-1","max-image-preview":"max-image-preview:large","max-video-preview":"max-video-preview:-1"},"canonical":"https:\/\/jak.fi\/es\/productos\/accesorios-para-cucharas-de-energia\/trabajar-la-barbilla-con-tres-dedos\/","og_locale":"es_ES","og_type":"article","og_title":"Trabajar la barbilla con tres dedos &#8211; JAK-Metalli Oy","og_description":"La mordaza de trabajo de tres dedos JAK mejora el agarre de las cizallas para \u00e1rboles, haciendo que la manipulaci\u00f3n de la madera sea m\u00e1s precisa y eficaz. Disponible para diferentes modelos.","og_url":"https:\/\/jak.fi\/es\/productos\/accesorios-para-cucharas-de-energia\/trabajar-la-barbilla-con-tres-dedos\/","og_site_name":"JAK-Metalli Oy","article_publisher":"https:\/\/www.facebook.com\/jaktreeshears","article_modified_time":"2025-04-11T12:50:07+00:00","og_image":[{"width":1000,"height":1000,"url":"https:\/\/jak.fi\/wp-content\/uploads\/2024\/05\/three-finger-work-jaw03.png","type":"image\/png"}],"twitter_card":"summary_large_image","schema":{"@context":"https:\/\/schema.org","@graph":[{"@type":"WebPage","@id":"https:\/\/jak.fi\/es\/productos\/accesorios-para-cucharas-de-energia\/trabajar-la-barbilla-con-tres-dedos\/","url":"https:\/\/jak.fi\/es\/productos\/accesorios-para-cucharas-de-energia\/trabajar-la-barbilla-con-tres-dedos\/","name":"Trabajar la barbilla con tres dedos &#8211; JAK-Metalli Oy","isPartOf":{"@id":"https:\/\/jak.fi\/es\/#website"},"primaryImageOfPage":{"@id":"https:\/\/jak.fi\/es\/productos\/accesorios-para-cucharas-de-energia\/trabajar-la-barbilla-con-tres-dedos\/#primaryimage"},"image":{"@id":"https:\/\/jak.fi\/es\/productos\/accesorios-para-cucharas-de-energia\/trabajar-la-barbilla-con-tres-dedos\/#primaryimage"},"thumbnailUrl":"https:\/\/jak.fi\/wp-content\/uploads\/2024\/05\/three-finger-work-jaw03.png","datePublished":"2024-05-28T07:11:47+00:00","dateModified":"2025-04-11T12:50:07+00:00","description":"La mordaza de trabajo de tres dedos JAK mejora el agarre de las cizallas para \u00e1rboles, haciendo que la manipulaci\u00f3n de la madera sea m\u00e1s precisa y eficaz. Disponible para diferentes modelos.","breadcrumb":{"@id":"https:\/\/jak.fi\/es\/productos\/accesorios-para-cucharas-de-energia\/trabajar-la-barbilla-con-tres-dedos\/#breadcrumb"},"inLanguage":"es","potentialAction":[{"@type":"ReadAction","target":["https:\/\/jak.fi\/es\/productos\/accesorios-para-cucharas-de-energia\/trabajar-la-barbilla-con-tres-dedos\/"]}]},{"@type":"ImageObject","inLanguage":"es","@id":"https:\/\/jak.fi\/es\/productos\/accesorios-para-cucharas-de-energia\/trabajar-la-barbilla-con-tres-dedos\/#primaryimage","url":"https:\/\/jak.fi\/wp-content\/uploads\/2024\/05\/three-finger-work-jaw03.png","contentUrl":"https:\/\/jak.fi\/wp-content\/uploads\/2024\/05\/three-finger-work-jaw03.png","width":1000,"height":1000,"caption":"Cizallas para \u00e1rboles con tres dedos."},{"@type":"BreadcrumbList","@id":"https:\/\/jak.fi\/es\/productos\/accesorios-para-cucharas-de-energia\/trabajar-la-barbilla-con-tres-dedos\/#breadcrumb","itemListElement":[{"@type":"ListItem","position":1,"name":"Etusivu","item":"https:\/\/jak.fi\/es\/"},{"@type":"ListItem","position":2,"name":"Productos","item":"https:\/\/jak.fi\/es\/productos\/"},{"@type":"ListItem","position":3,"name":"Trabajar la barbilla con tres dedos"}]},{"@type":"WebSite","@id":"https:\/\/jak.fi\/es\/#website","url":"https:\/\/jak.fi\/es\/","name":"JAK-Metalli Oy","description":"","publisher":{"@id":"https:\/\/jak.fi\/es\/#organization"},"alternateName":"JAK Tree shears","potentialAction":[{"@type":"SearchAction","target":{"@type":"EntryPoint","urlTemplate":"https:\/\/jak.fi\/es\/?s={search_term_string}"},"query-input":{"@type":"PropertyValueSpecification","valueRequired":true,"valueName":"search_term_string"}}],"inLanguage":"es"},{"@type":"Organization","@id":"https:\/\/jak.fi\/es\/#organization","name":"JAK-Metalli Oy","alternateName":"JAK Tree shears","url":"https:\/\/jak.fi\/es\/","logo":{"@type":"ImageObject","inLanguage":"es","@id":"https:\/\/jak.fi\/es\/#\/schema\/logo\/image\/","url":"https:\/\/jak.fi\/wp-content\/uploads\/2024\/09\/JAK-logo-696x696-1.jpg","contentUrl":"https:\/\/jak.fi\/wp-content\/uploads\/2024\/09\/JAK-logo-696x696-1.jpg","width":696,"height":696,"caption":"JAK-Metalli Oy"},"image":{"@id":"https:\/\/jak.fi\/es\/#\/schema\/logo\/image\/"},"sameAs":["https:\/\/www.facebook.com\/jaktreeshears","https:\/\/www.instagram.com\/jaktreeshears\/","https:\/\/www.youtube.com\/channel\/UCAwvaVhBBkPie8MeAGbdY1w"]}]}},"_links":{"self":[{"href":"https:\/\/jak.fi\/es\/wp-json\/wp\/v2\/product\/4825","targetHints":{"allow":["GET"]}}],"collection":[{"href":"https:\/\/jak.fi\/es\/wp-json\/wp\/v2\/product"}],"about":[{"href":"https:\/\/jak.fi\/es\/wp-json\/wp\/v2\/types\/product"}],"wp:featuredmedia":[{"embeddable":true,"href":"https:\/\/jak.fi\/es\/wp-json\/wp\/v2\/media\/4833"}],"wp:attachment":[{"href":"https:\/\/jak.fi\/es\/wp-json\/wp\/v2\/media?parent=4825"}],"wp:term":[{"taxonomy":"product_brand","embeddable":true,"href":"https:\/\/jak.fi\/es\/wp-json\/wp\/v2\/product_brand?post=4825"},{"taxonomy":"product_cat","embeddable":true,"href":"https:\/\/jak.fi\/es\/wp-json\/wp\/v2\/product_cat?post=4825"},{"taxonomy":"product_tag","embeddable":true,"href":"https:\/\/jak.fi\/es\/wp-json\/wp\/v2\/product_tag?post=4825"}],"curies":[{"name":"wp","href":"https:\/\/api.w.org\/{rel}","templated":true}]}}