{"id":4826,"date":"2024-05-28T10:02:10","date_gmt":"2024-05-28T07:02:10","guid":{"rendered":"https:\/\/jak.fi\/products\/sin%20categor\u00eda\/unidad-de-guillotina\/"},"modified":"2025-08-21T15:42:24","modified_gmt":"2025-08-21T12:42:24","slug":"unidad-de-guillotina","status":"publish","type":"product","link":"https:\/\/jak.fi\/es\/productos\/accesorios-para-cucharas-de-energia\/unidad-de-guillotina\/","title":{"rendered":"Unidad de guillotina"},"content":{"rendered":"<h2 data-start=\"101\" data-end=\"167\">Unidad de guillotina JAK: un potente accesorio para cizallas para \u00e1rboles<\/h2>\n<p data-start=\"169\" data-end=\"369\"><strong data-start=\"169\" data-end=\"194\">La unidad de guillotina JAK<\/strong> hace que el uso de las cizallas para \u00e1rboles sea m\u00e1s preciso, vers\u00e1til y seguro. La unidad permite cortar y procesar \u00e1rboles con eficacia, sin operaciones innecesarias. <\/p>\n<h3 data-start=\"371\" data-end=\"409\">Desconexi\u00f3n eficaz y agarre controlado<\/h3>\n<p data-start=\"410\" data-end=\"746\"><strong data-start=\"410\" data-end=\"439\">La unidad de guillotina JAK-350<\/strong> corta limpiamente troncos de hasta 350 mm de grosor. Las cuchillas de cierre fino tambi\u00e9n garantizan un corte f\u00e1cil de sauces peque\u00f1os y flexibles. El elevado dise\u00f1o de las cizallas para \u00e1rboles, combinado con la funci\u00f3n de corte en dos fases, garantiza que incluso los troncos gruesos permanezcan firmemente sujetos a las mand\u00edbulas durante todo el ciclo de trabajo.  <\/p>\n<h3 data-start=\"748\" data-end=\"799\">Uso vers\u00e1til sin quitar las cuchillas<\/h3>\n<p data-start=\"800\" data-end=\"980\">Cuando la cuchilla est\u00e1 abierta, las cizallas para \u00e1rboles pueden utilizarse sin esfuerzo para cargar, manipular montones y mover \u00e1rboles. Esto te da flexibilidad para trabajar sin tener que desmontar las cuchillas. <\/p>\n<h3 data-start=\"982\" data-end=\"1013\">F\u00e1cil de instalar y utilizar<\/h3>\n<p data-start=\"1014\" data-end=\"1323\">La unidad de guillotina es un accesorio opcional que puede instalarse f\u00e1cilmente en la parte inferior de la serie R de cizallas para \u00e1rboles, incluso despu\u00e9s. La unidad utiliza el mismo sistema hidr\u00e1ulico auxiliar que las cizallas para \u00e1rboles y no necesita electricidad. Si se desea, puede conectarse para que funcione autom\u00e1ticamente con las mordazas de la cuchara para \u00e1rboles utilizando un \u00fanico sistema hidr\u00e1ulico.  <\/p>\n<h3 data-start=\"1325\" data-end=\"1375\">Bloque de unidad de guillotina: m\u00e1s flexibilidad<\/h3>\n<p data-start=\"1376\" data-end=\"1587\">Tambi\u00e9n hay disponible un <strong data-start=\"1423\" data-end=\"1450\">bloque de<\/strong> unidad de guillotina para la <strong data-start=\"1423\" data-end=\"1450\">unidad de guillotina<\/strong>, que permite accionar la cizalla para \u00e1rboles y la unidad de guillotina desde una \u00fanica l\u00ednea hidr\u00e1ulica auxiliar (retorno\/retorno) sin conexiones separadas.<\/p>\n<h3 data-start=\"1594\" data-end=\"1624\">Ventajas en resumen:<\/h3>\n<ul data-start=\"1625\" data-end=\"1977\">\n<li data-start=\"1625\" data-end=\"1672\">\n<p data-start=\"1627\" data-end=\"1672\">Corta limpiamente troncos de hasta 350 mm de grosor<\/p>\n<\/li>\n<li data-start=\"1673\" data-end=\"1746\">\n<p data-start=\"1675\" data-end=\"1746\">Cuchillas de cierre fino para manipular f\u00e1cilmente sauces y ramitas<\/p>\n<\/li>\n<li data-start=\"1747\" data-end=\"1820\">\n<p data-start=\"1749\" data-end=\"1820\">Permite cargar y manipular las pilas sin retirar las cuchillas<\/p>\n<\/li>\n<li data-start=\"1821\" data-end=\"1880\">\n<p data-start=\"1823\" data-end=\"1880\">F\u00e1cil reequipamiento tambi\u00e9n para las cizallas para \u00e1rboles de la serie R<\/p>\n<\/li>\n<li data-start=\"1881\" data-end=\"1923\">\n<p data-start=\"1883\" data-end=\"1923\">No necesita electricidad &#8211; funciona hidr\u00e1ulicamente<\/p>\n<\/li>\n<li data-start=\"1924\" data-end=\"1977\">\n<p data-start=\"1926\" data-end=\"1977\">Disponible con bloque de unidad de guillotina opcional<\/p>\n<\/li>\n<\/ul>\n<p data-start=\"1979\" data-end=\"2108\">La <strong data-start=\"1979\" data-end=\"2004\">unidad de guillotina JAK<\/strong> es la soluci\u00f3n perfecta para una gesti\u00f3n forestal m\u00e1s segura, vers\u00e1til y eficaz.<\/p>\n","protected":false},"excerpt":{"rendered":"<p>Unidad de guillotina JAK: un potente accesorio para cizallas para \u00e1rboles La unidad de guillotina JAK hace que el uso de las cizallas para \u00e1rboles sea m\u00e1s preciso, vers\u00e1til y seguro. La unidad permite cortar y procesar \u00e1rboles con eficacia, sin operaciones innecesarias. Desconexi\u00f3n eficaz y agarre controlado La unidad de guillotina JAK-350 corta limpiamente [&hellip;]<\/p>\n","protected":false},"featured_media":4827,"template":"","meta":{"_acf_changed":false},"product_brand":[],"product_cat":[581],"product_tag":[],"class_list":{"0":"post-4826","1":"product","2":"type-product","3":"status-publish","4":"has-post-thumbnail","6":"product_cat-accesorios-para-cucharas-de-energia","8":"first","9":"instock","10":"shipping-taxable","11":"product-type-simple"},"acf":[],"yoast_head":"<!-- This site is optimized with the Yoast SEO plugin v27.3 - https:\/\/yoast.com\/product\/yoast-seo-wordpress\/ -->\n<title>Unidad de guillotina &#8211; JAK-Metalli Oy<\/title>\n<meta name=\"description\" content=\"La unidad de guillotina mejora el rendimiento de la Astilladora de Madera JAK Energy y hace que la manipulaci\u00f3n de la madera sea m\u00e1s precisa, vers\u00e1til y segura.\" \/>\n<meta name=\"robots\" content=\"index, follow, max-snippet:-1, max-image-preview:large, max-video-preview:-1\" \/>\n<link rel=\"canonical\" href=\"https:\/\/jak.fi\/es\/productos\/accesorios-para-cucharas-de-energia\/unidad-de-guillotina\/\" \/>\n<meta property=\"og:locale\" content=\"es_ES\" \/>\n<meta property=\"og:type\" content=\"article\" \/>\n<meta property=\"og:title\" content=\"Unidad de guillotina &#8211; JAK-Metalli Oy\" \/>\n<meta property=\"og:description\" content=\"La unidad de guillotina mejora el rendimiento de la Astilladora de Madera JAK Energy y hace que la manipulaci\u00f3n de la madera sea m\u00e1s precisa, vers\u00e1til y segura.\" \/>\n<meta property=\"og:url\" content=\"https:\/\/jak.fi\/es\/productos\/accesorios-para-cucharas-de-energia\/unidad-de-guillotina\/\" \/>\n<meta property=\"og:site_name\" content=\"JAK-Metalli Oy\" \/>\n<meta property=\"article:publisher\" content=\"https:\/\/www.facebook.com\/jaktreeshears\" \/>\n<meta property=\"article:modified_time\" content=\"2025-08-21T12:42:24+00:00\" \/>\n<meta property=\"og:image\" content=\"https:\/\/jak.fi\/wp-content\/uploads\/2024\/05\/JAK-350-Guillotine-Unit-web-2.png\" \/>\n\t<meta property=\"og:image:width\" content=\"1000\" \/>\n\t<meta property=\"og:image:height\" content=\"666\" \/>\n\t<meta property=\"og:image:type\" content=\"image\/png\" \/>\n<meta name=\"twitter:card\" content=\"summary_large_image\" \/>\n<meta name=\"twitter:label1\" content=\"Tiempo de lectura\" \/>\n\t<meta name=\"twitter:data1\" content=\"2 minuto\" \/>\n<script type=\"application\/ld+json\" class=\"yoast-schema-graph\">{\"@context\":\"https:\\\/\\\/schema.org\",\"@graph\":[{\"@type\":\"WebPage\",\"@id\":\"https:\\\/\\\/jak.fi\\\/es\\\/productos\\\/accesorios-para-cucharas-de-energia\\\/unidad-de-guillotina\\\/\",\"url\":\"https:\\\/\\\/jak.fi\\\/es\\\/productos\\\/accesorios-para-cucharas-de-energia\\\/unidad-de-guillotina\\\/\",\"name\":\"Unidad de guillotina &#8211; JAK-Metalli Oy\",\"isPartOf\":{\"@id\":\"https:\\\/\\\/jak.fi\\\/es\\\/#website\"},\"primaryImageOfPage\":{\"@id\":\"https:\\\/\\\/jak.fi\\\/es\\\/productos\\\/accesorios-para-cucharas-de-energia\\\/unidad-de-guillotina\\\/#primaryimage\"},\"image\":{\"@id\":\"https:\\\/\\\/jak.fi\\\/es\\\/productos\\\/accesorios-para-cucharas-de-energia\\\/unidad-de-guillotina\\\/#primaryimage\"},\"thumbnailUrl\":\"https:\\\/\\\/jak.fi\\\/wp-content\\\/uploads\\\/2024\\\/05\\\/JAK-350-Guillotine-Unit-web-2.png\",\"datePublished\":\"2024-05-28T07:02:10+00:00\",\"dateModified\":\"2025-08-21T12:42:24+00:00\",\"description\":\"La unidad de guillotina mejora el rendimiento de la Astilladora de Madera JAK Energy y hace que la manipulaci\u00f3n de la madera sea m\u00e1s precisa, vers\u00e1til y segura.\",\"breadcrumb\":{\"@id\":\"https:\\\/\\\/jak.fi\\\/es\\\/productos\\\/accesorios-para-cucharas-de-energia\\\/unidad-de-guillotina\\\/#breadcrumb\"},\"inLanguage\":\"es\",\"potentialAction\":[{\"@type\":\"ReadAction\",\"target\":[\"https:\\\/\\\/jak.fi\\\/es\\\/productos\\\/accesorios-para-cucharas-de-energia\\\/unidad-de-guillotina\\\/\"]}]},{\"@type\":\"ImageObject\",\"inLanguage\":\"es\",\"@id\":\"https:\\\/\\\/jak.fi\\\/es\\\/productos\\\/accesorios-para-cucharas-de-energia\\\/unidad-de-guillotina\\\/#primaryimage\",\"url\":\"https:\\\/\\\/jak.fi\\\/wp-content\\\/uploads\\\/2024\\\/05\\\/JAK-350-Guillotine-Unit-web-2.png\",\"contentUrl\":\"https:\\\/\\\/jak.fi\\\/wp-content\\\/uploads\\\/2024\\\/05\\\/JAK-350-Guillotine-Unit-web-2.png\",\"width\":1000,\"height\":666},{\"@type\":\"BreadcrumbList\",\"@id\":\"https:\\\/\\\/jak.fi\\\/es\\\/productos\\\/accesorios-para-cucharas-de-energia\\\/unidad-de-guillotina\\\/#breadcrumb\",\"itemListElement\":[{\"@type\":\"ListItem\",\"position\":1,\"name\":\"Etusivu\",\"item\":\"https:\\\/\\\/jak.fi\\\/es\\\/\"},{\"@type\":\"ListItem\",\"position\":2,\"name\":\"Productos\",\"item\":\"https:\\\/\\\/jak.fi\\\/es\\\/productos\\\/\"},{\"@type\":\"ListItem\",\"position\":3,\"name\":\"Unidad de guillotina\"}]},{\"@type\":\"WebSite\",\"@id\":\"https:\\\/\\\/jak.fi\\\/es\\\/#website\",\"url\":\"https:\\\/\\\/jak.fi\\\/es\\\/\",\"name\":\"JAK-Metalli Oy\",\"description\":\"\",\"publisher\":{\"@id\":\"https:\\\/\\\/jak.fi\\\/es\\\/#organization\"},\"alternateName\":\"JAK Tree shears\",\"potentialAction\":[{\"@type\":\"SearchAction\",\"target\":{\"@type\":\"EntryPoint\",\"urlTemplate\":\"https:\\\/\\\/jak.fi\\\/es\\\/?s={search_term_string}\"},\"query-input\":{\"@type\":\"PropertyValueSpecification\",\"valueRequired\":true,\"valueName\":\"search_term_string\"}}],\"inLanguage\":\"es\"},{\"@type\":\"Organization\",\"@id\":\"https:\\\/\\\/jak.fi\\\/es\\\/#organization\",\"name\":\"JAK-Metalli Oy\",\"alternateName\":\"JAK Tree shears\",\"url\":\"https:\\\/\\\/jak.fi\\\/es\\\/\",\"logo\":{\"@type\":\"ImageObject\",\"inLanguage\":\"es\",\"@id\":\"https:\\\/\\\/jak.fi\\\/es\\\/#\\\/schema\\\/logo\\\/image\\\/\",\"url\":\"https:\\\/\\\/jak.fi\\\/wp-content\\\/uploads\\\/2024\\\/09\\\/JAK-logo-696x696-1.jpg\",\"contentUrl\":\"https:\\\/\\\/jak.fi\\\/wp-content\\\/uploads\\\/2024\\\/09\\\/JAK-logo-696x696-1.jpg\",\"width\":696,\"height\":696,\"caption\":\"JAK-Metalli Oy\"},\"image\":{\"@id\":\"https:\\\/\\\/jak.fi\\\/es\\\/#\\\/schema\\\/logo\\\/image\\\/\"},\"sameAs\":[\"https:\\\/\\\/www.facebook.com\\\/jaktreeshears\",\"https:\\\/\\\/www.instagram.com\\\/jaktreeshears\\\/\",\"https:\\\/\\\/www.youtube.com\\\/channel\\\/UCAwvaVhBBkPie8MeAGbdY1w\"]}]}<\/script>\n<!-- \/ Yoast SEO plugin. -->","yoast_head_json":{"title":"Unidad de guillotina &#8211; JAK-Metalli Oy","description":"La unidad de guillotina mejora el rendimiento de la Astilladora de Madera JAK Energy y hace que la manipulaci\u00f3n de la madera sea m\u00e1s precisa, vers\u00e1til y segura.","robots":{"index":"index","follow":"follow","max-snippet":"max-snippet:-1","max-image-preview":"max-image-preview:large","max-video-preview":"max-video-preview:-1"},"canonical":"https:\/\/jak.fi\/es\/productos\/accesorios-para-cucharas-de-energia\/unidad-de-guillotina\/","og_locale":"es_ES","og_type":"article","og_title":"Unidad de guillotina &#8211; JAK-Metalli Oy","og_description":"La unidad de guillotina mejora el rendimiento de la Astilladora de Madera JAK Energy y hace que la manipulaci\u00f3n de la madera sea m\u00e1s precisa, vers\u00e1til y segura.","og_url":"https:\/\/jak.fi\/es\/productos\/accesorios-para-cucharas-de-energia\/unidad-de-guillotina\/","og_site_name":"JAK-Metalli Oy","article_publisher":"https:\/\/www.facebook.com\/jaktreeshears","article_modified_time":"2025-08-21T12:42:24+00:00","og_image":[{"width":1000,"height":666,"url":"https:\/\/jak.fi\/wp-content\/uploads\/2024\/05\/JAK-350-Guillotine-Unit-web-2.png","type":"image\/png"}],"twitter_card":"summary_large_image","twitter_misc":{"Tiempo de lectura":"2 minuto"},"schema":{"@context":"https:\/\/schema.org","@graph":[{"@type":"WebPage","@id":"https:\/\/jak.fi\/es\/productos\/accesorios-para-cucharas-de-energia\/unidad-de-guillotina\/","url":"https:\/\/jak.fi\/es\/productos\/accesorios-para-cucharas-de-energia\/unidad-de-guillotina\/","name":"Unidad de guillotina &#8211; JAK-Metalli Oy","isPartOf":{"@id":"https:\/\/jak.fi\/es\/#website"},"primaryImageOfPage":{"@id":"https:\/\/jak.fi\/es\/productos\/accesorios-para-cucharas-de-energia\/unidad-de-guillotina\/#primaryimage"},"image":{"@id":"https:\/\/jak.fi\/es\/productos\/accesorios-para-cucharas-de-energia\/unidad-de-guillotina\/#primaryimage"},"thumbnailUrl":"https:\/\/jak.fi\/wp-content\/uploads\/2024\/05\/JAK-350-Guillotine-Unit-web-2.png","datePublished":"2024-05-28T07:02:10+00:00","dateModified":"2025-08-21T12:42:24+00:00","description":"La unidad de guillotina mejora el rendimiento de la Astilladora de Madera JAK Energy y hace que la manipulaci\u00f3n de la madera sea m\u00e1s precisa, vers\u00e1til y segura.","breadcrumb":{"@id":"https:\/\/jak.fi\/es\/productos\/accesorios-para-cucharas-de-energia\/unidad-de-guillotina\/#breadcrumb"},"inLanguage":"es","potentialAction":[{"@type":"ReadAction","target":["https:\/\/jak.fi\/es\/productos\/accesorios-para-cucharas-de-energia\/unidad-de-guillotina\/"]}]},{"@type":"ImageObject","inLanguage":"es","@id":"https:\/\/jak.fi\/es\/productos\/accesorios-para-cucharas-de-energia\/unidad-de-guillotina\/#primaryimage","url":"https:\/\/jak.fi\/wp-content\/uploads\/2024\/05\/JAK-350-Guillotine-Unit-web-2.png","contentUrl":"https:\/\/jak.fi\/wp-content\/uploads\/2024\/05\/JAK-350-Guillotine-Unit-web-2.png","width":1000,"height":666},{"@type":"BreadcrumbList","@id":"https:\/\/jak.fi\/es\/productos\/accesorios-para-cucharas-de-energia\/unidad-de-guillotina\/#breadcrumb","itemListElement":[{"@type":"ListItem","position":1,"name":"Etusivu","item":"https:\/\/jak.fi\/es\/"},{"@type":"ListItem","position":2,"name":"Productos","item":"https:\/\/jak.fi\/es\/productos\/"},{"@type":"ListItem","position":3,"name":"Unidad de guillotina"}]},{"@type":"WebSite","@id":"https:\/\/jak.fi\/es\/#website","url":"https:\/\/jak.fi\/es\/","name":"JAK-Metalli Oy","description":"","publisher":{"@id":"https:\/\/jak.fi\/es\/#organization"},"alternateName":"JAK Tree shears","potentialAction":[{"@type":"SearchAction","target":{"@type":"EntryPoint","urlTemplate":"https:\/\/jak.fi\/es\/?s={search_term_string}"},"query-input":{"@type":"PropertyValueSpecification","valueRequired":true,"valueName":"search_term_string"}}],"inLanguage":"es"},{"@type":"Organization","@id":"https:\/\/jak.fi\/es\/#organization","name":"JAK-Metalli Oy","alternateName":"JAK Tree shears","url":"https:\/\/jak.fi\/es\/","logo":{"@type":"ImageObject","inLanguage":"es","@id":"https:\/\/jak.fi\/es\/#\/schema\/logo\/image\/","url":"https:\/\/jak.fi\/wp-content\/uploads\/2024\/09\/JAK-logo-696x696-1.jpg","contentUrl":"https:\/\/jak.fi\/wp-content\/uploads\/2024\/09\/JAK-logo-696x696-1.jpg","width":696,"height":696,"caption":"JAK-Metalli Oy"},"image":{"@id":"https:\/\/jak.fi\/es\/#\/schema\/logo\/image\/"},"sameAs":["https:\/\/www.facebook.com\/jaktreeshears","https:\/\/www.instagram.com\/jaktreeshears\/","https:\/\/www.youtube.com\/channel\/UCAwvaVhBBkPie8MeAGbdY1w"]}]}},"_links":{"self":[{"href":"https:\/\/jak.fi\/es\/wp-json\/wp\/v2\/product\/4826","targetHints":{"allow":["GET"]}}],"collection":[{"href":"https:\/\/jak.fi\/es\/wp-json\/wp\/v2\/product"}],"about":[{"href":"https:\/\/jak.fi\/es\/wp-json\/wp\/v2\/types\/product"}],"wp:featuredmedia":[{"embeddable":true,"href":"https:\/\/jak.fi\/es\/wp-json\/wp\/v2\/media\/4827"}],"wp:attachment":[{"href":"https:\/\/jak.fi\/es\/wp-json\/wp\/v2\/media?parent=4826"}],"wp:term":[{"taxonomy":"product_brand","embeddable":true,"href":"https:\/\/jak.fi\/es\/wp-json\/wp\/v2\/product_brand?post=4826"},{"taxonomy":"product_cat","embeddable":true,"href":"https:\/\/jak.fi\/es\/wp-json\/wp\/v2\/product_cat?post=4826"},{"taxonomy":"product_tag","embeddable":true,"href":"https:\/\/jak.fi\/es\/wp-json\/wp\/v2\/product_tag?post=4826"}],"curies":[{"name":"wp","href":"https:\/\/api.w.org\/{rel}","templated":true}]}}