{"id":4836,"date":"2024-11-06T13:42:38","date_gmt":"2024-11-06T10:42:38","guid":{"rendered":"https:\/\/jak.fi\/products\/sin%20categor\u00eda\/funcion-de-comparador-automatico-de-masas\/"},"modified":"2025-04-11T15:50:18","modified_gmt":"2025-04-11T12:50:18","slug":"funcion-de-comparador-automatico-de-masas","status":"publish","type":"product","link":"https:\/\/jak.fi\/es\/productos\/accesorios-para-cucharas-de-energia\/funcion-de-comparador-automatico-de-masas\/","title":{"rendered":"Funci\u00f3n de comparador autom\u00e1tico de masas"},"content":{"rendered":"<p><strong>Simplicidad y eficacia: recoge los \u00e1rboles autom\u00e1ticamente<\/strong><\/p>\n<p>Con este accesorio, que puede instalarse adem\u00e1s del colector de masas, \u00e9ste funciona autom\u00e1ticamente con el accesorio de corte de las cizallas para \u00e1rboles. Cuando las mand\u00edbulas del vertedero de energ\u00eda se cierran, las mand\u00edbulas del colector de masa se abren autom\u00e1ticamente para recoger la madera. Del mismo modo, cuando se cierran las mordazas del colector de masa, se abren las del vertedero de energ\u00eda. S\u00f3lo necesitas un bot\u00f3n para liberar el tronco acabado y recogido.   <\/p>\n<p>La funci\u00f3n autom\u00e1tica del colector de masas agiliza y simplifica el trabajo al eliminar operaciones innecesarias del operario. Esta funci\u00f3n autom\u00e1tica hace que la recogida de madera peque\u00f1a, en particular, sea mucho m\u00e1s eficaz. <\/p>\n<p>Adem\u00e1s, esta funci\u00f3n autom\u00e1tica permite que las cizallas para \u00e1rboles y el colector de masa funcionen desde la misma l\u00ednea hidr\u00e1ulica (retorno\/retorno).<\/p>\n<p>Adem\u00e1s de facilitar el trabajo, la funci\u00f3n gu\u00eda al usuario. Siguiendo el movimiento de la mand\u00edbula del colector de masas, sabes cu\u00e1ndo debes soltar el haz de madera que vas a recoger. Cuando la mand\u00edbula del colector de masa est\u00e1 visible durante la operaci\u00f3n, todav\u00eda hay espacio en el colector de masa para m\u00e1s madera. Si la mand\u00edbula del colector de masa no es visible durante la operaci\u00f3n, sabr\u00e1s que hay que vaciar el haz.   <\/p>\n","protected":false},"excerpt":{"rendered":"<p>Simplicidad y eficacia: recoge los \u00e1rboles autom\u00e1ticamente Con este accesorio, que puede instalarse adem\u00e1s del colector de masas, \u00e9ste funciona autom\u00e1ticamente con el accesorio de corte de las cizallas para \u00e1rboles. Cuando las mand\u00edbulas del vertedero de energ\u00eda se cierran, las mand\u00edbulas del colector de masa se abren autom\u00e1ticamente para recoger la madera. Del mismo [&hellip;]<\/p>\n","protected":false},"featured_media":4837,"template":"","meta":{"_acf_changed":false},"product_brand":[],"product_cat":[581],"product_tag":[],"class_list":{"0":"post-4836","1":"product","2":"type-product","3":"status-publish","4":"has-post-thumbnail","6":"product_cat-accesorios-para-cucharas-de-energia","8":"first","9":"instock","10":"shipping-taxable","11":"product-type-simple"},"acf":[],"yoast_head":"<!-- This site is optimized with the Yoast SEO plugin v27.3 - https:\/\/yoast.com\/product\/yoast-seo-wordpress\/ -->\n<title>Funci\u00f3n de comparador autom\u00e1tico de masas &#8211; JAK-Metalli Oy<\/title>\n<meta name=\"description\" content=\"JAK La funci\u00f3n autom\u00e1tica del colector de madera a granel aporta eficacia a la recogida de madera energ\u00e9tica, haciendo que el uso de las pinzas sea m\u00e1s suave y r\u00e1pido.\" \/>\n<meta name=\"robots\" content=\"index, follow, max-snippet:-1, max-image-preview:large, max-video-preview:-1\" \/>\n<link rel=\"canonical\" href=\"https:\/\/jak.fi\/es\/productos\/accesorios-para-cucharas-de-energia\/funcion-de-comparador-automatico-de-masas\/\" \/>\n<meta property=\"og:locale\" content=\"es_ES\" \/>\n<meta property=\"og:type\" content=\"article\" \/>\n<meta property=\"og:title\" content=\"Funci\u00f3n de comparador autom\u00e1tico de masas &#8211; JAK-Metalli Oy\" \/>\n<meta property=\"og:description\" content=\"JAK La funci\u00f3n autom\u00e1tica del colector de madera a granel aporta eficacia a la recogida de madera energ\u00e9tica, haciendo que el uso de las pinzas sea m\u00e1s suave y r\u00e1pido.\" \/>\n<meta property=\"og:url\" content=\"https:\/\/jak.fi\/es\/productos\/accesorios-para-cucharas-de-energia\/funcion-de-comparador-automatico-de-masas\/\" \/>\n<meta property=\"og:site_name\" content=\"JAK-Metalli Oy\" \/>\n<meta property=\"article:publisher\" content=\"https:\/\/www.facebook.com\/jaktreeshears\" \/>\n<meta property=\"article:modified_time\" content=\"2025-04-11T12:50:18+00:00\" \/>\n<meta property=\"og:image\" content=\"https:\/\/jak.fi\/wp-content\/uploads\/2024\/11\/Joukkokeraimen-automaattitoiminto.png\" \/>\n\t<meta property=\"og:image:width\" content=\"1000\" \/>\n\t<meta property=\"og:image:height\" content=\"667\" \/>\n\t<meta property=\"og:image:type\" content=\"image\/png\" \/>\n<meta name=\"twitter:card\" content=\"summary_large_image\" \/>\n<meta name=\"twitter:label1\" content=\"Tiempo de lectura\" \/>\n\t<meta name=\"twitter:data1\" content=\"1 minuto\" \/>\n<script type=\"application\/ld+json\" class=\"yoast-schema-graph\">{\"@context\":\"https:\\\/\\\/schema.org\",\"@graph\":[{\"@type\":\"WebPage\",\"@id\":\"https:\\\/\\\/jak.fi\\\/es\\\/productos\\\/accesorios-para-cucharas-de-energia\\\/funcion-de-comparador-automatico-de-masas\\\/\",\"url\":\"https:\\\/\\\/jak.fi\\\/es\\\/productos\\\/accesorios-para-cucharas-de-energia\\\/funcion-de-comparador-automatico-de-masas\\\/\",\"name\":\"Funci\u00f3n de comparador autom\u00e1tico de masas &#8211; JAK-Metalli Oy\",\"isPartOf\":{\"@id\":\"https:\\\/\\\/jak.fi\\\/es\\\/#website\"},\"primaryImageOfPage\":{\"@id\":\"https:\\\/\\\/jak.fi\\\/es\\\/productos\\\/accesorios-para-cucharas-de-energia\\\/funcion-de-comparador-automatico-de-masas\\\/#primaryimage\"},\"image\":{\"@id\":\"https:\\\/\\\/jak.fi\\\/es\\\/productos\\\/accesorios-para-cucharas-de-energia\\\/funcion-de-comparador-automatico-de-masas\\\/#primaryimage\"},\"thumbnailUrl\":\"https:\\\/\\\/jak.fi\\\/wp-content\\\/uploads\\\/2024\\\/11\\\/Joukkokeraimen-automaattitoiminto.png\",\"datePublished\":\"2024-11-06T10:42:38+00:00\",\"dateModified\":\"2025-04-11T12:50:18+00:00\",\"description\":\"JAK La funci\u00f3n autom\u00e1tica del colector de madera a granel aporta eficacia a la recogida de madera energ\u00e9tica, haciendo que el uso de las pinzas sea m\u00e1s suave y r\u00e1pido.\",\"breadcrumb\":{\"@id\":\"https:\\\/\\\/jak.fi\\\/es\\\/productos\\\/accesorios-para-cucharas-de-energia\\\/funcion-de-comparador-automatico-de-masas\\\/#breadcrumb\"},\"inLanguage\":\"es\",\"potentialAction\":[{\"@type\":\"ReadAction\",\"target\":[\"https:\\\/\\\/jak.fi\\\/es\\\/productos\\\/accesorios-para-cucharas-de-energia\\\/funcion-de-comparador-automatico-de-masas\\\/\"]}]},{\"@type\":\"ImageObject\",\"inLanguage\":\"es\",\"@id\":\"https:\\\/\\\/jak.fi\\\/es\\\/productos\\\/accesorios-para-cucharas-de-energia\\\/funcion-de-comparador-automatico-de-masas\\\/#primaryimage\",\"url\":\"https:\\\/\\\/jak.fi\\\/wp-content\\\/uploads\\\/2024\\\/11\\\/Joukkokeraimen-automaattitoiminto.png\",\"contentUrl\":\"https:\\\/\\\/jak.fi\\\/wp-content\\\/uploads\\\/2024\\\/11\\\/Joukkokeraimen-automaattitoiminto.png\",\"width\":1000,\"height\":667,\"caption\":\"JAK Colector a granel funci\u00f3n autom\u00e1tica imagen de producto con fondo transparente\"},{\"@type\":\"BreadcrumbList\",\"@id\":\"https:\\\/\\\/jak.fi\\\/es\\\/productos\\\/accesorios-para-cucharas-de-energia\\\/funcion-de-comparador-automatico-de-masas\\\/#breadcrumb\",\"itemListElement\":[{\"@type\":\"ListItem\",\"position\":1,\"name\":\"Etusivu\",\"item\":\"https:\\\/\\\/jak.fi\\\/es\\\/\"},{\"@type\":\"ListItem\",\"position\":2,\"name\":\"Productos\",\"item\":\"https:\\\/\\\/jak.fi\\\/es\\\/productos\\\/\"},{\"@type\":\"ListItem\",\"position\":3,\"name\":\"Funci\u00f3n de comparador autom\u00e1tico de masas\"}]},{\"@type\":\"WebSite\",\"@id\":\"https:\\\/\\\/jak.fi\\\/es\\\/#website\",\"url\":\"https:\\\/\\\/jak.fi\\\/es\\\/\",\"name\":\"JAK-Metalli Oy\",\"description\":\"\",\"publisher\":{\"@id\":\"https:\\\/\\\/jak.fi\\\/es\\\/#organization\"},\"alternateName\":\"JAK Tree shears\",\"potentialAction\":[{\"@type\":\"SearchAction\",\"target\":{\"@type\":\"EntryPoint\",\"urlTemplate\":\"https:\\\/\\\/jak.fi\\\/es\\\/?s={search_term_string}\"},\"query-input\":{\"@type\":\"PropertyValueSpecification\",\"valueRequired\":true,\"valueName\":\"search_term_string\"}}],\"inLanguage\":\"es\"},{\"@type\":\"Organization\",\"@id\":\"https:\\\/\\\/jak.fi\\\/es\\\/#organization\",\"name\":\"JAK-Metalli Oy\",\"alternateName\":\"JAK Tree shears\",\"url\":\"https:\\\/\\\/jak.fi\\\/es\\\/\",\"logo\":{\"@type\":\"ImageObject\",\"inLanguage\":\"es\",\"@id\":\"https:\\\/\\\/jak.fi\\\/es\\\/#\\\/schema\\\/logo\\\/image\\\/\",\"url\":\"https:\\\/\\\/jak.fi\\\/wp-content\\\/uploads\\\/2024\\\/09\\\/JAK-logo-696x696-1.jpg\",\"contentUrl\":\"https:\\\/\\\/jak.fi\\\/wp-content\\\/uploads\\\/2024\\\/09\\\/JAK-logo-696x696-1.jpg\",\"width\":696,\"height\":696,\"caption\":\"JAK-Metalli Oy\"},\"image\":{\"@id\":\"https:\\\/\\\/jak.fi\\\/es\\\/#\\\/schema\\\/logo\\\/image\\\/\"},\"sameAs\":[\"https:\\\/\\\/www.facebook.com\\\/jaktreeshears\",\"https:\\\/\\\/www.instagram.com\\\/jaktreeshears\\\/\",\"https:\\\/\\\/www.youtube.com\\\/channel\\\/UCAwvaVhBBkPie8MeAGbdY1w\"]}]}<\/script>\n<!-- \/ Yoast SEO plugin. -->","yoast_head_json":{"title":"Funci\u00f3n de comparador autom\u00e1tico de masas &#8211; JAK-Metalli Oy","description":"JAK La funci\u00f3n autom\u00e1tica del colector de madera a granel aporta eficacia a la recogida de madera energ\u00e9tica, haciendo que el uso de las pinzas sea m\u00e1s suave y r\u00e1pido.","robots":{"index":"index","follow":"follow","max-snippet":"max-snippet:-1","max-image-preview":"max-image-preview:large","max-video-preview":"max-video-preview:-1"},"canonical":"https:\/\/jak.fi\/es\/productos\/accesorios-para-cucharas-de-energia\/funcion-de-comparador-automatico-de-masas\/","og_locale":"es_ES","og_type":"article","og_title":"Funci\u00f3n de comparador autom\u00e1tico de masas &#8211; JAK-Metalli Oy","og_description":"JAK La funci\u00f3n autom\u00e1tica del colector de madera a granel aporta eficacia a la recogida de madera energ\u00e9tica, haciendo que el uso de las pinzas sea m\u00e1s suave y r\u00e1pido.","og_url":"https:\/\/jak.fi\/es\/productos\/accesorios-para-cucharas-de-energia\/funcion-de-comparador-automatico-de-masas\/","og_site_name":"JAK-Metalli Oy","article_publisher":"https:\/\/www.facebook.com\/jaktreeshears","article_modified_time":"2025-04-11T12:50:18+00:00","og_image":[{"width":1000,"height":667,"url":"https:\/\/jak.fi\/wp-content\/uploads\/2024\/11\/Joukkokeraimen-automaattitoiminto.png","type":"image\/png"}],"twitter_card":"summary_large_image","twitter_misc":{"Tiempo de lectura":"1 minuto"},"schema":{"@context":"https:\/\/schema.org","@graph":[{"@type":"WebPage","@id":"https:\/\/jak.fi\/es\/productos\/accesorios-para-cucharas-de-energia\/funcion-de-comparador-automatico-de-masas\/","url":"https:\/\/jak.fi\/es\/productos\/accesorios-para-cucharas-de-energia\/funcion-de-comparador-automatico-de-masas\/","name":"Funci\u00f3n de comparador autom\u00e1tico de masas &#8211; JAK-Metalli Oy","isPartOf":{"@id":"https:\/\/jak.fi\/es\/#website"},"primaryImageOfPage":{"@id":"https:\/\/jak.fi\/es\/productos\/accesorios-para-cucharas-de-energia\/funcion-de-comparador-automatico-de-masas\/#primaryimage"},"image":{"@id":"https:\/\/jak.fi\/es\/productos\/accesorios-para-cucharas-de-energia\/funcion-de-comparador-automatico-de-masas\/#primaryimage"},"thumbnailUrl":"https:\/\/jak.fi\/wp-content\/uploads\/2024\/11\/Joukkokeraimen-automaattitoiminto.png","datePublished":"2024-11-06T10:42:38+00:00","dateModified":"2025-04-11T12:50:18+00:00","description":"JAK La funci\u00f3n autom\u00e1tica del colector de madera a granel aporta eficacia a la recogida de madera energ\u00e9tica, haciendo que el uso de las pinzas sea m\u00e1s suave y r\u00e1pido.","breadcrumb":{"@id":"https:\/\/jak.fi\/es\/productos\/accesorios-para-cucharas-de-energia\/funcion-de-comparador-automatico-de-masas\/#breadcrumb"},"inLanguage":"es","potentialAction":[{"@type":"ReadAction","target":["https:\/\/jak.fi\/es\/productos\/accesorios-para-cucharas-de-energia\/funcion-de-comparador-automatico-de-masas\/"]}]},{"@type":"ImageObject","inLanguage":"es","@id":"https:\/\/jak.fi\/es\/productos\/accesorios-para-cucharas-de-energia\/funcion-de-comparador-automatico-de-masas\/#primaryimage","url":"https:\/\/jak.fi\/wp-content\/uploads\/2024\/11\/Joukkokeraimen-automaattitoiminto.png","contentUrl":"https:\/\/jak.fi\/wp-content\/uploads\/2024\/11\/Joukkokeraimen-automaattitoiminto.png","width":1000,"height":667,"caption":"JAK Colector a granel funci\u00f3n autom\u00e1tica imagen de producto con fondo transparente"},{"@type":"BreadcrumbList","@id":"https:\/\/jak.fi\/es\/productos\/accesorios-para-cucharas-de-energia\/funcion-de-comparador-automatico-de-masas\/#breadcrumb","itemListElement":[{"@type":"ListItem","position":1,"name":"Etusivu","item":"https:\/\/jak.fi\/es\/"},{"@type":"ListItem","position":2,"name":"Productos","item":"https:\/\/jak.fi\/es\/productos\/"},{"@type":"ListItem","position":3,"name":"Funci\u00f3n de comparador autom\u00e1tico de masas"}]},{"@type":"WebSite","@id":"https:\/\/jak.fi\/es\/#website","url":"https:\/\/jak.fi\/es\/","name":"JAK-Metalli Oy","description":"","publisher":{"@id":"https:\/\/jak.fi\/es\/#organization"},"alternateName":"JAK Tree shears","potentialAction":[{"@type":"SearchAction","target":{"@type":"EntryPoint","urlTemplate":"https:\/\/jak.fi\/es\/?s={search_term_string}"},"query-input":{"@type":"PropertyValueSpecification","valueRequired":true,"valueName":"search_term_string"}}],"inLanguage":"es"},{"@type":"Organization","@id":"https:\/\/jak.fi\/es\/#organization","name":"JAK-Metalli Oy","alternateName":"JAK Tree shears","url":"https:\/\/jak.fi\/es\/","logo":{"@type":"ImageObject","inLanguage":"es","@id":"https:\/\/jak.fi\/es\/#\/schema\/logo\/image\/","url":"https:\/\/jak.fi\/wp-content\/uploads\/2024\/09\/JAK-logo-696x696-1.jpg","contentUrl":"https:\/\/jak.fi\/wp-content\/uploads\/2024\/09\/JAK-logo-696x696-1.jpg","width":696,"height":696,"caption":"JAK-Metalli Oy"},"image":{"@id":"https:\/\/jak.fi\/es\/#\/schema\/logo\/image\/"},"sameAs":["https:\/\/www.facebook.com\/jaktreeshears","https:\/\/www.instagram.com\/jaktreeshears\/","https:\/\/www.youtube.com\/channel\/UCAwvaVhBBkPie8MeAGbdY1w"]}]}},"_links":{"self":[{"href":"https:\/\/jak.fi\/es\/wp-json\/wp\/v2\/product\/4836","targetHints":{"allow":["GET"]}}],"collection":[{"href":"https:\/\/jak.fi\/es\/wp-json\/wp\/v2\/product"}],"about":[{"href":"https:\/\/jak.fi\/es\/wp-json\/wp\/v2\/types\/product"}],"wp:featuredmedia":[{"embeddable":true,"href":"https:\/\/jak.fi\/es\/wp-json\/wp\/v2\/media\/4837"}],"wp:attachment":[{"href":"https:\/\/jak.fi\/es\/wp-json\/wp\/v2\/media?parent=4836"}],"wp:term":[{"taxonomy":"product_brand","embeddable":true,"href":"https:\/\/jak.fi\/es\/wp-json\/wp\/v2\/product_brand?post=4836"},{"taxonomy":"product_cat","embeddable":true,"href":"https:\/\/jak.fi\/es\/wp-json\/wp\/v2\/product_cat?post=4836"},{"taxonomy":"product_tag","embeddable":true,"href":"https:\/\/jak.fi\/es\/wp-json\/wp\/v2\/product_tag?post=4836"}],"curies":[{"name":"wp","href":"https:\/\/api.w.org\/{rel}","templated":true}]}}