{"id":4840,"date":"2024-05-28T10:04:25","date_gmt":"2024-05-28T07:04:25","guid":{"rendered":"https:\/\/jak.fi\/products\/sin%20categor\u00eda\/colector-a-granel-gen2-serie-b-r\/"},"modified":"2025-08-18T15:07:17","modified_gmt":"2025-08-18T12:07:17","slug":"colector-a-granel-gen2-serie-b-r","status":"publish","type":"product","link":"https:\/\/jak.fi\/es\/productos\/accesorios-para-cucharas-de-energia\/colector-a-granel-gen2-serie-b-r\/","title":{"rendered":"Colector a granel Gen2 Serie B\/R"},"content":{"rendered":"<h3>\u00a1Aumenta la eficacia del trabajo y ahorra tiempo!<\/h3>\n<p>La nueva generaci\u00f3n de colectores de masas de dos aletas de la serie B\/R es un innovador accesorio de cizallas para \u00e1rboles dise\u00f1ado para mejorar la productividad y reducir el tiempo de trabajo. Sus potentes y duraderas mand\u00edbulas permiten una recogida m\u00e1s r\u00e1pida y sin esfuerzo, haciendo que la limpieza sea pan comido. <\/p>\n<p>La capacidad del colector de masa se corresponde con el tama\u00f1o de la cuchilla de la cizalla para \u00e1rboles que est\u00e9s utilizando, de modo que lo que puedas cortar con la cizalla para \u00e1rboles, podr\u00e1s recogerlo con el colector de masa.<\/p>\n<p>Un colector de masa necesita su propio sistema hidr\u00e1ulico para funcionar. Puede conectarse mediante una v\u00e1lvula 6\/2 de accionamiento el\u00e9ctrico al sistema hidr\u00e1ulico de las cizallas para \u00e1rboles. <\/p>\n<p><strong>\u00a1Toma nota!<\/strong>  Gracias a las peticiones de nuestros clientes, ahora es posible instalar el nuevo Recolector de Masa Gen2 tambi\u00e9n en otros Recolectores de Energ\u00eda y en el modelo m\u00e1s antiguo de Recolector de Energ\u00eda JAK.<\/p>\n<p><strong>\u00a1Pregunta m\u00e1s sobre nuestras ventas!<\/strong><\/p>\n","protected":false},"excerpt":{"rendered":"<p>\u00a1Aumenta la eficacia del trabajo y ahorra tiempo! La nueva generaci\u00f3n de colectores de masas de dos aletas de la serie B\/R es un innovador accesorio de cizallas para \u00e1rboles dise\u00f1ado para mejorar la productividad y reducir el tiempo de trabajo. Sus potentes y duraderas mand\u00edbulas permiten una recogida m\u00e1s r\u00e1pida y sin esfuerzo, haciendo [&hellip;]<\/p>\n","protected":false},"featured_media":4842,"template":"","meta":{"_acf_changed":false},"product_brand":[],"product_cat":[581],"product_tag":[],"class_list":{"0":"post-4840","1":"product","2":"type-product","3":"status-publish","4":"has-post-thumbnail","6":"product_cat-accesorios-para-cucharas-de-energia","8":"first","9":"instock","10":"shipping-taxable","11":"product-type-simple"},"acf":[],"yoast_head":"<!-- This site is optimized with the Yoast SEO plugin v27.3 - https:\/\/yoast.com\/product\/yoast-seo-wordpress\/ -->\n<title>Colector a granel Gen2 Serie B\/R &#8211; JAK-Metalli Oy<\/title>\n<meta name=\"description\" content=\"La serie B\/R Gen2 es un accesorio de las cizallas para \u00e1rboles dise\u00f1ado para mejorar la productividad y reducir el tiempo de trabajo.\" \/>\n<meta name=\"robots\" content=\"index, follow, max-snippet:-1, max-image-preview:large, max-video-preview:-1\" \/>\n<link rel=\"canonical\" href=\"https:\/\/jak.fi\/es\/productos\/accesorios-para-cucharas-de-energia\/colector-a-granel-gen2-serie-b-r\/\" \/>\n<meta property=\"og:locale\" content=\"es_ES\" \/>\n<meta property=\"og:type\" content=\"article\" \/>\n<meta property=\"og:title\" content=\"Colector a granel Gen2 Serie B\/R &#8211; JAK-Metalli Oy\" \/>\n<meta property=\"og:description\" content=\"La serie B\/R Gen2 es un accesorio de las cizallas para \u00e1rboles dise\u00f1ado para mejorar la productividad y reducir el tiempo de trabajo.\" \/>\n<meta property=\"og:url\" content=\"https:\/\/jak.fi\/es\/productos\/accesorios-para-cucharas-de-energia\/colector-a-granel-gen2-serie-b-r\/\" \/>\n<meta property=\"og:site_name\" content=\"JAK-Metalli Oy\" \/>\n<meta property=\"article:publisher\" content=\"https:\/\/www.facebook.com\/jaktreeshears\" \/>\n<meta property=\"article:modified_time\" content=\"2025-08-18T12:07:17+00:00\" \/>\n<meta property=\"og:image\" content=\"https:\/\/jak.fi\/wp-content\/uploads\/2024\/05\/Collector-gen2-for-B-R-series-01.png\" \/>\n\t<meta property=\"og:image:width\" content=\"1000\" \/>\n\t<meta property=\"og:image:height\" content=\"667\" \/>\n\t<meta property=\"og:image:type\" content=\"image\/png\" \/>\n<meta name=\"twitter:card\" content=\"summary_large_image\" \/>\n<meta name=\"twitter:label1\" content=\"Tiempo de lectura\" \/>\n\t<meta name=\"twitter:data1\" content=\"1 minuto\" \/>\n<script type=\"application\/ld+json\" class=\"yoast-schema-graph\">{\"@context\":\"https:\\\/\\\/schema.org\",\"@graph\":[{\"@type\":\"WebPage\",\"@id\":\"https:\\\/\\\/jak.fi\\\/es\\\/productos\\\/accesorios-para-cucharas-de-energia\\\/colector-a-granel-gen2-serie-b-r\\\/\",\"url\":\"https:\\\/\\\/jak.fi\\\/es\\\/productos\\\/accesorios-para-cucharas-de-energia\\\/colector-a-granel-gen2-serie-b-r\\\/\",\"name\":\"Colector a granel Gen2 Serie B\\\/R &#8211; JAK-Metalli Oy\",\"isPartOf\":{\"@id\":\"https:\\\/\\\/jak.fi\\\/es\\\/#website\"},\"primaryImageOfPage\":{\"@id\":\"https:\\\/\\\/jak.fi\\\/es\\\/productos\\\/accesorios-para-cucharas-de-energia\\\/colector-a-granel-gen2-serie-b-r\\\/#primaryimage\"},\"image\":{\"@id\":\"https:\\\/\\\/jak.fi\\\/es\\\/productos\\\/accesorios-para-cucharas-de-energia\\\/colector-a-granel-gen2-serie-b-r\\\/#primaryimage\"},\"thumbnailUrl\":\"https:\\\/\\\/jak.fi\\\/wp-content\\\/uploads\\\/2024\\\/05\\\/Collector-gen2-for-B-R-series-01.png\",\"datePublished\":\"2024-05-28T07:04:25+00:00\",\"dateModified\":\"2025-08-18T12:07:17+00:00\",\"description\":\"La serie B\\\/R Gen2 es un accesorio de las cizallas para \u00e1rboles dise\u00f1ado para mejorar la productividad y reducir el tiempo de trabajo.\",\"breadcrumb\":{\"@id\":\"https:\\\/\\\/jak.fi\\\/es\\\/productos\\\/accesorios-para-cucharas-de-energia\\\/colector-a-granel-gen2-serie-b-r\\\/#breadcrumb\"},\"inLanguage\":\"es\",\"potentialAction\":[{\"@type\":\"ReadAction\",\"target\":[\"https:\\\/\\\/jak.fi\\\/es\\\/productos\\\/accesorios-para-cucharas-de-energia\\\/colector-a-granel-gen2-serie-b-r\\\/\"]}]},{\"@type\":\"ImageObject\",\"inLanguage\":\"es\",\"@id\":\"https:\\\/\\\/jak.fi\\\/es\\\/productos\\\/accesorios-para-cucharas-de-energia\\\/colector-a-granel-gen2-serie-b-r\\\/#primaryimage\",\"url\":\"https:\\\/\\\/jak.fi\\\/wp-content\\\/uploads\\\/2024\\\/05\\\/Collector-gen2-for-B-R-series-01.png\",\"contentUrl\":\"https:\\\/\\\/jak.fi\\\/wp-content\\\/uploads\\\/2024\\\/05\\\/Collector-gen2-for-B-R-series-01.png\",\"width\":1000,\"height\":667,\"caption\":\"JAK colector de cizallas para \u00e1rboles - limpieza eficaz.\"},{\"@type\":\"BreadcrumbList\",\"@id\":\"https:\\\/\\\/jak.fi\\\/es\\\/productos\\\/accesorios-para-cucharas-de-energia\\\/colector-a-granel-gen2-serie-b-r\\\/#breadcrumb\",\"itemListElement\":[{\"@type\":\"ListItem\",\"position\":1,\"name\":\"Etusivu\",\"item\":\"https:\\\/\\\/jak.fi\\\/es\\\/\"},{\"@type\":\"ListItem\",\"position\":2,\"name\":\"Productos\",\"item\":\"https:\\\/\\\/jak.fi\\\/es\\\/productos\\\/\"},{\"@type\":\"ListItem\",\"position\":3,\"name\":\"Colector a granel Gen2 Serie B\\\/R\"}]},{\"@type\":\"WebSite\",\"@id\":\"https:\\\/\\\/jak.fi\\\/es\\\/#website\",\"url\":\"https:\\\/\\\/jak.fi\\\/es\\\/\",\"name\":\"JAK-Metalli Oy\",\"description\":\"\",\"publisher\":{\"@id\":\"https:\\\/\\\/jak.fi\\\/es\\\/#organization\"},\"alternateName\":\"JAK Tree shears\",\"potentialAction\":[{\"@type\":\"SearchAction\",\"target\":{\"@type\":\"EntryPoint\",\"urlTemplate\":\"https:\\\/\\\/jak.fi\\\/es\\\/?s={search_term_string}\"},\"query-input\":{\"@type\":\"PropertyValueSpecification\",\"valueRequired\":true,\"valueName\":\"search_term_string\"}}],\"inLanguage\":\"es\"},{\"@type\":\"Organization\",\"@id\":\"https:\\\/\\\/jak.fi\\\/es\\\/#organization\",\"name\":\"JAK-Metalli Oy\",\"alternateName\":\"JAK Tree shears\",\"url\":\"https:\\\/\\\/jak.fi\\\/es\\\/\",\"logo\":{\"@type\":\"ImageObject\",\"inLanguage\":\"es\",\"@id\":\"https:\\\/\\\/jak.fi\\\/es\\\/#\\\/schema\\\/logo\\\/image\\\/\",\"url\":\"https:\\\/\\\/jak.fi\\\/wp-content\\\/uploads\\\/2024\\\/09\\\/JAK-logo-696x696-1.jpg\",\"contentUrl\":\"https:\\\/\\\/jak.fi\\\/wp-content\\\/uploads\\\/2024\\\/09\\\/JAK-logo-696x696-1.jpg\",\"width\":696,\"height\":696,\"caption\":\"JAK-Metalli Oy\"},\"image\":{\"@id\":\"https:\\\/\\\/jak.fi\\\/es\\\/#\\\/schema\\\/logo\\\/image\\\/\"},\"sameAs\":[\"https:\\\/\\\/www.facebook.com\\\/jaktreeshears\",\"https:\\\/\\\/www.instagram.com\\\/jaktreeshears\\\/\",\"https:\\\/\\\/www.youtube.com\\\/channel\\\/UCAwvaVhBBkPie8MeAGbdY1w\"]}]}<\/script>\n<!-- \/ Yoast SEO plugin. -->","yoast_head_json":{"title":"Colector a granel Gen2 Serie B\/R &#8211; JAK-Metalli Oy","description":"La serie B\/R Gen2 es un accesorio de las cizallas para \u00e1rboles dise\u00f1ado para mejorar la productividad y reducir el tiempo de trabajo.","robots":{"index":"index","follow":"follow","max-snippet":"max-snippet:-1","max-image-preview":"max-image-preview:large","max-video-preview":"max-video-preview:-1"},"canonical":"https:\/\/jak.fi\/es\/productos\/accesorios-para-cucharas-de-energia\/colector-a-granel-gen2-serie-b-r\/","og_locale":"es_ES","og_type":"article","og_title":"Colector a granel Gen2 Serie B\/R &#8211; JAK-Metalli Oy","og_description":"La serie B\/R Gen2 es un accesorio de las cizallas para \u00e1rboles dise\u00f1ado para mejorar la productividad y reducir el tiempo de trabajo.","og_url":"https:\/\/jak.fi\/es\/productos\/accesorios-para-cucharas-de-energia\/colector-a-granel-gen2-serie-b-r\/","og_site_name":"JAK-Metalli Oy","article_publisher":"https:\/\/www.facebook.com\/jaktreeshears","article_modified_time":"2025-08-18T12:07:17+00:00","og_image":[{"width":1000,"height":667,"url":"https:\/\/jak.fi\/wp-content\/uploads\/2024\/05\/Collector-gen2-for-B-R-series-01.png","type":"image\/png"}],"twitter_card":"summary_large_image","twitter_misc":{"Tiempo de lectura":"1 minuto"},"schema":{"@context":"https:\/\/schema.org","@graph":[{"@type":"WebPage","@id":"https:\/\/jak.fi\/es\/productos\/accesorios-para-cucharas-de-energia\/colector-a-granel-gen2-serie-b-r\/","url":"https:\/\/jak.fi\/es\/productos\/accesorios-para-cucharas-de-energia\/colector-a-granel-gen2-serie-b-r\/","name":"Colector a granel Gen2 Serie B\/R &#8211; JAK-Metalli Oy","isPartOf":{"@id":"https:\/\/jak.fi\/es\/#website"},"primaryImageOfPage":{"@id":"https:\/\/jak.fi\/es\/productos\/accesorios-para-cucharas-de-energia\/colector-a-granel-gen2-serie-b-r\/#primaryimage"},"image":{"@id":"https:\/\/jak.fi\/es\/productos\/accesorios-para-cucharas-de-energia\/colector-a-granel-gen2-serie-b-r\/#primaryimage"},"thumbnailUrl":"https:\/\/jak.fi\/wp-content\/uploads\/2024\/05\/Collector-gen2-for-B-R-series-01.png","datePublished":"2024-05-28T07:04:25+00:00","dateModified":"2025-08-18T12:07:17+00:00","description":"La serie B\/R Gen2 es un accesorio de las cizallas para \u00e1rboles dise\u00f1ado para mejorar la productividad y reducir el tiempo de trabajo.","breadcrumb":{"@id":"https:\/\/jak.fi\/es\/productos\/accesorios-para-cucharas-de-energia\/colector-a-granel-gen2-serie-b-r\/#breadcrumb"},"inLanguage":"es","potentialAction":[{"@type":"ReadAction","target":["https:\/\/jak.fi\/es\/productos\/accesorios-para-cucharas-de-energia\/colector-a-granel-gen2-serie-b-r\/"]}]},{"@type":"ImageObject","inLanguage":"es","@id":"https:\/\/jak.fi\/es\/productos\/accesorios-para-cucharas-de-energia\/colector-a-granel-gen2-serie-b-r\/#primaryimage","url":"https:\/\/jak.fi\/wp-content\/uploads\/2024\/05\/Collector-gen2-for-B-R-series-01.png","contentUrl":"https:\/\/jak.fi\/wp-content\/uploads\/2024\/05\/Collector-gen2-for-B-R-series-01.png","width":1000,"height":667,"caption":"JAK colector de cizallas para \u00e1rboles - limpieza eficaz."},{"@type":"BreadcrumbList","@id":"https:\/\/jak.fi\/es\/productos\/accesorios-para-cucharas-de-energia\/colector-a-granel-gen2-serie-b-r\/#breadcrumb","itemListElement":[{"@type":"ListItem","position":1,"name":"Etusivu","item":"https:\/\/jak.fi\/es\/"},{"@type":"ListItem","position":2,"name":"Productos","item":"https:\/\/jak.fi\/es\/productos\/"},{"@type":"ListItem","position":3,"name":"Colector a granel Gen2 Serie B\/R"}]},{"@type":"WebSite","@id":"https:\/\/jak.fi\/es\/#website","url":"https:\/\/jak.fi\/es\/","name":"JAK-Metalli Oy","description":"","publisher":{"@id":"https:\/\/jak.fi\/es\/#organization"},"alternateName":"JAK Tree shears","potentialAction":[{"@type":"SearchAction","target":{"@type":"EntryPoint","urlTemplate":"https:\/\/jak.fi\/es\/?s={search_term_string}"},"query-input":{"@type":"PropertyValueSpecification","valueRequired":true,"valueName":"search_term_string"}}],"inLanguage":"es"},{"@type":"Organization","@id":"https:\/\/jak.fi\/es\/#organization","name":"JAK-Metalli Oy","alternateName":"JAK Tree shears","url":"https:\/\/jak.fi\/es\/","logo":{"@type":"ImageObject","inLanguage":"es","@id":"https:\/\/jak.fi\/es\/#\/schema\/logo\/image\/","url":"https:\/\/jak.fi\/wp-content\/uploads\/2024\/09\/JAK-logo-696x696-1.jpg","contentUrl":"https:\/\/jak.fi\/wp-content\/uploads\/2024\/09\/JAK-logo-696x696-1.jpg","width":696,"height":696,"caption":"JAK-Metalli Oy"},"image":{"@id":"https:\/\/jak.fi\/es\/#\/schema\/logo\/image\/"},"sameAs":["https:\/\/www.facebook.com\/jaktreeshears","https:\/\/www.instagram.com\/jaktreeshears\/","https:\/\/www.youtube.com\/channel\/UCAwvaVhBBkPie8MeAGbdY1w"]}]}},"_links":{"self":[{"href":"https:\/\/jak.fi\/es\/wp-json\/wp\/v2\/product\/4840","targetHints":{"allow":["GET"]}}],"collection":[{"href":"https:\/\/jak.fi\/es\/wp-json\/wp\/v2\/product"}],"about":[{"href":"https:\/\/jak.fi\/es\/wp-json\/wp\/v2\/types\/product"}],"wp:featuredmedia":[{"embeddable":true,"href":"https:\/\/jak.fi\/es\/wp-json\/wp\/v2\/media\/4842"}],"wp:attachment":[{"href":"https:\/\/jak.fi\/es\/wp-json\/wp\/v2\/media?parent=4840"}],"wp:term":[{"taxonomy":"product_brand","embeddable":true,"href":"https:\/\/jak.fi\/es\/wp-json\/wp\/v2\/product_brand?post=4840"},{"taxonomy":"product_cat","embeddable":true,"href":"https:\/\/jak.fi\/es\/wp-json\/wp\/v2\/product_cat?post=4840"},{"taxonomy":"product_tag","embeddable":true,"href":"https:\/\/jak.fi\/es\/wp-json\/wp\/v2\/product_tag?post=4840"}],"curies":[{"name":"wp","href":"https:\/\/api.w.org\/{rel}","templated":true}]}}