{"id":4846,"date":"2024-05-28T10:03:49","date_gmt":"2024-05-28T07:03:49","guid":{"rendered":"https:\/\/jak.fi\/products\/sin%20categor\u00eda\/sistema-giratorio-de-360\/"},"modified":"2025-11-25T13:23:35","modified_gmt":"2025-11-25T10:23:35","slug":"sistema-giratorio-de-360","status":"publish","type":"product","link":"https:\/\/jak.fi\/es\/productos\/accesorios-para-cucharas-de-energia\/sistema-giratorio-de-360\/","title":{"rendered":"Sistema giratorio de 360"},"content":{"rendered":"<h3 data-start=\"0\" data-end=\"105\">Sistema de rotaci\u00f3n de 360\u00b0 para cizallas para \u00e1rboles JAK: rotaci\u00f3n ilimitada, m\u00e1s alcance y eficacia<\/h3>\n<p data-start=\"107\" data-end=\"530\">El Sistema de rotaci\u00f3n de 360\u00b0 JAK es un accesorio dise\u00f1ado para las cizallas para \u00e1rboles de la serie R, que se instala entre la cuchara y la parte trasera. El sistema permite una rotaci\u00f3n ilimitada de 360\u00b0 en ambas direcciones a lo largo del eje del cuerpo de la cuchara. El sistema rotador incluye una unidad de casquillo duradera y un rotador, que permite que el sistema hidr\u00e1ulico funcione de forma fiable incluso en rotaci\u00f3n continua.  <\/p>\n<h4 data-start=\"532\" data-end=\"577\">\u00bfPor qu\u00e9 elegir el sistema Rotador 360\u00b0?<\/h4>\n<ul data-start=\"578\" data-end=\"1299\">\n<li data-start=\"578\" data-end=\"769\">\n<p data-start=\"580\" data-end=\"769\"><strong data-start=\"580\" data-end=\"627\">Rotaci\u00f3n sin restricciones sin retorcer<\/strong> las mangueras: el sistema hidr\u00e1ulico de las mordazas pasa a trav\u00e9s de un casquillo, por lo que la pinza puede girar sin preocuparse de retorcer o da\u00f1ar las mangueras.<\/p>\n<\/li>\n<li data-start=\"770\" data-end=\"987\">\n<p data-start=\"772\" data-end=\"987\"><strong data-start=\"772\" data-end=\"812\">Manipulaci\u00f3n de la madera m\u00e1s r\u00e1pida y controlada<\/strong>: despu\u00e9s de cortar la madera, el bastidor puede girarse y bajarse en la direcci\u00f3n deseada, por ejemplo, directamente al lado de la pila o al borde de la calzada. Esto reduce las maniobras innecesarias durante el trabajo. <\/p>\n<\/li>\n<li data-start=\"988\" data-end=\"1177\">\n<p data-start=\"990\" data-end=\"1177\"><strong data-start=\"990\" data-end=\"1033\">Mejor alcance y \u00e1ngulos de trabajo<\/strong>: la rotaci\u00f3n facilita el desbroce y la recogida de madera energ\u00e9tica, especialmente en terrenos irregulares o densos. La posici\u00f3n de trabajo es siempre \u00f3ptima. <\/p>\n<\/li>\n<li data-start=\"1178\" data-end=\"1299\">\n<p data-start=\"1180\" data-end=\"1299\"><strong data-start=\"1180\" data-end=\"1207\">Mayor productividad<\/strong>: cuando la pinza gira r\u00e1pidamente a la posici\u00f3n correcta, el ciclo de trabajo es m\u00e1s r\u00e1pido y la m\u00e1quina es m\u00e1s eficiente.<\/p>\n<\/li>\n<\/ul>\n<h4 data-start=\"1301\" data-end=\"1319\">Lugares de uso<\/h4>\n<p data-start=\"1320\" data-end=\"1374\">Por ejemplo, el sistema Rotador 360\u00b0 es una opci\u00f3n excelente:<\/p>\n<ul data-start=\"1375\" data-end=\"1627\">\n<li data-start=\"1375\" data-end=\"1425\">\n<p data-start=\"1377\" data-end=\"1425\">aprovechamiento energ\u00e9tico de la madera y peque\u00f1a transformaci\u00f3n de la madera<\/p>\n<\/li>\n<li data-start=\"1426\" data-end=\"1462\">\n<p data-start=\"1428\" data-end=\"1462\">para el aclareo y la gesti\u00f3n de viveros<\/p>\n<\/li>\n<li data-start=\"1463\" data-end=\"1522\">\n<p data-start=\"1465\" data-end=\"1522\">para limpiar los bordes de l\u00edneas el\u00e9ctricas, carreteras y campos<\/p>\n<\/li>\n<li data-start=\"1523\" data-end=\"1627\">\n<p data-start=\"1525\" data-end=\"1627\">para trabajos con excavadoras, cargadoras y retroexcavadoras en los que se requiere un control preciso de la posici\u00f3n de la pluma y la pinza<\/p>\n<\/li>\n<\/ul>\n<h4 data-start=\"1982\" data-end=\"2001\">Compatibilidad<\/h4>\n<p data-start=\"2002\" data-end=\"2175\">El sistema es compatible con las cizallas para \u00e1rboles JAK-200R, JAK-250R y JAK-300R, tanto en versi\u00f3n excavadora como para una cargadora y una retroexcavadora.<\/p>\n<p data-start=\"2177\" data-end=\"2314\">\u00bfQuieres aprovechar al m\u00e1ximo tus cizallas para \u00e1rboles? A\u00f1ade el Sistema Giratorio de 360\u00ba a tu solicitud de presupuesto y pide el modelo m\u00e1s adecuado para tu m\u00e1quina. <\/p>\n","protected":false},"excerpt":{"rendered":"<p>Sistema de rotaci\u00f3n de 360\u00b0 para cizallas para \u00e1rboles JAK: rotaci\u00f3n ilimitada, m\u00e1s alcance y eficacia El Sistema de rotaci\u00f3n de 360\u00b0 JAK es un accesorio dise\u00f1ado para las cizallas para \u00e1rboles de la serie R, que se instala entre la cuchara y la parte trasera. El sistema permite una rotaci\u00f3n ilimitada de 360\u00b0 en [&hellip;]<\/p>\n","protected":false},"featured_media":4847,"template":"","meta":{"_acf_changed":false},"product_brand":[],"product_cat":[581],"product_tag":[],"class_list":{"0":"post-4846","1":"product","2":"type-product","3":"status-publish","4":"has-post-thumbnail","6":"product_cat-accesorios-para-cucharas-de-energia","8":"first","9":"instock","10":"shipping-taxable","11":"product-type-simple"},"acf":[],"yoast_head":"<!-- This site is optimized with the Yoast SEO plugin v27.3 - https:\/\/yoast.com\/product\/yoast-seo-wordpress\/ -->\n<title>Sistema giratorio de 360 &#8211; JAK-Metalli Oy<\/title>\n<meta name=\"description\" content=\"El Sistema Giratorio de 360\u00b0 es un accesorio que puede instalarse entre la cuchara y la parte trasera para permitir una rotaci\u00f3n ilimitada de las cizallas para \u00e1rboles.\" \/>\n<meta name=\"robots\" content=\"index, follow, max-snippet:-1, max-image-preview:large, max-video-preview:-1\" \/>\n<link rel=\"canonical\" href=\"https:\/\/jak.fi\/es\/productos\/accesorios-para-cucharas-de-energia\/sistema-giratorio-de-360\/\" \/>\n<meta property=\"og:locale\" content=\"es_ES\" \/>\n<meta property=\"og:type\" content=\"article\" \/>\n<meta property=\"og:title\" content=\"Sistema giratorio de 360 &#8211; JAK-Metalli Oy\" \/>\n<meta property=\"og:description\" content=\"El Sistema Giratorio de 360\u00b0 es un accesorio que puede instalarse entre la cuchara y la parte trasera para permitir una rotaci\u00f3n ilimitada de las cizallas para \u00e1rboles.\" \/>\n<meta property=\"og:url\" content=\"https:\/\/jak.fi\/es\/productos\/accesorios-para-cucharas-de-energia\/sistema-giratorio-de-360\/\" \/>\n<meta property=\"og:site_name\" content=\"JAK-Metalli Oy\" \/>\n<meta property=\"article:publisher\" content=\"https:\/\/www.facebook.com\/jaktreeshears\" \/>\n<meta property=\"article:modified_time\" content=\"2025-11-25T10:23:35+00:00\" \/>\n<meta property=\"og:image\" content=\"https:\/\/jak.fi\/wp-content\/uploads\/2024\/05\/jak-200r-for-excavator-rotator.png\" \/>\n\t<meta property=\"og:image:width\" content=\"1000\" \/>\n\t<meta property=\"og:image:height\" content=\"666\" \/>\n\t<meta property=\"og:image:type\" content=\"image\/png\" \/>\n<meta name=\"twitter:card\" content=\"summary_large_image\" \/>\n<meta name=\"twitter:label1\" content=\"Tiempo de lectura\" \/>\n\t<meta name=\"twitter:data1\" content=\"2 minuto\" \/>\n<script type=\"application\/ld+json\" class=\"yoast-schema-graph\">{\"@context\":\"https:\\\/\\\/schema.org\",\"@graph\":[{\"@type\":\"WebPage\",\"@id\":\"https:\\\/\\\/jak.fi\\\/es\\\/productos\\\/accesorios-para-cucharas-de-energia\\\/sistema-giratorio-de-360\\\/\",\"url\":\"https:\\\/\\\/jak.fi\\\/es\\\/productos\\\/accesorios-para-cucharas-de-energia\\\/sistema-giratorio-de-360\\\/\",\"name\":\"Sistema giratorio de 360 &#8211; JAK-Metalli Oy\",\"isPartOf\":{\"@id\":\"https:\\\/\\\/jak.fi\\\/es\\\/#website\"},\"primaryImageOfPage\":{\"@id\":\"https:\\\/\\\/jak.fi\\\/es\\\/productos\\\/accesorios-para-cucharas-de-energia\\\/sistema-giratorio-de-360\\\/#primaryimage\"},\"image\":{\"@id\":\"https:\\\/\\\/jak.fi\\\/es\\\/productos\\\/accesorios-para-cucharas-de-energia\\\/sistema-giratorio-de-360\\\/#primaryimage\"},\"thumbnailUrl\":\"https:\\\/\\\/jak.fi\\\/wp-content\\\/uploads\\\/2024\\\/05\\\/jak-200r-for-excavator-rotator.png\",\"datePublished\":\"2024-05-28T07:03:49+00:00\",\"dateModified\":\"2025-11-25T10:23:35+00:00\",\"description\":\"El Sistema Giratorio de 360\u00b0 es un accesorio que puede instalarse entre la cuchara y la parte trasera para permitir una rotaci\u00f3n ilimitada de las cizallas para \u00e1rboles.\",\"breadcrumb\":{\"@id\":\"https:\\\/\\\/jak.fi\\\/es\\\/productos\\\/accesorios-para-cucharas-de-energia\\\/sistema-giratorio-de-360\\\/#breadcrumb\"},\"inLanguage\":\"es\",\"potentialAction\":[{\"@type\":\"ReadAction\",\"target\":[\"https:\\\/\\\/jak.fi\\\/es\\\/productos\\\/accesorios-para-cucharas-de-energia\\\/sistema-giratorio-de-360\\\/\"]}]},{\"@type\":\"ImageObject\",\"inLanguage\":\"es\",\"@id\":\"https:\\\/\\\/jak.fi\\\/es\\\/productos\\\/accesorios-para-cucharas-de-energia\\\/sistema-giratorio-de-360\\\/#primaryimage\",\"url\":\"https:\\\/\\\/jak.fi\\\/wp-content\\\/uploads\\\/2024\\\/05\\\/jak-200r-for-excavator-rotator.png\",\"contentUrl\":\"https:\\\/\\\/jak.fi\\\/wp-content\\\/uploads\\\/2024\\\/05\\\/jak-200r-for-excavator-rotator.png\",\"width\":1000,\"height\":666,\"caption\":\"360 Unidad de enganche r\u00e1pido a las cizallas para \u00e1rboles\"},{\"@type\":\"BreadcrumbList\",\"@id\":\"https:\\\/\\\/jak.fi\\\/es\\\/productos\\\/accesorios-para-cucharas-de-energia\\\/sistema-giratorio-de-360\\\/#breadcrumb\",\"itemListElement\":[{\"@type\":\"ListItem\",\"position\":1,\"name\":\"Etusivu\",\"item\":\"https:\\\/\\\/jak.fi\\\/es\\\/\"},{\"@type\":\"ListItem\",\"position\":2,\"name\":\"Productos\",\"item\":\"https:\\\/\\\/jak.fi\\\/es\\\/productos\\\/\"},{\"@type\":\"ListItem\",\"position\":3,\"name\":\"Sistema giratorio de 360\"}]},{\"@type\":\"WebSite\",\"@id\":\"https:\\\/\\\/jak.fi\\\/es\\\/#website\",\"url\":\"https:\\\/\\\/jak.fi\\\/es\\\/\",\"name\":\"JAK-Metalli Oy\",\"description\":\"\",\"publisher\":{\"@id\":\"https:\\\/\\\/jak.fi\\\/es\\\/#organization\"},\"alternateName\":\"JAK Tree shears\",\"potentialAction\":[{\"@type\":\"SearchAction\",\"target\":{\"@type\":\"EntryPoint\",\"urlTemplate\":\"https:\\\/\\\/jak.fi\\\/es\\\/?s={search_term_string}\"},\"query-input\":{\"@type\":\"PropertyValueSpecification\",\"valueRequired\":true,\"valueName\":\"search_term_string\"}}],\"inLanguage\":\"es\"},{\"@type\":\"Organization\",\"@id\":\"https:\\\/\\\/jak.fi\\\/es\\\/#organization\",\"name\":\"JAK-Metalli Oy\",\"alternateName\":\"JAK Tree shears\",\"url\":\"https:\\\/\\\/jak.fi\\\/es\\\/\",\"logo\":{\"@type\":\"ImageObject\",\"inLanguage\":\"es\",\"@id\":\"https:\\\/\\\/jak.fi\\\/es\\\/#\\\/schema\\\/logo\\\/image\\\/\",\"url\":\"https:\\\/\\\/jak.fi\\\/wp-content\\\/uploads\\\/2024\\\/09\\\/JAK-logo-696x696-1.jpg\",\"contentUrl\":\"https:\\\/\\\/jak.fi\\\/wp-content\\\/uploads\\\/2024\\\/09\\\/JAK-logo-696x696-1.jpg\",\"width\":696,\"height\":696,\"caption\":\"JAK-Metalli Oy\"},\"image\":{\"@id\":\"https:\\\/\\\/jak.fi\\\/es\\\/#\\\/schema\\\/logo\\\/image\\\/\"},\"sameAs\":[\"https:\\\/\\\/www.facebook.com\\\/jaktreeshears\",\"https:\\\/\\\/www.instagram.com\\\/jaktreeshears\\\/\",\"https:\\\/\\\/www.youtube.com\\\/channel\\\/UCAwvaVhBBkPie8MeAGbdY1w\"]}]}<\/script>\n<!-- \/ Yoast SEO plugin. -->","yoast_head_json":{"title":"Sistema giratorio de 360 &#8211; JAK-Metalli Oy","description":"El Sistema Giratorio de 360\u00b0 es un accesorio que puede instalarse entre la cuchara y la parte trasera para permitir una rotaci\u00f3n ilimitada de las cizallas para \u00e1rboles.","robots":{"index":"index","follow":"follow","max-snippet":"max-snippet:-1","max-image-preview":"max-image-preview:large","max-video-preview":"max-video-preview:-1"},"canonical":"https:\/\/jak.fi\/es\/productos\/accesorios-para-cucharas-de-energia\/sistema-giratorio-de-360\/","og_locale":"es_ES","og_type":"article","og_title":"Sistema giratorio de 360 &#8211; JAK-Metalli Oy","og_description":"El Sistema Giratorio de 360\u00b0 es un accesorio que puede instalarse entre la cuchara y la parte trasera para permitir una rotaci\u00f3n ilimitada de las cizallas para \u00e1rboles.","og_url":"https:\/\/jak.fi\/es\/productos\/accesorios-para-cucharas-de-energia\/sistema-giratorio-de-360\/","og_site_name":"JAK-Metalli Oy","article_publisher":"https:\/\/www.facebook.com\/jaktreeshears","article_modified_time":"2025-11-25T10:23:35+00:00","og_image":[{"width":1000,"height":666,"url":"https:\/\/jak.fi\/wp-content\/uploads\/2024\/05\/jak-200r-for-excavator-rotator.png","type":"image\/png"}],"twitter_card":"summary_large_image","twitter_misc":{"Tiempo de lectura":"2 minuto"},"schema":{"@context":"https:\/\/schema.org","@graph":[{"@type":"WebPage","@id":"https:\/\/jak.fi\/es\/productos\/accesorios-para-cucharas-de-energia\/sistema-giratorio-de-360\/","url":"https:\/\/jak.fi\/es\/productos\/accesorios-para-cucharas-de-energia\/sistema-giratorio-de-360\/","name":"Sistema giratorio de 360 &#8211; JAK-Metalli Oy","isPartOf":{"@id":"https:\/\/jak.fi\/es\/#website"},"primaryImageOfPage":{"@id":"https:\/\/jak.fi\/es\/productos\/accesorios-para-cucharas-de-energia\/sistema-giratorio-de-360\/#primaryimage"},"image":{"@id":"https:\/\/jak.fi\/es\/productos\/accesorios-para-cucharas-de-energia\/sistema-giratorio-de-360\/#primaryimage"},"thumbnailUrl":"https:\/\/jak.fi\/wp-content\/uploads\/2024\/05\/jak-200r-for-excavator-rotator.png","datePublished":"2024-05-28T07:03:49+00:00","dateModified":"2025-11-25T10:23:35+00:00","description":"El Sistema Giratorio de 360\u00b0 es un accesorio que puede instalarse entre la cuchara y la parte trasera para permitir una rotaci\u00f3n ilimitada de las cizallas para \u00e1rboles.","breadcrumb":{"@id":"https:\/\/jak.fi\/es\/productos\/accesorios-para-cucharas-de-energia\/sistema-giratorio-de-360\/#breadcrumb"},"inLanguage":"es","potentialAction":[{"@type":"ReadAction","target":["https:\/\/jak.fi\/es\/productos\/accesorios-para-cucharas-de-energia\/sistema-giratorio-de-360\/"]}]},{"@type":"ImageObject","inLanguage":"es","@id":"https:\/\/jak.fi\/es\/productos\/accesorios-para-cucharas-de-energia\/sistema-giratorio-de-360\/#primaryimage","url":"https:\/\/jak.fi\/wp-content\/uploads\/2024\/05\/jak-200r-for-excavator-rotator.png","contentUrl":"https:\/\/jak.fi\/wp-content\/uploads\/2024\/05\/jak-200r-for-excavator-rotator.png","width":1000,"height":666,"caption":"360 Unidad de enganche r\u00e1pido a las cizallas para \u00e1rboles"},{"@type":"BreadcrumbList","@id":"https:\/\/jak.fi\/es\/productos\/accesorios-para-cucharas-de-energia\/sistema-giratorio-de-360\/#breadcrumb","itemListElement":[{"@type":"ListItem","position":1,"name":"Etusivu","item":"https:\/\/jak.fi\/es\/"},{"@type":"ListItem","position":2,"name":"Productos","item":"https:\/\/jak.fi\/es\/productos\/"},{"@type":"ListItem","position":3,"name":"Sistema giratorio de 360"}]},{"@type":"WebSite","@id":"https:\/\/jak.fi\/es\/#website","url":"https:\/\/jak.fi\/es\/","name":"JAK-Metalli Oy","description":"","publisher":{"@id":"https:\/\/jak.fi\/es\/#organization"},"alternateName":"JAK Tree shears","potentialAction":[{"@type":"SearchAction","target":{"@type":"EntryPoint","urlTemplate":"https:\/\/jak.fi\/es\/?s={search_term_string}"},"query-input":{"@type":"PropertyValueSpecification","valueRequired":true,"valueName":"search_term_string"}}],"inLanguage":"es"},{"@type":"Organization","@id":"https:\/\/jak.fi\/es\/#organization","name":"JAK-Metalli Oy","alternateName":"JAK Tree shears","url":"https:\/\/jak.fi\/es\/","logo":{"@type":"ImageObject","inLanguage":"es","@id":"https:\/\/jak.fi\/es\/#\/schema\/logo\/image\/","url":"https:\/\/jak.fi\/wp-content\/uploads\/2024\/09\/JAK-logo-696x696-1.jpg","contentUrl":"https:\/\/jak.fi\/wp-content\/uploads\/2024\/09\/JAK-logo-696x696-1.jpg","width":696,"height":696,"caption":"JAK-Metalli Oy"},"image":{"@id":"https:\/\/jak.fi\/es\/#\/schema\/logo\/image\/"},"sameAs":["https:\/\/www.facebook.com\/jaktreeshears","https:\/\/www.instagram.com\/jaktreeshears\/","https:\/\/www.youtube.com\/channel\/UCAwvaVhBBkPie8MeAGbdY1w"]}]}},"_links":{"self":[{"href":"https:\/\/jak.fi\/es\/wp-json\/wp\/v2\/product\/4846","targetHints":{"allow":["GET"]}}],"collection":[{"href":"https:\/\/jak.fi\/es\/wp-json\/wp\/v2\/product"}],"about":[{"href":"https:\/\/jak.fi\/es\/wp-json\/wp\/v2\/types\/product"}],"wp:featuredmedia":[{"embeddable":true,"href":"https:\/\/jak.fi\/es\/wp-json\/wp\/v2\/media\/4847"}],"wp:attachment":[{"href":"https:\/\/jak.fi\/es\/wp-json\/wp\/v2\/media?parent=4846"}],"wp:term":[{"taxonomy":"product_brand","embeddable":true,"href":"https:\/\/jak.fi\/es\/wp-json\/wp\/v2\/product_brand?post=4846"},{"taxonomy":"product_cat","embeddable":true,"href":"https:\/\/jak.fi\/es\/wp-json\/wp\/v2\/product_cat?post=4846"},{"taxonomy":"product_tag","embeddable":true,"href":"https:\/\/jak.fi\/es\/wp-json\/wp\/v2\/product_tag?post=4846"}],"curies":[{"name":"wp","href":"https:\/\/api.w.org\/{rel}","templated":true}]}}