{"id":4851,"date":"2024-05-28T10:12:49","date_gmt":"2024-05-28T07:12:49","guid":{"rendered":"https:\/\/jak.fi\/products\/sin%20categor\u00eda\/sistema-hidraulico-eboost\/"},"modified":"2026-02-11T09:51:44","modified_gmt":"2026-02-11T06:51:44","slug":"sistema-hidraulico-eboost","status":"publish","type":"product","link":"https:\/\/jak.fi\/es\/productos\/accesorios-para-cucharas-de-energia\/sistema-hidraulico-eboost\/","title":{"rendered":"Sistema hidr\u00e1ulico eBoost"},"content":{"rendered":"<h2><strong>Para las cizallas para \u00e1rboles JAK de las series B y R &#8211; Consulta la calculadora para ver los beneficios de eBoost.<\/strong><\/h2>\n<p>El sistema hidr\u00e1ulico eBoost\u00ae aumenta la velocidad de la canaleta de alimentaci\u00f3n hasta un 100% sin reducir la potencia. eBoost\u00ae tambi\u00e9n permite utilizar la canaleta de alimentaci\u00f3n en m\u00e1quinas de chasis con presiones y caudales de aceite m\u00e1s bajos. El sistema hidr\u00e1ulico eBoost\u00ae permite utilizar la canaleta de alimentaci\u00f3n a trav\u00e9s del transportador de cangilones sin perder velocidad ni potencia. Este sistema hidr\u00e1ulico patentado y \u00fanico es completamente diferente en funcionamiento, disponibilidad y fiabilidad de los m\u00e9todos conocidos hasta ahora.<\/p>\n<p><strong>Sistema hidr\u00e1ulico eBoost\u00ae:<\/strong><\/p>\n<ul>\n<li>M\u00e1s r\u00e1pido\n<ul>\n<li>Acelera el rendimiento del producto hasta un 100%<\/li>\n<\/ul>\n<\/li>\n<li>M\u00e1s potente\n<ul>\n<li>Permite el uso de cilindros m\u00e1s grandes sin comprometer la velocidad.<\/li>\n<li>Util\u00edzalo a trav\u00e9s de un transportador de cangilones o en m\u00e1quinas de baja presi\u00f3n sin reducci\u00f3n de potencia.<\/li>\n<\/ul>\n<\/li>\n<li>M\u00e1s eficiente\n<ul>\n<li>Reduce el consumo de combustible.<\/li>\n<\/ul>\n<\/li>\n<li>Mayor seguridad\n<ul>\n<li>Permite un mejor control del \u00e1rbol durante el corte gracias a movimientos m\u00e1s r\u00e1pidos y precisos.<\/li>\n<\/ul>\n<\/li>\n<li>M\u00e1s duradero\n<ul>\n<li>Protege el sistema hidr\u00e1ulico al reducir los golpes de ariete, prolongando la vida \u00fatil del equipo.<\/li>\n<\/ul>\n<\/li>\n<\/ul>\n<div class=\"wp-block-button\"><a class=\"wp-block-button__link has-text-align-center wp-element-button\" href=\"https:\/\/eboost.fi\/\" target=\"_blank\" rel=\"noopener\">Leer m\u00e1s<\/a><\/div>\n","protected":false},"excerpt":{"rendered":"<p>Para las cizallas para \u00e1rboles JAK de las series B y R &#8211; Consulta la calculadora para ver los beneficios de eBoost. El sistema hidr\u00e1ulico eBoost\u00ae aumenta la velocidad de la canaleta de alimentaci\u00f3n hasta un 100% sin reducir la potencia. eBoost\u00ae tambi\u00e9n permite utilizar la canaleta de alimentaci\u00f3n en m\u00e1quinas de chasis con presiones [&hellip;]<\/p>\n","protected":false},"featured_media":7657,"template":"","meta":{"_acf_changed":false},"product_brand":[],"product_cat":[581],"product_tag":[],"class_list":{"0":"post-4851","1":"product","2":"type-product","3":"status-publish","4":"has-post-thumbnail","6":"product_cat-accesorios-para-cucharas-de-energia","8":"first","9":"instock","10":"shipping-taxable","11":"product-type-simple"},"acf":[],"yoast_head":"<!-- This site is optimized with the Yoast SEO plugin v27.2 - https:\/\/yoast.com\/product\/yoast-seo-wordpress\/ -->\n<title>Sistema hidr\u00e1ulico eBoost &#8211; JAK-Metalli Oy<\/title>\n<meta name=\"description\" content=\"El sistema hidr\u00e1ulico eBoost aumenta la velocidad de la cizalla para \u00e1rboles hasta en un 100 % sin reducir la potencia. M\u00e1s r\u00e1pido, m\u00e1s potente y m\u00e1s eficiente.\" \/>\n<meta name=\"robots\" content=\"index, follow, max-snippet:-1, max-image-preview:large, max-video-preview:-1\" \/>\n<link rel=\"canonical\" href=\"https:\/\/jak.fi\/es\/productos\/accesorios-para-cucharas-de-energia\/sistema-hidraulico-eboost\/\" \/>\n<meta property=\"og:locale\" content=\"es_ES\" \/>\n<meta property=\"og:type\" content=\"article\" \/>\n<meta property=\"og:title\" content=\"Sistema hidr\u00e1ulico eBoost &#8211; JAK-Metalli Oy\" \/>\n<meta property=\"og:description\" content=\"El sistema hidr\u00e1ulico eBoost aumenta la velocidad de la cizalla para \u00e1rboles hasta en un 100 % sin reducir la potencia. M\u00e1s r\u00e1pido, m\u00e1s potente y m\u00e1s eficiente.\" \/>\n<meta property=\"og:url\" content=\"https:\/\/jak.fi\/es\/productos\/accesorios-para-cucharas-de-energia\/sistema-hidraulico-eboost\/\" \/>\n<meta property=\"og:site_name\" content=\"JAK-Metalli Oy\" \/>\n<meta property=\"article:publisher\" content=\"https:\/\/www.facebook.com\/jaktreeshears\" \/>\n<meta property=\"article:modified_time\" content=\"2026-02-11T06:51:44+00:00\" \/>\n<meta property=\"og:image\" content=\"https:\/\/jak.fi\/wp-content\/uploads\/2024\/05\/eboost-hydraulic-system-blue-web-01.png\" \/>\n\t<meta property=\"og:image:width\" content=\"1000\" \/>\n\t<meta property=\"og:image:height\" content=\"667\" \/>\n\t<meta property=\"og:image:type\" content=\"image\/png\" \/>\n<meta name=\"twitter:card\" content=\"summary_large_image\" \/>\n<meta name=\"twitter:label1\" content=\"Tiempo de lectura\" \/>\n\t<meta name=\"twitter:data1\" content=\"2 minuto\" \/>\n<script type=\"application\/ld+json\" class=\"yoast-schema-graph\">{\"@context\":\"https:\/\/schema.org\",\"@graph\":[{\"@type\":\"WebPage\",\"@id\":\"https:\/\/jak.fi\/es\/productos\/accesorios-para-cucharas-de-energia\/sistema-hidraulico-eboost\/\",\"url\":\"https:\/\/jak.fi\/es\/productos\/accesorios-para-cucharas-de-energia\/sistema-hidraulico-eboost\/\",\"name\":\"Sistema hidr\u00e1ulico eBoost &#8211; JAK-Metalli Oy\",\"isPartOf\":{\"@id\":\"https:\/\/jak.fi\/es\/#website\"},\"primaryImageOfPage\":{\"@id\":\"https:\/\/jak.fi\/es\/productos\/accesorios-para-cucharas-de-energia\/sistema-hidraulico-eboost\/#primaryimage\"},\"image\":{\"@id\":\"https:\/\/jak.fi\/es\/productos\/accesorios-para-cucharas-de-energia\/sistema-hidraulico-eboost\/#primaryimage\"},\"thumbnailUrl\":\"https:\/\/jak.fi\/wp-content\/uploads\/2024\/05\/eboost-hydraulic-system-blue-web-01.png\",\"datePublished\":\"2024-05-28T07:12:49+00:00\",\"dateModified\":\"2026-02-11T06:51:44+00:00\",\"description\":\"El sistema hidr\u00e1ulico eBoost aumenta la velocidad de la cizalla para \u00e1rboles hasta en un 100 % sin reducir la potencia. M\u00e1s r\u00e1pido, m\u00e1s potente y m\u00e1s eficiente.\",\"breadcrumb\":{\"@id\":\"https:\/\/jak.fi\/es\/productos\/accesorios-para-cucharas-de-energia\/sistema-hidraulico-eboost\/#breadcrumb\"},\"inLanguage\":\"es\",\"potentialAction\":[{\"@type\":\"ReadAction\",\"target\":[\"https:\/\/jak.fi\/es\/productos\/accesorios-para-cucharas-de-energia\/sistema-hidraulico-eboost\/\"]}]},{\"@type\":\"ImageObject\",\"inLanguage\":\"es\",\"@id\":\"https:\/\/jak.fi\/es\/productos\/accesorios-para-cucharas-de-energia\/sistema-hidraulico-eboost\/#primaryimage\",\"url\":\"https:\/\/jak.fi\/wp-content\/uploads\/2024\/05\/eboost-hydraulic-system-blue-web-01.png\",\"contentUrl\":\"https:\/\/jak.fi\/wp-content\/uploads\/2024\/05\/eboost-hydraulic-system-blue-web-01.png\",\"width\":1000,\"height\":667,\"caption\":\"Sistema hidr\u00e1ulico eBoost: un accesorio potente y de bajo consumo para mejorar el rendimiento de las excavadoras y las excavadoras de madera energ\u00e9tica\"},{\"@type\":\"BreadcrumbList\",\"@id\":\"https:\/\/jak.fi\/es\/productos\/accesorios-para-cucharas-de-energia\/sistema-hidraulico-eboost\/#breadcrumb\",\"itemListElement\":[{\"@type\":\"ListItem\",\"position\":1,\"name\":\"Etusivu\",\"item\":\"https:\/\/jak.fi\/es\/\"},{\"@type\":\"ListItem\",\"position\":2,\"name\":\"Productos\",\"item\":\"https:\/\/jak.fi\/es\/productos\/\"},{\"@type\":\"ListItem\",\"position\":3,\"name\":\"Sistema hidr\u00e1ulico eBoost\"}]},{\"@type\":\"WebSite\",\"@id\":\"https:\/\/jak.fi\/es\/#website\",\"url\":\"https:\/\/jak.fi\/es\/\",\"name\":\"JAK-Metalli Oy\",\"description\":\"\",\"publisher\":{\"@id\":\"https:\/\/jak.fi\/es\/#organization\"},\"alternateName\":\"JAK Tree shears\",\"potentialAction\":[{\"@type\":\"SearchAction\",\"target\":{\"@type\":\"EntryPoint\",\"urlTemplate\":\"https:\/\/jak.fi\/es\/?s={search_term_string}\"},\"query-input\":{\"@type\":\"PropertyValueSpecification\",\"valueRequired\":true,\"valueName\":\"search_term_string\"}}],\"inLanguage\":\"es\"},{\"@type\":\"Organization\",\"@id\":\"https:\/\/jak.fi\/es\/#organization\",\"name\":\"JAK-Metalli Oy\",\"alternateName\":\"JAK Tree shears\",\"url\":\"https:\/\/jak.fi\/es\/\",\"logo\":{\"@type\":\"ImageObject\",\"inLanguage\":\"es\",\"@id\":\"https:\/\/jak.fi\/es\/#\/schema\/logo\/image\/\",\"url\":\"https:\/\/jak.fi\/wp-content\/uploads\/2024\/09\/JAK-logo-696x696-1.jpg\",\"contentUrl\":\"https:\/\/jak.fi\/wp-content\/uploads\/2024\/09\/JAK-logo-696x696-1.jpg\",\"width\":696,\"height\":696,\"caption\":\"JAK-Metalli Oy\"},\"image\":{\"@id\":\"https:\/\/jak.fi\/es\/#\/schema\/logo\/image\/\"},\"sameAs\":[\"https:\/\/www.facebook.com\/jaktreeshears\",\"https:\/\/www.instagram.com\/jaktreeshears\/\",\"https:\/\/www.youtube.com\/channel\/UCAwvaVhBBkPie8MeAGbdY1w\"]}]}<\/script>\n<!-- \/ Yoast SEO plugin. -->","yoast_head_json":{"title":"Sistema hidr\u00e1ulico eBoost &#8211; JAK-Metalli Oy","description":"El sistema hidr\u00e1ulico eBoost aumenta la velocidad de la cizalla para \u00e1rboles hasta en un 100 % sin reducir la potencia. M\u00e1s r\u00e1pido, m\u00e1s potente y m\u00e1s eficiente.","robots":{"index":"index","follow":"follow","max-snippet":"max-snippet:-1","max-image-preview":"max-image-preview:large","max-video-preview":"max-video-preview:-1"},"canonical":"https:\/\/jak.fi\/es\/productos\/accesorios-para-cucharas-de-energia\/sistema-hidraulico-eboost\/","og_locale":"es_ES","og_type":"article","og_title":"Sistema hidr\u00e1ulico eBoost &#8211; JAK-Metalli Oy","og_description":"El sistema hidr\u00e1ulico eBoost aumenta la velocidad de la cizalla para \u00e1rboles hasta en un 100 % sin reducir la potencia. M\u00e1s r\u00e1pido, m\u00e1s potente y m\u00e1s eficiente.","og_url":"https:\/\/jak.fi\/es\/productos\/accesorios-para-cucharas-de-energia\/sistema-hidraulico-eboost\/","og_site_name":"JAK-Metalli Oy","article_publisher":"https:\/\/www.facebook.com\/jaktreeshears","article_modified_time":"2026-02-11T06:51:44+00:00","og_image":[{"width":1000,"height":667,"url":"https:\/\/jak.fi\/wp-content\/uploads\/2024\/05\/eboost-hydraulic-system-blue-web-01.png","type":"image\/png"}],"twitter_card":"summary_large_image","twitter_misc":{"Tiempo de lectura":"2 minuto"},"schema":{"@context":"https:\/\/schema.org","@graph":[{"@type":"WebPage","@id":"https:\/\/jak.fi\/es\/productos\/accesorios-para-cucharas-de-energia\/sistema-hidraulico-eboost\/","url":"https:\/\/jak.fi\/es\/productos\/accesorios-para-cucharas-de-energia\/sistema-hidraulico-eboost\/","name":"Sistema hidr\u00e1ulico eBoost &#8211; JAK-Metalli Oy","isPartOf":{"@id":"https:\/\/jak.fi\/es\/#website"},"primaryImageOfPage":{"@id":"https:\/\/jak.fi\/es\/productos\/accesorios-para-cucharas-de-energia\/sistema-hidraulico-eboost\/#primaryimage"},"image":{"@id":"https:\/\/jak.fi\/es\/productos\/accesorios-para-cucharas-de-energia\/sistema-hidraulico-eboost\/#primaryimage"},"thumbnailUrl":"https:\/\/jak.fi\/wp-content\/uploads\/2024\/05\/eboost-hydraulic-system-blue-web-01.png","datePublished":"2024-05-28T07:12:49+00:00","dateModified":"2026-02-11T06:51:44+00:00","description":"El sistema hidr\u00e1ulico eBoost aumenta la velocidad de la cizalla para \u00e1rboles hasta en un 100 % sin reducir la potencia. M\u00e1s r\u00e1pido, m\u00e1s potente y m\u00e1s eficiente.","breadcrumb":{"@id":"https:\/\/jak.fi\/es\/productos\/accesorios-para-cucharas-de-energia\/sistema-hidraulico-eboost\/#breadcrumb"},"inLanguage":"es","potentialAction":[{"@type":"ReadAction","target":["https:\/\/jak.fi\/es\/productos\/accesorios-para-cucharas-de-energia\/sistema-hidraulico-eboost\/"]}]},{"@type":"ImageObject","inLanguage":"es","@id":"https:\/\/jak.fi\/es\/productos\/accesorios-para-cucharas-de-energia\/sistema-hidraulico-eboost\/#primaryimage","url":"https:\/\/jak.fi\/wp-content\/uploads\/2024\/05\/eboost-hydraulic-system-blue-web-01.png","contentUrl":"https:\/\/jak.fi\/wp-content\/uploads\/2024\/05\/eboost-hydraulic-system-blue-web-01.png","width":1000,"height":667,"caption":"Sistema hidr\u00e1ulico eBoost: un accesorio potente y de bajo consumo para mejorar el rendimiento de las excavadoras y las excavadoras de madera energ\u00e9tica"},{"@type":"BreadcrumbList","@id":"https:\/\/jak.fi\/es\/productos\/accesorios-para-cucharas-de-energia\/sistema-hidraulico-eboost\/#breadcrumb","itemListElement":[{"@type":"ListItem","position":1,"name":"Etusivu","item":"https:\/\/jak.fi\/es\/"},{"@type":"ListItem","position":2,"name":"Productos","item":"https:\/\/jak.fi\/es\/productos\/"},{"@type":"ListItem","position":3,"name":"Sistema hidr\u00e1ulico eBoost"}]},{"@type":"WebSite","@id":"https:\/\/jak.fi\/es\/#website","url":"https:\/\/jak.fi\/es\/","name":"JAK-Metalli Oy","description":"","publisher":{"@id":"https:\/\/jak.fi\/es\/#organization"},"alternateName":"JAK Tree shears","potentialAction":[{"@type":"SearchAction","target":{"@type":"EntryPoint","urlTemplate":"https:\/\/jak.fi\/es\/?s={search_term_string}"},"query-input":{"@type":"PropertyValueSpecification","valueRequired":true,"valueName":"search_term_string"}}],"inLanguage":"es"},{"@type":"Organization","@id":"https:\/\/jak.fi\/es\/#organization","name":"JAK-Metalli Oy","alternateName":"JAK Tree shears","url":"https:\/\/jak.fi\/es\/","logo":{"@type":"ImageObject","inLanguage":"es","@id":"https:\/\/jak.fi\/es\/#\/schema\/logo\/image\/","url":"https:\/\/jak.fi\/wp-content\/uploads\/2024\/09\/JAK-logo-696x696-1.jpg","contentUrl":"https:\/\/jak.fi\/wp-content\/uploads\/2024\/09\/JAK-logo-696x696-1.jpg","width":696,"height":696,"caption":"JAK-Metalli Oy"},"image":{"@id":"https:\/\/jak.fi\/es\/#\/schema\/logo\/image\/"},"sameAs":["https:\/\/www.facebook.com\/jaktreeshears","https:\/\/www.instagram.com\/jaktreeshears\/","https:\/\/www.youtube.com\/channel\/UCAwvaVhBBkPie8MeAGbdY1w"]}]}},"_links":{"self":[{"href":"https:\/\/jak.fi\/es\/wp-json\/wp\/v2\/product\/4851","targetHints":{"allow":["GET"]}}],"collection":[{"href":"https:\/\/jak.fi\/es\/wp-json\/wp\/v2\/product"}],"about":[{"href":"https:\/\/jak.fi\/es\/wp-json\/wp\/v2\/types\/product"}],"wp:featuredmedia":[{"embeddable":true,"href":"https:\/\/jak.fi\/es\/wp-json\/wp\/v2\/media\/7657"}],"wp:attachment":[{"href":"https:\/\/jak.fi\/es\/wp-json\/wp\/v2\/media?parent=4851"}],"wp:term":[{"taxonomy":"product_brand","embeddable":true,"href":"https:\/\/jak.fi\/es\/wp-json\/wp\/v2\/product_brand?post=4851"},{"taxonomy":"product_cat","embeddable":true,"href":"https:\/\/jak.fi\/es\/wp-json\/wp\/v2\/product_cat?post=4851"},{"taxonomy":"product_tag","embeddable":true,"href":"https:\/\/jak.fi\/es\/wp-json\/wp\/v2\/product_tag?post=4851"}],"curies":[{"name":"wp","href":"https:\/\/api.w.org\/{rel}","templated":true}]}}