{"id":4866,"date":"2024-06-03T08:49:57","date_gmt":"2024-06-03T05:49:57","guid":{"rendered":"https:\/\/jak.fi\/products\/sin%20categor\u00eda\/jak-400c-cuchara-de-energia-para-excavadora\/"},"modified":"2025-09-02T15:20:06","modified_gmt":"2025-09-02T12:20:06","slug":"jak-400c-cizalla-para-arboles-para-excavadora","status":"publish","type":"product","link":"https:\/\/jak.fi\/es\/productos\/cizalla-para-arboles-para-excavadoras\/jak-400c-cizalla-para-arboles-para-excavadora\/","title":{"rendered":"JAK-400C Cizallas para \u00e1rboles para excavadora 14-30t"},"content":{"rendered":"<h2>Cizalla para \u00e1rboles JAK-400C para excavadora<\/h2>\n<p>Cizallas para \u00e1rboles JAK-400C para excavadoras, especialmente dise\u00f1adas para excavadoras de 14-30 toneladas (30864-66138 lbs). La cuchara concentra la potencia de corte en una sola mordaza de sujeci\u00f3n, lo que permite un dise\u00f1o m\u00e1s ligero y un precio m\u00e1s bajo sin comprometer el rendimiento. Gracias a su gran tama\u00f1o, la JAK-400C corta eficazmente troncos de \u00e1rboles de hasta 400 mm de grosor, lo que la convierte en una opci\u00f3n excelente para trabajos forestales y de desbroce exigentes.<\/p>\n<p>Esta cuchara para \u00e1rboles multiusos es el resultado de un largo proceso de desarrollo e investigaci\u00f3n del producto. Durante el proceso de desarrollo, el dise\u00f1o de la cuchara se ha basado en la experiencia real de nuestra propia y s\u00f3lida experiencia en el trabajo de la madera, as\u00ed como en las ideas de los usuarios. Esta cuchara para \u00e1rboles se ha sometido a un exigente proceso de pruebas en condiciones exigentes.<\/p>\n<p>Utilizamos acero resistente al desgaste Hardox\u00ae de alta resistencia. La domesticidad y el uso de materiales de primera calidad tambi\u00e9n contribuyen a una estructura y fiabilidad capaces de soportar las situaciones y condiciones m\u00e1s duras.<\/p>\n<p>&nbsp;<\/p>\n<p><strong>Clips<\/strong><\/p>\n<p>Los implementos m\u00e1s comunes de las excavadoras<\/p>\n<p>Bajo pedido seg\u00fan el tipo de m\u00e1quina solicitada por el cliente<\/p>\n","protected":false},"excerpt":{"rendered":"<ul>\n<li>Di\u00e1metro de corte hasta 400 mm<\/li>\n<li>Disponible con una l\u00ednea hidr\u00e1ulica opcional<\/li>\n<li>De acero Hardox\u00ae resistente al desgaste<\/li>\n<li>Una alternativa m\u00e1s barata<\/li>\n<li>Certificaci\u00f3n CE<\/li>\n<li>Fabricado en Finlandia<\/li>\n<li>Cuchilla extra\u00edble<\/li>\n<\/ul>\n","protected":false},"featured_media":4868,"template":"","meta":{"_acf_changed":false},"product_brand":[],"product_cat":[582],"product_tag":[],"class_list":{"0":"post-4866","1":"product","2":"type-product","3":"status-publish","4":"has-post-thumbnail","6":"product_cat-cizalla-para-arboles-para-excavadoras","8":"first","9":"instock","10":"shipping-taxable","11":"product-type-simple"},"acf":[],"yoast_head":"<!-- This site is optimized with the Yoast SEO plugin v27.3 - https:\/\/yoast.com\/product\/yoast-seo-wordpress\/ -->\n<title>JAK-400C Cizallas para \u00e1rboles para excavadora 14-30t &#8211; JAK-Metalli Oy<\/title>\n<meta name=\"description\" content=\"JAK-400C Cizallas para \u00e1rboles para excavadoras, especialmente dise\u00f1adas para excavadoras de 14 a 30 toneladas. La cuchara concentra la potencia de corte en una sola mand\u00edbula con una mordaza de sujeci\u00f3n\" \/>\n<meta name=\"robots\" content=\"index, follow, max-snippet:-1, max-image-preview:large, max-video-preview:-1\" \/>\n<link rel=\"canonical\" href=\"https:\/\/jak.fi\/es\/productos\/cizalla-para-arboles-para-excavadoras\/jak-400c-cizalla-para-arboles-para-excavadora\/\" \/>\n<meta property=\"og:locale\" content=\"es_ES\" \/>\n<meta property=\"og:type\" content=\"article\" \/>\n<meta property=\"og:title\" content=\"JAK-400C Cizallas para \u00e1rboles para excavadora 14-30t &#8211; JAK-Metalli Oy\" \/>\n<meta property=\"og:description\" content=\"JAK-400C Cizallas para \u00e1rboles para excavadoras, especialmente dise\u00f1adas para excavadoras de 14 a 30 toneladas. La cuchara concentra la potencia de corte en una sola mand\u00edbula con una mordaza de sujeci\u00f3n\" \/>\n<meta property=\"og:url\" content=\"https:\/\/jak.fi\/es\/productos\/cizalla-para-arboles-para-excavadoras\/jak-400c-cizalla-para-arboles-para-excavadora\/\" \/>\n<meta property=\"og:site_name\" content=\"JAK-Metalli Oy\" \/>\n<meta property=\"article:publisher\" content=\"https:\/\/www.facebook.com\/jaktreeshears\" \/>\n<meta property=\"article:modified_time\" content=\"2025-09-02T12:20:06+00:00\" \/>\n<meta property=\"og:image\" content=\"https:\/\/jak.fi\/wp-content\/uploads\/2024\/06\/JAK-400C-with-collector-left-1200x861.png\" \/>\n\t<meta property=\"og:image:width\" content=\"1200\" \/>\n\t<meta property=\"og:image:height\" content=\"861\" \/>\n\t<meta property=\"og:image:type\" content=\"image\/png\" \/>\n<meta name=\"twitter:card\" content=\"summary_large_image\" \/>\n<meta name=\"twitter:label1\" content=\"Tiempo de lectura\" \/>\n\t<meta name=\"twitter:data1\" content=\"2 minuto\" \/>\n<script type=\"application\/ld+json\" class=\"yoast-schema-graph\">{\"@context\":\"https:\\\/\\\/schema.org\",\"@graph\":[{\"@type\":\"WebPage\",\"@id\":\"https:\\\/\\\/jak.fi\\\/es\\\/productos\\\/cizalla-para-arboles-para-excavadoras\\\/jak-400c-cizalla-para-arboles-para-excavadora\\\/\",\"url\":\"https:\\\/\\\/jak.fi\\\/es\\\/productos\\\/cizalla-para-arboles-para-excavadoras\\\/jak-400c-cizalla-para-arboles-para-excavadora\\\/\",\"name\":\"JAK-400C Cizallas para \u00e1rboles para excavadora 14-30t &#8211; JAK-Metalli Oy\",\"isPartOf\":{\"@id\":\"https:\\\/\\\/jak.fi\\\/es\\\/#website\"},\"primaryImageOfPage\":{\"@id\":\"https:\\\/\\\/jak.fi\\\/es\\\/productos\\\/cizalla-para-arboles-para-excavadoras\\\/jak-400c-cizalla-para-arboles-para-excavadora\\\/#primaryimage\"},\"image\":{\"@id\":\"https:\\\/\\\/jak.fi\\\/es\\\/productos\\\/cizalla-para-arboles-para-excavadoras\\\/jak-400c-cizalla-para-arboles-para-excavadora\\\/#primaryimage\"},\"thumbnailUrl\":\"https:\\\/\\\/jak.fi\\\/wp-content\\\/uploads\\\/2024\\\/06\\\/JAK-400C-with-collector-left.png\",\"datePublished\":\"2024-06-03T05:49:57+00:00\",\"dateModified\":\"2025-09-02T12:20:06+00:00\",\"description\":\"JAK-400C Cizallas para \u00e1rboles para excavadoras, especialmente dise\u00f1adas para excavadoras de 14 a 30 toneladas. La cuchara concentra la potencia de corte en una sola mand\u00edbula con una mordaza de sujeci\u00f3n\",\"breadcrumb\":{\"@id\":\"https:\\\/\\\/jak.fi\\\/es\\\/productos\\\/cizalla-para-arboles-para-excavadoras\\\/jak-400c-cizalla-para-arboles-para-excavadora\\\/#breadcrumb\"},\"inLanguage\":\"es\",\"potentialAction\":[{\"@type\":\"ReadAction\",\"target\":[\"https:\\\/\\\/jak.fi\\\/es\\\/productos\\\/cizalla-para-arboles-para-excavadoras\\\/jak-400c-cizalla-para-arboles-para-excavadora\\\/\"]}]},{\"@type\":\"ImageObject\",\"inLanguage\":\"es\",\"@id\":\"https:\\\/\\\/jak.fi\\\/es\\\/productos\\\/cizalla-para-arboles-para-excavadoras\\\/jak-400c-cizalla-para-arboles-para-excavadora\\\/#primaryimage\",\"url\":\"https:\\\/\\\/jak.fi\\\/wp-content\\\/uploads\\\/2024\\\/06\\\/JAK-400C-with-collector-left.png\",\"contentUrl\":\"https:\\\/\\\/jak.fi\\\/wp-content\\\/uploads\\\/2024\\\/06\\\/JAK-400C-with-collector-left.png\",\"width\":1920,\"height\":1378,\"caption\":\"Pinza para \u00e1rboles JAK-400C: una pinza para \u00e1rboles muy potente y duradera para grandes excavadoras.\"},{\"@type\":\"BreadcrumbList\",\"@id\":\"https:\\\/\\\/jak.fi\\\/es\\\/productos\\\/cizalla-para-arboles-para-excavadoras\\\/jak-400c-cizalla-para-arboles-para-excavadora\\\/#breadcrumb\",\"itemListElement\":[{\"@type\":\"ListItem\",\"position\":1,\"name\":\"Etusivu\",\"item\":\"https:\\\/\\\/jak.fi\\\/es\\\/\"},{\"@type\":\"ListItem\",\"position\":2,\"name\":\"Productos\",\"item\":\"https:\\\/\\\/jak.fi\\\/es\\\/productos\\\/\"},{\"@type\":\"ListItem\",\"position\":3,\"name\":\"JAK-400C Cizallas para \u00e1rboles para excavadora 14-30t\"}]},{\"@type\":\"WebSite\",\"@id\":\"https:\\\/\\\/jak.fi\\\/es\\\/#website\",\"url\":\"https:\\\/\\\/jak.fi\\\/es\\\/\",\"name\":\"JAK-Metalli Oy\",\"description\":\"\",\"publisher\":{\"@id\":\"https:\\\/\\\/jak.fi\\\/es\\\/#organization\"},\"alternateName\":\"JAK Tree shears\",\"potentialAction\":[{\"@type\":\"SearchAction\",\"target\":{\"@type\":\"EntryPoint\",\"urlTemplate\":\"https:\\\/\\\/jak.fi\\\/es\\\/?s={search_term_string}\"},\"query-input\":{\"@type\":\"PropertyValueSpecification\",\"valueRequired\":true,\"valueName\":\"search_term_string\"}}],\"inLanguage\":\"es\"},{\"@type\":\"Organization\",\"@id\":\"https:\\\/\\\/jak.fi\\\/es\\\/#organization\",\"name\":\"JAK-Metalli Oy\",\"alternateName\":\"JAK Tree shears\",\"url\":\"https:\\\/\\\/jak.fi\\\/es\\\/\",\"logo\":{\"@type\":\"ImageObject\",\"inLanguage\":\"es\",\"@id\":\"https:\\\/\\\/jak.fi\\\/es\\\/#\\\/schema\\\/logo\\\/image\\\/\",\"url\":\"https:\\\/\\\/jak.fi\\\/wp-content\\\/uploads\\\/2024\\\/09\\\/JAK-logo-696x696-1.jpg\",\"contentUrl\":\"https:\\\/\\\/jak.fi\\\/wp-content\\\/uploads\\\/2024\\\/09\\\/JAK-logo-696x696-1.jpg\",\"width\":696,\"height\":696,\"caption\":\"JAK-Metalli Oy\"},\"image\":{\"@id\":\"https:\\\/\\\/jak.fi\\\/es\\\/#\\\/schema\\\/logo\\\/image\\\/\"},\"sameAs\":[\"https:\\\/\\\/www.facebook.com\\\/jaktreeshears\",\"https:\\\/\\\/www.instagram.com\\\/jaktreeshears\\\/\",\"https:\\\/\\\/www.youtube.com\\\/channel\\\/UCAwvaVhBBkPie8MeAGbdY1w\"]}]}<\/script>\n<!-- \/ Yoast SEO plugin. -->","yoast_head_json":{"title":"JAK-400C Cizallas para \u00e1rboles para excavadora 14-30t &#8211; JAK-Metalli Oy","description":"JAK-400C Cizallas para \u00e1rboles para excavadoras, especialmente dise\u00f1adas para excavadoras de 14 a 30 toneladas. La cuchara concentra la potencia de corte en una sola mand\u00edbula con una mordaza de sujeci\u00f3n","robots":{"index":"index","follow":"follow","max-snippet":"max-snippet:-1","max-image-preview":"max-image-preview:large","max-video-preview":"max-video-preview:-1"},"canonical":"https:\/\/jak.fi\/es\/productos\/cizalla-para-arboles-para-excavadoras\/jak-400c-cizalla-para-arboles-para-excavadora\/","og_locale":"es_ES","og_type":"article","og_title":"JAK-400C Cizallas para \u00e1rboles para excavadora 14-30t &#8211; JAK-Metalli Oy","og_description":"JAK-400C Cizallas para \u00e1rboles para excavadoras, especialmente dise\u00f1adas para excavadoras de 14 a 30 toneladas. La cuchara concentra la potencia de corte en una sola mand\u00edbula con una mordaza de sujeci\u00f3n","og_url":"https:\/\/jak.fi\/es\/productos\/cizalla-para-arboles-para-excavadoras\/jak-400c-cizalla-para-arboles-para-excavadora\/","og_site_name":"JAK-Metalli Oy","article_publisher":"https:\/\/www.facebook.com\/jaktreeshears","article_modified_time":"2025-09-02T12:20:06+00:00","og_image":[{"width":1200,"height":861,"url":"https:\/\/jak.fi\/wp-content\/uploads\/2024\/06\/JAK-400C-with-collector-left-1200x861.png","type":"image\/png"}],"twitter_card":"summary_large_image","twitter_misc":{"Tiempo de lectura":"2 minuto"},"schema":{"@context":"https:\/\/schema.org","@graph":[{"@type":"WebPage","@id":"https:\/\/jak.fi\/es\/productos\/cizalla-para-arboles-para-excavadoras\/jak-400c-cizalla-para-arboles-para-excavadora\/","url":"https:\/\/jak.fi\/es\/productos\/cizalla-para-arboles-para-excavadoras\/jak-400c-cizalla-para-arboles-para-excavadora\/","name":"JAK-400C Cizallas para \u00e1rboles para excavadora 14-30t &#8211; JAK-Metalli Oy","isPartOf":{"@id":"https:\/\/jak.fi\/es\/#website"},"primaryImageOfPage":{"@id":"https:\/\/jak.fi\/es\/productos\/cizalla-para-arboles-para-excavadoras\/jak-400c-cizalla-para-arboles-para-excavadora\/#primaryimage"},"image":{"@id":"https:\/\/jak.fi\/es\/productos\/cizalla-para-arboles-para-excavadoras\/jak-400c-cizalla-para-arboles-para-excavadora\/#primaryimage"},"thumbnailUrl":"https:\/\/jak.fi\/wp-content\/uploads\/2024\/06\/JAK-400C-with-collector-left.png","datePublished":"2024-06-03T05:49:57+00:00","dateModified":"2025-09-02T12:20:06+00:00","description":"JAK-400C Cizallas para \u00e1rboles para excavadoras, especialmente dise\u00f1adas para excavadoras de 14 a 30 toneladas. La cuchara concentra la potencia de corte en una sola mand\u00edbula con una mordaza de sujeci\u00f3n","breadcrumb":{"@id":"https:\/\/jak.fi\/es\/productos\/cizalla-para-arboles-para-excavadoras\/jak-400c-cizalla-para-arboles-para-excavadora\/#breadcrumb"},"inLanguage":"es","potentialAction":[{"@type":"ReadAction","target":["https:\/\/jak.fi\/es\/productos\/cizalla-para-arboles-para-excavadoras\/jak-400c-cizalla-para-arboles-para-excavadora\/"]}]},{"@type":"ImageObject","inLanguage":"es","@id":"https:\/\/jak.fi\/es\/productos\/cizalla-para-arboles-para-excavadoras\/jak-400c-cizalla-para-arboles-para-excavadora\/#primaryimage","url":"https:\/\/jak.fi\/wp-content\/uploads\/2024\/06\/JAK-400C-with-collector-left.png","contentUrl":"https:\/\/jak.fi\/wp-content\/uploads\/2024\/06\/JAK-400C-with-collector-left.png","width":1920,"height":1378,"caption":"Pinza para \u00e1rboles JAK-400C: una pinza para \u00e1rboles muy potente y duradera para grandes excavadoras."},{"@type":"BreadcrumbList","@id":"https:\/\/jak.fi\/es\/productos\/cizalla-para-arboles-para-excavadoras\/jak-400c-cizalla-para-arboles-para-excavadora\/#breadcrumb","itemListElement":[{"@type":"ListItem","position":1,"name":"Etusivu","item":"https:\/\/jak.fi\/es\/"},{"@type":"ListItem","position":2,"name":"Productos","item":"https:\/\/jak.fi\/es\/productos\/"},{"@type":"ListItem","position":3,"name":"JAK-400C Cizallas para \u00e1rboles para excavadora 14-30t"}]},{"@type":"WebSite","@id":"https:\/\/jak.fi\/es\/#website","url":"https:\/\/jak.fi\/es\/","name":"JAK-Metalli Oy","description":"","publisher":{"@id":"https:\/\/jak.fi\/es\/#organization"},"alternateName":"JAK Tree shears","potentialAction":[{"@type":"SearchAction","target":{"@type":"EntryPoint","urlTemplate":"https:\/\/jak.fi\/es\/?s={search_term_string}"},"query-input":{"@type":"PropertyValueSpecification","valueRequired":true,"valueName":"search_term_string"}}],"inLanguage":"es"},{"@type":"Organization","@id":"https:\/\/jak.fi\/es\/#organization","name":"JAK-Metalli Oy","alternateName":"JAK Tree shears","url":"https:\/\/jak.fi\/es\/","logo":{"@type":"ImageObject","inLanguage":"es","@id":"https:\/\/jak.fi\/es\/#\/schema\/logo\/image\/","url":"https:\/\/jak.fi\/wp-content\/uploads\/2024\/09\/JAK-logo-696x696-1.jpg","contentUrl":"https:\/\/jak.fi\/wp-content\/uploads\/2024\/09\/JAK-logo-696x696-1.jpg","width":696,"height":696,"caption":"JAK-Metalli Oy"},"image":{"@id":"https:\/\/jak.fi\/es\/#\/schema\/logo\/image\/"},"sameAs":["https:\/\/www.facebook.com\/jaktreeshears","https:\/\/www.instagram.com\/jaktreeshears\/","https:\/\/www.youtube.com\/channel\/UCAwvaVhBBkPie8MeAGbdY1w"]}]}},"_links":{"self":[{"href":"https:\/\/jak.fi\/es\/wp-json\/wp\/v2\/product\/4866","targetHints":{"allow":["GET"]}}],"collection":[{"href":"https:\/\/jak.fi\/es\/wp-json\/wp\/v2\/product"}],"about":[{"href":"https:\/\/jak.fi\/es\/wp-json\/wp\/v2\/types\/product"}],"wp:featuredmedia":[{"embeddable":true,"href":"https:\/\/jak.fi\/es\/wp-json\/wp\/v2\/media\/4868"}],"wp:attachment":[{"href":"https:\/\/jak.fi\/es\/wp-json\/wp\/v2\/media?parent=4866"}],"wp:term":[{"taxonomy":"product_brand","embeddable":true,"href":"https:\/\/jak.fi\/es\/wp-json\/wp\/v2\/product_brand?post=4866"},{"taxonomy":"product_cat","embeddable":true,"href":"https:\/\/jak.fi\/es\/wp-json\/wp\/v2\/product_cat?post=4866"},{"taxonomy":"product_tag","embeddable":true,"href":"https:\/\/jak.fi\/es\/wp-json\/wp\/v2\/product_tag?post=4866"}],"curies":[{"name":"wp","href":"https:\/\/api.w.org\/{rel}","templated":true}]}}